{"id":187806,"date":"2024-06-24T16:02:00","date_gmt":"2024-06-24T14:02:00","guid":{"rendered":"https:\/\/insektenliebe.com\/shop\/produkt\/termometro-a-led-per-hobby\/"},"modified":"2026-03-03T18:49:14","modified_gmt":"2026-03-03T17:49:14","slug":"termometro-a-led-per-hobby","status":"publish","type":"product","link":"https:\/\/insektenliebe.com\/it\/shop\/prodotto\/termometro-a-led-per-hobby\/","title":{"rendered":"Termometro a LED per hobby"},"content":{"rendered":"<h3><span style=\"color: #99cc33;\"><span class=\"s1\">Termometro a LED per hobby <\/span><span class=\"s1\">- <\/span><span class=\"s1\">Montaggio senza fili direttamente sul parabrezza<\/span><\/span><\/h3>\n<p class=\"p1\"><span class=\"s1\">Il <\/span><strong><span class=\"s2\">Termometro a LED Hobby<\/span><\/strong><span class=\"s1\">  ti offre una soluzione moderna e precisa per il monitoraggio della temperatura nel terrario. Una temperatura stabile \u00e8 particolarmente importante per rettili, anfibi e invertebrati. Ecco perch\u00e9 questo termometro digitale fornisce letture esatte con una precisione di 0,1 \u00b0C.  <\/span><\/p>\n<p class=\"p1\"><span class=\"s1\">L&#8217;intervallo di misurazione da 0 a 40 \u00b0C copre in modo affidabile la maggior parte dei terrari. Puoi vedere chiaramente la temperatura sul grande display a LED. Questo ti permette di reagire rapidamente se \u00e8 necessario apportare delle modifiche. Allo stesso tempo, il display luminoso garantisce un&#8217;ottima leggibilit\u00e0 senza distrarre.   <\/span><\/p>\n<p class=\"p1\"><span class=\"s1\">L&#8217;installazione \u00e8 particolarmente semplice. Il termometro si attacca direttamente al vetro del terrario dall&#8217;esterno. Il sensore integrato misura in modo affidabile la temperatura interna, senza bisogno di cavi nel terrario. In questo modo l&#8217;allestimento \u00e8 ordinato e sicuro per i tuoi animali.   <\/span><\/p>\n<p class=\"p1\"><span class=\"s1\">Si aziona comodamente tramite un sensore tattile integrato. Un leggero tocco attiva il display in poche frazioni di secondo. Il display si spegne automaticamente dopo circa 10 secondi. In questo modo, il dispositivo risparmia energia e allo stesso tempo prolunga la durata della batteria.   <\/span><\/p>\n<p class=\"p1\"><span class=\"s1\">Quando \u00e8 spento, il <strong>termometro a LED Hobby<\/strong> ha un aspetto discreto e non invadente. Si inserisce armoniosamente nei terrari moderni senza rovinarne l&#8217;aspetto. Questo \u00e8 un grande vantaggio, soprattutto per gli eleganti terrari in vetro o di design.  <\/span><\/p>\n<p class=\"p1\"><span class=\"s1\">Rispetto ai termometri analogici, puoi beneficiare di risultati di misurazione molto pi\u00f9 precisi. Questo ti permette di controllare le zone di temperatura in modo pi\u00f9 preciso e di sostenere attivamente la salute dei tuoi animali. Il monitoraggio preciso della temperatura \u00e8 essenziale, soprattutto per le specie sensibili o durante la fase di muta e riproduzione.  <\/span><\/p>\n<p class=\"p1\"><span class=\"s1\">Con il <\/span><strong><span class=\"s2\">Termometro LED Hobby<\/span><\/strong><span class=\"s1\">  stai optando per una soluzione affidabile, moderna e facile da usare. Combina una precisa tecnologia di misurazione con un design elegante e ti assicura che il clima del tuo terrario sia sempre sotto controllo. <\/span><\/p>\n","protected":false},"excerpt":{"rendered":"<p>Termometro a LED per hobby - Montaggio senza fili direttamente sul parabrezza Il Termometro a LED Hobby ti offre una soluzione moderna e precisa per il monitoraggio della temperatura nel terrario. Una temperatura stabile \u00e8 particolarmente importante per rettili, anfibi e invertebrati. Ecco perch\u00e9 questo termometro digitale fornisce letture esatte con una precisione di 0,1 [&hellip;]<\/p>\n","protected":false},"featured_media":187808,"template":"","meta":{"_acf_changed":false},"product-supplier":[2555],"product_brand":[2739],"product_cat":[2741],"product_tag":[],"lce-checkout-addons":[],"class_list":{"0":"post-187806","1":"product","2":"type-product","3":"status-publish","4":"has-post-thumbnail","6":"product_brand-hobby-terraristica","7":"product_cat-illuminazione-e-clima","8":"product_shipping_class-equipment-shipping","10":"first","11":"instock","12":"taxable","13":"shipping-taxable","14":"purchasable","15":"product-type-simple"},"acf":[],"yoast_head":"<!-- This site is optimized with the Yoast SEO plugin v27.3 - https:\/\/yoast.com\/product\/yoast-seo-wordpress\/ -->\n<title>Termometro a LED per hobby - Insektenliebe<\/title>\n<meta name=\"description\" content=\"Acquista il termometro LED Hobby a basso costo direttamente online. Il campo di misurazione va da 0 a 40\u00b0 C con una precisione di 0,1\u00b0 C.\" \/>\n<meta name=\"robots\" content=\"index, follow, max-snippet:-1, max-image-preview:large, max-video-preview:-1\" \/>\n<link rel=\"canonical\" href=\"https:\/\/insektenliebe.com\/it\/shop\/prodotto\/termometro-a-led-per-hobby\/\" \/>\n<meta property=\"og:locale\" content=\"it_IT\" \/>\n<meta property=\"og:type\" content=\"article\" \/>\n<meta property=\"og:title\" content=\"Termometro a LED per hobby - Insektenliebe\" \/>\n<meta property=\"og:description\" content=\"Acquista il termometro LED Hobby a basso costo direttamente online. Il campo di misurazione va da 0 a 40\u00b0 C con una precisione di 0,1\u00b0 C.\" \/>\n<meta property=\"og:url\" content=\"https:\/\/insektenliebe.com\/it\/shop\/prodotto\/termometro-a-led-per-hobby\/\" \/>\n<meta property=\"og:site_name\" content=\"Insektenliebe\" \/>\n<meta property=\"article:modified_time\" content=\"2026-03-03T17:49:14+00:00\" \/>\n<meta property=\"og:image\" content=\"https:\/\/insektenliebe.com\/wp-content\/uploads\/2025\/05\/Hobby-LED-Thermometer-2-2.jpg\" \/>\n\t<meta property=\"og:image:width\" content=\"820\" \/>\n\t<meta property=\"og:image:height\" content=\"820\" \/>\n\t<meta property=\"og:image:type\" content=\"image\/jpeg\" \/>\n<meta name=\"twitter:card\" content=\"summary_large_image\" \/>\n<meta name=\"twitter:label1\" content=\"Tempo di lettura stimato\" \/>\n\t<meta name=\"twitter:data1\" content=\"2 minuto\" \/>\n<script type=\"application\/ld+json\" class=\"yoast-schema-graph\">{\"@context\":\"https:\\\/\\\/schema.org\",\"@graph\":[{\"@type\":\"WebPage\",\"@id\":\"https:\\\/\\\/insektenliebe.com\\\/it\\\/shop\\\/prodotto\\\/termometro-a-led-per-hobby\\\/\",\"url\":\"https:\\\/\\\/insektenliebe.com\\\/it\\\/shop\\\/prodotto\\\/termometro-a-led-per-hobby\\\/\",\"name\":\"Termometro a LED per hobby - Insektenliebe\",\"isPartOf\":{\"@id\":\"https:\\\/\\\/insektenliebe.com\\\/it\\\/#website\"},\"primaryImageOfPage\":{\"@id\":\"https:\\\/\\\/insektenliebe.com\\\/it\\\/shop\\\/prodotto\\\/termometro-a-led-per-hobby\\\/#primaryimage\"},\"image\":{\"@id\":\"https:\\\/\\\/insektenliebe.com\\\/it\\\/shop\\\/prodotto\\\/termometro-a-led-per-hobby\\\/#primaryimage\"},\"thumbnailUrl\":\"https:\\\/\\\/insektenliebe.com\\\/wp-content\\\/uploads\\\/2025\\\/05\\\/Hobby-LED-Thermometer-2-2.jpg\",\"datePublished\":\"2024-06-24T14:02:00+00:00\",\"dateModified\":\"2026-03-03T17:49:14+00:00\",\"description\":\"Acquista il termometro LED Hobby a basso costo direttamente online. Il campo di misurazione va da 0 a 40\u00b0 C con una precisione di 0,1\u00b0 C.\",\"breadcrumb\":{\"@id\":\"https:\\\/\\\/insektenliebe.com\\\/it\\\/shop\\\/prodotto\\\/termometro-a-led-per-hobby\\\/#breadcrumb\"},\"inLanguage\":\"it-IT\",\"potentialAction\":[{\"@type\":\"ReadAction\",\"target\":[\"https:\\\/\\\/insektenliebe.com\\\/it\\\/shop\\\/prodotto\\\/termometro-a-led-per-hobby\\\/\"]}]},{\"@type\":\"ImageObject\",\"inLanguage\":\"it-IT\",\"@id\":\"https:\\\/\\\/insektenliebe.com\\\/it\\\/shop\\\/prodotto\\\/termometro-a-led-per-hobby\\\/#primaryimage\",\"url\":\"https:\\\/\\\/insektenliebe.com\\\/wp-content\\\/uploads\\\/2025\\\/05\\\/Hobby-LED-Thermometer-2-2.jpg\",\"contentUrl\":\"https:\\\/\\\/insektenliebe.com\\\/wp-content\\\/uploads\\\/2025\\\/05\\\/Hobby-LED-Thermometer-2-2.jpg\",\"width\":820,\"height\":820,\"caption\":\"Hobby-LED-Termometro-2-2.jpg\"},{\"@type\":\"BreadcrumbList\",\"@id\":\"https:\\\/\\\/insektenliebe.com\\\/it\\\/shop\\\/prodotto\\\/termometro-a-led-per-hobby\\\/#breadcrumb\",\"itemListElement\":[{\"@type\":\"ListItem\",\"position\":1,\"name\":\"Startseite\",\"item\":\"https:\\\/\\\/insektenliebe.com\\\/it\\\/\"},{\"@type\":\"ListItem\",\"position\":2,\"name\":\"Negozio\",\"item\":\"https:\\\/\\\/insektenliebe.com\\\/it\\\/negozio\\\/\"},{\"@type\":\"ListItem\",\"position\":3,\"name\":\"Termometro a LED per hobby\"}]},{\"@type\":\"WebSite\",\"@id\":\"https:\\\/\\\/insektenliebe.com\\\/it\\\/#website\",\"url\":\"https:\\\/\\\/insektenliebe.com\\\/it\\\/\",\"name\":\"Insektenliebe\",\"description\":\"Dein Zuhause f\u00fcr die kleinen Lebewesen\",\"publisher\":{\"@id\":\"https:\\\/\\\/insektenliebe.com\\\/it\\\/#organization\"},\"potentialAction\":[{\"@type\":\"SearchAction\",\"target\":{\"@type\":\"EntryPoint\",\"urlTemplate\":\"https:\\\/\\\/insektenliebe.com\\\/it\\\/?s={search_term_string}\"},\"query-input\":{\"@type\":\"PropertyValueSpecification\",\"valueRequired\":true,\"valueName\":\"search_term_string\"}}],\"inLanguage\":\"it-IT\"},{\"@type\":\"Organization\",\"@id\":\"https:\\\/\\\/insektenliebe.com\\\/it\\\/#organization\",\"name\":\"Insektenliebe\",\"url\":\"https:\\\/\\\/insektenliebe.com\\\/it\\\/\",\"logo\":{\"@type\":\"ImageObject\",\"inLanguage\":\"it-IT\",\"@id\":\"https:\\\/\\\/insektenliebe.com\\\/it\\\/#\\\/schema\\\/logo\\\/image\\\/\",\"url\":\"https:\\\/\\\/insektenliebe.com\\\/wp-content\\\/uploads\\\/2025\\\/03\\\/logo-white.png\",\"contentUrl\":\"https:\\\/\\\/insektenliebe.com\\\/wp-content\\\/uploads\\\/2025\\\/03\\\/logo-white.png\",\"width\":288,\"height\":188,\"caption\":\"Insektenliebe\"},\"image\":{\"@id\":\"https:\\\/\\\/insektenliebe.com\\\/it\\\/#\\\/schema\\\/logo\\\/image\\\/\"}}]}<\/script>\n<!-- \/ Yoast SEO plugin. -->","yoast_head_json":{"title":"Termometro a LED per hobby - Insektenliebe","description":"Acquista il termometro LED Hobby a basso costo direttamente online. Il campo di misurazione va da 0 a 40\u00b0 C con una precisione di 0,1\u00b0 C.","robots":{"index":"index","follow":"follow","max-snippet":"max-snippet:-1","max-image-preview":"max-image-preview:large","max-video-preview":"max-video-preview:-1"},"canonical":"https:\/\/insektenliebe.com\/it\/shop\/prodotto\/termometro-a-led-per-hobby\/","og_locale":"it_IT","og_type":"article","og_title":"Termometro a LED per hobby - Insektenliebe","og_description":"Acquista il termometro LED Hobby a basso costo direttamente online. Il campo di misurazione va da 0 a 40\u00b0 C con una precisione di 0,1\u00b0 C.","og_url":"https:\/\/insektenliebe.com\/it\/shop\/prodotto\/termometro-a-led-per-hobby\/","og_site_name":"Insektenliebe","article_modified_time":"2026-03-03T17:49:14+00:00","og_image":[{"width":820,"height":820,"url":"https:\/\/insektenliebe.com\/wp-content\/uploads\/2025\/05\/Hobby-LED-Thermometer-2-2.jpg","type":"image\/jpeg"}],"twitter_card":"summary_large_image","twitter_misc":{"Tempo di lettura stimato":"2 minuto"},"schema":{"@context":"https:\/\/schema.org","@graph":[{"@type":"WebPage","@id":"https:\/\/insektenliebe.com\/it\/shop\/prodotto\/termometro-a-led-per-hobby\/","url":"https:\/\/insektenliebe.com\/it\/shop\/prodotto\/termometro-a-led-per-hobby\/","name":"Termometro a LED per hobby - Insektenliebe","isPartOf":{"@id":"https:\/\/insektenliebe.com\/it\/#website"},"primaryImageOfPage":{"@id":"https:\/\/insektenliebe.com\/it\/shop\/prodotto\/termometro-a-led-per-hobby\/#primaryimage"},"image":{"@id":"https:\/\/insektenliebe.com\/it\/shop\/prodotto\/termometro-a-led-per-hobby\/#primaryimage"},"thumbnailUrl":"https:\/\/insektenliebe.com\/wp-content\/uploads\/2025\/05\/Hobby-LED-Thermometer-2-2.jpg","datePublished":"2024-06-24T14:02:00+00:00","dateModified":"2026-03-03T17:49:14+00:00","description":"Acquista il termometro LED Hobby a basso costo direttamente online. Il campo di misurazione va da 0 a 40\u00b0 C con una precisione di 0,1\u00b0 C.","breadcrumb":{"@id":"https:\/\/insektenliebe.com\/it\/shop\/prodotto\/termometro-a-led-per-hobby\/#breadcrumb"},"inLanguage":"it-IT","potentialAction":[{"@type":"ReadAction","target":["https:\/\/insektenliebe.com\/it\/shop\/prodotto\/termometro-a-led-per-hobby\/"]}]},{"@type":"ImageObject","inLanguage":"it-IT","@id":"https:\/\/insektenliebe.com\/it\/shop\/prodotto\/termometro-a-led-per-hobby\/#primaryimage","url":"https:\/\/insektenliebe.com\/wp-content\/uploads\/2025\/05\/Hobby-LED-Thermometer-2-2.jpg","contentUrl":"https:\/\/insektenliebe.com\/wp-content\/uploads\/2025\/05\/Hobby-LED-Thermometer-2-2.jpg","width":820,"height":820,"caption":"Hobby-LED-Termometro-2-2.jpg"},{"@type":"BreadcrumbList","@id":"https:\/\/insektenliebe.com\/it\/shop\/prodotto\/termometro-a-led-per-hobby\/#breadcrumb","itemListElement":[{"@type":"ListItem","position":1,"name":"Startseite","item":"https:\/\/insektenliebe.com\/it\/"},{"@type":"ListItem","position":2,"name":"Negozio","item":"https:\/\/insektenliebe.com\/it\/negozio\/"},{"@type":"ListItem","position":3,"name":"Termometro a LED per hobby"}]},{"@type":"WebSite","@id":"https:\/\/insektenliebe.com\/it\/#website","url":"https:\/\/insektenliebe.com\/it\/","name":"Insektenliebe","description":"Dein Zuhause f\u00fcr die kleinen Lebewesen","publisher":{"@id":"https:\/\/insektenliebe.com\/it\/#organization"},"potentialAction":[{"@type":"SearchAction","target":{"@type":"EntryPoint","urlTemplate":"https:\/\/insektenliebe.com\/it\/?s={search_term_string}"},"query-input":{"@type":"PropertyValueSpecification","valueRequired":true,"valueName":"search_term_string"}}],"inLanguage":"it-IT"},{"@type":"Organization","@id":"https:\/\/insektenliebe.com\/it\/#organization","name":"Insektenliebe","url":"https:\/\/insektenliebe.com\/it\/","logo":{"@type":"ImageObject","inLanguage":"it-IT","@id":"https:\/\/insektenliebe.com\/it\/#\/schema\/logo\/image\/","url":"https:\/\/insektenliebe.com\/wp-content\/uploads\/2025\/03\/logo-white.png","contentUrl":"https:\/\/insektenliebe.com\/wp-content\/uploads\/2025\/03\/logo-white.png","width":288,"height":188,"caption":"Insektenliebe"},"image":{"@id":"https:\/\/insektenliebe.com\/it\/#\/schema\/logo\/image\/"}}]}},"_links":{"self":[{"href":"https:\/\/insektenliebe.com\/it\/wp-json\/wp\/v2\/product\/187806","targetHints":{"allow":["GET"]}}],"collection":[{"href":"https:\/\/insektenliebe.com\/it\/wp-json\/wp\/v2\/product"}],"about":[{"href":"https:\/\/insektenliebe.com\/it\/wp-json\/wp\/v2\/types\/product"}],"wp:featuredmedia":[{"embeddable":true,"href":"https:\/\/insektenliebe.com\/it\/wp-json\/wp\/v2\/media\/187808"}],"wp:attachment":[{"href":"https:\/\/insektenliebe.com\/it\/wp-json\/wp\/v2\/media?parent=187806"}],"wp:term":[{"taxonomy":"product-supplier","embeddable":true,"href":"https:\/\/insektenliebe.com\/it\/wp-json\/wp\/v2\/product-supplier?post=187806"},{"taxonomy":"product_brand","embeddable":true,"href":"https:\/\/insektenliebe.com\/it\/wp-json\/wp\/v2\/product_brand?post=187806"},{"taxonomy":"product_cat","embeddable":true,"href":"https:\/\/insektenliebe.com\/it\/wp-json\/wp\/v2\/product_cat?post=187806"},{"taxonomy":"product_tag","embeddable":true,"href":"https:\/\/insektenliebe.com\/it\/wp-json\/wp\/v2\/product_tag?post=187806"},{"taxonomy":"lce-checkout-addons","embeddable":true,"href":"https:\/\/insektenliebe.com\/it\/wp-json\/wp\/v2\/lce-checkout-addons?post=187806"}],"curies":[{"name":"wp","href":"https:\/\/api.w.org\/{rel}","templated":true}]}}