{"id":187788,"date":"2024-06-29T15:27:14","date_gmt":"2024-06-29T13:27:13","guid":{"rendered":"https:\/\/insektenliebe.com\/shop\/produkt\/perisphaerus-pygmaeus\/"},"modified":"2024-06-29T15:27:14","modified_gmt":"2024-06-29T13:27:14","slug":"perisphaerus-pygmaeus","status":"publish","type":"product","link":"https:\/\/insektenliebe.com\/it\/shop\/prodotto\/perisphaerus-pygmaeus\/","title":{"rendered":"Perisphaerus pygmaeus"},"content":{"rendered":"<p class=\"p1\">Il  <b><\/b>Il <strong>Perisphaerus pygmaeus<\/strong><b><\/b>, noto anche come scarafaggio delle pillole, \u00e8 affascinante per la sua capacit\u00e0 unica di raggomitolarsi in una piccola palla quando \u00e8 minacciato, un comportamento che condivide con le cocciniglie autoctone e che gli \u00e8 valso il soprannome. Questa specie di scarafaggio si differenzia da molte altre per la sua insolita preferenza per gli habitat pi\u00f9 elevati. Invece di prediligere il terreno, i <strong>Perisphaerus pygmaeus<\/strong> sono stati spesso osservati sui rami o sui tronchi degli alberi, dove si nutrono di linfa. Questa preferenza li rende un&#8217;interessante aggiunta ai terrari di comunit\u00e0 che ospitano anche altre specie amanti dell&#8217;arrampicata come i millepiedi.   <\/p>\n<p class=\"p1\">Per soddisfare questi istinti naturali, la corteccia di sughero offre le condizioni ideali nel terrario. Non solo permettono di arrampicarsi e nascondersi, ma simulano anche l&#8217;ambiente naturale a cui i <strong>Perisphaerus pygmaeus<\/strong> sono abituati nel loro habitat nativo. Questo incoraggia il comportamento naturale degli animali e d\u00e0 loro una sensazione di sicurezza e protezione.  <\/p>\n<p><img decoding=\"async\" src=\"https:\/\/insektenliebe.com\/wp-content\/uploads\/2024\/06\/Perisphaerus-pygmaeus-seitlich-1.jpg\" alt=\"Perisphaerus pygmaeus-laterale\"><\/p>\n<p class=\"p1\">I giovani scarafaggi di questa specie mostrano una notevole curiosit\u00e0 quando si nascondono nelle fessure della corteccia e da l\u00ec esplorano l&#8217;ambiente circostante. La loro dieta \u00e8 varia e spazia dal polline di fiori e isopodi alla frutta fresca, come banane e mele a fette. Anche le foglie da foraggio e il legno bianco marcio sono componenti importanti della loro dieta.  <\/p>\n<p class=\"p1\">La detenzione di <strong>Perisphaerus pygmaeus<\/strong> arricchisce qualsiasi collezione di animali esotici grazie al suo comportamento interessante e alla facilit\u00e0 di osservazione delle sue attivit\u00e0. Questa specie di scarafaggio non solo offre uno sguardo unico sulla complessit\u00e0 del loro stile di vita, ma \u00e8 anche uno spettacolo affascinante e suggestivo per ogni amante degli animali esotici. <\/p>\n","protected":false},"excerpt":{"rendered":"<p>Il Il Perisphaerus pygmaeus, noto anche come scarafaggio delle pillole, \u00e8 affascinante per la sua capacit\u00e0 unica di raggomitolarsi in una piccola palla quando \u00e8 minacciato, un comportamento che condivide con le cocciniglie autoctone e che gli \u00e8 valso il soprannome. Questa specie di scarafaggio si differenzia da molte altre per la sua insolita preferenza [&hellip;]<\/p>\n","protected":false},"featured_media":187789,"template":"","meta":{"_acf_changed":false},"product-supplier":[],"product_brand":[],"product_cat":[2785],"product_tag":[],"lce-checkout-addons":[2746],"class_list":{"0":"post-187788","1":"product","2":"type-product","3":"status-publish","4":"has-post-thumbnail","6":"product_cat-scarafaggi","7":"product_shipping_class-spedizione-di-animali","8":"pa_herkunft-taiwan","9":"pa_kontinent-asia","10":"lce-checkout-addons-imballaggio-invernale","12":"first","13":"outofstock","14":"taxable","15":"shipping-taxable","16":"product-type-variable"},"acf":[],"yoast_head":"<!-- This site is optimized with the Yoast SEO plugin v27.3 - https:\/\/yoast.com\/product\/yoast-seo-wordpress\/ -->\n<title>Perisphaerus pygmaeus - Insektenliebe<\/title>\n<meta name=\"description\" content=\"Acquista online lo Pseudoglomeris magnifica &quot;Scarafaggio smeraldo&quot;. Le blatte smeraldine sono tra le specie di scarafaggi pi\u00f9 belle in assoluto. Compra direttamente dall&#039;allevatore!\" \/>\n<meta name=\"robots\" content=\"index, follow, max-snippet:-1, max-image-preview:large, max-video-preview:-1\" \/>\n<link rel=\"canonical\" href=\"https:\/\/insektenliebe.com\/it\/shop\/prodotto\/perisphaerus-pygmaeus\/\" \/>\n<meta property=\"og:locale\" content=\"it_IT\" \/>\n<meta property=\"og:type\" content=\"article\" \/>\n<meta property=\"og:title\" content=\"Perisphaerus pygmaeus - Insektenliebe\" \/>\n<meta property=\"og:description\" content=\"Acquista online lo Pseudoglomeris magnifica &quot;Scarafaggio smeraldo&quot;. Le blatte smeraldine sono tra le specie di scarafaggi pi\u00f9 belle in assoluto. Compra direttamente dall&#039;allevatore!\" \/>\n<meta property=\"og:url\" content=\"https:\/\/insektenliebe.com\/it\/shop\/prodotto\/perisphaerus-pygmaeus\/\" \/>\n<meta property=\"og:site_name\" content=\"Insektenliebe\" \/>\n<meta property=\"article:modified_time\" content=\"2024-06-29T13:27:14+00:00\" \/>\n<meta property=\"og:image\" content=\"https:\/\/insektenliebe.com\/wp-content\/uploads\/2025\/05\/Perisphaerus-pygmaeus-2.jpg\" \/>\n\t<meta property=\"og:image:width\" content=\"820\" \/>\n\t<meta property=\"og:image:height\" content=\"820\" \/>\n\t<meta property=\"og:image:type\" content=\"image\/jpeg\" \/>\n<meta name=\"twitter:card\" content=\"summary_large_image\" \/>\n<meta name=\"twitter:label1\" content=\"Tempo di lettura stimato\" \/>\n\t<meta name=\"twitter:data1\" content=\"1 minuto\" \/>\n<script type=\"application\/ld+json\" class=\"yoast-schema-graph\">{\"@context\":\"https:\\\/\\\/schema.org\",\"@graph\":[{\"@type\":\"WebPage\",\"@id\":\"https:\\\/\\\/insektenliebe.com\\\/it\\\/shop\\\/prodotto\\\/perisphaerus-pygmaeus\\\/\",\"url\":\"https:\\\/\\\/insektenliebe.com\\\/it\\\/shop\\\/prodotto\\\/perisphaerus-pygmaeus\\\/\",\"name\":\"Perisphaerus pygmaeus - Insektenliebe\",\"isPartOf\":{\"@id\":\"https:\\\/\\\/insektenliebe.com\\\/it\\\/#website\"},\"primaryImageOfPage\":{\"@id\":\"https:\\\/\\\/insektenliebe.com\\\/it\\\/shop\\\/prodotto\\\/perisphaerus-pygmaeus\\\/#primaryimage\"},\"image\":{\"@id\":\"https:\\\/\\\/insektenliebe.com\\\/it\\\/shop\\\/prodotto\\\/perisphaerus-pygmaeus\\\/#primaryimage\"},\"thumbnailUrl\":\"https:\\\/\\\/insektenliebe.com\\\/wp-content\\\/uploads\\\/2025\\\/05\\\/Perisphaerus-pygmaeus-2.jpg\",\"datePublished\":\"2024-06-29T13:27:13+00:00\",\"dateModified\":\"2024-06-29T13:27:14+00:00\",\"description\":\"Acquista online lo Pseudoglomeris magnifica \\\"Scarafaggio smeraldo\\\". Le blatte smeraldine sono tra le specie di scarafaggi pi\u00f9 belle in assoluto. Compra direttamente dall'allevatore!\",\"breadcrumb\":{\"@id\":\"https:\\\/\\\/insektenliebe.com\\\/it\\\/shop\\\/prodotto\\\/perisphaerus-pygmaeus\\\/#breadcrumb\"},\"inLanguage\":\"it-IT\",\"potentialAction\":[{\"@type\":\"ReadAction\",\"target\":[\"https:\\\/\\\/insektenliebe.com\\\/it\\\/shop\\\/prodotto\\\/perisphaerus-pygmaeus\\\/\"]}]},{\"@type\":\"ImageObject\",\"inLanguage\":\"it-IT\",\"@id\":\"https:\\\/\\\/insektenliebe.com\\\/it\\\/shop\\\/prodotto\\\/perisphaerus-pygmaeus\\\/#primaryimage\",\"url\":\"https:\\\/\\\/insektenliebe.com\\\/wp-content\\\/uploads\\\/2025\\\/05\\\/Perisphaerus-pygmaeus-2.jpg\",\"contentUrl\":\"https:\\\/\\\/insektenliebe.com\\\/wp-content\\\/uploads\\\/2025\\\/05\\\/Perisphaerus-pygmaeus-2.jpg\",\"width\":820,\"height\":820,\"caption\":\"Perisphaerus-pygmaeus-2.jpg\"},{\"@type\":\"BreadcrumbList\",\"@id\":\"https:\\\/\\\/insektenliebe.com\\\/it\\\/shop\\\/prodotto\\\/perisphaerus-pygmaeus\\\/#breadcrumb\",\"itemListElement\":[{\"@type\":\"ListItem\",\"position\":1,\"name\":\"Startseite\",\"item\":\"https:\\\/\\\/insektenliebe.com\\\/it\\\/\"},{\"@type\":\"ListItem\",\"position\":2,\"name\":\"Negozio\",\"item\":\"https:\\\/\\\/insektenliebe.com\\\/it\\\/negozio\\\/\"},{\"@type\":\"ListItem\",\"position\":3,\"name\":\"Perisphaerus pygmaeus\"}]},{\"@type\":\"WebSite\",\"@id\":\"https:\\\/\\\/insektenliebe.com\\\/it\\\/#website\",\"url\":\"https:\\\/\\\/insektenliebe.com\\\/it\\\/\",\"name\":\"Insektenliebe\",\"description\":\"Dein Zuhause f\u00fcr die kleinen Lebewesen\",\"publisher\":{\"@id\":\"https:\\\/\\\/insektenliebe.com\\\/it\\\/#organization\"},\"potentialAction\":[{\"@type\":\"SearchAction\",\"target\":{\"@type\":\"EntryPoint\",\"urlTemplate\":\"https:\\\/\\\/insektenliebe.com\\\/it\\\/?s={search_term_string}\"},\"query-input\":{\"@type\":\"PropertyValueSpecification\",\"valueRequired\":true,\"valueName\":\"search_term_string\"}}],\"inLanguage\":\"it-IT\"},{\"@type\":\"Organization\",\"@id\":\"https:\\\/\\\/insektenliebe.com\\\/it\\\/#organization\",\"name\":\"Insektenliebe\",\"url\":\"https:\\\/\\\/insektenliebe.com\\\/it\\\/\",\"logo\":{\"@type\":\"ImageObject\",\"inLanguage\":\"it-IT\",\"@id\":\"https:\\\/\\\/insektenliebe.com\\\/it\\\/#\\\/schema\\\/logo\\\/image\\\/\",\"url\":\"https:\\\/\\\/insektenliebe.com\\\/wp-content\\\/uploads\\\/2025\\\/03\\\/logo-white.png\",\"contentUrl\":\"https:\\\/\\\/insektenliebe.com\\\/wp-content\\\/uploads\\\/2025\\\/03\\\/logo-white.png\",\"width\":288,\"height\":188,\"caption\":\"Insektenliebe\"},\"image\":{\"@id\":\"https:\\\/\\\/insektenliebe.com\\\/it\\\/#\\\/schema\\\/logo\\\/image\\\/\"}}]}<\/script>\n<!-- \/ Yoast SEO plugin. -->","yoast_head_json":{"title":"Perisphaerus pygmaeus - Insektenliebe","description":"Acquista online lo Pseudoglomeris magnifica \"Scarafaggio smeraldo\". Le blatte smeraldine sono tra le specie di scarafaggi pi\u00f9 belle in assoluto. Compra direttamente dall'allevatore!","robots":{"index":"index","follow":"follow","max-snippet":"max-snippet:-1","max-image-preview":"max-image-preview:large","max-video-preview":"max-video-preview:-1"},"canonical":"https:\/\/insektenliebe.com\/it\/shop\/prodotto\/perisphaerus-pygmaeus\/","og_locale":"it_IT","og_type":"article","og_title":"Perisphaerus pygmaeus - Insektenliebe","og_description":"Acquista online lo Pseudoglomeris magnifica \"Scarafaggio smeraldo\". Le blatte smeraldine sono tra le specie di scarafaggi pi\u00f9 belle in assoluto. Compra direttamente dall'allevatore!","og_url":"https:\/\/insektenliebe.com\/it\/shop\/prodotto\/perisphaerus-pygmaeus\/","og_site_name":"Insektenliebe","article_modified_time":"2024-06-29T13:27:14+00:00","og_image":[{"width":820,"height":820,"url":"https:\/\/insektenliebe.com\/wp-content\/uploads\/2025\/05\/Perisphaerus-pygmaeus-2.jpg","type":"image\/jpeg"}],"twitter_card":"summary_large_image","twitter_misc":{"Tempo di lettura stimato":"1 minuto"},"schema":{"@context":"https:\/\/schema.org","@graph":[{"@type":"WebPage","@id":"https:\/\/insektenliebe.com\/it\/shop\/prodotto\/perisphaerus-pygmaeus\/","url":"https:\/\/insektenliebe.com\/it\/shop\/prodotto\/perisphaerus-pygmaeus\/","name":"Perisphaerus pygmaeus - Insektenliebe","isPartOf":{"@id":"https:\/\/insektenliebe.com\/it\/#website"},"primaryImageOfPage":{"@id":"https:\/\/insektenliebe.com\/it\/shop\/prodotto\/perisphaerus-pygmaeus\/#primaryimage"},"image":{"@id":"https:\/\/insektenliebe.com\/it\/shop\/prodotto\/perisphaerus-pygmaeus\/#primaryimage"},"thumbnailUrl":"https:\/\/insektenliebe.com\/wp-content\/uploads\/2025\/05\/Perisphaerus-pygmaeus-2.jpg","datePublished":"2024-06-29T13:27:13+00:00","dateModified":"2024-06-29T13:27:14+00:00","description":"Acquista online lo Pseudoglomeris magnifica \"Scarafaggio smeraldo\". Le blatte smeraldine sono tra le specie di scarafaggi pi\u00f9 belle in assoluto. Compra direttamente dall'allevatore!","breadcrumb":{"@id":"https:\/\/insektenliebe.com\/it\/shop\/prodotto\/perisphaerus-pygmaeus\/#breadcrumb"},"inLanguage":"it-IT","potentialAction":[{"@type":"ReadAction","target":["https:\/\/insektenliebe.com\/it\/shop\/prodotto\/perisphaerus-pygmaeus\/"]}]},{"@type":"ImageObject","inLanguage":"it-IT","@id":"https:\/\/insektenliebe.com\/it\/shop\/prodotto\/perisphaerus-pygmaeus\/#primaryimage","url":"https:\/\/insektenliebe.com\/wp-content\/uploads\/2025\/05\/Perisphaerus-pygmaeus-2.jpg","contentUrl":"https:\/\/insektenliebe.com\/wp-content\/uploads\/2025\/05\/Perisphaerus-pygmaeus-2.jpg","width":820,"height":820,"caption":"Perisphaerus-pygmaeus-2.jpg"},{"@type":"BreadcrumbList","@id":"https:\/\/insektenliebe.com\/it\/shop\/prodotto\/perisphaerus-pygmaeus\/#breadcrumb","itemListElement":[{"@type":"ListItem","position":1,"name":"Startseite","item":"https:\/\/insektenliebe.com\/it\/"},{"@type":"ListItem","position":2,"name":"Negozio","item":"https:\/\/insektenliebe.com\/it\/negozio\/"},{"@type":"ListItem","position":3,"name":"Perisphaerus pygmaeus"}]},{"@type":"WebSite","@id":"https:\/\/insektenliebe.com\/it\/#website","url":"https:\/\/insektenliebe.com\/it\/","name":"Insektenliebe","description":"Dein Zuhause f\u00fcr die kleinen Lebewesen","publisher":{"@id":"https:\/\/insektenliebe.com\/it\/#organization"},"potentialAction":[{"@type":"SearchAction","target":{"@type":"EntryPoint","urlTemplate":"https:\/\/insektenliebe.com\/it\/?s={search_term_string}"},"query-input":{"@type":"PropertyValueSpecification","valueRequired":true,"valueName":"search_term_string"}}],"inLanguage":"it-IT"},{"@type":"Organization","@id":"https:\/\/insektenliebe.com\/it\/#organization","name":"Insektenliebe","url":"https:\/\/insektenliebe.com\/it\/","logo":{"@type":"ImageObject","inLanguage":"it-IT","@id":"https:\/\/insektenliebe.com\/it\/#\/schema\/logo\/image\/","url":"https:\/\/insektenliebe.com\/wp-content\/uploads\/2025\/03\/logo-white.png","contentUrl":"https:\/\/insektenliebe.com\/wp-content\/uploads\/2025\/03\/logo-white.png","width":288,"height":188,"caption":"Insektenliebe"},"image":{"@id":"https:\/\/insektenliebe.com\/it\/#\/schema\/logo\/image\/"}}]}},"_links":{"self":[{"href":"https:\/\/insektenliebe.com\/it\/wp-json\/wp\/v2\/product\/187788","targetHints":{"allow":["GET"]}}],"collection":[{"href":"https:\/\/insektenliebe.com\/it\/wp-json\/wp\/v2\/product"}],"about":[{"href":"https:\/\/insektenliebe.com\/it\/wp-json\/wp\/v2\/types\/product"}],"wp:featuredmedia":[{"embeddable":true,"href":"https:\/\/insektenliebe.com\/it\/wp-json\/wp\/v2\/media\/187789"}],"wp:attachment":[{"href":"https:\/\/insektenliebe.com\/it\/wp-json\/wp\/v2\/media?parent=187788"}],"wp:term":[{"taxonomy":"product-supplier","embeddable":true,"href":"https:\/\/insektenliebe.com\/it\/wp-json\/wp\/v2\/product-supplier?post=187788"},{"taxonomy":"product_brand","embeddable":true,"href":"https:\/\/insektenliebe.com\/it\/wp-json\/wp\/v2\/product_brand?post=187788"},{"taxonomy":"product_cat","embeddable":true,"href":"https:\/\/insektenliebe.com\/it\/wp-json\/wp\/v2\/product_cat?post=187788"},{"taxonomy":"product_tag","embeddable":true,"href":"https:\/\/insektenliebe.com\/it\/wp-json\/wp\/v2\/product_tag?post=187788"},{"taxonomy":"lce-checkout-addons","embeddable":true,"href":"https:\/\/insektenliebe.com\/it\/wp-json\/wp\/v2\/lce-checkout-addons?post=187788"}],"curies":[{"name":"wp","href":"https:\/\/api.w.org\/{rel}","templated":true}]}}