{"id":187787,"date":"2024-06-14T07:32:46","date_gmt":"2024-06-14T05:32:46","guid":{"rendered":"https:\/\/insektenliebe.com\/shop\/produkt\/acorus-gramineus-variegatus\/"},"modified":"2026-04-09T09:21:54","modified_gmt":"2026-04-09T07:21:54","slug":"acorus-gramineus-variegatus","status":"publish","type":"product","link":"https:\/\/insektenliebe.com\/it\/shop\/prodotto\/acorus-gramineus-variegatus\/","title":{"rendered":"Acorus gramineus \"Variegatus\""},"content":{"rendered":"<h3><span style=\"color: #99cc33;\">Acorus gramineus \"Variegatus\": la pianta palustre perfetta per il tuo terrario<\/span><\/h3>\n<div class=\"group\/conversation-turn relative flex w-full min-w-0 flex-col agent-turn\">\n<div class=\"flex-col gap-1 md:gap-3\">\n<div class=\"flex flex-grow flex-col max-w-full\">\n<div class=\"min-h- text-message flex flex-col items-start whitespace-pre-wrap break-words :mt-5 juice:w-full juice:items-end overflow-x-auto gap-2\" dir=\"auto\" data-message-author-role=\"assistant\" data-message-id=\"622823d4-6ea1-4150-9ef9-019842ccf5a1\">\n<div class=\"flex w-full flex-col gap-1 juice:empty:hidden juice:first:pt-\">\n<div class=\"markdown prose w-full break-words dark:prose-invert light\">\n<p class=\"p1\"><strong><span class=\"s1\">Acorus gramineus \"Variegatus\"<\/span><\/strong><span class=\"s2\">conosciuto anche come <\/span><span class=\"s1\">iris nano<\/span><span class=\"s2\">  \u00e8 una pianta particolarmente attraente e facile da curare per il tuo terrario. Non solo aggiunge struttura, ma anche colori freschi al tuo allestimento. <\/span><\/p>\n<p class=\"p1\"><span class=\"s2\">Le foglie, strette e a forma di spada, mostrano una suggestiva <\/span><span class=\"s1\">un sorprendente disegno verde e bianco<\/span><span class=\"s2\">Questo fa s\u00ec che la pianta catturi immediatamente l&#8217;attenzione. Allo stesso tempo, ha un aspetto molto naturale e si inserisce armoniosamente nei paesaggi umidi dei terrari. <\/span><\/p>\n<p class=\"p1\"><span class=\"s2\">Questa pianta si trova particolarmente a suo agio in <\/span><span class=\"s1\">aree umide o bagnate<\/span><span class=\"s2\">. \u00c8 quindi ideale per  <\/span><span class=\"s1\">Terrari tropicali, paludari o allestimenti con zone d&#8217;acqua<\/span><span class=\"s2\">. Allo stesso tempo, puoi anche posizionarli in modo specifico negli angoli umidi per dare maggiore struttura.<\/span><\/p>\n<p class=\"p1\"><span class=\"s2\">Grazie alla sua crescita densa <\/span><strong><span class=\"s1\">Acorus gramineus \"Variegatus\"<\/span><\/strong><span class=\"s2\"> ulteriori <\/span><span class=\"s1\">nascondigli e punti di orientamento<\/span><span class=\"s2\">  per i tuoi animali. Soprattutto i piccoli abitanti ne traggono vantaggio, in quanto possono muoversi in sicurezza tra le foglie. <\/span><\/p>\n<p class=\"p1\"><span class=\"s2\">La pianta \u00e8 anche molto <\/span><span class=\"s1\">facile da curare<\/span><span class=\"s2\">Per questo motivo \u00e8 adatto sia ai principianti che ai terrari pi\u00f9 esperti. Non c&#8217;\u00e8 bisogno di seguire complicate procedure di cura. Finch\u00e9 l&#8217;umidit\u00e0 \u00e8 adeguata, crescer\u00e0 in modo affidabile e stabile.  <\/span><\/p>\n<p class=\"p1\"><span class=\"s2\">Contribuisce inoltre a creare un <\/span><span class=\"s1\">un microclima equilibrato<\/span><span class=\"s2\">  nel terrario. Assorbe l&#8217;umidit\u00e0 e la rilascia lentamente. In questo modo, favorisce la stabilit\u00e0 dell&#8217;umidit\u00e0 e migliora le condizioni dei tuoi animali.  <\/span><\/p>\n<p class=\"p1\"><span class=\"s2\">Inoltre offre molte opzioni visive. Puoi usarli come   <\/span><span class=\"s1\">Un&#8217;attrazione in primo piano<\/span><span class=\"s2\">  oppure usali specificamente come transizione tra aree diverse. In questo modo si crea un&#8217;immagine complessiva vivace e naturale. <\/span><\/p>\n<p class=\"p1\"><span class=\"s2\">Grazie alla sua crescita compatta, \u00e8 facile da controllare e pu\u00f2 essere tagliata facilmente se necessario. Allo stesso tempo, cresce abbastanza densamente da fornire una struttura duratura. <\/span><\/p>\n<p class=\"p1\"><span class=\"s2\">Con <\/span><strong><span class=\"s1\">Acorus gramineus \"Variegatus<\/span><\/strong><span class=\"s2\">  avrai una pianta da terrario versatile che combina perfettamente funzione e aspetto. Fornisce pi\u00f9 vita, condizioni migliori e un&#8217;atmosfera molto pi\u00f9 naturale nel terrario.   <\/span><\/p>\n<\/div>\n<\/div>\n<\/div>\n<\/div>\n<\/div>\n<\/div>\n","protected":false},"excerpt":{"rendered":"<p>Acorus gramineus \"Variegatus\": la pianta palustre perfetta per il tuo terrario Acorus gramineus \"Variegatus\"conosciuto anche come iris nano \u00e8 una pianta particolarmente attraente e facile da curare per il tuo terrario. Non solo aggiunge struttura, ma anche colori freschi al tuo allestimento. Le foglie, strette e a forma di spada, mostrano una suggestiva un sorprendente [&hellip;]<\/p>\n","protected":false},"featured_media":187793,"template":"","meta":{"_acf_changed":false},"product-supplier":[],"product_brand":[],"product_cat":[3181],"product_tag":[],"lce-checkout-addons":[2746],"class_list":{"0":"post-187787","1":"product","2":"type-product","3":"status-publish","4":"has-post-thumbnail","6":"product_cat-piante-da-terrario","7":"product_shipping_class-equipment-shipping","8":"pa_herkunft-corea","9":"pa_herkunft-giappone","10":"lce-checkout-addons-imballaggio-invernale","12":"first","13":"outofstock","14":"taxable","15":"shipping-taxable","16":"purchasable","17":"product-type-simple"},"acf":[],"yoast_head":"<!-- This site is optimized with the Yoast SEO plugin v27.3 - https:\/\/yoast.com\/product\/yoast-seo-wordpress\/ -->\n<title>Acorus gramineus &quot;Variegatus&quot; - Insektenliebe<\/title>\n<meta name=\"description\" content=\"Acorus gramineus &quot;Variegatus&quot; - pianta palustre decorativa per terrari. Ideale per allestimenti umidi con una struttura naturale e un aspetto fresco.\" \/>\n<meta name=\"robots\" content=\"index, follow, max-snippet:-1, max-image-preview:large, max-video-preview:-1\" \/>\n<link rel=\"canonical\" href=\"https:\/\/insektenliebe.com\/it\/shop\/prodotto\/acorus-gramineus-variegatus\/\" \/>\n<meta property=\"og:locale\" content=\"it_IT\" \/>\n<meta property=\"og:type\" content=\"article\" \/>\n<meta property=\"og:title\" content=\"Acorus gramineus &quot;Variegatus&quot; - Insektenliebe\" \/>\n<meta property=\"og:description\" content=\"Acorus gramineus &quot;Variegatus&quot; - pianta palustre decorativa per terrari. Ideale per allestimenti umidi con una struttura naturale e un aspetto fresco.\" \/>\n<meta property=\"og:url\" content=\"https:\/\/insektenliebe.com\/it\/shop\/prodotto\/acorus-gramineus-variegatus\/\" \/>\n<meta property=\"og:site_name\" content=\"Insektenliebe\" \/>\n<meta property=\"article:modified_time\" content=\"2026-04-09T07:21:54+00:00\" \/>\n<meta property=\"og:image\" content=\"https:\/\/insektenliebe.com\/wp-content\/uploads\/2025\/05\/Acorus-gramineus-22Variegatus22-1-2.jpg\" \/>\n\t<meta property=\"og:image:width\" content=\"820\" \/>\n\t<meta property=\"og:image:height\" content=\"820\" \/>\n\t<meta property=\"og:image:type\" content=\"image\/jpeg\" \/>\n<meta name=\"twitter:card\" content=\"summary_large_image\" \/>\n<meta name=\"twitter:label1\" content=\"Tempo di lettura stimato\" \/>\n\t<meta name=\"twitter:data1\" content=\"2 minuto\" \/>\n<script type=\"application\/ld+json\" class=\"yoast-schema-graph\">{\"@context\":\"https:\\\/\\\/schema.org\",\"@graph\":[{\"@type\":\"WebPage\",\"@id\":\"https:\\\/\\\/insektenliebe.com\\\/it\\\/shop\\\/prodotto\\\/acorus-gramineus-variegatus\\\/\",\"url\":\"https:\\\/\\\/insektenliebe.com\\\/it\\\/shop\\\/prodotto\\\/acorus-gramineus-variegatus\\\/\",\"name\":\"Acorus gramineus \\\"Variegatus\\\" - Insektenliebe\",\"isPartOf\":{\"@id\":\"https:\\\/\\\/insektenliebe.com\\\/it\\\/#website\"},\"primaryImageOfPage\":{\"@id\":\"https:\\\/\\\/insektenliebe.com\\\/it\\\/shop\\\/prodotto\\\/acorus-gramineus-variegatus\\\/#primaryimage\"},\"image\":{\"@id\":\"https:\\\/\\\/insektenliebe.com\\\/it\\\/shop\\\/prodotto\\\/acorus-gramineus-variegatus\\\/#primaryimage\"},\"thumbnailUrl\":\"https:\\\/\\\/insektenliebe.com\\\/wp-content\\\/uploads\\\/2025\\\/05\\\/Acorus-gramineus-22Variegatus22-1-2.jpg\",\"datePublished\":\"2024-06-14T05:32:46+00:00\",\"dateModified\":\"2026-04-09T07:21:54+00:00\",\"description\":\"Acorus gramineus \\\"Variegatus\\\" - pianta palustre decorativa per terrari. Ideale per allestimenti umidi con una struttura naturale e un aspetto fresco.\",\"breadcrumb\":{\"@id\":\"https:\\\/\\\/insektenliebe.com\\\/it\\\/shop\\\/prodotto\\\/acorus-gramineus-variegatus\\\/#breadcrumb\"},\"inLanguage\":\"it-IT\",\"potentialAction\":[{\"@type\":\"ReadAction\",\"target\":[\"https:\\\/\\\/insektenliebe.com\\\/it\\\/shop\\\/prodotto\\\/acorus-gramineus-variegatus\\\/\"]}]},{\"@type\":\"ImageObject\",\"inLanguage\":\"it-IT\",\"@id\":\"https:\\\/\\\/insektenliebe.com\\\/it\\\/shop\\\/prodotto\\\/acorus-gramineus-variegatus\\\/#primaryimage\",\"url\":\"https:\\\/\\\/insektenliebe.com\\\/wp-content\\\/uploads\\\/2025\\\/05\\\/Acorus-gramineus-22Variegatus22-1-2.jpg\",\"contentUrl\":\"https:\\\/\\\/insektenliebe.com\\\/wp-content\\\/uploads\\\/2025\\\/05\\\/Acorus-gramineus-22Variegatus22-1-2.jpg\",\"width\":820,\"height\":820,\"caption\":\"Acorus-gramineus-22Variegatus22-1-2.jpg\"},{\"@type\":\"BreadcrumbList\",\"@id\":\"https:\\\/\\\/insektenliebe.com\\\/it\\\/shop\\\/prodotto\\\/acorus-gramineus-variegatus\\\/#breadcrumb\",\"itemListElement\":[{\"@type\":\"ListItem\",\"position\":1,\"name\":\"Startseite\",\"item\":\"https:\\\/\\\/insektenliebe.com\\\/it\\\/\"},{\"@type\":\"ListItem\",\"position\":2,\"name\":\"Negozio\",\"item\":\"https:\\\/\\\/insektenliebe.com\\\/it\\\/negozio\\\/\"},{\"@type\":\"ListItem\",\"position\":3,\"name\":\"Acorus gramineus \\\"Variegatus\\\"\"}]},{\"@type\":\"WebSite\",\"@id\":\"https:\\\/\\\/insektenliebe.com\\\/it\\\/#website\",\"url\":\"https:\\\/\\\/insektenliebe.com\\\/it\\\/\",\"name\":\"Insektenliebe\",\"description\":\"Dein Zuhause f\u00fcr die kleinen Lebewesen\",\"publisher\":{\"@id\":\"https:\\\/\\\/insektenliebe.com\\\/it\\\/#organization\"},\"potentialAction\":[{\"@type\":\"SearchAction\",\"target\":{\"@type\":\"EntryPoint\",\"urlTemplate\":\"https:\\\/\\\/insektenliebe.com\\\/it\\\/?s={search_term_string}\"},\"query-input\":{\"@type\":\"PropertyValueSpecification\",\"valueRequired\":true,\"valueName\":\"search_term_string\"}}],\"inLanguage\":\"it-IT\"},{\"@type\":\"Organization\",\"@id\":\"https:\\\/\\\/insektenliebe.com\\\/it\\\/#organization\",\"name\":\"Insektenliebe\",\"url\":\"https:\\\/\\\/insektenliebe.com\\\/it\\\/\",\"logo\":{\"@type\":\"ImageObject\",\"inLanguage\":\"it-IT\",\"@id\":\"https:\\\/\\\/insektenliebe.com\\\/it\\\/#\\\/schema\\\/logo\\\/image\\\/\",\"url\":\"https:\\\/\\\/insektenliebe.com\\\/wp-content\\\/uploads\\\/2025\\\/03\\\/logo-white.png\",\"contentUrl\":\"https:\\\/\\\/insektenliebe.com\\\/wp-content\\\/uploads\\\/2025\\\/03\\\/logo-white.png\",\"width\":288,\"height\":188,\"caption\":\"Insektenliebe\"},\"image\":{\"@id\":\"https:\\\/\\\/insektenliebe.com\\\/it\\\/#\\\/schema\\\/logo\\\/image\\\/\"}}]}<\/script>\n<!-- \/ Yoast SEO plugin. -->","yoast_head_json":{"title":"Acorus gramineus \"Variegatus\" - Insektenliebe","description":"Acorus gramineus \"Variegatus\" - pianta palustre decorativa per terrari. Ideale per allestimenti umidi con una struttura naturale e un aspetto fresco.","robots":{"index":"index","follow":"follow","max-snippet":"max-snippet:-1","max-image-preview":"max-image-preview:large","max-video-preview":"max-video-preview:-1"},"canonical":"https:\/\/insektenliebe.com\/it\/shop\/prodotto\/acorus-gramineus-variegatus\/","og_locale":"it_IT","og_type":"article","og_title":"Acorus gramineus \"Variegatus\" - Insektenliebe","og_description":"Acorus gramineus \"Variegatus\" - pianta palustre decorativa per terrari. Ideale per allestimenti umidi con una struttura naturale e un aspetto fresco.","og_url":"https:\/\/insektenliebe.com\/it\/shop\/prodotto\/acorus-gramineus-variegatus\/","og_site_name":"Insektenliebe","article_modified_time":"2026-04-09T07:21:54+00:00","og_image":[{"width":820,"height":820,"url":"https:\/\/insektenliebe.com\/wp-content\/uploads\/2025\/05\/Acorus-gramineus-22Variegatus22-1-2.jpg","type":"image\/jpeg"}],"twitter_card":"summary_large_image","twitter_misc":{"Tempo di lettura stimato":"2 minuto"},"schema":{"@context":"https:\/\/schema.org","@graph":[{"@type":"WebPage","@id":"https:\/\/insektenliebe.com\/it\/shop\/prodotto\/acorus-gramineus-variegatus\/","url":"https:\/\/insektenliebe.com\/it\/shop\/prodotto\/acorus-gramineus-variegatus\/","name":"Acorus gramineus \"Variegatus\" - Insektenliebe","isPartOf":{"@id":"https:\/\/insektenliebe.com\/it\/#website"},"primaryImageOfPage":{"@id":"https:\/\/insektenliebe.com\/it\/shop\/prodotto\/acorus-gramineus-variegatus\/#primaryimage"},"image":{"@id":"https:\/\/insektenliebe.com\/it\/shop\/prodotto\/acorus-gramineus-variegatus\/#primaryimage"},"thumbnailUrl":"https:\/\/insektenliebe.com\/wp-content\/uploads\/2025\/05\/Acorus-gramineus-22Variegatus22-1-2.jpg","datePublished":"2024-06-14T05:32:46+00:00","dateModified":"2026-04-09T07:21:54+00:00","description":"Acorus gramineus \"Variegatus\" - pianta palustre decorativa per terrari. Ideale per allestimenti umidi con una struttura naturale e un aspetto fresco.","breadcrumb":{"@id":"https:\/\/insektenliebe.com\/it\/shop\/prodotto\/acorus-gramineus-variegatus\/#breadcrumb"},"inLanguage":"it-IT","potentialAction":[{"@type":"ReadAction","target":["https:\/\/insektenliebe.com\/it\/shop\/prodotto\/acorus-gramineus-variegatus\/"]}]},{"@type":"ImageObject","inLanguage":"it-IT","@id":"https:\/\/insektenliebe.com\/it\/shop\/prodotto\/acorus-gramineus-variegatus\/#primaryimage","url":"https:\/\/insektenliebe.com\/wp-content\/uploads\/2025\/05\/Acorus-gramineus-22Variegatus22-1-2.jpg","contentUrl":"https:\/\/insektenliebe.com\/wp-content\/uploads\/2025\/05\/Acorus-gramineus-22Variegatus22-1-2.jpg","width":820,"height":820,"caption":"Acorus-gramineus-22Variegatus22-1-2.jpg"},{"@type":"BreadcrumbList","@id":"https:\/\/insektenliebe.com\/it\/shop\/prodotto\/acorus-gramineus-variegatus\/#breadcrumb","itemListElement":[{"@type":"ListItem","position":1,"name":"Startseite","item":"https:\/\/insektenliebe.com\/it\/"},{"@type":"ListItem","position":2,"name":"Negozio","item":"https:\/\/insektenliebe.com\/it\/negozio\/"},{"@type":"ListItem","position":3,"name":"Acorus gramineus \"Variegatus\""}]},{"@type":"WebSite","@id":"https:\/\/insektenliebe.com\/it\/#website","url":"https:\/\/insektenliebe.com\/it\/","name":"Insektenliebe","description":"Dein Zuhause f\u00fcr die kleinen Lebewesen","publisher":{"@id":"https:\/\/insektenliebe.com\/it\/#organization"},"potentialAction":[{"@type":"SearchAction","target":{"@type":"EntryPoint","urlTemplate":"https:\/\/insektenliebe.com\/it\/?s={search_term_string}"},"query-input":{"@type":"PropertyValueSpecification","valueRequired":true,"valueName":"search_term_string"}}],"inLanguage":"it-IT"},{"@type":"Organization","@id":"https:\/\/insektenliebe.com\/it\/#organization","name":"Insektenliebe","url":"https:\/\/insektenliebe.com\/it\/","logo":{"@type":"ImageObject","inLanguage":"it-IT","@id":"https:\/\/insektenliebe.com\/it\/#\/schema\/logo\/image\/","url":"https:\/\/insektenliebe.com\/wp-content\/uploads\/2025\/03\/logo-white.png","contentUrl":"https:\/\/insektenliebe.com\/wp-content\/uploads\/2025\/03\/logo-white.png","width":288,"height":188,"caption":"Insektenliebe"},"image":{"@id":"https:\/\/insektenliebe.com\/it\/#\/schema\/logo\/image\/"}}]}},"_links":{"self":[{"href":"https:\/\/insektenliebe.com\/it\/wp-json\/wp\/v2\/product\/187787","targetHints":{"allow":["GET"]}}],"collection":[{"href":"https:\/\/insektenliebe.com\/it\/wp-json\/wp\/v2\/product"}],"about":[{"href":"https:\/\/insektenliebe.com\/it\/wp-json\/wp\/v2\/types\/product"}],"wp:featuredmedia":[{"embeddable":true,"href":"https:\/\/insektenliebe.com\/it\/wp-json\/wp\/v2\/media\/187793"}],"wp:attachment":[{"href":"https:\/\/insektenliebe.com\/it\/wp-json\/wp\/v2\/media?parent=187787"}],"wp:term":[{"taxonomy":"product-supplier","embeddable":true,"href":"https:\/\/insektenliebe.com\/it\/wp-json\/wp\/v2\/product-supplier?post=187787"},{"taxonomy":"product_brand","embeddable":true,"href":"https:\/\/insektenliebe.com\/it\/wp-json\/wp\/v2\/product_brand?post=187787"},{"taxonomy":"product_cat","embeddable":true,"href":"https:\/\/insektenliebe.com\/it\/wp-json\/wp\/v2\/product_cat?post=187787"},{"taxonomy":"product_tag","embeddable":true,"href":"https:\/\/insektenliebe.com\/it\/wp-json\/wp\/v2\/product_tag?post=187787"},{"taxonomy":"lce-checkout-addons","embeddable":true,"href":"https:\/\/insektenliebe.com\/it\/wp-json\/wp\/v2\/lce-checkout-addons?post=187787"}],"curies":[{"name":"wp","href":"https:\/\/api.w.org\/{rel}","templated":true}]}}