{"id":187770,"date":"2024-08-29T09:31:00","date_gmt":"2024-08-29T07:31:00","guid":{"rendered":"https:\/\/insektenliebe.com\/shop\/produkt\/grotta-di-liane-per-hobby\/"},"modified":"2026-02-26T18:20:21","modified_gmt":"2026-02-26T17:20:21","slug":"grotta-di-liane-per-hobby","status":"publish","type":"product","link":"https:\/\/insektenliebe.com\/it\/shop\/prodotto\/grotta-di-liane-per-hobby\/","title":{"rendered":"Grotta di liane per hobby"},"content":{"rendered":"<h3><span style=\"color: #99cc33;\">Grotta di liane per hobby: un nascondiglio naturale per il tuo terrario<\/span><\/h3>\n<div id=\"cc-m-12719937849\" class=\"j-module n j-hgrid \">\n<div class=\"cc-m-hgrid-column last\">\n<div id=\"cc-matrix-3557208649\">\n<div id=\"cc-m-12719945849\" class=\"j-module n j-text \">\n<p>Trasforma il tuo terrario in una giungla vivente con la <strong>grotta di liane Hobby<\/strong>. Questo nascondiglio dal design creativo, ispirato alle liane selvatiche, conferisce al tuo terrario un&#8217;atmosfera autentica ed esotica. La grotta delle liane non \u00e8 solo un&#8217;attrazione visiva, ma offre agli abitanti del terrario un rifugio sicuro e accogliente.  <\/p>\n<p>La <strong>grotta di liane Hobby<\/strong> \u00e8 realizzata in poliresina di alta qualit\u00e0, un materiale noto per la sua robustezza e durata. \u00c8 completamente atossico e sicuro per i tuoi animali perch\u00e9 privo di sostanze nocive. Il materiale robusto garantisce una facile pulizia e un utilizzo duraturo del prodotto senza compromessi sulla qualit\u00e0.  <\/p>\n<p>I tuoi animali beneficiano di un nascondiglio naturale che offre loro sicurezza e tranquillit\u00e0. Questo contribuisce in modo significativo al loro benessere e favorisce il loro comportamento naturale. La <strong>grotta per liane Hobby<\/strong> si armonizza con gli altri prodotti della nostra gamma di liane, come la ciotola per bere Liana o l&#8217;angolo Liana, permettendoti di creare un look armonioso nel tuo terrario.  <\/p>\n<\/div>\n<\/div>\n<\/div>\n<\/div>\n<p>Oltre al suo ruolo funzionale di nascondiglio, la <strong>grotta di liane Hobby<\/strong> contribuisce anche a migliorare l&#8217;estetica del tuo terrario. Il suo aspetto realistico si integra perfettamente in una variet\u00e0 di stili di terrario, dalle ambientazioni della foresta pluviale tropicale ai paesaggi pi\u00f9 aridi della savana. La loro versatilit\u00e0 le rende un elemento indispensabile per ogni terrario e acquaterrario che apprezza un design dettagliato e realistico.  <\/p>\n<p>La <strong>grotta di liane Hobby<\/strong> fa la sua bella figura anche negli acquaterrari e offre a pesci e invertebrati emozionanti opportunit\u00e0 di esplorazione. Il design dettagliato e la riproduzione realistica di una vera liana creano un ambiente stimolante che susciter\u00e0 l&#8217;interesse dei tuoi abitanti acquatici. <\/p>\n<p>Aggiungi un accento naturale al tuo terrario o acquaterrario con questo nascondiglio e fornisci ai tuoi animali un habitat attraente e funzionale che incoraggia i loro istinti naturali e allo stesso tempo \u00e8 piacevole da vedere.<\/p>\n","protected":false},"excerpt":{"rendered":"<p>Grotta di liane per hobby: un nascondiglio naturale per il tuo terrario Trasforma il tuo terrario in una giungla vivente con la grotta di liane Hobby. Questo nascondiglio dal design creativo, ispirato alle liane selvatiche, conferisce al tuo terrario un&#8217;atmosfera autentica ed esotica. La grotta delle liane non \u00e8 solo un&#8217;attrazione visiva, ma offre agli [&hellip;]<\/p>\n","protected":false},"featured_media":187776,"template":"","meta":{"_acf_changed":false},"product-supplier":[2555],"product_brand":[2739],"product_cat":[2740],"product_tag":[],"lce-checkout-addons":[],"class_list":{"0":"post-187770","1":"product","2":"type-product","3":"status-publish","4":"has-post-thumbnail","6":"product_brand-hobby-terraristica","7":"product_cat-arredamento-e-decorazione","8":"product_shipping_class-equipment-shipping","10":"first","11":"instock","12":"taxable","13":"shipping-taxable","14":"purchasable","15":"product-type-simple"},"acf":[],"yoast_head":"<!-- This site is optimized with the Yoast SEO plugin v27.3 - https:\/\/yoast.com\/product\/yoast-seo-wordpress\/ -->\n<title>Grotta di liane per hobby - Insektenliebe<\/title>\n<meta name=\"description\" content=\"Acquista la conveniente grotta di liane Hobby per il tuo terrario direttamente online. Un nascondiglio realistico, robusto e resistente che offre sicurezza.\" \/>\n<meta name=\"robots\" content=\"index, follow, max-snippet:-1, max-image-preview:large, max-video-preview:-1\" \/>\n<link rel=\"canonical\" href=\"https:\/\/insektenliebe.com\/it\/shop\/prodotto\/grotta-di-liane-per-hobby\/\" \/>\n<meta property=\"og:locale\" content=\"it_IT\" \/>\n<meta property=\"og:type\" content=\"article\" \/>\n<meta property=\"og:title\" content=\"Grotta di liane per hobby - Insektenliebe\" \/>\n<meta property=\"og:description\" content=\"Acquista la conveniente grotta di liane Hobby per il tuo terrario direttamente online. Un nascondiglio realistico, robusto e resistente che offre sicurezza.\" \/>\n<meta property=\"og:url\" content=\"https:\/\/insektenliebe.com\/it\/shop\/prodotto\/grotta-di-liane-per-hobby\/\" \/>\n<meta property=\"og:site_name\" content=\"Insektenliebe\" \/>\n<meta property=\"article:modified_time\" content=\"2026-02-26T17:20:21+00:00\" \/>\n<meta property=\"og:image\" content=\"https:\/\/insektenliebe.com\/wp-content\/uploads\/2025\/05\/Hobby-Lianenhoehle-2.jpg\" \/>\n\t<meta property=\"og:image:width\" content=\"820\" \/>\n\t<meta property=\"og:image:height\" content=\"820\" \/>\n\t<meta property=\"og:image:type\" content=\"image\/jpeg\" \/>\n<meta name=\"twitter:card\" content=\"summary_large_image\" \/>\n<meta name=\"twitter:label1\" content=\"Tempo di lettura stimato\" \/>\n\t<meta name=\"twitter:data1\" content=\"2 minuto\" \/>\n<script type=\"application\/ld+json\" class=\"yoast-schema-graph\">{\"@context\":\"https:\\\/\\\/schema.org\",\"@graph\":[{\"@type\":\"WebPage\",\"@id\":\"https:\\\/\\\/insektenliebe.com\\\/it\\\/shop\\\/prodotto\\\/grotta-di-liane-per-hobby\\\/\",\"url\":\"https:\\\/\\\/insektenliebe.com\\\/it\\\/shop\\\/prodotto\\\/grotta-di-liane-per-hobby\\\/\",\"name\":\"Grotta di liane per hobby - Insektenliebe\",\"isPartOf\":{\"@id\":\"https:\\\/\\\/insektenliebe.com\\\/it\\\/#website\"},\"primaryImageOfPage\":{\"@id\":\"https:\\\/\\\/insektenliebe.com\\\/it\\\/shop\\\/prodotto\\\/grotta-di-liane-per-hobby\\\/#primaryimage\"},\"image\":{\"@id\":\"https:\\\/\\\/insektenliebe.com\\\/it\\\/shop\\\/prodotto\\\/grotta-di-liane-per-hobby\\\/#primaryimage\"},\"thumbnailUrl\":\"https:\\\/\\\/insektenliebe.com\\\/wp-content\\\/uploads\\\/2025\\\/05\\\/Hobby-Lianenhoehle-2.jpg\",\"datePublished\":\"2024-08-29T07:31:00+00:00\",\"dateModified\":\"2026-02-26T17:20:21+00:00\",\"description\":\"Acquista la conveniente grotta di liane Hobby per il tuo terrario direttamente online. Un nascondiglio realistico, robusto e resistente che offre sicurezza.\",\"breadcrumb\":{\"@id\":\"https:\\\/\\\/insektenliebe.com\\\/it\\\/shop\\\/prodotto\\\/grotta-di-liane-per-hobby\\\/#breadcrumb\"},\"inLanguage\":\"it-IT\",\"potentialAction\":[{\"@type\":\"ReadAction\",\"target\":[\"https:\\\/\\\/insektenliebe.com\\\/it\\\/shop\\\/prodotto\\\/grotta-di-liane-per-hobby\\\/\"]}]},{\"@type\":\"ImageObject\",\"inLanguage\":\"it-IT\",\"@id\":\"https:\\\/\\\/insektenliebe.com\\\/it\\\/shop\\\/prodotto\\\/grotta-di-liane-per-hobby\\\/#primaryimage\",\"url\":\"https:\\\/\\\/insektenliebe.com\\\/wp-content\\\/uploads\\\/2025\\\/05\\\/Hobby-Lianenhoehle-2.jpg\",\"contentUrl\":\"https:\\\/\\\/insektenliebe.com\\\/wp-content\\\/uploads\\\/2025\\\/05\\\/Hobby-Lianenhoehle-2.jpg\",\"width\":820,\"height\":820,\"caption\":\"Grotta della liana Hobby-2.jpg\"},{\"@type\":\"BreadcrumbList\",\"@id\":\"https:\\\/\\\/insektenliebe.com\\\/it\\\/shop\\\/prodotto\\\/grotta-di-liane-per-hobby\\\/#breadcrumb\",\"itemListElement\":[{\"@type\":\"ListItem\",\"position\":1,\"name\":\"Startseite\",\"item\":\"https:\\\/\\\/insektenliebe.com\\\/it\\\/\"},{\"@type\":\"ListItem\",\"position\":2,\"name\":\"Negozio\",\"item\":\"https:\\\/\\\/insektenliebe.com\\\/it\\\/negozio\\\/\"},{\"@type\":\"ListItem\",\"position\":3,\"name\":\"Grotta di liane per hobby\"}]},{\"@type\":\"WebSite\",\"@id\":\"https:\\\/\\\/insektenliebe.com\\\/it\\\/#website\",\"url\":\"https:\\\/\\\/insektenliebe.com\\\/it\\\/\",\"name\":\"Insektenliebe\",\"description\":\"Dein Zuhause f\u00fcr die kleinen Lebewesen\",\"publisher\":{\"@id\":\"https:\\\/\\\/insektenliebe.com\\\/it\\\/#organization\"},\"potentialAction\":[{\"@type\":\"SearchAction\",\"target\":{\"@type\":\"EntryPoint\",\"urlTemplate\":\"https:\\\/\\\/insektenliebe.com\\\/it\\\/?s={search_term_string}\"},\"query-input\":{\"@type\":\"PropertyValueSpecification\",\"valueRequired\":true,\"valueName\":\"search_term_string\"}}],\"inLanguage\":\"it-IT\"},{\"@type\":\"Organization\",\"@id\":\"https:\\\/\\\/insektenliebe.com\\\/it\\\/#organization\",\"name\":\"Insektenliebe\",\"url\":\"https:\\\/\\\/insektenliebe.com\\\/it\\\/\",\"logo\":{\"@type\":\"ImageObject\",\"inLanguage\":\"it-IT\",\"@id\":\"https:\\\/\\\/insektenliebe.com\\\/it\\\/#\\\/schema\\\/logo\\\/image\\\/\",\"url\":\"https:\\\/\\\/insektenliebe.com\\\/wp-content\\\/uploads\\\/2025\\\/03\\\/logo-white.png\",\"contentUrl\":\"https:\\\/\\\/insektenliebe.com\\\/wp-content\\\/uploads\\\/2025\\\/03\\\/logo-white.png\",\"width\":288,\"height\":188,\"caption\":\"Insektenliebe\"},\"image\":{\"@id\":\"https:\\\/\\\/insektenliebe.com\\\/it\\\/#\\\/schema\\\/logo\\\/image\\\/\"}}]}<\/script>\n<!-- \/ Yoast SEO plugin. -->","yoast_head_json":{"title":"Grotta di liane per hobby - Insektenliebe","description":"Acquista la conveniente grotta di liane Hobby per il tuo terrario direttamente online. Un nascondiglio realistico, robusto e resistente che offre sicurezza.","robots":{"index":"index","follow":"follow","max-snippet":"max-snippet:-1","max-image-preview":"max-image-preview:large","max-video-preview":"max-video-preview:-1"},"canonical":"https:\/\/insektenliebe.com\/it\/shop\/prodotto\/grotta-di-liane-per-hobby\/","og_locale":"it_IT","og_type":"article","og_title":"Grotta di liane per hobby - Insektenliebe","og_description":"Acquista la conveniente grotta di liane Hobby per il tuo terrario direttamente online. Un nascondiglio realistico, robusto e resistente che offre sicurezza.","og_url":"https:\/\/insektenliebe.com\/it\/shop\/prodotto\/grotta-di-liane-per-hobby\/","og_site_name":"Insektenliebe","article_modified_time":"2026-02-26T17:20:21+00:00","og_image":[{"width":820,"height":820,"url":"https:\/\/insektenliebe.com\/wp-content\/uploads\/2025\/05\/Hobby-Lianenhoehle-2.jpg","type":"image\/jpeg"}],"twitter_card":"summary_large_image","twitter_misc":{"Tempo di lettura stimato":"2 minuto"},"schema":{"@context":"https:\/\/schema.org","@graph":[{"@type":"WebPage","@id":"https:\/\/insektenliebe.com\/it\/shop\/prodotto\/grotta-di-liane-per-hobby\/","url":"https:\/\/insektenliebe.com\/it\/shop\/prodotto\/grotta-di-liane-per-hobby\/","name":"Grotta di liane per hobby - Insektenliebe","isPartOf":{"@id":"https:\/\/insektenliebe.com\/it\/#website"},"primaryImageOfPage":{"@id":"https:\/\/insektenliebe.com\/it\/shop\/prodotto\/grotta-di-liane-per-hobby\/#primaryimage"},"image":{"@id":"https:\/\/insektenliebe.com\/it\/shop\/prodotto\/grotta-di-liane-per-hobby\/#primaryimage"},"thumbnailUrl":"https:\/\/insektenliebe.com\/wp-content\/uploads\/2025\/05\/Hobby-Lianenhoehle-2.jpg","datePublished":"2024-08-29T07:31:00+00:00","dateModified":"2026-02-26T17:20:21+00:00","description":"Acquista la conveniente grotta di liane Hobby per il tuo terrario direttamente online. Un nascondiglio realistico, robusto e resistente che offre sicurezza.","breadcrumb":{"@id":"https:\/\/insektenliebe.com\/it\/shop\/prodotto\/grotta-di-liane-per-hobby\/#breadcrumb"},"inLanguage":"it-IT","potentialAction":[{"@type":"ReadAction","target":["https:\/\/insektenliebe.com\/it\/shop\/prodotto\/grotta-di-liane-per-hobby\/"]}]},{"@type":"ImageObject","inLanguage":"it-IT","@id":"https:\/\/insektenliebe.com\/it\/shop\/prodotto\/grotta-di-liane-per-hobby\/#primaryimage","url":"https:\/\/insektenliebe.com\/wp-content\/uploads\/2025\/05\/Hobby-Lianenhoehle-2.jpg","contentUrl":"https:\/\/insektenliebe.com\/wp-content\/uploads\/2025\/05\/Hobby-Lianenhoehle-2.jpg","width":820,"height":820,"caption":"Grotta della liana Hobby-2.jpg"},{"@type":"BreadcrumbList","@id":"https:\/\/insektenliebe.com\/it\/shop\/prodotto\/grotta-di-liane-per-hobby\/#breadcrumb","itemListElement":[{"@type":"ListItem","position":1,"name":"Startseite","item":"https:\/\/insektenliebe.com\/it\/"},{"@type":"ListItem","position":2,"name":"Negozio","item":"https:\/\/insektenliebe.com\/it\/negozio\/"},{"@type":"ListItem","position":3,"name":"Grotta di liane per hobby"}]},{"@type":"WebSite","@id":"https:\/\/insektenliebe.com\/it\/#website","url":"https:\/\/insektenliebe.com\/it\/","name":"Insektenliebe","description":"Dein Zuhause f\u00fcr die kleinen Lebewesen","publisher":{"@id":"https:\/\/insektenliebe.com\/it\/#organization"},"potentialAction":[{"@type":"SearchAction","target":{"@type":"EntryPoint","urlTemplate":"https:\/\/insektenliebe.com\/it\/?s={search_term_string}"},"query-input":{"@type":"PropertyValueSpecification","valueRequired":true,"valueName":"search_term_string"}}],"inLanguage":"it-IT"},{"@type":"Organization","@id":"https:\/\/insektenliebe.com\/it\/#organization","name":"Insektenliebe","url":"https:\/\/insektenliebe.com\/it\/","logo":{"@type":"ImageObject","inLanguage":"it-IT","@id":"https:\/\/insektenliebe.com\/it\/#\/schema\/logo\/image\/","url":"https:\/\/insektenliebe.com\/wp-content\/uploads\/2025\/03\/logo-white.png","contentUrl":"https:\/\/insektenliebe.com\/wp-content\/uploads\/2025\/03\/logo-white.png","width":288,"height":188,"caption":"Insektenliebe"},"image":{"@id":"https:\/\/insektenliebe.com\/it\/#\/schema\/logo\/image\/"}}]}},"_links":{"self":[{"href":"https:\/\/insektenliebe.com\/it\/wp-json\/wp\/v2\/product\/187770","targetHints":{"allow":["GET"]}}],"collection":[{"href":"https:\/\/insektenliebe.com\/it\/wp-json\/wp\/v2\/product"}],"about":[{"href":"https:\/\/insektenliebe.com\/it\/wp-json\/wp\/v2\/types\/product"}],"wp:featuredmedia":[{"embeddable":true,"href":"https:\/\/insektenliebe.com\/it\/wp-json\/wp\/v2\/media\/187776"}],"wp:attachment":[{"href":"https:\/\/insektenliebe.com\/it\/wp-json\/wp\/v2\/media?parent=187770"}],"wp:term":[{"taxonomy":"product-supplier","embeddable":true,"href":"https:\/\/insektenliebe.com\/it\/wp-json\/wp\/v2\/product-supplier?post=187770"},{"taxonomy":"product_brand","embeddable":true,"href":"https:\/\/insektenliebe.com\/it\/wp-json\/wp\/v2\/product_brand?post=187770"},{"taxonomy":"product_cat","embeddable":true,"href":"https:\/\/insektenliebe.com\/it\/wp-json\/wp\/v2\/product_cat?post=187770"},{"taxonomy":"product_tag","embeddable":true,"href":"https:\/\/insektenliebe.com\/it\/wp-json\/wp\/v2\/product_tag?post=187770"},{"taxonomy":"lce-checkout-addons","embeddable":true,"href":"https:\/\/insektenliebe.com\/it\/wp-json\/wp\/v2\/lce-checkout-addons?post=187770"}],"curies":[{"name":"wp","href":"https:\/\/api.w.org\/{rel}","templated":true}]}}