{"id":187762,"date":"2024-08-29T12:41:00","date_gmt":"2024-08-29T10:41:00","guid":{"rendered":"https:\/\/insektenliebe.com\/shop\/produkt\/hobby-holzheim\/"},"modified":"2026-03-03T18:34:33","modified_gmt":"2026-03-03T17:34:33","slug":"hobby-holzheim","status":"publish","type":"product","link":"https:\/\/insektenliebe.com\/it\/shop\/prodotto\/hobby-holzheim\/","title":{"rendered":"Hobby HolzHeim"},"content":{"rendered":"<h3><span style=\"color: #99cc33;\">Hobby HolzHeim: il nascondiglio naturale per il tuo terrario<\/span><\/h3>\n<div id=\"cc-m-12719937849\" class=\"j-module n j-hgrid \">\n<div class=\"cc-m-hgrid-column last\">\n<div id=\"cc-matrix-3557208649\">\n<div id=\"cc-m-12719945849\" class=\"j-module n j-text \"><span class=\"s1\">Il <\/span><strong><span class=\"s2\">Hobby HolzHeim<\/span><\/strong><span class=\"s1\">  \u00e8 una grotta terrario dettagliata che combina armoniosamente naturalezza e funzionalit\u00e0. La superficie sapientemente progettata con piccole strutture in legno realisticamente riprodotte conferisce al tuo terrario un aspetto autentico. Questo crea un&#8217;atmosfera calma e naturale che favorisce attivamente il benessere dei tuoi animali.  <\/span><\/div>\n<\/div>\n<\/div>\n<\/div>\n<p class=\"p1\"><span class=\"s1\">Rettili, anfibi e invertebrati in particolare hanno bisogno di rifugi protetti. L&#8217;<strong>Hobby HolzHeim<\/strong> offre proprio questo spazio sicuro. All&#8217;interno i tuoi animali sono protetti dalla luce, dallo stress e dagli stimoli esterni. Allo stesso tempo, l&#8217;esterno strutturato offre ulteriori aree per arrampicarsi o riposare. In questo modo si crea un elemento multifunzionale che funge sia da nascondiglio che da area strutturale.    <\/span><\/p>\n<p class=\"p1\"><span class=\"s1\">Realizzato in poliresina di alta qualit\u00e0, l&#8217;HolzHeim convince per la sua stabilit\u00e0 e durata. Il materiale \u00e8 robusto, resistente all&#8217;umidit\u00e0 e facile da pulire. Per questo motivo la grotta \u00e8 adatta sia agli allestimenti asciutti del deserto che ai terrari umidi della foresta pluviale. La poliresina \u00e8 inoltre completamente atossica, quindi non dovrai preoccuparti della salute dei tuoi animali.   <\/span><\/p>\n<p class=\"p1\"><span class=\"s1\">Dal punto di vista visivo, l&#8217;<strong>Hobby HolzHeim<\/strong> si integra perfettamente in vari paesaggi di terrari. Si armonizza perfettamente con radici, muschi o substrati di terra naturali. In questo modo conferisce al tuo allestimento un aspetto armonioso e naturale. Allo stesso tempo, la grotta fornisce un accento discreto ma efficace.   <\/span><\/p>\n<p class=\"p1\"><span class=\"s1\">L&#8217;HolzHeim convince anche per la sua versatilit\u00e0. Oltre che per i terrari, \u00e8 adatto anche per gli acquari, in quanto offre ai pesci ulteriori nascondigli. Anche i roditori pi\u00f9 piccoli possono beneficiare dell&#8217;interno protetto.  <\/span><\/p>\n<p class=\"p1\"><span class=\"s1\">Con il <\/span><strong><span class=\"s2\">Hobby HolzHeim<\/span><\/strong><span class=\"s1\">  stai optando per una soluzione decorativa e funzionale che combina struttura, sicurezza e naturalezza. Favorisce il comportamento adeguato alla specie dei tuoi animali e allo stesso tempo valorizza visivamente il tuo terrario. Un&#8217;aggiunta ideale per tutti coloro che apprezzano un design naturale e rispettoso degli animali.  <\/span><\/p>\n","protected":false},"excerpt":{"rendered":"<p>Hobby HolzHeim: il nascondiglio naturale per il tuo terrario Il Hobby HolzHeim \u00e8 una grotta terrario dettagliata che combina armoniosamente naturalezza e funzionalit\u00e0. La superficie sapientemente progettata con piccole strutture in legno realisticamente riprodotte conferisce al tuo terrario un aspetto autentico. Questo crea un&#8217;atmosfera calma e naturale che favorisce attivamente il benessere dei tuoi animali. [&hellip;]<\/p>\n","protected":false},"featured_media":187765,"template":"","meta":{"_acf_changed":false},"product-supplier":[2555],"product_brand":[2739],"product_cat":[2740],"product_tag":[],"lce-checkout-addons":[],"class_list":{"0":"post-187762","1":"product","2":"type-product","3":"status-publish","4":"has-post-thumbnail","6":"product_brand-hobby-terraristica","7":"product_cat-arredamento-e-decorazione","8":"product_shipping_class-equipment-shipping","10":"first","11":"instock","12":"taxable","13":"shipping-taxable","14":"purchasable","15":"product-type-simple"},"acf":[],"yoast_head":"<!-- This site is optimized with the Yoast SEO plugin v27.3 - https:\/\/yoast.com\/product\/yoast-seo-wordpress\/ -->\n<title>Hobby HolzHeim - Insektenliebe<\/title>\n<meta name=\"description\" content=\"Acquista Hobby HolzHeim a basso costo e direttamente online: Un nascondiglio ideale e naturale per il tuo terrario che offre comfort e sicurezza.\" \/>\n<meta name=\"robots\" content=\"index, follow, max-snippet:-1, max-image-preview:large, max-video-preview:-1\" \/>\n<link rel=\"canonical\" href=\"https:\/\/insektenliebe.com\/it\/shop\/prodotto\/hobby-holzheim\/\" \/>\n<meta property=\"og:locale\" content=\"it_IT\" \/>\n<meta property=\"og:type\" content=\"article\" \/>\n<meta property=\"og:title\" content=\"Hobby HolzHeim - Insektenliebe\" \/>\n<meta property=\"og:description\" content=\"Acquista Hobby HolzHeim a basso costo e direttamente online: Un nascondiglio ideale e naturale per il tuo terrario che offre comfort e sicurezza.\" \/>\n<meta property=\"og:url\" content=\"https:\/\/insektenliebe.com\/it\/shop\/prodotto\/hobby-holzheim\/\" \/>\n<meta property=\"og:site_name\" content=\"Insektenliebe\" \/>\n<meta property=\"article:modified_time\" content=\"2026-03-03T17:34:33+00:00\" \/>\n<meta property=\"og:image\" content=\"https:\/\/insektenliebe.com\/wp-content\/uploads\/2025\/05\/Hobby-HolzHeim-2.jpg\" \/>\n\t<meta property=\"og:image:width\" content=\"820\" \/>\n\t<meta property=\"og:image:height\" content=\"820\" \/>\n\t<meta property=\"og:image:type\" content=\"image\/jpeg\" \/>\n<meta name=\"twitter:card\" content=\"summary_large_image\" \/>\n<meta name=\"twitter:label1\" content=\"Tempo di lettura stimato\" \/>\n\t<meta name=\"twitter:data1\" content=\"2 minuto\" \/>\n<script type=\"application\/ld+json\" class=\"yoast-schema-graph\">{\"@context\":\"https:\\\/\\\/schema.org\",\"@graph\":[{\"@type\":\"WebPage\",\"@id\":\"https:\\\/\\\/insektenliebe.com\\\/it\\\/shop\\\/prodotto\\\/hobby-holzheim\\\/\",\"url\":\"https:\\\/\\\/insektenliebe.com\\\/it\\\/shop\\\/prodotto\\\/hobby-holzheim\\\/\",\"name\":\"Hobby HolzHeim - Insektenliebe\",\"isPartOf\":{\"@id\":\"https:\\\/\\\/insektenliebe.com\\\/it\\\/#website\"},\"primaryImageOfPage\":{\"@id\":\"https:\\\/\\\/insektenliebe.com\\\/it\\\/shop\\\/prodotto\\\/hobby-holzheim\\\/#primaryimage\"},\"image\":{\"@id\":\"https:\\\/\\\/insektenliebe.com\\\/it\\\/shop\\\/prodotto\\\/hobby-holzheim\\\/#primaryimage\"},\"thumbnailUrl\":\"https:\\\/\\\/insektenliebe.com\\\/wp-content\\\/uploads\\\/2025\\\/05\\\/Hobby-HolzHeim-2.jpg\",\"datePublished\":\"2024-08-29T10:41:00+00:00\",\"dateModified\":\"2026-03-03T17:34:33+00:00\",\"description\":\"Acquista Hobby HolzHeim a basso costo e direttamente online: Un nascondiglio ideale e naturale per il tuo terrario che offre comfort e sicurezza.\",\"breadcrumb\":{\"@id\":\"https:\\\/\\\/insektenliebe.com\\\/it\\\/shop\\\/prodotto\\\/hobby-holzheim\\\/#breadcrumb\"},\"inLanguage\":\"it-IT\",\"potentialAction\":[{\"@type\":\"ReadAction\",\"target\":[\"https:\\\/\\\/insektenliebe.com\\\/it\\\/shop\\\/prodotto\\\/hobby-holzheim\\\/\"]}]},{\"@type\":\"ImageObject\",\"inLanguage\":\"it-IT\",\"@id\":\"https:\\\/\\\/insektenliebe.com\\\/it\\\/shop\\\/prodotto\\\/hobby-holzheim\\\/#primaryimage\",\"url\":\"https:\\\/\\\/insektenliebe.com\\\/wp-content\\\/uploads\\\/2025\\\/05\\\/Hobby-HolzHeim-2.jpg\",\"contentUrl\":\"https:\\\/\\\/insektenliebe.com\\\/wp-content\\\/uploads\\\/2025\\\/05\\\/Hobby-HolzHeim-2.jpg\",\"width\":820,\"height\":820,\"caption\":\"Hobby-HolzHeim-2.jpg\"},{\"@type\":\"BreadcrumbList\",\"@id\":\"https:\\\/\\\/insektenliebe.com\\\/it\\\/shop\\\/prodotto\\\/hobby-holzheim\\\/#breadcrumb\",\"itemListElement\":[{\"@type\":\"ListItem\",\"position\":1,\"name\":\"Startseite\",\"item\":\"https:\\\/\\\/insektenliebe.com\\\/it\\\/\"},{\"@type\":\"ListItem\",\"position\":2,\"name\":\"Negozio\",\"item\":\"https:\\\/\\\/insektenliebe.com\\\/it\\\/negozio\\\/\"},{\"@type\":\"ListItem\",\"position\":3,\"name\":\"Hobby HolzHeim\"}]},{\"@type\":\"WebSite\",\"@id\":\"https:\\\/\\\/insektenliebe.com\\\/it\\\/#website\",\"url\":\"https:\\\/\\\/insektenliebe.com\\\/it\\\/\",\"name\":\"Insektenliebe\",\"description\":\"Dein Zuhause f\u00fcr die kleinen Lebewesen\",\"publisher\":{\"@id\":\"https:\\\/\\\/insektenliebe.com\\\/it\\\/#organization\"},\"potentialAction\":[{\"@type\":\"SearchAction\",\"target\":{\"@type\":\"EntryPoint\",\"urlTemplate\":\"https:\\\/\\\/insektenliebe.com\\\/it\\\/?s={search_term_string}\"},\"query-input\":{\"@type\":\"PropertyValueSpecification\",\"valueRequired\":true,\"valueName\":\"search_term_string\"}}],\"inLanguage\":\"it-IT\"},{\"@type\":\"Organization\",\"@id\":\"https:\\\/\\\/insektenliebe.com\\\/it\\\/#organization\",\"name\":\"Insektenliebe\",\"url\":\"https:\\\/\\\/insektenliebe.com\\\/it\\\/\",\"logo\":{\"@type\":\"ImageObject\",\"inLanguage\":\"it-IT\",\"@id\":\"https:\\\/\\\/insektenliebe.com\\\/it\\\/#\\\/schema\\\/logo\\\/image\\\/\",\"url\":\"https:\\\/\\\/insektenliebe.com\\\/wp-content\\\/uploads\\\/2025\\\/03\\\/logo-white.png\",\"contentUrl\":\"https:\\\/\\\/insektenliebe.com\\\/wp-content\\\/uploads\\\/2025\\\/03\\\/logo-white.png\",\"width\":288,\"height\":188,\"caption\":\"Insektenliebe\"},\"image\":{\"@id\":\"https:\\\/\\\/insektenliebe.com\\\/it\\\/#\\\/schema\\\/logo\\\/image\\\/\"}}]}<\/script>\n<!-- \/ Yoast SEO plugin. -->","yoast_head_json":{"title":"Hobby HolzHeim - Insektenliebe","description":"Acquista Hobby HolzHeim a basso costo e direttamente online: Un nascondiglio ideale e naturale per il tuo terrario che offre comfort e sicurezza.","robots":{"index":"index","follow":"follow","max-snippet":"max-snippet:-1","max-image-preview":"max-image-preview:large","max-video-preview":"max-video-preview:-1"},"canonical":"https:\/\/insektenliebe.com\/it\/shop\/prodotto\/hobby-holzheim\/","og_locale":"it_IT","og_type":"article","og_title":"Hobby HolzHeim - Insektenliebe","og_description":"Acquista Hobby HolzHeim a basso costo e direttamente online: Un nascondiglio ideale e naturale per il tuo terrario che offre comfort e sicurezza.","og_url":"https:\/\/insektenliebe.com\/it\/shop\/prodotto\/hobby-holzheim\/","og_site_name":"Insektenliebe","article_modified_time":"2026-03-03T17:34:33+00:00","og_image":[{"width":820,"height":820,"url":"https:\/\/insektenliebe.com\/wp-content\/uploads\/2025\/05\/Hobby-HolzHeim-2.jpg","type":"image\/jpeg"}],"twitter_card":"summary_large_image","twitter_misc":{"Tempo di lettura stimato":"2 minuto"},"schema":{"@context":"https:\/\/schema.org","@graph":[{"@type":"WebPage","@id":"https:\/\/insektenliebe.com\/it\/shop\/prodotto\/hobby-holzheim\/","url":"https:\/\/insektenliebe.com\/it\/shop\/prodotto\/hobby-holzheim\/","name":"Hobby HolzHeim - Insektenliebe","isPartOf":{"@id":"https:\/\/insektenliebe.com\/it\/#website"},"primaryImageOfPage":{"@id":"https:\/\/insektenliebe.com\/it\/shop\/prodotto\/hobby-holzheim\/#primaryimage"},"image":{"@id":"https:\/\/insektenliebe.com\/it\/shop\/prodotto\/hobby-holzheim\/#primaryimage"},"thumbnailUrl":"https:\/\/insektenliebe.com\/wp-content\/uploads\/2025\/05\/Hobby-HolzHeim-2.jpg","datePublished":"2024-08-29T10:41:00+00:00","dateModified":"2026-03-03T17:34:33+00:00","description":"Acquista Hobby HolzHeim a basso costo e direttamente online: Un nascondiglio ideale e naturale per il tuo terrario che offre comfort e sicurezza.","breadcrumb":{"@id":"https:\/\/insektenliebe.com\/it\/shop\/prodotto\/hobby-holzheim\/#breadcrumb"},"inLanguage":"it-IT","potentialAction":[{"@type":"ReadAction","target":["https:\/\/insektenliebe.com\/it\/shop\/prodotto\/hobby-holzheim\/"]}]},{"@type":"ImageObject","inLanguage":"it-IT","@id":"https:\/\/insektenliebe.com\/it\/shop\/prodotto\/hobby-holzheim\/#primaryimage","url":"https:\/\/insektenliebe.com\/wp-content\/uploads\/2025\/05\/Hobby-HolzHeim-2.jpg","contentUrl":"https:\/\/insektenliebe.com\/wp-content\/uploads\/2025\/05\/Hobby-HolzHeim-2.jpg","width":820,"height":820,"caption":"Hobby-HolzHeim-2.jpg"},{"@type":"BreadcrumbList","@id":"https:\/\/insektenliebe.com\/it\/shop\/prodotto\/hobby-holzheim\/#breadcrumb","itemListElement":[{"@type":"ListItem","position":1,"name":"Startseite","item":"https:\/\/insektenliebe.com\/it\/"},{"@type":"ListItem","position":2,"name":"Negozio","item":"https:\/\/insektenliebe.com\/it\/negozio\/"},{"@type":"ListItem","position":3,"name":"Hobby HolzHeim"}]},{"@type":"WebSite","@id":"https:\/\/insektenliebe.com\/it\/#website","url":"https:\/\/insektenliebe.com\/it\/","name":"Insektenliebe","description":"Dein Zuhause f\u00fcr die kleinen Lebewesen","publisher":{"@id":"https:\/\/insektenliebe.com\/it\/#organization"},"potentialAction":[{"@type":"SearchAction","target":{"@type":"EntryPoint","urlTemplate":"https:\/\/insektenliebe.com\/it\/?s={search_term_string}"},"query-input":{"@type":"PropertyValueSpecification","valueRequired":true,"valueName":"search_term_string"}}],"inLanguage":"it-IT"},{"@type":"Organization","@id":"https:\/\/insektenliebe.com\/it\/#organization","name":"Insektenliebe","url":"https:\/\/insektenliebe.com\/it\/","logo":{"@type":"ImageObject","inLanguage":"it-IT","@id":"https:\/\/insektenliebe.com\/it\/#\/schema\/logo\/image\/","url":"https:\/\/insektenliebe.com\/wp-content\/uploads\/2025\/03\/logo-white.png","contentUrl":"https:\/\/insektenliebe.com\/wp-content\/uploads\/2025\/03\/logo-white.png","width":288,"height":188,"caption":"Insektenliebe"},"image":{"@id":"https:\/\/insektenliebe.com\/it\/#\/schema\/logo\/image\/"}}]}},"_links":{"self":[{"href":"https:\/\/insektenliebe.com\/it\/wp-json\/wp\/v2\/product\/187762","targetHints":{"allow":["GET"]}}],"collection":[{"href":"https:\/\/insektenliebe.com\/it\/wp-json\/wp\/v2\/product"}],"about":[{"href":"https:\/\/insektenliebe.com\/it\/wp-json\/wp\/v2\/types\/product"}],"wp:featuredmedia":[{"embeddable":true,"href":"https:\/\/insektenliebe.com\/it\/wp-json\/wp\/v2\/media\/187765"}],"wp:attachment":[{"href":"https:\/\/insektenliebe.com\/it\/wp-json\/wp\/v2\/media?parent=187762"}],"wp:term":[{"taxonomy":"product-supplier","embeddable":true,"href":"https:\/\/insektenliebe.com\/it\/wp-json\/wp\/v2\/product-supplier?post=187762"},{"taxonomy":"product_brand","embeddable":true,"href":"https:\/\/insektenliebe.com\/it\/wp-json\/wp\/v2\/product_brand?post=187762"},{"taxonomy":"product_cat","embeddable":true,"href":"https:\/\/insektenliebe.com\/it\/wp-json\/wp\/v2\/product_cat?post=187762"},{"taxonomy":"product_tag","embeddable":true,"href":"https:\/\/insektenliebe.com\/it\/wp-json\/wp\/v2\/product_tag?post=187762"},{"taxonomy":"lce-checkout-addons","embeddable":true,"href":"https:\/\/insektenliebe.com\/it\/wp-json\/wp\/v2\/lce-checkout-addons?post=187762"}],"curies":[{"name":"wp","href":"https:\/\/api.w.org\/{rel}","templated":true}]}}