{"id":187731,"date":"2024-09-10T10:51:17","date_gmt":"2024-09-10T08:51:17","guid":{"rendered":"https:\/\/insektenliebe.com\/shop\/produkt\/creobroter-spec-yunnan\/"},"modified":"2024-09-10T10:51:17","modified_gmt":"2024-09-10T08:51:17","slug":"creobroter-spec-yunnan","status":"publish","type":"product","link":"https:\/\/insektenliebe.com\/it\/shop\/prodotto\/creobroter-spec-yunnan\/","title":{"rendered":"Creobroter spec. \"Yunnan\""},"content":{"rendered":"<h3><strong><span style=\"color: #99cc33\">Creobroter spec. \"Yunnan\": un dinamico tripudio di colori nel terrario <\/span><\/strong><\/h3>\n<p><strong>Creobroter spec. \"Yunnan\" <\/strong>un&#8217;affascinante specie di mantide che arricchisce ogni terrario con il suo comportamento vivace e il suo aspetto sorprendente. Questa specie \u00e8 originaria della regione dello Yunnan ed \u00e8 nota per la sua attivit\u00e0 e per l&#8217;interessante comunicazione che avviene tramite le zampe del muso. <\/p>\n<p>Il  <strong>Creobroter spec. \"Yunnan\" <\/strong>  produce tra le 20 e le 40 ninfe per ooteca, il che la rende una scelta eccellente per la riproduzione. Le giovani ninfe di questa specie possono essere facilmente tenute in gruppo fino allo stadio L4, il che rende particolarmente interessante l&#8217;osservazione delle loro interazioni sociali e dei modelli di comunicazione. Una caratteristica di queste mantidi \u00e8 il muovere le zampe del muso, una forma di comunicazione che avviene anche tra di loro.  <\/p>\n<p>Un punto di forza visivo di questa specie \u00e8 il caratteristico \"occhio\" sulle ali, che simula i predatori pi\u00f9 grandi e serve da deterrente. Questa illusione ottica, combinata con la loro vivace colorazione verde e gialla, rende il   <strong>Creobroter spec. \"Yunnan\" <\/strong>  un vero e proprio colpo d&#8217;occhio.<\/p>\n<p>Per un allevamento ottimale, le condizioni del terrario devono essere umide e calde, con una struttura sufficiente per arrampicarsi e nascondersi. Le temperature dovrebbero essere comprese tra i 24 e i 30 gradi centigradi, con un alto tasso di umidit\u00e0 per imitare l&#8217;habitat naturale. Le dimensioni minime del terrario sono di 12x10x17 cm, uno spazio sufficiente per consentire il comportamento naturale della    <strong>Creobroter spec. \"Yunnan\" <\/strong>  per sostenere e promuovere lo sviluppo dell&#8217;azienda.<\/p>\n<p>Il  <strong>Creobroter spec. \"Yunnan\" <\/strong>  non \u00e8 solo una risorsa per ogni terrario grazie alla sua bellezza e al suo comportamento, ma offre anche una panoramica sull&#8217;affascinante mondo della comunicazione tra insetti. La cura e l&#8217;allevamento sono semplici, il che li rende una scelta eccellente sia per gli allevatori esperti che per i principianti. <\/p>\n<p>Porta il  <strong>Creobroter spec. \"Yunnan\" <\/strong>  Aggiungi colore e vita al tuo terrario e sperimenta il mondo dinamico di queste straordinarie mantidi.<\/p>\n<h3><span style=\"color: #99cc33\"><strong>Allevare le ninfe<\/strong><\/span><\/h3>\n<p class=\"font_2 wixui-rich-text__text\"><span class=\"wixui-rich-text__text\"><strong>Temperatura:<\/strong> 23<\/span><span class=\"wixui-rich-text__text\"> - 26\u00b0C<\/span><\/p>\n<p class=\"font_2 wixui-rich-text__text\"><span class=\"wixui-rich-text__text\"><strong>Umidit\u00e0:<\/strong> 70 - 80%  <\/span><\/p>\n<p class=\"font_2 wixui-rich-text__text\"><span class=\"wixui-rich-text__text\"><strong>Cibo:<\/strong> Drosophila melanogaster \/ Drosophila hydei<\/span><\/p>\n<p class=\"font_2 wixui-rich-text__text\"><span class=\"wixui-rich-text__text\"><strong>Temperatura:<\/strong> 24<\/span><span class=\"wixui-rich-text__text\"> - 26\u00b0C<\/span><\/p>\n<p class=\"font_2 wixui-rich-text__text\"><span class=\"wixui-rich-text__text\"><strong>Umidit\u00e0:<\/strong> 70 - 80%  <\/span><\/p>\n<p class=\"font_2 wixui-rich-text__text\"><span class=\"wixui-rich-text__text\"><strong>Cibo:<\/strong> Drosophila melanogaster \/ Drosophila hydei<\/span><\/p>\n<p class=\"font_2 wixui-rich-text__text\"><span class=\"wixui-rich-text__text\"><strong>Temperatura:<\/strong> 23<\/span><span class=\"wixui-rich-text__text\"> - 27\u00b0C<\/span><\/p>\n<p class=\"font_2 wixui-rich-text__text\"><span class=\"wixui-rich-text__text\"><strong>Umidit\u00e0:<\/strong> 70 - 80%  <\/span><\/p>\n<p class=\"font_2 wixui-rich-text__text\"><span class=\"wixui-rich-text__text\"><strong>Cibo:<\/strong> Drosophila hydei \/ Pesce Forno<\/span><\/p>\n<p class=\"font_2 wixui-rich-text__text\"><span class=\"wixui-rich-text__text\"><strong>Temperatura:<\/strong> 23<\/span><span class=\"wixui-rich-text__text\"> - 27\u00b0C<\/span><\/p>\n<p class=\"font_2 wixui-rich-text__text\"><span class=\"wixui-rich-text__text\"><strong>Umidit\u00e0:<\/strong> 70 - 80%  <\/span><\/p>\n<p class=\"font_2 wixui-rich-text__text\"><span class=\"wixui-rich-text__text\"><strong>Cibo:<\/strong> mosche dorate\/pesce da forno<\/span><\/p>\n<p class=\"font_2 wixui-rich-text__text\"><span class=\"wixui-rich-text__text\"><strong>Temperatura:<\/strong> 24<\/span><span class=\"wixui-rich-text__text\"> - 29\u00b0C<\/span><\/p>\n<p class=\"font_2 wixui-rich-text__text\"><span class=\"wixui-rich-text__text\"><strong>Umidit\u00e0:<\/strong> 65-80%.  <\/span><\/p>\n<p class=\"font_2 wixui-rich-text__text\"><span class=\"wixui-rich-text__text\"><strong>Cibo:<\/strong> mosche dorate \/ mosconi<\/span><\/p>\n<p class=\"font_2 wixui-rich-text__text\"><span class=\"wixui-rich-text__text\"><strong>Temperatura:<\/strong> 24<\/span><span class=\"wixui-rich-text__text\"> - 29\u00b0C<\/span><\/p>\n<p class=\"font_2 wixui-rich-text__text\"><span class=\"wixui-rich-text__text\"><strong>Umidit\u00e0:<\/strong> 65-80%.  <\/span><\/p>\n<p class=\"font_2 wixui-rich-text__text\"><span class=\"wixui-rich-text__text\"><strong>Cibo:<\/strong> mosche dorate \/ mosconi<\/span><\/p>\n<p class=\"font_2 wixui-rich-text__text\"><span class=\"wixui-rich-text__text\"><strong>Temperatura:<\/strong> 24<\/span><span class=\"wixui-rich-text__text\"> - 29\u00b0C<\/span><\/p>\n<p class=\"font_2 wixui-rich-text__text\"><span class=\"wixui-rich-text__text\"><strong>Umidit\u00e0:<\/strong> 65-80%.  <\/span><\/p>\n<p class=\"font_2 wixui-rich-text__text\"><span class=\"wixui-rich-text__text\"><strong>Cibo:<\/strong> mosche dorate \/ mosconi<\/span><\/p>\n<p><strong>Nota: <\/strong>le femmine sono sessualmente mature<\/p>\n<p><strong>Accoppiamento: <\/strong>sono pronti ad accoppiarsi circa due settimane dopo la muta.<\/p>\n<p class=\"font_2 wixui-rich-text__text\"><span class=\"wixui-rich-text__text\"><strong>Temperatura:<\/strong> 24<\/span><span class=\"wixui-rich-text__text\"> - 29\u00b0C<\/span><\/p>\n<p class=\"font_2 wixui-rich-text__text\"><span class=\"wixui-rich-text__text\"><strong>Umidit\u00e0:<\/strong> 65-80%.  <\/span><\/p>\n<p class=\"font_2 wixui-rich-text__text\"><span class=\"wixui-rich-text__text\"><strong>Cibo:<\/strong> mosche dorate \/ mosconi<\/span><\/p>\n<p><strong>Nota: <\/strong>le femmine sono sessualmente mature<\/p>\n<p><strong>Accoppiamento: <\/strong>sono pronti ad accoppiarsi circa tre settimane dopo la muta.<\/p>\n","protected":false},"excerpt":{"rendered":"<p>Creobroter spec. \"Yunnan\": un dinamico tripudio di colori nel terrario Creobroter spec. \"Yunnan\" un&#8217;affascinante specie di mantide che arricchisce ogni terrario con il suo comportamento vivace e il suo aspetto sorprendente. Questa specie \u00e8 originaria della regione dello Yunnan ed \u00e8 nota per la sua attivit\u00e0 e per l&#8217;interessante comunicazione che avviene tramite le zampe [&hellip;]<\/p>\n","protected":false},"featured_media":186323,"template":"","meta":{"_acf_changed":false},"product-supplier":[],"product_brand":[],"product_cat":[2754],"product_tag":[],"lce-checkout-addons":[2746],"class_list":{"0":"post-187731","1":"product","2":"type-product","3":"status-publish","4":"has-post-thumbnail","6":"product_cat-mantidi","7":"product_shipping_class-spedizione-di-animali","8":"pa_geschlecht-donna","9":"pa_geschlecht-indeterminato","10":"pa_geschlecht-uomo","11":"pa_herkunft-cina","12":"pa_kontinent-asia","13":"lce-checkout-addons-imballaggio-invernale","15":"first","16":"outofstock","17":"sale","18":"taxable","19":"shipping-taxable","20":"purchasable","21":"product-type-variable"},"acf":[],"yoast_head":"<!-- This site is optimized with the Yoast SEO plugin v27.3 - https:\/\/yoast.com\/product\/yoast-seo-wordpress\/ -->\n<title>Creobroter spec. &quot;Yunnan&quot; - Insektenliebe<\/title>\n<meta name=\"description\" content=\"Acquista il Creobroter spec. &quot;Yunnan&quot; a basso costo e direttamente online: Una specie di mantide vivace che arricchisce ogni terrario con il suo aspetto.\" \/>\n<meta name=\"robots\" content=\"index, follow, max-snippet:-1, max-image-preview:large, max-video-preview:-1\" \/>\n<link rel=\"canonical\" href=\"https:\/\/insektenliebe.com\/it\/shop\/prodotto\/creobroter-spec-yunnan\/\" \/>\n<meta property=\"og:locale\" content=\"it_IT\" \/>\n<meta property=\"og:type\" content=\"article\" \/>\n<meta property=\"og:title\" content=\"Creobroter spec. &quot;Yunnan&quot; - Insektenliebe\" \/>\n<meta property=\"og:description\" content=\"Acquista il Creobroter spec. &quot;Yunnan&quot; a basso costo e direttamente online: Una specie di mantide vivace che arricchisce ogni terrario con il suo aspetto.\" \/>\n<meta property=\"og:url\" content=\"https:\/\/insektenliebe.com\/it\/shop\/prodotto\/creobroter-spec-yunnan\/\" \/>\n<meta property=\"og:site_name\" content=\"Insektenliebe\" \/>\n<meta property=\"og:image\" content=\"https:\/\/insektenliebe.com\/wp-content\/uploads\/2025\/05\/Creobroter-spec.-22Yunnan22-2.jpg\" \/>\n\t<meta property=\"og:image:width\" content=\"820\" \/>\n\t<meta property=\"og:image:height\" content=\"820\" \/>\n\t<meta property=\"og:image:type\" content=\"image\/jpeg\" \/>\n<meta name=\"twitter:card\" content=\"summary_large_image\" \/>\n<meta name=\"twitter:label1\" content=\"Tempo di lettura stimato\" \/>\n\t<meta name=\"twitter:data1\" content=\"2 minuto\" \/>\n<script type=\"application\/ld+json\" class=\"yoast-schema-graph\">{\"@context\":\"https:\\\/\\\/schema.org\",\"@graph\":[{\"@type\":\"WebPage\",\"@id\":\"https:\\\/\\\/insektenliebe.com\\\/it\\\/shop\\\/prodotto\\\/creobroter-spec-yunnan\\\/\",\"url\":\"https:\\\/\\\/insektenliebe.com\\\/it\\\/shop\\\/prodotto\\\/creobroter-spec-yunnan\\\/\",\"name\":\"Creobroter spec. \\\"Yunnan\\\" - Insektenliebe\",\"isPartOf\":{\"@id\":\"https:\\\/\\\/insektenliebe.com\\\/it\\\/#website\"},\"primaryImageOfPage\":{\"@id\":\"https:\\\/\\\/insektenliebe.com\\\/it\\\/shop\\\/prodotto\\\/creobroter-spec-yunnan\\\/#primaryimage\"},\"image\":{\"@id\":\"https:\\\/\\\/insektenliebe.com\\\/it\\\/shop\\\/prodotto\\\/creobroter-spec-yunnan\\\/#primaryimage\"},\"thumbnailUrl\":\"https:\\\/\\\/insektenliebe.com\\\/wp-content\\\/uploads\\\/2025\\\/05\\\/Creobroter-spec.-22Yunnan22-2.jpg\",\"datePublished\":\"2024-09-10T08:51:17+00:00\",\"description\":\"Acquista il Creobroter spec. \\\"Yunnan\\\" a basso costo e direttamente online: Una specie di mantide vivace che arricchisce ogni terrario con il suo aspetto.\",\"breadcrumb\":{\"@id\":\"https:\\\/\\\/insektenliebe.com\\\/it\\\/shop\\\/prodotto\\\/creobroter-spec-yunnan\\\/#breadcrumb\"},\"inLanguage\":\"it-IT\",\"potentialAction\":[{\"@type\":\"ReadAction\",\"target\":[\"https:\\\/\\\/insektenliebe.com\\\/it\\\/shop\\\/prodotto\\\/creobroter-spec-yunnan\\\/\"]}]},{\"@type\":\"ImageObject\",\"inLanguage\":\"it-IT\",\"@id\":\"https:\\\/\\\/insektenliebe.com\\\/it\\\/shop\\\/prodotto\\\/creobroter-spec-yunnan\\\/#primaryimage\",\"url\":\"https:\\\/\\\/insektenliebe.com\\\/wp-content\\\/uploads\\\/2025\\\/05\\\/Creobroter-spec.-22Yunnan22-2.jpg\",\"contentUrl\":\"https:\\\/\\\/insektenliebe.com\\\/wp-content\\\/uploads\\\/2025\\\/05\\\/Creobroter-spec.-22Yunnan22-2.jpg\",\"width\":820,\"height\":820,\"caption\":\"Creobroter-spec.-22Yunnan22-2.jpg\"},{\"@type\":\"BreadcrumbList\",\"@id\":\"https:\\\/\\\/insektenliebe.com\\\/it\\\/shop\\\/prodotto\\\/creobroter-spec-yunnan\\\/#breadcrumb\",\"itemListElement\":[{\"@type\":\"ListItem\",\"position\":1,\"name\":\"Startseite\",\"item\":\"https:\\\/\\\/insektenliebe.com\\\/it\\\/\"},{\"@type\":\"ListItem\",\"position\":2,\"name\":\"Negozio\",\"item\":\"https:\\\/\\\/insektenliebe.com\\\/it\\\/negozio\\\/\"},{\"@type\":\"ListItem\",\"position\":3,\"name\":\"Creobroter spec. &#8220;Yunnan&#8221;\"}]},{\"@type\":\"WebSite\",\"@id\":\"https:\\\/\\\/insektenliebe.com\\\/it\\\/#website\",\"url\":\"https:\\\/\\\/insektenliebe.com\\\/it\\\/\",\"name\":\"Insektenliebe\",\"description\":\"Dein Zuhause f\u00fcr die kleinen Lebewesen\",\"publisher\":{\"@id\":\"https:\\\/\\\/insektenliebe.com\\\/it\\\/#organization\"},\"potentialAction\":[{\"@type\":\"SearchAction\",\"target\":{\"@type\":\"EntryPoint\",\"urlTemplate\":\"https:\\\/\\\/insektenliebe.com\\\/it\\\/?s={search_term_string}\"},\"query-input\":{\"@type\":\"PropertyValueSpecification\",\"valueRequired\":true,\"valueName\":\"search_term_string\"}}],\"inLanguage\":\"it-IT\"},{\"@type\":\"Organization\",\"@id\":\"https:\\\/\\\/insektenliebe.com\\\/it\\\/#organization\",\"name\":\"Insektenliebe\",\"url\":\"https:\\\/\\\/insektenliebe.com\\\/it\\\/\",\"logo\":{\"@type\":\"ImageObject\",\"inLanguage\":\"it-IT\",\"@id\":\"https:\\\/\\\/insektenliebe.com\\\/it\\\/#\\\/schema\\\/logo\\\/image\\\/\",\"url\":\"https:\\\/\\\/insektenliebe.com\\\/wp-content\\\/uploads\\\/2025\\\/03\\\/logo-white.png\",\"contentUrl\":\"https:\\\/\\\/insektenliebe.com\\\/wp-content\\\/uploads\\\/2025\\\/03\\\/logo-white.png\",\"width\":288,\"height\":188,\"caption\":\"Insektenliebe\"},\"image\":{\"@id\":\"https:\\\/\\\/insektenliebe.com\\\/it\\\/#\\\/schema\\\/logo\\\/image\\\/\"}}]}<\/script>\n<!-- \/ Yoast SEO plugin. -->","yoast_head_json":{"title":"Creobroter spec. \"Yunnan\" - Insektenliebe","description":"Acquista il Creobroter spec. \"Yunnan\" a basso costo e direttamente online: Una specie di mantide vivace che arricchisce ogni terrario con il suo aspetto.","robots":{"index":"index","follow":"follow","max-snippet":"max-snippet:-1","max-image-preview":"max-image-preview:large","max-video-preview":"max-video-preview:-1"},"canonical":"https:\/\/insektenliebe.com\/it\/shop\/prodotto\/creobroter-spec-yunnan\/","og_locale":"it_IT","og_type":"article","og_title":"Creobroter spec. \"Yunnan\" - Insektenliebe","og_description":"Acquista il Creobroter spec. \"Yunnan\" a basso costo e direttamente online: Una specie di mantide vivace che arricchisce ogni terrario con il suo aspetto.","og_url":"https:\/\/insektenliebe.com\/it\/shop\/prodotto\/creobroter-spec-yunnan\/","og_site_name":"Insektenliebe","og_image":[{"width":820,"height":820,"url":"https:\/\/insektenliebe.com\/wp-content\/uploads\/2025\/05\/Creobroter-spec.-22Yunnan22-2.jpg","type":"image\/jpeg"}],"twitter_card":"summary_large_image","twitter_misc":{"Tempo di lettura stimato":"2 minuto"},"schema":{"@context":"https:\/\/schema.org","@graph":[{"@type":"WebPage","@id":"https:\/\/insektenliebe.com\/it\/shop\/prodotto\/creobroter-spec-yunnan\/","url":"https:\/\/insektenliebe.com\/it\/shop\/prodotto\/creobroter-spec-yunnan\/","name":"Creobroter spec. \"Yunnan\" - Insektenliebe","isPartOf":{"@id":"https:\/\/insektenliebe.com\/it\/#website"},"primaryImageOfPage":{"@id":"https:\/\/insektenliebe.com\/it\/shop\/prodotto\/creobroter-spec-yunnan\/#primaryimage"},"image":{"@id":"https:\/\/insektenliebe.com\/it\/shop\/prodotto\/creobroter-spec-yunnan\/#primaryimage"},"thumbnailUrl":"https:\/\/insektenliebe.com\/wp-content\/uploads\/2025\/05\/Creobroter-spec.-22Yunnan22-2.jpg","datePublished":"2024-09-10T08:51:17+00:00","description":"Acquista il Creobroter spec. \"Yunnan\" a basso costo e direttamente online: Una specie di mantide vivace che arricchisce ogni terrario con il suo aspetto.","breadcrumb":{"@id":"https:\/\/insektenliebe.com\/it\/shop\/prodotto\/creobroter-spec-yunnan\/#breadcrumb"},"inLanguage":"it-IT","potentialAction":[{"@type":"ReadAction","target":["https:\/\/insektenliebe.com\/it\/shop\/prodotto\/creobroter-spec-yunnan\/"]}]},{"@type":"ImageObject","inLanguage":"it-IT","@id":"https:\/\/insektenliebe.com\/it\/shop\/prodotto\/creobroter-spec-yunnan\/#primaryimage","url":"https:\/\/insektenliebe.com\/wp-content\/uploads\/2025\/05\/Creobroter-spec.-22Yunnan22-2.jpg","contentUrl":"https:\/\/insektenliebe.com\/wp-content\/uploads\/2025\/05\/Creobroter-spec.-22Yunnan22-2.jpg","width":820,"height":820,"caption":"Creobroter-spec.-22Yunnan22-2.jpg"},{"@type":"BreadcrumbList","@id":"https:\/\/insektenliebe.com\/it\/shop\/prodotto\/creobroter-spec-yunnan\/#breadcrumb","itemListElement":[{"@type":"ListItem","position":1,"name":"Startseite","item":"https:\/\/insektenliebe.com\/it\/"},{"@type":"ListItem","position":2,"name":"Negozio","item":"https:\/\/insektenliebe.com\/it\/negozio\/"},{"@type":"ListItem","position":3,"name":"Creobroter spec. &#8220;Yunnan&#8221;"}]},{"@type":"WebSite","@id":"https:\/\/insektenliebe.com\/it\/#website","url":"https:\/\/insektenliebe.com\/it\/","name":"Insektenliebe","description":"Dein Zuhause f\u00fcr die kleinen Lebewesen","publisher":{"@id":"https:\/\/insektenliebe.com\/it\/#organization"},"potentialAction":[{"@type":"SearchAction","target":{"@type":"EntryPoint","urlTemplate":"https:\/\/insektenliebe.com\/it\/?s={search_term_string}"},"query-input":{"@type":"PropertyValueSpecification","valueRequired":true,"valueName":"search_term_string"}}],"inLanguage":"it-IT"},{"@type":"Organization","@id":"https:\/\/insektenliebe.com\/it\/#organization","name":"Insektenliebe","url":"https:\/\/insektenliebe.com\/it\/","logo":{"@type":"ImageObject","inLanguage":"it-IT","@id":"https:\/\/insektenliebe.com\/it\/#\/schema\/logo\/image\/","url":"https:\/\/insektenliebe.com\/wp-content\/uploads\/2025\/03\/logo-white.png","contentUrl":"https:\/\/insektenliebe.com\/wp-content\/uploads\/2025\/03\/logo-white.png","width":288,"height":188,"caption":"Insektenliebe"},"image":{"@id":"https:\/\/insektenliebe.com\/it\/#\/schema\/logo\/image\/"}}]}},"_links":{"self":[{"href":"https:\/\/insektenliebe.com\/it\/wp-json\/wp\/v2\/product\/187731","targetHints":{"allow":["GET"]}}],"collection":[{"href":"https:\/\/insektenliebe.com\/it\/wp-json\/wp\/v2\/product"}],"about":[{"href":"https:\/\/insektenliebe.com\/it\/wp-json\/wp\/v2\/types\/product"}],"wp:featuredmedia":[{"embeddable":true,"href":"https:\/\/insektenliebe.com\/it\/wp-json\/wp\/v2\/media\/186323"}],"wp:attachment":[{"href":"https:\/\/insektenliebe.com\/it\/wp-json\/wp\/v2\/media?parent=187731"}],"wp:term":[{"taxonomy":"product-supplier","embeddable":true,"href":"https:\/\/insektenliebe.com\/it\/wp-json\/wp\/v2\/product-supplier?post=187731"},{"taxonomy":"product_brand","embeddable":true,"href":"https:\/\/insektenliebe.com\/it\/wp-json\/wp\/v2\/product_brand?post=187731"},{"taxonomy":"product_cat","embeddable":true,"href":"https:\/\/insektenliebe.com\/it\/wp-json\/wp\/v2\/product_cat?post=187731"},{"taxonomy":"product_tag","embeddable":true,"href":"https:\/\/insektenliebe.com\/it\/wp-json\/wp\/v2\/product_tag?post=187731"},{"taxonomy":"lce-checkout-addons","embeddable":true,"href":"https:\/\/insektenliebe.com\/it\/wp-json\/wp\/v2\/lce-checkout-addons?post=187731"}],"curies":[{"name":"wp","href":"https:\/\/api.w.org\/{rel}","templated":true}]}}