{"id":187683,"date":"2024-08-22T15:45:00","date_gmt":"2024-08-22T13:45:00","guid":{"rendered":"https:\/\/insektenliebe.com\/shop\/produkt\/bucephalandra-theia\/"},"modified":"2024-08-22T15:45:00","modified_gmt":"2024-08-22T13:45:00","slug":"bucephalandra-theia","status":"publish","type":"product","link":"https:\/\/insektenliebe.com\/it\/shop\/prodotto\/bucephalandra-theia\/","title":{"rendered":"Bucephalandra theia"},"content":{"rendered":"<h2><span style=\"color: #99cc33\">Bucephalandra theia<\/span><\/h2>\n<p>La <strong>Bucephalandra theia<\/strong>, una pianta rara e attraente della famiglia delle Araceae, dona un tocco esotico al tuo terrario. Con la sua struttura fogliare unica e le sue sfumature di colore scintillanti, \u00e8 un vero e proprio richiamo visivo. Originaria delle acque correnti del Borneo, la Bucephalandra theia si \u00e8 adattata perfettamente alle condizioni umide e ombrose della fitta foresta pluviale.  <\/p>\n<p>La <strong>Bucephalandra theia<\/strong> si distingue per le sue foglie piccole e robuste, che possono variare da un verde intenso a un colore quasi nero. Le foglie sono spesso ricoperte da un sottile strato di cera, che conferisce loro una sottile lucentezza. Questa pianta cresce in modo relativamente lento ed \u00e8 quindi particolarmente facile da curare, ideale per i terrari in cui si desidera ridurre gli interventi e la manutenzione.  <\/p>\n<p>Nella terraristica, la <strong>Bucephalandra theia<\/strong> colpisce per la sua adattabilit\u00e0 e per le sue basse esigenze di luce. Richiede solo un&#8217;illuminazione moderata e sopporta bene anche la luce artificiale, purch\u00e9 non sia troppo intensa. La temperatura ideale per prosperare \u00e8 compresa tra i 22 e i 28 gradi centigradi, con un&#8217;umidit\u00e0 elevata, tipica del suo habitat naturale nella foresta pluviale.  <\/p>\n<p>La <strong>Bucephalandra theia<\/strong> \u00e8 facile da curare. Preferisce un ambiente umido e non ha bisogno di essere trapiantata frequentemente, poich\u00e9 la sua crescita lenta le permette di rimanere nello stesso ambiente per molto tempo. Innaffiala regolarmente per mantenere il substrato leggermente umido e fai attenzione a evitare i ristagni d&#8217;acqua per garantire la sua salute.  <\/p>\n<p>Con la <strong>Bucephalandra theia<\/strong> puoi portare un pezzo della bellezza esotica del Borneo direttamente a casa tua. Le sue propriet\u00e0 di facile manutenzione e il suo aspetto imponente la rendono la scelta ideale per tutti gli appassionati di terrari che cercano una pianta speciale e facile da curare. <\/p>\n","protected":false},"excerpt":{"rendered":"<p>Bucephalandra theia La Bucephalandra theia, una pianta rara e attraente della famiglia delle Araceae, dona un tocco esotico al tuo terrario. Con la sua struttura fogliare unica e le sue sfumature di colore scintillanti, \u00e8 un vero e proprio richiamo visivo. Originaria delle acque correnti del Borneo, la Bucephalandra theia si \u00e8 adattata perfettamente alle [&hellip;]<\/p>\n","protected":false},"featured_media":187688,"template":"","meta":{"_acf_changed":false},"product-supplier":[],"product_brand":[],"product_cat":[3181],"product_tag":[],"lce-checkout-addons":[2746],"class_list":{"0":"post-187683","1":"product","2":"type-product","3":"status-publish","4":"has-post-thumbnail","6":"product_cat-piante-da-terrario","7":"product_shipping_class-equipment-shipping","8":"pa_herkunft-borneo","9":"lce-checkout-addons-imballaggio-invernale","11":"first","12":"instock","13":"taxable","14":"shipping-taxable","15":"purchasable","16":"product-type-simple"},"acf":[],"yoast_head":"<!-- This site is optimized with the Yoast SEO plugin v27.3 - https:\/\/yoast.com\/product\/yoast-seo-wordpress\/ -->\n<title>Bucephalandra theia - Insektenliebe<\/title>\n<meta name=\"description\" content=\"Acquista direttamente online la Bucephalandra theia a basso costo. Una pianta perenne che crea un ambiente naturale ed esotico.\" \/>\n<meta name=\"robots\" content=\"index, follow, max-snippet:-1, max-image-preview:large, max-video-preview:-1\" \/>\n<link rel=\"canonical\" href=\"https:\/\/insektenliebe.com\/it\/shop\/prodotto\/bucephalandra-theia\/\" \/>\n<meta property=\"og:locale\" content=\"it_IT\" \/>\n<meta property=\"og:type\" content=\"article\" \/>\n<meta property=\"og:title\" content=\"Bucephalandra theia - Insektenliebe\" \/>\n<meta property=\"og:description\" content=\"Acquista direttamente online la Bucephalandra theia a basso costo. Una pianta perenne che crea un ambiente naturale ed esotico.\" \/>\n<meta property=\"og:url\" content=\"https:\/\/insektenliebe.com\/it\/shop\/prodotto\/bucephalandra-theia\/\" \/>\n<meta property=\"og:site_name\" content=\"Insektenliebe\" \/>\n<meta property=\"og:image\" content=\"https:\/\/insektenliebe.com\/wp-content\/uploads\/2025\/05\/Bucephalandra-theia-2.jpg\" \/>\n\t<meta property=\"og:image:width\" content=\"820\" \/>\n\t<meta property=\"og:image:height\" content=\"820\" \/>\n\t<meta property=\"og:image:type\" content=\"image\/jpeg\" \/>\n<meta name=\"twitter:card\" content=\"summary_large_image\" \/>\n<meta name=\"twitter:label1\" content=\"Tempo di lettura stimato\" \/>\n\t<meta name=\"twitter:data1\" content=\"1 minuto\" \/>\n<script type=\"application\/ld+json\" class=\"yoast-schema-graph\">{\"@context\":\"https:\\\/\\\/schema.org\",\"@graph\":[{\"@type\":\"WebPage\",\"@id\":\"https:\\\/\\\/insektenliebe.com\\\/it\\\/shop\\\/prodotto\\\/bucephalandra-theia\\\/\",\"url\":\"https:\\\/\\\/insektenliebe.com\\\/it\\\/shop\\\/prodotto\\\/bucephalandra-theia\\\/\",\"name\":\"Bucephalandra theia - Insektenliebe\",\"isPartOf\":{\"@id\":\"https:\\\/\\\/insektenliebe.com\\\/it\\\/#website\"},\"primaryImageOfPage\":{\"@id\":\"https:\\\/\\\/insektenliebe.com\\\/it\\\/shop\\\/prodotto\\\/bucephalandra-theia\\\/#primaryimage\"},\"image\":{\"@id\":\"https:\\\/\\\/insektenliebe.com\\\/it\\\/shop\\\/prodotto\\\/bucephalandra-theia\\\/#primaryimage\"},\"thumbnailUrl\":\"https:\\\/\\\/insektenliebe.com\\\/wp-content\\\/uploads\\\/2025\\\/05\\\/Bucephalandra-theia-2.jpg\",\"datePublished\":\"2024-08-22T13:45:00+00:00\",\"description\":\"Acquista direttamente online la Bucephalandra theia a basso costo. Una pianta perenne che crea un ambiente naturale ed esotico.\",\"breadcrumb\":{\"@id\":\"https:\\\/\\\/insektenliebe.com\\\/it\\\/shop\\\/prodotto\\\/bucephalandra-theia\\\/#breadcrumb\"},\"inLanguage\":\"it-IT\",\"potentialAction\":[{\"@type\":\"ReadAction\",\"target\":[\"https:\\\/\\\/insektenliebe.com\\\/it\\\/shop\\\/prodotto\\\/bucephalandra-theia\\\/\"]}]},{\"@type\":\"ImageObject\",\"inLanguage\":\"it-IT\",\"@id\":\"https:\\\/\\\/insektenliebe.com\\\/it\\\/shop\\\/prodotto\\\/bucephalandra-theia\\\/#primaryimage\",\"url\":\"https:\\\/\\\/insektenliebe.com\\\/wp-content\\\/uploads\\\/2025\\\/05\\\/Bucephalandra-theia-2.jpg\",\"contentUrl\":\"https:\\\/\\\/insektenliebe.com\\\/wp-content\\\/uploads\\\/2025\\\/05\\\/Bucephalandra-theia-2.jpg\",\"width\":820,\"height\":820,\"caption\":\"Bucephalandra-theia-2.jpg\"},{\"@type\":\"BreadcrumbList\",\"@id\":\"https:\\\/\\\/insektenliebe.com\\\/it\\\/shop\\\/prodotto\\\/bucephalandra-theia\\\/#breadcrumb\",\"itemListElement\":[{\"@type\":\"ListItem\",\"position\":1,\"name\":\"Startseite\",\"item\":\"https:\\\/\\\/insektenliebe.com\\\/it\\\/\"},{\"@type\":\"ListItem\",\"position\":2,\"name\":\"Negozio\",\"item\":\"https:\\\/\\\/insektenliebe.com\\\/it\\\/negozio\\\/\"},{\"@type\":\"ListItem\",\"position\":3,\"name\":\"Bucephalandra theia\"}]},{\"@type\":\"WebSite\",\"@id\":\"https:\\\/\\\/insektenliebe.com\\\/it\\\/#website\",\"url\":\"https:\\\/\\\/insektenliebe.com\\\/it\\\/\",\"name\":\"Insektenliebe\",\"description\":\"Dein Zuhause f\u00fcr die kleinen Lebewesen\",\"publisher\":{\"@id\":\"https:\\\/\\\/insektenliebe.com\\\/it\\\/#organization\"},\"potentialAction\":[{\"@type\":\"SearchAction\",\"target\":{\"@type\":\"EntryPoint\",\"urlTemplate\":\"https:\\\/\\\/insektenliebe.com\\\/it\\\/?s={search_term_string}\"},\"query-input\":{\"@type\":\"PropertyValueSpecification\",\"valueRequired\":true,\"valueName\":\"search_term_string\"}}],\"inLanguage\":\"it-IT\"},{\"@type\":\"Organization\",\"@id\":\"https:\\\/\\\/insektenliebe.com\\\/it\\\/#organization\",\"name\":\"Insektenliebe\",\"url\":\"https:\\\/\\\/insektenliebe.com\\\/it\\\/\",\"logo\":{\"@type\":\"ImageObject\",\"inLanguage\":\"it-IT\",\"@id\":\"https:\\\/\\\/insektenliebe.com\\\/it\\\/#\\\/schema\\\/logo\\\/image\\\/\",\"url\":\"https:\\\/\\\/insektenliebe.com\\\/wp-content\\\/uploads\\\/2025\\\/03\\\/logo-white.png\",\"contentUrl\":\"https:\\\/\\\/insektenliebe.com\\\/wp-content\\\/uploads\\\/2025\\\/03\\\/logo-white.png\",\"width\":288,\"height\":188,\"caption\":\"Insektenliebe\"},\"image\":{\"@id\":\"https:\\\/\\\/insektenliebe.com\\\/it\\\/#\\\/schema\\\/logo\\\/image\\\/\"}}]}<\/script>\n<!-- \/ Yoast SEO plugin. -->","yoast_head_json":{"title":"Bucephalandra theia - Insektenliebe","description":"Acquista direttamente online la Bucephalandra theia a basso costo. Una pianta perenne che crea un ambiente naturale ed esotico.","robots":{"index":"index","follow":"follow","max-snippet":"max-snippet:-1","max-image-preview":"max-image-preview:large","max-video-preview":"max-video-preview:-1"},"canonical":"https:\/\/insektenliebe.com\/it\/shop\/prodotto\/bucephalandra-theia\/","og_locale":"it_IT","og_type":"article","og_title":"Bucephalandra theia - Insektenliebe","og_description":"Acquista direttamente online la Bucephalandra theia a basso costo. Una pianta perenne che crea un ambiente naturale ed esotico.","og_url":"https:\/\/insektenliebe.com\/it\/shop\/prodotto\/bucephalandra-theia\/","og_site_name":"Insektenliebe","og_image":[{"width":820,"height":820,"url":"https:\/\/insektenliebe.com\/wp-content\/uploads\/2025\/05\/Bucephalandra-theia-2.jpg","type":"image\/jpeg"}],"twitter_card":"summary_large_image","twitter_misc":{"Tempo di lettura stimato":"1 minuto"},"schema":{"@context":"https:\/\/schema.org","@graph":[{"@type":"WebPage","@id":"https:\/\/insektenliebe.com\/it\/shop\/prodotto\/bucephalandra-theia\/","url":"https:\/\/insektenliebe.com\/it\/shop\/prodotto\/bucephalandra-theia\/","name":"Bucephalandra theia - Insektenliebe","isPartOf":{"@id":"https:\/\/insektenliebe.com\/it\/#website"},"primaryImageOfPage":{"@id":"https:\/\/insektenliebe.com\/it\/shop\/prodotto\/bucephalandra-theia\/#primaryimage"},"image":{"@id":"https:\/\/insektenliebe.com\/it\/shop\/prodotto\/bucephalandra-theia\/#primaryimage"},"thumbnailUrl":"https:\/\/insektenliebe.com\/wp-content\/uploads\/2025\/05\/Bucephalandra-theia-2.jpg","datePublished":"2024-08-22T13:45:00+00:00","description":"Acquista direttamente online la Bucephalandra theia a basso costo. Una pianta perenne che crea un ambiente naturale ed esotico.","breadcrumb":{"@id":"https:\/\/insektenliebe.com\/it\/shop\/prodotto\/bucephalandra-theia\/#breadcrumb"},"inLanguage":"it-IT","potentialAction":[{"@type":"ReadAction","target":["https:\/\/insektenliebe.com\/it\/shop\/prodotto\/bucephalandra-theia\/"]}]},{"@type":"ImageObject","inLanguage":"it-IT","@id":"https:\/\/insektenliebe.com\/it\/shop\/prodotto\/bucephalandra-theia\/#primaryimage","url":"https:\/\/insektenliebe.com\/wp-content\/uploads\/2025\/05\/Bucephalandra-theia-2.jpg","contentUrl":"https:\/\/insektenliebe.com\/wp-content\/uploads\/2025\/05\/Bucephalandra-theia-2.jpg","width":820,"height":820,"caption":"Bucephalandra-theia-2.jpg"},{"@type":"BreadcrumbList","@id":"https:\/\/insektenliebe.com\/it\/shop\/prodotto\/bucephalandra-theia\/#breadcrumb","itemListElement":[{"@type":"ListItem","position":1,"name":"Startseite","item":"https:\/\/insektenliebe.com\/it\/"},{"@type":"ListItem","position":2,"name":"Negozio","item":"https:\/\/insektenliebe.com\/it\/negozio\/"},{"@type":"ListItem","position":3,"name":"Bucephalandra theia"}]},{"@type":"WebSite","@id":"https:\/\/insektenliebe.com\/it\/#website","url":"https:\/\/insektenliebe.com\/it\/","name":"Insektenliebe","description":"Dein Zuhause f\u00fcr die kleinen Lebewesen","publisher":{"@id":"https:\/\/insektenliebe.com\/it\/#organization"},"potentialAction":[{"@type":"SearchAction","target":{"@type":"EntryPoint","urlTemplate":"https:\/\/insektenliebe.com\/it\/?s={search_term_string}"},"query-input":{"@type":"PropertyValueSpecification","valueRequired":true,"valueName":"search_term_string"}}],"inLanguage":"it-IT"},{"@type":"Organization","@id":"https:\/\/insektenliebe.com\/it\/#organization","name":"Insektenliebe","url":"https:\/\/insektenliebe.com\/it\/","logo":{"@type":"ImageObject","inLanguage":"it-IT","@id":"https:\/\/insektenliebe.com\/it\/#\/schema\/logo\/image\/","url":"https:\/\/insektenliebe.com\/wp-content\/uploads\/2025\/03\/logo-white.png","contentUrl":"https:\/\/insektenliebe.com\/wp-content\/uploads\/2025\/03\/logo-white.png","width":288,"height":188,"caption":"Insektenliebe"},"image":{"@id":"https:\/\/insektenliebe.com\/it\/#\/schema\/logo\/image\/"}}]}},"_links":{"self":[{"href":"https:\/\/insektenliebe.com\/it\/wp-json\/wp\/v2\/product\/187683","targetHints":{"allow":["GET"]}}],"collection":[{"href":"https:\/\/insektenliebe.com\/it\/wp-json\/wp\/v2\/product"}],"about":[{"href":"https:\/\/insektenliebe.com\/it\/wp-json\/wp\/v2\/types\/product"}],"wp:featuredmedia":[{"embeddable":true,"href":"https:\/\/insektenliebe.com\/it\/wp-json\/wp\/v2\/media\/187688"}],"wp:attachment":[{"href":"https:\/\/insektenliebe.com\/it\/wp-json\/wp\/v2\/media?parent=187683"}],"wp:term":[{"taxonomy":"product-supplier","embeddable":true,"href":"https:\/\/insektenliebe.com\/it\/wp-json\/wp\/v2\/product-supplier?post=187683"},{"taxonomy":"product_brand","embeddable":true,"href":"https:\/\/insektenliebe.com\/it\/wp-json\/wp\/v2\/product_brand?post=187683"},{"taxonomy":"product_cat","embeddable":true,"href":"https:\/\/insektenliebe.com\/it\/wp-json\/wp\/v2\/product_cat?post=187683"},{"taxonomy":"product_tag","embeddable":true,"href":"https:\/\/insektenliebe.com\/it\/wp-json\/wp\/v2\/product_tag?post=187683"},{"taxonomy":"lce-checkout-addons","embeddable":true,"href":"https:\/\/insektenliebe.com\/it\/wp-json\/wp\/v2\/lce-checkout-addons?post=187683"}],"curies":[{"name":"wp","href":"https:\/\/api.w.org\/{rel}","templated":true}]}}