{"id":187633,"date":"2024-11-14T11:48:37","date_gmt":"2024-10-30T13:48:31","guid":{"rendered":"https:\/\/insektenliebe.com\/shop\/produkt\/terrario-in-acrilico-insektenbe\/"},"modified":"2026-04-06T13:57:52","modified_gmt":"2026-04-06T11:57:52","slug":"terrario-in-acrilico-insektenbe","status":"publish","type":"product","link":"https:\/\/insektenliebe.com\/it\/shop\/prodotto\/terrario-in-acrilico-insektenbe\/","title":{"rendered":"Terrario in acrilico Insektenbe"},"content":{"rendered":"<p><span style=\"color: #99cc33;\"><strong style=\"font-size: 20.16px;\">Terrario in acrilico Insektenbe - Una nuova casa per i tuoi piccoli amici<\/strong><\/span><\/p>\n<p>Il <strong>terrario in acrilico Insektenliebe<\/strong> \u00e8 la casa perfetta per mantidi, ragni saltatori, tarantole e altri piccoli insetti. Grazie alla sua struttura in acrilico trasparente, offre una visione illimitata del comportamento naturale degli abitanti del terrario e si integra elegantemente in qualsiasi spazio abitativo. <\/p>\n<p>Una caratteristica fondamentale di questo terrario \u00e8 il coperchio in garza di alluminio, che non solo garantisce una ventilazione ottimale, ma \u00e8 anche ideale per tenere le mantidi, in quanto gli animali possono aggrapparsi perfettamente ad esso durante la muta. Inoltre, la garza \u00e8 cos\u00ec fine che nemmeno la Drosophila melanogaster, i piccoli moscerini della frutta, pu\u00f2 sfuggire. <\/p>\n<p>Lo sportello frontale si apre facilmente e si chiude in modo sicuro grazie a un robusto fermo che impedisce l&#8217;apertura accidentale. Questo design dello sportello riduce al minimo il disturbo di animali come i ragni saltatori o le tarantole degli alberi, che amano attaccare le loro ragnatele al coperchio. <\/p>\n<p>Il <strong>terrario in acrilico Insektenliebe<\/strong> \u00e8 disponibile in diverse misure, in modo che tu possa scegliere la dimensione giusta in base alle tue esigenze e al tipo di abitanti del terrario. Una spessa pellicola protettiva avvolge i dischi acrilici e li protegge dai graffi durante il trasporto, garantendo la longevit\u00e0 del tuo nuovo terrario. <\/p>\n<p>Le fessure di ventilazione sui pannelli laterali consentono un&#8217;eccellente circolazione dell&#8217;aria all&#8217;interno del terrario e creano un microclima sano per i tuoi animali. Queste caratteristiche ben studiate non solo rendono il terrario un habitat sicuro e confortevole, ma anche un prodotto facile da curare e che richiede poca manutenzione. <\/p>\n<p>Che tu sia un principiante o un terrarista esperto, il <strong>terrario in acrilico Insektenliebe<\/strong> offre ai tuoi animali una casa elegante e funzionale in cui prosperare. Unisce un design accattivante a una pratica funzionalit\u00e0, rendendolo la scelta ideale per chi vuole esprimere il proprio amore per piccoli insetti e ragni con stile. <\/p>\n<p>Con questo terrario in acrilico non solo porterai un pezzo di natura in casa tua, ma fornirai agli abitanti del terrario un ambiente che supporta in modo ottimale la loro salute e il loro comportamento naturale.<\/p>\n<p><strong>Le dimensioni sono indicate in lunghezza x larghezza x altezza.<br \/>\nIl terrario acrilico Insektenliebe \u00e8 un kit.<\/strong><\/p>\n","protected":false},"excerpt":{"rendered":"<p>Terrario in acrilico Insektenbe - Una nuova casa per i tuoi piccoli amici Il terrario in acrilico Insektenliebe \u00e8 la casa perfetta per mantidi, ragni saltatori, tarantole e altri piccoli insetti. Grazie alla sua struttura in acrilico trasparente, offre una visione illimitata del comportamento naturale degli abitanti del terrario e si integra elegantemente in qualsiasi [&hellip;]<\/p>\n","protected":false},"featured_media":185873,"template":"","meta":{"_acf_changed":false},"product-supplier":[],"product_brand":[2853],"product_cat":[2760],"product_tag":[],"lce-checkout-addons":[],"class_list":{"0":"post-187633","1":"product","2":"type-product","3":"status-publish","4":"has-post-thumbnail","6":"product_brand-insektenliebe","7":"product_cat-terrari-e-contenitori","8":"product_shipping_class-equipment-shipping","10":"first","11":"instock","12":"sale","13":"taxable","14":"shipping-taxable","15":"purchasable","16":"product-type-variable"},"acf":[],"yoast_head":"<!-- This site is optimized with the Yoast SEO plugin v27.3 - https:\/\/yoast.com\/product\/yoast-seo-wordpress\/ -->\n<title>Terrario in acrilico Insektenbe - Insektenliebe<\/title>\n<meta name=\"description\" content=\"Acquista il terrario in acrilico Insektenliebe a prezzi convenienti e direttamente online: Un terrario con una ventilazione ottimale e una porta sicura, ideale per insetti e ragni.\" \/>\n<meta name=\"robots\" content=\"index, follow, max-snippet:-1, max-image-preview:large, max-video-preview:-1\" \/>\n<link rel=\"canonical\" href=\"https:\/\/insektenliebe.com\/it\/shop\/prodotto\/terrario-in-acrilico-insektenbe\/\" \/>\n<meta property=\"og:locale\" content=\"it_IT\" \/>\n<meta property=\"og:type\" content=\"article\" \/>\n<meta property=\"og:title\" content=\"Terrario in acrilico Insektenbe - Insektenliebe\" \/>\n<meta property=\"og:description\" content=\"Acquista il terrario in acrilico Insektenliebe a prezzi convenienti e direttamente online: Un terrario con una ventilazione ottimale e una porta sicura, ideale per insetti e ragni.\" \/>\n<meta property=\"og:url\" content=\"https:\/\/insektenliebe.com\/it\/shop\/prodotto\/terrario-in-acrilico-insektenbe\/\" \/>\n<meta property=\"og:site_name\" content=\"Insektenliebe\" \/>\n<meta property=\"article:modified_time\" content=\"2026-04-06T11:57:52+00:00\" \/>\n<meta property=\"og:image\" content=\"https:\/\/insektenliebe.com\/wp-content\/uploads\/2025\/05\/Insektenliebe-Acrylterrarium-2.jpg\" \/>\n\t<meta property=\"og:image:width\" content=\"820\" \/>\n\t<meta property=\"og:image:height\" content=\"820\" \/>\n\t<meta property=\"og:image:type\" content=\"image\/jpeg\" \/>\n<meta name=\"twitter:card\" content=\"summary_large_image\" \/>\n<meta name=\"twitter:label1\" content=\"Tempo di lettura stimato\" \/>\n\t<meta name=\"twitter:data1\" content=\"2 minuto\" \/>\n<script type=\"application\/ld+json\" class=\"yoast-schema-graph\">{\"@context\":\"https:\\\/\\\/schema.org\",\"@graph\":[{\"@type\":\"WebPage\",\"@id\":\"https:\\\/\\\/insektenliebe.com\\\/it\\\/shop\\\/prodotto\\\/terrario-in-acrilico-insektenbe\\\/\",\"url\":\"https:\\\/\\\/insektenliebe.com\\\/it\\\/shop\\\/prodotto\\\/terrario-in-acrilico-insektenbe\\\/\",\"name\":\"Terrario in acrilico Insektenbe - Insektenliebe\",\"isPartOf\":{\"@id\":\"https:\\\/\\\/insektenliebe.com\\\/it\\\/#website\"},\"primaryImageOfPage\":{\"@id\":\"https:\\\/\\\/insektenliebe.com\\\/it\\\/shop\\\/prodotto\\\/terrario-in-acrilico-insektenbe\\\/#primaryimage\"},\"image\":{\"@id\":\"https:\\\/\\\/insektenliebe.com\\\/it\\\/shop\\\/prodotto\\\/terrario-in-acrilico-insektenbe\\\/#primaryimage\"},\"thumbnailUrl\":\"https:\\\/\\\/insektenliebe.com\\\/wp-content\\\/uploads\\\/2025\\\/05\\\/Insektenliebe-Acrylterrarium-2.jpg\",\"datePublished\":\"2024-10-30T13:48:31+00:00\",\"dateModified\":\"2026-04-06T11:57:52+00:00\",\"description\":\"Acquista il terrario in acrilico Insektenliebe a prezzi convenienti e direttamente online: Un terrario con una ventilazione ottimale e una porta sicura, ideale per insetti e ragni.\",\"breadcrumb\":{\"@id\":\"https:\\\/\\\/insektenliebe.com\\\/it\\\/shop\\\/prodotto\\\/terrario-in-acrilico-insektenbe\\\/#breadcrumb\"},\"inLanguage\":\"it-IT\",\"potentialAction\":[{\"@type\":\"ReadAction\",\"target\":[\"https:\\\/\\\/insektenliebe.com\\\/it\\\/shop\\\/prodotto\\\/terrario-in-acrilico-insektenbe\\\/\"]}]},{\"@type\":\"ImageObject\",\"inLanguage\":\"it-IT\",\"@id\":\"https:\\\/\\\/insektenliebe.com\\\/it\\\/shop\\\/prodotto\\\/terrario-in-acrilico-insektenbe\\\/#primaryimage\",\"url\":\"https:\\\/\\\/insektenliebe.com\\\/wp-content\\\/uploads\\\/2025\\\/05\\\/Insektenliebe-Acrylterrarium-2.jpg\",\"contentUrl\":\"https:\\\/\\\/insektenliebe.com\\\/wp-content\\\/uploads\\\/2025\\\/05\\\/Insektenliebe-Acrylterrarium-2.jpg\",\"width\":820,\"height\":820,\"caption\":\"Insektenliebe-acrilico-terrario-2.jpg\"},{\"@type\":\"BreadcrumbList\",\"@id\":\"https:\\\/\\\/insektenliebe.com\\\/it\\\/shop\\\/prodotto\\\/terrario-in-acrilico-insektenbe\\\/#breadcrumb\",\"itemListElement\":[{\"@type\":\"ListItem\",\"position\":1,\"name\":\"Startseite\",\"item\":\"https:\\\/\\\/insektenliebe.com\\\/it\\\/\"},{\"@type\":\"ListItem\",\"position\":2,\"name\":\"Negozio\",\"item\":\"https:\\\/\\\/insektenliebe.com\\\/it\\\/negozio\\\/\"},{\"@type\":\"ListItem\",\"position\":3,\"name\":\"Terrario in acrilico Insektenbe\"}]},{\"@type\":\"WebSite\",\"@id\":\"https:\\\/\\\/insektenliebe.com\\\/it\\\/#website\",\"url\":\"https:\\\/\\\/insektenliebe.com\\\/it\\\/\",\"name\":\"Insektenliebe\",\"description\":\"Dein Zuhause f\u00fcr die kleinen Lebewesen\",\"publisher\":{\"@id\":\"https:\\\/\\\/insektenliebe.com\\\/it\\\/#organization\"},\"potentialAction\":[{\"@type\":\"SearchAction\",\"target\":{\"@type\":\"EntryPoint\",\"urlTemplate\":\"https:\\\/\\\/insektenliebe.com\\\/it\\\/?s={search_term_string}\"},\"query-input\":{\"@type\":\"PropertyValueSpecification\",\"valueRequired\":true,\"valueName\":\"search_term_string\"}}],\"inLanguage\":\"it-IT\"},{\"@type\":\"Organization\",\"@id\":\"https:\\\/\\\/insektenliebe.com\\\/it\\\/#organization\",\"name\":\"Insektenliebe\",\"url\":\"https:\\\/\\\/insektenliebe.com\\\/it\\\/\",\"logo\":{\"@type\":\"ImageObject\",\"inLanguage\":\"it-IT\",\"@id\":\"https:\\\/\\\/insektenliebe.com\\\/it\\\/#\\\/schema\\\/logo\\\/image\\\/\",\"url\":\"https:\\\/\\\/insektenliebe.com\\\/wp-content\\\/uploads\\\/2025\\\/03\\\/logo-white.png\",\"contentUrl\":\"https:\\\/\\\/insektenliebe.com\\\/wp-content\\\/uploads\\\/2025\\\/03\\\/logo-white.png\",\"width\":288,\"height\":188,\"caption\":\"Insektenliebe\"},\"image\":{\"@id\":\"https:\\\/\\\/insektenliebe.com\\\/it\\\/#\\\/schema\\\/logo\\\/image\\\/\"}}]}<\/script>\n<!-- \/ Yoast SEO plugin. -->","yoast_head_json":{"title":"Terrario in acrilico Insektenbe - Insektenliebe","description":"Acquista il terrario in acrilico Insektenliebe a prezzi convenienti e direttamente online: Un terrario con una ventilazione ottimale e una porta sicura, ideale per insetti e ragni.","robots":{"index":"index","follow":"follow","max-snippet":"max-snippet:-1","max-image-preview":"max-image-preview:large","max-video-preview":"max-video-preview:-1"},"canonical":"https:\/\/insektenliebe.com\/it\/shop\/prodotto\/terrario-in-acrilico-insektenbe\/","og_locale":"it_IT","og_type":"article","og_title":"Terrario in acrilico Insektenbe - Insektenliebe","og_description":"Acquista il terrario in acrilico Insektenliebe a prezzi convenienti e direttamente online: Un terrario con una ventilazione ottimale e una porta sicura, ideale per insetti e ragni.","og_url":"https:\/\/insektenliebe.com\/it\/shop\/prodotto\/terrario-in-acrilico-insektenbe\/","og_site_name":"Insektenliebe","article_modified_time":"2026-04-06T11:57:52+00:00","og_image":[{"width":820,"height":820,"url":"https:\/\/insektenliebe.com\/wp-content\/uploads\/2025\/05\/Insektenliebe-Acrylterrarium-2.jpg","type":"image\/jpeg"}],"twitter_card":"summary_large_image","twitter_misc":{"Tempo di lettura stimato":"2 minuto"},"schema":{"@context":"https:\/\/schema.org","@graph":[{"@type":"WebPage","@id":"https:\/\/insektenliebe.com\/it\/shop\/prodotto\/terrario-in-acrilico-insektenbe\/","url":"https:\/\/insektenliebe.com\/it\/shop\/prodotto\/terrario-in-acrilico-insektenbe\/","name":"Terrario in acrilico Insektenbe - Insektenliebe","isPartOf":{"@id":"https:\/\/insektenliebe.com\/it\/#website"},"primaryImageOfPage":{"@id":"https:\/\/insektenliebe.com\/it\/shop\/prodotto\/terrario-in-acrilico-insektenbe\/#primaryimage"},"image":{"@id":"https:\/\/insektenliebe.com\/it\/shop\/prodotto\/terrario-in-acrilico-insektenbe\/#primaryimage"},"thumbnailUrl":"https:\/\/insektenliebe.com\/wp-content\/uploads\/2025\/05\/Insektenliebe-Acrylterrarium-2.jpg","datePublished":"2024-10-30T13:48:31+00:00","dateModified":"2026-04-06T11:57:52+00:00","description":"Acquista il terrario in acrilico Insektenliebe a prezzi convenienti e direttamente online: Un terrario con una ventilazione ottimale e una porta sicura, ideale per insetti e ragni.","breadcrumb":{"@id":"https:\/\/insektenliebe.com\/it\/shop\/prodotto\/terrario-in-acrilico-insektenbe\/#breadcrumb"},"inLanguage":"it-IT","potentialAction":[{"@type":"ReadAction","target":["https:\/\/insektenliebe.com\/it\/shop\/prodotto\/terrario-in-acrilico-insektenbe\/"]}]},{"@type":"ImageObject","inLanguage":"it-IT","@id":"https:\/\/insektenliebe.com\/it\/shop\/prodotto\/terrario-in-acrilico-insektenbe\/#primaryimage","url":"https:\/\/insektenliebe.com\/wp-content\/uploads\/2025\/05\/Insektenliebe-Acrylterrarium-2.jpg","contentUrl":"https:\/\/insektenliebe.com\/wp-content\/uploads\/2025\/05\/Insektenliebe-Acrylterrarium-2.jpg","width":820,"height":820,"caption":"Insektenliebe-acrilico-terrario-2.jpg"},{"@type":"BreadcrumbList","@id":"https:\/\/insektenliebe.com\/it\/shop\/prodotto\/terrario-in-acrilico-insektenbe\/#breadcrumb","itemListElement":[{"@type":"ListItem","position":1,"name":"Startseite","item":"https:\/\/insektenliebe.com\/it\/"},{"@type":"ListItem","position":2,"name":"Negozio","item":"https:\/\/insektenliebe.com\/it\/negozio\/"},{"@type":"ListItem","position":3,"name":"Terrario in acrilico Insektenbe"}]},{"@type":"WebSite","@id":"https:\/\/insektenliebe.com\/it\/#website","url":"https:\/\/insektenliebe.com\/it\/","name":"Insektenliebe","description":"Dein Zuhause f\u00fcr die kleinen Lebewesen","publisher":{"@id":"https:\/\/insektenliebe.com\/it\/#organization"},"potentialAction":[{"@type":"SearchAction","target":{"@type":"EntryPoint","urlTemplate":"https:\/\/insektenliebe.com\/it\/?s={search_term_string}"},"query-input":{"@type":"PropertyValueSpecification","valueRequired":true,"valueName":"search_term_string"}}],"inLanguage":"it-IT"},{"@type":"Organization","@id":"https:\/\/insektenliebe.com\/it\/#organization","name":"Insektenliebe","url":"https:\/\/insektenliebe.com\/it\/","logo":{"@type":"ImageObject","inLanguage":"it-IT","@id":"https:\/\/insektenliebe.com\/it\/#\/schema\/logo\/image\/","url":"https:\/\/insektenliebe.com\/wp-content\/uploads\/2025\/03\/logo-white.png","contentUrl":"https:\/\/insektenliebe.com\/wp-content\/uploads\/2025\/03\/logo-white.png","width":288,"height":188,"caption":"Insektenliebe"},"image":{"@id":"https:\/\/insektenliebe.com\/it\/#\/schema\/logo\/image\/"}}]}},"_links":{"self":[{"href":"https:\/\/insektenliebe.com\/it\/wp-json\/wp\/v2\/product\/187633","targetHints":{"allow":["GET"]}}],"collection":[{"href":"https:\/\/insektenliebe.com\/it\/wp-json\/wp\/v2\/product"}],"about":[{"href":"https:\/\/insektenliebe.com\/it\/wp-json\/wp\/v2\/types\/product"}],"wp:featuredmedia":[{"embeddable":true,"href":"https:\/\/insektenliebe.com\/it\/wp-json\/wp\/v2\/media\/185873"}],"wp:attachment":[{"href":"https:\/\/insektenliebe.com\/it\/wp-json\/wp\/v2\/media?parent=187633"}],"wp:term":[{"taxonomy":"product-supplier","embeddable":true,"href":"https:\/\/insektenliebe.com\/it\/wp-json\/wp\/v2\/product-supplier?post=187633"},{"taxonomy":"product_brand","embeddable":true,"href":"https:\/\/insektenliebe.com\/it\/wp-json\/wp\/v2\/product_brand?post=187633"},{"taxonomy":"product_cat","embeddable":true,"href":"https:\/\/insektenliebe.com\/it\/wp-json\/wp\/v2\/product_cat?post=187633"},{"taxonomy":"product_tag","embeddable":true,"href":"https:\/\/insektenliebe.com\/it\/wp-json\/wp\/v2\/product_tag?post=187633"},{"taxonomy":"lce-checkout-addons","embeddable":true,"href":"https:\/\/insektenliebe.com\/it\/wp-json\/wp\/v2\/lce-checkout-addons?post=187633"}],"curies":[{"name":"wp","href":"https:\/\/api.w.org\/{rel}","templated":true}]}}