{"id":187618,"date":"2024-11-01T11:29:04","date_gmt":"2024-11-01T09:29:04","guid":{"rendered":"https:\/\/insektenliebe.com\/shop\/produkt\/campane-di-eucalipto\/"},"modified":"2024-11-01T11:29:04","modified_gmt":"2024-11-01T10:29:04","slug":"campane-di-eucalipto","status":"publish","type":"product","link":"https:\/\/insektenliebe.com\/it\/shop\/prodotto\/campane-di-eucalipto\/","title":{"rendered":"Campane di eucalipto"},"content":{"rendered":"<div class=\"flex-shrink-0 flex flex-col relative items-end\">\n<div>\n<div class=\"pt-0\">\n<div class=\"gizmo-bot-avatar flex h-8 w-8 items-center justify-center overflow-hidden rounded-full\">\n<h3 class=\"relative p-1 rounded-sm flex items-center justify-center bg-token-main-surface-primary text-token-text-primary h-8 w-8\"><span style=\"color: #99cc33;\"><strong><span style=\"font-size: 20.16px;\">Campane di eucalipto: Nascondigli naturali per il tuo terrario<\/span><\/strong><\/span><\/h3>\n<\/div>\n<\/div>\n<\/div>\n<\/div>\n<p>Le <strong>campane di eucalipto <\/strong>sono un&#8217;aggiunta perfetta al tuo terrario che non solo colpisce visivamente, ma fornisce anche un habitat funzionale per i piccoli abitanti del terrario. Queste uniche casette per noci, ideali per ragni saltatori, isopodi e millepiedi, si inseriscono perfettamente in qualsiasi ambiente del terrario e lo arricchiscono con il loro aspetto naturale. <\/p>\n<p>Le <strong>campane di eucalipto,<\/strong> con una caratteristica apertura sulla parte anteriore, rappresentano un riparo o un nido ideale per i piccoli animali del terrario. La forma naturale e il materiale robusto delle <strong>campane di eucalipto<\/strong> non solo forniscono una protezione efficace, ma sottolineano anche l&#8217;aspetto naturale del tuo terrario. <\/p>\n<p>Puoi integrare facilmente le <strong>campane di eucalipto<\/strong> nel tuo terrario. Appese ai rami, incollate alla parete posteriore o semplicemente appoggiate sul pavimento, ti offrono un&#8217;ampia gamma di opzioni di design. Quando sono appese, ricordano delle piccole casette per uccelli e sono particolarmente apprezzate dai ragni saltatori, che amano tessere le loro ragnatele e ritirarsi. Stesi sul pavimento, sono il nascondiglio ideale per gli abitanti del terreno come le cocciniglie e i millepiedi.   <\/p>\n<p>Le <strong>campane in eucalipto<\/strong> non sono solo decorative, ma anche sostenibili. L&#8217;eucalipto \u00e8 una materia prima rapidamente rinnovabile che riduce al minimo l&#8217;impatto ambientale ed \u00e8 particolarmente durevole grazie alla sua longevit\u00e0 e resistenza agli agenti esterni. <\/p>\n<p>Le <strong>campane di eucalipto<\/strong> sono facili da curare. Non richiedono trattamenti speciali e possono essere facilmente pulite se necessario. La loro superficie liscia evita l&#8217;accumulo di sporco e facilita la manutenzione del terrario.  <\/p>\n<p>Con le <strong>campane di eucalipto<\/strong> non solo fornisci agli abitanti del tuo terrario una casa pratica e sicura, ma contribuisci anche attivamente alla decorazione naturale del terrario. Sono perfette per tutti coloro che apprezzano un terrario naturale, elegante e adatto alle specie. <\/p>\n<p>Desideriamo sottolineare che si tratta di un prodotto naturale e che non esistono due pezzi uguali.<\/p>\n","protected":false},"excerpt":{"rendered":"<p>Campane di eucalipto: Nascondigli naturali per il tuo terrario Le campane di eucalipto sono un&#8217;aggiunta perfetta al tuo terrario che non solo colpisce visivamente, ma fornisce anche un habitat funzionale per i piccoli abitanti del terrario. Queste uniche casette per noci, ideali per ragni saltatori, isopodi e millepiedi, si inseriscono perfettamente in qualsiasi ambiente del [&hellip;]<\/p>\n","protected":false},"featured_media":187620,"template":"","meta":{"_acf_changed":false},"product-supplier":[],"product_brand":[],"product_cat":[2740],"product_tag":[],"lce-checkout-addons":[],"class_list":{"0":"post-187618","1":"product","2":"type-product","3":"status-publish","4":"has-post-thumbnail","6":"product_cat-arredamento-e-decorazione","7":"product_shipping_class-equipment-shipping","9":"first","10":"instock","11":"taxable","12":"shipping-taxable","13":"purchasable","14":"product-type-simple"},"acf":[],"yoast_head":"<!-- This site is optimized with the Yoast SEO plugin v27.3 - https:\/\/yoast.com\/product\/yoast-seo-wordpress\/ -->\n<title>Campane di eucalipto - Insektenliebe<\/title>\n<meta name=\"description\" content=\"Acquista le campane di eucalipto a basso costo direttamente online! Ideale per i ragni saltatori: porta nel tuo terrario dei nascondigli naturali ed eleganti.\" \/>\n<meta name=\"robots\" content=\"index, follow, max-snippet:-1, max-image-preview:large, max-video-preview:-1\" \/>\n<link rel=\"canonical\" href=\"https:\/\/insektenliebe.com\/it\/shop\/prodotto\/campane-di-eucalipto\/\" \/>\n<meta property=\"og:locale\" content=\"it_IT\" \/>\n<meta property=\"og:type\" content=\"article\" \/>\n<meta property=\"og:title\" content=\"Campane di eucalipto - Insektenliebe\" \/>\n<meta property=\"og:description\" content=\"Acquista le campane di eucalipto a basso costo direttamente online! Ideale per i ragni saltatori: porta nel tuo terrario dei nascondigli naturali ed eleganti.\" \/>\n<meta property=\"og:url\" content=\"https:\/\/insektenliebe.com\/it\/shop\/prodotto\/campane-di-eucalipto\/\" \/>\n<meta property=\"og:site_name\" content=\"Insektenliebe\" \/>\n<meta property=\"article:modified_time\" content=\"2024-11-01T10:29:04+00:00\" \/>\n<meta property=\"og:image\" content=\"https:\/\/insektenliebe.com\/wp-content\/uploads\/2025\/05\/Eukalyptus-Glocken-2.jpg\" \/>\n\t<meta property=\"og:image:width\" content=\"820\" \/>\n\t<meta property=\"og:image:height\" content=\"820\" \/>\n\t<meta property=\"og:image:type\" content=\"image\/jpeg\" \/>\n<meta name=\"twitter:card\" content=\"summary_large_image\" \/>\n<meta name=\"twitter:label1\" content=\"Tempo di lettura stimato\" \/>\n\t<meta name=\"twitter:data1\" content=\"2 minuto\" \/>\n<script type=\"application\/ld+json\" class=\"yoast-schema-graph\">{\"@context\":\"https:\\\/\\\/schema.org\",\"@graph\":[{\"@type\":\"WebPage\",\"@id\":\"https:\\\/\\\/insektenliebe.com\\\/it\\\/shop\\\/prodotto\\\/campane-di-eucalipto\\\/\",\"url\":\"https:\\\/\\\/insektenliebe.com\\\/it\\\/shop\\\/prodotto\\\/campane-di-eucalipto\\\/\",\"name\":\"Campane di eucalipto - Insektenliebe\",\"isPartOf\":{\"@id\":\"https:\\\/\\\/insektenliebe.com\\\/it\\\/#website\"},\"primaryImageOfPage\":{\"@id\":\"https:\\\/\\\/insektenliebe.com\\\/it\\\/shop\\\/prodotto\\\/campane-di-eucalipto\\\/#primaryimage\"},\"image\":{\"@id\":\"https:\\\/\\\/insektenliebe.com\\\/it\\\/shop\\\/prodotto\\\/campane-di-eucalipto\\\/#primaryimage\"},\"thumbnailUrl\":\"https:\\\/\\\/insektenliebe.com\\\/wp-content\\\/uploads\\\/2025\\\/05\\\/Eukalyptus-Glocken-2.jpg\",\"datePublished\":\"2024-11-01T09:29:04+00:00\",\"dateModified\":\"2024-11-01T10:29:04+00:00\",\"description\":\"Acquista le campane di eucalipto a basso costo direttamente online! Ideale per i ragni saltatori: porta nel tuo terrario dei nascondigli naturali ed eleganti.\",\"breadcrumb\":{\"@id\":\"https:\\\/\\\/insektenliebe.com\\\/it\\\/shop\\\/prodotto\\\/campane-di-eucalipto\\\/#breadcrumb\"},\"inLanguage\":\"it-IT\",\"potentialAction\":[{\"@type\":\"ReadAction\",\"target\":[\"https:\\\/\\\/insektenliebe.com\\\/it\\\/shop\\\/prodotto\\\/campane-di-eucalipto\\\/\"]}]},{\"@type\":\"ImageObject\",\"inLanguage\":\"it-IT\",\"@id\":\"https:\\\/\\\/insektenliebe.com\\\/it\\\/shop\\\/prodotto\\\/campane-di-eucalipto\\\/#primaryimage\",\"url\":\"https:\\\/\\\/insektenliebe.com\\\/wp-content\\\/uploads\\\/2025\\\/05\\\/Eukalyptus-Glocken-2.jpg\",\"contentUrl\":\"https:\\\/\\\/insektenliebe.com\\\/wp-content\\\/uploads\\\/2025\\\/05\\\/Eukalyptus-Glocken-2.jpg\",\"width\":820,\"height\":820,\"caption\":\"Campane di eucalipto-2.jpg\"},{\"@type\":\"BreadcrumbList\",\"@id\":\"https:\\\/\\\/insektenliebe.com\\\/it\\\/shop\\\/prodotto\\\/campane-di-eucalipto\\\/#breadcrumb\",\"itemListElement\":[{\"@type\":\"ListItem\",\"position\":1,\"name\":\"Startseite\",\"item\":\"https:\\\/\\\/insektenliebe.com\\\/it\\\/\"},{\"@type\":\"ListItem\",\"position\":2,\"name\":\"Negozio\",\"item\":\"https:\\\/\\\/insektenliebe.com\\\/it\\\/negozio\\\/\"},{\"@type\":\"ListItem\",\"position\":3,\"name\":\"Campane di eucalipto\"}]},{\"@type\":\"WebSite\",\"@id\":\"https:\\\/\\\/insektenliebe.com\\\/it\\\/#website\",\"url\":\"https:\\\/\\\/insektenliebe.com\\\/it\\\/\",\"name\":\"Insektenliebe\",\"description\":\"Dein Zuhause f\u00fcr die kleinen Lebewesen\",\"publisher\":{\"@id\":\"https:\\\/\\\/insektenliebe.com\\\/it\\\/#organization\"},\"potentialAction\":[{\"@type\":\"SearchAction\",\"target\":{\"@type\":\"EntryPoint\",\"urlTemplate\":\"https:\\\/\\\/insektenliebe.com\\\/it\\\/?s={search_term_string}\"},\"query-input\":{\"@type\":\"PropertyValueSpecification\",\"valueRequired\":true,\"valueName\":\"search_term_string\"}}],\"inLanguage\":\"it-IT\"},{\"@type\":\"Organization\",\"@id\":\"https:\\\/\\\/insektenliebe.com\\\/it\\\/#organization\",\"name\":\"Insektenliebe\",\"url\":\"https:\\\/\\\/insektenliebe.com\\\/it\\\/\",\"logo\":{\"@type\":\"ImageObject\",\"inLanguage\":\"it-IT\",\"@id\":\"https:\\\/\\\/insektenliebe.com\\\/it\\\/#\\\/schema\\\/logo\\\/image\\\/\",\"url\":\"https:\\\/\\\/insektenliebe.com\\\/wp-content\\\/uploads\\\/2025\\\/03\\\/logo-white.png\",\"contentUrl\":\"https:\\\/\\\/insektenliebe.com\\\/wp-content\\\/uploads\\\/2025\\\/03\\\/logo-white.png\",\"width\":288,\"height\":188,\"caption\":\"Insektenliebe\"},\"image\":{\"@id\":\"https:\\\/\\\/insektenliebe.com\\\/it\\\/#\\\/schema\\\/logo\\\/image\\\/\"}}]}<\/script>\n<!-- \/ Yoast SEO plugin. -->","yoast_head_json":{"title":"Campane di eucalipto - Insektenliebe","description":"Acquista le campane di eucalipto a basso costo direttamente online! Ideale per i ragni saltatori: porta nel tuo terrario dei nascondigli naturali ed eleganti.","robots":{"index":"index","follow":"follow","max-snippet":"max-snippet:-1","max-image-preview":"max-image-preview:large","max-video-preview":"max-video-preview:-1"},"canonical":"https:\/\/insektenliebe.com\/it\/shop\/prodotto\/campane-di-eucalipto\/","og_locale":"it_IT","og_type":"article","og_title":"Campane di eucalipto - Insektenliebe","og_description":"Acquista le campane di eucalipto a basso costo direttamente online! Ideale per i ragni saltatori: porta nel tuo terrario dei nascondigli naturali ed eleganti.","og_url":"https:\/\/insektenliebe.com\/it\/shop\/prodotto\/campane-di-eucalipto\/","og_site_name":"Insektenliebe","article_modified_time":"2024-11-01T10:29:04+00:00","og_image":[{"width":820,"height":820,"url":"https:\/\/insektenliebe.com\/wp-content\/uploads\/2025\/05\/Eukalyptus-Glocken-2.jpg","type":"image\/jpeg"}],"twitter_card":"summary_large_image","twitter_misc":{"Tempo di lettura stimato":"2 minuto"},"schema":{"@context":"https:\/\/schema.org","@graph":[{"@type":"WebPage","@id":"https:\/\/insektenliebe.com\/it\/shop\/prodotto\/campane-di-eucalipto\/","url":"https:\/\/insektenliebe.com\/it\/shop\/prodotto\/campane-di-eucalipto\/","name":"Campane di eucalipto - Insektenliebe","isPartOf":{"@id":"https:\/\/insektenliebe.com\/it\/#website"},"primaryImageOfPage":{"@id":"https:\/\/insektenliebe.com\/it\/shop\/prodotto\/campane-di-eucalipto\/#primaryimage"},"image":{"@id":"https:\/\/insektenliebe.com\/it\/shop\/prodotto\/campane-di-eucalipto\/#primaryimage"},"thumbnailUrl":"https:\/\/insektenliebe.com\/wp-content\/uploads\/2025\/05\/Eukalyptus-Glocken-2.jpg","datePublished":"2024-11-01T09:29:04+00:00","dateModified":"2024-11-01T10:29:04+00:00","description":"Acquista le campane di eucalipto a basso costo direttamente online! Ideale per i ragni saltatori: porta nel tuo terrario dei nascondigli naturali ed eleganti.","breadcrumb":{"@id":"https:\/\/insektenliebe.com\/it\/shop\/prodotto\/campane-di-eucalipto\/#breadcrumb"},"inLanguage":"it-IT","potentialAction":[{"@type":"ReadAction","target":["https:\/\/insektenliebe.com\/it\/shop\/prodotto\/campane-di-eucalipto\/"]}]},{"@type":"ImageObject","inLanguage":"it-IT","@id":"https:\/\/insektenliebe.com\/it\/shop\/prodotto\/campane-di-eucalipto\/#primaryimage","url":"https:\/\/insektenliebe.com\/wp-content\/uploads\/2025\/05\/Eukalyptus-Glocken-2.jpg","contentUrl":"https:\/\/insektenliebe.com\/wp-content\/uploads\/2025\/05\/Eukalyptus-Glocken-2.jpg","width":820,"height":820,"caption":"Campane di eucalipto-2.jpg"},{"@type":"BreadcrumbList","@id":"https:\/\/insektenliebe.com\/it\/shop\/prodotto\/campane-di-eucalipto\/#breadcrumb","itemListElement":[{"@type":"ListItem","position":1,"name":"Startseite","item":"https:\/\/insektenliebe.com\/it\/"},{"@type":"ListItem","position":2,"name":"Negozio","item":"https:\/\/insektenliebe.com\/it\/negozio\/"},{"@type":"ListItem","position":3,"name":"Campane di eucalipto"}]},{"@type":"WebSite","@id":"https:\/\/insektenliebe.com\/it\/#website","url":"https:\/\/insektenliebe.com\/it\/","name":"Insektenliebe","description":"Dein Zuhause f\u00fcr die kleinen Lebewesen","publisher":{"@id":"https:\/\/insektenliebe.com\/it\/#organization"},"potentialAction":[{"@type":"SearchAction","target":{"@type":"EntryPoint","urlTemplate":"https:\/\/insektenliebe.com\/it\/?s={search_term_string}"},"query-input":{"@type":"PropertyValueSpecification","valueRequired":true,"valueName":"search_term_string"}}],"inLanguage":"it-IT"},{"@type":"Organization","@id":"https:\/\/insektenliebe.com\/it\/#organization","name":"Insektenliebe","url":"https:\/\/insektenliebe.com\/it\/","logo":{"@type":"ImageObject","inLanguage":"it-IT","@id":"https:\/\/insektenliebe.com\/it\/#\/schema\/logo\/image\/","url":"https:\/\/insektenliebe.com\/wp-content\/uploads\/2025\/03\/logo-white.png","contentUrl":"https:\/\/insektenliebe.com\/wp-content\/uploads\/2025\/03\/logo-white.png","width":288,"height":188,"caption":"Insektenliebe"},"image":{"@id":"https:\/\/insektenliebe.com\/it\/#\/schema\/logo\/image\/"}}]}},"_links":{"self":[{"href":"https:\/\/insektenliebe.com\/it\/wp-json\/wp\/v2\/product\/187618","targetHints":{"allow":["GET"]}}],"collection":[{"href":"https:\/\/insektenliebe.com\/it\/wp-json\/wp\/v2\/product"}],"about":[{"href":"https:\/\/insektenliebe.com\/it\/wp-json\/wp\/v2\/types\/product"}],"wp:featuredmedia":[{"embeddable":true,"href":"https:\/\/insektenliebe.com\/it\/wp-json\/wp\/v2\/media\/187620"}],"wp:attachment":[{"href":"https:\/\/insektenliebe.com\/it\/wp-json\/wp\/v2\/media?parent=187618"}],"wp:term":[{"taxonomy":"product-supplier","embeddable":true,"href":"https:\/\/insektenliebe.com\/it\/wp-json\/wp\/v2\/product-supplier?post=187618"},{"taxonomy":"product_brand","embeddable":true,"href":"https:\/\/insektenliebe.com\/it\/wp-json\/wp\/v2\/product_brand?post=187618"},{"taxonomy":"product_cat","embeddable":true,"href":"https:\/\/insektenliebe.com\/it\/wp-json\/wp\/v2\/product_cat?post=187618"},{"taxonomy":"product_tag","embeddable":true,"href":"https:\/\/insektenliebe.com\/it\/wp-json\/wp\/v2\/product_tag?post=187618"},{"taxonomy":"lce-checkout-addons","embeddable":true,"href":"https:\/\/insektenliebe.com\/it\/wp-json\/wp\/v2\/lce-checkout-addons?post=187618"}],"curies":[{"name":"wp","href":"https:\/\/api.w.org\/{rel}","templated":true}]}}