{"id":187589,"date":"2024-10-09T16:53:00","date_gmt":"2024-10-09T14:53:00","guid":{"rendered":"https:\/\/insektenliebe.com\/shop\/produkt\/schiuma-da-modellare\/"},"modified":"2026-02-26T17:50:21","modified_gmt":"2026-02-26T16:50:21","slug":"schiuma-da-modellare","status":"publish","type":"product","link":"https:\/\/insektenliebe.com\/it\/shop\/prodotto\/schiuma-da-modellare\/","title":{"rendered":"Schiuma da modellare"},"content":{"rendered":"<h3><span style=\"color: #99cc33;\"><strong>Schiuma da modellare: la scelta ideale per i creativi che costruiscono terrari<\/strong><\/span><\/h3>\n<p class=\"p1\">La <strong>schiuma da modellare<\/strong> ti d\u00e0 la libert\u00e0 di progettare il tuo terrario secondo le tue idee, sia con pareti posteriori modellate individualmente, ruscelli naturali, cascate impressionanti o pietre e grotte create da te. \u00c8 il tuo strumento indispensabile per le decorazioni personalizzate del terrario. <\/p>\n<p class=\"p1\">La <strong>schiuma modellabile<\/strong> \u00e8 stata sviluppata appositamente per le esigenze dei terrari. La schiuma \u00e8 completamente sicura per gli animali e le piante. Offre numerosi vantaggi rispetto alla schiuma da modellare tradizionale. Uno dei maggiori vantaggi \u00e8 che si indurisce in un colore nero, che la rende quasi invisibile in un terrario e favorisce un aspetto naturale. Questa colorazione scura rende pi\u00f9 facile incorporarla nel design delle aree pi\u00f9 scure e in ombra, senza doverla dipingere successivamente.    <\/p>\n<p class=\"p1\">Un altro vantaggio significativo della nostra <strong>schiuma da modellare<\/strong> \u00e8 che si espande solo in minima parte quando si asciuga. Ci\u00f2 consente un&#8217;applicazione pi\u00f9 precisa e controllata, in modo da poter realizzare le tue idee creative senza preoccuparti di un&#8217;espansione indesiderata. In questo modo potrai sempre mantenere il controllo sul design e sulla struttura del tuo terrario.  <\/p>\n<p class=\"p1\">La <strong>schiuma<\/strong><b>per modellare<\/b> \u00e8 molto facile da usare ed \u00e8 ideale anche per i principianti del terrario che desiderano farlo da soli. Che tu voglia ricreare una spettacolare catena montuosa rocciosa o creare una grotta segreta per i tuoi rettili, con questa schiuma tutto \u00e8 possibile. <\/p>\n<p class=\"p1\">Usa la <strong>schiuma modellante per<\/strong> dare un tocco personale e unico al tuo terrario. Non solo costituisce un&#8217;ottima base per un allestimento creativo, ma favorisce anche il benessere degli abitanti del terrario creando nascondigli e aree di riposo che corrispondono alle loro condizioni di vita naturali. <\/p>\n<p class=\"p1\">Acquista subito la <strong>schiuma modellante<\/strong> e trasforma il tuo terrario in un paesaggio naturale di grande effetto e dal design personalizzato, che attira l&#8217;attenzione e contribuisce al comportamento naturale dei tuoi animali.<\/p>\n<p class=\"p1\"><span style=\"color: #99cc33;\"><strong>Esempio di applicazione:<\/strong><\/span><\/p>\n<p>Spruzza la schiuma sull&#8217;area che vuoi modellare. Evita di spruzzare lunghi fili di schiuma, ma tieni la bomboletta ben salda in un punto e spruzza fino a raggiungere la quantit\u00e0 desiderata. Poi lascia asciugare la schiuma. Una volta che si \u00e8 completamente indurita, puoi utilizzare un coltello affilato per modellare la schiuma asciutta come desideri.   <\/p>\n<p><img decoding=\"async\" src=\"https:\/\/insektenliebe.com\/wp-content\/uploads\/2024\/10\/Gestaltungsschaum-Anwendung.jpg\" alt=\"Applicazione della schiuma di modellazione\"><\/p>\n<p><img decoding=\"async\" src=\"https:\/\/insektenliebe.com\/wp-content\/uploads\/2024\/10\/Gestaltungsschaum-Steinoptik-1.jpg\" alt=\"Modellare la schiuma effetto pietra\"><\/p>\n<p><img decoding=\"async\" src=\"https:\/\/insektenliebe.com\/wp-content\/uploads\/2024\/10\/Gestaltungsschaum-Hoehle.jpg\" alt=\"Grotta di schiuma da modellare\"><\/p>\n<div class=\"flex-shrink-0 flex flex-col relative items-end\">\n<div>\n<div class=\"pt-0\">\n<div class=\"gizmo-bot-avatar flex h-8 w-8 items-center justify-center overflow-hidden rounded-full\">\n<div class=\"relative p-1 rounded-sm flex items-center justify-center bg-token-main-surface-primary text-token-text-primary h-8 w-8\"><span style=\"color: #555555;\">Leggi le istruzioni di sicurezza prima dell&#8217;uso! La superficie deve essere asciutta, pulita e priva di grasso e polvere. Rimuovi le parti allentate e inumidisci la superficie in anticipo. Avvita la cannuccia sulla bomboletta e scuotila vigorosamente per almeno 20 volte. Tieni la bomboletta capovolta e spruzza la schiuma: Riempi le fughe fino al 60%, spruzza pi\u00f9 volte per le fughe pi\u00f9 grandi. Dopo circa 15 minuti, la schiuma non \u00e8 appiccicosa; l&#8217;indurimento completo pu\u00f2 richiedere fino a 16 ore, a seconda dello spessore della schiuma. Applica la schiuma a temperature comprese tra 5 e 25\u00b0C. \u00c8 possibile una leggera decolorazione. La durata di conservazione \u00e8 di 12 mesi in confezioni integre, in posizione verticale, in un luogo fresco, al riparo dal gelo e asciutto (5-30\u00b0C); vedi l&#8217;impronta sulla base. Dopo l&#8217;apertura, il prodotto ha una durata di conservazione limitata.         <\/span><\/div>\n<\/div>\n<\/div>\n<\/div>\n<\/div>\n","protected":false},"excerpt":{"rendered":"<p>Schiuma da modellare: la scelta ideale per i creativi che costruiscono terrari La schiuma da modellare ti d\u00e0 la libert\u00e0 di progettare il tuo terrario secondo le tue idee, sia con pareti posteriori modellate individualmente, ruscelli naturali, cascate impressionanti o pietre e grotte create da te. \u00c8 il tuo strumento indispensabile per le decorazioni personalizzate [&hellip;]<\/p>\n","protected":false},"featured_media":187591,"template":"","meta":{"_acf_changed":false},"product-supplier":[],"product_brand":[],"product_cat":[2740],"product_tag":[],"lce-checkout-addons":[],"class_list":{"0":"post-187589","1":"product","2":"type-product","3":"status-publish","4":"has-post-thumbnail","6":"product_cat-arredamento-e-decorazione","7":"product_shipping_class-equipment-shipping","9":"first","10":"instock","11":"taxable","12":"shipping-taxable","13":"purchasable","14":"product-type-simple"},"acf":[],"yoast_head":"<!-- This site is optimized with the Yoast SEO plugin v27.3 - https:\/\/yoast.com\/product\/yoast-seo-wordpress\/ -->\n<title>Schiuma da modellare - Insektenliebe<\/title>\n<meta name=\"description\" content=\"Acquista la schiuma da modellare nera da 375 ml a prezzi convenienti e direttamente online: Perfetta per sfondi e decorazioni di terrari, sicura per animali e piante.\" \/>\n<meta name=\"robots\" content=\"index, follow, max-snippet:-1, max-image-preview:large, max-video-preview:-1\" \/>\n<link rel=\"canonical\" href=\"https:\/\/insektenliebe.com\/it\/shop\/prodotto\/schiuma-da-modellare\/\" \/>\n<meta property=\"og:locale\" content=\"it_IT\" \/>\n<meta property=\"og:type\" content=\"article\" \/>\n<meta property=\"og:title\" content=\"Schiuma da modellare - Insektenliebe\" \/>\n<meta property=\"og:description\" content=\"Acquista la schiuma da modellare nera da 375 ml a prezzi convenienti e direttamente online: Perfetta per sfondi e decorazioni di terrari, sicura per animali e piante.\" \/>\n<meta property=\"og:url\" content=\"https:\/\/insektenliebe.com\/it\/shop\/prodotto\/schiuma-da-modellare\/\" \/>\n<meta property=\"og:site_name\" content=\"Insektenliebe\" \/>\n<meta property=\"article:modified_time\" content=\"2026-02-26T16:50:21+00:00\" \/>\n<meta property=\"og:image\" content=\"https:\/\/insektenliebe.com\/wp-content\/uploads\/2025\/05\/Gestaltungsschaum-2.jpg\" \/>\n\t<meta property=\"og:image:width\" content=\"820\" \/>\n\t<meta property=\"og:image:height\" content=\"820\" \/>\n\t<meta property=\"og:image:type\" content=\"image\/jpeg\" \/>\n<meta name=\"twitter:card\" content=\"summary_large_image\" \/>\n<meta name=\"twitter:label1\" content=\"Tempo di lettura stimato\" \/>\n\t<meta name=\"twitter:data1\" content=\"2 minuto\" \/>\n<script type=\"application\/ld+json\" class=\"yoast-schema-graph\">{\"@context\":\"https:\\\/\\\/schema.org\",\"@graph\":[{\"@type\":\"WebPage\",\"@id\":\"https:\\\/\\\/insektenliebe.com\\\/it\\\/shop\\\/prodotto\\\/schiuma-da-modellare\\\/\",\"url\":\"https:\\\/\\\/insektenliebe.com\\\/it\\\/shop\\\/prodotto\\\/schiuma-da-modellare\\\/\",\"name\":\"Schiuma da modellare - Insektenliebe\",\"isPartOf\":{\"@id\":\"https:\\\/\\\/insektenliebe.com\\\/it\\\/#website\"},\"primaryImageOfPage\":{\"@id\":\"https:\\\/\\\/insektenliebe.com\\\/it\\\/shop\\\/prodotto\\\/schiuma-da-modellare\\\/#primaryimage\"},\"image\":{\"@id\":\"https:\\\/\\\/insektenliebe.com\\\/it\\\/shop\\\/prodotto\\\/schiuma-da-modellare\\\/#primaryimage\"},\"thumbnailUrl\":\"https:\\\/\\\/insektenliebe.com\\\/wp-content\\\/uploads\\\/2025\\\/05\\\/Gestaltungsschaum-2.jpg\",\"datePublished\":\"2024-10-09T14:53:00+00:00\",\"dateModified\":\"2026-02-26T16:50:21+00:00\",\"description\":\"Acquista la schiuma da modellare nera da 375 ml a prezzi convenienti e direttamente online: Perfetta per sfondi e decorazioni di terrari, sicura per animali e piante.\",\"breadcrumb\":{\"@id\":\"https:\\\/\\\/insektenliebe.com\\\/it\\\/shop\\\/prodotto\\\/schiuma-da-modellare\\\/#breadcrumb\"},\"inLanguage\":\"it-IT\",\"potentialAction\":[{\"@type\":\"ReadAction\",\"target\":[\"https:\\\/\\\/insektenliebe.com\\\/it\\\/shop\\\/prodotto\\\/schiuma-da-modellare\\\/\"]}]},{\"@type\":\"ImageObject\",\"inLanguage\":\"it-IT\",\"@id\":\"https:\\\/\\\/insektenliebe.com\\\/it\\\/shop\\\/prodotto\\\/schiuma-da-modellare\\\/#primaryimage\",\"url\":\"https:\\\/\\\/insektenliebe.com\\\/wp-content\\\/uploads\\\/2025\\\/05\\\/Gestaltungsschaum-2.jpg\",\"contentUrl\":\"https:\\\/\\\/insektenliebe.com\\\/wp-content\\\/uploads\\\/2025\\\/05\\\/Gestaltungsschaum-2.jpg\",\"width\":820,\"height\":820,\"caption\":\"Design foam-2.jpg\"},{\"@type\":\"BreadcrumbList\",\"@id\":\"https:\\\/\\\/insektenliebe.com\\\/it\\\/shop\\\/prodotto\\\/schiuma-da-modellare\\\/#breadcrumb\",\"itemListElement\":[{\"@type\":\"ListItem\",\"position\":1,\"name\":\"Startseite\",\"item\":\"https:\\\/\\\/insektenliebe.com\\\/it\\\/\"},{\"@type\":\"ListItem\",\"position\":2,\"name\":\"Negozio\",\"item\":\"https:\\\/\\\/insektenliebe.com\\\/it\\\/negozio\\\/\"},{\"@type\":\"ListItem\",\"position\":3,\"name\":\"Schiuma da modellare\"}]},{\"@type\":\"WebSite\",\"@id\":\"https:\\\/\\\/insektenliebe.com\\\/it\\\/#website\",\"url\":\"https:\\\/\\\/insektenliebe.com\\\/it\\\/\",\"name\":\"Insektenliebe\",\"description\":\"Dein Zuhause f\u00fcr die kleinen Lebewesen\",\"publisher\":{\"@id\":\"https:\\\/\\\/insektenliebe.com\\\/it\\\/#organization\"},\"potentialAction\":[{\"@type\":\"SearchAction\",\"target\":{\"@type\":\"EntryPoint\",\"urlTemplate\":\"https:\\\/\\\/insektenliebe.com\\\/it\\\/?s={search_term_string}\"},\"query-input\":{\"@type\":\"PropertyValueSpecification\",\"valueRequired\":true,\"valueName\":\"search_term_string\"}}],\"inLanguage\":\"it-IT\"},{\"@type\":\"Organization\",\"@id\":\"https:\\\/\\\/insektenliebe.com\\\/it\\\/#organization\",\"name\":\"Insektenliebe\",\"url\":\"https:\\\/\\\/insektenliebe.com\\\/it\\\/\",\"logo\":{\"@type\":\"ImageObject\",\"inLanguage\":\"it-IT\",\"@id\":\"https:\\\/\\\/insektenliebe.com\\\/it\\\/#\\\/schema\\\/logo\\\/image\\\/\",\"url\":\"https:\\\/\\\/insektenliebe.com\\\/wp-content\\\/uploads\\\/2025\\\/03\\\/logo-white.png\",\"contentUrl\":\"https:\\\/\\\/insektenliebe.com\\\/wp-content\\\/uploads\\\/2025\\\/03\\\/logo-white.png\",\"width\":288,\"height\":188,\"caption\":\"Insektenliebe\"},\"image\":{\"@id\":\"https:\\\/\\\/insektenliebe.com\\\/it\\\/#\\\/schema\\\/logo\\\/image\\\/\"}}]}<\/script>\n<!-- \/ Yoast SEO plugin. -->","yoast_head_json":{"title":"Schiuma da modellare - Insektenliebe","description":"Acquista la schiuma da modellare nera da 375 ml a prezzi convenienti e direttamente online: Perfetta per sfondi e decorazioni di terrari, sicura per animali e piante.","robots":{"index":"index","follow":"follow","max-snippet":"max-snippet:-1","max-image-preview":"max-image-preview:large","max-video-preview":"max-video-preview:-1"},"canonical":"https:\/\/insektenliebe.com\/it\/shop\/prodotto\/schiuma-da-modellare\/","og_locale":"it_IT","og_type":"article","og_title":"Schiuma da modellare - Insektenliebe","og_description":"Acquista la schiuma da modellare nera da 375 ml a prezzi convenienti e direttamente online: Perfetta per sfondi e decorazioni di terrari, sicura per animali e piante.","og_url":"https:\/\/insektenliebe.com\/it\/shop\/prodotto\/schiuma-da-modellare\/","og_site_name":"Insektenliebe","article_modified_time":"2026-02-26T16:50:21+00:00","og_image":[{"width":820,"height":820,"url":"https:\/\/insektenliebe.com\/wp-content\/uploads\/2025\/05\/Gestaltungsschaum-2.jpg","type":"image\/jpeg"}],"twitter_card":"summary_large_image","twitter_misc":{"Tempo di lettura stimato":"2 minuto"},"schema":{"@context":"https:\/\/schema.org","@graph":[{"@type":"WebPage","@id":"https:\/\/insektenliebe.com\/it\/shop\/prodotto\/schiuma-da-modellare\/","url":"https:\/\/insektenliebe.com\/it\/shop\/prodotto\/schiuma-da-modellare\/","name":"Schiuma da modellare - Insektenliebe","isPartOf":{"@id":"https:\/\/insektenliebe.com\/it\/#website"},"primaryImageOfPage":{"@id":"https:\/\/insektenliebe.com\/it\/shop\/prodotto\/schiuma-da-modellare\/#primaryimage"},"image":{"@id":"https:\/\/insektenliebe.com\/it\/shop\/prodotto\/schiuma-da-modellare\/#primaryimage"},"thumbnailUrl":"https:\/\/insektenliebe.com\/wp-content\/uploads\/2025\/05\/Gestaltungsschaum-2.jpg","datePublished":"2024-10-09T14:53:00+00:00","dateModified":"2026-02-26T16:50:21+00:00","description":"Acquista la schiuma da modellare nera da 375 ml a prezzi convenienti e direttamente online: Perfetta per sfondi e decorazioni di terrari, sicura per animali e piante.","breadcrumb":{"@id":"https:\/\/insektenliebe.com\/it\/shop\/prodotto\/schiuma-da-modellare\/#breadcrumb"},"inLanguage":"it-IT","potentialAction":[{"@type":"ReadAction","target":["https:\/\/insektenliebe.com\/it\/shop\/prodotto\/schiuma-da-modellare\/"]}]},{"@type":"ImageObject","inLanguage":"it-IT","@id":"https:\/\/insektenliebe.com\/it\/shop\/prodotto\/schiuma-da-modellare\/#primaryimage","url":"https:\/\/insektenliebe.com\/wp-content\/uploads\/2025\/05\/Gestaltungsschaum-2.jpg","contentUrl":"https:\/\/insektenliebe.com\/wp-content\/uploads\/2025\/05\/Gestaltungsschaum-2.jpg","width":820,"height":820,"caption":"Design foam-2.jpg"},{"@type":"BreadcrumbList","@id":"https:\/\/insektenliebe.com\/it\/shop\/prodotto\/schiuma-da-modellare\/#breadcrumb","itemListElement":[{"@type":"ListItem","position":1,"name":"Startseite","item":"https:\/\/insektenliebe.com\/it\/"},{"@type":"ListItem","position":2,"name":"Negozio","item":"https:\/\/insektenliebe.com\/it\/negozio\/"},{"@type":"ListItem","position":3,"name":"Schiuma da modellare"}]},{"@type":"WebSite","@id":"https:\/\/insektenliebe.com\/it\/#website","url":"https:\/\/insektenliebe.com\/it\/","name":"Insektenliebe","description":"Dein Zuhause f\u00fcr die kleinen Lebewesen","publisher":{"@id":"https:\/\/insektenliebe.com\/it\/#organization"},"potentialAction":[{"@type":"SearchAction","target":{"@type":"EntryPoint","urlTemplate":"https:\/\/insektenliebe.com\/it\/?s={search_term_string}"},"query-input":{"@type":"PropertyValueSpecification","valueRequired":true,"valueName":"search_term_string"}}],"inLanguage":"it-IT"},{"@type":"Organization","@id":"https:\/\/insektenliebe.com\/it\/#organization","name":"Insektenliebe","url":"https:\/\/insektenliebe.com\/it\/","logo":{"@type":"ImageObject","inLanguage":"it-IT","@id":"https:\/\/insektenliebe.com\/it\/#\/schema\/logo\/image\/","url":"https:\/\/insektenliebe.com\/wp-content\/uploads\/2025\/03\/logo-white.png","contentUrl":"https:\/\/insektenliebe.com\/wp-content\/uploads\/2025\/03\/logo-white.png","width":288,"height":188,"caption":"Insektenliebe"},"image":{"@id":"https:\/\/insektenliebe.com\/it\/#\/schema\/logo\/image\/"}}]}},"_links":{"self":[{"href":"https:\/\/insektenliebe.com\/it\/wp-json\/wp\/v2\/product\/187589","targetHints":{"allow":["GET"]}}],"collection":[{"href":"https:\/\/insektenliebe.com\/it\/wp-json\/wp\/v2\/product"}],"about":[{"href":"https:\/\/insektenliebe.com\/it\/wp-json\/wp\/v2\/types\/product"}],"wp:featuredmedia":[{"embeddable":true,"href":"https:\/\/insektenliebe.com\/it\/wp-json\/wp\/v2\/media\/187591"}],"wp:attachment":[{"href":"https:\/\/insektenliebe.com\/it\/wp-json\/wp\/v2\/media?parent=187589"}],"wp:term":[{"taxonomy":"product-supplier","embeddable":true,"href":"https:\/\/insektenliebe.com\/it\/wp-json\/wp\/v2\/product-supplier?post=187589"},{"taxonomy":"product_brand","embeddable":true,"href":"https:\/\/insektenliebe.com\/it\/wp-json\/wp\/v2\/product_brand?post=187589"},{"taxonomy":"product_cat","embeddable":true,"href":"https:\/\/insektenliebe.com\/it\/wp-json\/wp\/v2\/product_cat?post=187589"},{"taxonomy":"product_tag","embeddable":true,"href":"https:\/\/insektenliebe.com\/it\/wp-json\/wp\/v2\/product_tag?post=187589"},{"taxonomy":"lce-checkout-addons","embeddable":true,"href":"https:\/\/insektenliebe.com\/it\/wp-json\/wp\/v2\/lce-checkout-addons?post=187589"}],"curies":[{"name":"wp","href":"https:\/\/api.w.org\/{rel}","templated":true}]}}