{"id":187576,"date":"2025-02-20T15:24:00","date_gmt":"2025-02-20T14:24:00","guid":{"rendered":"https:\/\/insektenliebe.com\/shop\/produkt\/sistema-di-irrigazione-exo-terra-monsoon-nano\/"},"modified":"2026-03-03T11:01:30","modified_gmt":"2026-03-03T10:01:30","slug":"sistema-di-irrigazione-exo-terra-monsoon-nano","status":"publish","type":"product","link":"https:\/\/insektenliebe.com\/it\/shop\/prodotto\/sistema-di-irrigazione-exo-terra-monsoon-nano\/","title":{"rendered":"Sistema di irrigazione Exo Terra Monsoon NANO"},"content":{"rendered":"<h3><span class=\"s1\" style=\"color: #99cc33;\">Exo Terra Monsoon NANO - Compatto e potente<\/span><\/h3>\n<p class=\"p1\"><span class=\"s1\">Il sistema <\/span><span class=\"s2\">Sistema di irrigazione<strong>Exo Terra Monsoon NANO<\/strong> <\/span><span class=\"s1\">  \u00e8 un sistema a pioggia compatto e programmabile per terrari che consente un&#8217;umidificazione precisa e controllata. Soprattutto negli allestimenti tropicali o bioattivi, l&#8217;umidit\u00e0 costante gioca un ruolo fondamentale. Con il Monsoon NANO puoi controllare l&#8217;irrigazione esattamente in base alle esigenze dei tuoi animali e delle tue piante.  <\/span><\/p>\n<p class=\"p1\"><span class=\"s1\">Il sistema ti permette di programmare in modo flessibile gli intervalli e la durata dell&#8217;irrigazione. Puoi impostare diversi cicli di irrorazione nell&#8217;arco di 24 ore. Allo stesso tempo, la durata pu\u00f2 essere personalizzata da 1 solo secondo a 9 minuti. In alternativa, puoi programmare il sistema in modo che spruzzi solo una volta al giorno o addirittura ogni 30 giorni. In questo modo, il sistema \u00e8 adatto sia alle specie sensibili con elevate esigenze di umidit\u00e0, sia ai terrari che necessitano solo di un&#8217;occasionale aumento dell&#8217;umidit\u00e0.    <\/span><\/p>\n<p class=\"p1\"><span class=\"s1\">Gli ugelli multidirezionali in ottone producono una nebbia particolarmente fine. Questa viene distribuita uniformemente in tutto il terrario e simula le condizioni naturali della pioggia. Piante come bromeliacee, orchidee o muschi traggono notevoli benefici da questa umidificazione uniforme. Allo stesso tempo, la simulazione realistica della pioggia stimola il comportamento naturale e la riproduzione di molti rettili e anfibi.   <\/span><\/p>\n<p class=\"p1\"><span class=\"s1\">L&#8217;installazione rimane semplice. Devi collegare il sistema a un serbatoio d&#8217;acqua adeguato e posizionare l&#8217;ugello nell&#8217;area desiderata. Il Monsoon NANO pu\u00f2 essere utilizzato in modo flessibile e, se necessario, pu\u00f2 essere ampliato fino a quattro ugelli. Questo ti permette di alimentare uno o addirittura due terrari contemporaneamente.   <\/span><\/p>\n<p class=\"p1\"><span class=\"s1\">Il sistema offre sicurezza, soprattutto quando sei fuori casa. Mentre non sei in casa, l&#8217;irrigazione programmata mantiene il microclima stabile. In questo modo si evita la disidratazione e si proteggono piante e animali sensibili.  <\/span><\/p>\n<p class=\"p1\"><span class=\"s1\">Il sistema <\/span><span class=\"s2\">Sistema di irrigazione<strong>Exo Terra Monsoon NANO<\/strong> <\/span><span class=\"s1\">  combina precisione, flessibilit\u00e0 e semplicit\u00e0 di utilizzo. Chiunque sia alla ricerca di un sistema di pioggia affidabile per i terrari pi\u00f9 piccoli trover\u00e0 una soluzione ad alte prestazioni per un clima stabile e quasi naturale. <\/span><\/p>\n","protected":false},"excerpt":{"rendered":"<p>Exo Terra Monsoon NANO - Compatto e potente Il sistema Sistema di irrigazioneExo Terra Monsoon NANO \u00e8 un sistema a pioggia compatto e programmabile per terrari che consente un&#8217;umidificazione precisa e controllata. Soprattutto negli allestimenti tropicali o bioattivi, l&#8217;umidit\u00e0 costante gioca un ruolo fondamentale. Con il Monsoon NANO puoi controllare l&#8217;irrigazione esattamente in base alle [&hellip;]<\/p>\n","protected":false},"featured_media":184851,"template":"","meta":{"_acf_changed":false},"product-supplier":[2554],"product_brand":[3027],"product_cat":[2741],"product_tag":[],"lce-checkout-addons":[],"class_list":{"0":"post-187576","1":"product","2":"type-product","3":"status-publish","4":"has-post-thumbnail","6":"product_brand-exo-terra","7":"product_cat-illuminazione-e-clima","8":"product_shipping_class-equipment-shipping","10":"first","11":"instock","12":"sale","13":"taxable","14":"shipping-taxable","15":"purchasable","16":"product-type-simple"},"acf":[],"yoast_head":"<!-- This site is optimized with the Yoast SEO plugin v27.3 - https:\/\/yoast.com\/product\/yoast-seo-wordpress\/ -->\n<title>Sistema di irrigazione Exo Terra Monsoon NANO - Insektenliebe<\/title>\n<meta name=\"description\" content=\"Exo Terra Monsoon NANO \u00e8 un sistema di irrigazione programmabile con nebulizzazione extra fine. Pu\u00f2 essere utilizzato per 1-4 terrari nano.\" \/>\n<meta name=\"robots\" content=\"index, follow, max-snippet:-1, max-image-preview:large, max-video-preview:-1\" \/>\n<link rel=\"canonical\" href=\"https:\/\/insektenliebe.com\/it\/shop\/prodotto\/sistema-di-irrigazione-exo-terra-monsoon-nano\/\" \/>\n<meta property=\"og:locale\" content=\"it_IT\" \/>\n<meta property=\"og:type\" content=\"article\" \/>\n<meta property=\"og:title\" content=\"Sistema di irrigazione Exo Terra Monsoon NANO - Insektenliebe\" \/>\n<meta property=\"og:description\" content=\"Exo Terra Monsoon NANO \u00e8 un sistema di irrigazione programmabile con nebulizzazione extra fine. Pu\u00f2 essere utilizzato per 1-4 terrari nano.\" \/>\n<meta property=\"og:url\" content=\"https:\/\/insektenliebe.com\/it\/shop\/prodotto\/sistema-di-irrigazione-exo-terra-monsoon-nano\/\" \/>\n<meta property=\"og:site_name\" content=\"Insektenliebe\" \/>\n<meta property=\"article:modified_time\" content=\"2026-03-03T10:01:30+00:00\" \/>\n<meta property=\"og:image\" content=\"https:\/\/insektenliebe.com\/wp-content\/uploads\/2025\/05\/Exo-Terra-Monsoon-Nano-Beregnungsanlage-2.jpg\" \/>\n\t<meta property=\"og:image:width\" content=\"820\" \/>\n\t<meta property=\"og:image:height\" content=\"820\" \/>\n\t<meta property=\"og:image:type\" content=\"image\/jpeg\" \/>\n<meta name=\"twitter:card\" content=\"summary_large_image\" \/>\n<meta name=\"twitter:label1\" content=\"Tempo di lettura stimato\" \/>\n\t<meta name=\"twitter:data1\" content=\"2 minuto\" \/>\n<script type=\"application\/ld+json\" class=\"yoast-schema-graph\">{\"@context\":\"https:\\\/\\\/schema.org\",\"@graph\":[{\"@type\":\"WebPage\",\"@id\":\"https:\\\/\\\/insektenliebe.com\\\/it\\\/shop\\\/prodotto\\\/sistema-di-irrigazione-exo-terra-monsoon-nano\\\/\",\"url\":\"https:\\\/\\\/insektenliebe.com\\\/it\\\/shop\\\/prodotto\\\/sistema-di-irrigazione-exo-terra-monsoon-nano\\\/\",\"name\":\"Sistema di irrigazione Exo Terra Monsoon NANO - Insektenliebe\",\"isPartOf\":{\"@id\":\"https:\\\/\\\/insektenliebe.com\\\/it\\\/#website\"},\"primaryImageOfPage\":{\"@id\":\"https:\\\/\\\/insektenliebe.com\\\/it\\\/shop\\\/prodotto\\\/sistema-di-irrigazione-exo-terra-monsoon-nano\\\/#primaryimage\"},\"image\":{\"@id\":\"https:\\\/\\\/insektenliebe.com\\\/it\\\/shop\\\/prodotto\\\/sistema-di-irrigazione-exo-terra-monsoon-nano\\\/#primaryimage\"},\"thumbnailUrl\":\"https:\\\/\\\/insektenliebe.com\\\/wp-content\\\/uploads\\\/2025\\\/05\\\/Exo-Terra-Monsoon-Nano-Beregnungsanlage-2.jpg\",\"datePublished\":\"2025-02-20T14:24:00+00:00\",\"dateModified\":\"2026-03-03T10:01:30+00:00\",\"description\":\"Exo Terra Monsoon NANO \u00e8 un sistema di irrigazione programmabile con nebulizzazione extra fine. Pu\u00f2 essere utilizzato per 1-4 terrari nano.\",\"breadcrumb\":{\"@id\":\"https:\\\/\\\/insektenliebe.com\\\/it\\\/shop\\\/prodotto\\\/sistema-di-irrigazione-exo-terra-monsoon-nano\\\/#breadcrumb\"},\"inLanguage\":\"it-IT\",\"potentialAction\":[{\"@type\":\"ReadAction\",\"target\":[\"https:\\\/\\\/insektenliebe.com\\\/it\\\/shop\\\/prodotto\\\/sistema-di-irrigazione-exo-terra-monsoon-nano\\\/\"]}]},{\"@type\":\"ImageObject\",\"inLanguage\":\"it-IT\",\"@id\":\"https:\\\/\\\/insektenliebe.com\\\/it\\\/shop\\\/prodotto\\\/sistema-di-irrigazione-exo-terra-monsoon-nano\\\/#primaryimage\",\"url\":\"https:\\\/\\\/insektenliebe.com\\\/wp-content\\\/uploads\\\/2025\\\/05\\\/Exo-Terra-Monsoon-Nano-Beregnungsanlage-2.jpg\",\"contentUrl\":\"https:\\\/\\\/insektenliebe.com\\\/wp-content\\\/uploads\\\/2025\\\/05\\\/Exo-Terra-Monsoon-Nano-Beregnungsanlage-2.jpg\",\"width\":820,\"height\":820,\"caption\":\"Exo-Terra-Monsoon-Nano-irrigazione-sistema-2.jpg\"},{\"@type\":\"BreadcrumbList\",\"@id\":\"https:\\\/\\\/insektenliebe.com\\\/it\\\/shop\\\/prodotto\\\/sistema-di-irrigazione-exo-terra-monsoon-nano\\\/#breadcrumb\",\"itemListElement\":[{\"@type\":\"ListItem\",\"position\":1,\"name\":\"Startseite\",\"item\":\"https:\\\/\\\/insektenliebe.com\\\/it\\\/\"},{\"@type\":\"ListItem\",\"position\":2,\"name\":\"Negozio\",\"item\":\"https:\\\/\\\/insektenliebe.com\\\/it\\\/negozio\\\/\"},{\"@type\":\"ListItem\",\"position\":3,\"name\":\"Sistema di irrigazione Exo Terra Monsoon NANO\"}]},{\"@type\":\"WebSite\",\"@id\":\"https:\\\/\\\/insektenliebe.com\\\/it\\\/#website\",\"url\":\"https:\\\/\\\/insektenliebe.com\\\/it\\\/\",\"name\":\"Insektenliebe\",\"description\":\"Dein Zuhause f\u00fcr die kleinen Lebewesen\",\"publisher\":{\"@id\":\"https:\\\/\\\/insektenliebe.com\\\/it\\\/#organization\"},\"potentialAction\":[{\"@type\":\"SearchAction\",\"target\":{\"@type\":\"EntryPoint\",\"urlTemplate\":\"https:\\\/\\\/insektenliebe.com\\\/it\\\/?s={search_term_string}\"},\"query-input\":{\"@type\":\"PropertyValueSpecification\",\"valueRequired\":true,\"valueName\":\"search_term_string\"}}],\"inLanguage\":\"it-IT\"},{\"@type\":\"Organization\",\"@id\":\"https:\\\/\\\/insektenliebe.com\\\/it\\\/#organization\",\"name\":\"Insektenliebe\",\"url\":\"https:\\\/\\\/insektenliebe.com\\\/it\\\/\",\"logo\":{\"@type\":\"ImageObject\",\"inLanguage\":\"it-IT\",\"@id\":\"https:\\\/\\\/insektenliebe.com\\\/it\\\/#\\\/schema\\\/logo\\\/image\\\/\",\"url\":\"https:\\\/\\\/insektenliebe.com\\\/wp-content\\\/uploads\\\/2025\\\/03\\\/logo-white.png\",\"contentUrl\":\"https:\\\/\\\/insektenliebe.com\\\/wp-content\\\/uploads\\\/2025\\\/03\\\/logo-white.png\",\"width\":288,\"height\":188,\"caption\":\"Insektenliebe\"},\"image\":{\"@id\":\"https:\\\/\\\/insektenliebe.com\\\/it\\\/#\\\/schema\\\/logo\\\/image\\\/\"}}]}<\/script>\n<!-- \/ Yoast SEO plugin. -->","yoast_head_json":{"title":"Sistema di irrigazione Exo Terra Monsoon NANO - Insektenliebe","description":"Exo Terra Monsoon NANO \u00e8 un sistema di irrigazione programmabile con nebulizzazione extra fine. Pu\u00f2 essere utilizzato per 1-4 terrari nano.","robots":{"index":"index","follow":"follow","max-snippet":"max-snippet:-1","max-image-preview":"max-image-preview:large","max-video-preview":"max-video-preview:-1"},"canonical":"https:\/\/insektenliebe.com\/it\/shop\/prodotto\/sistema-di-irrigazione-exo-terra-monsoon-nano\/","og_locale":"it_IT","og_type":"article","og_title":"Sistema di irrigazione Exo Terra Monsoon NANO - Insektenliebe","og_description":"Exo Terra Monsoon NANO \u00e8 un sistema di irrigazione programmabile con nebulizzazione extra fine. Pu\u00f2 essere utilizzato per 1-4 terrari nano.","og_url":"https:\/\/insektenliebe.com\/it\/shop\/prodotto\/sistema-di-irrigazione-exo-terra-monsoon-nano\/","og_site_name":"Insektenliebe","article_modified_time":"2026-03-03T10:01:30+00:00","og_image":[{"width":820,"height":820,"url":"https:\/\/insektenliebe.com\/wp-content\/uploads\/2025\/05\/Exo-Terra-Monsoon-Nano-Beregnungsanlage-2.jpg","type":"image\/jpeg"}],"twitter_card":"summary_large_image","twitter_misc":{"Tempo di lettura stimato":"2 minuto"},"schema":{"@context":"https:\/\/schema.org","@graph":[{"@type":"WebPage","@id":"https:\/\/insektenliebe.com\/it\/shop\/prodotto\/sistema-di-irrigazione-exo-terra-monsoon-nano\/","url":"https:\/\/insektenliebe.com\/it\/shop\/prodotto\/sistema-di-irrigazione-exo-terra-monsoon-nano\/","name":"Sistema di irrigazione Exo Terra Monsoon NANO - Insektenliebe","isPartOf":{"@id":"https:\/\/insektenliebe.com\/it\/#website"},"primaryImageOfPage":{"@id":"https:\/\/insektenliebe.com\/it\/shop\/prodotto\/sistema-di-irrigazione-exo-terra-monsoon-nano\/#primaryimage"},"image":{"@id":"https:\/\/insektenliebe.com\/it\/shop\/prodotto\/sistema-di-irrigazione-exo-terra-monsoon-nano\/#primaryimage"},"thumbnailUrl":"https:\/\/insektenliebe.com\/wp-content\/uploads\/2025\/05\/Exo-Terra-Monsoon-Nano-Beregnungsanlage-2.jpg","datePublished":"2025-02-20T14:24:00+00:00","dateModified":"2026-03-03T10:01:30+00:00","description":"Exo Terra Monsoon NANO \u00e8 un sistema di irrigazione programmabile con nebulizzazione extra fine. Pu\u00f2 essere utilizzato per 1-4 terrari nano.","breadcrumb":{"@id":"https:\/\/insektenliebe.com\/it\/shop\/prodotto\/sistema-di-irrigazione-exo-terra-monsoon-nano\/#breadcrumb"},"inLanguage":"it-IT","potentialAction":[{"@type":"ReadAction","target":["https:\/\/insektenliebe.com\/it\/shop\/prodotto\/sistema-di-irrigazione-exo-terra-monsoon-nano\/"]}]},{"@type":"ImageObject","inLanguage":"it-IT","@id":"https:\/\/insektenliebe.com\/it\/shop\/prodotto\/sistema-di-irrigazione-exo-terra-monsoon-nano\/#primaryimage","url":"https:\/\/insektenliebe.com\/wp-content\/uploads\/2025\/05\/Exo-Terra-Monsoon-Nano-Beregnungsanlage-2.jpg","contentUrl":"https:\/\/insektenliebe.com\/wp-content\/uploads\/2025\/05\/Exo-Terra-Monsoon-Nano-Beregnungsanlage-2.jpg","width":820,"height":820,"caption":"Exo-Terra-Monsoon-Nano-irrigazione-sistema-2.jpg"},{"@type":"BreadcrumbList","@id":"https:\/\/insektenliebe.com\/it\/shop\/prodotto\/sistema-di-irrigazione-exo-terra-monsoon-nano\/#breadcrumb","itemListElement":[{"@type":"ListItem","position":1,"name":"Startseite","item":"https:\/\/insektenliebe.com\/it\/"},{"@type":"ListItem","position":2,"name":"Negozio","item":"https:\/\/insektenliebe.com\/it\/negozio\/"},{"@type":"ListItem","position":3,"name":"Sistema di irrigazione Exo Terra Monsoon NANO"}]},{"@type":"WebSite","@id":"https:\/\/insektenliebe.com\/it\/#website","url":"https:\/\/insektenliebe.com\/it\/","name":"Insektenliebe","description":"Dein Zuhause f\u00fcr die kleinen Lebewesen","publisher":{"@id":"https:\/\/insektenliebe.com\/it\/#organization"},"potentialAction":[{"@type":"SearchAction","target":{"@type":"EntryPoint","urlTemplate":"https:\/\/insektenliebe.com\/it\/?s={search_term_string}"},"query-input":{"@type":"PropertyValueSpecification","valueRequired":true,"valueName":"search_term_string"}}],"inLanguage":"it-IT"},{"@type":"Organization","@id":"https:\/\/insektenliebe.com\/it\/#organization","name":"Insektenliebe","url":"https:\/\/insektenliebe.com\/it\/","logo":{"@type":"ImageObject","inLanguage":"it-IT","@id":"https:\/\/insektenliebe.com\/it\/#\/schema\/logo\/image\/","url":"https:\/\/insektenliebe.com\/wp-content\/uploads\/2025\/03\/logo-white.png","contentUrl":"https:\/\/insektenliebe.com\/wp-content\/uploads\/2025\/03\/logo-white.png","width":288,"height":188,"caption":"Insektenliebe"},"image":{"@id":"https:\/\/insektenliebe.com\/it\/#\/schema\/logo\/image\/"}}]}},"_links":{"self":[{"href":"https:\/\/insektenliebe.com\/it\/wp-json\/wp\/v2\/product\/187576","targetHints":{"allow":["GET"]}}],"collection":[{"href":"https:\/\/insektenliebe.com\/it\/wp-json\/wp\/v2\/product"}],"about":[{"href":"https:\/\/insektenliebe.com\/it\/wp-json\/wp\/v2\/types\/product"}],"wp:featuredmedia":[{"embeddable":true,"href":"https:\/\/insektenliebe.com\/it\/wp-json\/wp\/v2\/media\/184851"}],"wp:attachment":[{"href":"https:\/\/insektenliebe.com\/it\/wp-json\/wp\/v2\/media?parent=187576"}],"wp:term":[{"taxonomy":"product-supplier","embeddable":true,"href":"https:\/\/insektenliebe.com\/it\/wp-json\/wp\/v2\/product-supplier?post=187576"},{"taxonomy":"product_brand","embeddable":true,"href":"https:\/\/insektenliebe.com\/it\/wp-json\/wp\/v2\/product_brand?post=187576"},{"taxonomy":"product_cat","embeddable":true,"href":"https:\/\/insektenliebe.com\/it\/wp-json\/wp\/v2\/product_cat?post=187576"},{"taxonomy":"product_tag","embeddable":true,"href":"https:\/\/insektenliebe.com\/it\/wp-json\/wp\/v2\/product_tag?post=187576"},{"taxonomy":"lce-checkout-addons","embeddable":true,"href":"https:\/\/insektenliebe.com\/it\/wp-json\/wp\/v2\/lce-checkout-addons?post=187576"}],"curies":[{"name":"wp","href":"https:\/\/api.w.org\/{rel}","templated":true}]}}