{"id":187490,"date":"2025-03-26T15:08:00","date_gmt":"2025-03-26T14:08:00","guid":{"rendered":"https:\/\/insektenliebe.com\/shop\/produkt\/laureola-spec-black-panda\/"},"modified":"2025-03-26T15:08:00","modified_gmt":"2025-03-26T14:08:00","slug":"laureola-spec-black-panda","status":"publish","type":"product","link":"https:\/\/insektenliebe.com\/it\/shop\/prodotto\/laureola-spec-black-panda\/","title":{"rendered":"Laureola spec. \"Black Panda\""},"content":{"rendered":"<h3 data-start=\"0\" data-end=\"61\"><span style=\"color: #99cc33\"><strong>Laureola spec. \"Black Panda\" - Isopode appuntito del Vietnam <\/strong><\/span><\/h3>\n<p data-start=\"0\" data-end=\"339\">Il  <strong data-start=\"4\" data-end=\"36\">Laureola spec. \"Black Panda\" <\/strong>  appartiene alla famiglia degli isopodi spinosi e si caratterizza per le sue escrescenze spinose sul dorso. Questa specie di isopode proviene dall&#8217;ecosistema umido e diversificato del Vietnam e attira immediatamente l&#8217;attenzione di tutti con il suo aspetto insolito. <\/p>\n<p data-start=\"341\" data-end=\"689\">Questi isopodi non sono solo affascinanti da vedere, ma svolgono anche un ruolo importante nel loro habitat. Sono efficienti decompositori di materiale organico e contribuiscono quindi alla salute e alla stabilit\u00e0 del suolo. In un terrario, favoriscono la pulizia naturale e garantiscono un clima microbico equilibrato.  <\/p>\n<p data-start=\"691\" data-end=\"1049\">I rilievi appuntiti della  <strong data-start=\"4\" data-end=\"36\">Laureola spec. \"Black Panda\" <\/strong>  non sono solo una caratteristica visiva, ma possono anche servire come meccanismo di difesa contro i predatori naturali. Queste caratteristiche fisiche uniche le rendono un abitante eccezionale di qualsiasi terrario, in grado di attirare sguardi curiosi e di far parlare di s\u00e9. <\/p>\n<p data-start=\"1051\" data-end=\"1421\">Questi isopodi hanno bisogno di un ambiente umido, come nel loro habitat naturale. Un substrato di humus forestale, arricchito con muschio, foglie di cibo e granuli di sughero, offre loro le condizioni ideali. \u00c8 importante inumidire regolarmente il muschio e garantire un alto livello di umidit\u00e0 affinch\u00e9 gli isopodi \"Black Panda\" possano prosperare.  <\/p>\n<p data-start=\"1423\" data-end=\"1786\" data-is-last-node=\"\" data-is-only-node=\"\">Il  <strong data-start=\"4\" data-end=\"36\">Laureola spec. \"Black Panda\" <\/strong>  \u00e8 l&#8217;ideale per i possessori di terrari che desiderano vivere un pezzo di natura insolita e sono pronti a offrire a queste affascinanti creature una casa adeguata. Il loro aspetto esotico e il loro comportamento interessante li rendono un&#8217;aggiunta preziosa a qualsiasi collezione di animali esotici da terrario. <\/p>\n","protected":false},"excerpt":{"rendered":"<p>Laureola spec. \"Black Panda\" - Isopode appuntito del Vietnam Il Laureola spec. \"Black Panda\" appartiene alla famiglia degli isopodi spinosi e si caratterizza per le sue escrescenze spinose sul dorso. Questa specie di isopode proviene dall&#8217;ecosistema umido e diversificato del Vietnam e attira immediatamente l&#8217;attenzione di tutti con il suo aspetto insolito. Questi isopodi non [&hellip;]<\/p>\n","protected":false},"featured_media":187504,"template":"","meta":{"_acf_changed":false},"product-supplier":[],"product_brand":[],"product_cat":[2850,2788],"product_tag":[],"lce-checkout-addons":[2746],"class_list":{"0":"post-187490","1":"product","2":"type-product","3":"status-publish","4":"has-post-thumbnail","6":"product_cat-altri-isopodi-merulanella-ecc","7":"product_cat-woodlice","8":"product_shipping_class-spedizione-di-animali","9":"pa_herkunft-vietnam","10":"pa_kontinent-asia","11":"lce-checkout-addons-imballaggio-invernale","13":"first","14":"outofstock","15":"sale","16":"taxable","17":"shipping-taxable","18":"purchasable","19":"product-type-variable","20":"has-default-attributes"},"acf":[],"yoast_head":"<!-- This site is optimized with the Yoast SEO plugin v27.3 - https:\/\/yoast.com\/product\/yoast-seo-wordpress\/ -->\n<title>Laureola spec. &quot;Black Panda&quot; - Insektenliebe<\/title>\n<meta name=\"description\" content=\"Scopri l&#039;esotica Laureola spec. &quot;Black Panda&quot;, una spettacolare specie di isopode appuntito proveniente dal Vietnam, con sorprendenti escrescenze dorsali spinose.\" \/>\n<meta name=\"robots\" content=\"index, follow, max-snippet:-1, max-image-preview:large, max-video-preview:-1\" \/>\n<link rel=\"canonical\" href=\"https:\/\/insektenliebe.com\/it\/shop\/prodotto\/laureola-spec-black-panda\/\" \/>\n<meta property=\"og:locale\" content=\"it_IT\" \/>\n<meta property=\"og:type\" content=\"article\" \/>\n<meta property=\"og:title\" content=\"Laureola spec. &quot;Black Panda&quot; - Insektenliebe\" \/>\n<meta property=\"og:description\" content=\"Scopri l&#039;esotica Laureola spec. &quot;Black Panda&quot;, una spettacolare specie di isopode appuntito proveniente dal Vietnam, con sorprendenti escrescenze dorsali spinose.\" \/>\n<meta property=\"og:url\" content=\"https:\/\/insektenliebe.com\/it\/shop\/prodotto\/laureola-spec-black-panda\/\" \/>\n<meta property=\"og:site_name\" content=\"Insektenliebe\" \/>\n<meta property=\"og:image\" content=\"https:\/\/insektenliebe.com\/wp-content\/uploads\/2025\/05\/Laureola-spec.-22Black-Panda22-2.jpg\" \/>\n\t<meta property=\"og:image:width\" content=\"820\" \/>\n\t<meta property=\"og:image:height\" content=\"820\" \/>\n\t<meta property=\"og:image:type\" content=\"image\/jpeg\" \/>\n<meta name=\"twitter:card\" content=\"summary_large_image\" \/>\n<meta name=\"twitter:label1\" content=\"Tempo di lettura stimato\" \/>\n\t<meta name=\"twitter:data1\" content=\"1 minuto\" \/>\n<script type=\"application\/ld+json\" class=\"yoast-schema-graph\">{\"@context\":\"https:\\\/\\\/schema.org\",\"@graph\":[{\"@type\":\"WebPage\",\"@id\":\"https:\\\/\\\/insektenliebe.com\\\/it\\\/shop\\\/prodotto\\\/laureola-spec-black-panda\\\/\",\"url\":\"https:\\\/\\\/insektenliebe.com\\\/it\\\/shop\\\/prodotto\\\/laureola-spec-black-panda\\\/\",\"name\":\"Laureola spec. \\\"Black Panda\\\" - Insektenliebe\",\"isPartOf\":{\"@id\":\"https:\\\/\\\/insektenliebe.com\\\/it\\\/#website\"},\"primaryImageOfPage\":{\"@id\":\"https:\\\/\\\/insektenliebe.com\\\/it\\\/shop\\\/prodotto\\\/laureola-spec-black-panda\\\/#primaryimage\"},\"image\":{\"@id\":\"https:\\\/\\\/insektenliebe.com\\\/it\\\/shop\\\/prodotto\\\/laureola-spec-black-panda\\\/#primaryimage\"},\"thumbnailUrl\":\"https:\\\/\\\/insektenliebe.com\\\/wp-content\\\/uploads\\\/2025\\\/05\\\/Laureola-spec.-22Black-Panda22-2.jpg\",\"datePublished\":\"2025-03-26T14:08:00+00:00\",\"description\":\"Scopri l'esotica Laureola spec. \\\"Black Panda\\\", una spettacolare specie di isopode appuntito proveniente dal Vietnam, con sorprendenti escrescenze dorsali spinose.\",\"breadcrumb\":{\"@id\":\"https:\\\/\\\/insektenliebe.com\\\/it\\\/shop\\\/prodotto\\\/laureola-spec-black-panda\\\/#breadcrumb\"},\"inLanguage\":\"it-IT\",\"potentialAction\":[{\"@type\":\"ReadAction\",\"target\":[\"https:\\\/\\\/insektenliebe.com\\\/it\\\/shop\\\/prodotto\\\/laureola-spec-black-panda\\\/\"]}]},{\"@type\":\"ImageObject\",\"inLanguage\":\"it-IT\",\"@id\":\"https:\\\/\\\/insektenliebe.com\\\/it\\\/shop\\\/prodotto\\\/laureola-spec-black-panda\\\/#primaryimage\",\"url\":\"https:\\\/\\\/insektenliebe.com\\\/wp-content\\\/uploads\\\/2025\\\/05\\\/Laureola-spec.-22Black-Panda22-2.jpg\",\"contentUrl\":\"https:\\\/\\\/insektenliebe.com\\\/wp-content\\\/uploads\\\/2025\\\/05\\\/Laureola-spec.-22Black-Panda22-2.jpg\",\"width\":820,\"height\":820,\"caption\":\"Laureola-spec.-22Black-Panda22-2.jpg\"},{\"@type\":\"BreadcrumbList\",\"@id\":\"https:\\\/\\\/insektenliebe.com\\\/it\\\/shop\\\/prodotto\\\/laureola-spec-black-panda\\\/#breadcrumb\",\"itemListElement\":[{\"@type\":\"ListItem\",\"position\":1,\"name\":\"Startseite\",\"item\":\"https:\\\/\\\/insektenliebe.com\\\/it\\\/\"},{\"@type\":\"ListItem\",\"position\":2,\"name\":\"Negozio\",\"item\":\"https:\\\/\\\/insektenliebe.com\\\/it\\\/negozio\\\/\"},{\"@type\":\"ListItem\",\"position\":3,\"name\":\"Laureola spec. &#8220;Black Panda&#8221;\"}]},{\"@type\":\"WebSite\",\"@id\":\"https:\\\/\\\/insektenliebe.com\\\/it\\\/#website\",\"url\":\"https:\\\/\\\/insektenliebe.com\\\/it\\\/\",\"name\":\"Insektenliebe\",\"description\":\"Dein Zuhause f\u00fcr die kleinen Lebewesen\",\"publisher\":{\"@id\":\"https:\\\/\\\/insektenliebe.com\\\/it\\\/#organization\"},\"potentialAction\":[{\"@type\":\"SearchAction\",\"target\":{\"@type\":\"EntryPoint\",\"urlTemplate\":\"https:\\\/\\\/insektenliebe.com\\\/it\\\/?s={search_term_string}\"},\"query-input\":{\"@type\":\"PropertyValueSpecification\",\"valueRequired\":true,\"valueName\":\"search_term_string\"}}],\"inLanguage\":\"it-IT\"},{\"@type\":\"Organization\",\"@id\":\"https:\\\/\\\/insektenliebe.com\\\/it\\\/#organization\",\"name\":\"Insektenliebe\",\"url\":\"https:\\\/\\\/insektenliebe.com\\\/it\\\/\",\"logo\":{\"@type\":\"ImageObject\",\"inLanguage\":\"it-IT\",\"@id\":\"https:\\\/\\\/insektenliebe.com\\\/it\\\/#\\\/schema\\\/logo\\\/image\\\/\",\"url\":\"https:\\\/\\\/insektenliebe.com\\\/wp-content\\\/uploads\\\/2025\\\/03\\\/logo-white.png\",\"contentUrl\":\"https:\\\/\\\/insektenliebe.com\\\/wp-content\\\/uploads\\\/2025\\\/03\\\/logo-white.png\",\"width\":288,\"height\":188,\"caption\":\"Insektenliebe\"},\"image\":{\"@id\":\"https:\\\/\\\/insektenliebe.com\\\/it\\\/#\\\/schema\\\/logo\\\/image\\\/\"}}]}<\/script>\n<!-- \/ Yoast SEO plugin. -->","yoast_head_json":{"title":"Laureola spec. \"Black Panda\" - Insektenliebe","description":"Scopri l'esotica Laureola spec. \"Black Panda\", una spettacolare specie di isopode appuntito proveniente dal Vietnam, con sorprendenti escrescenze dorsali spinose.","robots":{"index":"index","follow":"follow","max-snippet":"max-snippet:-1","max-image-preview":"max-image-preview:large","max-video-preview":"max-video-preview:-1"},"canonical":"https:\/\/insektenliebe.com\/it\/shop\/prodotto\/laureola-spec-black-panda\/","og_locale":"it_IT","og_type":"article","og_title":"Laureola spec. \"Black Panda\" - Insektenliebe","og_description":"Scopri l'esotica Laureola spec. \"Black Panda\", una spettacolare specie di isopode appuntito proveniente dal Vietnam, con sorprendenti escrescenze dorsali spinose.","og_url":"https:\/\/insektenliebe.com\/it\/shop\/prodotto\/laureola-spec-black-panda\/","og_site_name":"Insektenliebe","og_image":[{"width":820,"height":820,"url":"https:\/\/insektenliebe.com\/wp-content\/uploads\/2025\/05\/Laureola-spec.-22Black-Panda22-2.jpg","type":"image\/jpeg"}],"twitter_card":"summary_large_image","twitter_misc":{"Tempo di lettura stimato":"1 minuto"},"schema":{"@context":"https:\/\/schema.org","@graph":[{"@type":"WebPage","@id":"https:\/\/insektenliebe.com\/it\/shop\/prodotto\/laureola-spec-black-panda\/","url":"https:\/\/insektenliebe.com\/it\/shop\/prodotto\/laureola-spec-black-panda\/","name":"Laureola spec. \"Black Panda\" - Insektenliebe","isPartOf":{"@id":"https:\/\/insektenliebe.com\/it\/#website"},"primaryImageOfPage":{"@id":"https:\/\/insektenliebe.com\/it\/shop\/prodotto\/laureola-spec-black-panda\/#primaryimage"},"image":{"@id":"https:\/\/insektenliebe.com\/it\/shop\/prodotto\/laureola-spec-black-panda\/#primaryimage"},"thumbnailUrl":"https:\/\/insektenliebe.com\/wp-content\/uploads\/2025\/05\/Laureola-spec.-22Black-Panda22-2.jpg","datePublished":"2025-03-26T14:08:00+00:00","description":"Scopri l'esotica Laureola spec. \"Black Panda\", una spettacolare specie di isopode appuntito proveniente dal Vietnam, con sorprendenti escrescenze dorsali spinose.","breadcrumb":{"@id":"https:\/\/insektenliebe.com\/it\/shop\/prodotto\/laureola-spec-black-panda\/#breadcrumb"},"inLanguage":"it-IT","potentialAction":[{"@type":"ReadAction","target":["https:\/\/insektenliebe.com\/it\/shop\/prodotto\/laureola-spec-black-panda\/"]}]},{"@type":"ImageObject","inLanguage":"it-IT","@id":"https:\/\/insektenliebe.com\/it\/shop\/prodotto\/laureola-spec-black-panda\/#primaryimage","url":"https:\/\/insektenliebe.com\/wp-content\/uploads\/2025\/05\/Laureola-spec.-22Black-Panda22-2.jpg","contentUrl":"https:\/\/insektenliebe.com\/wp-content\/uploads\/2025\/05\/Laureola-spec.-22Black-Panda22-2.jpg","width":820,"height":820,"caption":"Laureola-spec.-22Black-Panda22-2.jpg"},{"@type":"BreadcrumbList","@id":"https:\/\/insektenliebe.com\/it\/shop\/prodotto\/laureola-spec-black-panda\/#breadcrumb","itemListElement":[{"@type":"ListItem","position":1,"name":"Startseite","item":"https:\/\/insektenliebe.com\/it\/"},{"@type":"ListItem","position":2,"name":"Negozio","item":"https:\/\/insektenliebe.com\/it\/negozio\/"},{"@type":"ListItem","position":3,"name":"Laureola spec. &#8220;Black Panda&#8221;"}]},{"@type":"WebSite","@id":"https:\/\/insektenliebe.com\/it\/#website","url":"https:\/\/insektenliebe.com\/it\/","name":"Insektenliebe","description":"Dein Zuhause f\u00fcr die kleinen Lebewesen","publisher":{"@id":"https:\/\/insektenliebe.com\/it\/#organization"},"potentialAction":[{"@type":"SearchAction","target":{"@type":"EntryPoint","urlTemplate":"https:\/\/insektenliebe.com\/it\/?s={search_term_string}"},"query-input":{"@type":"PropertyValueSpecification","valueRequired":true,"valueName":"search_term_string"}}],"inLanguage":"it-IT"},{"@type":"Organization","@id":"https:\/\/insektenliebe.com\/it\/#organization","name":"Insektenliebe","url":"https:\/\/insektenliebe.com\/it\/","logo":{"@type":"ImageObject","inLanguage":"it-IT","@id":"https:\/\/insektenliebe.com\/it\/#\/schema\/logo\/image\/","url":"https:\/\/insektenliebe.com\/wp-content\/uploads\/2025\/03\/logo-white.png","contentUrl":"https:\/\/insektenliebe.com\/wp-content\/uploads\/2025\/03\/logo-white.png","width":288,"height":188,"caption":"Insektenliebe"},"image":{"@id":"https:\/\/insektenliebe.com\/it\/#\/schema\/logo\/image\/"}}]}},"_links":{"self":[{"href":"https:\/\/insektenliebe.com\/it\/wp-json\/wp\/v2\/product\/187490","targetHints":{"allow":["GET"]}}],"collection":[{"href":"https:\/\/insektenliebe.com\/it\/wp-json\/wp\/v2\/product"}],"about":[{"href":"https:\/\/insektenliebe.com\/it\/wp-json\/wp\/v2\/types\/product"}],"wp:featuredmedia":[{"embeddable":true,"href":"https:\/\/insektenliebe.com\/it\/wp-json\/wp\/v2\/media\/187504"}],"wp:attachment":[{"href":"https:\/\/insektenliebe.com\/it\/wp-json\/wp\/v2\/media?parent=187490"}],"wp:term":[{"taxonomy":"product-supplier","embeddable":true,"href":"https:\/\/insektenliebe.com\/it\/wp-json\/wp\/v2\/product-supplier?post=187490"},{"taxonomy":"product_brand","embeddable":true,"href":"https:\/\/insektenliebe.com\/it\/wp-json\/wp\/v2\/product_brand?post=187490"},{"taxonomy":"product_cat","embeddable":true,"href":"https:\/\/insektenliebe.com\/it\/wp-json\/wp\/v2\/product_cat?post=187490"},{"taxonomy":"product_tag","embeddable":true,"href":"https:\/\/insektenliebe.com\/it\/wp-json\/wp\/v2\/product_tag?post=187490"},{"taxonomy":"lce-checkout-addons","embeddable":true,"href":"https:\/\/insektenliebe.com\/it\/wp-json\/wp\/v2\/lce-checkout-addons?post=187490"}],"curies":[{"name":"wp","href":"https:\/\/api.w.org\/{rel}","templated":true}]}}