{"id":187483,"date":"2024-10-11T11:44:22","date_gmt":"2024-10-11T09:44:22","guid":{"rendered":"https:\/\/insektenliebe.com\/shop\/produkt\/eresus-illustris\/"},"modified":"2024-10-11T11:44:22","modified_gmt":"2024-10-11T09:44:22","slug":"eresus-illustris","status":"publish","type":"product","link":"https:\/\/insektenliebe.com\/it\/shop\/prodotto\/eresus-illustris\/","title":{"rendered":"Eresus illustris"},"content":{"rendered":"<h3 data-start=\"0\" data-end=\"52\"><span style=\"color: #99cc33\"><strong data-start=\"0\" data-end=\"52\">Eresus illustris - Variazioni di colore e caratteristiche<\/strong><\/span><\/h3>\n<p data-start=\"54\" data-end=\"782\">L&#8217;<strong>Eresus illustris<\/strong> colpisce soprattutto per il suo spettacolare gioco di colori. Gli esemplari maschi di questa specie colpiscono per la loro intensa colorazione, che consiste in un nero intenso sul corpo anteriore (prosoma) e in un corpo posteriore rosso vivo (opistosoma) con vistosi punti neri. Questi contrasti di colore non solo servono come meccanismo protettivo contro i predatori, ma svolgono anche un ruolo importante nell&#8217;attrarre le femmine durante la stagione degli amori. Le femmine, invece, sono generalmente meno colorate e si presentano con una tonalit\u00e0 prevalentemente uniforme e pi\u00f9 scura, che le aiuta a mimetizzarsi meglio nell&#8217;ambiente.   <\/p>\n<p data-start=\"784\" data-end=\"1185\">Questo ragno \u00e8 originario delle regioni pi\u00f9 calde dell&#8217;Europa e predilige i paesaggi aperti e asciutti, dove vive in tane che ha scavato da solo. Il suo aspetto non \u00e8 solo bello da vedere, ma serve anche come deterrente per i predatori. Le macchie rosse brillanti sull&#8217;addome rendono l&#8217;<strong>Eresus illustris<\/strong> inconfondibile e sono una caratteristica importante, soprattutto durante la stagione degli amori.  <\/p>\n<p data-start=\"1187\" data-end=\"1563\">Mantenere l&#8217;<strong>Eresus illustris<\/strong> in un terrario \u00e8 facile anche per i principianti. Hanno bisogno di un terrario con uno strato di terreno composto da una miscela di sabbia e humus forestale (1:1) per imitare l&#8217;habitat naturale. Un&#8217;umidit\u00e0 moderata e la possibilit\u00e0 di ritirarsi e nascondersi se necessario sono essenziali per il benessere di questa specie. Il terrario deve avere una dimensione minima di 20 x 20 x 20 cm. In questo modo il ragno avr\u00e0 spazio sufficiente per scavare una tana adeguata e muoversi liberamente. Poich\u00e9 questi ragni prediligono ambienti asciutti e ben strutturati, il terrario deve essere arredato di conseguenza, con possibilit\u00e0 di arrampicarsi e nascondersi. Uno strato di sabbia o ghiaia fine, unito a pietre e magari a resti di piante secche, imita il loro ambiente naturale e fornisce loro i rifugi necessari.      <\/p>\n<p data-start=\"1565\" data-end=\"1981\">Il cibo \u00e8 costituito principalmente da insetti, per cui l&#8217;<strong>Eresus illustris<\/strong> caccia attivamente le sue prede. Questo lo rende un interessante oggetto di osservazione, poich\u00e9 agisce con abilit\u00e0 e rapidit\u00e0. Tenere questo ragno, quindi, non solo offre l&#8217;opportunit\u00e0 di tenere un raro e attraente abitante del terrario, ma anche di acquisire una profonda conoscenza dell&#8217;affascinante comportamento e stile di vita dei ragni.  <\/p>\n<p data-start=\"1983\" data-end=\"2355\" data-is-last-node=\"\" data-is-only-node=\"\">L&#8217;<strong>Eresus illustris<\/strong> \u00e8 una scelta eccellente per tutti coloro che sono interessati a ragni insoliti e colorati e che sono disposti a dedicarsi alla loro cura e alle loro esigenze specifiche. Porta in casa tua una meraviglia della natura e scopri come l&#8217;<strong>Eresus illustris<\/strong> arricchisce il tuo terrario con la sua bellezza unica. <\/p>\n","protected":false},"excerpt":{"rendered":"<p>Eresus illustris - Variazioni di colore e caratteristiche L&#8217;Eresus illustris colpisce soprattutto per il suo spettacolare gioco di colori. Gli esemplari maschi di questa specie colpiscono per la loro intensa colorazione, che consiste in un nero intenso sul corpo anteriore (prosoma) e in un corpo posteriore rosso vivo (opistosoma) con vistosi punti neri. Questi contrasti [&hellip;]<\/p>\n","protected":false},"featured_media":187475,"template":"","meta":{"_acf_changed":false},"product-supplier":[],"product_brand":[],"product_cat":[2999,2809],"product_tag":[],"lce-checkout-addons":[2746],"class_list":{"0":"post-187483","1":"product","2":"type-product","3":"status-publish","4":"has-post-thumbnail","6":"product_cat-altri-ragni","7":"product_cat-ragni","8":"product_shipping_class-spedizione-di-animali","9":"pa_geschlecht-indeterminato","10":"pa_herkunft-turchia","11":"pa_kontinent-europa","12":"lce-checkout-addons-imballaggio-invernale","14":"first","15":"instock","16":"taxable","17":"shipping-taxable","18":"purchasable","19":"product-type-variable"},"acf":[],"yoast_head":"<!-- This site is optimized with the Yoast SEO plugin v27.3 - https:\/\/yoast.com\/product\/yoast-seo-wordpress\/ -->\n<title>Eresus illustris - Insektenliebe<\/title>\n<meta name=\"description\" content=\"Acquista Eresus illustris a basso costo e direttamente online: Scopri l&#039;affascinante colorazione e le differenze tra maschi e femmine.\" \/>\n<meta name=\"robots\" content=\"index, follow, max-snippet:-1, max-image-preview:large, max-video-preview:-1\" \/>\n<link rel=\"canonical\" href=\"https:\/\/insektenliebe.com\/it\/shop\/prodotto\/eresus-illustris\/\" \/>\n<meta property=\"og:locale\" content=\"it_IT\" \/>\n<meta property=\"og:type\" content=\"article\" \/>\n<meta property=\"og:title\" content=\"Eresus illustris - Insektenliebe\" \/>\n<meta property=\"og:description\" content=\"Acquista Eresus illustris a basso costo e direttamente online: Scopri l&#039;affascinante colorazione e le differenze tra maschi e femmine.\" \/>\n<meta property=\"og:url\" content=\"https:\/\/insektenliebe.com\/it\/shop\/prodotto\/eresus-illustris\/\" \/>\n<meta property=\"og:site_name\" content=\"Insektenliebe\" \/>\n<meta property=\"og:image\" content=\"https:\/\/insektenliebe.com\/wp-content\/uploads\/2025\/05\/Platzhalter-Foto-2.jpg\" \/>\n\t<meta property=\"og:image:width\" content=\"820\" \/>\n\t<meta property=\"og:image:height\" content=\"820\" \/>\n\t<meta property=\"og:image:type\" content=\"image\/jpeg\" \/>\n<meta name=\"twitter:card\" content=\"summary_large_image\" \/>\n<meta name=\"twitter:label1\" content=\"Tempo di lettura stimato\" \/>\n\t<meta name=\"twitter:data1\" content=\"2 minuto\" \/>\n<script type=\"application\/ld+json\" class=\"yoast-schema-graph\">{\"@context\":\"https:\\\/\\\/schema.org\",\"@graph\":[{\"@type\":\"WebPage\",\"@id\":\"https:\\\/\\\/insektenliebe.com\\\/it\\\/shop\\\/prodotto\\\/eresus-illustris\\\/\",\"url\":\"https:\\\/\\\/insektenliebe.com\\\/it\\\/shop\\\/prodotto\\\/eresus-illustris\\\/\",\"name\":\"Eresus illustris - Insektenliebe\",\"isPartOf\":{\"@id\":\"https:\\\/\\\/insektenliebe.com\\\/it\\\/#website\"},\"primaryImageOfPage\":{\"@id\":\"https:\\\/\\\/insektenliebe.com\\\/it\\\/shop\\\/prodotto\\\/eresus-illustris\\\/#primaryimage\"},\"image\":{\"@id\":\"https:\\\/\\\/insektenliebe.com\\\/it\\\/shop\\\/prodotto\\\/eresus-illustris\\\/#primaryimage\"},\"thumbnailUrl\":\"https:\\\/\\\/insektenliebe.com\\\/wp-content\\\/uploads\\\/2025\\\/05\\\/Platzhalter-Foto-2.jpg\",\"datePublished\":\"2024-10-11T09:44:22+00:00\",\"description\":\"Acquista Eresus illustris a basso costo e direttamente online: Scopri l'affascinante colorazione e le differenze tra maschi e femmine.\",\"breadcrumb\":{\"@id\":\"https:\\\/\\\/insektenliebe.com\\\/it\\\/shop\\\/prodotto\\\/eresus-illustris\\\/#breadcrumb\"},\"inLanguage\":\"it-IT\",\"potentialAction\":[{\"@type\":\"ReadAction\",\"target\":[\"https:\\\/\\\/insektenliebe.com\\\/it\\\/shop\\\/prodotto\\\/eresus-illustris\\\/\"]}]},{\"@type\":\"ImageObject\",\"inLanguage\":\"it-IT\",\"@id\":\"https:\\\/\\\/insektenliebe.com\\\/it\\\/shop\\\/prodotto\\\/eresus-illustris\\\/#primaryimage\",\"url\":\"https:\\\/\\\/insektenliebe.com\\\/wp-content\\\/uploads\\\/2025\\\/05\\\/Platzhalter-Foto-2.jpg\",\"contentUrl\":\"https:\\\/\\\/insektenliebe.com\\\/wp-content\\\/uploads\\\/2025\\\/05\\\/Platzhalter-Foto-2.jpg\",\"width\":820,\"height\":820,\"caption\":\"Segnaposto-Foto-2.jpg\"},{\"@type\":\"BreadcrumbList\",\"@id\":\"https:\\\/\\\/insektenliebe.com\\\/it\\\/shop\\\/prodotto\\\/eresus-illustris\\\/#breadcrumb\",\"itemListElement\":[{\"@type\":\"ListItem\",\"position\":1,\"name\":\"Startseite\",\"item\":\"https:\\\/\\\/insektenliebe.com\\\/it\\\/\"},{\"@type\":\"ListItem\",\"position\":2,\"name\":\"Negozio\",\"item\":\"https:\\\/\\\/insektenliebe.com\\\/it\\\/negozio\\\/\"},{\"@type\":\"ListItem\",\"position\":3,\"name\":\"Eresus illustris\"}]},{\"@type\":\"WebSite\",\"@id\":\"https:\\\/\\\/insektenliebe.com\\\/it\\\/#website\",\"url\":\"https:\\\/\\\/insektenliebe.com\\\/it\\\/\",\"name\":\"Insektenliebe\",\"description\":\"Dein Zuhause f\u00fcr die kleinen Lebewesen\",\"publisher\":{\"@id\":\"https:\\\/\\\/insektenliebe.com\\\/it\\\/#organization\"},\"potentialAction\":[{\"@type\":\"SearchAction\",\"target\":{\"@type\":\"EntryPoint\",\"urlTemplate\":\"https:\\\/\\\/insektenliebe.com\\\/it\\\/?s={search_term_string}\"},\"query-input\":{\"@type\":\"PropertyValueSpecification\",\"valueRequired\":true,\"valueName\":\"search_term_string\"}}],\"inLanguage\":\"it-IT\"},{\"@type\":\"Organization\",\"@id\":\"https:\\\/\\\/insektenliebe.com\\\/it\\\/#organization\",\"name\":\"Insektenliebe\",\"url\":\"https:\\\/\\\/insektenliebe.com\\\/it\\\/\",\"logo\":{\"@type\":\"ImageObject\",\"inLanguage\":\"it-IT\",\"@id\":\"https:\\\/\\\/insektenliebe.com\\\/it\\\/#\\\/schema\\\/logo\\\/image\\\/\",\"url\":\"https:\\\/\\\/insektenliebe.com\\\/wp-content\\\/uploads\\\/2025\\\/03\\\/logo-white.png\",\"contentUrl\":\"https:\\\/\\\/insektenliebe.com\\\/wp-content\\\/uploads\\\/2025\\\/03\\\/logo-white.png\",\"width\":288,\"height\":188,\"caption\":\"Insektenliebe\"},\"image\":{\"@id\":\"https:\\\/\\\/insektenliebe.com\\\/it\\\/#\\\/schema\\\/logo\\\/image\\\/\"}}]}<\/script>\n<!-- \/ Yoast SEO plugin. -->","yoast_head_json":{"title":"Eresus illustris - Insektenliebe","description":"Acquista Eresus illustris a basso costo e direttamente online: Scopri l'affascinante colorazione e le differenze tra maschi e femmine.","robots":{"index":"index","follow":"follow","max-snippet":"max-snippet:-1","max-image-preview":"max-image-preview:large","max-video-preview":"max-video-preview:-1"},"canonical":"https:\/\/insektenliebe.com\/it\/shop\/prodotto\/eresus-illustris\/","og_locale":"it_IT","og_type":"article","og_title":"Eresus illustris - Insektenliebe","og_description":"Acquista Eresus illustris a basso costo e direttamente online: Scopri l'affascinante colorazione e le differenze tra maschi e femmine.","og_url":"https:\/\/insektenliebe.com\/it\/shop\/prodotto\/eresus-illustris\/","og_site_name":"Insektenliebe","og_image":[{"width":820,"height":820,"url":"https:\/\/insektenliebe.com\/wp-content\/uploads\/2025\/05\/Platzhalter-Foto-2.jpg","type":"image\/jpeg"}],"twitter_card":"summary_large_image","twitter_misc":{"Tempo di lettura stimato":"2 minuto"},"schema":{"@context":"https:\/\/schema.org","@graph":[{"@type":"WebPage","@id":"https:\/\/insektenliebe.com\/it\/shop\/prodotto\/eresus-illustris\/","url":"https:\/\/insektenliebe.com\/it\/shop\/prodotto\/eresus-illustris\/","name":"Eresus illustris - Insektenliebe","isPartOf":{"@id":"https:\/\/insektenliebe.com\/it\/#website"},"primaryImageOfPage":{"@id":"https:\/\/insektenliebe.com\/it\/shop\/prodotto\/eresus-illustris\/#primaryimage"},"image":{"@id":"https:\/\/insektenliebe.com\/it\/shop\/prodotto\/eresus-illustris\/#primaryimage"},"thumbnailUrl":"https:\/\/insektenliebe.com\/wp-content\/uploads\/2025\/05\/Platzhalter-Foto-2.jpg","datePublished":"2024-10-11T09:44:22+00:00","description":"Acquista Eresus illustris a basso costo e direttamente online: Scopri l'affascinante colorazione e le differenze tra maschi e femmine.","breadcrumb":{"@id":"https:\/\/insektenliebe.com\/it\/shop\/prodotto\/eresus-illustris\/#breadcrumb"},"inLanguage":"it-IT","potentialAction":[{"@type":"ReadAction","target":["https:\/\/insektenliebe.com\/it\/shop\/prodotto\/eresus-illustris\/"]}]},{"@type":"ImageObject","inLanguage":"it-IT","@id":"https:\/\/insektenliebe.com\/it\/shop\/prodotto\/eresus-illustris\/#primaryimage","url":"https:\/\/insektenliebe.com\/wp-content\/uploads\/2025\/05\/Platzhalter-Foto-2.jpg","contentUrl":"https:\/\/insektenliebe.com\/wp-content\/uploads\/2025\/05\/Platzhalter-Foto-2.jpg","width":820,"height":820,"caption":"Segnaposto-Foto-2.jpg"},{"@type":"BreadcrumbList","@id":"https:\/\/insektenliebe.com\/it\/shop\/prodotto\/eresus-illustris\/#breadcrumb","itemListElement":[{"@type":"ListItem","position":1,"name":"Startseite","item":"https:\/\/insektenliebe.com\/it\/"},{"@type":"ListItem","position":2,"name":"Negozio","item":"https:\/\/insektenliebe.com\/it\/negozio\/"},{"@type":"ListItem","position":3,"name":"Eresus illustris"}]},{"@type":"WebSite","@id":"https:\/\/insektenliebe.com\/it\/#website","url":"https:\/\/insektenliebe.com\/it\/","name":"Insektenliebe","description":"Dein Zuhause f\u00fcr die kleinen Lebewesen","publisher":{"@id":"https:\/\/insektenliebe.com\/it\/#organization"},"potentialAction":[{"@type":"SearchAction","target":{"@type":"EntryPoint","urlTemplate":"https:\/\/insektenliebe.com\/it\/?s={search_term_string}"},"query-input":{"@type":"PropertyValueSpecification","valueRequired":true,"valueName":"search_term_string"}}],"inLanguage":"it-IT"},{"@type":"Organization","@id":"https:\/\/insektenliebe.com\/it\/#organization","name":"Insektenliebe","url":"https:\/\/insektenliebe.com\/it\/","logo":{"@type":"ImageObject","inLanguage":"it-IT","@id":"https:\/\/insektenliebe.com\/it\/#\/schema\/logo\/image\/","url":"https:\/\/insektenliebe.com\/wp-content\/uploads\/2025\/03\/logo-white.png","contentUrl":"https:\/\/insektenliebe.com\/wp-content\/uploads\/2025\/03\/logo-white.png","width":288,"height":188,"caption":"Insektenliebe"},"image":{"@id":"https:\/\/insektenliebe.com\/it\/#\/schema\/logo\/image\/"}}]}},"_links":{"self":[{"href":"https:\/\/insektenliebe.com\/it\/wp-json\/wp\/v2\/product\/187483","targetHints":{"allow":["GET"]}}],"collection":[{"href":"https:\/\/insektenliebe.com\/it\/wp-json\/wp\/v2\/product"}],"about":[{"href":"https:\/\/insektenliebe.com\/it\/wp-json\/wp\/v2\/types\/product"}],"wp:featuredmedia":[{"embeddable":true,"href":"https:\/\/insektenliebe.com\/it\/wp-json\/wp\/v2\/media\/187475"}],"wp:attachment":[{"href":"https:\/\/insektenliebe.com\/it\/wp-json\/wp\/v2\/media?parent=187483"}],"wp:term":[{"taxonomy":"product-supplier","embeddable":true,"href":"https:\/\/insektenliebe.com\/it\/wp-json\/wp\/v2\/product-supplier?post=187483"},{"taxonomy":"product_brand","embeddable":true,"href":"https:\/\/insektenliebe.com\/it\/wp-json\/wp\/v2\/product_brand?post=187483"},{"taxonomy":"product_cat","embeddable":true,"href":"https:\/\/insektenliebe.com\/it\/wp-json\/wp\/v2\/product_cat?post=187483"},{"taxonomy":"product_tag","embeddable":true,"href":"https:\/\/insektenliebe.com\/it\/wp-json\/wp\/v2\/product_tag?post=187483"},{"taxonomy":"lce-checkout-addons","embeddable":true,"href":"https:\/\/insektenliebe.com\/it\/wp-json\/wp\/v2\/lce-checkout-addons?post=187483"}],"curies":[{"name":"wp","href":"https:\/\/api.w.org\/{rel}","templated":true}]}}