{"id":187426,"date":"2025-03-13T09:33:00","date_gmt":"2025-03-13T08:33:00","guid":{"rendered":"https:\/\/insektenliebe.com\/shop\/produkt\/mattone-terraleaf\/"},"modified":"2026-03-31T21:56:36","modified_gmt":"2026-03-31T19:56:36","slug":"mattone-terraleaf","status":"publish","type":"product","link":"https:\/\/insektenliebe.com\/it\/shop\/prodotto\/mattone-terraleaf\/","title":{"rendered":"Mattone Terraleaf"},"content":{"rendered":"<h3 data-start=\"0\" data-end=\"88\"><span style=\"color: #99cc33;\"><strong>Scopri il Terraleaf Brick: la chiave per la giungla naturale del tuo terrario<\/strong><\/span><\/h3>\n<p>Il <strong data-start=\"94\" data-end=\"113\">Terraleaf Brick<\/strong> \u00e8 una miscela unica di varie foglie esotiche come foglie di anacardo, foglie di mandorlo, foglie di mango, foglie di cacao, foglie di mangostano e foglie di banana, appositamente sviluppata per arricchire il tuo terrario. Queste foglie vengono raccolte con cura in Sri Lanka da un&#8217;azienda a conduzione familiare e trattate senza l&#8217;uso di sostanze chimiche per garantirne la naturalezza e la purezza. Vengono poi sminuzzate e pressate in pratici mattoncini facili da conservare e utilizzare.  <\/p>\n<p>Il <strong data-start=\"652\" data-end=\"671\">mattone Terraleaf<\/strong> non offre solo un valore estetico aggiunto con il suo aspetto naturale da giungla, ma ha anche dei vantaggi pratici. La variet\u00e0 di foglie crea un materiale ricco e decomponibile che \u00e8 particolarmente apprezzato dai decompositori primari come isopodi, millepiedi e code di primavera. Questi organismi utilizzano le foglie come fonte di cibo e allo stesso tempo contribuiscono a mantenere un ecosistema sano nel terrario.  <\/p>\n<p>Anche rettili, serpenti e ragni traggono beneficio da questo substrato. La miscela di foglie diverse fa s\u00ec che il substrato possa trattenere meglio l&#8217;umidit\u00e0, il che \u00e8 particolarmente vantaggioso nei terrari che richiedono un&#8217;umidit\u00e0 pi\u00f9 elevata. <\/p>\n<p data-start=\"1522\" data-end=\"1812\">L&#8217;umidit\u00e0 viene distribuita in modo pi\u00f9 uniforme e trattenuta pi\u00f9 a lungo, creando un ambiente pi\u00f9 stabile e sano per gli animali.<\/p>\n<p data-start=\"1522\" data-end=\"1812\"><strong data-start=\"1522\" data-end=\"1541\">Terraleaf-Brick<\/strong> \u00e8 facile da usare: Puoi collocare le foglie direttamente nel terrario e inumidirle quando necessario. Si decompongono lentamente e rilasciano continuamente preziose sostanze organiche che favoriscono la vita microbica nel terreno e ne migliorano la qualit\u00e0. <\/p>\n<p data-start=\"1814\" data-end=\"2128\" data-is-last-node=\"\" data-is-only-node=\"\">Investi in <strong data-start=\"1832\" data-end=\"1851\">Terraleaf Brick<\/strong> e trasforma il tuo terrario in un&#8217;oasi vivace e naturale che non solo favorisce il benessere degli abitanti del terrario, ma \u00e8 anche un&#8217;attrazione per qualsiasi stanza. Acquista subito questo prodotto naturale e sostenibile e offri ai tuoi animali il meglio della natura. <\/p>\n<p data-start=\"1814\" data-end=\"2128\" data-is-last-node=\"\" data-is-only-node=\"\"><strong><span class=\"hiddenSpellError\">Contenuto:<br \/>\n<\/span><\/strong><span class=\"hiddenSpellError\">Foglie di anacardio, foglie di mandorle, foglie di mango, foglie di cacao, foglie di mangostano, foglie di banana<\/span><\/p>\n<h3><span style=\"color: #99cc33;\">Applicazione:<\/span><\/h3>\n<p>Per preparare al meglio il <strong>panetto di Terraleaf<\/strong>, utilizza un secchio da 10 litri o un contenitore di dimensioni adeguate. Quindi versa con cura <strong>0,5 litri di acqua tiepida<\/strong> sul mattone e lascialo in ammollo per <strong>circa<\/strong> <strong>30 minuti<\/strong>, mescolando di tanto in tanto. <\/p>\n<p>Il blocco si gonfier\u00e0 gradualmente e si trasformer\u00e0 in un fogliame sciolto e naturale per il tuo terrario. Spremi l&#8217;acqua in eccesso prima di usarla. Innaffia il fogliame di tanto in tanto.  <\/p>\n","protected":false},"excerpt":{"rendered":"<p>Scopri il Terraleaf Brick: la chiave per la giungla naturale del tuo terrario Il Terraleaf Brick \u00e8 una miscela unica di varie foglie esotiche come foglie di anacardo, foglie di mandorlo, foglie di mango, foglie di cacao, foglie di mangostano e foglie di banana, appositamente sviluppata per arricchire il tuo terrario. Queste foglie vengono raccolte [&hellip;]<\/p>\n","protected":false},"featured_media":187461,"template":"","meta":{"_acf_changed":false},"product-supplier":[],"product_brand":[],"product_cat":[2740,2815],"product_tag":[],"lce-checkout-addons":[],"class_list":{"0":"post-187426","1":"product","2":"type-product","3":"status-publish","4":"has-post-thumbnail","6":"product_cat-arredamento-e-decorazione","7":"product_cat-cibo-e-calcio","8":"product_shipping_class-equipment-shipping","9":"pa_herkunft-sri-lanka","11":"first","12":"instock","13":"taxable","14":"shipping-taxable","15":"purchasable","16":"product-type-simple"},"acf":[],"yoast_head":"<!-- This site is optimized with the Yoast SEO plugin v27.3 - https:\/\/yoast.com\/product\/yoast-seo-wordpress\/ -->\n<title>Mattone Terraleaf - Insektenliebe<\/title>\n<meta name=\"description\" content=\"Acquista Terraleaf-Brick a basso costo e direttamente online: Un substrato quasi naturale a base di foglie esotiche, ideale per i primi decompositori e per regolare l&#039;umidit\u00e0.\" \/>\n<meta name=\"robots\" content=\"index, follow, max-snippet:-1, max-image-preview:large, max-video-preview:-1\" \/>\n<link rel=\"canonical\" href=\"https:\/\/insektenliebe.com\/it\/shop\/prodotto\/mattone-terraleaf\/\" \/>\n<meta property=\"og:locale\" content=\"it_IT\" \/>\n<meta property=\"og:type\" content=\"article\" \/>\n<meta property=\"og:title\" content=\"Mattone Terraleaf - Insektenliebe\" \/>\n<meta property=\"og:description\" content=\"Acquista Terraleaf-Brick a basso costo e direttamente online: Un substrato quasi naturale a base di foglie esotiche, ideale per i primi decompositori e per regolare l&#039;umidit\u00e0.\" \/>\n<meta property=\"og:url\" content=\"https:\/\/insektenliebe.com\/it\/shop\/prodotto\/mattone-terraleaf\/\" \/>\n<meta property=\"og:site_name\" content=\"Insektenliebe\" \/>\n<meta property=\"article:modified_time\" content=\"2026-03-31T19:56:36+00:00\" \/>\n<meta property=\"og:image\" content=\"https:\/\/insektenliebe.com\/wp-content\/uploads\/2025\/05\/Terraleaf-Brick-1-2.jpg\" \/>\n\t<meta property=\"og:image:width\" content=\"820\" \/>\n\t<meta property=\"og:image:height\" content=\"820\" \/>\n\t<meta property=\"og:image:type\" content=\"image\/jpeg\" \/>\n<meta name=\"twitter:card\" content=\"summary_large_image\" \/>\n<meta name=\"twitter:label1\" content=\"Tempo di lettura stimato\" \/>\n\t<meta name=\"twitter:data1\" content=\"2 minuto\" \/>\n<script type=\"application\/ld+json\" class=\"yoast-schema-graph\">{\"@context\":\"https:\\\/\\\/schema.org\",\"@graph\":[{\"@type\":\"WebPage\",\"@id\":\"https:\\\/\\\/insektenliebe.com\\\/it\\\/shop\\\/prodotto\\\/mattone-terraleaf\\\/\",\"url\":\"https:\\\/\\\/insektenliebe.com\\\/it\\\/shop\\\/prodotto\\\/mattone-terraleaf\\\/\",\"name\":\"Mattone Terraleaf - Insektenliebe\",\"isPartOf\":{\"@id\":\"https:\\\/\\\/insektenliebe.com\\\/it\\\/#website\"},\"primaryImageOfPage\":{\"@id\":\"https:\\\/\\\/insektenliebe.com\\\/it\\\/shop\\\/prodotto\\\/mattone-terraleaf\\\/#primaryimage\"},\"image\":{\"@id\":\"https:\\\/\\\/insektenliebe.com\\\/it\\\/shop\\\/prodotto\\\/mattone-terraleaf\\\/#primaryimage\"},\"thumbnailUrl\":\"https:\\\/\\\/insektenliebe.com\\\/wp-content\\\/uploads\\\/2025\\\/05\\\/Terraleaf-Brick-1-2.jpg\",\"datePublished\":\"2025-03-13T08:33:00+00:00\",\"dateModified\":\"2026-03-31T19:56:36+00:00\",\"description\":\"Acquista Terraleaf-Brick a basso costo e direttamente online: Un substrato quasi naturale a base di foglie esotiche, ideale per i primi decompositori e per regolare l'umidit\u00e0.\",\"breadcrumb\":{\"@id\":\"https:\\\/\\\/insektenliebe.com\\\/it\\\/shop\\\/prodotto\\\/mattone-terraleaf\\\/#breadcrumb\"},\"inLanguage\":\"it-IT\",\"potentialAction\":[{\"@type\":\"ReadAction\",\"target\":[\"https:\\\/\\\/insektenliebe.com\\\/it\\\/shop\\\/prodotto\\\/mattone-terraleaf\\\/\"]}]},{\"@type\":\"ImageObject\",\"inLanguage\":\"it-IT\",\"@id\":\"https:\\\/\\\/insektenliebe.com\\\/it\\\/shop\\\/prodotto\\\/mattone-terraleaf\\\/#primaryimage\",\"url\":\"https:\\\/\\\/insektenliebe.com\\\/wp-content\\\/uploads\\\/2025\\\/05\\\/Terraleaf-Brick-1-2.jpg\",\"contentUrl\":\"https:\\\/\\\/insektenliebe.com\\\/wp-content\\\/uploads\\\/2025\\\/05\\\/Terraleaf-Brick-1-2.jpg\",\"width\":820,\"height\":820,\"caption\":\"Terraleaf-Brick-1-2.jpg\"},{\"@type\":\"BreadcrumbList\",\"@id\":\"https:\\\/\\\/insektenliebe.com\\\/it\\\/shop\\\/prodotto\\\/mattone-terraleaf\\\/#breadcrumb\",\"itemListElement\":[{\"@type\":\"ListItem\",\"position\":1,\"name\":\"Startseite\",\"item\":\"https:\\\/\\\/insektenliebe.com\\\/it\\\/\"},{\"@type\":\"ListItem\",\"position\":2,\"name\":\"Negozio\",\"item\":\"https:\\\/\\\/insektenliebe.com\\\/it\\\/negozio\\\/\"},{\"@type\":\"ListItem\",\"position\":3,\"name\":\"Mattone Terraleaf\"}]},{\"@type\":\"WebSite\",\"@id\":\"https:\\\/\\\/insektenliebe.com\\\/it\\\/#website\",\"url\":\"https:\\\/\\\/insektenliebe.com\\\/it\\\/\",\"name\":\"Insektenliebe\",\"description\":\"Dein Zuhause f\u00fcr die kleinen Lebewesen\",\"publisher\":{\"@id\":\"https:\\\/\\\/insektenliebe.com\\\/it\\\/#organization\"},\"potentialAction\":[{\"@type\":\"SearchAction\",\"target\":{\"@type\":\"EntryPoint\",\"urlTemplate\":\"https:\\\/\\\/insektenliebe.com\\\/it\\\/?s={search_term_string}\"},\"query-input\":{\"@type\":\"PropertyValueSpecification\",\"valueRequired\":true,\"valueName\":\"search_term_string\"}}],\"inLanguage\":\"it-IT\"},{\"@type\":\"Organization\",\"@id\":\"https:\\\/\\\/insektenliebe.com\\\/it\\\/#organization\",\"name\":\"Insektenliebe\",\"url\":\"https:\\\/\\\/insektenliebe.com\\\/it\\\/\",\"logo\":{\"@type\":\"ImageObject\",\"inLanguage\":\"it-IT\",\"@id\":\"https:\\\/\\\/insektenliebe.com\\\/it\\\/#\\\/schema\\\/logo\\\/image\\\/\",\"url\":\"https:\\\/\\\/insektenliebe.com\\\/wp-content\\\/uploads\\\/2025\\\/03\\\/logo-white.png\",\"contentUrl\":\"https:\\\/\\\/insektenliebe.com\\\/wp-content\\\/uploads\\\/2025\\\/03\\\/logo-white.png\",\"width\":288,\"height\":188,\"caption\":\"Insektenliebe\"},\"image\":{\"@id\":\"https:\\\/\\\/insektenliebe.com\\\/it\\\/#\\\/schema\\\/logo\\\/image\\\/\"}}]}<\/script>\n<!-- \/ Yoast SEO plugin. -->","yoast_head_json":{"title":"Mattone Terraleaf - Insektenliebe","description":"Acquista Terraleaf-Brick a basso costo e direttamente online: Un substrato quasi naturale a base di foglie esotiche, ideale per i primi decompositori e per regolare l'umidit\u00e0.","robots":{"index":"index","follow":"follow","max-snippet":"max-snippet:-1","max-image-preview":"max-image-preview:large","max-video-preview":"max-video-preview:-1"},"canonical":"https:\/\/insektenliebe.com\/it\/shop\/prodotto\/mattone-terraleaf\/","og_locale":"it_IT","og_type":"article","og_title":"Mattone Terraleaf - Insektenliebe","og_description":"Acquista Terraleaf-Brick a basso costo e direttamente online: Un substrato quasi naturale a base di foglie esotiche, ideale per i primi decompositori e per regolare l'umidit\u00e0.","og_url":"https:\/\/insektenliebe.com\/it\/shop\/prodotto\/mattone-terraleaf\/","og_site_name":"Insektenliebe","article_modified_time":"2026-03-31T19:56:36+00:00","og_image":[{"width":820,"height":820,"url":"https:\/\/insektenliebe.com\/wp-content\/uploads\/2025\/05\/Terraleaf-Brick-1-2.jpg","type":"image\/jpeg"}],"twitter_card":"summary_large_image","twitter_misc":{"Tempo di lettura stimato":"2 minuto"},"schema":{"@context":"https:\/\/schema.org","@graph":[{"@type":"WebPage","@id":"https:\/\/insektenliebe.com\/it\/shop\/prodotto\/mattone-terraleaf\/","url":"https:\/\/insektenliebe.com\/it\/shop\/prodotto\/mattone-terraleaf\/","name":"Mattone Terraleaf - Insektenliebe","isPartOf":{"@id":"https:\/\/insektenliebe.com\/it\/#website"},"primaryImageOfPage":{"@id":"https:\/\/insektenliebe.com\/it\/shop\/prodotto\/mattone-terraleaf\/#primaryimage"},"image":{"@id":"https:\/\/insektenliebe.com\/it\/shop\/prodotto\/mattone-terraleaf\/#primaryimage"},"thumbnailUrl":"https:\/\/insektenliebe.com\/wp-content\/uploads\/2025\/05\/Terraleaf-Brick-1-2.jpg","datePublished":"2025-03-13T08:33:00+00:00","dateModified":"2026-03-31T19:56:36+00:00","description":"Acquista Terraleaf-Brick a basso costo e direttamente online: Un substrato quasi naturale a base di foglie esotiche, ideale per i primi decompositori e per regolare l'umidit\u00e0.","breadcrumb":{"@id":"https:\/\/insektenliebe.com\/it\/shop\/prodotto\/mattone-terraleaf\/#breadcrumb"},"inLanguage":"it-IT","potentialAction":[{"@type":"ReadAction","target":["https:\/\/insektenliebe.com\/it\/shop\/prodotto\/mattone-terraleaf\/"]}]},{"@type":"ImageObject","inLanguage":"it-IT","@id":"https:\/\/insektenliebe.com\/it\/shop\/prodotto\/mattone-terraleaf\/#primaryimage","url":"https:\/\/insektenliebe.com\/wp-content\/uploads\/2025\/05\/Terraleaf-Brick-1-2.jpg","contentUrl":"https:\/\/insektenliebe.com\/wp-content\/uploads\/2025\/05\/Terraleaf-Brick-1-2.jpg","width":820,"height":820,"caption":"Terraleaf-Brick-1-2.jpg"},{"@type":"BreadcrumbList","@id":"https:\/\/insektenliebe.com\/it\/shop\/prodotto\/mattone-terraleaf\/#breadcrumb","itemListElement":[{"@type":"ListItem","position":1,"name":"Startseite","item":"https:\/\/insektenliebe.com\/it\/"},{"@type":"ListItem","position":2,"name":"Negozio","item":"https:\/\/insektenliebe.com\/it\/negozio\/"},{"@type":"ListItem","position":3,"name":"Mattone Terraleaf"}]},{"@type":"WebSite","@id":"https:\/\/insektenliebe.com\/it\/#website","url":"https:\/\/insektenliebe.com\/it\/","name":"Insektenliebe","description":"Dein Zuhause f\u00fcr die kleinen Lebewesen","publisher":{"@id":"https:\/\/insektenliebe.com\/it\/#organization"},"potentialAction":[{"@type":"SearchAction","target":{"@type":"EntryPoint","urlTemplate":"https:\/\/insektenliebe.com\/it\/?s={search_term_string}"},"query-input":{"@type":"PropertyValueSpecification","valueRequired":true,"valueName":"search_term_string"}}],"inLanguage":"it-IT"},{"@type":"Organization","@id":"https:\/\/insektenliebe.com\/it\/#organization","name":"Insektenliebe","url":"https:\/\/insektenliebe.com\/it\/","logo":{"@type":"ImageObject","inLanguage":"it-IT","@id":"https:\/\/insektenliebe.com\/it\/#\/schema\/logo\/image\/","url":"https:\/\/insektenliebe.com\/wp-content\/uploads\/2025\/03\/logo-white.png","contentUrl":"https:\/\/insektenliebe.com\/wp-content\/uploads\/2025\/03\/logo-white.png","width":288,"height":188,"caption":"Insektenliebe"},"image":{"@id":"https:\/\/insektenliebe.com\/it\/#\/schema\/logo\/image\/"}}]}},"_links":{"self":[{"href":"https:\/\/insektenliebe.com\/it\/wp-json\/wp\/v2\/product\/187426","targetHints":{"allow":["GET"]}}],"collection":[{"href":"https:\/\/insektenliebe.com\/it\/wp-json\/wp\/v2\/product"}],"about":[{"href":"https:\/\/insektenliebe.com\/it\/wp-json\/wp\/v2\/types\/product"}],"wp:featuredmedia":[{"embeddable":true,"href":"https:\/\/insektenliebe.com\/it\/wp-json\/wp\/v2\/media\/187461"}],"wp:attachment":[{"href":"https:\/\/insektenliebe.com\/it\/wp-json\/wp\/v2\/media?parent=187426"}],"wp:term":[{"taxonomy":"product-supplier","embeddable":true,"href":"https:\/\/insektenliebe.com\/it\/wp-json\/wp\/v2\/product-supplier?post=187426"},{"taxonomy":"product_brand","embeddable":true,"href":"https:\/\/insektenliebe.com\/it\/wp-json\/wp\/v2\/product_brand?post=187426"},{"taxonomy":"product_cat","embeddable":true,"href":"https:\/\/insektenliebe.com\/it\/wp-json\/wp\/v2\/product_cat?post=187426"},{"taxonomy":"product_tag","embeddable":true,"href":"https:\/\/insektenliebe.com\/it\/wp-json\/wp\/v2\/product_tag?post=187426"},{"taxonomy":"lce-checkout-addons","embeddable":true,"href":"https:\/\/insektenliebe.com\/it\/wp-json\/wp\/v2\/lce-checkout-addons?post=187426"}],"curies":[{"name":"wp","href":"https:\/\/api.w.org\/{rel}","templated":true}]}}