{"id":187404,"date":"2025-03-26T11:46:00","date_gmt":"2025-03-26T10:46:00","guid":{"rendered":"https:\/\/insektenliebe.com\/shop\/produkt\/sistema-led-terrasky-di-exo-terra\/"},"modified":"2026-03-02T17:48:44","modified_gmt":"2026-03-02T16:48:44","slug":"sistema-led-terrasky-di-exo-terra","status":"publish","type":"product","link":"https:\/\/insektenliebe.com\/it\/shop\/prodotto\/sistema-led-terrasky-di-exo-terra\/","title":{"rendered":"Sistema LED TerraSky di Exo Terra"},"content":{"rendered":"<h3><span style=\"color: #99cc33;\"><strong>TerraSky LED di Exo Terra: una luce che prende vita<\/strong><\/span><\/h3>\n<p data-start=\"0\" data-end=\"538\">Il<strong> sistema LED TerraSky di Exo Terra<\/strong> rivoluziona l&#8217;illuminazione dei terrari piantumati. Questo sistema all&#8217;avanguardia offre uno spettro di luce completamente personalizzabile, studiato appositamente per soddisfare le esigenze dei terrari bioattivi e piantumati. <\/p>\n<p data-start=\"0\" data-end=\"538\">Con i suoi LED RGB e bianchi da 6.500 K, promuove intensamente la crescita di piante e muschi fornendo radiazione fotosinteticamente attiva (PAR), che favorisce la crescita di orchidee, bromelie, tillandsie, piante carnivore, muschi e licheni.<\/p>\n<p data-start=\"540\" data-end=\"959\">L&#8217;illuminazione del <strong>sistema Exo Terra TerraSky LED<\/strong> fornisce un&#8217;illuminazione ampia e uniforme che raggiunge anche gli angoli pi\u00f9 remoti del terrario grazie a una diffusione della luce di oltre 120 gradi ed elimina efficacemente le zone buie. Gli 11 effetti cielo preimpostati permettono di simulare diverse condizioni di illuminazione naturale, rendendo il sistema non solo efficace ma anche visivamente accattivante. <\/p>\n<p data-start=\"961\" data-end=\"1328\">Il <strong>sistema LED TerraSky di Exo Terra<\/strong> \u00e8 estremamente facile da utilizzare grazie al telecomando in dotazione, che consente di personalizzare la luce in base a specifiche esigenze o preferenze. Inoltre, il sistema \u00e8 progettato per l&#8217;uso in ambienti umidi ed \u00e8 certificato IP54, il che lo rende una scelta sicura per i terrari con elevata umidit\u00e0. <\/p>\n<p data-start=\"1330\" data-end=\"1725\" data-is-last-node=\"\" data-is-only-node=\"\">Investi nel <strong>sistema Exo TerraSky LED<\/strong> non solo per fornire al tuo terrario un&#8217;illuminazione potente e versatile, ma anche per promuovere una crescita ottimale e uno sviluppo sano delle tue piante. Il <strong>sistema TerraSky LED di Exo Terra<\/strong> rende pi\u00f9 facile che mai mantenere un terrario piantumato che sia esteticamente piacevole e biologicamente funzionale. <\/p>\n<p><a href=\"https:\/\/insektenliebe.com\/wp-content\/uploads\/2025\/03\/PT2413_Terrasky_EU.pdf.pdf\">Manuale-Terrasky.pdf<\/a><\/p>\n","protected":false},"excerpt":{"rendered":"<p>TerraSky LED di Exo Terra: una luce che prende vita Il sistema LED TerraSky di Exo Terra rivoluziona l&#8217;illuminazione dei terrari piantumati. Questo sistema all&#8217;avanguardia offre uno spettro di luce completamente personalizzabile, studiato appositamente per soddisfare le esigenze dei terrari bioattivi e piantumati. Con i suoi LED RGB e bianchi da 6.500 K, promuove intensamente [&hellip;]<\/p>\n","protected":false},"featured_media":187412,"template":"","meta":{"_acf_changed":false},"product-supplier":[2554],"product_brand":[3027],"product_cat":[2741],"product_tag":[],"lce-checkout-addons":[],"class_list":{"0":"post-187404","1":"product","2":"type-product","3":"status-publish","4":"has-post-thumbnail","6":"product_brand-exo-terra","7":"product_cat-illuminazione-e-clima","8":"product_shipping_class-equipment-shipping","10":"first","11":"instock","12":"sale","13":"downloadable","14":"taxable","15":"shipping-taxable","16":"purchasable","17":"product-type-simple"},"acf":[],"yoast_head":"<!-- This site is optimized with the Yoast SEO plugin v27.3 - https:\/\/yoast.com\/product\/yoast-seo-wordpress\/ -->\n<title>Sistema LED TerraSky di Exo Terra - Insektenliebe<\/title>\n<meta name=\"description\" content=\"Il sistema LED TerraSky di Exo Terra offre uno spettro luminoso completamente personalizzabile e stimola efficacemente la crescita di piante e muschi.\" \/>\n<meta name=\"robots\" content=\"index, follow, max-snippet:-1, max-image-preview:large, max-video-preview:-1\" \/>\n<link rel=\"canonical\" href=\"https:\/\/insektenliebe.com\/it\/shop\/prodotto\/sistema-led-terrasky-di-exo-terra\/\" \/>\n<meta property=\"og:locale\" content=\"it_IT\" \/>\n<meta property=\"og:type\" content=\"article\" \/>\n<meta property=\"og:title\" content=\"Sistema LED TerraSky di Exo Terra - Insektenliebe\" \/>\n<meta property=\"og:description\" content=\"Il sistema LED TerraSky di Exo Terra offre uno spettro luminoso completamente personalizzabile e stimola efficacemente la crescita di piante e muschi.\" \/>\n<meta property=\"og:url\" content=\"https:\/\/insektenliebe.com\/it\/shop\/prodotto\/sistema-led-terrasky-di-exo-terra\/\" \/>\n<meta property=\"og:site_name\" content=\"Insektenliebe\" \/>\n<meta property=\"article:modified_time\" content=\"2026-03-02T16:48:44+00:00\" \/>\n<meta property=\"og:image\" content=\"https:\/\/insektenliebe.com\/wp-content\/uploads\/2025\/05\/Exo-Terra-TerraSky-LED-2.jpg\" \/>\n\t<meta property=\"og:image:width\" content=\"820\" \/>\n\t<meta property=\"og:image:height\" content=\"820\" \/>\n\t<meta property=\"og:image:type\" content=\"image\/jpeg\" \/>\n<meta name=\"twitter:card\" content=\"summary_large_image\" \/>\n<meta name=\"twitter:label1\" content=\"Tempo di lettura stimato\" \/>\n\t<meta name=\"twitter:data1\" content=\"1 minuto\" \/>\n<script type=\"application\/ld+json\" class=\"yoast-schema-graph\">{\"@context\":\"https:\\\/\\\/schema.org\",\"@graph\":[{\"@type\":\"WebPage\",\"@id\":\"https:\\\/\\\/insektenliebe.com\\\/it\\\/shop\\\/prodotto\\\/sistema-led-terrasky-di-exo-terra\\\/\",\"url\":\"https:\\\/\\\/insektenliebe.com\\\/it\\\/shop\\\/prodotto\\\/sistema-led-terrasky-di-exo-terra\\\/\",\"name\":\"Sistema LED TerraSky di Exo Terra - Insektenliebe\",\"isPartOf\":{\"@id\":\"https:\\\/\\\/insektenliebe.com\\\/it\\\/#website\"},\"primaryImageOfPage\":{\"@id\":\"https:\\\/\\\/insektenliebe.com\\\/it\\\/shop\\\/prodotto\\\/sistema-led-terrasky-di-exo-terra\\\/#primaryimage\"},\"image\":{\"@id\":\"https:\\\/\\\/insektenliebe.com\\\/it\\\/shop\\\/prodotto\\\/sistema-led-terrasky-di-exo-terra\\\/#primaryimage\"},\"thumbnailUrl\":\"https:\\\/\\\/insektenliebe.com\\\/wp-content\\\/uploads\\\/2025\\\/05\\\/Exo-Terra-TerraSky-LED-2.jpg\",\"datePublished\":\"2025-03-26T10:46:00+00:00\",\"dateModified\":\"2026-03-02T16:48:44+00:00\",\"description\":\"Il sistema LED TerraSky di Exo Terra offre uno spettro luminoso completamente personalizzabile e stimola efficacemente la crescita di piante e muschi.\",\"breadcrumb\":{\"@id\":\"https:\\\/\\\/insektenliebe.com\\\/it\\\/shop\\\/prodotto\\\/sistema-led-terrasky-di-exo-terra\\\/#breadcrumb\"},\"inLanguage\":\"it-IT\",\"potentialAction\":[{\"@type\":\"ReadAction\",\"target\":[\"https:\\\/\\\/insektenliebe.com\\\/it\\\/shop\\\/prodotto\\\/sistema-led-terrasky-di-exo-terra\\\/\"]}]},{\"@type\":\"ImageObject\",\"inLanguage\":\"it-IT\",\"@id\":\"https:\\\/\\\/insektenliebe.com\\\/it\\\/shop\\\/prodotto\\\/sistema-led-terrasky-di-exo-terra\\\/#primaryimage\",\"url\":\"https:\\\/\\\/insektenliebe.com\\\/wp-content\\\/uploads\\\/2025\\\/05\\\/Exo-Terra-TerraSky-LED-2.jpg\",\"contentUrl\":\"https:\\\/\\\/insektenliebe.com\\\/wp-content\\\/uploads\\\/2025\\\/05\\\/Exo-Terra-TerraSky-LED-2.jpg\",\"width\":820,\"height\":820,\"caption\":\"Exo-Terra-TerraSky-LED-2.jpg\"},{\"@type\":\"BreadcrumbList\",\"@id\":\"https:\\\/\\\/insektenliebe.com\\\/it\\\/shop\\\/prodotto\\\/sistema-led-terrasky-di-exo-terra\\\/#breadcrumb\",\"itemListElement\":[{\"@type\":\"ListItem\",\"position\":1,\"name\":\"Startseite\",\"item\":\"https:\\\/\\\/insektenliebe.com\\\/it\\\/\"},{\"@type\":\"ListItem\",\"position\":2,\"name\":\"Negozio\",\"item\":\"https:\\\/\\\/insektenliebe.com\\\/it\\\/negozio\\\/\"},{\"@type\":\"ListItem\",\"position\":3,\"name\":\"Sistema LED TerraSky di Exo Terra\"}]},{\"@type\":\"WebSite\",\"@id\":\"https:\\\/\\\/insektenliebe.com\\\/it\\\/#website\",\"url\":\"https:\\\/\\\/insektenliebe.com\\\/it\\\/\",\"name\":\"Insektenliebe\",\"description\":\"Dein Zuhause f\u00fcr die kleinen Lebewesen\",\"publisher\":{\"@id\":\"https:\\\/\\\/insektenliebe.com\\\/it\\\/#organization\"},\"potentialAction\":[{\"@type\":\"SearchAction\",\"target\":{\"@type\":\"EntryPoint\",\"urlTemplate\":\"https:\\\/\\\/insektenliebe.com\\\/it\\\/?s={search_term_string}\"},\"query-input\":{\"@type\":\"PropertyValueSpecification\",\"valueRequired\":true,\"valueName\":\"search_term_string\"}}],\"inLanguage\":\"it-IT\"},{\"@type\":\"Organization\",\"@id\":\"https:\\\/\\\/insektenliebe.com\\\/it\\\/#organization\",\"name\":\"Insektenliebe\",\"url\":\"https:\\\/\\\/insektenliebe.com\\\/it\\\/\",\"logo\":{\"@type\":\"ImageObject\",\"inLanguage\":\"it-IT\",\"@id\":\"https:\\\/\\\/insektenliebe.com\\\/it\\\/#\\\/schema\\\/logo\\\/image\\\/\",\"url\":\"https:\\\/\\\/insektenliebe.com\\\/wp-content\\\/uploads\\\/2025\\\/03\\\/logo-white.png\",\"contentUrl\":\"https:\\\/\\\/insektenliebe.com\\\/wp-content\\\/uploads\\\/2025\\\/03\\\/logo-white.png\",\"width\":288,\"height\":188,\"caption\":\"Insektenliebe\"},\"image\":{\"@id\":\"https:\\\/\\\/insektenliebe.com\\\/it\\\/#\\\/schema\\\/logo\\\/image\\\/\"}}]}<\/script>\n<!-- \/ Yoast SEO plugin. -->","yoast_head_json":{"title":"Sistema LED TerraSky di Exo Terra - Insektenliebe","description":"Il sistema LED TerraSky di Exo Terra offre uno spettro luminoso completamente personalizzabile e stimola efficacemente la crescita di piante e muschi.","robots":{"index":"index","follow":"follow","max-snippet":"max-snippet:-1","max-image-preview":"max-image-preview:large","max-video-preview":"max-video-preview:-1"},"canonical":"https:\/\/insektenliebe.com\/it\/shop\/prodotto\/sistema-led-terrasky-di-exo-terra\/","og_locale":"it_IT","og_type":"article","og_title":"Sistema LED TerraSky di Exo Terra - Insektenliebe","og_description":"Il sistema LED TerraSky di Exo Terra offre uno spettro luminoso completamente personalizzabile e stimola efficacemente la crescita di piante e muschi.","og_url":"https:\/\/insektenliebe.com\/it\/shop\/prodotto\/sistema-led-terrasky-di-exo-terra\/","og_site_name":"Insektenliebe","article_modified_time":"2026-03-02T16:48:44+00:00","og_image":[{"width":820,"height":820,"url":"https:\/\/insektenliebe.com\/wp-content\/uploads\/2025\/05\/Exo-Terra-TerraSky-LED-2.jpg","type":"image\/jpeg"}],"twitter_card":"summary_large_image","twitter_misc":{"Tempo di lettura stimato":"1 minuto"},"schema":{"@context":"https:\/\/schema.org","@graph":[{"@type":"WebPage","@id":"https:\/\/insektenliebe.com\/it\/shop\/prodotto\/sistema-led-terrasky-di-exo-terra\/","url":"https:\/\/insektenliebe.com\/it\/shop\/prodotto\/sistema-led-terrasky-di-exo-terra\/","name":"Sistema LED TerraSky di Exo Terra - Insektenliebe","isPartOf":{"@id":"https:\/\/insektenliebe.com\/it\/#website"},"primaryImageOfPage":{"@id":"https:\/\/insektenliebe.com\/it\/shop\/prodotto\/sistema-led-terrasky-di-exo-terra\/#primaryimage"},"image":{"@id":"https:\/\/insektenliebe.com\/it\/shop\/prodotto\/sistema-led-terrasky-di-exo-terra\/#primaryimage"},"thumbnailUrl":"https:\/\/insektenliebe.com\/wp-content\/uploads\/2025\/05\/Exo-Terra-TerraSky-LED-2.jpg","datePublished":"2025-03-26T10:46:00+00:00","dateModified":"2026-03-02T16:48:44+00:00","description":"Il sistema LED TerraSky di Exo Terra offre uno spettro luminoso completamente personalizzabile e stimola efficacemente la crescita di piante e muschi.","breadcrumb":{"@id":"https:\/\/insektenliebe.com\/it\/shop\/prodotto\/sistema-led-terrasky-di-exo-terra\/#breadcrumb"},"inLanguage":"it-IT","potentialAction":[{"@type":"ReadAction","target":["https:\/\/insektenliebe.com\/it\/shop\/prodotto\/sistema-led-terrasky-di-exo-terra\/"]}]},{"@type":"ImageObject","inLanguage":"it-IT","@id":"https:\/\/insektenliebe.com\/it\/shop\/prodotto\/sistema-led-terrasky-di-exo-terra\/#primaryimage","url":"https:\/\/insektenliebe.com\/wp-content\/uploads\/2025\/05\/Exo-Terra-TerraSky-LED-2.jpg","contentUrl":"https:\/\/insektenliebe.com\/wp-content\/uploads\/2025\/05\/Exo-Terra-TerraSky-LED-2.jpg","width":820,"height":820,"caption":"Exo-Terra-TerraSky-LED-2.jpg"},{"@type":"BreadcrumbList","@id":"https:\/\/insektenliebe.com\/it\/shop\/prodotto\/sistema-led-terrasky-di-exo-terra\/#breadcrumb","itemListElement":[{"@type":"ListItem","position":1,"name":"Startseite","item":"https:\/\/insektenliebe.com\/it\/"},{"@type":"ListItem","position":2,"name":"Negozio","item":"https:\/\/insektenliebe.com\/it\/negozio\/"},{"@type":"ListItem","position":3,"name":"Sistema LED TerraSky di Exo Terra"}]},{"@type":"WebSite","@id":"https:\/\/insektenliebe.com\/it\/#website","url":"https:\/\/insektenliebe.com\/it\/","name":"Insektenliebe","description":"Dein Zuhause f\u00fcr die kleinen Lebewesen","publisher":{"@id":"https:\/\/insektenliebe.com\/it\/#organization"},"potentialAction":[{"@type":"SearchAction","target":{"@type":"EntryPoint","urlTemplate":"https:\/\/insektenliebe.com\/it\/?s={search_term_string}"},"query-input":{"@type":"PropertyValueSpecification","valueRequired":true,"valueName":"search_term_string"}}],"inLanguage":"it-IT"},{"@type":"Organization","@id":"https:\/\/insektenliebe.com\/it\/#organization","name":"Insektenliebe","url":"https:\/\/insektenliebe.com\/it\/","logo":{"@type":"ImageObject","inLanguage":"it-IT","@id":"https:\/\/insektenliebe.com\/it\/#\/schema\/logo\/image\/","url":"https:\/\/insektenliebe.com\/wp-content\/uploads\/2025\/03\/logo-white.png","contentUrl":"https:\/\/insektenliebe.com\/wp-content\/uploads\/2025\/03\/logo-white.png","width":288,"height":188,"caption":"Insektenliebe"},"image":{"@id":"https:\/\/insektenliebe.com\/it\/#\/schema\/logo\/image\/"}}]}},"_links":{"self":[{"href":"https:\/\/insektenliebe.com\/it\/wp-json\/wp\/v2\/product\/187404","targetHints":{"allow":["GET"]}}],"collection":[{"href":"https:\/\/insektenliebe.com\/it\/wp-json\/wp\/v2\/product"}],"about":[{"href":"https:\/\/insektenliebe.com\/it\/wp-json\/wp\/v2\/types\/product"}],"wp:featuredmedia":[{"embeddable":true,"href":"https:\/\/insektenliebe.com\/it\/wp-json\/wp\/v2\/media\/187412"}],"wp:attachment":[{"href":"https:\/\/insektenliebe.com\/it\/wp-json\/wp\/v2\/media?parent=187404"}],"wp:term":[{"taxonomy":"product-supplier","embeddable":true,"href":"https:\/\/insektenliebe.com\/it\/wp-json\/wp\/v2\/product-supplier?post=187404"},{"taxonomy":"product_brand","embeddable":true,"href":"https:\/\/insektenliebe.com\/it\/wp-json\/wp\/v2\/product_brand?post=187404"},{"taxonomy":"product_cat","embeddable":true,"href":"https:\/\/insektenliebe.com\/it\/wp-json\/wp\/v2\/product_cat?post=187404"},{"taxonomy":"product_tag","embeddable":true,"href":"https:\/\/insektenliebe.com\/it\/wp-json\/wp\/v2\/product_tag?post=187404"},{"taxonomy":"lce-checkout-addons","embeddable":true,"href":"https:\/\/insektenliebe.com\/it\/wp-json\/wp\/v2\/lce-checkout-addons?post=187404"}],"curies":[{"name":"wp","href":"https:\/\/api.w.org\/{rel}","templated":true}]}}