{"id":187393,"date":"2025-07-03T14:01:47","date_gmt":"2025-07-03T12:01:47","guid":{"rendered":"https:\/\/insektenliebe.com\/shop\/produkt\/oryctes-monoceros\/"},"modified":"2025-07-03T14:01:47","modified_gmt":"2025-07-03T12:01:47","slug":"oryctes-monoceros","status":"publish","type":"product","link":"https:\/\/insektenliebe.com\/it\/shop\/prodotto\/oryctes-monoceros\/","title":{"rendered":"Oryctes monoceros"},"content":{"rendered":"<h3><span style=\"color: #99cc33\"><strong>Oryctes monoceros - Scarafaggio rinoceronte africano con un caratteristico corno sulla fronte<\/strong><\/span><\/h3>\n<p data-start=\"87\" data-end=\"815\">L<strong>&#8216;Oryctes monoceros<\/strong> \u00e8 un imponente scarabeo rinoceronte della famiglia degli Scarabaeidae. Questi animali sono originari delle regioni tropicali dell&#8217;Africa e si caratterizzano per la loro corporatura forte e compatta e per l&#8217;appariscente corno dei maschi, che usano come difesa o come elemento di imponenza. La loro colorazione da marrone scuro a quasi nera, con un guscio chitinoso leggermente lucido, conferisce loro un aspetto nobile, quasi corazzato, che li rende i preferiti di molti amanti dei coleotteri. Le femmine sono un po&#8217; pi\u00f9 tozze e hanno solo un piccolo corno, ma non sono diverse dai maschi in termini di cura.   <\/p>\n<p data-start=\"817\" data-end=\"1516\">Per tenere una coppia si consiglia un terrario di dimensioni minime di 30 \u00d7 30 \u00d7 30 cm. Una buona ventilazione \u00e8 essenziale, ma il clima non deve essere troppo secco. Gli animali preferiscono temperature comprese tra i 24 e i 28 \u00b0C e un&#8217;umidit\u00e0 di circa il 70-80%. \u00c8 adatto un substrato di terra in scaglie profondo almeno 20 cm. Un alto strato di substrato \u00e8 particolarmente importante per la deposizione delle uova e lo sviluppo delle larve. I coleotteri adulti richiedono poche cure: amano mangiare frutta troppo matura come banane, mango o pesche e anche la gelatina di coleotteri.     <\/p>\n<p data-start=\"1518\" data-end=\"2222\">L <strong>&#8216;Oryctes monoceros<\/strong> pu\u00f2 essere allevato senza problemi in buone condizioni. Dopo l&#8217;accoppiamento, la femmina depone diverse uova nel substrato, da cui si sviluppano le larve in poche settimane. Queste passano attraverso tre stadi larvali e impiegano diversi mesi per impuparsi, a seconda della temperatura e dell&#8217;offerta di cibo. Il periodo pupale dura circa 4-6 settimane, dopodich\u00e9 si schiudono le immagini finite, che possono vivere per diversi mesi se tenute bene. \u00c8 importante controllare regolarmente il substrato per non disturbare o danneggiare inutilmente le larve. Inoltre, il substrato non deve essere infestato da acari o muffe, per questo \u00e8 essenziale un habitat pulito ed equilibrato.     <\/p>\n<p data-start=\"2224\" data-end=\"2498\" data-is-last-node=\"\" data-is-only-node=\"\">L<strong>&#8216;Oryctes monoceros<\/strong> non \u00e8 solo un vero e proprio highlight visivo, ma colpisce anche per il suo comportamento interessante e per la sua facilit\u00e0 di conservazione. Ideale per i principianti interessati ai coleotteri tropicali, ma anche per i collezionisti esperti. <\/p>\n","protected":false},"excerpt":{"rendered":"<p>Oryctes monoceros - Scarafaggio rinoceronte africano con un caratteristico corno sulla fronte L&#8216;Oryctes monoceros \u00e8 un imponente scarabeo rinoceronte della famiglia degli Scarabaeidae. Questi animali sono originari delle regioni tropicali dell&#8217;Africa e si caratterizzano per la loro corporatura forte e compatta e per l&#8217;appariscente corno dei maschi, che usano come difesa o come elemento di [&hellip;]<\/p>\n","protected":false},"featured_media":186001,"template":"","meta":{"_acf_changed":false},"product-supplier":[],"product_brand":[],"product_cat":[2829],"product_tag":[],"lce-checkout-addons":[2746],"class_list":{"0":"post-187393","1":"product","2":"type-product","3":"status-publish","4":"has-post-thumbnail","6":"product_cat-altri-invertebrati","7":"product_shipping_class-spedizione-di-animali","8":"pa_geschlecht-larva-l2-3","9":"pa_geschlecht-maggiolino-1-0","10":"pa_geschlecht-scarabeo-0-1","11":"pa_herkunft-nigeria","12":"pa_kontinent-africa","13":"lce-checkout-addons-imballaggio-invernale","15":"first","16":"outofstock","17":"taxable","18":"shipping-taxable","19":"purchasable","20":"product-type-variable","21":"has-default-attributes"},"acf":[],"yoast_head":"<!-- This site is optimized with the Yoast SEO Premium plugin v26.8 (Yoast SEO v27.3) - https:\/\/yoast.com\/product\/yoast-seo-premium-wordpress\/ -->\n<title>Oryctes monoceros - Insektenliebe<\/title>\n<meta name=\"description\" content=\"Acquista a buon mercato Oryctes monoceros direttamente online! Un impressionante scarabeo rinoceronte proveniente dall&#039;Africa con un corno caratteristico e uno sviluppo entusiasmante.\" \/>\n<meta name=\"robots\" content=\"index, follow, max-snippet:-1, max-image-preview:large, max-video-preview:-1\" \/>\n<link rel=\"canonical\" href=\"https:\/\/insektenliebe.com\/it\/shop\/prodotto\/oryctes-monoceros\/\" \/>\n<meta property=\"og:locale\" content=\"it_IT\" \/>\n<meta property=\"og:type\" content=\"article\" \/>\n<meta property=\"og:title\" content=\"Oryctes monoceros\" \/>\n<meta property=\"og:description\" content=\"Acquista a buon mercato Oryctes monoceros direttamente online! Un impressionante scarabeo rinoceronte proveniente dall&#039;Africa con un corno caratteristico e uno sviluppo entusiasmante.\" \/>\n<meta property=\"og:url\" content=\"https:\/\/insektenliebe.com\/it\/shop\/prodotto\/oryctes-monoceros\/\" \/>\n<meta property=\"og:site_name\" content=\"Insektenliebe\" \/>\n<meta property=\"og:image\" content=\"https:\/\/insektenliebe.com\/wp-content\/uploads\/2025\/07\/Oryctes-monoceros.jpg\" \/>\n\t<meta property=\"og:image:width\" content=\"820\" \/>\n\t<meta property=\"og:image:height\" content=\"820\" \/>\n\t<meta property=\"og:image:type\" content=\"image\/jpeg\" \/>\n<meta name=\"twitter:card\" content=\"summary_large_image\" \/>\n<meta name=\"twitter:label1\" content=\"Disponibilit\u00e0\" \/>\n\t<meta name=\"twitter:data1\" content=\"Esaurito\" \/>\n<script type=\"application\/ld+json\" class=\"yoast-schema-graph\">{\"@context\":\"https:\\\/\\\/schema.org\",\"@graph\":[{\"@type\":\"WebPage\",\"@id\":\"https:\\\/\\\/insektenliebe.com\\\/it\\\/shop\\\/prodotto\\\/oryctes-monoceros\\\/\",\"url\":\"https:\\\/\\\/insektenliebe.com\\\/it\\\/shop\\\/prodotto\\\/oryctes-monoceros\\\/\",\"name\":\"Oryctes monoceros - Insektenliebe\",\"isPartOf\":{\"@id\":\"https:\\\/\\\/insektenliebe.com\\\/it\\\/#website\"},\"primaryImageOfPage\":{\"@id\":\"https:\\\/\\\/insektenliebe.com\\\/it\\\/shop\\\/prodotto\\\/oryctes-monoceros\\\/#primaryimage\"},\"image\":{\"@id\":\"https:\\\/\\\/insektenliebe.com\\\/it\\\/shop\\\/prodotto\\\/oryctes-monoceros\\\/#primaryimage\"},\"thumbnailUrl\":\"https:\\\/\\\/insektenliebe.com\\\/wp-content\\\/uploads\\\/2025\\\/07\\\/Oryctes-monoceros.jpg\",\"datePublished\":\"2025-07-03T12:01:47+00:00\",\"description\":\"Acquista a buon mercato Oryctes monoceros direttamente online! Un impressionante scarabeo rinoceronte proveniente dall'Africa con un corno caratteristico e uno sviluppo entusiasmante.\",\"breadcrumb\":{\"@id\":\"https:\\\/\\\/insektenliebe.com\\\/it\\\/shop\\\/prodotto\\\/oryctes-monoceros\\\/#breadcrumb\"},\"inLanguage\":\"it-IT\",\"potentialAction\":[{\"@type\":\"ReadAction\",\"target\":[\"https:\\\/\\\/insektenliebe.com\\\/it\\\/shop\\\/prodotto\\\/oryctes-monoceros\\\/\"]}]},{\"@type\":\"ImageObject\",\"inLanguage\":\"it-IT\",\"@id\":\"https:\\\/\\\/insektenliebe.com\\\/it\\\/shop\\\/prodotto\\\/oryctes-monoceros\\\/#primaryimage\",\"url\":\"https:\\\/\\\/insektenliebe.com\\\/wp-content\\\/uploads\\\/2025\\\/07\\\/Oryctes-monoceros.jpg\",\"contentUrl\":\"https:\\\/\\\/insektenliebe.com\\\/wp-content\\\/uploads\\\/2025\\\/07\\\/Oryctes-monoceros.jpg\",\"width\":820,\"height\":820,\"caption\":\"Oryctes monoceros\"},{\"@type\":\"BreadcrumbList\",\"@id\":\"https:\\\/\\\/insektenliebe.com\\\/it\\\/shop\\\/prodotto\\\/oryctes-monoceros\\\/#breadcrumb\",\"itemListElement\":[{\"@type\":\"ListItem\",\"position\":1,\"name\":\"Startseite\",\"item\":\"https:\\\/\\\/insektenliebe.com\\\/it\\\/\"},{\"@type\":\"ListItem\",\"position\":2,\"name\":\"Negozio\",\"item\":\"https:\\\/\\\/insektenliebe.com\\\/it\\\/negozio\\\/\"},{\"@type\":\"ListItem\",\"position\":3,\"name\":\"Oryctes monoceros\"}]},{\"@type\":\"WebSite\",\"@id\":\"https:\\\/\\\/insektenliebe.com\\\/it\\\/#website\",\"url\":\"https:\\\/\\\/insektenliebe.com\\\/it\\\/\",\"name\":\"Insektenliebe\",\"description\":\"Dein Zuhause f\u00fcr die kleinen Lebewesen\",\"publisher\":{\"@id\":\"https:\\\/\\\/insektenliebe.com\\\/it\\\/#organization\"},\"potentialAction\":[{\"@type\":\"SearchAction\",\"target\":{\"@type\":\"EntryPoint\",\"urlTemplate\":\"https:\\\/\\\/insektenliebe.com\\\/it\\\/?s={search_term_string}\"},\"query-input\":{\"@type\":\"PropertyValueSpecification\",\"valueRequired\":true,\"valueName\":\"search_term_string\"}}],\"inLanguage\":\"it-IT\"},{\"@type\":\"Organization\",\"@id\":\"https:\\\/\\\/insektenliebe.com\\\/it\\\/#organization\",\"name\":\"Insektenliebe\",\"url\":\"https:\\\/\\\/insektenliebe.com\\\/it\\\/\",\"logo\":{\"@type\":\"ImageObject\",\"inLanguage\":\"it-IT\",\"@id\":\"https:\\\/\\\/insektenliebe.com\\\/it\\\/#\\\/schema\\\/logo\\\/image\\\/\",\"url\":\"https:\\\/\\\/insektenliebe.com\\\/wp-content\\\/uploads\\\/2025\\\/03\\\/logo-white.png\",\"contentUrl\":\"https:\\\/\\\/insektenliebe.com\\\/wp-content\\\/uploads\\\/2025\\\/03\\\/logo-white.png\",\"width\":288,\"height\":188,\"caption\":\"Insektenliebe\"},\"image\":{\"@id\":\"https:\\\/\\\/insektenliebe.com\\\/it\\\/#\\\/schema\\\/logo\\\/image\\\/\"}}]}<\/script>\n<meta property=\"og:availability\" content=\"out of stock\" \/>\n<meta property=\"product:availability\" content=\"out of stock\" \/>\n<meta property=\"product:retailer_item_id\" content=\"702\" \/>\n<meta property=\"product:condition\" content=\"new\" \/>\n<!-- \/ Yoast SEO Premium plugin. -->","yoast_head_json":{"title":"Oryctes monoceros - Insektenliebe","description":"Acquista a buon mercato Oryctes monoceros direttamente online! Un impressionante scarabeo rinoceronte proveniente dall'Africa con un corno caratteristico e uno sviluppo entusiasmante.","robots":{"index":"index","follow":"follow","max-snippet":"max-snippet:-1","max-image-preview":"max-image-preview:large","max-video-preview":"max-video-preview:-1"},"canonical":"https:\/\/insektenliebe.com\/it\/shop\/prodotto\/oryctes-monoceros\/","og_locale":"it_IT","og_type":"article","og_title":"Oryctes monoceros","og_description":"Acquista a buon mercato Oryctes monoceros direttamente online! Un impressionante scarabeo rinoceronte proveniente dall'Africa con un corno caratteristico e uno sviluppo entusiasmante.","og_url":"https:\/\/insektenliebe.com\/it\/shop\/prodotto\/oryctes-monoceros\/","og_site_name":"Insektenliebe","og_image":[{"width":820,"height":820,"url":"https:\/\/insektenliebe.com\/wp-content\/uploads\/2025\/07\/Oryctes-monoceros.jpg","type":"image\/jpeg"}],"twitter_card":"summary_large_image","twitter_misc":{"Disponibilit\u00e0":"Esaurito"},"schema":{"@context":"https:\/\/schema.org","@graph":[{"@type":"WebPage","@id":"https:\/\/insektenliebe.com\/it\/shop\/prodotto\/oryctes-monoceros\/","url":"https:\/\/insektenliebe.com\/it\/shop\/prodotto\/oryctes-monoceros\/","name":"Oryctes monoceros - Insektenliebe","isPartOf":{"@id":"https:\/\/insektenliebe.com\/it\/#website"},"primaryImageOfPage":{"@id":"https:\/\/insektenliebe.com\/it\/shop\/prodotto\/oryctes-monoceros\/#primaryimage"},"image":{"@id":"https:\/\/insektenliebe.com\/it\/shop\/prodotto\/oryctes-monoceros\/#primaryimage"},"thumbnailUrl":"https:\/\/insektenliebe.com\/wp-content\/uploads\/2025\/07\/Oryctes-monoceros.jpg","datePublished":"2025-07-03T12:01:47+00:00","description":"Acquista a buon mercato Oryctes monoceros direttamente online! Un impressionante scarabeo rinoceronte proveniente dall'Africa con un corno caratteristico e uno sviluppo entusiasmante.","breadcrumb":{"@id":"https:\/\/insektenliebe.com\/it\/shop\/prodotto\/oryctes-monoceros\/#breadcrumb"},"inLanguage":"it-IT","potentialAction":[{"@type":"ReadAction","target":["https:\/\/insektenliebe.com\/it\/shop\/prodotto\/oryctes-monoceros\/"]}]},{"@type":"ImageObject","inLanguage":"it-IT","@id":"https:\/\/insektenliebe.com\/it\/shop\/prodotto\/oryctes-monoceros\/#primaryimage","url":"https:\/\/insektenliebe.com\/wp-content\/uploads\/2025\/07\/Oryctes-monoceros.jpg","contentUrl":"https:\/\/insektenliebe.com\/wp-content\/uploads\/2025\/07\/Oryctes-monoceros.jpg","width":820,"height":820,"caption":"Oryctes monoceros"},{"@type":"BreadcrumbList","@id":"https:\/\/insektenliebe.com\/it\/shop\/prodotto\/oryctes-monoceros\/#breadcrumb","itemListElement":[{"@type":"ListItem","position":1,"name":"Startseite","item":"https:\/\/insektenliebe.com\/it\/"},{"@type":"ListItem","position":2,"name":"Negozio","item":"https:\/\/insektenliebe.com\/it\/negozio\/"},{"@type":"ListItem","position":3,"name":"Oryctes monoceros"}]},{"@type":"WebSite","@id":"https:\/\/insektenliebe.com\/it\/#website","url":"https:\/\/insektenliebe.com\/it\/","name":"Insektenliebe","description":"Dein Zuhause f\u00fcr die kleinen Lebewesen","publisher":{"@id":"https:\/\/insektenliebe.com\/it\/#organization"},"potentialAction":[{"@type":"SearchAction","target":{"@type":"EntryPoint","urlTemplate":"https:\/\/insektenliebe.com\/it\/?s={search_term_string}"},"query-input":{"@type":"PropertyValueSpecification","valueRequired":true,"valueName":"search_term_string"}}],"inLanguage":"it-IT"},{"@type":"Organization","@id":"https:\/\/insektenliebe.com\/it\/#organization","name":"Insektenliebe","url":"https:\/\/insektenliebe.com\/it\/","logo":{"@type":"ImageObject","inLanguage":"it-IT","@id":"https:\/\/insektenliebe.com\/it\/#\/schema\/logo\/image\/","url":"https:\/\/insektenliebe.com\/wp-content\/uploads\/2025\/03\/logo-white.png","contentUrl":"https:\/\/insektenliebe.com\/wp-content\/uploads\/2025\/03\/logo-white.png","width":288,"height":188,"caption":"Insektenliebe"},"image":{"@id":"https:\/\/insektenliebe.com\/it\/#\/schema\/logo\/image\/"}}]},"og_availability":"out of stock","product_availability":"out of stock","product_retailer_item_id":"702","product_condition":"new"},"_links":{"self":[{"href":"https:\/\/insektenliebe.com\/it\/wp-json\/wp\/v2\/product\/187393","targetHints":{"allow":["GET"]}}],"collection":[{"href":"https:\/\/insektenliebe.com\/it\/wp-json\/wp\/v2\/product"}],"about":[{"href":"https:\/\/insektenliebe.com\/it\/wp-json\/wp\/v2\/types\/product"}],"wp:featuredmedia":[{"embeddable":true,"href":"https:\/\/insektenliebe.com\/it\/wp-json\/wp\/v2\/media\/186001"}],"wp:attachment":[{"href":"https:\/\/insektenliebe.com\/it\/wp-json\/wp\/v2\/media?parent=187393"}],"wp:term":[{"taxonomy":"product-supplier","embeddable":true,"href":"https:\/\/insektenliebe.com\/it\/wp-json\/wp\/v2\/product-supplier?post=187393"},{"taxonomy":"product_brand","embeddable":true,"href":"https:\/\/insektenliebe.com\/it\/wp-json\/wp\/v2\/product_brand?post=187393"},{"taxonomy":"product_cat","embeddable":true,"href":"https:\/\/insektenliebe.com\/it\/wp-json\/wp\/v2\/product_cat?post=187393"},{"taxonomy":"product_tag","embeddable":true,"href":"https:\/\/insektenliebe.com\/it\/wp-json\/wp\/v2\/product_tag?post=187393"},{"taxonomy":"lce-checkout-addons","embeddable":true,"href":"https:\/\/insektenliebe.com\/it\/wp-json\/wp\/v2\/lce-checkout-addons?post=187393"}],"curies":[{"name":"wp","href":"https:\/\/api.w.org\/{rel}","templated":true}]}}