{"id":187387,"date":"2025-07-03T14:59:00","date_gmt":"2025-07-03T12:59:00","guid":{"rendered":"https:\/\/insektenliebe.com\/shop\/produkt\/lethocerus-africanus\/"},"modified":"2025-07-03T14:59:00","modified_gmt":"2025-07-03T12:59:00","slug":"lethocerus-africanus","status":"publish","type":"product","link":"https:\/\/insektenliebe.com\/it\/shop\/prodotto\/lethocerus-africanus\/","title":{"rendered":"Lethocerus africanus"},"content":{"rendered":"<h3><span style=\"color: #99cc33\"><strong>Per gli intenditori e gli appassionati: un vero e proprio fiore all&#8217;occhiello tra gli insetti acquatici<\/strong><\/span><\/h3>\n<div id=\"gap-786048536\" class=\"gap-element clearfix\"><\/div>\n<p data-start=\"0\" data-end=\"554\"><strong>Il Lethocerus africanus<\/strong> \u00e8 senza dubbio uno dei pi\u00f9 affascinanti rappresentanti degli insetti acquatici africani. Appartenente al genere delle cimici d&#8217;acqua giganti, \u00e8 uno degli insetti acquatici pi\u00f9 grandi al mondo e attira immediatamente l&#8217;attenzione di tutti con il suo fisico imponente, che pu\u00f2 raggiungere gli 8 cm a seconda dell&#8217;animale. Con il suo corpo piatto a forma di siluro, i forti tentacoli e la sorprendente colorazione scura con accenti pi\u00f9 chiari, questo predatore non solo ha un aspetto imponente, ma \u00e8 anche un cacciatore perfettamente adattato in acqua.  <\/p>\n<p data-start=\"556\" data-end=\"1222\">Il Lethocerus africanus \u00e8 robusto e relativamente facile da curare, a patto che vengano soddisfatti i requisiti di base. \u00c8 essenziale un acquario con una base di almeno 40 x 30 x 30 cm, una disposizione ben strutturata di piante, pietre e corteccia di sughero, nonch\u00e9 un&#8217;intercapedine d&#8217;aria sopra la superficie dell&#8217;acqua. Poich\u00e9 questa specie respira aria, \u00e8 necessario garantire sempre il libero accesso alla superficie. La temperatura dell&#8217;acqua deve essere compresa tra i 22 e i 26 \u00b0C. Anche una corrente leggera e una buona qualit\u00e0 dell&#8217;acqua contribuiscono al loro benessere. \u00c8 consigliabile fissare la vasca con un coperchio, poich\u00e9 il Lethocerus \u00e8 in grado di volare.    <\/p>\n<p data-start=\"1224\" data-end=\"1552\">Questa specie non \u00e8 molto esigente in fatto di cibo: lombrichi, insetti, pesci pi\u00f9 piccoli o animali congelati come i gamberetti sono accettati senza problemi. Tuttavia, a causa della loro potente proboscide succhiante, i <strong>Lethocerus africanus<\/strong> non dovrebbero essere socializzati con altri animali: sono animali solitari e potenziali predatori. <\/p>\n<p data-start=\"1554\" data-end=\"1997\">La riproduzione avviene con successo in vasche spaziose, calde e umide con una zona d&#8217;acqua poco profonda. Le femmine depongono le uova sopra la superficie dell&#8217;acqua su piante o sughero, dove vengono sorvegliate dal maschio e regolarmente inumidite. Le larve si schiudono dopo circa 2-3 settimane e possono essere nutrite con piccoli insetti o pulci d&#8217;acqua. L&#8217;allevamento \u00e8 emozionante, ma impegnativo, perch\u00e9 le larve sono sensibili alla cattiva qualit\u00e0 dell&#8217;acqua.   <\/p>\n<p data-start=\"1999\" data-end=\"2180\" data-is-last-node=\"\" data-is-only-node=\"\"><strong>Il Lethocerus africanus<\/strong> non \u00e8 un animale per principianti, ma un arricchimento impressionante per gli amanti degli insetti acquatici esotici - affascinante per aspetto, comportamento e biologia.<\/p>\n","protected":false},"excerpt":{"rendered":"<p>Per gli intenditori e gli appassionati: un vero e proprio fiore all&#8217;occhiello tra gli insetti acquatici Il Lethocerus africanus \u00e8 senza dubbio uno dei pi\u00f9 affascinanti rappresentanti degli insetti acquatici africani. Appartenente al genere delle cimici d&#8217;acqua giganti, \u00e8 uno degli insetti acquatici pi\u00f9 grandi al mondo e attira immediatamente l&#8217;attenzione di tutti con il [&hellip;]<\/p>\n","protected":false},"featured_media":187391,"template":"","meta":{"_acf_changed":false},"product-supplier":[],"product_brand":[],"product_cat":[2829],"product_tag":[],"lce-checkout-addons":[2746],"class_list":{"0":"post-187387","1":"product","2":"type-product","3":"status-publish","4":"has-post-thumbnail","6":"product_cat-altri-invertebrati","7":"product_shipping_class-spedizione-di-animali","8":"pa_herkunft-nigeria","9":"pa_kontinent-africa","10":"lce-checkout-addons-imballaggio-invernale","12":"first","13":"outofstock","14":"taxable","15":"shipping-taxable","16":"purchasable","17":"product-type-simple"},"acf":[],"yoast_head":"<!-- This site is optimized with the Yoast SEO plugin v27.3 - https:\/\/yoast.com\/product\/yoast-seo-wordpress\/ -->\n<title>Lethocerus africanus - Insektenliebe<\/title>\n<meta name=\"description\" content=\"Il Lethocerus africanus \u00e8 un impressionante insetto d&#039;acqua dolce con un eccezionale comportamento di caccia. Ideale per gli amanti degli insetti esotici.\" \/>\n<meta name=\"robots\" content=\"index, follow, max-snippet:-1, max-image-preview:large, max-video-preview:-1\" \/>\n<link rel=\"canonical\" href=\"https:\/\/insektenliebe.com\/it\/shop\/prodotto\/lethocerus-africanus\/\" \/>\n<meta property=\"og:locale\" content=\"it_IT\" \/>\n<meta property=\"og:type\" content=\"article\" \/>\n<meta property=\"og:title\" content=\"Lethocerus africanus - Insektenliebe\" \/>\n<meta property=\"og:description\" content=\"Il Lethocerus africanus \u00e8 un impressionante insetto d&#039;acqua dolce con un eccezionale comportamento di caccia. Ideale per gli amanti degli insetti esotici.\" \/>\n<meta property=\"og:url\" content=\"https:\/\/insektenliebe.com\/it\/shop\/prodotto\/lethocerus-africanus\/\" \/>\n<meta property=\"og:site_name\" content=\"Insektenliebe\" \/>\n<meta property=\"og:image\" content=\"https:\/\/insektenliebe.com\/wp-content\/uploads\/2025\/07\/Lethocerus-africanus.jpg\" \/>\n\t<meta property=\"og:image:width\" content=\"820\" \/>\n\t<meta property=\"og:image:height\" content=\"820\" \/>\n\t<meta property=\"og:image:type\" content=\"image\/jpeg\" \/>\n<meta name=\"twitter:card\" content=\"summary_large_image\" \/>\n<meta name=\"twitter:label1\" content=\"Tempo di lettura stimato\" \/>\n\t<meta name=\"twitter:data1\" content=\"2 minuto\" \/>\n<script type=\"application\/ld+json\" class=\"yoast-schema-graph\">{\"@context\":\"https:\\\/\\\/schema.org\",\"@graph\":[{\"@type\":\"WebPage\",\"@id\":\"https:\\\/\\\/insektenliebe.com\\\/it\\\/shop\\\/prodotto\\\/lethocerus-africanus\\\/\",\"url\":\"https:\\\/\\\/insektenliebe.com\\\/it\\\/shop\\\/prodotto\\\/lethocerus-africanus\\\/\",\"name\":\"Lethocerus africanus - Insektenliebe\",\"isPartOf\":{\"@id\":\"https:\\\/\\\/insektenliebe.com\\\/it\\\/#website\"},\"primaryImageOfPage\":{\"@id\":\"https:\\\/\\\/insektenliebe.com\\\/it\\\/shop\\\/prodotto\\\/lethocerus-africanus\\\/#primaryimage\"},\"image\":{\"@id\":\"https:\\\/\\\/insektenliebe.com\\\/it\\\/shop\\\/prodotto\\\/lethocerus-africanus\\\/#primaryimage\"},\"thumbnailUrl\":\"https:\\\/\\\/insektenliebe.com\\\/wp-content\\\/uploads\\\/2025\\\/07\\\/Lethocerus-africanus.jpg\",\"datePublished\":\"2025-07-03T12:59:00+00:00\",\"description\":\"Il Lethocerus africanus \u00e8 un impressionante insetto d'acqua dolce con un eccezionale comportamento di caccia. Ideale per gli amanti degli insetti esotici.\",\"breadcrumb\":{\"@id\":\"https:\\\/\\\/insektenliebe.com\\\/it\\\/shop\\\/prodotto\\\/lethocerus-africanus\\\/#breadcrumb\"},\"inLanguage\":\"it-IT\",\"potentialAction\":[{\"@type\":\"ReadAction\",\"target\":[\"https:\\\/\\\/insektenliebe.com\\\/it\\\/shop\\\/prodotto\\\/lethocerus-africanus\\\/\"]}]},{\"@type\":\"ImageObject\",\"inLanguage\":\"it-IT\",\"@id\":\"https:\\\/\\\/insektenliebe.com\\\/it\\\/shop\\\/prodotto\\\/lethocerus-africanus\\\/#primaryimage\",\"url\":\"https:\\\/\\\/insektenliebe.com\\\/wp-content\\\/uploads\\\/2025\\\/07\\\/Lethocerus-africanus.jpg\",\"contentUrl\":\"https:\\\/\\\/insektenliebe.com\\\/wp-content\\\/uploads\\\/2025\\\/07\\\/Lethocerus-africanus.jpg\",\"width\":820,\"height\":820,\"caption\":\"Lethocerus africanus\"},{\"@type\":\"BreadcrumbList\",\"@id\":\"https:\\\/\\\/insektenliebe.com\\\/it\\\/shop\\\/prodotto\\\/lethocerus-africanus\\\/#breadcrumb\",\"itemListElement\":[{\"@type\":\"ListItem\",\"position\":1,\"name\":\"Startseite\",\"item\":\"https:\\\/\\\/insektenliebe.com\\\/it\\\/\"},{\"@type\":\"ListItem\",\"position\":2,\"name\":\"Negozio\",\"item\":\"https:\\\/\\\/insektenliebe.com\\\/it\\\/negozio\\\/\"},{\"@type\":\"ListItem\",\"position\":3,\"name\":\"Lethocerus africanus\"}]},{\"@type\":\"WebSite\",\"@id\":\"https:\\\/\\\/insektenliebe.com\\\/it\\\/#website\",\"url\":\"https:\\\/\\\/insektenliebe.com\\\/it\\\/\",\"name\":\"Insektenliebe\",\"description\":\"Dein Zuhause f\u00fcr die kleinen Lebewesen\",\"publisher\":{\"@id\":\"https:\\\/\\\/insektenliebe.com\\\/it\\\/#organization\"},\"potentialAction\":[{\"@type\":\"SearchAction\",\"target\":{\"@type\":\"EntryPoint\",\"urlTemplate\":\"https:\\\/\\\/insektenliebe.com\\\/it\\\/?s={search_term_string}\"},\"query-input\":{\"@type\":\"PropertyValueSpecification\",\"valueRequired\":true,\"valueName\":\"search_term_string\"}}],\"inLanguage\":\"it-IT\"},{\"@type\":\"Organization\",\"@id\":\"https:\\\/\\\/insektenliebe.com\\\/it\\\/#organization\",\"name\":\"Insektenliebe\",\"url\":\"https:\\\/\\\/insektenliebe.com\\\/it\\\/\",\"logo\":{\"@type\":\"ImageObject\",\"inLanguage\":\"it-IT\",\"@id\":\"https:\\\/\\\/insektenliebe.com\\\/it\\\/#\\\/schema\\\/logo\\\/image\\\/\",\"url\":\"https:\\\/\\\/insektenliebe.com\\\/wp-content\\\/uploads\\\/2025\\\/03\\\/logo-white.png\",\"contentUrl\":\"https:\\\/\\\/insektenliebe.com\\\/wp-content\\\/uploads\\\/2025\\\/03\\\/logo-white.png\",\"width\":288,\"height\":188,\"caption\":\"Insektenliebe\"},\"image\":{\"@id\":\"https:\\\/\\\/insektenliebe.com\\\/it\\\/#\\\/schema\\\/logo\\\/image\\\/\"}}]}<\/script>\n<!-- \/ Yoast SEO plugin. -->","yoast_head_json":{"title":"Lethocerus africanus - Insektenliebe","description":"Il Lethocerus africanus \u00e8 un impressionante insetto d'acqua dolce con un eccezionale comportamento di caccia. Ideale per gli amanti degli insetti esotici.","robots":{"index":"index","follow":"follow","max-snippet":"max-snippet:-1","max-image-preview":"max-image-preview:large","max-video-preview":"max-video-preview:-1"},"canonical":"https:\/\/insektenliebe.com\/it\/shop\/prodotto\/lethocerus-africanus\/","og_locale":"it_IT","og_type":"article","og_title":"Lethocerus africanus - Insektenliebe","og_description":"Il Lethocerus africanus \u00e8 un impressionante insetto d'acqua dolce con un eccezionale comportamento di caccia. Ideale per gli amanti degli insetti esotici.","og_url":"https:\/\/insektenliebe.com\/it\/shop\/prodotto\/lethocerus-africanus\/","og_site_name":"Insektenliebe","og_image":[{"width":820,"height":820,"url":"https:\/\/insektenliebe.com\/wp-content\/uploads\/2025\/07\/Lethocerus-africanus.jpg","type":"image\/jpeg"}],"twitter_card":"summary_large_image","twitter_misc":{"Tempo di lettura stimato":"2 minuto"},"schema":{"@context":"https:\/\/schema.org","@graph":[{"@type":"WebPage","@id":"https:\/\/insektenliebe.com\/it\/shop\/prodotto\/lethocerus-africanus\/","url":"https:\/\/insektenliebe.com\/it\/shop\/prodotto\/lethocerus-africanus\/","name":"Lethocerus africanus - Insektenliebe","isPartOf":{"@id":"https:\/\/insektenliebe.com\/it\/#website"},"primaryImageOfPage":{"@id":"https:\/\/insektenliebe.com\/it\/shop\/prodotto\/lethocerus-africanus\/#primaryimage"},"image":{"@id":"https:\/\/insektenliebe.com\/it\/shop\/prodotto\/lethocerus-africanus\/#primaryimage"},"thumbnailUrl":"https:\/\/insektenliebe.com\/wp-content\/uploads\/2025\/07\/Lethocerus-africanus.jpg","datePublished":"2025-07-03T12:59:00+00:00","description":"Il Lethocerus africanus \u00e8 un impressionante insetto d'acqua dolce con un eccezionale comportamento di caccia. Ideale per gli amanti degli insetti esotici.","breadcrumb":{"@id":"https:\/\/insektenliebe.com\/it\/shop\/prodotto\/lethocerus-africanus\/#breadcrumb"},"inLanguage":"it-IT","potentialAction":[{"@type":"ReadAction","target":["https:\/\/insektenliebe.com\/it\/shop\/prodotto\/lethocerus-africanus\/"]}]},{"@type":"ImageObject","inLanguage":"it-IT","@id":"https:\/\/insektenliebe.com\/it\/shop\/prodotto\/lethocerus-africanus\/#primaryimage","url":"https:\/\/insektenliebe.com\/wp-content\/uploads\/2025\/07\/Lethocerus-africanus.jpg","contentUrl":"https:\/\/insektenliebe.com\/wp-content\/uploads\/2025\/07\/Lethocerus-africanus.jpg","width":820,"height":820,"caption":"Lethocerus africanus"},{"@type":"BreadcrumbList","@id":"https:\/\/insektenliebe.com\/it\/shop\/prodotto\/lethocerus-africanus\/#breadcrumb","itemListElement":[{"@type":"ListItem","position":1,"name":"Startseite","item":"https:\/\/insektenliebe.com\/it\/"},{"@type":"ListItem","position":2,"name":"Negozio","item":"https:\/\/insektenliebe.com\/it\/negozio\/"},{"@type":"ListItem","position":3,"name":"Lethocerus africanus"}]},{"@type":"WebSite","@id":"https:\/\/insektenliebe.com\/it\/#website","url":"https:\/\/insektenliebe.com\/it\/","name":"Insektenliebe","description":"Dein Zuhause f\u00fcr die kleinen Lebewesen","publisher":{"@id":"https:\/\/insektenliebe.com\/it\/#organization"},"potentialAction":[{"@type":"SearchAction","target":{"@type":"EntryPoint","urlTemplate":"https:\/\/insektenliebe.com\/it\/?s={search_term_string}"},"query-input":{"@type":"PropertyValueSpecification","valueRequired":true,"valueName":"search_term_string"}}],"inLanguage":"it-IT"},{"@type":"Organization","@id":"https:\/\/insektenliebe.com\/it\/#organization","name":"Insektenliebe","url":"https:\/\/insektenliebe.com\/it\/","logo":{"@type":"ImageObject","inLanguage":"it-IT","@id":"https:\/\/insektenliebe.com\/it\/#\/schema\/logo\/image\/","url":"https:\/\/insektenliebe.com\/wp-content\/uploads\/2025\/03\/logo-white.png","contentUrl":"https:\/\/insektenliebe.com\/wp-content\/uploads\/2025\/03\/logo-white.png","width":288,"height":188,"caption":"Insektenliebe"},"image":{"@id":"https:\/\/insektenliebe.com\/it\/#\/schema\/logo\/image\/"}}]}},"_links":{"self":[{"href":"https:\/\/insektenliebe.com\/it\/wp-json\/wp\/v2\/product\/187387","targetHints":{"allow":["GET"]}}],"collection":[{"href":"https:\/\/insektenliebe.com\/it\/wp-json\/wp\/v2\/product"}],"about":[{"href":"https:\/\/insektenliebe.com\/it\/wp-json\/wp\/v2\/types\/product"}],"wp:featuredmedia":[{"embeddable":true,"href":"https:\/\/insektenliebe.com\/it\/wp-json\/wp\/v2\/media\/187391"}],"wp:attachment":[{"href":"https:\/\/insektenliebe.com\/it\/wp-json\/wp\/v2\/media?parent=187387"}],"wp:term":[{"taxonomy":"product-supplier","embeddable":true,"href":"https:\/\/insektenliebe.com\/it\/wp-json\/wp\/v2\/product-supplier?post=187387"},{"taxonomy":"product_brand","embeddable":true,"href":"https:\/\/insektenliebe.com\/it\/wp-json\/wp\/v2\/product_brand?post=187387"},{"taxonomy":"product_cat","embeddable":true,"href":"https:\/\/insektenliebe.com\/it\/wp-json\/wp\/v2\/product_cat?post=187387"},{"taxonomy":"product_tag","embeddable":true,"href":"https:\/\/insektenliebe.com\/it\/wp-json\/wp\/v2\/product_tag?post=187387"},{"taxonomy":"lce-checkout-addons","embeddable":true,"href":"https:\/\/insektenliebe.com\/it\/wp-json\/wp\/v2\/lce-checkout-addons?post=187387"}],"curies":[{"name":"wp","href":"https:\/\/api.w.org\/{rel}","templated":true}]}}