{"id":187365,"date":"2025-06-16T12:14:12","date_gmt":"2025-06-16T10:14:12","guid":{"rendered":"https:\/\/insektenliebe.com\/shop\/produkt\/kit-di-illuminazione-2\/"},"modified":"2026-03-05T20:04:40","modified_gmt":"2026-03-05T19:04:40","slug":"kit-di-illuminazione-2","status":"publish","type":"product","link":"https:\/\/insektenliebe.com\/it\/shop\/prodotto\/kit-di-illuminazione-2\/","title":{"rendered":"Kit di illuminazione"},"content":{"rendered":"<h3><span style=\"color: #99cc33;\"><strong>Il tuo terrario, la tua luce: il kit di illuminazione definitivo ti aspetta!<\/strong><\/span><\/h3>\n<p class=\"p1\"><span class=\"s1\">Con il <\/span><strong><span class=\"s2\">kit di illuminazione<\/span><\/strong><span class=\"s1\">  ti offre una soluzione flessibile e affidabile per l&#8217;illuminazione del tuo terrario. Il set si rivolge agli appassionati di terrari che apprezzano   <\/span><span class=\"s2\">illuminazione pratica, sicura e personalizzabile<\/span><span class=\"s1\"> Laici.<\/span><\/p>\n<p class=\"p1\"><span class=\"s1\">Il <strong>kit di illuminazione<\/strong> ti offre la possibilit\u00e0 di scegliere liberamente <\/span><span class=\"s2\">scegliere liberamente la fonte di luce<\/span><span class=\"s1\">. Poich\u00e9 non \u00e8 prevista una lampadina fissa, puoi utilizzare esattamente la fonte di luce pi\u00f9 adatta al tuo terrario. Se   <\/span><span class=\"s2\">Lampada diurna, luce lunare, faretto a infrarossi o luce nera<\/span><span class=\"s1\"> - Sei tu a decidere quale sia l&#8217;illuminazione migliore per i tuoi animali e le tue piante.<\/span><\/p>\n<p class=\"p1\"><span class=\"s1\">Il pezzo forte del set \u00e8 il <\/span><span class=\"s2\">porta lampada stabile con supporto<\/span><span class=\"s1\">. Pu\u00f2 essere facilmente agganciato a terrari con un&#8217;altezza di  <\/span><span class=\"s2\">Da 30 a 60 cm<\/span><span class=\"s1\">  fissare. Con l&#8217;aiuto di un   <\/span><span class=\"s2\">Pratica vite ad alette<\/span><span class=\"s1\">  il supporto si appoggia in modo sicuro e stabile al terrario. Il sistema non richiede l&#8217;uso di adesivi. Questo rende il design durevole e affidabile.  <\/span><\/p>\n<p class=\"p1\"><span class=\"s1\">Il design robusto assicura una presa salda e allo stesso tempo permette un posizionamento flessibile della lampada. In questo modo puoi   <\/span><span class=\"s2\">Colloca nel terrario aree per prendere il sole, aree calde o zone di illuminazione in modo mirato.<\/span><span class=\"s1\">.<\/span><\/p>\n<p class=\"p1\"><span class=\"s1\">Il sistema \u00e8 completato da un <\/span><span class=\"s2\">elegante paralume<\/span><span class=\"s1\">che \u00e8 adatto a sorgenti luminose fino a <\/span><span class=\"s2\">40 watt<\/span><span class=\"s1\">  \u00e8 stato progettato. Il paralume pu\u00f2 essere semplicemente agganciato al portalampada e poi fissato con   <\/span><span class=\"s2\">Due manicotti in gomma per un fissaggio sicuro<\/span><span class=\"s1\">. In questo modo la lampada rimane stabile e flessibile allo stesso tempo.<\/span><\/p>\n<p class=\"p1\"><span class=\"s1\">Il paralume ha anche una superficie interna riflettente <\/span><span class=\"s2\">superficie interna riflettente<\/span><span class=\"s1\">che distribuisce la luce in modo uniforme. In questo modo si crea un&#8217;illuminazione piacevole nel terrario. Allo stesso tempo, sia gli animali che le piante beneficiano di una migliore illuminazione.  <\/span><\/p>\n<p class=\"p1\"><span class=\"s1\">Anche il <strong>kit di illuminazione<\/strong> \u00e8 di grande impatto visivo. Il  <\/span><span class=\"s2\">design discreto<\/span><span class=\"s1\"> si integra armoniosamente nel terrario e ha un aspetto moderno e discreto.<\/span><\/p>\n<p class=\"p1\"><span class=\"s1\">L&#8217;installazione \u00e8 rapida e semplice. Tutti i componenti pi\u00f9 importanti sono gi\u00e0 inclusi nel set. Questo significa che potrai dotare il tuo terrario di una nuova illuminazione in pochissimo tempo.  <\/span><\/p>\n<p class=\"p1\"><span class=\"s1\">Con la sua combinazione di <\/span><span class=\"s2\">costruzione stabile, flessibilit\u00e0 nella scelta delle lampade e semplicit\u00e0 di installazione<\/span><span class=\"s1\"> il <\/span><strong><span class=\"s2\">kit di illuminazione<\/span><\/strong><span class=\"s1\">  una soluzione sofisticata per la moderna illuminazione del terrario. I tuoi animali beneficiano di condizioni di luce ottimali e allo stesso tempo il tuo terrario si mostra al meglio. <\/span><\/p>\n","protected":false},"excerpt":{"rendered":"<p>Il tuo terrario, la tua luce: il kit di illuminazione definitivo ti aspetta! Con il kit di illuminazione ti offre una soluzione flessibile e affidabile per l&#8217;illuminazione del tuo terrario. Il set si rivolge agli appassionati di terrari che apprezzano illuminazione pratica, sicura e personalizzabile Laici. Il kit di illuminazione ti offre la possibilit\u00e0 di [&hellip;]<\/p>\n","protected":false},"featured_media":186945,"template":"","meta":{"_acf_changed":false},"product-supplier":[2555,2554],"product_brand":[],"product_cat":[2741],"product_tag":[],"lce-checkout-addons":[],"class_list":{"0":"post-187365","1":"product","2":"type-product","3":"status-publish","4":"has-post-thumbnail","6":"product_cat-illuminazione-e-clima","7":"product_shipping_class-equipment-shipping","9":"first","10":"instock","11":"taxable","12":"shipping-taxable","13":"purchasable","14":"product-type-bundle"},"acf":[],"yoast_head":"<!-- This site is optimized with the Yoast SEO plugin v27.3 - https:\/\/yoast.com\/product\/yoast-seo-wordpress\/ -->\n<title>Kit di illuminazione - Insektenliebe<\/title>\n<meta name=\"description\" content=\"Kit di illuminazione per terrari con portalampada e paralume. Soluzione di illuminazione flessibile per diverse lampade per terrari.\" \/>\n<meta name=\"robots\" content=\"index, follow, max-snippet:-1, max-image-preview:large, max-video-preview:-1\" \/>\n<link rel=\"canonical\" href=\"https:\/\/insektenliebe.com\/it\/shop\/prodotto\/kit-di-illuminazione-2\/\" \/>\n<meta property=\"og:locale\" content=\"it_IT\" \/>\n<meta property=\"og:type\" content=\"article\" \/>\n<meta property=\"og:title\" content=\"Kit di illuminazione - Insektenliebe\" \/>\n<meta property=\"og:description\" content=\"Kit di illuminazione per terrari con portalampada e paralume. Soluzione di illuminazione flessibile per diverse lampade per terrari.\" \/>\n<meta property=\"og:url\" content=\"https:\/\/insektenliebe.com\/it\/shop\/prodotto\/kit-di-illuminazione-2\/\" \/>\n<meta property=\"og:site_name\" content=\"Insektenliebe\" \/>\n<meta property=\"article:modified_time\" content=\"2026-03-05T19:04:40+00:00\" \/>\n<meta property=\"og:image\" content=\"https:\/\/insektenliebe.com\/wp-content\/uploads\/2023\/10\/Beleuchtungs-Kit-Komplette-Ansicht.jpg\" \/>\n\t<meta property=\"og:image:width\" content=\"820\" \/>\n\t<meta property=\"og:image:height\" content=\"820\" \/>\n\t<meta property=\"og:image:type\" content=\"image\/jpeg\" \/>\n<meta name=\"twitter:card\" content=\"summary_large_image\" \/>\n<meta name=\"twitter:label1\" content=\"Tempo di lettura stimato\" \/>\n\t<meta name=\"twitter:data1\" content=\"2 minuto\" \/>\n<script type=\"application\/ld+json\" class=\"yoast-schema-graph\">{\"@context\":\"https:\\\/\\\/schema.org\",\"@graph\":[{\"@type\":\"WebPage\",\"@id\":\"https:\\\/\\\/insektenliebe.com\\\/it\\\/shop\\\/prodotto\\\/kit-di-illuminazione-2\\\/\",\"url\":\"https:\\\/\\\/insektenliebe.com\\\/it\\\/shop\\\/prodotto\\\/kit-di-illuminazione-2\\\/\",\"name\":\"Kit di illuminazione - Insektenliebe\",\"isPartOf\":{\"@id\":\"https:\\\/\\\/insektenliebe.com\\\/it\\\/#website\"},\"primaryImageOfPage\":{\"@id\":\"https:\\\/\\\/insektenliebe.com\\\/it\\\/shop\\\/prodotto\\\/kit-di-illuminazione-2\\\/#primaryimage\"},\"image\":{\"@id\":\"https:\\\/\\\/insektenliebe.com\\\/it\\\/shop\\\/prodotto\\\/kit-di-illuminazione-2\\\/#primaryimage\"},\"thumbnailUrl\":\"https:\\\/\\\/insektenliebe.com\\\/wp-content\\\/uploads\\\/2023\\\/10\\\/Beleuchtungs-Kit-Komplette-Ansicht.jpg\",\"datePublished\":\"2025-06-16T10:14:12+00:00\",\"dateModified\":\"2026-03-05T19:04:40+00:00\",\"description\":\"Kit di illuminazione per terrari con portalampada e paralume. Soluzione di illuminazione flessibile per diverse lampade per terrari.\",\"breadcrumb\":{\"@id\":\"https:\\\/\\\/insektenliebe.com\\\/it\\\/shop\\\/prodotto\\\/kit-di-illuminazione-2\\\/#breadcrumb\"},\"inLanguage\":\"it-IT\",\"potentialAction\":[{\"@type\":\"ReadAction\",\"target\":[\"https:\\\/\\\/insektenliebe.com\\\/it\\\/shop\\\/prodotto\\\/kit-di-illuminazione-2\\\/\"]}]},{\"@type\":\"ImageObject\",\"inLanguage\":\"it-IT\",\"@id\":\"https:\\\/\\\/insektenliebe.com\\\/it\\\/shop\\\/prodotto\\\/kit-di-illuminazione-2\\\/#primaryimage\",\"url\":\"https:\\\/\\\/insektenliebe.com\\\/wp-content\\\/uploads\\\/2023\\\/10\\\/Beleuchtungs-Kit-Komplette-Ansicht.jpg\",\"contentUrl\":\"https:\\\/\\\/insektenliebe.com\\\/wp-content\\\/uploads\\\/2023\\\/10\\\/Beleuchtungs-Kit-Komplette-Ansicht.jpg\",\"width\":820,\"height\":820,\"caption\":\"Vista completa del kit di illuminazione\"},{\"@type\":\"BreadcrumbList\",\"@id\":\"https:\\\/\\\/insektenliebe.com\\\/it\\\/shop\\\/prodotto\\\/kit-di-illuminazione-2\\\/#breadcrumb\",\"itemListElement\":[{\"@type\":\"ListItem\",\"position\":1,\"name\":\"Startseite\",\"item\":\"https:\\\/\\\/insektenliebe.com\\\/it\\\/\"},{\"@type\":\"ListItem\",\"position\":2,\"name\":\"Negozio\",\"item\":\"https:\\\/\\\/insektenliebe.com\\\/it\\\/negozio\\\/\"},{\"@type\":\"ListItem\",\"position\":3,\"name\":\"Kit di illuminazione\"}]},{\"@type\":\"WebSite\",\"@id\":\"https:\\\/\\\/insektenliebe.com\\\/it\\\/#website\",\"url\":\"https:\\\/\\\/insektenliebe.com\\\/it\\\/\",\"name\":\"Insektenliebe\",\"description\":\"Dein Zuhause f\u00fcr die kleinen Lebewesen\",\"publisher\":{\"@id\":\"https:\\\/\\\/insektenliebe.com\\\/it\\\/#organization\"},\"potentialAction\":[{\"@type\":\"SearchAction\",\"target\":{\"@type\":\"EntryPoint\",\"urlTemplate\":\"https:\\\/\\\/insektenliebe.com\\\/it\\\/?s={search_term_string}\"},\"query-input\":{\"@type\":\"PropertyValueSpecification\",\"valueRequired\":true,\"valueName\":\"search_term_string\"}}],\"inLanguage\":\"it-IT\"},{\"@type\":\"Organization\",\"@id\":\"https:\\\/\\\/insektenliebe.com\\\/it\\\/#organization\",\"name\":\"Insektenliebe\",\"url\":\"https:\\\/\\\/insektenliebe.com\\\/it\\\/\",\"logo\":{\"@type\":\"ImageObject\",\"inLanguage\":\"it-IT\",\"@id\":\"https:\\\/\\\/insektenliebe.com\\\/it\\\/#\\\/schema\\\/logo\\\/image\\\/\",\"url\":\"https:\\\/\\\/insektenliebe.com\\\/wp-content\\\/uploads\\\/2025\\\/03\\\/logo-white.png\",\"contentUrl\":\"https:\\\/\\\/insektenliebe.com\\\/wp-content\\\/uploads\\\/2025\\\/03\\\/logo-white.png\",\"width\":288,\"height\":188,\"caption\":\"Insektenliebe\"},\"image\":{\"@id\":\"https:\\\/\\\/insektenliebe.com\\\/it\\\/#\\\/schema\\\/logo\\\/image\\\/\"}}]}<\/script>\n<!-- \/ Yoast SEO plugin. -->","yoast_head_json":{"title":"Kit di illuminazione - Insektenliebe","description":"Kit di illuminazione per terrari con portalampada e paralume. Soluzione di illuminazione flessibile per diverse lampade per terrari.","robots":{"index":"index","follow":"follow","max-snippet":"max-snippet:-1","max-image-preview":"max-image-preview:large","max-video-preview":"max-video-preview:-1"},"canonical":"https:\/\/insektenliebe.com\/it\/shop\/prodotto\/kit-di-illuminazione-2\/","og_locale":"it_IT","og_type":"article","og_title":"Kit di illuminazione - Insektenliebe","og_description":"Kit di illuminazione per terrari con portalampada e paralume. Soluzione di illuminazione flessibile per diverse lampade per terrari.","og_url":"https:\/\/insektenliebe.com\/it\/shop\/prodotto\/kit-di-illuminazione-2\/","og_site_name":"Insektenliebe","article_modified_time":"2026-03-05T19:04:40+00:00","og_image":[{"width":820,"height":820,"url":"https:\/\/insektenliebe.com\/wp-content\/uploads\/2023\/10\/Beleuchtungs-Kit-Komplette-Ansicht.jpg","type":"image\/jpeg"}],"twitter_card":"summary_large_image","twitter_misc":{"Tempo di lettura stimato":"2 minuto"},"schema":{"@context":"https:\/\/schema.org","@graph":[{"@type":"WebPage","@id":"https:\/\/insektenliebe.com\/it\/shop\/prodotto\/kit-di-illuminazione-2\/","url":"https:\/\/insektenliebe.com\/it\/shop\/prodotto\/kit-di-illuminazione-2\/","name":"Kit di illuminazione - Insektenliebe","isPartOf":{"@id":"https:\/\/insektenliebe.com\/it\/#website"},"primaryImageOfPage":{"@id":"https:\/\/insektenliebe.com\/it\/shop\/prodotto\/kit-di-illuminazione-2\/#primaryimage"},"image":{"@id":"https:\/\/insektenliebe.com\/it\/shop\/prodotto\/kit-di-illuminazione-2\/#primaryimage"},"thumbnailUrl":"https:\/\/insektenliebe.com\/wp-content\/uploads\/2023\/10\/Beleuchtungs-Kit-Komplette-Ansicht.jpg","datePublished":"2025-06-16T10:14:12+00:00","dateModified":"2026-03-05T19:04:40+00:00","description":"Kit di illuminazione per terrari con portalampada e paralume. Soluzione di illuminazione flessibile per diverse lampade per terrari.","breadcrumb":{"@id":"https:\/\/insektenliebe.com\/it\/shop\/prodotto\/kit-di-illuminazione-2\/#breadcrumb"},"inLanguage":"it-IT","potentialAction":[{"@type":"ReadAction","target":["https:\/\/insektenliebe.com\/it\/shop\/prodotto\/kit-di-illuminazione-2\/"]}]},{"@type":"ImageObject","inLanguage":"it-IT","@id":"https:\/\/insektenliebe.com\/it\/shop\/prodotto\/kit-di-illuminazione-2\/#primaryimage","url":"https:\/\/insektenliebe.com\/wp-content\/uploads\/2023\/10\/Beleuchtungs-Kit-Komplette-Ansicht.jpg","contentUrl":"https:\/\/insektenliebe.com\/wp-content\/uploads\/2023\/10\/Beleuchtungs-Kit-Komplette-Ansicht.jpg","width":820,"height":820,"caption":"Vista completa del kit di illuminazione"},{"@type":"BreadcrumbList","@id":"https:\/\/insektenliebe.com\/it\/shop\/prodotto\/kit-di-illuminazione-2\/#breadcrumb","itemListElement":[{"@type":"ListItem","position":1,"name":"Startseite","item":"https:\/\/insektenliebe.com\/it\/"},{"@type":"ListItem","position":2,"name":"Negozio","item":"https:\/\/insektenliebe.com\/it\/negozio\/"},{"@type":"ListItem","position":3,"name":"Kit di illuminazione"}]},{"@type":"WebSite","@id":"https:\/\/insektenliebe.com\/it\/#website","url":"https:\/\/insektenliebe.com\/it\/","name":"Insektenliebe","description":"Dein Zuhause f\u00fcr die kleinen Lebewesen","publisher":{"@id":"https:\/\/insektenliebe.com\/it\/#organization"},"potentialAction":[{"@type":"SearchAction","target":{"@type":"EntryPoint","urlTemplate":"https:\/\/insektenliebe.com\/it\/?s={search_term_string}"},"query-input":{"@type":"PropertyValueSpecification","valueRequired":true,"valueName":"search_term_string"}}],"inLanguage":"it-IT"},{"@type":"Organization","@id":"https:\/\/insektenliebe.com\/it\/#organization","name":"Insektenliebe","url":"https:\/\/insektenliebe.com\/it\/","logo":{"@type":"ImageObject","inLanguage":"it-IT","@id":"https:\/\/insektenliebe.com\/it\/#\/schema\/logo\/image\/","url":"https:\/\/insektenliebe.com\/wp-content\/uploads\/2025\/03\/logo-white.png","contentUrl":"https:\/\/insektenliebe.com\/wp-content\/uploads\/2025\/03\/logo-white.png","width":288,"height":188,"caption":"Insektenliebe"},"image":{"@id":"https:\/\/insektenliebe.com\/it\/#\/schema\/logo\/image\/"}}]}},"_links":{"self":[{"href":"https:\/\/insektenliebe.com\/it\/wp-json\/wp\/v2\/product\/187365","targetHints":{"allow":["GET"]}}],"collection":[{"href":"https:\/\/insektenliebe.com\/it\/wp-json\/wp\/v2\/product"}],"about":[{"href":"https:\/\/insektenliebe.com\/it\/wp-json\/wp\/v2\/types\/product"}],"wp:featuredmedia":[{"embeddable":true,"href":"https:\/\/insektenliebe.com\/it\/wp-json\/wp\/v2\/media\/186945"}],"wp:attachment":[{"href":"https:\/\/insektenliebe.com\/it\/wp-json\/wp\/v2\/media?parent=187365"}],"wp:term":[{"taxonomy":"product-supplier","embeddable":true,"href":"https:\/\/insektenliebe.com\/it\/wp-json\/wp\/v2\/product-supplier?post=187365"},{"taxonomy":"product_brand","embeddable":true,"href":"https:\/\/insektenliebe.com\/it\/wp-json\/wp\/v2\/product_brand?post=187365"},{"taxonomy":"product_cat","embeddable":true,"href":"https:\/\/insektenliebe.com\/it\/wp-json\/wp\/v2\/product_cat?post=187365"},{"taxonomy":"product_tag","embeddable":true,"href":"https:\/\/insektenliebe.com\/it\/wp-json\/wp\/v2\/product_tag?post=187365"},{"taxonomy":"lce-checkout-addons","embeddable":true,"href":"https:\/\/insektenliebe.com\/it\/wp-json\/wp\/v2\/lce-checkout-addons?post=187365"}],"curies":[{"name":"wp","href":"https:\/\/api.w.org\/{rel}","templated":true}]}}