{"id":187339,"date":"2025-08-16T08:24:45","date_gmt":"2025-08-16T06:24:45","guid":{"rendered":"https:\/\/insektenliebe.com\/shop\/produkt\/lampada-di-calore-alogena-arcadia\/"},"modified":"2025-08-16T08:24:45","modified_gmt":"2025-08-16T06:24:45","slug":"lampada-di-calore-alogena-arcadia","status":"publish","type":"product","link":"https:\/\/insektenliebe.com\/it\/shop\/prodotto\/lampada-di-calore-alogena-arcadia\/","title":{"rendered":"Lampada di calore alogena Arcadia"},"content":{"rendered":"<h3><span style=\"color: #99cc33\"><strong><span class=\"s1\">Fonte di calore efficiente per il tuo terrario<\/span><\/strong><\/span><\/h3>\n<p class=\"p1\"><span class=\"s1\">La <\/span><strong><span class=\"s2\">Lampada di calore alogena Arcadia<\/span><\/strong><span class=\"s1\">  \u00e8 la fonte di calore ideale se vuoi allestire un terrario adatto alle tue specie. Non solo fornisce un calore intenso, ma anche una luce intensa che incoraggia i tuoi rettili a essere pi\u00f9 attivi. Grazie alla moderna tecnologia alogena, \u00e8    <\/span><span class=\"s2\">pi\u00f9 efficienti dal punto di vista energetico, pi\u00f9 durature e pi\u00f9 potenti<\/span><span class=\"s1\"> rispetto alle lampadine tradizionali.<\/span><\/p>\n<p class=\"p1\"><span class=\"s1\">Puoi inserire facilmente la lampada termica alogena in una presa standard E27. Genera   <\/span><span class=\"s2\">Calore naturale a infrarossi<\/span><span class=\"s1\">che assomiglia al sole e favorisce la termoregolazione dei tuoi animali. In questo modo i tuoi rettili si sentono a proprio agio, si riscaldano e rispettano il loro naturale ritmo circadiano. <\/span><\/p>\n<p class=\"p1\"><span class=\"s2\">I tuoi vantaggi a colpo d&#8217;occhio:<\/span><\/p>\n<ul>\n<li>\n<p class=\"p1\"><span class=\"s1\">Fonte di calore efficiente<\/span><span class=\"s2\"> - Garantisce un clima ottimale nel terrario<\/span><\/p>\n<\/li>\n<li>\n<p class=\"p1\"><span class=\"s1\">Spettro infrarosso naturale<\/span><span class=\"s2\"> - favorisce la salute dei tuoi animali<\/span><\/p>\n<\/li>\n<li>\n<p class=\"p1\"><span class=\"s1\">Efficiente dal punto di vista energetico e di lunga durata<\/span><span class=\"s2\"> - Fino al doppio della durata delle lampade standard<\/span><\/p>\n<\/li>\n<li>\n<p class=\"p1\"><span class=\"s1\">Una luce luminosa e accattivante<\/span><span class=\"s2\"> - promuove l&#8217;attivit\u00e0 e il benessere<\/span><\/p>\n<\/li>\n<li>\n<p class=\"p1\"><span class=\"s1\">Facile da usare<\/span><span class=\"s2\"> - Si adatta a qualsiasi presa E27<\/span><\/p>\n<\/li>\n<\/ul>\n<p class=\"p1\"><strong><span class=\"s2\">Come usarli:<\/span><\/strong><\/p>\n<p class=\"p1\"><span class=\"s1\">Utilizza la lampada alogena sopra l&#8217;area di crogiolamento in modo che i tuoi animali possano riscaldarsi in modo mirato. Assicurati che ci siano anche aree pi\u00f9 fresche nel terrario, in modo che i tuoi animali possano passare da una zona all&#8217;altra della temperatura. Il risultato sar\u00e0 ancora migliore se abbinerai la lampada a una fonte di luce UVB: in questo modo otterrai calore e luce proprio come in natura.  <\/span><\/p>\n<p class=\"p1\"><span class=\"s2\">Dati tecnici:<\/span><\/p>\n<ul>\n<li>\n<p class=\"p1\"><span class=\"s1\">Base: E27<\/span><\/p>\n<\/li>\n<li>\n<p class=\"p1\"><span class=\"s1\">Potenza: 35 watt, 50 watt, 75 watt e 100 watt<\/span><\/p>\n<\/li>\n<li>\n<p class=\"p1\"><span class=\"s1\">Colore della luce: chiaro<\/span><\/p>\n<\/li>\n<li>\n<p class=\"p1\"><span class=\"s1\">Applicazione: Terrario, zone di calore selettivo<\/span><\/p>\n<\/li>\n<\/ul>\n<p>&nbsp;<\/p>\n<p class=\"p1\"><strong><span class=\"s1\">Sviluppo della temperatura a una distanza di circa 20-30 cm dalla zona soleggiata:<\/span><\/strong><\/p>\n<ul>\n<li>\n<p class=\"p1\"><span class=\"s1\">35 watt<\/span><span class=\"s2\"> \u2192 circa <\/span><span class=\"s1\">28-32 \u00b0C<\/span><\/p>\n<\/li>\n<li>\n<p class=\"p1\"><span class=\"s1\">50 watt<\/span><span class=\"s2\"> \u2192 circa <\/span><span class=\"s1\">32-36 \u00b0C<\/span><\/p>\n<\/li>\n<li>\n<p class=\"p1\"><span class=\"s1\">75 watt<\/span><span class=\"s2\"> \u2192 circa <\/span><span class=\"s1\">36-42 \u00b0C<\/span><\/p>\n<\/li>\n<li>\n<p class=\"p1\"><span class=\"s1\">100 watt<\/span><span class=\"s2\"> \u2192 circa <\/span><span class=\"s1\">40-46 \u00b0C<\/span><\/p>\n<\/li>\n<\/ul>\n<p>&nbsp;<\/p>\n<p class=\"p1\"><span class=\"s1\">Con la <strong><span class=\"s2\">Lampada di calore alogena Arcadia<\/span><\/strong><\/span><span class=\"s1\"> avrai una <\/span><span class=\"s2\">fonte di calore affidabile, efficiente e rispettosa degli animali<\/span><span class=\"s1\">che valorizza il tuo terrario e garantisce animali sani e attivi.<\/span><\/p>\n","protected":false},"excerpt":{"rendered":"<p>Fonte di calore efficiente per il tuo terrario La Lampada di calore alogena Arcadia \u00e8 la fonte di calore ideale se vuoi allestire un terrario adatto alle tue specie. Non solo fornisce un calore intenso, ma anche una luce intensa che incoraggia i tuoi rettili a essere pi\u00f9 attivi. Grazie alla moderna tecnologia alogena, \u00e8 [&hellip;]<\/p>\n","protected":false},"featured_media":187340,"template":"","meta":{"_acf_changed":false},"product-supplier":[2685],"product_brand":[],"product_cat":[2741],"product_tag":[],"lce-checkout-addons":[],"class_list":{"0":"post-187339","1":"product","2":"type-product","3":"status-publish","4":"has-post-thumbnail","6":"product_cat-illuminazione-e-clima","7":"product_shipping_class-equipment-shipping","9":"first","10":"instock","11":"taxable","12":"shipping-taxable","13":"purchasable","14":"product-type-variable"},"acf":[],"yoast_head":"<!-- This site is optimized with the Yoast SEO plugin v27.3 - https:\/\/yoast.com\/product\/yoast-seo-wordpress\/ -->\n<title>Lampada di calore alogena Arcadia - Insektenliebe<\/title>\n<meta name=\"description\" content=\"Lampada alogena Arcadia - efficiente fonte di calore per il tuo terrario. Disponibile in diverse potenze e quindi adatta al tuo terrario.\" \/>\n<meta name=\"robots\" content=\"index, follow, max-snippet:-1, max-image-preview:large, max-video-preview:-1\" \/>\n<link rel=\"canonical\" href=\"https:\/\/insektenliebe.com\/it\/shop\/prodotto\/lampada-di-calore-alogena-arcadia\/\" \/>\n<meta property=\"og:locale\" content=\"it_IT\" \/>\n<meta property=\"og:type\" content=\"article\" \/>\n<meta property=\"og:title\" content=\"Lampada di calore alogena Arcadia - Insektenliebe\" \/>\n<meta property=\"og:description\" content=\"Lampada alogena Arcadia - efficiente fonte di calore per il tuo terrario. Disponibile in diverse potenze e quindi adatta al tuo terrario.\" \/>\n<meta property=\"og:url\" content=\"https:\/\/insektenliebe.com\/it\/shop\/prodotto\/lampada-di-calore-alogena-arcadia\/\" \/>\n<meta property=\"og:site_name\" content=\"Insektenliebe\" \/>\n<meta property=\"og:image\" content=\"https:\/\/insektenliebe.com\/wp-content\/uploads\/2025\/08\/Arcadia-Halogen-Heat-Lamp-35-Watt.jpg\" \/>\n\t<meta property=\"og:image:width\" content=\"820\" \/>\n\t<meta property=\"og:image:height\" content=\"820\" \/>\n\t<meta property=\"og:image:type\" content=\"image\/jpeg\" \/>\n<meta name=\"twitter:card\" content=\"summary_large_image\" \/>\n<meta name=\"twitter:label1\" content=\"Tempo di lettura stimato\" \/>\n\t<meta name=\"twitter:data1\" content=\"2 minuto\" \/>\n<script type=\"application\/ld+json\" class=\"yoast-schema-graph\">{\"@context\":\"https:\\\/\\\/schema.org\",\"@graph\":[{\"@type\":\"WebPage\",\"@id\":\"https:\\\/\\\/insektenliebe.com\\\/it\\\/shop\\\/prodotto\\\/lampada-di-calore-alogena-arcadia\\\/\",\"url\":\"https:\\\/\\\/insektenliebe.com\\\/it\\\/shop\\\/prodotto\\\/lampada-di-calore-alogena-arcadia\\\/\",\"name\":\"Lampada di calore alogena Arcadia - Insektenliebe\",\"isPartOf\":{\"@id\":\"https:\\\/\\\/insektenliebe.com\\\/it\\\/#website\"},\"primaryImageOfPage\":{\"@id\":\"https:\\\/\\\/insektenliebe.com\\\/it\\\/shop\\\/prodotto\\\/lampada-di-calore-alogena-arcadia\\\/#primaryimage\"},\"image\":{\"@id\":\"https:\\\/\\\/insektenliebe.com\\\/it\\\/shop\\\/prodotto\\\/lampada-di-calore-alogena-arcadia\\\/#primaryimage\"},\"thumbnailUrl\":\"https:\\\/\\\/insektenliebe.com\\\/wp-content\\\/uploads\\\/2025\\\/08\\\/Arcadia-Halogen-Heat-Lamp-35-Watt.jpg\",\"datePublished\":\"2025-08-16T06:24:45+00:00\",\"description\":\"Lampada alogena Arcadia - efficiente fonte di calore per il tuo terrario. Disponibile in diverse potenze e quindi adatta al tuo terrario.\",\"breadcrumb\":{\"@id\":\"https:\\\/\\\/insektenliebe.com\\\/it\\\/shop\\\/prodotto\\\/lampada-di-calore-alogena-arcadia\\\/#breadcrumb\"},\"inLanguage\":\"it-IT\",\"potentialAction\":[{\"@type\":\"ReadAction\",\"target\":[\"https:\\\/\\\/insektenliebe.com\\\/it\\\/shop\\\/prodotto\\\/lampada-di-calore-alogena-arcadia\\\/\"]}]},{\"@type\":\"ImageObject\",\"inLanguage\":\"it-IT\",\"@id\":\"https:\\\/\\\/insektenliebe.com\\\/it\\\/shop\\\/prodotto\\\/lampada-di-calore-alogena-arcadia\\\/#primaryimage\",\"url\":\"https:\\\/\\\/insektenliebe.com\\\/wp-content\\\/uploads\\\/2025\\\/08\\\/Arcadia-Halogen-Heat-Lamp-35-Watt.jpg\",\"contentUrl\":\"https:\\\/\\\/insektenliebe.com\\\/wp-content\\\/uploads\\\/2025\\\/08\\\/Arcadia-Halogen-Heat-Lamp-35-Watt.jpg\",\"width\":820,\"height\":820,\"caption\":\"Lampada di calore alogena Arcadia - 35 Watt\"},{\"@type\":\"BreadcrumbList\",\"@id\":\"https:\\\/\\\/insektenliebe.com\\\/it\\\/shop\\\/prodotto\\\/lampada-di-calore-alogena-arcadia\\\/#breadcrumb\",\"itemListElement\":[{\"@type\":\"ListItem\",\"position\":1,\"name\":\"Startseite\",\"item\":\"https:\\\/\\\/insektenliebe.com\\\/it\\\/\"},{\"@type\":\"ListItem\",\"position\":2,\"name\":\"Negozio\",\"item\":\"https:\\\/\\\/insektenliebe.com\\\/it\\\/negozio\\\/\"},{\"@type\":\"ListItem\",\"position\":3,\"name\":\"Lampada di calore alogena Arcadia\"}]},{\"@type\":\"WebSite\",\"@id\":\"https:\\\/\\\/insektenliebe.com\\\/it\\\/#website\",\"url\":\"https:\\\/\\\/insektenliebe.com\\\/it\\\/\",\"name\":\"Insektenliebe\",\"description\":\"Dein Zuhause f\u00fcr die kleinen Lebewesen\",\"publisher\":{\"@id\":\"https:\\\/\\\/insektenliebe.com\\\/it\\\/#organization\"},\"potentialAction\":[{\"@type\":\"SearchAction\",\"target\":{\"@type\":\"EntryPoint\",\"urlTemplate\":\"https:\\\/\\\/insektenliebe.com\\\/it\\\/?s={search_term_string}\"},\"query-input\":{\"@type\":\"PropertyValueSpecification\",\"valueRequired\":true,\"valueName\":\"search_term_string\"}}],\"inLanguage\":\"it-IT\"},{\"@type\":\"Organization\",\"@id\":\"https:\\\/\\\/insektenliebe.com\\\/it\\\/#organization\",\"name\":\"Insektenliebe\",\"url\":\"https:\\\/\\\/insektenliebe.com\\\/it\\\/\",\"logo\":{\"@type\":\"ImageObject\",\"inLanguage\":\"it-IT\",\"@id\":\"https:\\\/\\\/insektenliebe.com\\\/it\\\/#\\\/schema\\\/logo\\\/image\\\/\",\"url\":\"https:\\\/\\\/insektenliebe.com\\\/wp-content\\\/uploads\\\/2025\\\/03\\\/logo-white.png\",\"contentUrl\":\"https:\\\/\\\/insektenliebe.com\\\/wp-content\\\/uploads\\\/2025\\\/03\\\/logo-white.png\",\"width\":288,\"height\":188,\"caption\":\"Insektenliebe\"},\"image\":{\"@id\":\"https:\\\/\\\/insektenliebe.com\\\/it\\\/#\\\/schema\\\/logo\\\/image\\\/\"}}]}<\/script>\n<!-- \/ Yoast SEO plugin. -->","yoast_head_json":{"title":"Lampada di calore alogena Arcadia - Insektenliebe","description":"Lampada alogena Arcadia - efficiente fonte di calore per il tuo terrario. Disponibile in diverse potenze e quindi adatta al tuo terrario.","robots":{"index":"index","follow":"follow","max-snippet":"max-snippet:-1","max-image-preview":"max-image-preview:large","max-video-preview":"max-video-preview:-1"},"canonical":"https:\/\/insektenliebe.com\/it\/shop\/prodotto\/lampada-di-calore-alogena-arcadia\/","og_locale":"it_IT","og_type":"article","og_title":"Lampada di calore alogena Arcadia - Insektenliebe","og_description":"Lampada alogena Arcadia - efficiente fonte di calore per il tuo terrario. Disponibile in diverse potenze e quindi adatta al tuo terrario.","og_url":"https:\/\/insektenliebe.com\/it\/shop\/prodotto\/lampada-di-calore-alogena-arcadia\/","og_site_name":"Insektenliebe","og_image":[{"width":820,"height":820,"url":"https:\/\/insektenliebe.com\/wp-content\/uploads\/2025\/08\/Arcadia-Halogen-Heat-Lamp-35-Watt.jpg","type":"image\/jpeg"}],"twitter_card":"summary_large_image","twitter_misc":{"Tempo di lettura stimato":"2 minuto"},"schema":{"@context":"https:\/\/schema.org","@graph":[{"@type":"WebPage","@id":"https:\/\/insektenliebe.com\/it\/shop\/prodotto\/lampada-di-calore-alogena-arcadia\/","url":"https:\/\/insektenliebe.com\/it\/shop\/prodotto\/lampada-di-calore-alogena-arcadia\/","name":"Lampada di calore alogena Arcadia - Insektenliebe","isPartOf":{"@id":"https:\/\/insektenliebe.com\/it\/#website"},"primaryImageOfPage":{"@id":"https:\/\/insektenliebe.com\/it\/shop\/prodotto\/lampada-di-calore-alogena-arcadia\/#primaryimage"},"image":{"@id":"https:\/\/insektenliebe.com\/it\/shop\/prodotto\/lampada-di-calore-alogena-arcadia\/#primaryimage"},"thumbnailUrl":"https:\/\/insektenliebe.com\/wp-content\/uploads\/2025\/08\/Arcadia-Halogen-Heat-Lamp-35-Watt.jpg","datePublished":"2025-08-16T06:24:45+00:00","description":"Lampada alogena Arcadia - efficiente fonte di calore per il tuo terrario. Disponibile in diverse potenze e quindi adatta al tuo terrario.","breadcrumb":{"@id":"https:\/\/insektenliebe.com\/it\/shop\/prodotto\/lampada-di-calore-alogena-arcadia\/#breadcrumb"},"inLanguage":"it-IT","potentialAction":[{"@type":"ReadAction","target":["https:\/\/insektenliebe.com\/it\/shop\/prodotto\/lampada-di-calore-alogena-arcadia\/"]}]},{"@type":"ImageObject","inLanguage":"it-IT","@id":"https:\/\/insektenliebe.com\/it\/shop\/prodotto\/lampada-di-calore-alogena-arcadia\/#primaryimage","url":"https:\/\/insektenliebe.com\/wp-content\/uploads\/2025\/08\/Arcadia-Halogen-Heat-Lamp-35-Watt.jpg","contentUrl":"https:\/\/insektenliebe.com\/wp-content\/uploads\/2025\/08\/Arcadia-Halogen-Heat-Lamp-35-Watt.jpg","width":820,"height":820,"caption":"Lampada di calore alogena Arcadia - 35 Watt"},{"@type":"BreadcrumbList","@id":"https:\/\/insektenliebe.com\/it\/shop\/prodotto\/lampada-di-calore-alogena-arcadia\/#breadcrumb","itemListElement":[{"@type":"ListItem","position":1,"name":"Startseite","item":"https:\/\/insektenliebe.com\/it\/"},{"@type":"ListItem","position":2,"name":"Negozio","item":"https:\/\/insektenliebe.com\/it\/negozio\/"},{"@type":"ListItem","position":3,"name":"Lampada di calore alogena Arcadia"}]},{"@type":"WebSite","@id":"https:\/\/insektenliebe.com\/it\/#website","url":"https:\/\/insektenliebe.com\/it\/","name":"Insektenliebe","description":"Dein Zuhause f\u00fcr die kleinen Lebewesen","publisher":{"@id":"https:\/\/insektenliebe.com\/it\/#organization"},"potentialAction":[{"@type":"SearchAction","target":{"@type":"EntryPoint","urlTemplate":"https:\/\/insektenliebe.com\/it\/?s={search_term_string}"},"query-input":{"@type":"PropertyValueSpecification","valueRequired":true,"valueName":"search_term_string"}}],"inLanguage":"it-IT"},{"@type":"Organization","@id":"https:\/\/insektenliebe.com\/it\/#organization","name":"Insektenliebe","url":"https:\/\/insektenliebe.com\/it\/","logo":{"@type":"ImageObject","inLanguage":"it-IT","@id":"https:\/\/insektenliebe.com\/it\/#\/schema\/logo\/image\/","url":"https:\/\/insektenliebe.com\/wp-content\/uploads\/2025\/03\/logo-white.png","contentUrl":"https:\/\/insektenliebe.com\/wp-content\/uploads\/2025\/03\/logo-white.png","width":288,"height":188,"caption":"Insektenliebe"},"image":{"@id":"https:\/\/insektenliebe.com\/it\/#\/schema\/logo\/image\/"}}]}},"_links":{"self":[{"href":"https:\/\/insektenliebe.com\/it\/wp-json\/wp\/v2\/product\/187339","targetHints":{"allow":["GET"]}}],"collection":[{"href":"https:\/\/insektenliebe.com\/it\/wp-json\/wp\/v2\/product"}],"about":[{"href":"https:\/\/insektenliebe.com\/it\/wp-json\/wp\/v2\/types\/product"}],"wp:featuredmedia":[{"embeddable":true,"href":"https:\/\/insektenliebe.com\/it\/wp-json\/wp\/v2\/media\/187340"}],"wp:attachment":[{"href":"https:\/\/insektenliebe.com\/it\/wp-json\/wp\/v2\/media?parent=187339"}],"wp:term":[{"taxonomy":"product-supplier","embeddable":true,"href":"https:\/\/insektenliebe.com\/it\/wp-json\/wp\/v2\/product-supplier?post=187339"},{"taxonomy":"product_brand","embeddable":true,"href":"https:\/\/insektenliebe.com\/it\/wp-json\/wp\/v2\/product_brand?post=187339"},{"taxonomy":"product_cat","embeddable":true,"href":"https:\/\/insektenliebe.com\/it\/wp-json\/wp\/v2\/product_cat?post=187339"},{"taxonomy":"product_tag","embeddable":true,"href":"https:\/\/insektenliebe.com\/it\/wp-json\/wp\/v2\/product_tag?post=187339"},{"taxonomy":"lce-checkout-addons","embeddable":true,"href":"https:\/\/insektenliebe.com\/it\/wp-json\/wp\/v2\/lce-checkout-addons?post=187339"}],"curies":[{"name":"wp","href":"https:\/\/api.w.org\/{rel}","templated":true}]}}