{"id":187332,"date":"2025-08-16T09:50:32","date_gmt":"2025-08-16T07:50:32","guid":{"rendered":"https:\/\/insektenliebe.com\/shop\/produkt\/exo-terra-terrasky-uv-bulb-lampada-per-terrari-a-led\/"},"modified":"2025-08-16T09:50:32","modified_gmt":"2025-08-16T07:50:32","slug":"exo-terra-terrasky-uv-bulb-lampada-per-terrari-a-led","status":"publish","type":"product","link":"https:\/\/insektenliebe.com\/it\/shop\/prodotto\/exo-terra-terrasky-uv-bulb-lampada-per-terrari-a-led\/","title":{"rendered":"Exo Terra Terrasky UV Bulb - Lampada per terrari a LED"},"content":{"rendered":"<h3><span style=\"color: #99cc33;\"><strong><span class=\"s1\">Exo Terra TerraSky UV Bulb - moderna lampada a LED per terrari con componente UV<\/span><\/strong><\/span><\/h3>\n<p class=\"p1\"><span class=\"s1\">La lampadina <\/span><strong><span class=\"s2\">Lampadina UV TerraSky di Exo Terra<\/span><\/strong><span class=\"s1\">  \u00e8 un&#8217;innovativa lampada a LED per terrari sviluppata appositamente per fornire ai tuoi rettili, anfibi e piante da terrario condizioni di illuminazione ottimali. Grazie al suo ampio spettro di luce, che   <\/span><span class=\"s2\">Componenti UV<\/span><span class=\"s1\"> non solo favorisce la crescita delle piante, ma anche la salute e il comportamento naturale dei tuoi animali.<\/span><\/p>\n<p class=\"p1\"><span class=\"s1\">Grazie alla moderna tecnologia LED, la lampadina UV TerraSky convince per la sua <\/span><span class=\"s2\">elevata efficienza energetica<\/span><span class=\"s1\">  con una forte emissione di luce allo stesso tempo. La luce chiara e brillante illumina in modo naturale l&#8217;intero terrario e fa risaltare particolarmente bene i colori, le strutture e le piante. Il componente UV    <\/span><span class=\"s2\">sintesi della vitamina D3<\/span><span class=\"s1\"> dei tuoi animali, che \u00e8 fondamentale per avere ossa forti e un sistema immunitario sano.<\/span><\/p>\n<p class=\"p1\"><span class=\"s1\">La lampada \u00e8 stata progettata per essere inserita in prese standard E27 ed \u00e8 quindi particolarmente facile da installare. Grazie alla sua lunga durata e al suo basso consumo energetico, \u00e8 la lampada   <\/span><span class=\"s2\">un&#8217;alternativa ecologica ed economica<\/span><span class=\"s1\"> alle classiche fonti di luce.<\/span><\/p>\n<p class=\"p1\"><strong><span class=\"s2\">I vantaggi della lampadina UV TerraSky di Exo Terra:<\/span><\/strong><\/p>\n<ul>\n<li>\n<p class=\"p1\"><span class=\"s1\">Spettro luminoso completo con componente UV<\/span><span class=\"s2\"> - supporta la salute dei tuoi animali<\/span><\/p>\n<\/li>\n<li>\n<p class=\"p1\"><span class=\"s1\">Promuove la sintesi della vitamina D3<\/span><span class=\"s2\"> per ossa e sistema immunitario forti<\/span><\/p>\n<\/li>\n<li>\n<p class=\"p1\"><span class=\"s1\">Luce naturale e luminosa<\/span><span class=\"s2\"> - fa risaltare al meglio i colori e le piante<\/span><\/p>\n<\/li>\n<li>\n<p class=\"p1\"><span class=\"s1\">Tecnologia LED da 9 watt ad alta efficienza energetica<\/span><span class=\"s2\"> - Risparmia elettricit\u00e0 e costi<\/span><\/p>\n<\/li>\n<li>\n<p class=\"p1\"><span class=\"s1\">Lunga durata<\/span><span class=\"s2\"> rispetto alle lampade convenzionali<\/span><\/p>\n<\/li>\n<li>\n<p class=\"p1\"><span class=\"s1\">Facile da usare<\/span><span class=\"s2\"> - Adatto a tutte le prese E27<\/span><\/p>\n<\/li>\n<\/ul>\n<p class=\"p1\"><span class=\"s1\">La lampadina <strong><span class=\"s2\">Lampadina UV TerraSky di Exo Terra<\/span><\/strong><\/span><span class=\"s1\">  \u00e8 ideale per i terrari tropicali e semi-aridi. Favorisce la crescita delle piante, la salute degli animali e garantisce un terrario il pi\u00f9 possibile simile all&#8217;habitat naturale dei tuoi animali. <\/span><\/p>\n<p class=\"p1\"><span class=\"s1\">Con questa moderna lampada per terrario, scegli un&#8217;illuminazione <\/span><span class=\"s2\">un&#8217;illuminazione sostenibile, potente e rispettosa degli animali<\/span><span class=\"s1\">che unisce efficienza, funzionalit\u00e0 e salute in un unico prodotto.<\/span><\/p>\n","protected":false},"excerpt":{"rendered":"<p>Exo Terra TerraSky UV Bulb - moderna lampada a LED per terrari con componente UV La lampadina Lampadina UV TerraSky di Exo Terra \u00e8 un&#8217;innovativa lampada a LED per terrari sviluppata appositamente per fornire ai tuoi rettili, anfibi e piante da terrario condizioni di illuminazione ottimali. Grazie al suo ampio spettro di luce, che Componenti [&hellip;]<\/p>\n","protected":false},"featured_media":187335,"template":"","meta":{"_acf_changed":false},"product-supplier":[2554],"product_brand":[3027],"product_cat":[2741],"product_tag":[],"lce-checkout-addons":[],"class_list":{"0":"post-187332","1":"product","2":"type-product","3":"status-publish","4":"has-post-thumbnail","6":"product_brand-exo-terra","7":"product_cat-illuminazione-e-clima","8":"product_shipping_class-equipment-shipping","10":"first","11":"instock","12":"sale","13":"downloadable","14":"taxable","15":"shipping-taxable","16":"purchasable","17":"product-type-simple"},"acf":[],"yoast_head":"<!-- This site is optimized with the Yoast SEO plugin v27.3 - https:\/\/yoast.com\/product\/yoast-seo-wordpress\/ -->\n<title>Exo Terra Terrasky UV Bulb - Lampada per terrari a LED - Insektenliebe<\/title>\n<meta name=\"description\" content=\"Exo Terra TerraSky UV Bulb - lampada per terrari a LED ad alta efficienza energetica con componente UV. Favorisce la sintesi della vitamina D3, la crescita delle piante e l&#039;illuminazione naturale.\" \/>\n<meta name=\"robots\" content=\"index, follow, max-snippet:-1, max-image-preview:large, max-video-preview:-1\" \/>\n<link rel=\"canonical\" href=\"https:\/\/insektenliebe.com\/it\/shop\/prodotto\/exo-terra-terrasky-uv-bulb-lampada-per-terrari-a-led\/\" \/>\n<meta property=\"og:locale\" content=\"it_IT\" \/>\n<meta property=\"og:type\" content=\"article\" \/>\n<meta property=\"og:title\" content=\"Exo Terra Terrasky UV Bulb - Lampada per terrari a LED - Insektenliebe\" \/>\n<meta property=\"og:description\" content=\"Exo Terra TerraSky UV Bulb - lampada per terrari a LED ad alta efficienza energetica con componente UV. Favorisce la sintesi della vitamina D3, la crescita delle piante e l&#039;illuminazione naturale.\" \/>\n<meta property=\"og:url\" content=\"https:\/\/insektenliebe.com\/it\/shop\/prodotto\/exo-terra-terrasky-uv-bulb-lampada-per-terrari-a-led\/\" \/>\n<meta property=\"og:site_name\" content=\"Insektenliebe\" \/>\n<meta property=\"og:image\" content=\"https:\/\/insektenliebe.com\/wp-content\/uploads\/2025\/08\/Exo-Terra-Terrasky-UV-Bulb-LED-Terrarienlampe.jpg\" \/>\n\t<meta property=\"og:image:width\" content=\"820\" \/>\n\t<meta property=\"og:image:height\" content=\"820\" \/>\n\t<meta property=\"og:image:type\" content=\"image\/jpeg\" \/>\n<meta name=\"twitter:card\" content=\"summary_large_image\" \/>\n<meta name=\"twitter:label1\" content=\"Tempo di lettura stimato\" \/>\n\t<meta name=\"twitter:data1\" content=\"2 minuto\" \/>\n<script type=\"application\/ld+json\" class=\"yoast-schema-graph\">{\"@context\":\"https:\\\/\\\/schema.org\",\"@graph\":[{\"@type\":\"WebPage\",\"@id\":\"https:\\\/\\\/insektenliebe.com\\\/it\\\/shop\\\/prodotto\\\/exo-terra-terrasky-uv-bulb-lampada-per-terrari-a-led\\\/\",\"url\":\"https:\\\/\\\/insektenliebe.com\\\/it\\\/shop\\\/prodotto\\\/exo-terra-terrasky-uv-bulb-lampada-per-terrari-a-led\\\/\",\"name\":\"Exo Terra Terrasky UV Bulb - Lampada per terrari a LED - Insektenliebe\",\"isPartOf\":{\"@id\":\"https:\\\/\\\/insektenliebe.com\\\/it\\\/#website\"},\"primaryImageOfPage\":{\"@id\":\"https:\\\/\\\/insektenliebe.com\\\/it\\\/shop\\\/prodotto\\\/exo-terra-terrasky-uv-bulb-lampada-per-terrari-a-led\\\/#primaryimage\"},\"image\":{\"@id\":\"https:\\\/\\\/insektenliebe.com\\\/it\\\/shop\\\/prodotto\\\/exo-terra-terrasky-uv-bulb-lampada-per-terrari-a-led\\\/#primaryimage\"},\"thumbnailUrl\":\"https:\\\/\\\/insektenliebe.com\\\/wp-content\\\/uploads\\\/2025\\\/08\\\/Exo-Terra-Terrasky-UV-Bulb-LED-Terrarienlampe.jpg\",\"datePublished\":\"2025-08-16T07:50:32+00:00\",\"description\":\"Exo Terra TerraSky UV Bulb - lampada per terrari a LED ad alta efficienza energetica con componente UV. Favorisce la sintesi della vitamina D3, la crescita delle piante e l'illuminazione naturale.\",\"breadcrumb\":{\"@id\":\"https:\\\/\\\/insektenliebe.com\\\/it\\\/shop\\\/prodotto\\\/exo-terra-terrasky-uv-bulb-lampada-per-terrari-a-led\\\/#breadcrumb\"},\"inLanguage\":\"it-IT\",\"potentialAction\":[{\"@type\":\"ReadAction\",\"target\":[\"https:\\\/\\\/insektenliebe.com\\\/it\\\/shop\\\/prodotto\\\/exo-terra-terrasky-uv-bulb-lampada-per-terrari-a-led\\\/\"]}]},{\"@type\":\"ImageObject\",\"inLanguage\":\"it-IT\",\"@id\":\"https:\\\/\\\/insektenliebe.com\\\/it\\\/shop\\\/prodotto\\\/exo-terra-terrasky-uv-bulb-lampada-per-terrari-a-led\\\/#primaryimage\",\"url\":\"https:\\\/\\\/insektenliebe.com\\\/wp-content\\\/uploads\\\/2025\\\/08\\\/Exo-Terra-Terrasky-UV-Bulb-LED-Terrarienlampe.jpg\",\"contentUrl\":\"https:\\\/\\\/insektenliebe.com\\\/wp-content\\\/uploads\\\/2025\\\/08\\\/Exo-Terra-Terrasky-UV-Bulb-LED-Terrarienlampe.jpg\",\"width\":820,\"height\":820,\"caption\":\"Exo Terra Terrasky UV Bulb - Lampada per terrari a LED\"},{\"@type\":\"BreadcrumbList\",\"@id\":\"https:\\\/\\\/insektenliebe.com\\\/it\\\/shop\\\/prodotto\\\/exo-terra-terrasky-uv-bulb-lampada-per-terrari-a-led\\\/#breadcrumb\",\"itemListElement\":[{\"@type\":\"ListItem\",\"position\":1,\"name\":\"Startseite\",\"item\":\"https:\\\/\\\/insektenliebe.com\\\/it\\\/\"},{\"@type\":\"ListItem\",\"position\":2,\"name\":\"Negozio\",\"item\":\"https:\\\/\\\/insektenliebe.com\\\/it\\\/negozio\\\/\"},{\"@type\":\"ListItem\",\"position\":3,\"name\":\"Exo Terra Terrasky UV Bulb &#8211; Lampada per terrari a LED\"}]},{\"@type\":\"WebSite\",\"@id\":\"https:\\\/\\\/insektenliebe.com\\\/it\\\/#website\",\"url\":\"https:\\\/\\\/insektenliebe.com\\\/it\\\/\",\"name\":\"Insektenliebe\",\"description\":\"Dein Zuhause f\u00fcr die kleinen Lebewesen\",\"publisher\":{\"@id\":\"https:\\\/\\\/insektenliebe.com\\\/it\\\/#organization\"},\"potentialAction\":[{\"@type\":\"SearchAction\",\"target\":{\"@type\":\"EntryPoint\",\"urlTemplate\":\"https:\\\/\\\/insektenliebe.com\\\/it\\\/?s={search_term_string}\"},\"query-input\":{\"@type\":\"PropertyValueSpecification\",\"valueRequired\":true,\"valueName\":\"search_term_string\"}}],\"inLanguage\":\"it-IT\"},{\"@type\":\"Organization\",\"@id\":\"https:\\\/\\\/insektenliebe.com\\\/it\\\/#organization\",\"name\":\"Insektenliebe\",\"url\":\"https:\\\/\\\/insektenliebe.com\\\/it\\\/\",\"logo\":{\"@type\":\"ImageObject\",\"inLanguage\":\"it-IT\",\"@id\":\"https:\\\/\\\/insektenliebe.com\\\/it\\\/#\\\/schema\\\/logo\\\/image\\\/\",\"url\":\"https:\\\/\\\/insektenliebe.com\\\/wp-content\\\/uploads\\\/2025\\\/03\\\/logo-white.png\",\"contentUrl\":\"https:\\\/\\\/insektenliebe.com\\\/wp-content\\\/uploads\\\/2025\\\/03\\\/logo-white.png\",\"width\":288,\"height\":188,\"caption\":\"Insektenliebe\"},\"image\":{\"@id\":\"https:\\\/\\\/insektenliebe.com\\\/it\\\/#\\\/schema\\\/logo\\\/image\\\/\"}}]}<\/script>\n<!-- \/ Yoast SEO plugin. -->","yoast_head_json":{"title":"Exo Terra Terrasky UV Bulb - Lampada per terrari a LED - Insektenliebe","description":"Exo Terra TerraSky UV Bulb - lampada per terrari a LED ad alta efficienza energetica con componente UV. Favorisce la sintesi della vitamina D3, la crescita delle piante e l'illuminazione naturale.","robots":{"index":"index","follow":"follow","max-snippet":"max-snippet:-1","max-image-preview":"max-image-preview:large","max-video-preview":"max-video-preview:-1"},"canonical":"https:\/\/insektenliebe.com\/it\/shop\/prodotto\/exo-terra-terrasky-uv-bulb-lampada-per-terrari-a-led\/","og_locale":"it_IT","og_type":"article","og_title":"Exo Terra Terrasky UV Bulb - Lampada per terrari a LED - Insektenliebe","og_description":"Exo Terra TerraSky UV Bulb - lampada per terrari a LED ad alta efficienza energetica con componente UV. Favorisce la sintesi della vitamina D3, la crescita delle piante e l'illuminazione naturale.","og_url":"https:\/\/insektenliebe.com\/it\/shop\/prodotto\/exo-terra-terrasky-uv-bulb-lampada-per-terrari-a-led\/","og_site_name":"Insektenliebe","og_image":[{"width":820,"height":820,"url":"https:\/\/insektenliebe.com\/wp-content\/uploads\/2025\/08\/Exo-Terra-Terrasky-UV-Bulb-LED-Terrarienlampe.jpg","type":"image\/jpeg"}],"twitter_card":"summary_large_image","twitter_misc":{"Tempo di lettura stimato":"2 minuto"},"schema":{"@context":"https:\/\/schema.org","@graph":[{"@type":"WebPage","@id":"https:\/\/insektenliebe.com\/it\/shop\/prodotto\/exo-terra-terrasky-uv-bulb-lampada-per-terrari-a-led\/","url":"https:\/\/insektenliebe.com\/it\/shop\/prodotto\/exo-terra-terrasky-uv-bulb-lampada-per-terrari-a-led\/","name":"Exo Terra Terrasky UV Bulb - Lampada per terrari a LED - Insektenliebe","isPartOf":{"@id":"https:\/\/insektenliebe.com\/it\/#website"},"primaryImageOfPage":{"@id":"https:\/\/insektenliebe.com\/it\/shop\/prodotto\/exo-terra-terrasky-uv-bulb-lampada-per-terrari-a-led\/#primaryimage"},"image":{"@id":"https:\/\/insektenliebe.com\/it\/shop\/prodotto\/exo-terra-terrasky-uv-bulb-lampada-per-terrari-a-led\/#primaryimage"},"thumbnailUrl":"https:\/\/insektenliebe.com\/wp-content\/uploads\/2025\/08\/Exo-Terra-Terrasky-UV-Bulb-LED-Terrarienlampe.jpg","datePublished":"2025-08-16T07:50:32+00:00","description":"Exo Terra TerraSky UV Bulb - lampada per terrari a LED ad alta efficienza energetica con componente UV. Favorisce la sintesi della vitamina D3, la crescita delle piante e l'illuminazione naturale.","breadcrumb":{"@id":"https:\/\/insektenliebe.com\/it\/shop\/prodotto\/exo-terra-terrasky-uv-bulb-lampada-per-terrari-a-led\/#breadcrumb"},"inLanguage":"it-IT","potentialAction":[{"@type":"ReadAction","target":["https:\/\/insektenliebe.com\/it\/shop\/prodotto\/exo-terra-terrasky-uv-bulb-lampada-per-terrari-a-led\/"]}]},{"@type":"ImageObject","inLanguage":"it-IT","@id":"https:\/\/insektenliebe.com\/it\/shop\/prodotto\/exo-terra-terrasky-uv-bulb-lampada-per-terrari-a-led\/#primaryimage","url":"https:\/\/insektenliebe.com\/wp-content\/uploads\/2025\/08\/Exo-Terra-Terrasky-UV-Bulb-LED-Terrarienlampe.jpg","contentUrl":"https:\/\/insektenliebe.com\/wp-content\/uploads\/2025\/08\/Exo-Terra-Terrasky-UV-Bulb-LED-Terrarienlampe.jpg","width":820,"height":820,"caption":"Exo Terra Terrasky UV Bulb - Lampada per terrari a LED"},{"@type":"BreadcrumbList","@id":"https:\/\/insektenliebe.com\/it\/shop\/prodotto\/exo-terra-terrasky-uv-bulb-lampada-per-terrari-a-led\/#breadcrumb","itemListElement":[{"@type":"ListItem","position":1,"name":"Startseite","item":"https:\/\/insektenliebe.com\/it\/"},{"@type":"ListItem","position":2,"name":"Negozio","item":"https:\/\/insektenliebe.com\/it\/negozio\/"},{"@type":"ListItem","position":3,"name":"Exo Terra Terrasky UV Bulb &#8211; Lampada per terrari a LED"}]},{"@type":"WebSite","@id":"https:\/\/insektenliebe.com\/it\/#website","url":"https:\/\/insektenliebe.com\/it\/","name":"Insektenliebe","description":"Dein Zuhause f\u00fcr die kleinen Lebewesen","publisher":{"@id":"https:\/\/insektenliebe.com\/it\/#organization"},"potentialAction":[{"@type":"SearchAction","target":{"@type":"EntryPoint","urlTemplate":"https:\/\/insektenliebe.com\/it\/?s={search_term_string}"},"query-input":{"@type":"PropertyValueSpecification","valueRequired":true,"valueName":"search_term_string"}}],"inLanguage":"it-IT"},{"@type":"Organization","@id":"https:\/\/insektenliebe.com\/it\/#organization","name":"Insektenliebe","url":"https:\/\/insektenliebe.com\/it\/","logo":{"@type":"ImageObject","inLanguage":"it-IT","@id":"https:\/\/insektenliebe.com\/it\/#\/schema\/logo\/image\/","url":"https:\/\/insektenliebe.com\/wp-content\/uploads\/2025\/03\/logo-white.png","contentUrl":"https:\/\/insektenliebe.com\/wp-content\/uploads\/2025\/03\/logo-white.png","width":288,"height":188,"caption":"Insektenliebe"},"image":{"@id":"https:\/\/insektenliebe.com\/it\/#\/schema\/logo\/image\/"}}]}},"_links":{"self":[{"href":"https:\/\/insektenliebe.com\/it\/wp-json\/wp\/v2\/product\/187332","targetHints":{"allow":["GET"]}}],"collection":[{"href":"https:\/\/insektenliebe.com\/it\/wp-json\/wp\/v2\/product"}],"about":[{"href":"https:\/\/insektenliebe.com\/it\/wp-json\/wp\/v2\/types\/product"}],"wp:featuredmedia":[{"embeddable":true,"href":"https:\/\/insektenliebe.com\/it\/wp-json\/wp\/v2\/media\/187335"}],"wp:attachment":[{"href":"https:\/\/insektenliebe.com\/it\/wp-json\/wp\/v2\/media?parent=187332"}],"wp:term":[{"taxonomy":"product-supplier","embeddable":true,"href":"https:\/\/insektenliebe.com\/it\/wp-json\/wp\/v2\/product-supplier?post=187332"},{"taxonomy":"product_brand","embeddable":true,"href":"https:\/\/insektenliebe.com\/it\/wp-json\/wp\/v2\/product_brand?post=187332"},{"taxonomy":"product_cat","embeddable":true,"href":"https:\/\/insektenliebe.com\/it\/wp-json\/wp\/v2\/product_cat?post=187332"},{"taxonomy":"product_tag","embeddable":true,"href":"https:\/\/insektenliebe.com\/it\/wp-json\/wp\/v2\/product_tag?post=187332"},{"taxonomy":"lce-checkout-addons","embeddable":true,"href":"https:\/\/insektenliebe.com\/it\/wp-json\/wp\/v2\/lce-checkout-addons?post=187332"}],"curies":[{"name":"wp","href":"https:\/\/api.w.org\/{rel}","templated":true}]}}