{"id":187303,"date":"2025-08-14T17:20:03","date_gmt":"2025-08-14T15:20:03","guid":{"rendered":"https:\/\/insektenliebe.com\/shop\/produkt\/piccola-mosca-della-frutta-aliante-turco\/"},"modified":"2026-04-06T12:24:49","modified_gmt":"2026-04-06T10:24:49","slug":"piccola-mosca-della-frutta-aliante-turco","status":"publish","type":"product","link":"https:\/\/insektenliebe.com\/it\/shop\/prodotto\/piccola-mosca-della-frutta-aliante-turco\/","title":{"rendered":"Piccola mosca della frutta \"aliante turco\""},"content":{"rendered":"<h3 class=\"p1\"><span style=\"color: #99cc33;\"><strong><span class=\"s1\">Mosche della frutta plananti per cacciatori attivi<\/span><\/strong><\/span><\/h3>\n<p class=\"p1\"><span class=\"s1\">Il <strong>piccolo moscerino della frutta <\/strong><\/span><strong><span class=\"s2\">\"aliante turco\"<\/span><\/strong><span class=\"s1\"> (<\/span><span class=\"s2\">Drosophila melanogaster<\/span><span class=\"s1\">) \u00e8 una forma riproduttiva speciale, ideale per gli insettivori volanti. A differenza delle varianti completamente prive di ali, in questa forma le ali sono completamente sviluppate, ma il muscolo del volo non \u00e8 funzionale. Di conseguenza, la mosca non pu\u00f2 volare attivamente, ma solo planare dolcemente: un comportamento che attrae istintivamente molti cacciatori e rende la caccia particolarmente eccitante.  <\/span><\/p>\n<p class=\"p1\"><span class=\"s1\">Per i rettili, gli anfibi e i ragni saltatori in particolare, che in natura cacciano prede volanti, questo \"effetto planata\" \u00e8 un modo eccellente per incoraggiare le loro strategie di caccia naturali. La leggera deriva delle mosche quando saltano o cadono simula il comportamento di volo reale senza che gli animali possano fuggire nel terrario. <\/span><\/p>\n<p class=\"p1\"><span class=\"s1\">Mantenere e allevare il \"ragnetto turco\" \u00e8 semplice come per le altre specie di <\/span><span class=\"s2\">Drosophila melanogaster<\/span><span class=\"s1\">-Forme. In un allevamento adeguato con un substrato ricco di nutrienti, le uova si sviluppano in mosche adulte in circa 10-14 giorni. Ci\u00f2 significa che \u00e8 possibile fornire in qualsiasi momento la giusta quantit\u00e0 di cibo vivo fresco.  <\/span><\/p>\n<p class=\"p1\"><span class=\"s1\">Grazie alle loro dimensioni maneggevoli, i \"alianti turchi\" sono ideali per piccole mantidi, ragni saltatori, gechi, rane o giovani animali di specie pi\u00f9 grandi. Grazie al loro movimento attivo ma controllato, la caccia nel terrario rimane interessante e adatta alla specie, senza che tu debba preoccuparti della fuga degli animali da mangiare. <\/span><\/p>\n<p class=\"p1\"><span class=\"s1\">Se vuoi aggiungere variet\u00e0 all&#8217;alimentazione e offrire ai tuoi animali un&#8217;esperienza di caccia il pi\u00f9 naturale possibile, il \"volatile turco\" \u00e8 l&#8217;aggiunta perfetta alle classiche variet\u00e0 di mosche della frutta.<\/span><\/p>\n","protected":false},"excerpt":{"rendered":"<p>Mosche della frutta plananti per cacciatori attivi Il piccolo moscerino della frutta \"aliante turco\" (Drosophila melanogaster) \u00e8 una forma riproduttiva speciale, ideale per gli insettivori volanti. A differenza delle varianti completamente prive di ali, in questa forma le ali sono completamente sviluppate, ma il muscolo del volo non \u00e8 funzionale. Di conseguenza, la mosca non [&hellip;]<\/p>\n","protected":false},"featured_media":187304,"template":"","meta":{"_acf_changed":false},"product-supplier":[],"product_brand":[],"product_cat":[2817],"product_tag":[],"lce-checkout-addons":[2746],"class_list":{"0":"post-187303","1":"product","2":"type-product","3":"status-publish","4":"has-post-thumbnail","6":"product_cat-animali-da-mangiare","7":"product_shipping_class-equipment-shipping","8":"lce-checkout-addons-imballaggio-invernale","10":"first","11":"instock","12":"taxable","13":"shipping-taxable","14":"purchasable","15":"product-type-simple"},"acf":[],"yoast_head":"<!-- This site is optimized with the Yoast SEO Premium plugin v26.8 (Yoast SEO v27.3) - https:\/\/yoast.com\/product\/yoast-seo-premium-wordpress\/ -->\n<title>Piccola mosca della frutta &quot;aliante turco&quot; - Insektenliebe<\/title>\n<meta name=\"description\" content=\"Acquista online il piccolo moscerino della frutta &quot;Aliante turco&quot;. L&#039;animale senza volo ideale per anfibi, mantidi, ragni e rettili.\" \/>\n<meta name=\"robots\" content=\"index, follow, max-snippet:-1, max-image-preview:large, max-video-preview:-1\" \/>\n<link rel=\"canonical\" href=\"https:\/\/insektenliebe.com\/it\/shop\/prodotto\/piccola-mosca-della-frutta-aliante-turco\/\" \/>\n<meta property=\"og:locale\" content=\"it_IT\" \/>\n<meta property=\"og:type\" content=\"article\" \/>\n<meta property=\"og:title\" content=\"Piccola mosca della frutta &quot;aliante turco&quot;\" \/>\n<meta property=\"og:description\" content=\"Acquista online il piccolo moscerino della frutta &quot;Aliante turco&quot;. L&#039;animale senza volo ideale per anfibi, mantidi, ragni e rettili.\" \/>\n<meta property=\"og:url\" content=\"https:\/\/insektenliebe.com\/it\/shop\/prodotto\/piccola-mosca-della-frutta-aliante-turco\/\" \/>\n<meta property=\"og:site_name\" content=\"Insektenliebe\" \/>\n<meta property=\"article:modified_time\" content=\"2026-04-06T10:24:49+00:00\" \/>\n<meta property=\"og:image\" content=\"https:\/\/insektenliebe.com\/wp-content\/uploads\/2025\/08\/Kleine-Fruchtfliege-\u201eTuerkischer-Gleiter.jpg\" \/>\n\t<meta property=\"og:image:width\" content=\"820\" \/>\n\t<meta property=\"og:image:height\" content=\"820\" \/>\n\t<meta property=\"og:image:type\" content=\"image\/jpeg\" \/>\n<meta name=\"twitter:card\" content=\"summary_large_image\" \/>\n<meta name=\"twitter:label1\" content=\"Prezzo\" \/>\n\t<meta name=\"twitter:data1\" content=\"3,99&nbsp;&euro; IVA incl., + spese di sped.\" \/>\n\t<meta name=\"twitter:label2\" content=\"Disponibilit\u00e0\" \/>\n\t<meta name=\"twitter:data2\" content=\"In stock\" \/>\n<script type=\"application\/ld+json\" class=\"yoast-schema-graph\">{\"@context\":\"https:\\\/\\\/schema.org\",\"@graph\":[{\"@type\":\"WebPage\",\"@id\":\"https:\\\/\\\/insektenliebe.com\\\/it\\\/shop\\\/prodotto\\\/piccola-mosca-della-frutta-aliante-turco\\\/\",\"url\":\"https:\\\/\\\/insektenliebe.com\\\/it\\\/shop\\\/prodotto\\\/piccola-mosca-della-frutta-aliante-turco\\\/\",\"name\":\"Piccola mosca della frutta \\\"aliante turco\\\" - Insektenliebe\",\"isPartOf\":{\"@id\":\"https:\\\/\\\/insektenliebe.com\\\/it\\\/#website\"},\"primaryImageOfPage\":{\"@id\":\"https:\\\/\\\/insektenliebe.com\\\/it\\\/shop\\\/prodotto\\\/piccola-mosca-della-frutta-aliante-turco\\\/#primaryimage\"},\"image\":{\"@id\":\"https:\\\/\\\/insektenliebe.com\\\/it\\\/shop\\\/prodotto\\\/piccola-mosca-della-frutta-aliante-turco\\\/#primaryimage\"},\"thumbnailUrl\":\"https:\\\/\\\/insektenliebe.com\\\/wp-content\\\/uploads\\\/2025\\\/08\\\/Kleine-Fruchtfliege-\u201eTuerkischer-Gleiter.jpg\",\"datePublished\":\"2025-08-14T15:20:03+00:00\",\"dateModified\":\"2026-04-06T10:24:49+00:00\",\"description\":\"Acquista online il piccolo moscerino della frutta \\\"Aliante turco\\\". L'animale senza volo ideale per anfibi, mantidi, ragni e rettili.\",\"breadcrumb\":{\"@id\":\"https:\\\/\\\/insektenliebe.com\\\/it\\\/shop\\\/prodotto\\\/piccola-mosca-della-frutta-aliante-turco\\\/#breadcrumb\"},\"inLanguage\":\"it-IT\",\"potentialAction\":[{\"@type\":\"ReadAction\",\"target\":[\"https:\\\/\\\/insektenliebe.com\\\/it\\\/shop\\\/prodotto\\\/piccola-mosca-della-frutta-aliante-turco\\\/\"]}]},{\"@type\":\"ImageObject\",\"inLanguage\":\"it-IT\",\"@id\":\"https:\\\/\\\/insektenliebe.com\\\/it\\\/shop\\\/prodotto\\\/piccola-mosca-della-frutta-aliante-turco\\\/#primaryimage\",\"url\":\"https:\\\/\\\/insektenliebe.com\\\/wp-content\\\/uploads\\\/2025\\\/08\\\/Kleine-Fruchtfliege-\u201eTuerkischer-Gleiter.jpg\",\"contentUrl\":\"https:\\\/\\\/insektenliebe.com\\\/wp-content\\\/uploads\\\/2025\\\/08\\\/Kleine-Fruchtfliege-\u201eTuerkischer-Gleiter.jpg\",\"width\":820,\"height\":820,\"caption\":\"Piccola mosca della frutta \\\"aliante turco\\\"\"},{\"@type\":\"BreadcrumbList\",\"@id\":\"https:\\\/\\\/insektenliebe.com\\\/it\\\/shop\\\/prodotto\\\/piccola-mosca-della-frutta-aliante-turco\\\/#breadcrumb\",\"itemListElement\":[{\"@type\":\"ListItem\",\"position\":1,\"name\":\"Startseite\",\"item\":\"https:\\\/\\\/insektenliebe.com\\\/it\\\/\"},{\"@type\":\"ListItem\",\"position\":2,\"name\":\"Negozio\",\"item\":\"https:\\\/\\\/insektenliebe.com\\\/it\\\/negozio\\\/\"},{\"@type\":\"ListItem\",\"position\":3,\"name\":\"Piccola mosca della frutta \\\"aliante turco\\\"\"}]},{\"@type\":\"WebSite\",\"@id\":\"https:\\\/\\\/insektenliebe.com\\\/it\\\/#website\",\"url\":\"https:\\\/\\\/insektenliebe.com\\\/it\\\/\",\"name\":\"Insektenliebe\",\"description\":\"Dein Zuhause f\u00fcr die kleinen Lebewesen\",\"publisher\":{\"@id\":\"https:\\\/\\\/insektenliebe.com\\\/it\\\/#organization\"},\"potentialAction\":[{\"@type\":\"SearchAction\",\"target\":{\"@type\":\"EntryPoint\",\"urlTemplate\":\"https:\\\/\\\/insektenliebe.com\\\/it\\\/?s={search_term_string}\"},\"query-input\":{\"@type\":\"PropertyValueSpecification\",\"valueRequired\":true,\"valueName\":\"search_term_string\"}}],\"inLanguage\":\"it-IT\"},{\"@type\":\"Organization\",\"@id\":\"https:\\\/\\\/insektenliebe.com\\\/it\\\/#organization\",\"name\":\"Insektenliebe\",\"url\":\"https:\\\/\\\/insektenliebe.com\\\/it\\\/\",\"logo\":{\"@type\":\"ImageObject\",\"inLanguage\":\"it-IT\",\"@id\":\"https:\\\/\\\/insektenliebe.com\\\/it\\\/#\\\/schema\\\/logo\\\/image\\\/\",\"url\":\"https:\\\/\\\/insektenliebe.com\\\/wp-content\\\/uploads\\\/2025\\\/03\\\/logo-white.png\",\"contentUrl\":\"https:\\\/\\\/insektenliebe.com\\\/wp-content\\\/uploads\\\/2025\\\/03\\\/logo-white.png\",\"width\":288,\"height\":188,\"caption\":\"Insektenliebe\"},\"image\":{\"@id\":\"https:\\\/\\\/insektenliebe.com\\\/it\\\/#\\\/schema\\\/logo\\\/image\\\/\"}}]}<\/script>\n<meta property=\"product:price:amount\" content=\"3.99\" \/>\n<meta property=\"product:price:currency\" content=\"EUR\" \/>\n<meta property=\"og:availability\" content=\"instock\" \/>\n<meta property=\"product:availability\" content=\"instock\" \/>\n<meta property=\"product:retailer_item_id\" content=\"403-TG\" \/>\n<meta property=\"product:condition\" content=\"new\" \/>\n<!-- \/ Yoast SEO Premium plugin. -->","yoast_head_json":{"title":"Piccola mosca della frutta \"aliante turco\" - Insektenliebe","description":"Acquista online il piccolo moscerino della frutta \"Aliante turco\". L'animale senza volo ideale per anfibi, mantidi, ragni e rettili.","robots":{"index":"index","follow":"follow","max-snippet":"max-snippet:-1","max-image-preview":"max-image-preview:large","max-video-preview":"max-video-preview:-1"},"canonical":"https:\/\/insektenliebe.com\/it\/shop\/prodotto\/piccola-mosca-della-frutta-aliante-turco\/","og_locale":"it_IT","og_type":"article","og_title":"Piccola mosca della frutta \"aliante turco\"","og_description":"Acquista online il piccolo moscerino della frutta \"Aliante turco\". L'animale senza volo ideale per anfibi, mantidi, ragni e rettili.","og_url":"https:\/\/insektenliebe.com\/it\/shop\/prodotto\/piccola-mosca-della-frutta-aliante-turco\/","og_site_name":"Insektenliebe","article_modified_time":"2026-04-06T10:24:49+00:00","og_image":[{"width":820,"height":820,"url":"https:\/\/insektenliebe.com\/wp-content\/uploads\/2025\/08\/Kleine-Fruchtfliege-\u201eTuerkischer-Gleiter.jpg","type":"image\/jpeg"}],"twitter_card":"summary_large_image","twitter_misc":{"Prezzo":"3,99&nbsp;&euro; IVA incl., + spese di sped.","Disponibilit\u00e0":"In stock"},"schema":{"@context":"https:\/\/schema.org","@graph":[{"@type":"WebPage","@id":"https:\/\/insektenliebe.com\/it\/shop\/prodotto\/piccola-mosca-della-frutta-aliante-turco\/","url":"https:\/\/insektenliebe.com\/it\/shop\/prodotto\/piccola-mosca-della-frutta-aliante-turco\/","name":"Piccola mosca della frutta \"aliante turco\" - Insektenliebe","isPartOf":{"@id":"https:\/\/insektenliebe.com\/it\/#website"},"primaryImageOfPage":{"@id":"https:\/\/insektenliebe.com\/it\/shop\/prodotto\/piccola-mosca-della-frutta-aliante-turco\/#primaryimage"},"image":{"@id":"https:\/\/insektenliebe.com\/it\/shop\/prodotto\/piccola-mosca-della-frutta-aliante-turco\/#primaryimage"},"thumbnailUrl":"https:\/\/insektenliebe.com\/wp-content\/uploads\/2025\/08\/Kleine-Fruchtfliege-\u201eTuerkischer-Gleiter.jpg","datePublished":"2025-08-14T15:20:03+00:00","dateModified":"2026-04-06T10:24:49+00:00","description":"Acquista online il piccolo moscerino della frutta \"Aliante turco\". L'animale senza volo ideale per anfibi, mantidi, ragni e rettili.","breadcrumb":{"@id":"https:\/\/insektenliebe.com\/it\/shop\/prodotto\/piccola-mosca-della-frutta-aliante-turco\/#breadcrumb"},"inLanguage":"it-IT","potentialAction":[{"@type":"ReadAction","target":["https:\/\/insektenliebe.com\/it\/shop\/prodotto\/piccola-mosca-della-frutta-aliante-turco\/"]}]},{"@type":"ImageObject","inLanguage":"it-IT","@id":"https:\/\/insektenliebe.com\/it\/shop\/prodotto\/piccola-mosca-della-frutta-aliante-turco\/#primaryimage","url":"https:\/\/insektenliebe.com\/wp-content\/uploads\/2025\/08\/Kleine-Fruchtfliege-\u201eTuerkischer-Gleiter.jpg","contentUrl":"https:\/\/insektenliebe.com\/wp-content\/uploads\/2025\/08\/Kleine-Fruchtfliege-\u201eTuerkischer-Gleiter.jpg","width":820,"height":820,"caption":"Piccola mosca della frutta \"aliante turco\""},{"@type":"BreadcrumbList","@id":"https:\/\/insektenliebe.com\/it\/shop\/prodotto\/piccola-mosca-della-frutta-aliante-turco\/#breadcrumb","itemListElement":[{"@type":"ListItem","position":1,"name":"Startseite","item":"https:\/\/insektenliebe.com\/it\/"},{"@type":"ListItem","position":2,"name":"Negozio","item":"https:\/\/insektenliebe.com\/it\/negozio\/"},{"@type":"ListItem","position":3,"name":"Piccola mosca della frutta \"aliante turco\""}]},{"@type":"WebSite","@id":"https:\/\/insektenliebe.com\/it\/#website","url":"https:\/\/insektenliebe.com\/it\/","name":"Insektenliebe","description":"Dein Zuhause f\u00fcr die kleinen Lebewesen","publisher":{"@id":"https:\/\/insektenliebe.com\/it\/#organization"},"potentialAction":[{"@type":"SearchAction","target":{"@type":"EntryPoint","urlTemplate":"https:\/\/insektenliebe.com\/it\/?s={search_term_string}"},"query-input":{"@type":"PropertyValueSpecification","valueRequired":true,"valueName":"search_term_string"}}],"inLanguage":"it-IT"},{"@type":"Organization","@id":"https:\/\/insektenliebe.com\/it\/#organization","name":"Insektenliebe","url":"https:\/\/insektenliebe.com\/it\/","logo":{"@type":"ImageObject","inLanguage":"it-IT","@id":"https:\/\/insektenliebe.com\/it\/#\/schema\/logo\/image\/","url":"https:\/\/insektenliebe.com\/wp-content\/uploads\/2025\/03\/logo-white.png","contentUrl":"https:\/\/insektenliebe.com\/wp-content\/uploads\/2025\/03\/logo-white.png","width":288,"height":188,"caption":"Insektenliebe"},"image":{"@id":"https:\/\/insektenliebe.com\/it\/#\/schema\/logo\/image\/"}}]},"product_price_amount":"3.99","product_price_currency":"EUR","og_availability":"instock","product_availability":"instock","product_retailer_item_id":"403-TG","product_condition":"new"},"_links":{"self":[{"href":"https:\/\/insektenliebe.com\/it\/wp-json\/wp\/v2\/product\/187303","targetHints":{"allow":["GET"]}}],"collection":[{"href":"https:\/\/insektenliebe.com\/it\/wp-json\/wp\/v2\/product"}],"about":[{"href":"https:\/\/insektenliebe.com\/it\/wp-json\/wp\/v2\/types\/product"}],"wp:featuredmedia":[{"embeddable":true,"href":"https:\/\/insektenliebe.com\/it\/wp-json\/wp\/v2\/media\/187304"}],"wp:attachment":[{"href":"https:\/\/insektenliebe.com\/it\/wp-json\/wp\/v2\/media?parent=187303"}],"wp:term":[{"taxonomy":"product-supplier","embeddable":true,"href":"https:\/\/insektenliebe.com\/it\/wp-json\/wp\/v2\/product-supplier?post=187303"},{"taxonomy":"product_brand","embeddable":true,"href":"https:\/\/insektenliebe.com\/it\/wp-json\/wp\/v2\/product_brand?post=187303"},{"taxonomy":"product_cat","embeddable":true,"href":"https:\/\/insektenliebe.com\/it\/wp-json\/wp\/v2\/product_cat?post=187303"},{"taxonomy":"product_tag","embeddable":true,"href":"https:\/\/insektenliebe.com\/it\/wp-json\/wp\/v2\/product_tag?post=187303"},{"taxonomy":"lce-checkout-addons","embeddable":true,"href":"https:\/\/insektenliebe.com\/it\/wp-json\/wp\/v2\/lce-checkout-addons?post=187303"}],"curies":[{"name":"wp","href":"https:\/\/api.w.org\/{rel}","templated":true}]}}