{"id":187301,"date":"2025-08-14T18:04:00","date_gmt":"2025-08-14T16:04:00","guid":{"rendered":"https:\/\/insektenliebe.com\/shop\/produkt\/grande-mosca-della-frutta-big\/"},"modified":"2026-04-06T12:24:00","modified_gmt":"2026-04-06T10:24:00","slug":"grande-mosca-della-frutta-big","status":"publish","type":"product","link":"https:\/\/insektenliebe.com\/it\/shop\/prodotto\/grande-mosca-della-frutta-big\/","title":{"rendered":"Grande mosca della frutta \"Big\""},"content":{"rendered":"<h3><span class=\"s1\" style=\"color: #99cc33;\">Grande mosca della frutta \"Big\" - Lo spuntino XXL per i piccoli predatori<\/span><\/h3>\n<p class=\"p1\"><span class=\"s1\">Il <strong>grande moscerino della frutta \"Big\"<\/strong> \u00e8 una forma di riproduzione selettiva della nota <\/span><span class=\"s2\">Drosophila hydei<\/span><span class=\"s1\">  e offre un piccolo ma piacevole miglioramento: con circa 0,5 millimetri in pi\u00f9 di lunghezza del corpo rispetto alla forma standard, \u00e8 un insetto particolarmente attraente per molti animali da terrario. Nonostante il nome, anche questa variante rimane senza volo, il che la rende pi\u00f9 facile da maneggiare e consente un&#8217;alimentazione mirata.<\/span><\/p>\n<p class=\"p1\"><span class=\"s1\">Soprattutto gli animali che si trovano in una fase intermedia tra lo stadio giovanile e quello adulto traggono vantaggio da una preda leggermente pi\u00f9 grande. Ragni saltatori di medie dimensioni, mantidi in fase avanzata di ninfa o anche piccoli rettili e anfibi accettano volentieri la mosca della frutta \"grande\". Grazie alla sua maggiore massa corporea, offre pi\u00f9 valore nutrizionale rispetto ai suoi parenti pi\u00f9 piccoli senza essere troppo grande o ingombrante.  <\/span><\/p>\n<p class=\"p1\"><span class=\"s1\">La mosca della frutta di grandi dimensioni convince anche nell&#8217;allevamento grazie alla sua tipica robustezza. Con i classici metodi di allevamento con pastone per mosche della frutta, lana di legno e una buona ventilazione, si sviluppa rapidamente una popolazione stabile che pu\u00f2 essere utilizzata per diverse settimane. Gli animali sono attivi, si muovono molto e stimolano l&#8217;istinto di caccia degli abitanti del terrario.  <\/span><\/p>\n<p class=\"p1\"><span class=\"s1\">La <strong>mosca della frutta \"Big\"<\/strong> \u00e8 quindi pi\u00f9 di una semplice variante pi\u00f9 grande: \u00e8 un&#8217;alternativa alimentare ben studiata per tutti coloro che vogliono offrire ai loro protetti qualcosa di pi\u00f9.<\/span><\/p>\n","protected":false},"excerpt":{"rendered":"<p>Grande mosca della frutta \"Big\" - Lo spuntino XXL per i piccoli predatori Il grande moscerino della frutta \"Big\" \u00e8 una forma di riproduzione selettiva della nota Drosophila hydei e offre un piccolo ma piacevole miglioramento: con circa 0,5 millimetri in pi\u00f9 di lunghezza del corpo rispetto alla forma standard, \u00e8 un insetto particolarmente attraente [&hellip;]<\/p>\n","protected":false},"featured_media":187302,"template":"","meta":{"_acf_changed":false},"product-supplier":[],"product_brand":[],"product_cat":[2817],"product_tag":[],"lce-checkout-addons":[2746],"class_list":{"0":"post-187301","1":"product","2":"type-product","3":"status-publish","4":"has-post-thumbnail","6":"product_cat-animali-da-mangiare","7":"product_shipping_class-equipment-shipping","8":"lce-checkout-addons-imballaggio-invernale","10":"first","11":"instock","12":"taxable","13":"shipping-taxable","14":"purchasable","15":"product-type-simple"},"acf":[],"yoast_head":"<!-- This site is optimized with the Yoast SEO Premium plugin v26.8 (Yoast SEO v27.3) - https:\/\/yoast.com\/product\/yoast-seo-premium-wordpress\/ -->\n<title>Grande mosca della frutta &quot;Big&quot; - Insektenliebe<\/title>\n<meta name=\"description\" content=\"Acquista online i grandi moscerini della frutta &quot;Big&quot; a un prezzo vantaggioso. L&#039;animale senza volo ideale per anfibi, mantidi, ragni e rettili.\" \/>\n<meta name=\"robots\" content=\"index, follow, max-snippet:-1, max-image-preview:large, max-video-preview:-1\" \/>\n<link rel=\"canonical\" href=\"https:\/\/insektenliebe.com\/it\/shop\/prodotto\/grande-mosca-della-frutta-big\/\" \/>\n<meta property=\"og:locale\" content=\"it_IT\" \/>\n<meta property=\"og:type\" content=\"article\" \/>\n<meta property=\"og:title\" content=\"Grande mosca della frutta &quot;Big&quot;\" \/>\n<meta property=\"og:description\" content=\"Acquista online i grandi moscerini della frutta &quot;Big&quot; a un prezzo vantaggioso. L&#039;animale senza volo ideale per anfibi, mantidi, ragni e rettili.\" \/>\n<meta property=\"og:url\" content=\"https:\/\/insektenliebe.com\/it\/shop\/prodotto\/grande-mosca-della-frutta-big\/\" \/>\n<meta property=\"og:site_name\" content=\"Insektenliebe\" \/>\n<meta property=\"article:modified_time\" content=\"2026-04-06T10:24:00+00:00\" \/>\n<meta property=\"og:image\" content=\"https:\/\/insektenliebe.com\/wp-content\/uploads\/2025\/08\/Grosse-Fruchtfliege-22Big22.jpg\" \/>\n\t<meta property=\"og:image:width\" content=\"820\" \/>\n\t<meta property=\"og:image:height\" content=\"820\" \/>\n\t<meta property=\"og:image:type\" content=\"image\/jpeg\" \/>\n<meta name=\"twitter:card\" content=\"summary_large_image\" \/>\n<meta name=\"twitter:label1\" content=\"Prezzo\" \/>\n\t<meta name=\"twitter:data1\" content=\"3,99&nbsp;&euro; IVA incl., + spese di sped.\" \/>\n\t<meta name=\"twitter:label2\" content=\"Disponibilit\u00e0\" \/>\n\t<meta name=\"twitter:data2\" content=\"In stock\" \/>\n<script type=\"application\/ld+json\" class=\"yoast-schema-graph\">{\"@context\":\"https:\\\/\\\/schema.org\",\"@graph\":[{\"@type\":\"WebPage\",\"@id\":\"https:\\\/\\\/insektenliebe.com\\\/it\\\/shop\\\/prodotto\\\/grande-mosca-della-frutta-big\\\/\",\"url\":\"https:\\\/\\\/insektenliebe.com\\\/it\\\/shop\\\/prodotto\\\/grande-mosca-della-frutta-big\\\/\",\"name\":\"Grande mosca della frutta \\\"Big\\\" - Insektenliebe\",\"isPartOf\":{\"@id\":\"https:\\\/\\\/insektenliebe.com\\\/it\\\/#website\"},\"primaryImageOfPage\":{\"@id\":\"https:\\\/\\\/insektenliebe.com\\\/it\\\/shop\\\/prodotto\\\/grande-mosca-della-frutta-big\\\/#primaryimage\"},\"image\":{\"@id\":\"https:\\\/\\\/insektenliebe.com\\\/it\\\/shop\\\/prodotto\\\/grande-mosca-della-frutta-big\\\/#primaryimage\"},\"thumbnailUrl\":\"https:\\\/\\\/insektenliebe.com\\\/wp-content\\\/uploads\\\/2025\\\/08\\\/Grosse-Fruchtfliege-22Big22.jpg\",\"datePublished\":\"2025-08-14T16:04:00+00:00\",\"dateModified\":\"2026-04-06T10:24:00+00:00\",\"description\":\"Acquista online i grandi moscerini della frutta \\\"Big\\\" a un prezzo vantaggioso. L'animale senza volo ideale per anfibi, mantidi, ragni e rettili.\",\"breadcrumb\":{\"@id\":\"https:\\\/\\\/insektenliebe.com\\\/it\\\/shop\\\/prodotto\\\/grande-mosca-della-frutta-big\\\/#breadcrumb\"},\"inLanguage\":\"it-IT\",\"potentialAction\":[{\"@type\":\"ReadAction\",\"target\":[\"https:\\\/\\\/insektenliebe.com\\\/it\\\/shop\\\/prodotto\\\/grande-mosca-della-frutta-big\\\/\"]}]},{\"@type\":\"ImageObject\",\"inLanguage\":\"it-IT\",\"@id\":\"https:\\\/\\\/insektenliebe.com\\\/it\\\/shop\\\/prodotto\\\/grande-mosca-della-frutta-big\\\/#primaryimage\",\"url\":\"https:\\\/\\\/insektenliebe.com\\\/wp-content\\\/uploads\\\/2025\\\/08\\\/Grosse-Fruchtfliege-22Big22.jpg\",\"contentUrl\":\"https:\\\/\\\/insektenliebe.com\\\/wp-content\\\/uploads\\\/2025\\\/08\\\/Grosse-Fruchtfliege-22Big22.jpg\",\"width\":820,\"height\":820,\"caption\":\"Grande mosca della frutta \\\"Big\\\"\"},{\"@type\":\"BreadcrumbList\",\"@id\":\"https:\\\/\\\/insektenliebe.com\\\/it\\\/shop\\\/prodotto\\\/grande-mosca-della-frutta-big\\\/#breadcrumb\",\"itemListElement\":[{\"@type\":\"ListItem\",\"position\":1,\"name\":\"Startseite\",\"item\":\"https:\\\/\\\/insektenliebe.com\\\/it\\\/\"},{\"@type\":\"ListItem\",\"position\":2,\"name\":\"Negozio\",\"item\":\"https:\\\/\\\/insektenliebe.com\\\/it\\\/negozio\\\/\"},{\"@type\":\"ListItem\",\"position\":3,\"name\":\"Grande mosca della frutta \\\"Big\\\"\"}]},{\"@type\":\"WebSite\",\"@id\":\"https:\\\/\\\/insektenliebe.com\\\/it\\\/#website\",\"url\":\"https:\\\/\\\/insektenliebe.com\\\/it\\\/\",\"name\":\"Insektenliebe\",\"description\":\"Dein Zuhause f\u00fcr die kleinen Lebewesen\",\"publisher\":{\"@id\":\"https:\\\/\\\/insektenliebe.com\\\/it\\\/#organization\"},\"potentialAction\":[{\"@type\":\"SearchAction\",\"target\":{\"@type\":\"EntryPoint\",\"urlTemplate\":\"https:\\\/\\\/insektenliebe.com\\\/it\\\/?s={search_term_string}\"},\"query-input\":{\"@type\":\"PropertyValueSpecification\",\"valueRequired\":true,\"valueName\":\"search_term_string\"}}],\"inLanguage\":\"it-IT\"},{\"@type\":\"Organization\",\"@id\":\"https:\\\/\\\/insektenliebe.com\\\/it\\\/#organization\",\"name\":\"Insektenliebe\",\"url\":\"https:\\\/\\\/insektenliebe.com\\\/it\\\/\",\"logo\":{\"@type\":\"ImageObject\",\"inLanguage\":\"it-IT\",\"@id\":\"https:\\\/\\\/insektenliebe.com\\\/it\\\/#\\\/schema\\\/logo\\\/image\\\/\",\"url\":\"https:\\\/\\\/insektenliebe.com\\\/wp-content\\\/uploads\\\/2025\\\/03\\\/logo-white.png\",\"contentUrl\":\"https:\\\/\\\/insektenliebe.com\\\/wp-content\\\/uploads\\\/2025\\\/03\\\/logo-white.png\",\"width\":288,\"height\":188,\"caption\":\"Insektenliebe\"},\"image\":{\"@id\":\"https:\\\/\\\/insektenliebe.com\\\/it\\\/#\\\/schema\\\/logo\\\/image\\\/\"}}]}<\/script>\n<meta property=\"product:price:amount\" content=\"3.99\" \/>\n<meta property=\"product:price:currency\" content=\"EUR\" \/>\n<meta property=\"og:availability\" content=\"instock\" \/>\n<meta property=\"product:availability\" content=\"instock\" \/>\n<meta property=\"product:retailer_item_id\" content=\"519-B\" \/>\n<meta property=\"product:condition\" content=\"new\" \/>\n<!-- \/ Yoast SEO Premium plugin. -->","yoast_head_json":{"title":"Grande mosca della frutta \"Big\" - Insektenliebe","description":"Acquista online i grandi moscerini della frutta \"Big\" a un prezzo vantaggioso. L'animale senza volo ideale per anfibi, mantidi, ragni e rettili.","robots":{"index":"index","follow":"follow","max-snippet":"max-snippet:-1","max-image-preview":"max-image-preview:large","max-video-preview":"max-video-preview:-1"},"canonical":"https:\/\/insektenliebe.com\/it\/shop\/prodotto\/grande-mosca-della-frutta-big\/","og_locale":"it_IT","og_type":"article","og_title":"Grande mosca della frutta \"Big\"","og_description":"Acquista online i grandi moscerini della frutta \"Big\" a un prezzo vantaggioso. L'animale senza volo ideale per anfibi, mantidi, ragni e rettili.","og_url":"https:\/\/insektenliebe.com\/it\/shop\/prodotto\/grande-mosca-della-frutta-big\/","og_site_name":"Insektenliebe","article_modified_time":"2026-04-06T10:24:00+00:00","og_image":[{"width":820,"height":820,"url":"https:\/\/insektenliebe.com\/wp-content\/uploads\/2025\/08\/Grosse-Fruchtfliege-22Big22.jpg","type":"image\/jpeg"}],"twitter_card":"summary_large_image","twitter_misc":{"Prezzo":"3,99&nbsp;&euro; IVA incl., + spese di sped.","Disponibilit\u00e0":"In stock"},"schema":{"@context":"https:\/\/schema.org","@graph":[{"@type":"WebPage","@id":"https:\/\/insektenliebe.com\/it\/shop\/prodotto\/grande-mosca-della-frutta-big\/","url":"https:\/\/insektenliebe.com\/it\/shop\/prodotto\/grande-mosca-della-frutta-big\/","name":"Grande mosca della frutta \"Big\" - Insektenliebe","isPartOf":{"@id":"https:\/\/insektenliebe.com\/it\/#website"},"primaryImageOfPage":{"@id":"https:\/\/insektenliebe.com\/it\/shop\/prodotto\/grande-mosca-della-frutta-big\/#primaryimage"},"image":{"@id":"https:\/\/insektenliebe.com\/it\/shop\/prodotto\/grande-mosca-della-frutta-big\/#primaryimage"},"thumbnailUrl":"https:\/\/insektenliebe.com\/wp-content\/uploads\/2025\/08\/Grosse-Fruchtfliege-22Big22.jpg","datePublished":"2025-08-14T16:04:00+00:00","dateModified":"2026-04-06T10:24:00+00:00","description":"Acquista online i grandi moscerini della frutta \"Big\" a un prezzo vantaggioso. L'animale senza volo ideale per anfibi, mantidi, ragni e rettili.","breadcrumb":{"@id":"https:\/\/insektenliebe.com\/it\/shop\/prodotto\/grande-mosca-della-frutta-big\/#breadcrumb"},"inLanguage":"it-IT","potentialAction":[{"@type":"ReadAction","target":["https:\/\/insektenliebe.com\/it\/shop\/prodotto\/grande-mosca-della-frutta-big\/"]}]},{"@type":"ImageObject","inLanguage":"it-IT","@id":"https:\/\/insektenliebe.com\/it\/shop\/prodotto\/grande-mosca-della-frutta-big\/#primaryimage","url":"https:\/\/insektenliebe.com\/wp-content\/uploads\/2025\/08\/Grosse-Fruchtfliege-22Big22.jpg","contentUrl":"https:\/\/insektenliebe.com\/wp-content\/uploads\/2025\/08\/Grosse-Fruchtfliege-22Big22.jpg","width":820,"height":820,"caption":"Grande mosca della frutta \"Big\""},{"@type":"BreadcrumbList","@id":"https:\/\/insektenliebe.com\/it\/shop\/prodotto\/grande-mosca-della-frutta-big\/#breadcrumb","itemListElement":[{"@type":"ListItem","position":1,"name":"Startseite","item":"https:\/\/insektenliebe.com\/it\/"},{"@type":"ListItem","position":2,"name":"Negozio","item":"https:\/\/insektenliebe.com\/it\/negozio\/"},{"@type":"ListItem","position":3,"name":"Grande mosca della frutta \"Big\""}]},{"@type":"WebSite","@id":"https:\/\/insektenliebe.com\/it\/#website","url":"https:\/\/insektenliebe.com\/it\/","name":"Insektenliebe","description":"Dein Zuhause f\u00fcr die kleinen Lebewesen","publisher":{"@id":"https:\/\/insektenliebe.com\/it\/#organization"},"potentialAction":[{"@type":"SearchAction","target":{"@type":"EntryPoint","urlTemplate":"https:\/\/insektenliebe.com\/it\/?s={search_term_string}"},"query-input":{"@type":"PropertyValueSpecification","valueRequired":true,"valueName":"search_term_string"}}],"inLanguage":"it-IT"},{"@type":"Organization","@id":"https:\/\/insektenliebe.com\/it\/#organization","name":"Insektenliebe","url":"https:\/\/insektenliebe.com\/it\/","logo":{"@type":"ImageObject","inLanguage":"it-IT","@id":"https:\/\/insektenliebe.com\/it\/#\/schema\/logo\/image\/","url":"https:\/\/insektenliebe.com\/wp-content\/uploads\/2025\/03\/logo-white.png","contentUrl":"https:\/\/insektenliebe.com\/wp-content\/uploads\/2025\/03\/logo-white.png","width":288,"height":188,"caption":"Insektenliebe"},"image":{"@id":"https:\/\/insektenliebe.com\/it\/#\/schema\/logo\/image\/"}}]},"product_price_amount":"3.99","product_price_currency":"EUR","og_availability":"instock","product_availability":"instock","product_retailer_item_id":"519-B","product_condition":"new"},"_links":{"self":[{"href":"https:\/\/insektenliebe.com\/it\/wp-json\/wp\/v2\/product\/187301","targetHints":{"allow":["GET"]}}],"collection":[{"href":"https:\/\/insektenliebe.com\/it\/wp-json\/wp\/v2\/product"}],"about":[{"href":"https:\/\/insektenliebe.com\/it\/wp-json\/wp\/v2\/types\/product"}],"wp:featuredmedia":[{"embeddable":true,"href":"https:\/\/insektenliebe.com\/it\/wp-json\/wp\/v2\/media\/187302"}],"wp:attachment":[{"href":"https:\/\/insektenliebe.com\/it\/wp-json\/wp\/v2\/media?parent=187301"}],"wp:term":[{"taxonomy":"product-supplier","embeddable":true,"href":"https:\/\/insektenliebe.com\/it\/wp-json\/wp\/v2\/product-supplier?post=187301"},{"taxonomy":"product_brand","embeddable":true,"href":"https:\/\/insektenliebe.com\/it\/wp-json\/wp\/v2\/product_brand?post=187301"},{"taxonomy":"product_cat","embeddable":true,"href":"https:\/\/insektenliebe.com\/it\/wp-json\/wp\/v2\/product_cat?post=187301"},{"taxonomy":"product_tag","embeddable":true,"href":"https:\/\/insektenliebe.com\/it\/wp-json\/wp\/v2\/product_tag?post=187301"},{"taxonomy":"lce-checkout-addons","embeddable":true,"href":"https:\/\/insektenliebe.com\/it\/wp-json\/wp\/v2\/lce-checkout-addons?post=187301"}],"curies":[{"name":"wp","href":"https:\/\/api.w.org\/{rel}","templated":true}]}}