{"id":187298,"date":"2025-08-20T17:01:12","date_gmt":"2025-08-20T15:01:12","guid":{"rendered":"https:\/\/insektenliebe.com\/shop\/produkt\/box-di-allevamento-seladonia\/"},"modified":"2025-08-20T17:01:12","modified_gmt":"2025-08-20T15:01:12","slug":"box-di-allevamento-seladonia","status":"publish","type":"product","link":"https:\/\/insektenliebe.com\/it\/shop\/prodotto\/box-di-allevamento-seladonia\/","title":{"rendered":"Box di allevamento \"Seladonia"},"content":{"rendered":"<h3 class=\"p1\"><span style=\"color: #99cc33\"><strong><span class=\"s1\">Box di allevamento adatto alla specie per <\/span><span class=\"s2\">tipo Hochlaena seladonia<\/span><span class=\"s1\"> - pronta per l&#8217;uso immediato<\/span><\/strong><\/span><\/h3>\n<p class=\"p1\"><span class=\"s1\">Allevare specie di tarantole rare ed esigenti richiede molta esperienza, pazienza e, soprattutto, gli accessori giusti. Con la nostra <strong>scatola di allevamento \"Seladonia\"<\/strong> appositamente sviluppata <\/span><span class=\"s1\">  ti offre un set completo e ottimale che si adatta perfettamente alle esigenze di questa affascinante specie. Originario del Brasile, il   <\/span><span class=\"s2\">Typhochlaena seladonia<\/span><span class=\"s1\">  non \u00e8 solo noto per il suo aspetto unico, ma anche per il suo comportamento insolito di ritirarsi in buche o fessure prefabbricate degli alberi. \u00c8 proprio qui che entra in gioco la nostra scatola di allevamento, che imita il pi\u00f9 possibile le condizioni naturali di questo ragno. <\/span><\/p>\n<p class=\"p1\"><span class=\"s1\">Il barattolo ha un volume di 175 ml ed \u00e8 sigillato con un tappo di schiuma sicuro. Questo garantisce una buona circolazione dell&#8217;aria e impedisce agli animali di fuggire. Le dimensioni compatte lo rendono facile da maneggiare e ideale per le prime fasi di vita del ragno.  <\/span><\/p>\n<p class=\"p1\"><span class=\"s1\">Anche il <\/span><span class=\"s2\">il controllo e l&#8217;assunzione di cibo sono perfetti anche a queste dimensioni<\/span><span class=\"s1\">perch\u00e9 puoi avere sempre una visione d&#8217;insieme e controllare facilmente se il ragno ha mangiato.<\/span><\/p>\n<p class=\"p1\"><span class=\"s1\">Un&#8217;attenzione particolare \u00e8 riservata agli arredi interni: Sul fondo \u00e8 presente del muschio di sfagno di alta qualit\u00e0, che garantisce un&#8217;umidit\u00e0 uniforme e impedisce la formazione di muffa. Come rifugio \u00e8 stato integrato un pezzo di corteccia di sughero con un foro preforato. In questo modo i piccoli    <\/span><span class=\"s2\">Typhochlaena seladonia<\/span><span class=\"s1\">  immediatamente un nascondiglio adatto senza che tu debba apportare ulteriori modifiche. Questo dettaglio \u00e8 fondamentale, poich\u00e9 la specie predilige le cavit\u00e0 degli alberi in natura e un tale nascondiglio \u00e8 essenziale per il suo benessere. <\/span><\/p>\n<p class=\"p1\"><span class=\"s1\">Il box di allevamento non \u00e8 trattato ed \u00e8 assolutamente innocuo per il tuo animale. Non vengono utilizzati additivi chimici o materiali contaminati, quindi puoi essere sicuro di fornire al tuo animale un ambiente naturale e adatto alla specie. Grazie alle pareti trasparenti, puoi tenere d&#8217;occhio il tuo ragno in ogni momento senza disturbarlo.  <\/span><\/p>\n<p class=\"p1\"><span class=\"s1\">Con il <strong>box di allevamento \"Seladonia\" <\/strong>scegli un prodotto ben studiato che combina funzionalit\u00e0, sicurezza e allevamento adeguato alla specie. Ti risparmi il fastidio di doverlo costruire da solo e puoi fare affidamento sul fatto che il tuo   <\/span><span class=\"s2\">Typhochlaena seladonia<\/span><span class=\"s1\"> trova subito le condizioni di cui ha bisogno per crescere sana e senza stress.<\/span><\/p>\n","protected":false},"excerpt":{"rendered":"<p>Box di allevamento adatto alla specie per tipo Hochlaena seladonia - pronta per l&#8217;uso immediato Allevare specie di tarantole rare ed esigenti richiede molta esperienza, pazienza e, soprattutto, gli accessori giusti. Con la nostra scatola di allevamento \"Seladonia\" appositamente sviluppata ti offre un set completo e ottimale che si adatta perfettamente alle esigenze di questa [&hellip;]<\/p>\n","protected":false},"featured_media":187299,"template":"","meta":{"_acf_changed":false},"product-supplier":[2687,2683],"product_brand":[],"product_cat":[2760],"product_tag":[],"lce-checkout-addons":[],"class_list":{"0":"post-187298","1":"product","2":"type-product","3":"status-publish","4":"has-post-thumbnail","6":"product_cat-terrari-e-contenitori","8":"first","9":"instock","10":"taxable","11":"shipping-taxable","12":"purchasable","13":"product-type-bundle"},"acf":[],"yoast_head":"<!-- This site is optimized with the Yoast SEO plugin v27.3 - https:\/\/yoast.com\/product\/yoast-seo-wordpress\/ -->\n<title>Box di allevamento &quot;Seladonia - Insektenliebe<\/title>\n<meta name=\"description\" content=\"Scatola di allevamento da 175 ml per il tipo Phochlaena seladonia - con tappo in schiuma, muschio e corteccia di sughero con grotta. Adatta alla specie e pronta per l&#039;uso immediato.\" \/>\n<meta name=\"robots\" content=\"index, follow, max-snippet:-1, max-image-preview:large, max-video-preview:-1\" \/>\n<link rel=\"canonical\" href=\"https:\/\/insektenliebe.com\/it\/shop\/prodotto\/box-di-allevamento-seladonia\/\" \/>\n<meta property=\"og:locale\" content=\"it_IT\" \/>\n<meta property=\"og:type\" content=\"article\" \/>\n<meta property=\"og:title\" content=\"Box di allevamento &quot;Seladonia - Insektenliebe\" \/>\n<meta property=\"og:description\" content=\"Scatola di allevamento da 175 ml per il tipo Phochlaena seladonia - con tappo in schiuma, muschio e corteccia di sughero con grotta. Adatta alla specie e pronta per l&#039;uso immediato.\" \/>\n<meta property=\"og:url\" content=\"https:\/\/insektenliebe.com\/it\/shop\/prodotto\/box-di-allevamento-seladonia\/\" \/>\n<meta property=\"og:site_name\" content=\"Insektenliebe\" \/>\n<meta property=\"og:image\" content=\"https:\/\/insektenliebe.com\/wp-content\/uploads\/2025\/08\/Aufzuchtdose-22Seladonia22-1.jpg\" \/>\n\t<meta property=\"og:image:width\" content=\"820\" \/>\n\t<meta property=\"og:image:height\" content=\"820\" \/>\n\t<meta property=\"og:image:type\" content=\"image\/jpeg\" \/>\n<meta name=\"twitter:card\" content=\"summary_large_image\" \/>\n<meta name=\"twitter:label1\" content=\"Tempo di lettura stimato\" \/>\n\t<meta name=\"twitter:data1\" content=\"2 minuto\" \/>\n<script type=\"application\/ld+json\" class=\"yoast-schema-graph\">{\"@context\":\"https:\\\/\\\/schema.org\",\"@graph\":[{\"@type\":\"WebPage\",\"@id\":\"https:\\\/\\\/insektenliebe.com\\\/it\\\/shop\\\/prodotto\\\/box-di-allevamento-seladonia\\\/\",\"url\":\"https:\\\/\\\/insektenliebe.com\\\/it\\\/shop\\\/prodotto\\\/box-di-allevamento-seladonia\\\/\",\"name\":\"Box di allevamento \\\"Seladonia - Insektenliebe\",\"isPartOf\":{\"@id\":\"https:\\\/\\\/insektenliebe.com\\\/it\\\/#website\"},\"primaryImageOfPage\":{\"@id\":\"https:\\\/\\\/insektenliebe.com\\\/it\\\/shop\\\/prodotto\\\/box-di-allevamento-seladonia\\\/#primaryimage\"},\"image\":{\"@id\":\"https:\\\/\\\/insektenliebe.com\\\/it\\\/shop\\\/prodotto\\\/box-di-allevamento-seladonia\\\/#primaryimage\"},\"thumbnailUrl\":\"https:\\\/\\\/insektenliebe.com\\\/wp-content\\\/uploads\\\/2025\\\/08\\\/Aufzuchtdose-22Seladonia22-1.jpg\",\"datePublished\":\"2025-08-20T15:01:12+00:00\",\"description\":\"Scatola di allevamento da 175 ml per il tipo Phochlaena seladonia - con tappo in schiuma, muschio e corteccia di sughero con grotta. Adatta alla specie e pronta per l'uso immediato.\",\"breadcrumb\":{\"@id\":\"https:\\\/\\\/insektenliebe.com\\\/it\\\/shop\\\/prodotto\\\/box-di-allevamento-seladonia\\\/#breadcrumb\"},\"inLanguage\":\"it-IT\",\"potentialAction\":[{\"@type\":\"ReadAction\",\"target\":[\"https:\\\/\\\/insektenliebe.com\\\/it\\\/shop\\\/prodotto\\\/box-di-allevamento-seladonia\\\/\"]}]},{\"@type\":\"ImageObject\",\"inLanguage\":\"it-IT\",\"@id\":\"https:\\\/\\\/insektenliebe.com\\\/it\\\/shop\\\/prodotto\\\/box-di-allevamento-seladonia\\\/#primaryimage\",\"url\":\"https:\\\/\\\/insektenliebe.com\\\/wp-content\\\/uploads\\\/2025\\\/08\\\/Aufzuchtdose-22Seladonia22-1.jpg\",\"contentUrl\":\"https:\\\/\\\/insektenliebe.com\\\/wp-content\\\/uploads\\\/2025\\\/08\\\/Aufzuchtdose-22Seladonia22-1.jpg\",\"width\":820,\"height\":820,\"caption\":\"Box di allevamento \\\"Seladonia\"},{\"@type\":\"BreadcrumbList\",\"@id\":\"https:\\\/\\\/insektenliebe.com\\\/it\\\/shop\\\/prodotto\\\/box-di-allevamento-seladonia\\\/#breadcrumb\",\"itemListElement\":[{\"@type\":\"ListItem\",\"position\":1,\"name\":\"Startseite\",\"item\":\"https:\\\/\\\/insektenliebe.com\\\/it\\\/\"},{\"@type\":\"ListItem\",\"position\":2,\"name\":\"Negozio\",\"item\":\"https:\\\/\\\/insektenliebe.com\\\/it\\\/negozio\\\/\"},{\"@type\":\"ListItem\",\"position\":3,\"name\":\"Box di allevamento &#8220;Seladonia\"}]},{\"@type\":\"WebSite\",\"@id\":\"https:\\\/\\\/insektenliebe.com\\\/it\\\/#website\",\"url\":\"https:\\\/\\\/insektenliebe.com\\\/it\\\/\",\"name\":\"Insektenliebe\",\"description\":\"Dein Zuhause f\u00fcr die kleinen Lebewesen\",\"publisher\":{\"@id\":\"https:\\\/\\\/insektenliebe.com\\\/it\\\/#organization\"},\"potentialAction\":[{\"@type\":\"SearchAction\",\"target\":{\"@type\":\"EntryPoint\",\"urlTemplate\":\"https:\\\/\\\/insektenliebe.com\\\/it\\\/?s={search_term_string}\"},\"query-input\":{\"@type\":\"PropertyValueSpecification\",\"valueRequired\":true,\"valueName\":\"search_term_string\"}}],\"inLanguage\":\"it-IT\"},{\"@type\":\"Organization\",\"@id\":\"https:\\\/\\\/insektenliebe.com\\\/it\\\/#organization\",\"name\":\"Insektenliebe\",\"url\":\"https:\\\/\\\/insektenliebe.com\\\/it\\\/\",\"logo\":{\"@type\":\"ImageObject\",\"inLanguage\":\"it-IT\",\"@id\":\"https:\\\/\\\/insektenliebe.com\\\/it\\\/#\\\/schema\\\/logo\\\/image\\\/\",\"url\":\"https:\\\/\\\/insektenliebe.com\\\/wp-content\\\/uploads\\\/2025\\\/03\\\/logo-white.png\",\"contentUrl\":\"https:\\\/\\\/insektenliebe.com\\\/wp-content\\\/uploads\\\/2025\\\/03\\\/logo-white.png\",\"width\":288,\"height\":188,\"caption\":\"Insektenliebe\"},\"image\":{\"@id\":\"https:\\\/\\\/insektenliebe.com\\\/it\\\/#\\\/schema\\\/logo\\\/image\\\/\"}}]}<\/script>\n<!-- \/ Yoast SEO plugin. -->","yoast_head_json":{"title":"Box di allevamento \"Seladonia - Insektenliebe","description":"Scatola di allevamento da 175 ml per il tipo Phochlaena seladonia - con tappo in schiuma, muschio e corteccia di sughero con grotta. Adatta alla specie e pronta per l'uso immediato.","robots":{"index":"index","follow":"follow","max-snippet":"max-snippet:-1","max-image-preview":"max-image-preview:large","max-video-preview":"max-video-preview:-1"},"canonical":"https:\/\/insektenliebe.com\/it\/shop\/prodotto\/box-di-allevamento-seladonia\/","og_locale":"it_IT","og_type":"article","og_title":"Box di allevamento \"Seladonia - Insektenliebe","og_description":"Scatola di allevamento da 175 ml per il tipo Phochlaena seladonia - con tappo in schiuma, muschio e corteccia di sughero con grotta. Adatta alla specie e pronta per l'uso immediato.","og_url":"https:\/\/insektenliebe.com\/it\/shop\/prodotto\/box-di-allevamento-seladonia\/","og_site_name":"Insektenliebe","og_image":[{"width":820,"height":820,"url":"https:\/\/insektenliebe.com\/wp-content\/uploads\/2025\/08\/Aufzuchtdose-22Seladonia22-1.jpg","type":"image\/jpeg"}],"twitter_card":"summary_large_image","twitter_misc":{"Tempo di lettura stimato":"2 minuto"},"schema":{"@context":"https:\/\/schema.org","@graph":[{"@type":"WebPage","@id":"https:\/\/insektenliebe.com\/it\/shop\/prodotto\/box-di-allevamento-seladonia\/","url":"https:\/\/insektenliebe.com\/it\/shop\/prodotto\/box-di-allevamento-seladonia\/","name":"Box di allevamento \"Seladonia - Insektenliebe","isPartOf":{"@id":"https:\/\/insektenliebe.com\/it\/#website"},"primaryImageOfPage":{"@id":"https:\/\/insektenliebe.com\/it\/shop\/prodotto\/box-di-allevamento-seladonia\/#primaryimage"},"image":{"@id":"https:\/\/insektenliebe.com\/it\/shop\/prodotto\/box-di-allevamento-seladonia\/#primaryimage"},"thumbnailUrl":"https:\/\/insektenliebe.com\/wp-content\/uploads\/2025\/08\/Aufzuchtdose-22Seladonia22-1.jpg","datePublished":"2025-08-20T15:01:12+00:00","description":"Scatola di allevamento da 175 ml per il tipo Phochlaena seladonia - con tappo in schiuma, muschio e corteccia di sughero con grotta. Adatta alla specie e pronta per l'uso immediato.","breadcrumb":{"@id":"https:\/\/insektenliebe.com\/it\/shop\/prodotto\/box-di-allevamento-seladonia\/#breadcrumb"},"inLanguage":"it-IT","potentialAction":[{"@type":"ReadAction","target":["https:\/\/insektenliebe.com\/it\/shop\/prodotto\/box-di-allevamento-seladonia\/"]}]},{"@type":"ImageObject","inLanguage":"it-IT","@id":"https:\/\/insektenliebe.com\/it\/shop\/prodotto\/box-di-allevamento-seladonia\/#primaryimage","url":"https:\/\/insektenliebe.com\/wp-content\/uploads\/2025\/08\/Aufzuchtdose-22Seladonia22-1.jpg","contentUrl":"https:\/\/insektenliebe.com\/wp-content\/uploads\/2025\/08\/Aufzuchtdose-22Seladonia22-1.jpg","width":820,"height":820,"caption":"Box di allevamento \"Seladonia"},{"@type":"BreadcrumbList","@id":"https:\/\/insektenliebe.com\/it\/shop\/prodotto\/box-di-allevamento-seladonia\/#breadcrumb","itemListElement":[{"@type":"ListItem","position":1,"name":"Startseite","item":"https:\/\/insektenliebe.com\/it\/"},{"@type":"ListItem","position":2,"name":"Negozio","item":"https:\/\/insektenliebe.com\/it\/negozio\/"},{"@type":"ListItem","position":3,"name":"Box di allevamento &#8220;Seladonia"}]},{"@type":"WebSite","@id":"https:\/\/insektenliebe.com\/it\/#website","url":"https:\/\/insektenliebe.com\/it\/","name":"Insektenliebe","description":"Dein Zuhause f\u00fcr die kleinen Lebewesen","publisher":{"@id":"https:\/\/insektenliebe.com\/it\/#organization"},"potentialAction":[{"@type":"SearchAction","target":{"@type":"EntryPoint","urlTemplate":"https:\/\/insektenliebe.com\/it\/?s={search_term_string}"},"query-input":{"@type":"PropertyValueSpecification","valueRequired":true,"valueName":"search_term_string"}}],"inLanguage":"it-IT"},{"@type":"Organization","@id":"https:\/\/insektenliebe.com\/it\/#organization","name":"Insektenliebe","url":"https:\/\/insektenliebe.com\/it\/","logo":{"@type":"ImageObject","inLanguage":"it-IT","@id":"https:\/\/insektenliebe.com\/it\/#\/schema\/logo\/image\/","url":"https:\/\/insektenliebe.com\/wp-content\/uploads\/2025\/03\/logo-white.png","contentUrl":"https:\/\/insektenliebe.com\/wp-content\/uploads\/2025\/03\/logo-white.png","width":288,"height":188,"caption":"Insektenliebe"},"image":{"@id":"https:\/\/insektenliebe.com\/it\/#\/schema\/logo\/image\/"}}]}},"_links":{"self":[{"href":"https:\/\/insektenliebe.com\/it\/wp-json\/wp\/v2\/product\/187298","targetHints":{"allow":["GET"]}}],"collection":[{"href":"https:\/\/insektenliebe.com\/it\/wp-json\/wp\/v2\/product"}],"about":[{"href":"https:\/\/insektenliebe.com\/it\/wp-json\/wp\/v2\/types\/product"}],"wp:featuredmedia":[{"embeddable":true,"href":"https:\/\/insektenliebe.com\/it\/wp-json\/wp\/v2\/media\/187299"}],"wp:attachment":[{"href":"https:\/\/insektenliebe.com\/it\/wp-json\/wp\/v2\/media?parent=187298"}],"wp:term":[{"taxonomy":"product-supplier","embeddable":true,"href":"https:\/\/insektenliebe.com\/it\/wp-json\/wp\/v2\/product-supplier?post=187298"},{"taxonomy":"product_brand","embeddable":true,"href":"https:\/\/insektenliebe.com\/it\/wp-json\/wp\/v2\/product_brand?post=187298"},{"taxonomy":"product_cat","embeddable":true,"href":"https:\/\/insektenliebe.com\/it\/wp-json\/wp\/v2\/product_cat?post=187298"},{"taxonomy":"product_tag","embeddable":true,"href":"https:\/\/insektenliebe.com\/it\/wp-json\/wp\/v2\/product_tag?post=187298"},{"taxonomy":"lce-checkout-addons","embeddable":true,"href":"https:\/\/insektenliebe.com\/it\/wp-json\/wp\/v2\/lce-checkout-addons?post=187298"}],"curies":[{"name":"wp","href":"https:\/\/api.w.org\/{rel}","templated":true}]}}