{"id":187294,"date":"2025-08-22T16:32:00","date_gmt":"2025-08-22T14:32:00","guid":{"rendered":"https:\/\/insektenliebe.com\/shop\/produkt\/ciotola-per-bere-hobby-in-pietra-grigia\/"},"modified":"2026-03-03T18:16:02","modified_gmt":"2026-03-03T17:16:02","slug":"ciotola-per-bere-hobby-in-pietra-grigia","status":"publish","type":"product","link":"https:\/\/insektenliebe.com\/it\/shop\/prodotto\/ciotola-per-bere-hobby-in-pietra-grigia\/","title":{"rendered":"Ciotola per bere Hobby in pietra grigia"},"content":{"rendered":"<h3><span class=\"s1\" style=\"color: #99cc33;\">Ciotola in pietra grigia Hobby - la naturalezza incontra la funzionalit\u00e0<\/span><\/h3>\n<p class=\"p1\"><span class=\"s1\">Il <\/span><strong><span class=\"s2\">Hobby Ciotola da bere in pietra grigia<\/span><\/strong><span class=\"s1\">  combina un design realistico con un&#8217;elevata funzionalit\u00e0. \u00c8 la scelta ideale per gli appassionati di terrari che vogliono offrire ai loro animali un accessorio sicuro e visivamente accattivante. Grazie al suo aspetto realistico di pietra, la ciotola si integra perfettamente in qualsiasi design naturale. Crea un&#8217;atmosfera autentica che ricorda i paesaggi rocciosi o le steppe brulle.   <\/span><\/p>\n<p class=\"p1\"><span class=\"s1\">Questo abbeveratoio \u00e8 particolarmente indicato per rettili, anfibi e invertebrati. Non solo fornisce una fonte d&#8217;acqua affidabile, ma \u00e8 anche un elemento strutturale dall&#8217;aspetto naturale nell&#8217;habitat. Questo la rende un&#8217;aggiunta funzionale e decorativa al terrario.  <\/span><\/p>\n<p class=\"p1\"><span class=\"s1\">La finitura robusta garantisce inoltre una lunga durata. Allo stesso tempo, facilita la cura quotidiana. La ciotola \u00e8 realizzata in materiale atossico di alta qualit\u00e0 ed \u00e8 quindi completamente sicura per i tuoi animali domestici. Grazie alla sua struttura robusta, rimane saldamente in posizione. Anche gli animali che scavano o sono curiosi non possono rovesciarla facilmente.    <\/span><\/p>\n<p class=\"p1\"><span class=\"s1\">I bordi interni delicatamente arrotondati consentono un accesso sicuro all&#8217;acqua. Questo riduce notevolmente il rischio di lesioni. Inoltre, la superficie esterna leggermente strutturata offre agli abitanti pi\u00f9 piccoli una presa migliore. Gli invertebrati, in particolare, beneficiano di questo design ben studiato.   <\/span><\/p>\n<p class=\"p1\"><span class=\"s1\">Un altro vantaggio \u00e8 l&#8217;aspetto discreto e identico alla natura. A differenza di molte ciotole d&#8217;acqua dall&#8217;aspetto artificiale, la ciotola Grey Stone si integra armoniosamente in qualsiasi allestimento. Che si tratti di una foresta, di un deserto o di un terrario della steppa, l&#8217;aspetto \u00e8 sempre armonioso. Questo la rende non solo una fonte d&#8217;acqua, ma anche un elemento decorativo.   <\/span><\/p>\n<p class=\"p1\"><span class=\"s1\">Anche le specie pi\u00f9 piccole, come le tarantole o gli scorpioni, possono raggiungere l&#8217;acqua senza problemi. Anche le cocciniglie, i millepiedi e i tritoni possono utilizzare la ciotola. \u00c8 adatta anche come piatto per il cibo stabile, perch\u00e9 non si ammuffisce e non si rovescia.  <\/span><\/p>\n<p class=\"p1\"><span class=\"s1\">La pulizia \u00e8 facile e veloce. Grazie all&#8217;interno liscio, puoi semplicemente sciacquare la ciotola con acqua. In questo modo la ciotola rimane igienicamente pulita e favorisce la salute a lungo termine dei tuoi animali domestici.  <\/span><\/p>\n<p class=\"p1\"><span class=\"s1\">Il <\/span><strong><span class=\"s2\">Hobby Ciotola da bere in pietra grigia<\/span><\/strong><span class=\"s1\">  combina naturalezza, sicurezza e durata. \u00c8 quindi un accessorio indispensabile per tutti coloro che apprezzano un terrario adatto alle specie e visivamente armonioso. <\/span><\/p>\n","protected":false},"excerpt":{"rendered":"<p>Ciotola in pietra grigia Hobby - la naturalezza incontra la funzionalit\u00e0 Il Hobby Ciotola da bere in pietra grigia combina un design realistico con un&#8217;elevata funzionalit\u00e0. \u00c8 la scelta ideale per gli appassionati di terrari che vogliono offrire ai loro animali un accessorio sicuro e visivamente accattivante. Grazie al suo aspetto realistico di pietra, la [&hellip;]<\/p>\n","protected":false},"featured_media":187296,"template":"","meta":{"_acf_changed":false},"product-supplier":[2555],"product_brand":[2739],"product_cat":[2740],"product_tag":[],"lce-checkout-addons":[],"class_list":{"0":"post-187294","1":"product","2":"type-product","3":"status-publish","4":"has-post-thumbnail","6":"product_brand-hobby-terraristica","7":"product_cat-arredamento-e-decorazione","8":"product_shipping_class-equipment-shipping","10":"first","11":"instock","12":"sale","13":"taxable","14":"shipping-taxable","15":"purchasable","16":"product-type-simple"},"acf":[],"yoast_head":"<!-- This site is optimized with the Yoast SEO plugin v27.3 - https:\/\/yoast.com\/product\/yoast-seo-wordpress\/ -->\n<title>Ciotola per bere Hobby in pietra grigia - Insektenliebe<\/title>\n<meta name=\"description\" content=\"Hobby Terra Fan - ventilatore per terrari silenzioso con sensore e display. Fornisce aria fresca, previene l&#039;accumulo di calore e favorisce un clima sano.\" \/>\n<meta name=\"robots\" content=\"index, follow, max-snippet:-1, max-image-preview:large, max-video-preview:-1\" \/>\n<link rel=\"canonical\" href=\"https:\/\/insektenliebe.com\/it\/shop\/prodotto\/ciotola-per-bere-hobby-in-pietra-grigia\/\" \/>\n<meta property=\"og:locale\" content=\"it_IT\" \/>\n<meta property=\"og:type\" content=\"article\" \/>\n<meta property=\"og:title\" content=\"Ciotola per bere Hobby in pietra grigia - Insektenliebe\" \/>\n<meta property=\"og:description\" content=\"Hobby Terra Fan - ventilatore per terrari silenzioso con sensore e display. Fornisce aria fresca, previene l&#039;accumulo di calore e favorisce un clima sano.\" \/>\n<meta property=\"og:url\" content=\"https:\/\/insektenliebe.com\/it\/shop\/prodotto\/ciotola-per-bere-hobby-in-pietra-grigia\/\" \/>\n<meta property=\"og:site_name\" content=\"Insektenliebe\" \/>\n<meta property=\"article:modified_time\" content=\"2026-03-03T17:16:02+00:00\" \/>\n<meta property=\"og:image\" content=\"https:\/\/insektenliebe.com\/wp-content\/uploads\/2025\/08\/Hobby-Trinkschale-Grey-Stone.jpg\" \/>\n\t<meta property=\"og:image:width\" content=\"820\" \/>\n\t<meta property=\"og:image:height\" content=\"820\" \/>\n\t<meta property=\"og:image:type\" content=\"image\/jpeg\" \/>\n<meta name=\"twitter:card\" content=\"summary_large_image\" \/>\n<meta name=\"twitter:label1\" content=\"Tempo di lettura stimato\" \/>\n\t<meta name=\"twitter:data1\" content=\"2 minuto\" \/>\n<script type=\"application\/ld+json\" class=\"yoast-schema-graph\">{\"@context\":\"https:\\\/\\\/schema.org\",\"@graph\":[{\"@type\":\"WebPage\",\"@id\":\"https:\\\/\\\/insektenliebe.com\\\/it\\\/shop\\\/prodotto\\\/ciotola-per-bere-hobby-in-pietra-grigia\\\/\",\"url\":\"https:\\\/\\\/insektenliebe.com\\\/it\\\/shop\\\/prodotto\\\/ciotola-per-bere-hobby-in-pietra-grigia\\\/\",\"name\":\"Ciotola per bere Hobby in pietra grigia - Insektenliebe\",\"isPartOf\":{\"@id\":\"https:\\\/\\\/insektenliebe.com\\\/it\\\/#website\"},\"primaryImageOfPage\":{\"@id\":\"https:\\\/\\\/insektenliebe.com\\\/it\\\/shop\\\/prodotto\\\/ciotola-per-bere-hobby-in-pietra-grigia\\\/#primaryimage\"},\"image\":{\"@id\":\"https:\\\/\\\/insektenliebe.com\\\/it\\\/shop\\\/prodotto\\\/ciotola-per-bere-hobby-in-pietra-grigia\\\/#primaryimage\"},\"thumbnailUrl\":\"https:\\\/\\\/insektenliebe.com\\\/wp-content\\\/uploads\\\/2025\\\/08\\\/Hobby-Trinkschale-Grey-Stone.jpg\",\"datePublished\":\"2025-08-22T14:32:00+00:00\",\"dateModified\":\"2026-03-03T17:16:02+00:00\",\"description\":\"Hobby Terra Fan - ventilatore per terrari silenzioso con sensore e display. Fornisce aria fresca, previene l'accumulo di calore e favorisce un clima sano.\",\"breadcrumb\":{\"@id\":\"https:\\\/\\\/insektenliebe.com\\\/it\\\/shop\\\/prodotto\\\/ciotola-per-bere-hobby-in-pietra-grigia\\\/#breadcrumb\"},\"inLanguage\":\"it-IT\",\"potentialAction\":[{\"@type\":\"ReadAction\",\"target\":[\"https:\\\/\\\/insektenliebe.com\\\/it\\\/shop\\\/prodotto\\\/ciotola-per-bere-hobby-in-pietra-grigia\\\/\"]}]},{\"@type\":\"ImageObject\",\"inLanguage\":\"it-IT\",\"@id\":\"https:\\\/\\\/insektenliebe.com\\\/it\\\/shop\\\/prodotto\\\/ciotola-per-bere-hobby-in-pietra-grigia\\\/#primaryimage\",\"url\":\"https:\\\/\\\/insektenliebe.com\\\/wp-content\\\/uploads\\\/2025\\\/08\\\/Hobby-Trinkschale-Grey-Stone.jpg\",\"contentUrl\":\"https:\\\/\\\/insektenliebe.com\\\/wp-content\\\/uploads\\\/2025\\\/08\\\/Hobby-Trinkschale-Grey-Stone.jpg\",\"width\":820,\"height\":820,\"caption\":\"Ciotola per bere Hobby in pietra grigia\"},{\"@type\":\"BreadcrumbList\",\"@id\":\"https:\\\/\\\/insektenliebe.com\\\/it\\\/shop\\\/prodotto\\\/ciotola-per-bere-hobby-in-pietra-grigia\\\/#breadcrumb\",\"itemListElement\":[{\"@type\":\"ListItem\",\"position\":1,\"name\":\"Startseite\",\"item\":\"https:\\\/\\\/insektenliebe.com\\\/it\\\/\"},{\"@type\":\"ListItem\",\"position\":2,\"name\":\"Negozio\",\"item\":\"https:\\\/\\\/insektenliebe.com\\\/it\\\/negozio\\\/\"},{\"@type\":\"ListItem\",\"position\":3,\"name\":\"Ciotola per bere Hobby in pietra grigia\"}]},{\"@type\":\"WebSite\",\"@id\":\"https:\\\/\\\/insektenliebe.com\\\/it\\\/#website\",\"url\":\"https:\\\/\\\/insektenliebe.com\\\/it\\\/\",\"name\":\"Insektenliebe\",\"description\":\"Dein Zuhause f\u00fcr die kleinen Lebewesen\",\"publisher\":{\"@id\":\"https:\\\/\\\/insektenliebe.com\\\/it\\\/#organization\"},\"potentialAction\":[{\"@type\":\"SearchAction\",\"target\":{\"@type\":\"EntryPoint\",\"urlTemplate\":\"https:\\\/\\\/insektenliebe.com\\\/it\\\/?s={search_term_string}\"},\"query-input\":{\"@type\":\"PropertyValueSpecification\",\"valueRequired\":true,\"valueName\":\"search_term_string\"}}],\"inLanguage\":\"it-IT\"},{\"@type\":\"Organization\",\"@id\":\"https:\\\/\\\/insektenliebe.com\\\/it\\\/#organization\",\"name\":\"Insektenliebe\",\"url\":\"https:\\\/\\\/insektenliebe.com\\\/it\\\/\",\"logo\":{\"@type\":\"ImageObject\",\"inLanguage\":\"it-IT\",\"@id\":\"https:\\\/\\\/insektenliebe.com\\\/it\\\/#\\\/schema\\\/logo\\\/image\\\/\",\"url\":\"https:\\\/\\\/insektenliebe.com\\\/wp-content\\\/uploads\\\/2025\\\/03\\\/logo-white.png\",\"contentUrl\":\"https:\\\/\\\/insektenliebe.com\\\/wp-content\\\/uploads\\\/2025\\\/03\\\/logo-white.png\",\"width\":288,\"height\":188,\"caption\":\"Insektenliebe\"},\"image\":{\"@id\":\"https:\\\/\\\/insektenliebe.com\\\/it\\\/#\\\/schema\\\/logo\\\/image\\\/\"}}]}<\/script>\n<!-- \/ Yoast SEO plugin. -->","yoast_head_json":{"title":"Ciotola per bere Hobby in pietra grigia - Insektenliebe","description":"Hobby Terra Fan - ventilatore per terrari silenzioso con sensore e display. Fornisce aria fresca, previene l'accumulo di calore e favorisce un clima sano.","robots":{"index":"index","follow":"follow","max-snippet":"max-snippet:-1","max-image-preview":"max-image-preview:large","max-video-preview":"max-video-preview:-1"},"canonical":"https:\/\/insektenliebe.com\/it\/shop\/prodotto\/ciotola-per-bere-hobby-in-pietra-grigia\/","og_locale":"it_IT","og_type":"article","og_title":"Ciotola per bere Hobby in pietra grigia - Insektenliebe","og_description":"Hobby Terra Fan - ventilatore per terrari silenzioso con sensore e display. Fornisce aria fresca, previene l'accumulo di calore e favorisce un clima sano.","og_url":"https:\/\/insektenliebe.com\/it\/shop\/prodotto\/ciotola-per-bere-hobby-in-pietra-grigia\/","og_site_name":"Insektenliebe","article_modified_time":"2026-03-03T17:16:02+00:00","og_image":[{"width":820,"height":820,"url":"https:\/\/insektenliebe.com\/wp-content\/uploads\/2025\/08\/Hobby-Trinkschale-Grey-Stone.jpg","type":"image\/jpeg"}],"twitter_card":"summary_large_image","twitter_misc":{"Tempo di lettura stimato":"2 minuto"},"schema":{"@context":"https:\/\/schema.org","@graph":[{"@type":"WebPage","@id":"https:\/\/insektenliebe.com\/it\/shop\/prodotto\/ciotola-per-bere-hobby-in-pietra-grigia\/","url":"https:\/\/insektenliebe.com\/it\/shop\/prodotto\/ciotola-per-bere-hobby-in-pietra-grigia\/","name":"Ciotola per bere Hobby in pietra grigia - Insektenliebe","isPartOf":{"@id":"https:\/\/insektenliebe.com\/it\/#website"},"primaryImageOfPage":{"@id":"https:\/\/insektenliebe.com\/it\/shop\/prodotto\/ciotola-per-bere-hobby-in-pietra-grigia\/#primaryimage"},"image":{"@id":"https:\/\/insektenliebe.com\/it\/shop\/prodotto\/ciotola-per-bere-hobby-in-pietra-grigia\/#primaryimage"},"thumbnailUrl":"https:\/\/insektenliebe.com\/wp-content\/uploads\/2025\/08\/Hobby-Trinkschale-Grey-Stone.jpg","datePublished":"2025-08-22T14:32:00+00:00","dateModified":"2026-03-03T17:16:02+00:00","description":"Hobby Terra Fan - ventilatore per terrari silenzioso con sensore e display. Fornisce aria fresca, previene l'accumulo di calore e favorisce un clima sano.","breadcrumb":{"@id":"https:\/\/insektenliebe.com\/it\/shop\/prodotto\/ciotola-per-bere-hobby-in-pietra-grigia\/#breadcrumb"},"inLanguage":"it-IT","potentialAction":[{"@type":"ReadAction","target":["https:\/\/insektenliebe.com\/it\/shop\/prodotto\/ciotola-per-bere-hobby-in-pietra-grigia\/"]}]},{"@type":"ImageObject","inLanguage":"it-IT","@id":"https:\/\/insektenliebe.com\/it\/shop\/prodotto\/ciotola-per-bere-hobby-in-pietra-grigia\/#primaryimage","url":"https:\/\/insektenliebe.com\/wp-content\/uploads\/2025\/08\/Hobby-Trinkschale-Grey-Stone.jpg","contentUrl":"https:\/\/insektenliebe.com\/wp-content\/uploads\/2025\/08\/Hobby-Trinkschale-Grey-Stone.jpg","width":820,"height":820,"caption":"Ciotola per bere Hobby in pietra grigia"},{"@type":"BreadcrumbList","@id":"https:\/\/insektenliebe.com\/it\/shop\/prodotto\/ciotola-per-bere-hobby-in-pietra-grigia\/#breadcrumb","itemListElement":[{"@type":"ListItem","position":1,"name":"Startseite","item":"https:\/\/insektenliebe.com\/it\/"},{"@type":"ListItem","position":2,"name":"Negozio","item":"https:\/\/insektenliebe.com\/it\/negozio\/"},{"@type":"ListItem","position":3,"name":"Ciotola per bere Hobby in pietra grigia"}]},{"@type":"WebSite","@id":"https:\/\/insektenliebe.com\/it\/#website","url":"https:\/\/insektenliebe.com\/it\/","name":"Insektenliebe","description":"Dein Zuhause f\u00fcr die kleinen Lebewesen","publisher":{"@id":"https:\/\/insektenliebe.com\/it\/#organization"},"potentialAction":[{"@type":"SearchAction","target":{"@type":"EntryPoint","urlTemplate":"https:\/\/insektenliebe.com\/it\/?s={search_term_string}"},"query-input":{"@type":"PropertyValueSpecification","valueRequired":true,"valueName":"search_term_string"}}],"inLanguage":"it-IT"},{"@type":"Organization","@id":"https:\/\/insektenliebe.com\/it\/#organization","name":"Insektenliebe","url":"https:\/\/insektenliebe.com\/it\/","logo":{"@type":"ImageObject","inLanguage":"it-IT","@id":"https:\/\/insektenliebe.com\/it\/#\/schema\/logo\/image\/","url":"https:\/\/insektenliebe.com\/wp-content\/uploads\/2025\/03\/logo-white.png","contentUrl":"https:\/\/insektenliebe.com\/wp-content\/uploads\/2025\/03\/logo-white.png","width":288,"height":188,"caption":"Insektenliebe"},"image":{"@id":"https:\/\/insektenliebe.com\/it\/#\/schema\/logo\/image\/"}}]}},"_links":{"self":[{"href":"https:\/\/insektenliebe.com\/it\/wp-json\/wp\/v2\/product\/187294","targetHints":{"allow":["GET"]}}],"collection":[{"href":"https:\/\/insektenliebe.com\/it\/wp-json\/wp\/v2\/product"}],"about":[{"href":"https:\/\/insektenliebe.com\/it\/wp-json\/wp\/v2\/types\/product"}],"wp:featuredmedia":[{"embeddable":true,"href":"https:\/\/insektenliebe.com\/it\/wp-json\/wp\/v2\/media\/187296"}],"wp:attachment":[{"href":"https:\/\/insektenliebe.com\/it\/wp-json\/wp\/v2\/media?parent=187294"}],"wp:term":[{"taxonomy":"product-supplier","embeddable":true,"href":"https:\/\/insektenliebe.com\/it\/wp-json\/wp\/v2\/product-supplier?post=187294"},{"taxonomy":"product_brand","embeddable":true,"href":"https:\/\/insektenliebe.com\/it\/wp-json\/wp\/v2\/product_brand?post=187294"},{"taxonomy":"product_cat","embeddable":true,"href":"https:\/\/insektenliebe.com\/it\/wp-json\/wp\/v2\/product_cat?post=187294"},{"taxonomy":"product_tag","embeddable":true,"href":"https:\/\/insektenliebe.com\/it\/wp-json\/wp\/v2\/product_tag?post=187294"},{"taxonomy":"lce-checkout-addons","embeddable":true,"href":"https:\/\/insektenliebe.com\/it\/wp-json\/wp\/v2\/lce-checkout-addons?post=187294"}],"curies":[{"name":"wp","href":"https:\/\/api.w.org\/{rel}","templated":true}]}}