{"id":187293,"date":"2025-09-05T13:18:00","date_gmt":"2025-09-05T11:18:00","guid":{"rendered":"https:\/\/insektenliebe.com\/shop\/produkt\/neoregelia-atlantis\/"},"modified":"2025-09-05T13:18:00","modified_gmt":"2025-09-05T11:18:00","slug":"neoregelia-atlantis","status":"publish","type":"product","link":"https:\/\/insektenliebe.com\/it\/shop\/prodotto\/neoregelia-atlantis\/","title":{"rendered":"Neoregelia \"Atlantis"},"content":{"rendered":"<h3><span style=\"color: #99cc33\"><strong><span class=\"s1\">Neoregelia \"<\/span><span class=\"s1\">Atlantis <\/span><\/strong><\/span><span class=\"s1\" style=\"color: #99cc33\">Bromeliacea tropicale con accenti rossi per terrari caldi e umidi<\/span><\/h3>\n<p class=\"p1\"><span class=\"s1\">La <\/span><strong><span class=\"s2\">Neoregelia \"Atlantis<\/span><\/strong><span class=\"s1\">  \u00e8 un&#8217;imponente bromeliacea che si integra perfettamente nei terrari tropicali grazie alle sue foglie verde brillante e ai suoi accenti di colore rossastro. \u00c8 originaria delle regioni calde e umide del Sud America, dove cresce nelle foreste pluviali sugli alberi o vicino al terreno. Questa origine la rende una pianta particolarmente adatta alle condizioni climatiche umide e tropicali del terrario.  <\/span><\/p>\n<p class=\"p1\"><span class=\"s1\">Con la sua crescita a rosetta, forma un punto di raccolta naturale dell&#8217;acqua e contribuisce attivamente all&#8217;umidit\u00e0 del terrario. Per molti animali da terrario come rane, gechi o insetti, la pianta diventa un prezioso micro-habitat che offre allo stesso tempo nascondigli e punti di abbeveraggio. Grazie al suo fitto fogliame, la <strong><span class=\"s2\">Neoregelia \"Atlantis<\/span><\/strong>  <\/span><span class=\"s1\">  Inoltre, crea un&#8217;autentica atmosfera da giungla.<\/span><\/p>\n<p class=\"p1\"><span class=\"s1\">La pianta preferisce un <\/span><span class=\"s2\">intensit\u00e0 luminosa di 800-1.200 lumen<\/span><span class=\"s1\">  e si adatta particolarmente bene alla luce media e indiretta. La luce diretta del sole deve essere evitata perch\u00e9 potrebbe bruciare le foglie. L&#8217;umidit\u00e0 ottimale \u00e8    <\/span><span class=\"s2\">70-90 %<\/span><span class=\"s1\">Il che la rende perfetta per le configurazioni bioattive tropicali. Temperature comprese tra   <\/span><span class=\"s2\">22-28 \u00b0C<\/span><span class=\"s1\"> sono ideali, anche se la pianta pu\u00f2 tollerare anche lievi oscillazioni.<\/span><\/p>\n<p class=\"p1\"><span class=\"s1\">Con un&#8217;altezza di circa <\/span><span class=\"s2\">20-30 cm<\/span><span class=\"s1\"> la <strong><span class=\"s2\">Neoregelia \"Atlantis<\/span><\/strong><\/span><span class=\"s1\">  \u00c8 abbastanza compatta da poter essere utilizzata sia nei vivari pi\u00f9 grandi che nei terrari di medie dimensioni. \u00c8 ideale per essere piantata sulle pareti posteriori, ma pu\u00f2 anche essere posizionata su un ramo. <\/span><\/p>\n<p class=\"p1\"><span class=\"s1\">Se vuoi dare al tuo terrario un accento naturale e colorato, la <strong><span class=\"s2\">Neoregelia \"Atlantis\"<\/span><\/strong><\/span><span class=\"s1\">  una scelta ideale. Combina una robusta adattabilit\u00e0 con un aspetto esotico e contribuisce attivamente al benessere degli animali. <\/span><\/p>\n","protected":false},"excerpt":{"rendered":"<p>Neoregelia \"Atlantis Bromeliacea tropicale con accenti rossi per terrari caldi e umidi La Neoregelia \"Atlantis \u00e8 un&#8217;imponente bromeliacea che si integra perfettamente nei terrari tropicali grazie alle sue foglie verde brillante e ai suoi accenti di colore rossastro. \u00c8 originaria delle regioni calde e umide del Sud America, dove cresce nelle foreste pluviali sugli alberi [&hellip;]<\/p>\n","protected":false},"featured_media":187295,"template":"","meta":{"_acf_changed":false},"product-supplier":[2685],"product_brand":[],"product_cat":[3181],"product_tag":[],"lce-checkout-addons":[2746],"class_list":{"0":"post-187293","1":"product","2":"type-product","3":"status-publish","4":"has-post-thumbnail","6":"product_cat-piante-da-terrario","7":"product_shipping_class-equipment-shipping","8":"pa_herkunft-brasile","9":"lce-checkout-addons-imballaggio-invernale","11":"first","12":"instock","13":"taxable","14":"shipping-taxable","15":"purchasable","16":"product-type-simple"},"acf":[],"yoast_head":"<!-- This site is optimized with the Yoast SEO plugin v27.3 - https:\/\/yoast.com\/product\/yoast-seo-wordpress\/ -->\n<title>Neoregelia &quot;Atlantis - Insektenliebe<\/title>\n<meta name=\"description\" content=\"La Neoregelia &quot;Atlantis&quot; \u00e8 una bromeliade tropicale con accenti rossi, robusta, compatta e ideale per terrari caldi e umidi.\" \/>\n<meta name=\"robots\" content=\"index, follow, max-snippet:-1, max-image-preview:large, max-video-preview:-1\" \/>\n<link rel=\"canonical\" href=\"https:\/\/insektenliebe.com\/it\/shop\/prodotto\/neoregelia-atlantis\/\" \/>\n<meta property=\"og:locale\" content=\"it_IT\" \/>\n<meta property=\"og:type\" content=\"article\" \/>\n<meta property=\"og:title\" content=\"Neoregelia &quot;Atlantis - Insektenliebe\" \/>\n<meta property=\"og:description\" content=\"La Neoregelia &quot;Atlantis&quot; \u00e8 una bromeliade tropicale con accenti rossi, robusta, compatta e ideale per terrari caldi e umidi.\" \/>\n<meta property=\"og:url\" content=\"https:\/\/insektenliebe.com\/it\/shop\/prodotto\/neoregelia-atlantis\/\" \/>\n<meta property=\"og:site_name\" content=\"Insektenliebe\" \/>\n<meta property=\"og:image\" content=\"https:\/\/insektenliebe.com\/wp-content\/uploads\/2025\/09\/Neoregelia-22Atlantis22.jpg\" \/>\n\t<meta property=\"og:image:width\" content=\"820\" \/>\n\t<meta property=\"og:image:height\" content=\"820\" \/>\n\t<meta property=\"og:image:type\" content=\"image\/jpeg\" \/>\n<meta name=\"twitter:card\" content=\"summary_large_image\" \/>\n<meta name=\"twitter:label1\" content=\"Tempo di lettura stimato\" \/>\n\t<meta name=\"twitter:data1\" content=\"1 minuto\" \/>\n<script type=\"application\/ld+json\" class=\"yoast-schema-graph\">{\"@context\":\"https:\\\/\\\/schema.org\",\"@graph\":[{\"@type\":\"WebPage\",\"@id\":\"https:\\\/\\\/insektenliebe.com\\\/it\\\/shop\\\/prodotto\\\/neoregelia-atlantis\\\/\",\"url\":\"https:\\\/\\\/insektenliebe.com\\\/it\\\/shop\\\/prodotto\\\/neoregelia-atlantis\\\/\",\"name\":\"Neoregelia \\\"Atlantis - Insektenliebe\",\"isPartOf\":{\"@id\":\"https:\\\/\\\/insektenliebe.com\\\/it\\\/#website\"},\"primaryImageOfPage\":{\"@id\":\"https:\\\/\\\/insektenliebe.com\\\/it\\\/shop\\\/prodotto\\\/neoregelia-atlantis\\\/#primaryimage\"},\"image\":{\"@id\":\"https:\\\/\\\/insektenliebe.com\\\/it\\\/shop\\\/prodotto\\\/neoregelia-atlantis\\\/#primaryimage\"},\"thumbnailUrl\":\"https:\\\/\\\/insektenliebe.com\\\/wp-content\\\/uploads\\\/2025\\\/09\\\/Neoregelia-22Atlantis22.jpg\",\"datePublished\":\"2025-09-05T11:18:00+00:00\",\"description\":\"La Neoregelia \\\"Atlantis\\\" \u00e8 una bromeliade tropicale con accenti rossi, robusta, compatta e ideale per terrari caldi e umidi.\",\"breadcrumb\":{\"@id\":\"https:\\\/\\\/insektenliebe.com\\\/it\\\/shop\\\/prodotto\\\/neoregelia-atlantis\\\/#breadcrumb\"},\"inLanguage\":\"it-IT\",\"potentialAction\":[{\"@type\":\"ReadAction\",\"target\":[\"https:\\\/\\\/insektenliebe.com\\\/it\\\/shop\\\/prodotto\\\/neoregelia-atlantis\\\/\"]}]},{\"@type\":\"ImageObject\",\"inLanguage\":\"it-IT\",\"@id\":\"https:\\\/\\\/insektenliebe.com\\\/it\\\/shop\\\/prodotto\\\/neoregelia-atlantis\\\/#primaryimage\",\"url\":\"https:\\\/\\\/insektenliebe.com\\\/wp-content\\\/uploads\\\/2025\\\/09\\\/Neoregelia-22Atlantis22.jpg\",\"contentUrl\":\"https:\\\/\\\/insektenliebe.com\\\/wp-content\\\/uploads\\\/2025\\\/09\\\/Neoregelia-22Atlantis22.jpg\",\"width\":820,\"height\":820,\"caption\":\"Neoregelia \\\"Atlantis\"},{\"@type\":\"BreadcrumbList\",\"@id\":\"https:\\\/\\\/insektenliebe.com\\\/it\\\/shop\\\/prodotto\\\/neoregelia-atlantis\\\/#breadcrumb\",\"itemListElement\":[{\"@type\":\"ListItem\",\"position\":1,\"name\":\"Startseite\",\"item\":\"https:\\\/\\\/insektenliebe.com\\\/it\\\/\"},{\"@type\":\"ListItem\",\"position\":2,\"name\":\"Negozio\",\"item\":\"https:\\\/\\\/insektenliebe.com\\\/it\\\/negozio\\\/\"},{\"@type\":\"ListItem\",\"position\":3,\"name\":\"Neoregelia &#8220;Atlantis\"}]},{\"@type\":\"WebSite\",\"@id\":\"https:\\\/\\\/insektenliebe.com\\\/it\\\/#website\",\"url\":\"https:\\\/\\\/insektenliebe.com\\\/it\\\/\",\"name\":\"Insektenliebe\",\"description\":\"Dein Zuhause f\u00fcr die kleinen Lebewesen\",\"publisher\":{\"@id\":\"https:\\\/\\\/insektenliebe.com\\\/it\\\/#organization\"},\"potentialAction\":[{\"@type\":\"SearchAction\",\"target\":{\"@type\":\"EntryPoint\",\"urlTemplate\":\"https:\\\/\\\/insektenliebe.com\\\/it\\\/?s={search_term_string}\"},\"query-input\":{\"@type\":\"PropertyValueSpecification\",\"valueRequired\":true,\"valueName\":\"search_term_string\"}}],\"inLanguage\":\"it-IT\"},{\"@type\":\"Organization\",\"@id\":\"https:\\\/\\\/insektenliebe.com\\\/it\\\/#organization\",\"name\":\"Insektenliebe\",\"url\":\"https:\\\/\\\/insektenliebe.com\\\/it\\\/\",\"logo\":{\"@type\":\"ImageObject\",\"inLanguage\":\"it-IT\",\"@id\":\"https:\\\/\\\/insektenliebe.com\\\/it\\\/#\\\/schema\\\/logo\\\/image\\\/\",\"url\":\"https:\\\/\\\/insektenliebe.com\\\/wp-content\\\/uploads\\\/2025\\\/03\\\/logo-white.png\",\"contentUrl\":\"https:\\\/\\\/insektenliebe.com\\\/wp-content\\\/uploads\\\/2025\\\/03\\\/logo-white.png\",\"width\":288,\"height\":188,\"caption\":\"Insektenliebe\"},\"image\":{\"@id\":\"https:\\\/\\\/insektenliebe.com\\\/it\\\/#\\\/schema\\\/logo\\\/image\\\/\"}}]}<\/script>\n<!-- \/ Yoast SEO plugin. -->","yoast_head_json":{"title":"Neoregelia \"Atlantis - Insektenliebe","description":"La Neoregelia \"Atlantis\" \u00e8 una bromeliade tropicale con accenti rossi, robusta, compatta e ideale per terrari caldi e umidi.","robots":{"index":"index","follow":"follow","max-snippet":"max-snippet:-1","max-image-preview":"max-image-preview:large","max-video-preview":"max-video-preview:-1"},"canonical":"https:\/\/insektenliebe.com\/it\/shop\/prodotto\/neoregelia-atlantis\/","og_locale":"it_IT","og_type":"article","og_title":"Neoregelia \"Atlantis - Insektenliebe","og_description":"La Neoregelia \"Atlantis\" \u00e8 una bromeliade tropicale con accenti rossi, robusta, compatta e ideale per terrari caldi e umidi.","og_url":"https:\/\/insektenliebe.com\/it\/shop\/prodotto\/neoregelia-atlantis\/","og_site_name":"Insektenliebe","og_image":[{"width":820,"height":820,"url":"https:\/\/insektenliebe.com\/wp-content\/uploads\/2025\/09\/Neoregelia-22Atlantis22.jpg","type":"image\/jpeg"}],"twitter_card":"summary_large_image","twitter_misc":{"Tempo di lettura stimato":"1 minuto"},"schema":{"@context":"https:\/\/schema.org","@graph":[{"@type":"WebPage","@id":"https:\/\/insektenliebe.com\/it\/shop\/prodotto\/neoregelia-atlantis\/","url":"https:\/\/insektenliebe.com\/it\/shop\/prodotto\/neoregelia-atlantis\/","name":"Neoregelia \"Atlantis - Insektenliebe","isPartOf":{"@id":"https:\/\/insektenliebe.com\/it\/#website"},"primaryImageOfPage":{"@id":"https:\/\/insektenliebe.com\/it\/shop\/prodotto\/neoregelia-atlantis\/#primaryimage"},"image":{"@id":"https:\/\/insektenliebe.com\/it\/shop\/prodotto\/neoregelia-atlantis\/#primaryimage"},"thumbnailUrl":"https:\/\/insektenliebe.com\/wp-content\/uploads\/2025\/09\/Neoregelia-22Atlantis22.jpg","datePublished":"2025-09-05T11:18:00+00:00","description":"La Neoregelia \"Atlantis\" \u00e8 una bromeliade tropicale con accenti rossi, robusta, compatta e ideale per terrari caldi e umidi.","breadcrumb":{"@id":"https:\/\/insektenliebe.com\/it\/shop\/prodotto\/neoregelia-atlantis\/#breadcrumb"},"inLanguage":"it-IT","potentialAction":[{"@type":"ReadAction","target":["https:\/\/insektenliebe.com\/it\/shop\/prodotto\/neoregelia-atlantis\/"]}]},{"@type":"ImageObject","inLanguage":"it-IT","@id":"https:\/\/insektenliebe.com\/it\/shop\/prodotto\/neoregelia-atlantis\/#primaryimage","url":"https:\/\/insektenliebe.com\/wp-content\/uploads\/2025\/09\/Neoregelia-22Atlantis22.jpg","contentUrl":"https:\/\/insektenliebe.com\/wp-content\/uploads\/2025\/09\/Neoregelia-22Atlantis22.jpg","width":820,"height":820,"caption":"Neoregelia \"Atlantis"},{"@type":"BreadcrumbList","@id":"https:\/\/insektenliebe.com\/it\/shop\/prodotto\/neoregelia-atlantis\/#breadcrumb","itemListElement":[{"@type":"ListItem","position":1,"name":"Startseite","item":"https:\/\/insektenliebe.com\/it\/"},{"@type":"ListItem","position":2,"name":"Negozio","item":"https:\/\/insektenliebe.com\/it\/negozio\/"},{"@type":"ListItem","position":3,"name":"Neoregelia &#8220;Atlantis"}]},{"@type":"WebSite","@id":"https:\/\/insektenliebe.com\/it\/#website","url":"https:\/\/insektenliebe.com\/it\/","name":"Insektenliebe","description":"Dein Zuhause f\u00fcr die kleinen Lebewesen","publisher":{"@id":"https:\/\/insektenliebe.com\/it\/#organization"},"potentialAction":[{"@type":"SearchAction","target":{"@type":"EntryPoint","urlTemplate":"https:\/\/insektenliebe.com\/it\/?s={search_term_string}"},"query-input":{"@type":"PropertyValueSpecification","valueRequired":true,"valueName":"search_term_string"}}],"inLanguage":"it-IT"},{"@type":"Organization","@id":"https:\/\/insektenliebe.com\/it\/#organization","name":"Insektenliebe","url":"https:\/\/insektenliebe.com\/it\/","logo":{"@type":"ImageObject","inLanguage":"it-IT","@id":"https:\/\/insektenliebe.com\/it\/#\/schema\/logo\/image\/","url":"https:\/\/insektenliebe.com\/wp-content\/uploads\/2025\/03\/logo-white.png","contentUrl":"https:\/\/insektenliebe.com\/wp-content\/uploads\/2025\/03\/logo-white.png","width":288,"height":188,"caption":"Insektenliebe"},"image":{"@id":"https:\/\/insektenliebe.com\/it\/#\/schema\/logo\/image\/"}}]}},"_links":{"self":[{"href":"https:\/\/insektenliebe.com\/it\/wp-json\/wp\/v2\/product\/187293","targetHints":{"allow":["GET"]}}],"collection":[{"href":"https:\/\/insektenliebe.com\/it\/wp-json\/wp\/v2\/product"}],"about":[{"href":"https:\/\/insektenliebe.com\/it\/wp-json\/wp\/v2\/types\/product"}],"wp:featuredmedia":[{"embeddable":true,"href":"https:\/\/insektenliebe.com\/it\/wp-json\/wp\/v2\/media\/187295"}],"wp:attachment":[{"href":"https:\/\/insektenliebe.com\/it\/wp-json\/wp\/v2\/media?parent=187293"}],"wp:term":[{"taxonomy":"product-supplier","embeddable":true,"href":"https:\/\/insektenliebe.com\/it\/wp-json\/wp\/v2\/product-supplier?post=187293"},{"taxonomy":"product_brand","embeddable":true,"href":"https:\/\/insektenliebe.com\/it\/wp-json\/wp\/v2\/product_brand?post=187293"},{"taxonomy":"product_cat","embeddable":true,"href":"https:\/\/insektenliebe.com\/it\/wp-json\/wp\/v2\/product_cat?post=187293"},{"taxonomy":"product_tag","embeddable":true,"href":"https:\/\/insektenliebe.com\/it\/wp-json\/wp\/v2\/product_tag?post=187293"},{"taxonomy":"lce-checkout-addons","embeddable":true,"href":"https:\/\/insektenliebe.com\/it\/wp-json\/wp\/v2\/lce-checkout-addons?post=187293"}],"curies":[{"name":"wp","href":"https:\/\/api.w.org\/{rel}","templated":true}]}}