{"id":187290,"date":"2024-08-22T16:57:00","date_gmt":"2024-08-22T14:57:00","guid":{"rendered":"https:\/\/insektenliebe.com\/shop\/produkt\/giungla-compatta-uv-hobby\/"},"modified":"2026-03-03T18:45:46","modified_gmt":"2026-03-03T17:45:46","slug":"giungla-compatta-uv-hobby","status":"publish","type":"product","link":"https:\/\/insektenliebe.com\/it\/shop\/prodotto\/giungla-compatta-uv-hobby\/","title":{"rendered":"Giungla compatta UV Hobby"},"content":{"rendered":"<h3><span style=\"color: #99cc33;\"><strong><span class=\"s1\">Hobby UV Compact Jungle - alimentazione UV-B ottimale per rettili tropicali<\/span><\/strong><\/span><\/h3>\n<p class=\"p1\"><span class=\"s1\">Il <\/span><strong><span class=\"s2\">Giungla compatta Hobby UV<\/span><\/strong><span class=\"s1\">  \u00e8 stato sviluppato appositamente per gli animali da terrario tropicali che amano il sole. Mentre le specie del deserto richiedono livelli di raggi UV particolarmente elevati, le specie tropicali sono adattate alla luce solare filtrata, che viene attenuata dalle chiome delle foglie e dall&#8217;elevata umidit\u00e0. Proprio per questo motivo, questa lampada compatta fornisce una radiazione UV-B del 4% regolata in modo ottimale.  <\/span><\/p>\n<p class=\"p1\"><span class=\"s1\">Questo rilascio mirato di UV-B favorisce la sintesi naturale della vitamina D3. La vitamina D3 \u00e8 essenziale per il funzionamento del metabolismo del calcio. La lampada rafforza quindi la struttura ossea, i muscoli e il sistema immunitario dei tuoi animali. Allo stesso tempo, previene attivamente i sintomi di carenza.   <\/span><\/p>\n<p class=\"p1\"><span class=\"s1\">Con una temperatura di colore di 6.500 Kelvin, la lampada produce uno spettro luminoso simile alla luce del giorno. Questa luce si avvicina molto alla luce solare naturale delle regioni tropicali. Questo non solo favorisce il benessere dei tuoi animali, ma stimola anche il loro comportamento naturale. Le fasi di attivit\u00e0, l&#8217;assunzione di cibo e il comportamento sociale traggono vantaggio da un ambiente luminoso stabile.   <\/span><\/p>\n<p class=\"p1\"><span class=\"s1\">Grazie a un indice di resa cromatica di 83 Ra, i colori appaiono particolarmente chiari e realistici. Le piante appaiono pi\u00f9 forti, gli animali mostrano toni di colore pi\u00f9 intensi e l&#8217;intero terrario diventa pi\u00f9 vivace. Con 540 lumen, la lampada garantisce anche un&#8217;illuminazione uniforme senza abbagliare.  <\/span><\/p>\n<p class=\"p1\"><span class=\"s1\">Nonostante la sua potenza, UV Compact Jungle \u00e8 efficiente dal punto di vista energetico. Con un consumo di 23 watt all&#8217;ora, il suo funzionamento rimane economico. Calcolato su 1.000 ore, richiede solo 23 kWh. Questo lo rende ideale per un uso prolungato nei terrari tropicali.   <\/span><\/p>\n<p class=\"p1\"><span class=\"s1\">L&#8217;installazione \u00e8 semplice, utilizzando una presa standard E27. Non \u00e8 necessario un alimentatore aggiuntivo. Questo ti permette di integrare la lampada in modo semplice e veloce nei sistemi di illuminazione esistenti.  <\/span><\/p>\n<p class=\"p1\"><span class=\"s1\">L&#8217;<strong>Hobby UV Compact Jungle<\/strong> \u00e8 particolarmente adatto per anole, gechi diurni, camaleonti, piccole iguane e molte specie di rane tropicali. In combinazione con una lampada termica, si crea un clima luminoso adatto alla specie che simula le aree naturali in cui prendono il sole nella foresta pluviale. <\/span><\/p>\n<p class=\"p1\"><span class=\"s1\">Con il <\/span><strong><span class=\"s2\">Hobby UV Compact Jungle<\/span><\/strong><span class=\"s1\"> puoi creare condizioni UV stabili, favorire la salute a lungo termine dei tuoi animali e portare l&#8217;autentica luce del giorno tropicale nel tuo terrario.<\/span><\/p>\n","protected":false},"excerpt":{"rendered":"<p>Hobby UV Compact Jungle - alimentazione UV-B ottimale per rettili tropicali Il Giungla compatta Hobby UV \u00e8 stato sviluppato appositamente per gli animali da terrario tropicali che amano il sole. Mentre le specie del deserto richiedono livelli di raggi UV particolarmente elevati, le specie tropicali sono adattate alla luce solare filtrata, che viene attenuata dalle [&hellip;]<\/p>\n","protected":false},"featured_media":187292,"template":"","meta":{"_acf_changed":false},"product-supplier":[2555],"product_brand":[2739],"product_cat":[2741],"product_tag":[],"lce-checkout-addons":[],"class_list":{"0":"post-187290","1":"product","2":"type-product","3":"status-publish","4":"has-post-thumbnail","6":"product_brand-hobby-terraristica","7":"product_cat-illuminazione-e-clima","8":"product_shipping_class-equipment-shipping","10":"first","11":"instock","12":"sale","13":"taxable","14":"shipping-taxable","15":"purchasable","16":"product-type-simple"},"acf":[],"yoast_head":"<!-- This site is optimized with the Yoast SEO plugin v27.3 - https:\/\/yoast.com\/product\/yoast-seo-wordpress\/ -->\n<title>Giungla compatta UV Hobby - Insektenliebe<\/title>\n<meta name=\"description\" content=\"Hobby UV Compact Jungle - Lampada UV-B da 23W per rettili tropicali. 6.500K, 540 lm, resa cromatica realistica ed efficienza energetica.\" \/>\n<meta name=\"robots\" content=\"index, follow, max-snippet:-1, max-image-preview:large, max-video-preview:-1\" \/>\n<link rel=\"canonical\" href=\"https:\/\/insektenliebe.com\/it\/shop\/prodotto\/giungla-compatta-uv-hobby\/\" \/>\n<meta property=\"og:locale\" content=\"it_IT\" \/>\n<meta property=\"og:type\" content=\"article\" \/>\n<meta property=\"og:title\" content=\"Giungla compatta UV Hobby - Insektenliebe\" \/>\n<meta property=\"og:description\" content=\"Hobby UV Compact Jungle - Lampada UV-B da 23W per rettili tropicali. 6.500K, 540 lm, resa cromatica realistica ed efficienza energetica.\" \/>\n<meta property=\"og:url\" content=\"https:\/\/insektenliebe.com\/it\/shop\/prodotto\/giungla-compatta-uv-hobby\/\" \/>\n<meta property=\"og:site_name\" content=\"Insektenliebe\" \/>\n<meta property=\"article:modified_time\" content=\"2026-03-03T17:45:46+00:00\" \/>\n<meta property=\"og:image\" content=\"https:\/\/insektenliebe.com\/wp-content\/uploads\/2025\/08\/Hobby-UV-Compact-Jungle.jpg\" \/>\n\t<meta property=\"og:image:width\" content=\"820\" \/>\n\t<meta property=\"og:image:height\" content=\"820\" \/>\n\t<meta property=\"og:image:type\" content=\"image\/jpeg\" \/>\n<meta name=\"twitter:card\" content=\"summary_large_image\" \/>\n<meta name=\"twitter:label1\" content=\"Tempo di lettura stimato\" \/>\n\t<meta name=\"twitter:data1\" content=\"2 minuto\" \/>\n<script type=\"application\/ld+json\" class=\"yoast-schema-graph\">{\"@context\":\"https:\\\/\\\/schema.org\",\"@graph\":[{\"@type\":\"WebPage\",\"@id\":\"https:\\\/\\\/insektenliebe.com\\\/it\\\/shop\\\/prodotto\\\/giungla-compatta-uv-hobby\\\/\",\"url\":\"https:\\\/\\\/insektenliebe.com\\\/it\\\/shop\\\/prodotto\\\/giungla-compatta-uv-hobby\\\/\",\"name\":\"Giungla compatta UV Hobby - Insektenliebe\",\"isPartOf\":{\"@id\":\"https:\\\/\\\/insektenliebe.com\\\/it\\\/#website\"},\"primaryImageOfPage\":{\"@id\":\"https:\\\/\\\/insektenliebe.com\\\/it\\\/shop\\\/prodotto\\\/giungla-compatta-uv-hobby\\\/#primaryimage\"},\"image\":{\"@id\":\"https:\\\/\\\/insektenliebe.com\\\/it\\\/shop\\\/prodotto\\\/giungla-compatta-uv-hobby\\\/#primaryimage\"},\"thumbnailUrl\":\"https:\\\/\\\/insektenliebe.com\\\/wp-content\\\/uploads\\\/2025\\\/08\\\/Hobby-UV-Compact-Jungle.jpg\",\"datePublished\":\"2024-08-22T14:57:00+00:00\",\"dateModified\":\"2026-03-03T17:45:46+00:00\",\"description\":\"Hobby UV Compact Jungle - Lampada UV-B da 23W per rettili tropicali. 6.500K, 540 lm, resa cromatica realistica ed efficienza energetica.\",\"breadcrumb\":{\"@id\":\"https:\\\/\\\/insektenliebe.com\\\/it\\\/shop\\\/prodotto\\\/giungla-compatta-uv-hobby\\\/#breadcrumb\"},\"inLanguage\":\"it-IT\",\"potentialAction\":[{\"@type\":\"ReadAction\",\"target\":[\"https:\\\/\\\/insektenliebe.com\\\/it\\\/shop\\\/prodotto\\\/giungla-compatta-uv-hobby\\\/\"]}]},{\"@type\":\"ImageObject\",\"inLanguage\":\"it-IT\",\"@id\":\"https:\\\/\\\/insektenliebe.com\\\/it\\\/shop\\\/prodotto\\\/giungla-compatta-uv-hobby\\\/#primaryimage\",\"url\":\"https:\\\/\\\/insektenliebe.com\\\/wp-content\\\/uploads\\\/2025\\\/08\\\/Hobby-UV-Compact-Jungle.jpg\",\"contentUrl\":\"https:\\\/\\\/insektenliebe.com\\\/wp-content\\\/uploads\\\/2025\\\/08\\\/Hobby-UV-Compact-Jungle.jpg\",\"width\":820,\"height\":820,\"caption\":\"Giungla compatta UV Hobby\"},{\"@type\":\"BreadcrumbList\",\"@id\":\"https:\\\/\\\/insektenliebe.com\\\/it\\\/shop\\\/prodotto\\\/giungla-compatta-uv-hobby\\\/#breadcrumb\",\"itemListElement\":[{\"@type\":\"ListItem\",\"position\":1,\"name\":\"Startseite\",\"item\":\"https:\\\/\\\/insektenliebe.com\\\/it\\\/\"},{\"@type\":\"ListItem\",\"position\":2,\"name\":\"Negozio\",\"item\":\"https:\\\/\\\/insektenliebe.com\\\/it\\\/negozio\\\/\"},{\"@type\":\"ListItem\",\"position\":3,\"name\":\"Giungla compatta UV Hobby\"}]},{\"@type\":\"WebSite\",\"@id\":\"https:\\\/\\\/insektenliebe.com\\\/it\\\/#website\",\"url\":\"https:\\\/\\\/insektenliebe.com\\\/it\\\/\",\"name\":\"Insektenliebe\",\"description\":\"Dein Zuhause f\u00fcr die kleinen Lebewesen\",\"publisher\":{\"@id\":\"https:\\\/\\\/insektenliebe.com\\\/it\\\/#organization\"},\"potentialAction\":[{\"@type\":\"SearchAction\",\"target\":{\"@type\":\"EntryPoint\",\"urlTemplate\":\"https:\\\/\\\/insektenliebe.com\\\/it\\\/?s={search_term_string}\"},\"query-input\":{\"@type\":\"PropertyValueSpecification\",\"valueRequired\":true,\"valueName\":\"search_term_string\"}}],\"inLanguage\":\"it-IT\"},{\"@type\":\"Organization\",\"@id\":\"https:\\\/\\\/insektenliebe.com\\\/it\\\/#organization\",\"name\":\"Insektenliebe\",\"url\":\"https:\\\/\\\/insektenliebe.com\\\/it\\\/\",\"logo\":{\"@type\":\"ImageObject\",\"inLanguage\":\"it-IT\",\"@id\":\"https:\\\/\\\/insektenliebe.com\\\/it\\\/#\\\/schema\\\/logo\\\/image\\\/\",\"url\":\"https:\\\/\\\/insektenliebe.com\\\/wp-content\\\/uploads\\\/2025\\\/03\\\/logo-white.png\",\"contentUrl\":\"https:\\\/\\\/insektenliebe.com\\\/wp-content\\\/uploads\\\/2025\\\/03\\\/logo-white.png\",\"width\":288,\"height\":188,\"caption\":\"Insektenliebe\"},\"image\":{\"@id\":\"https:\\\/\\\/insektenliebe.com\\\/it\\\/#\\\/schema\\\/logo\\\/image\\\/\"}}]}<\/script>\n<!-- \/ Yoast SEO plugin. -->","yoast_head_json":{"title":"Giungla compatta UV Hobby - Insektenliebe","description":"Hobby UV Compact Jungle - Lampada UV-B da 23W per rettili tropicali. 6.500K, 540 lm, resa cromatica realistica ed efficienza energetica.","robots":{"index":"index","follow":"follow","max-snippet":"max-snippet:-1","max-image-preview":"max-image-preview:large","max-video-preview":"max-video-preview:-1"},"canonical":"https:\/\/insektenliebe.com\/it\/shop\/prodotto\/giungla-compatta-uv-hobby\/","og_locale":"it_IT","og_type":"article","og_title":"Giungla compatta UV Hobby - Insektenliebe","og_description":"Hobby UV Compact Jungle - Lampada UV-B da 23W per rettili tropicali. 6.500K, 540 lm, resa cromatica realistica ed efficienza energetica.","og_url":"https:\/\/insektenliebe.com\/it\/shop\/prodotto\/giungla-compatta-uv-hobby\/","og_site_name":"Insektenliebe","article_modified_time":"2026-03-03T17:45:46+00:00","og_image":[{"width":820,"height":820,"url":"https:\/\/insektenliebe.com\/wp-content\/uploads\/2025\/08\/Hobby-UV-Compact-Jungle.jpg","type":"image\/jpeg"}],"twitter_card":"summary_large_image","twitter_misc":{"Tempo di lettura stimato":"2 minuto"},"schema":{"@context":"https:\/\/schema.org","@graph":[{"@type":"WebPage","@id":"https:\/\/insektenliebe.com\/it\/shop\/prodotto\/giungla-compatta-uv-hobby\/","url":"https:\/\/insektenliebe.com\/it\/shop\/prodotto\/giungla-compatta-uv-hobby\/","name":"Giungla compatta UV Hobby - Insektenliebe","isPartOf":{"@id":"https:\/\/insektenliebe.com\/it\/#website"},"primaryImageOfPage":{"@id":"https:\/\/insektenliebe.com\/it\/shop\/prodotto\/giungla-compatta-uv-hobby\/#primaryimage"},"image":{"@id":"https:\/\/insektenliebe.com\/it\/shop\/prodotto\/giungla-compatta-uv-hobby\/#primaryimage"},"thumbnailUrl":"https:\/\/insektenliebe.com\/wp-content\/uploads\/2025\/08\/Hobby-UV-Compact-Jungle.jpg","datePublished":"2024-08-22T14:57:00+00:00","dateModified":"2026-03-03T17:45:46+00:00","description":"Hobby UV Compact Jungle - Lampada UV-B da 23W per rettili tropicali. 6.500K, 540 lm, resa cromatica realistica ed efficienza energetica.","breadcrumb":{"@id":"https:\/\/insektenliebe.com\/it\/shop\/prodotto\/giungla-compatta-uv-hobby\/#breadcrumb"},"inLanguage":"it-IT","potentialAction":[{"@type":"ReadAction","target":["https:\/\/insektenliebe.com\/it\/shop\/prodotto\/giungla-compatta-uv-hobby\/"]}]},{"@type":"ImageObject","inLanguage":"it-IT","@id":"https:\/\/insektenliebe.com\/it\/shop\/prodotto\/giungla-compatta-uv-hobby\/#primaryimage","url":"https:\/\/insektenliebe.com\/wp-content\/uploads\/2025\/08\/Hobby-UV-Compact-Jungle.jpg","contentUrl":"https:\/\/insektenliebe.com\/wp-content\/uploads\/2025\/08\/Hobby-UV-Compact-Jungle.jpg","width":820,"height":820,"caption":"Giungla compatta UV Hobby"},{"@type":"BreadcrumbList","@id":"https:\/\/insektenliebe.com\/it\/shop\/prodotto\/giungla-compatta-uv-hobby\/#breadcrumb","itemListElement":[{"@type":"ListItem","position":1,"name":"Startseite","item":"https:\/\/insektenliebe.com\/it\/"},{"@type":"ListItem","position":2,"name":"Negozio","item":"https:\/\/insektenliebe.com\/it\/negozio\/"},{"@type":"ListItem","position":3,"name":"Giungla compatta UV Hobby"}]},{"@type":"WebSite","@id":"https:\/\/insektenliebe.com\/it\/#website","url":"https:\/\/insektenliebe.com\/it\/","name":"Insektenliebe","description":"Dein Zuhause f\u00fcr die kleinen Lebewesen","publisher":{"@id":"https:\/\/insektenliebe.com\/it\/#organization"},"potentialAction":[{"@type":"SearchAction","target":{"@type":"EntryPoint","urlTemplate":"https:\/\/insektenliebe.com\/it\/?s={search_term_string}"},"query-input":{"@type":"PropertyValueSpecification","valueRequired":true,"valueName":"search_term_string"}}],"inLanguage":"it-IT"},{"@type":"Organization","@id":"https:\/\/insektenliebe.com\/it\/#organization","name":"Insektenliebe","url":"https:\/\/insektenliebe.com\/it\/","logo":{"@type":"ImageObject","inLanguage":"it-IT","@id":"https:\/\/insektenliebe.com\/it\/#\/schema\/logo\/image\/","url":"https:\/\/insektenliebe.com\/wp-content\/uploads\/2025\/03\/logo-white.png","contentUrl":"https:\/\/insektenliebe.com\/wp-content\/uploads\/2025\/03\/logo-white.png","width":288,"height":188,"caption":"Insektenliebe"},"image":{"@id":"https:\/\/insektenliebe.com\/it\/#\/schema\/logo\/image\/"}}]}},"_links":{"self":[{"href":"https:\/\/insektenliebe.com\/it\/wp-json\/wp\/v2\/product\/187290","targetHints":{"allow":["GET"]}}],"collection":[{"href":"https:\/\/insektenliebe.com\/it\/wp-json\/wp\/v2\/product"}],"about":[{"href":"https:\/\/insektenliebe.com\/it\/wp-json\/wp\/v2\/types\/product"}],"wp:featuredmedia":[{"embeddable":true,"href":"https:\/\/insektenliebe.com\/it\/wp-json\/wp\/v2\/media\/187292"}],"wp:attachment":[{"href":"https:\/\/insektenliebe.com\/it\/wp-json\/wp\/v2\/media?parent=187290"}],"wp:term":[{"taxonomy":"product-supplier","embeddable":true,"href":"https:\/\/insektenliebe.com\/it\/wp-json\/wp\/v2\/product-supplier?post=187290"},{"taxonomy":"product_brand","embeddable":true,"href":"https:\/\/insektenliebe.com\/it\/wp-json\/wp\/v2\/product_brand?post=187290"},{"taxonomy":"product_cat","embeddable":true,"href":"https:\/\/insektenliebe.com\/it\/wp-json\/wp\/v2\/product_cat?post=187290"},{"taxonomy":"product_tag","embeddable":true,"href":"https:\/\/insektenliebe.com\/it\/wp-json\/wp\/v2\/product_tag?post=187290"},{"taxonomy":"lce-checkout-addons","embeddable":true,"href":"https:\/\/insektenliebe.com\/it\/wp-json\/wp\/v2\/lce-checkout-addons?post=187290"}],"curies":[{"name":"wp","href":"https:\/\/api.w.org\/{rel}","templated":true}]}}