{"id":187289,"date":"2025-09-05T14:06:00","date_gmt":"2025-09-05T12:06:00","guid":{"rendered":"https:\/\/insektenliebe.com\/shop\/produkt\/fittonia-albivenis-mini-white\/"},"modified":"2025-09-05T14:06:00","modified_gmt":"2025-09-05T12:06:00","slug":"fittonia-albivenis-mini-white","status":"publish","type":"product","link":"https:\/\/insektenliebe.com\/it\/shop\/prodotto\/fittonia-albivenis-mini-white\/","title":{"rendered":"Fittonia albivenis \"Mini White"},"content":{"rendered":"<h3 class=\"p1\"><span style=\"color: #99cc33\"><b>Fittonia albivenis \"Mini White\" - una bellezza delicata per i terrari<\/b><\/span><\/h3>\n<p class=\"p1\"><span class=\"s1\">La <\/span><strong><span class=\"s2\">Fittonia albivenis \"Mini White\"<\/span><\/strong><span class=\"s1\">conosciuta anche come \"pianta nervosa\", \u00e8 una delle piante da terrario pi\u00f9 popolari, in quanto conferisce un&#8217;eleganza senza pari a qualsiasi progetto grazie alle sue foglie ad alto contrasto. Le foglie verdi e rigogliose sono attraversate da sottili venature bianche che creano un motivo artistico. Questa pianta offre un tocco di freschezza soprattutto nel terrario, in quanto pu\u00f2 essere utilizzata sia come copertura del terreno che come richiamo visivo tra radici e pietre.  <\/span><\/p>\n<p class=\"p1\"><span class=\"s1\">La Fittonia \u00e8 originaria delle foreste pluviali calde e umide del Sud America, dove cresce sotto le fitte chiome degli alberi. Qui trae beneficio dall&#8217;elevata umidit\u00e0 e dalla luce indiretta. Anche nel terrario si trova a suo agio proprio in queste condizioni:    <\/span><span class=\"s2\">un&#8217;umidit\u00e0 del 70-90%<\/span><span class=\"s1\">  e temperature di circa 22-27 \u00b0C offrono le condizioni ideali. La luce diretta e forte deve essere evitata perch\u00e9 pu\u00f2 bruciare le foglie sensibili. \u00c8 invece sufficiente un&#8217;illuminazione moderata - l&#8217;optimum \u00e8    <\/span><span class=\"s2\">800-1.200 lumen per litro di superficie<\/span><span class=\"s1\">.<\/span><\/p>\n<p class=\"p1\"><span class=\"s1\">Con il suo portamento compatto, la \"Mini White\" raggiunge solitamente un&#8217;altezza di <\/span><span class=\"s2\">5-10 cm<\/span><span class=\"s1\">Per questo motivo \u00e8 ideale per i terrari pi\u00f9 piccoli, ad esempio per i ragni saltatori o le mantidi. Grazie alla sua crescita fitta, offre anche nascondigli e rifugi per gli animali pi\u00f9 piccoli del terrario. Il substrato deve essere sciolto, leggermente umido e ricco di humus, ma bisogna evitare i ristagni d&#8217;acqua.  <\/span><\/p>\n<p class=\"p1\"><span class=\"s1\">La Fittonia \"Mini White\" non si distingue solo per il suo effetto decorativo, ma anche per la sua facilit\u00e0 di cura. Una nebulizzazione regolare fornisce l&#8217;umidit\u00e0 necessaria, mentre una temperatura costante favorisce la crescita. \u00c8 particolarmente bella in combinazione con muschio, felci o bromelie pi\u00f9 piccole.  <\/span><\/p>\n<p class=\"p1\"><span class=\"s1\">Con la sua struttura a filigrana e il disegno delle foglie di colore chiaro, la <strong><span class=\"s2\">Fittonia albivenis \"Mini White\"<\/span><\/strong> conferisce a ogni terrario un aspetto vivace e allo stesso tempo elegante: un must per tutti coloro che apprezzano un habitat naturale e armonioso.<\/span><\/p>\n","protected":false},"excerpt":{"rendered":"<p>Fittonia albivenis \"Mini White\" - una bellezza delicata per i terrari La Fittonia albivenis \"Mini White\"conosciuta anche come \"pianta nervosa\", \u00e8 una delle piante da terrario pi\u00f9 popolari, in quanto conferisce un&#8217;eleganza senza pari a qualsiasi progetto grazie alle sue foglie ad alto contrasto. Le foglie verdi e rigogliose sono attraversate da sottili venature bianche [&hellip;]<\/p>\n","protected":false},"featured_media":187291,"template":"","meta":{"_acf_changed":false},"product-supplier":[2685],"product_brand":[],"product_cat":[3181],"product_tag":[],"lce-checkout-addons":[2746],"class_list":{"0":"post-187289","1":"product","2":"type-product","3":"status-publish","4":"has-post-thumbnail","6":"product_cat-piante-da-terrario","7":"product_shipping_class-equipment-shipping","8":"pa_herkunft-colombia","9":"lce-checkout-addons-imballaggio-invernale","11":"first","12":"instock","13":"taxable","14":"shipping-taxable","15":"purchasable","16":"product-type-simple"},"acf":[],"yoast_head":"<!-- This site is optimized with the Yoast SEO plugin v27.3 - https:\/\/yoast.com\/product\/yoast-seo-wordpress\/ -->\n<title>Fittonia albivenis &quot;Mini White - Insektenliebe<\/title>\n<meta name=\"description\" content=\"Fittonia albivenis &quot;Mini White&quot; - pianta da terrario compatta con foglie delicate e venate di bianco. Ideale per terrari caldi e con un alto tasso di umidit\u00e0.\" \/>\n<meta name=\"robots\" content=\"index, follow, max-snippet:-1, max-image-preview:large, max-video-preview:-1\" \/>\n<link rel=\"canonical\" href=\"https:\/\/insektenliebe.com\/it\/shop\/prodotto\/fittonia-albivenis-mini-white\/\" \/>\n<meta property=\"og:locale\" content=\"it_IT\" \/>\n<meta property=\"og:type\" content=\"article\" \/>\n<meta property=\"og:title\" content=\"Fittonia albivenis &quot;Mini White - Insektenliebe\" \/>\n<meta property=\"og:description\" content=\"Fittonia albivenis &quot;Mini White&quot; - pianta da terrario compatta con foglie delicate e venate di bianco. Ideale per terrari caldi e con un alto tasso di umidit\u00e0.\" \/>\n<meta property=\"og:url\" content=\"https:\/\/insektenliebe.com\/it\/shop\/prodotto\/fittonia-albivenis-mini-white\/\" \/>\n<meta property=\"og:site_name\" content=\"Insektenliebe\" \/>\n<meta property=\"og:image\" content=\"https:\/\/insektenliebe.com\/wp-content\/uploads\/2025\/09\/Fittonia-albivenis-22Mini-White22.jpg\" \/>\n\t<meta property=\"og:image:width\" content=\"820\" \/>\n\t<meta property=\"og:image:height\" content=\"820\" \/>\n\t<meta property=\"og:image:type\" content=\"image\/jpeg\" \/>\n<meta name=\"twitter:card\" content=\"summary_large_image\" \/>\n<meta name=\"twitter:label1\" content=\"Tempo di lettura stimato\" \/>\n\t<meta name=\"twitter:data1\" content=\"2 minuto\" \/>\n<script type=\"application\/ld+json\" class=\"yoast-schema-graph\">{\"@context\":\"https:\\\/\\\/schema.org\",\"@graph\":[{\"@type\":\"WebPage\",\"@id\":\"https:\\\/\\\/insektenliebe.com\\\/it\\\/shop\\\/prodotto\\\/fittonia-albivenis-mini-white\\\/\",\"url\":\"https:\\\/\\\/insektenliebe.com\\\/it\\\/shop\\\/prodotto\\\/fittonia-albivenis-mini-white\\\/\",\"name\":\"Fittonia albivenis \\\"Mini White - Insektenliebe\",\"isPartOf\":{\"@id\":\"https:\\\/\\\/insektenliebe.com\\\/it\\\/#website\"},\"primaryImageOfPage\":{\"@id\":\"https:\\\/\\\/insektenliebe.com\\\/it\\\/shop\\\/prodotto\\\/fittonia-albivenis-mini-white\\\/#primaryimage\"},\"image\":{\"@id\":\"https:\\\/\\\/insektenliebe.com\\\/it\\\/shop\\\/prodotto\\\/fittonia-albivenis-mini-white\\\/#primaryimage\"},\"thumbnailUrl\":\"https:\\\/\\\/insektenliebe.com\\\/wp-content\\\/uploads\\\/2025\\\/09\\\/Fittonia-albivenis-22Mini-White22.jpg\",\"datePublished\":\"2025-09-05T12:06:00+00:00\",\"description\":\"Fittonia albivenis \\\"Mini White\\\" - pianta da terrario compatta con foglie delicate e venate di bianco. Ideale per terrari caldi e con un alto tasso di umidit\u00e0.\",\"breadcrumb\":{\"@id\":\"https:\\\/\\\/insektenliebe.com\\\/it\\\/shop\\\/prodotto\\\/fittonia-albivenis-mini-white\\\/#breadcrumb\"},\"inLanguage\":\"it-IT\",\"potentialAction\":[{\"@type\":\"ReadAction\",\"target\":[\"https:\\\/\\\/insektenliebe.com\\\/it\\\/shop\\\/prodotto\\\/fittonia-albivenis-mini-white\\\/\"]}]},{\"@type\":\"ImageObject\",\"inLanguage\":\"it-IT\",\"@id\":\"https:\\\/\\\/insektenliebe.com\\\/it\\\/shop\\\/prodotto\\\/fittonia-albivenis-mini-white\\\/#primaryimage\",\"url\":\"https:\\\/\\\/insektenliebe.com\\\/wp-content\\\/uploads\\\/2025\\\/09\\\/Fittonia-albivenis-22Mini-White22.jpg\",\"contentUrl\":\"https:\\\/\\\/insektenliebe.com\\\/wp-content\\\/uploads\\\/2025\\\/09\\\/Fittonia-albivenis-22Mini-White22.jpg\",\"width\":820,\"height\":820,\"caption\":\"Fittonia albivenis \\\"Mini White\"},{\"@type\":\"BreadcrumbList\",\"@id\":\"https:\\\/\\\/insektenliebe.com\\\/it\\\/shop\\\/prodotto\\\/fittonia-albivenis-mini-white\\\/#breadcrumb\",\"itemListElement\":[{\"@type\":\"ListItem\",\"position\":1,\"name\":\"Startseite\",\"item\":\"https:\\\/\\\/insektenliebe.com\\\/it\\\/\"},{\"@type\":\"ListItem\",\"position\":2,\"name\":\"Negozio\",\"item\":\"https:\\\/\\\/insektenliebe.com\\\/it\\\/negozio\\\/\"},{\"@type\":\"ListItem\",\"position\":3,\"name\":\"Fittonia albivenis &#8220;Mini White\"}]},{\"@type\":\"WebSite\",\"@id\":\"https:\\\/\\\/insektenliebe.com\\\/it\\\/#website\",\"url\":\"https:\\\/\\\/insektenliebe.com\\\/it\\\/\",\"name\":\"Insektenliebe\",\"description\":\"Dein Zuhause f\u00fcr die kleinen Lebewesen\",\"publisher\":{\"@id\":\"https:\\\/\\\/insektenliebe.com\\\/it\\\/#organization\"},\"potentialAction\":[{\"@type\":\"SearchAction\",\"target\":{\"@type\":\"EntryPoint\",\"urlTemplate\":\"https:\\\/\\\/insektenliebe.com\\\/it\\\/?s={search_term_string}\"},\"query-input\":{\"@type\":\"PropertyValueSpecification\",\"valueRequired\":true,\"valueName\":\"search_term_string\"}}],\"inLanguage\":\"it-IT\"},{\"@type\":\"Organization\",\"@id\":\"https:\\\/\\\/insektenliebe.com\\\/it\\\/#organization\",\"name\":\"Insektenliebe\",\"url\":\"https:\\\/\\\/insektenliebe.com\\\/it\\\/\",\"logo\":{\"@type\":\"ImageObject\",\"inLanguage\":\"it-IT\",\"@id\":\"https:\\\/\\\/insektenliebe.com\\\/it\\\/#\\\/schema\\\/logo\\\/image\\\/\",\"url\":\"https:\\\/\\\/insektenliebe.com\\\/wp-content\\\/uploads\\\/2025\\\/03\\\/logo-white.png\",\"contentUrl\":\"https:\\\/\\\/insektenliebe.com\\\/wp-content\\\/uploads\\\/2025\\\/03\\\/logo-white.png\",\"width\":288,\"height\":188,\"caption\":\"Insektenliebe\"},\"image\":{\"@id\":\"https:\\\/\\\/insektenliebe.com\\\/it\\\/#\\\/schema\\\/logo\\\/image\\\/\"}}]}<\/script>\n<!-- \/ Yoast SEO plugin. -->","yoast_head_json":{"title":"Fittonia albivenis \"Mini White - Insektenliebe","description":"Fittonia albivenis \"Mini White\" - pianta da terrario compatta con foglie delicate e venate di bianco. Ideale per terrari caldi e con un alto tasso di umidit\u00e0.","robots":{"index":"index","follow":"follow","max-snippet":"max-snippet:-1","max-image-preview":"max-image-preview:large","max-video-preview":"max-video-preview:-1"},"canonical":"https:\/\/insektenliebe.com\/it\/shop\/prodotto\/fittonia-albivenis-mini-white\/","og_locale":"it_IT","og_type":"article","og_title":"Fittonia albivenis \"Mini White - Insektenliebe","og_description":"Fittonia albivenis \"Mini White\" - pianta da terrario compatta con foglie delicate e venate di bianco. Ideale per terrari caldi e con un alto tasso di umidit\u00e0.","og_url":"https:\/\/insektenliebe.com\/it\/shop\/prodotto\/fittonia-albivenis-mini-white\/","og_site_name":"Insektenliebe","og_image":[{"width":820,"height":820,"url":"https:\/\/insektenliebe.com\/wp-content\/uploads\/2025\/09\/Fittonia-albivenis-22Mini-White22.jpg","type":"image\/jpeg"}],"twitter_card":"summary_large_image","twitter_misc":{"Tempo di lettura stimato":"2 minuto"},"schema":{"@context":"https:\/\/schema.org","@graph":[{"@type":"WebPage","@id":"https:\/\/insektenliebe.com\/it\/shop\/prodotto\/fittonia-albivenis-mini-white\/","url":"https:\/\/insektenliebe.com\/it\/shop\/prodotto\/fittonia-albivenis-mini-white\/","name":"Fittonia albivenis \"Mini White - Insektenliebe","isPartOf":{"@id":"https:\/\/insektenliebe.com\/it\/#website"},"primaryImageOfPage":{"@id":"https:\/\/insektenliebe.com\/it\/shop\/prodotto\/fittonia-albivenis-mini-white\/#primaryimage"},"image":{"@id":"https:\/\/insektenliebe.com\/it\/shop\/prodotto\/fittonia-albivenis-mini-white\/#primaryimage"},"thumbnailUrl":"https:\/\/insektenliebe.com\/wp-content\/uploads\/2025\/09\/Fittonia-albivenis-22Mini-White22.jpg","datePublished":"2025-09-05T12:06:00+00:00","description":"Fittonia albivenis \"Mini White\" - pianta da terrario compatta con foglie delicate e venate di bianco. Ideale per terrari caldi e con un alto tasso di umidit\u00e0.","breadcrumb":{"@id":"https:\/\/insektenliebe.com\/it\/shop\/prodotto\/fittonia-albivenis-mini-white\/#breadcrumb"},"inLanguage":"it-IT","potentialAction":[{"@type":"ReadAction","target":["https:\/\/insektenliebe.com\/it\/shop\/prodotto\/fittonia-albivenis-mini-white\/"]}]},{"@type":"ImageObject","inLanguage":"it-IT","@id":"https:\/\/insektenliebe.com\/it\/shop\/prodotto\/fittonia-albivenis-mini-white\/#primaryimage","url":"https:\/\/insektenliebe.com\/wp-content\/uploads\/2025\/09\/Fittonia-albivenis-22Mini-White22.jpg","contentUrl":"https:\/\/insektenliebe.com\/wp-content\/uploads\/2025\/09\/Fittonia-albivenis-22Mini-White22.jpg","width":820,"height":820,"caption":"Fittonia albivenis \"Mini White"},{"@type":"BreadcrumbList","@id":"https:\/\/insektenliebe.com\/it\/shop\/prodotto\/fittonia-albivenis-mini-white\/#breadcrumb","itemListElement":[{"@type":"ListItem","position":1,"name":"Startseite","item":"https:\/\/insektenliebe.com\/it\/"},{"@type":"ListItem","position":2,"name":"Negozio","item":"https:\/\/insektenliebe.com\/it\/negozio\/"},{"@type":"ListItem","position":3,"name":"Fittonia albivenis &#8220;Mini White"}]},{"@type":"WebSite","@id":"https:\/\/insektenliebe.com\/it\/#website","url":"https:\/\/insektenliebe.com\/it\/","name":"Insektenliebe","description":"Dein Zuhause f\u00fcr die kleinen Lebewesen","publisher":{"@id":"https:\/\/insektenliebe.com\/it\/#organization"},"potentialAction":[{"@type":"SearchAction","target":{"@type":"EntryPoint","urlTemplate":"https:\/\/insektenliebe.com\/it\/?s={search_term_string}"},"query-input":{"@type":"PropertyValueSpecification","valueRequired":true,"valueName":"search_term_string"}}],"inLanguage":"it-IT"},{"@type":"Organization","@id":"https:\/\/insektenliebe.com\/it\/#organization","name":"Insektenliebe","url":"https:\/\/insektenliebe.com\/it\/","logo":{"@type":"ImageObject","inLanguage":"it-IT","@id":"https:\/\/insektenliebe.com\/it\/#\/schema\/logo\/image\/","url":"https:\/\/insektenliebe.com\/wp-content\/uploads\/2025\/03\/logo-white.png","contentUrl":"https:\/\/insektenliebe.com\/wp-content\/uploads\/2025\/03\/logo-white.png","width":288,"height":188,"caption":"Insektenliebe"},"image":{"@id":"https:\/\/insektenliebe.com\/it\/#\/schema\/logo\/image\/"}}]}},"_links":{"self":[{"href":"https:\/\/insektenliebe.com\/it\/wp-json\/wp\/v2\/product\/187289","targetHints":{"allow":["GET"]}}],"collection":[{"href":"https:\/\/insektenliebe.com\/it\/wp-json\/wp\/v2\/product"}],"about":[{"href":"https:\/\/insektenliebe.com\/it\/wp-json\/wp\/v2\/types\/product"}],"wp:featuredmedia":[{"embeddable":true,"href":"https:\/\/insektenliebe.com\/it\/wp-json\/wp\/v2\/media\/187291"}],"wp:attachment":[{"href":"https:\/\/insektenliebe.com\/it\/wp-json\/wp\/v2\/media?parent=187289"}],"wp:term":[{"taxonomy":"product-supplier","embeddable":true,"href":"https:\/\/insektenliebe.com\/it\/wp-json\/wp\/v2\/product-supplier?post=187289"},{"taxonomy":"product_brand","embeddable":true,"href":"https:\/\/insektenliebe.com\/it\/wp-json\/wp\/v2\/product_brand?post=187289"},{"taxonomy":"product_cat","embeddable":true,"href":"https:\/\/insektenliebe.com\/it\/wp-json\/wp\/v2\/product_cat?post=187289"},{"taxonomy":"product_tag","embeddable":true,"href":"https:\/\/insektenliebe.com\/it\/wp-json\/wp\/v2\/product_tag?post=187289"},{"taxonomy":"lce-checkout-addons","embeddable":true,"href":"https:\/\/insektenliebe.com\/it\/wp-json\/wp\/v2\/lce-checkout-addons?post=187289"}],"curies":[{"name":"wp","href":"https:\/\/api.w.org\/{rel}","templated":true}]}}