{"id":187286,"date":"2024-08-22T17:31:08","date_gmt":"2024-08-22T15:31:08","guid":{"rendered":"https:\/\/insektenliebe.com\/shop\/produkt\/hobby-uv-compatto-deserto\/"},"modified":"2026-03-03T18:43:14","modified_gmt":"2026-03-03T17:43:14","slug":"hobby-uv-compatto-deserto","status":"publish","type":"product","link":"https:\/\/insektenliebe.com\/it\/shop\/prodotto\/hobby-uv-compatto-deserto\/","title":{"rendered":"Hobby UV Compatto Deserto"},"content":{"rendered":"<h3><span style=\"color: #99cc33;\"><strong><span class=\"s1\">Hobby UV Compact Desert - un&#8217;alimentazione UV-B affidabile per gli amanti del sole<\/span><\/strong><\/span><\/h3>\n<p class=\"p1\"><span class=\"s1\">Il <\/span><strong><span class=\"s2\">Hobby UV Compatto Deserto<\/span><\/strong><span class=\"s1\">  \u00e8 stato sviluppato appositamente per i rettili che vivono in habitat secchi e soleggiati. Le specie provenienti da regioni desertiche e semidesertiche necessitano di una luce UV intensa, poich\u00e9 nel loro ambiente naturale sono esposte ogni giorno a una forte luce solare. \u00c8 proprio qui che entra in gioco questa potente lampada compatta.  <\/span><\/p>\n<p class=\"p1\"><span class=\"s1\">Con un contenuto di UV-B dell&#8217;8%, supporta in modo affidabile la produzione di vitamina D3 da parte dell&#8217;organismo. Questa vitamina \u00e8 fondamentale per il funzionamento del metabolismo del calcio. Il giusto apporto di raggi UV previene quindi l&#8217;ammorbidimento delle ossa e rafforza la stabilit\u00e0 dello scheletro a lungo termine. Allo stesso tempo, la luce favorisce la vitalit\u00e0 e il naturale livello di attivit\u00e0 dei tuoi animali.   <\/span><\/p>\n<p class=\"p1\"><span class=\"s1\">Grazie a 23 watt di potenza e a una temperatura di colore di 6.500 Kelvin, la lampada produce uno spettro luminoso simile alla luce del giorno. Questa luce \u00e8 simile alla luce naturale del sole negli habitat secchi. Inoltre, l&#8217;indice di resa cromatica di 83 Ra fa s\u00ec che i colori nel terrario appaiano chiari e realistici. Questo ha un effetto positivo sul comportamento dei tuoi rettili, che sono molto pi\u00f9 consapevoli di ci\u00f2 che li circonda.   <\/span><\/p>\n<p class=\"p1\"><span class=\"s1\">Con una luminosit\u00e0 di 540 lumen, la lampada fornisce un&#8217;illuminazione uniforme. In questo modo non si creano zone d&#8217;ombra, ma un&#8217;immagine luminosa armoniosa. Allo stesso tempo, la lampada \u00e8 efficiente dal punto di vista energetico e consuma solo 23 kWh per 1.000 ore. Ci\u00f2 significa che puoi beneficiare di una soluzione economica e duratura.   <\/span><\/p>\n<p class=\"p1\"><span class=\"s1\">L&#8217;installazione \u00e8 particolarmente semplice. \u00c8 sufficiente avvitare la lampada compatta in una presa standard E27. Non \u00e8 necessario un alimentatore aggiuntivo. Questo rende la lampada ideale per i sistemi di illuminazione esistenti.   <\/span><\/p>\n<p class=\"p1\"><span class=\"s1\">L&#8217;<strong>Hobby UV Compact Desert<\/strong> \u00e8 particolarmente indicato per i draghi barbuti, gli Uromastyx, gli agami, i draghi con la coda a spillo o gli skink del deserto. In combinazione con una lampada termica, crea un&#8217;area di crogiolamento adatta alla specie che simula in modo ottimale i siti di crogiolamento naturali. <\/span><\/p>\n<p class=\"p1\"><span class=\"s1\">Con il <\/span><strong><span class=\"s2\">Hobby UV Compact Desert<\/span><\/strong><span class=\"s1\"> puoi creare condizioni UV stabili, promuovere la salute e l&#8217;attivit\u00e0 dei tuoi animali e portare l&#8217;autentica luce del deserto nel tuo terrario.<\/span><\/p>\n","protected":false},"excerpt":{"rendered":"<p>Hobby UV Compact Desert - un&#8217;alimentazione UV-B affidabile per gli amanti del sole Il Hobby UV Compatto Deserto \u00e8 stato sviluppato appositamente per i rettili che vivono in habitat secchi e soleggiati. Le specie provenienti da regioni desertiche e semidesertiche necessitano di una luce UV intensa, poich\u00e9 nel loro ambiente naturale sono esposte ogni giorno [&hellip;]<\/p>\n","protected":false},"featured_media":187288,"template":"","meta":{"_acf_changed":false},"product-supplier":[2555],"product_brand":[2739],"product_cat":[2741],"product_tag":[],"lce-checkout-addons":[],"class_list":{"0":"post-187286","1":"product","2":"type-product","3":"status-publish","4":"has-post-thumbnail","6":"product_brand-hobby-terraristica","7":"product_cat-illuminazione-e-clima","8":"product_shipping_class-equipment-shipping","10":"first","11":"instock","12":"sale","13":"taxable","14":"shipping-taxable","15":"purchasable","16":"product-type-simple"},"acf":[],"yoast_head":"<!-- This site is optimized with the Yoast SEO plugin v27.3 - https:\/\/yoast.com\/product\/yoast-seo-wordpress\/ -->\n<title>Hobby UV Compatto Deserto - Insektenliebe<\/title>\n<meta name=\"description\" content=\"Hobby UV Compact Desert 23W - Lampada UV-B all&#039;8% per rettili del deserto. Luce naturale, efficiente dal punto di vista energetico e salutare.\" \/>\n<meta name=\"robots\" content=\"index, follow, max-snippet:-1, max-image-preview:large, max-video-preview:-1\" \/>\n<link rel=\"canonical\" href=\"https:\/\/insektenliebe.com\/it\/shop\/prodotto\/hobby-uv-compatto-deserto\/\" \/>\n<meta property=\"og:locale\" content=\"it_IT\" \/>\n<meta property=\"og:type\" content=\"article\" \/>\n<meta property=\"og:title\" content=\"Hobby UV Compatto Deserto - Insektenliebe\" \/>\n<meta property=\"og:description\" content=\"Hobby UV Compact Desert 23W - Lampada UV-B all&#039;8% per rettili del deserto. Luce naturale, efficiente dal punto di vista energetico e salutare.\" \/>\n<meta property=\"og:url\" content=\"https:\/\/insektenliebe.com\/it\/shop\/prodotto\/hobby-uv-compatto-deserto\/\" \/>\n<meta property=\"og:site_name\" content=\"Insektenliebe\" \/>\n<meta property=\"article:modified_time\" content=\"2026-03-03T17:43:14+00:00\" \/>\n<meta property=\"og:image\" content=\"https:\/\/insektenliebe.com\/wp-content\/uploads\/2024\/08\/Hobby-UV-Compact-Desert.jpg\" \/>\n\t<meta property=\"og:image:width\" content=\"820\" \/>\n\t<meta property=\"og:image:height\" content=\"820\" \/>\n\t<meta property=\"og:image:type\" content=\"image\/jpeg\" \/>\n<meta name=\"twitter:card\" content=\"summary_large_image\" \/>\n<meta name=\"twitter:label1\" content=\"Tempo di lettura stimato\" \/>\n\t<meta name=\"twitter:data1\" content=\"2 minuto\" \/>\n<script type=\"application\/ld+json\" class=\"yoast-schema-graph\">{\"@context\":\"https:\\\/\\\/schema.org\",\"@graph\":[{\"@type\":\"WebPage\",\"@id\":\"https:\\\/\\\/insektenliebe.com\\\/it\\\/shop\\\/prodotto\\\/hobby-uv-compatto-deserto\\\/\",\"url\":\"https:\\\/\\\/insektenliebe.com\\\/it\\\/shop\\\/prodotto\\\/hobby-uv-compatto-deserto\\\/\",\"name\":\"Hobby UV Compatto Deserto - Insektenliebe\",\"isPartOf\":{\"@id\":\"https:\\\/\\\/insektenliebe.com\\\/it\\\/#website\"},\"primaryImageOfPage\":{\"@id\":\"https:\\\/\\\/insektenliebe.com\\\/it\\\/shop\\\/prodotto\\\/hobby-uv-compatto-deserto\\\/#primaryimage\"},\"image\":{\"@id\":\"https:\\\/\\\/insektenliebe.com\\\/it\\\/shop\\\/prodotto\\\/hobby-uv-compatto-deserto\\\/#primaryimage\"},\"thumbnailUrl\":\"https:\\\/\\\/insektenliebe.com\\\/wp-content\\\/uploads\\\/2024\\\/08\\\/Hobby-UV-Compact-Desert.jpg\",\"datePublished\":\"2024-08-22T15:31:08+00:00\",\"dateModified\":\"2026-03-03T17:43:14+00:00\",\"description\":\"Hobby UV Compact Desert 23W - Lampada UV-B all'8% per rettili del deserto. Luce naturale, efficiente dal punto di vista energetico e salutare.\",\"breadcrumb\":{\"@id\":\"https:\\\/\\\/insektenliebe.com\\\/it\\\/shop\\\/prodotto\\\/hobby-uv-compatto-deserto\\\/#breadcrumb\"},\"inLanguage\":\"it-IT\",\"potentialAction\":[{\"@type\":\"ReadAction\",\"target\":[\"https:\\\/\\\/insektenliebe.com\\\/it\\\/shop\\\/prodotto\\\/hobby-uv-compatto-deserto\\\/\"]}]},{\"@type\":\"ImageObject\",\"inLanguage\":\"it-IT\",\"@id\":\"https:\\\/\\\/insektenliebe.com\\\/it\\\/shop\\\/prodotto\\\/hobby-uv-compatto-deserto\\\/#primaryimage\",\"url\":\"https:\\\/\\\/insektenliebe.com\\\/wp-content\\\/uploads\\\/2024\\\/08\\\/Hobby-UV-Compact-Desert.jpg\",\"contentUrl\":\"https:\\\/\\\/insektenliebe.com\\\/wp-content\\\/uploads\\\/2024\\\/08\\\/Hobby-UV-Compact-Desert.jpg\",\"width\":820,\"height\":820,\"caption\":\"Hobby UV Compatto Deserto\"},{\"@type\":\"BreadcrumbList\",\"@id\":\"https:\\\/\\\/insektenliebe.com\\\/it\\\/shop\\\/prodotto\\\/hobby-uv-compatto-deserto\\\/#breadcrumb\",\"itemListElement\":[{\"@type\":\"ListItem\",\"position\":1,\"name\":\"Startseite\",\"item\":\"https:\\\/\\\/insektenliebe.com\\\/it\\\/\"},{\"@type\":\"ListItem\",\"position\":2,\"name\":\"Negozio\",\"item\":\"https:\\\/\\\/insektenliebe.com\\\/it\\\/negozio\\\/\"},{\"@type\":\"ListItem\",\"position\":3,\"name\":\"Hobby UV Compatto Deserto\"}]},{\"@type\":\"WebSite\",\"@id\":\"https:\\\/\\\/insektenliebe.com\\\/it\\\/#website\",\"url\":\"https:\\\/\\\/insektenliebe.com\\\/it\\\/\",\"name\":\"Insektenliebe\",\"description\":\"Dein Zuhause f\u00fcr die kleinen Lebewesen\",\"publisher\":{\"@id\":\"https:\\\/\\\/insektenliebe.com\\\/it\\\/#organization\"},\"potentialAction\":[{\"@type\":\"SearchAction\",\"target\":{\"@type\":\"EntryPoint\",\"urlTemplate\":\"https:\\\/\\\/insektenliebe.com\\\/it\\\/?s={search_term_string}\"},\"query-input\":{\"@type\":\"PropertyValueSpecification\",\"valueRequired\":true,\"valueName\":\"search_term_string\"}}],\"inLanguage\":\"it-IT\"},{\"@type\":\"Organization\",\"@id\":\"https:\\\/\\\/insektenliebe.com\\\/it\\\/#organization\",\"name\":\"Insektenliebe\",\"url\":\"https:\\\/\\\/insektenliebe.com\\\/it\\\/\",\"logo\":{\"@type\":\"ImageObject\",\"inLanguage\":\"it-IT\",\"@id\":\"https:\\\/\\\/insektenliebe.com\\\/it\\\/#\\\/schema\\\/logo\\\/image\\\/\",\"url\":\"https:\\\/\\\/insektenliebe.com\\\/wp-content\\\/uploads\\\/2025\\\/03\\\/logo-white.png\",\"contentUrl\":\"https:\\\/\\\/insektenliebe.com\\\/wp-content\\\/uploads\\\/2025\\\/03\\\/logo-white.png\",\"width\":288,\"height\":188,\"caption\":\"Insektenliebe\"},\"image\":{\"@id\":\"https:\\\/\\\/insektenliebe.com\\\/it\\\/#\\\/schema\\\/logo\\\/image\\\/\"}}]}<\/script>\n<!-- \/ Yoast SEO plugin. -->","yoast_head_json":{"title":"Hobby UV Compatto Deserto - Insektenliebe","description":"Hobby UV Compact Desert 23W - Lampada UV-B all'8% per rettili del deserto. Luce naturale, efficiente dal punto di vista energetico e salutare.","robots":{"index":"index","follow":"follow","max-snippet":"max-snippet:-1","max-image-preview":"max-image-preview:large","max-video-preview":"max-video-preview:-1"},"canonical":"https:\/\/insektenliebe.com\/it\/shop\/prodotto\/hobby-uv-compatto-deserto\/","og_locale":"it_IT","og_type":"article","og_title":"Hobby UV Compatto Deserto - Insektenliebe","og_description":"Hobby UV Compact Desert 23W - Lampada UV-B all'8% per rettili del deserto. Luce naturale, efficiente dal punto di vista energetico e salutare.","og_url":"https:\/\/insektenliebe.com\/it\/shop\/prodotto\/hobby-uv-compatto-deserto\/","og_site_name":"Insektenliebe","article_modified_time":"2026-03-03T17:43:14+00:00","og_image":[{"width":820,"height":820,"url":"https:\/\/insektenliebe.com\/wp-content\/uploads\/2024\/08\/Hobby-UV-Compact-Desert.jpg","type":"image\/jpeg"}],"twitter_card":"summary_large_image","twitter_misc":{"Tempo di lettura stimato":"2 minuto"},"schema":{"@context":"https:\/\/schema.org","@graph":[{"@type":"WebPage","@id":"https:\/\/insektenliebe.com\/it\/shop\/prodotto\/hobby-uv-compatto-deserto\/","url":"https:\/\/insektenliebe.com\/it\/shop\/prodotto\/hobby-uv-compatto-deserto\/","name":"Hobby UV Compatto Deserto - Insektenliebe","isPartOf":{"@id":"https:\/\/insektenliebe.com\/it\/#website"},"primaryImageOfPage":{"@id":"https:\/\/insektenliebe.com\/it\/shop\/prodotto\/hobby-uv-compatto-deserto\/#primaryimage"},"image":{"@id":"https:\/\/insektenliebe.com\/it\/shop\/prodotto\/hobby-uv-compatto-deserto\/#primaryimage"},"thumbnailUrl":"https:\/\/insektenliebe.com\/wp-content\/uploads\/2024\/08\/Hobby-UV-Compact-Desert.jpg","datePublished":"2024-08-22T15:31:08+00:00","dateModified":"2026-03-03T17:43:14+00:00","description":"Hobby UV Compact Desert 23W - Lampada UV-B all'8% per rettili del deserto. Luce naturale, efficiente dal punto di vista energetico e salutare.","breadcrumb":{"@id":"https:\/\/insektenliebe.com\/it\/shop\/prodotto\/hobby-uv-compatto-deserto\/#breadcrumb"},"inLanguage":"it-IT","potentialAction":[{"@type":"ReadAction","target":["https:\/\/insektenliebe.com\/it\/shop\/prodotto\/hobby-uv-compatto-deserto\/"]}]},{"@type":"ImageObject","inLanguage":"it-IT","@id":"https:\/\/insektenliebe.com\/it\/shop\/prodotto\/hobby-uv-compatto-deserto\/#primaryimage","url":"https:\/\/insektenliebe.com\/wp-content\/uploads\/2024\/08\/Hobby-UV-Compact-Desert.jpg","contentUrl":"https:\/\/insektenliebe.com\/wp-content\/uploads\/2024\/08\/Hobby-UV-Compact-Desert.jpg","width":820,"height":820,"caption":"Hobby UV Compatto Deserto"},{"@type":"BreadcrumbList","@id":"https:\/\/insektenliebe.com\/it\/shop\/prodotto\/hobby-uv-compatto-deserto\/#breadcrumb","itemListElement":[{"@type":"ListItem","position":1,"name":"Startseite","item":"https:\/\/insektenliebe.com\/it\/"},{"@type":"ListItem","position":2,"name":"Negozio","item":"https:\/\/insektenliebe.com\/it\/negozio\/"},{"@type":"ListItem","position":3,"name":"Hobby UV Compatto Deserto"}]},{"@type":"WebSite","@id":"https:\/\/insektenliebe.com\/it\/#website","url":"https:\/\/insektenliebe.com\/it\/","name":"Insektenliebe","description":"Dein Zuhause f\u00fcr die kleinen Lebewesen","publisher":{"@id":"https:\/\/insektenliebe.com\/it\/#organization"},"potentialAction":[{"@type":"SearchAction","target":{"@type":"EntryPoint","urlTemplate":"https:\/\/insektenliebe.com\/it\/?s={search_term_string}"},"query-input":{"@type":"PropertyValueSpecification","valueRequired":true,"valueName":"search_term_string"}}],"inLanguage":"it-IT"},{"@type":"Organization","@id":"https:\/\/insektenliebe.com\/it\/#organization","name":"Insektenliebe","url":"https:\/\/insektenliebe.com\/it\/","logo":{"@type":"ImageObject","inLanguage":"it-IT","@id":"https:\/\/insektenliebe.com\/it\/#\/schema\/logo\/image\/","url":"https:\/\/insektenliebe.com\/wp-content\/uploads\/2025\/03\/logo-white.png","contentUrl":"https:\/\/insektenliebe.com\/wp-content\/uploads\/2025\/03\/logo-white.png","width":288,"height":188,"caption":"Insektenliebe"},"image":{"@id":"https:\/\/insektenliebe.com\/it\/#\/schema\/logo\/image\/"}}]}},"_links":{"self":[{"href":"https:\/\/insektenliebe.com\/it\/wp-json\/wp\/v2\/product\/187286","targetHints":{"allow":["GET"]}}],"collection":[{"href":"https:\/\/insektenliebe.com\/it\/wp-json\/wp\/v2\/product"}],"about":[{"href":"https:\/\/insektenliebe.com\/it\/wp-json\/wp\/v2\/types\/product"}],"wp:featuredmedia":[{"embeddable":true,"href":"https:\/\/insektenliebe.com\/it\/wp-json\/wp\/v2\/media\/187288"}],"wp:attachment":[{"href":"https:\/\/insektenliebe.com\/it\/wp-json\/wp\/v2\/media?parent=187286"}],"wp:term":[{"taxonomy":"product-supplier","embeddable":true,"href":"https:\/\/insektenliebe.com\/it\/wp-json\/wp\/v2\/product-supplier?post=187286"},{"taxonomy":"product_brand","embeddable":true,"href":"https:\/\/insektenliebe.com\/it\/wp-json\/wp\/v2\/product_brand?post=187286"},{"taxonomy":"product_cat","embeddable":true,"href":"https:\/\/insektenliebe.com\/it\/wp-json\/wp\/v2\/product_cat?post=187286"},{"taxonomy":"product_tag","embeddable":true,"href":"https:\/\/insektenliebe.com\/it\/wp-json\/wp\/v2\/product_tag?post=187286"},{"taxonomy":"lce-checkout-addons","embeddable":true,"href":"https:\/\/insektenliebe.com\/it\/wp-json\/wp\/v2\/lce-checkout-addons?post=187286"}],"curies":[{"name":"wp","href":"https:\/\/api.w.org\/{rel}","templated":true}]}}