{"id":187285,"date":"2025-09-05T15:38:00","date_gmt":"2025-09-05T13:38:00","guid":{"rendered":"https:\/\/insektenliebe.com\/shop\/produkt\/muehlenbeckia-complexa\/"},"modified":"2025-09-05T15:38:00","modified_gmt":"2025-09-05T13:38:00","slug":"muehlenbeckia-complexa","status":"publish","type":"product","link":"https:\/\/insektenliebe.com\/it\/shop\/prodotto\/muehlenbeckia-complexa\/","title":{"rendered":"Muehlenbeckia complexa"},"content":{"rendered":"<h3 class=\"p1\"><span style=\"color: #99cc33\"><strong><span class=\"s1\">Facile da curare eppure esclusiva: Monstera obliqua<\/span><\/strong><\/span><\/h3>\n<p class=\"p1\"><span class=\"s1\">Il <\/span><strong><span class=\"s2\">Muehlenbeckia complexa<\/span><\/strong><span class=\"s1\">nota anche come cespuglio di fili, \u00e8 una pianta particolarmente delicata ma resistente che dona un&#8217;eleganza unica al terrario con la sua sottile rete di viticci e le sue piccole foglie rotonde. Originaria della Nuova Zelanda e dell&#8217;Australia, si adatta perfettamente ai climi caldi e umidi ed \u00e8 ideale per arricchire i terrari con una struttura naturale e una fitta vegetazione. <\/span><\/p>\n<p class=\"p1\"><span class=\"s1\">Con la sua crescita strisciante e rampicante, la <strong><span class=\"s2\">Muehlenbeckia complexa<\/span><\/strong> pu\u00f2 essere utilizzata in diversi modi: pu\u00f2 rinverdire il substrato, circondare i rami e le pareti posteriori o fungere da strato di copertura vivente per il microclima del terrario. In particolare, la Muehlenbecka complexa \u00e8 particolarmente adatta agli ambienti tropicali e subtropicali, poich\u00e9 ama l&#8217;umidit\u00e0 elevata e cresce in modo ottimale in condizioni di costante umidit\u00e0. <\/span><\/p>\n<p class=\"p1\"><span class=\"s1\">La cura \u00e8 semplice. Per una crescita sana, la pianta richiede un   <\/span><span class=\"s2\">Illuminazione di circa 1.000-2.000 lumen per 30 cm di altezza del terrario<\/span><span class=\"s1\">in modo che possa prosperare anche in condizioni di luce media. Un terreno leggermente umido e ricco di humus \u00e8 l&#8217;ideale, ma bisogna evitare i ristagni d&#8217;acqua. La pianta \u00e8 particolarmente vigorosa in presenza di un&#8217;umidit\u00e0 elevata, superiore al 70%.  <\/span><\/p>\n<p class=\"p1\"><span class=\"s1\"><strong><span class=\"s2\">La Muehlenbeckia complexa<\/span><\/strong> rimane piuttosto compatta in altezza, ma pu\u00f2 coprire aree considerevoli con i suoi germogli striscianti e rampicanti. Nel terrario, non solo offre una valorizzazione visiva, ma crea anche nascondigli e un ambiente quasi naturale per piccoli invertebrati, gechi o rane. <\/span><\/p>\n<p class=\"p1\"><span class=\"s1\">Un altro vantaggio di questa pianta \u00e8 la sua resistenza: anche se viene potata regolarmente, continuer\u00e0 a crescere vigorosamente. Ci\u00f2 significa che la crescita pu\u00f2 essere facilmente controllata e che il terrario rimane sempre ordinato e armoniosamente verde. <\/span><\/p>\n<p class=\"p1\"><span class=\"s1\">Con la <strong><span class=\"s2\">Muehlenbeckia complexa<\/span><\/strong> avrai una pianta versatile, elegante e robusta nel tuo terrario che ti fornir\u00e0 struttura, naturalezza e un microclima sano.<\/span><\/p>\n","protected":false},"excerpt":{"rendered":"<p>Facile da curare eppure esclusiva: Monstera obliqua Il Muehlenbeckia complexanota anche come cespuglio di fili, \u00e8 una pianta particolarmente delicata ma resistente che dona un&#8217;eleganza unica al terrario con la sua sottile rete di viticci e le sue piccole foglie rotonde. Originaria della Nuova Zelanda e dell&#8217;Australia, si adatta perfettamente ai climi caldi e umidi [&hellip;]<\/p>\n","protected":false},"featured_media":187287,"template":"","meta":{"_acf_changed":false},"product-supplier":[2685],"product_brand":[],"product_cat":[3181],"product_tag":[],"lce-checkout-addons":[2746],"class_list":{"0":"post-187285","1":"product","2":"type-product","3":"status-publish","4":"has-post-thumbnail","6":"product_cat-piante-da-terrario","7":"product_shipping_class-equipment-shipping","8":"pa_herkunft-nuova-zelanda","9":"lce-checkout-addons-imballaggio-invernale","11":"first","12":"instock","13":"taxable","14":"shipping-taxable","15":"purchasable","16":"product-type-simple"},"acf":[],"yoast_head":"<!-- This site is optimized with the Yoast SEO plugin v27.3 - https:\/\/yoast.com\/product\/yoast-seo-wordpress\/ -->\n<title>Muehlenbeckia complexa - Insektenliebe<\/title>\n<meta name=\"description\" content=\"Monstera obliqua - rara pianta da terrario con foglie in filigrana. Ideale per condizioni tropicali con elevata umidit\u00e0 e luce indiretta.\" \/>\n<meta name=\"robots\" content=\"index, follow, max-snippet:-1, max-image-preview:large, max-video-preview:-1\" \/>\n<link rel=\"canonical\" href=\"https:\/\/insektenliebe.com\/it\/shop\/prodotto\/muehlenbeckia-complexa\/\" \/>\n<meta property=\"og:locale\" content=\"it_IT\" \/>\n<meta property=\"og:type\" content=\"article\" \/>\n<meta property=\"og:title\" content=\"Muehlenbeckia complexa - Insektenliebe\" \/>\n<meta property=\"og:description\" content=\"Monstera obliqua - rara pianta da terrario con foglie in filigrana. Ideale per condizioni tropicali con elevata umidit\u00e0 e luce indiretta.\" \/>\n<meta property=\"og:url\" content=\"https:\/\/insektenliebe.com\/it\/shop\/prodotto\/muehlenbeckia-complexa\/\" \/>\n<meta property=\"og:site_name\" content=\"Insektenliebe\" \/>\n<meta property=\"og:image\" content=\"https:\/\/insektenliebe.com\/wp-content\/uploads\/2025\/09\/Muehlenbeckia-complexa.jpg\" \/>\n\t<meta property=\"og:image:width\" content=\"820\" \/>\n\t<meta property=\"og:image:height\" content=\"820\" \/>\n\t<meta property=\"og:image:type\" content=\"image\/jpeg\" \/>\n<meta name=\"twitter:card\" content=\"summary_large_image\" \/>\n<meta name=\"twitter:label1\" content=\"Tempo di lettura stimato\" \/>\n\t<meta name=\"twitter:data1\" content=\"1 minuto\" \/>\n<script type=\"application\/ld+json\" class=\"yoast-schema-graph\">{\"@context\":\"https:\\\/\\\/schema.org\",\"@graph\":[{\"@type\":\"WebPage\",\"@id\":\"https:\\\/\\\/insektenliebe.com\\\/it\\\/shop\\\/prodotto\\\/muehlenbeckia-complexa\\\/\",\"url\":\"https:\\\/\\\/insektenliebe.com\\\/it\\\/shop\\\/prodotto\\\/muehlenbeckia-complexa\\\/\",\"name\":\"Muehlenbeckia complexa - Insektenliebe\",\"isPartOf\":{\"@id\":\"https:\\\/\\\/insektenliebe.com\\\/it\\\/#website\"},\"primaryImageOfPage\":{\"@id\":\"https:\\\/\\\/insektenliebe.com\\\/it\\\/shop\\\/prodotto\\\/muehlenbeckia-complexa\\\/#primaryimage\"},\"image\":{\"@id\":\"https:\\\/\\\/insektenliebe.com\\\/it\\\/shop\\\/prodotto\\\/muehlenbeckia-complexa\\\/#primaryimage\"},\"thumbnailUrl\":\"https:\\\/\\\/insektenliebe.com\\\/wp-content\\\/uploads\\\/2025\\\/09\\\/Muehlenbeckia-complexa.jpg\",\"datePublished\":\"2025-09-05T13:38:00+00:00\",\"description\":\"Monstera obliqua - rara pianta da terrario con foglie in filigrana. Ideale per condizioni tropicali con elevata umidit\u00e0 e luce indiretta.\",\"breadcrumb\":{\"@id\":\"https:\\\/\\\/insektenliebe.com\\\/it\\\/shop\\\/prodotto\\\/muehlenbeckia-complexa\\\/#breadcrumb\"},\"inLanguage\":\"it-IT\",\"potentialAction\":[{\"@type\":\"ReadAction\",\"target\":[\"https:\\\/\\\/insektenliebe.com\\\/it\\\/shop\\\/prodotto\\\/muehlenbeckia-complexa\\\/\"]}]},{\"@type\":\"ImageObject\",\"inLanguage\":\"it-IT\",\"@id\":\"https:\\\/\\\/insektenliebe.com\\\/it\\\/shop\\\/prodotto\\\/muehlenbeckia-complexa\\\/#primaryimage\",\"url\":\"https:\\\/\\\/insektenliebe.com\\\/wp-content\\\/uploads\\\/2025\\\/09\\\/Muehlenbeckia-complexa.jpg\",\"contentUrl\":\"https:\\\/\\\/insektenliebe.com\\\/wp-content\\\/uploads\\\/2025\\\/09\\\/Muehlenbeckia-complexa.jpg\",\"width\":820,\"height\":820,\"caption\":\"Muehlenbeckia complexa\"},{\"@type\":\"BreadcrumbList\",\"@id\":\"https:\\\/\\\/insektenliebe.com\\\/it\\\/shop\\\/prodotto\\\/muehlenbeckia-complexa\\\/#breadcrumb\",\"itemListElement\":[{\"@type\":\"ListItem\",\"position\":1,\"name\":\"Startseite\",\"item\":\"https:\\\/\\\/insektenliebe.com\\\/it\\\/\"},{\"@type\":\"ListItem\",\"position\":2,\"name\":\"Negozio\",\"item\":\"https:\\\/\\\/insektenliebe.com\\\/it\\\/negozio\\\/\"},{\"@type\":\"ListItem\",\"position\":3,\"name\":\"Muehlenbeckia complexa\"}]},{\"@type\":\"WebSite\",\"@id\":\"https:\\\/\\\/insektenliebe.com\\\/it\\\/#website\",\"url\":\"https:\\\/\\\/insektenliebe.com\\\/it\\\/\",\"name\":\"Insektenliebe\",\"description\":\"Dein Zuhause f\u00fcr die kleinen Lebewesen\",\"publisher\":{\"@id\":\"https:\\\/\\\/insektenliebe.com\\\/it\\\/#organization\"},\"potentialAction\":[{\"@type\":\"SearchAction\",\"target\":{\"@type\":\"EntryPoint\",\"urlTemplate\":\"https:\\\/\\\/insektenliebe.com\\\/it\\\/?s={search_term_string}\"},\"query-input\":{\"@type\":\"PropertyValueSpecification\",\"valueRequired\":true,\"valueName\":\"search_term_string\"}}],\"inLanguage\":\"it-IT\"},{\"@type\":\"Organization\",\"@id\":\"https:\\\/\\\/insektenliebe.com\\\/it\\\/#organization\",\"name\":\"Insektenliebe\",\"url\":\"https:\\\/\\\/insektenliebe.com\\\/it\\\/\",\"logo\":{\"@type\":\"ImageObject\",\"inLanguage\":\"it-IT\",\"@id\":\"https:\\\/\\\/insektenliebe.com\\\/it\\\/#\\\/schema\\\/logo\\\/image\\\/\",\"url\":\"https:\\\/\\\/insektenliebe.com\\\/wp-content\\\/uploads\\\/2025\\\/03\\\/logo-white.png\",\"contentUrl\":\"https:\\\/\\\/insektenliebe.com\\\/wp-content\\\/uploads\\\/2025\\\/03\\\/logo-white.png\",\"width\":288,\"height\":188,\"caption\":\"Insektenliebe\"},\"image\":{\"@id\":\"https:\\\/\\\/insektenliebe.com\\\/it\\\/#\\\/schema\\\/logo\\\/image\\\/\"}}]}<\/script>\n<!-- \/ Yoast SEO plugin. -->","yoast_head_json":{"title":"Muehlenbeckia complexa - Insektenliebe","description":"Monstera obliqua - rara pianta da terrario con foglie in filigrana. Ideale per condizioni tropicali con elevata umidit\u00e0 e luce indiretta.","robots":{"index":"index","follow":"follow","max-snippet":"max-snippet:-1","max-image-preview":"max-image-preview:large","max-video-preview":"max-video-preview:-1"},"canonical":"https:\/\/insektenliebe.com\/it\/shop\/prodotto\/muehlenbeckia-complexa\/","og_locale":"it_IT","og_type":"article","og_title":"Muehlenbeckia complexa - Insektenliebe","og_description":"Monstera obliqua - rara pianta da terrario con foglie in filigrana. Ideale per condizioni tropicali con elevata umidit\u00e0 e luce indiretta.","og_url":"https:\/\/insektenliebe.com\/it\/shop\/prodotto\/muehlenbeckia-complexa\/","og_site_name":"Insektenliebe","og_image":[{"width":820,"height":820,"url":"https:\/\/insektenliebe.com\/wp-content\/uploads\/2025\/09\/Muehlenbeckia-complexa.jpg","type":"image\/jpeg"}],"twitter_card":"summary_large_image","twitter_misc":{"Tempo di lettura stimato":"1 minuto"},"schema":{"@context":"https:\/\/schema.org","@graph":[{"@type":"WebPage","@id":"https:\/\/insektenliebe.com\/it\/shop\/prodotto\/muehlenbeckia-complexa\/","url":"https:\/\/insektenliebe.com\/it\/shop\/prodotto\/muehlenbeckia-complexa\/","name":"Muehlenbeckia complexa - Insektenliebe","isPartOf":{"@id":"https:\/\/insektenliebe.com\/it\/#website"},"primaryImageOfPage":{"@id":"https:\/\/insektenliebe.com\/it\/shop\/prodotto\/muehlenbeckia-complexa\/#primaryimage"},"image":{"@id":"https:\/\/insektenliebe.com\/it\/shop\/prodotto\/muehlenbeckia-complexa\/#primaryimage"},"thumbnailUrl":"https:\/\/insektenliebe.com\/wp-content\/uploads\/2025\/09\/Muehlenbeckia-complexa.jpg","datePublished":"2025-09-05T13:38:00+00:00","description":"Monstera obliqua - rara pianta da terrario con foglie in filigrana. Ideale per condizioni tropicali con elevata umidit\u00e0 e luce indiretta.","breadcrumb":{"@id":"https:\/\/insektenliebe.com\/it\/shop\/prodotto\/muehlenbeckia-complexa\/#breadcrumb"},"inLanguage":"it-IT","potentialAction":[{"@type":"ReadAction","target":["https:\/\/insektenliebe.com\/it\/shop\/prodotto\/muehlenbeckia-complexa\/"]}]},{"@type":"ImageObject","inLanguage":"it-IT","@id":"https:\/\/insektenliebe.com\/it\/shop\/prodotto\/muehlenbeckia-complexa\/#primaryimage","url":"https:\/\/insektenliebe.com\/wp-content\/uploads\/2025\/09\/Muehlenbeckia-complexa.jpg","contentUrl":"https:\/\/insektenliebe.com\/wp-content\/uploads\/2025\/09\/Muehlenbeckia-complexa.jpg","width":820,"height":820,"caption":"Muehlenbeckia complexa"},{"@type":"BreadcrumbList","@id":"https:\/\/insektenliebe.com\/it\/shop\/prodotto\/muehlenbeckia-complexa\/#breadcrumb","itemListElement":[{"@type":"ListItem","position":1,"name":"Startseite","item":"https:\/\/insektenliebe.com\/it\/"},{"@type":"ListItem","position":2,"name":"Negozio","item":"https:\/\/insektenliebe.com\/it\/negozio\/"},{"@type":"ListItem","position":3,"name":"Muehlenbeckia complexa"}]},{"@type":"WebSite","@id":"https:\/\/insektenliebe.com\/it\/#website","url":"https:\/\/insektenliebe.com\/it\/","name":"Insektenliebe","description":"Dein Zuhause f\u00fcr die kleinen Lebewesen","publisher":{"@id":"https:\/\/insektenliebe.com\/it\/#organization"},"potentialAction":[{"@type":"SearchAction","target":{"@type":"EntryPoint","urlTemplate":"https:\/\/insektenliebe.com\/it\/?s={search_term_string}"},"query-input":{"@type":"PropertyValueSpecification","valueRequired":true,"valueName":"search_term_string"}}],"inLanguage":"it-IT"},{"@type":"Organization","@id":"https:\/\/insektenliebe.com\/it\/#organization","name":"Insektenliebe","url":"https:\/\/insektenliebe.com\/it\/","logo":{"@type":"ImageObject","inLanguage":"it-IT","@id":"https:\/\/insektenliebe.com\/it\/#\/schema\/logo\/image\/","url":"https:\/\/insektenliebe.com\/wp-content\/uploads\/2025\/03\/logo-white.png","contentUrl":"https:\/\/insektenliebe.com\/wp-content\/uploads\/2025\/03\/logo-white.png","width":288,"height":188,"caption":"Insektenliebe"},"image":{"@id":"https:\/\/insektenliebe.com\/it\/#\/schema\/logo\/image\/"}}]}},"_links":{"self":[{"href":"https:\/\/insektenliebe.com\/it\/wp-json\/wp\/v2\/product\/187285","targetHints":{"allow":["GET"]}}],"collection":[{"href":"https:\/\/insektenliebe.com\/it\/wp-json\/wp\/v2\/product"}],"about":[{"href":"https:\/\/insektenliebe.com\/it\/wp-json\/wp\/v2\/types\/product"}],"wp:featuredmedia":[{"embeddable":true,"href":"https:\/\/insektenliebe.com\/it\/wp-json\/wp\/v2\/media\/187287"}],"wp:attachment":[{"href":"https:\/\/insektenliebe.com\/it\/wp-json\/wp\/v2\/media?parent=187285"}],"wp:term":[{"taxonomy":"product-supplier","embeddable":true,"href":"https:\/\/insektenliebe.com\/it\/wp-json\/wp\/v2\/product-supplier?post=187285"},{"taxonomy":"product_brand","embeddable":true,"href":"https:\/\/insektenliebe.com\/it\/wp-json\/wp\/v2\/product_brand?post=187285"},{"taxonomy":"product_cat","embeddable":true,"href":"https:\/\/insektenliebe.com\/it\/wp-json\/wp\/v2\/product_cat?post=187285"},{"taxonomy":"product_tag","embeddable":true,"href":"https:\/\/insektenliebe.com\/it\/wp-json\/wp\/v2\/product_tag?post=187285"},{"taxonomy":"lce-checkout-addons","embeddable":true,"href":"https:\/\/insektenliebe.com\/it\/wp-json\/wp\/v2\/lce-checkout-addons?post=187285"}],"curies":[{"name":"wp","href":"https:\/\/api.w.org\/{rel}","templated":true}]}}