{"id":187282,"date":"2025-08-30T12:15:28","date_gmt":"2025-08-30T10:15:28","guid":{"rendered":"https:\/\/insektenliebe.com\/shop\/produkt\/lampada-compatta-arcadia-d3-desert-12-uv-b\/"},"modified":"2025-08-30T12:15:28","modified_gmt":"2025-08-30T10:15:28","slug":"lampada-compatta-arcadia-d3-desert-12-uv-b","status":"publish","type":"product","link":"https:\/\/insektenliebe.com\/it\/shop\/prodotto\/lampada-compatta-arcadia-d3-desert-12-uv-b\/","title":{"rendered":"Lampada compatta Arcadia D3 Desert 12% UV-B"},"content":{"rendered":"<h3 class=\"p1\"><span style=\"color: #99cc33\"><strong><span class=\"s1\">Basta collegarla e iniziare - Lampada compatta Arcadia D3 Desert 12 % UV-B per terrari del deserto<\/span><\/strong><\/span><\/h3>\n<p class=\"p1\"><span class=\"s1\">La <strong>lampada compatta Arcadia D3 Desert 12 % UV-B<\/strong> \u00e8 stata sviluppata appositamente per rettili e invertebrati provenienti da habitat particolarmente soleggiati. Con un&#8217;elevata componente UV-B del 12% e un 30% di UV-A, fornisce esattamente lo spettro di radiazioni che prevale nei deserti e nei semi-deserti. In particolare, gli animali provenienti da habitat aperti, come i draghi barbuti, i gechi del deserto o gli skink della steppa, dipendono dalle intense radiazioni UV. Utilizzano la luce solare per produrre vitamina D3, che a sua volta \u00e8 essenziale per l&#8217;assorbimento del calcio. Senza una quantit\u00e0 sufficiente di raggi UV-B, i sintomi di carenza possono manifestarsi rapidamente: con questa lampada puoi prevenire efficacemente questa situazione.    <\/span><\/p>\n<p class=\"p1\"><span class=\"s1\">La lampada compatta Arcadia \u00e8 disponibile in due livelli di potenza: la versione da 13 watt produce 270 lumen ed \u00e8 adatta ai terrari pi\u00f9 piccoli fino a circa 40 cm di altezza. La versione da 23 watt fornisce 416 lumen ed \u00e8 ideale per vasche alte fino a circa 60 cm. In entrambi i casi, la lampada non solo fornisce i necessari raggi UV, ma migliora anche la qualit\u00e0 generale della luce nel terrario. Questo favorisce il comportamento naturale degli animali, aumenta la loro attivit\u00e0 e pu\u00f2 persino avere un effetto positivo sul loro appetito.   <\/span><\/p>\n<p class=\"p1\"><span class=\"s1\">\u00c8 particolarmente facile da usare: la lampada si inserisce in qualsiasi presa standard E27 e non richiede un alimentatore. Questo la rende ideale per i principianti e per chi cerca una soluzione semplice. Pu\u00f2 essere utilizzata sia come fonte di luce principale in piccole vasche che come complemento ad altri sistemi di illuminazione. Lo spettro luminoso ha anche dei vantaggi per la crescita delle piante nel terrario, soprattutto per le specie robuste e amanti della siccit\u00e0.   <\/span><\/p>\n<p class=\"p1\"><span class=\"s1\">Come tutte le lampade UVB, anche questa lampada compatta deve essere sostituita ogni 12 mesi circa. Anche se continua a brillare visivamente, la potenza UV diminuisce con il passare del tempo. Se vuoi offrire ai tuoi animali una fonte di luce affidabile, adatta alla specie e potente, la <strong>lampada compatta Arcadia D3 Desert 12% UV-B<\/strong> \u00e8 la scelta giusta. Porta il sole nel terrario: \u00e8 sicura, efficiente e facile da usare.   <\/span><\/p>\n","protected":false},"excerpt":{"rendered":"<p>Basta collegarla e iniziare - Lampada compatta Arcadia D3 Desert 12 % UV-B per terrari del deserto La lampada compatta Arcadia D3 Desert 12 % UV-B \u00e8 stata sviluppata appositamente per rettili e invertebrati provenienti da habitat particolarmente soleggiati. Con un&#8217;elevata componente UV-B del 12% e un 30% di UV-A, fornisce esattamente lo spettro di [&hellip;]<\/p>\n","protected":false},"featured_media":187284,"template":"","meta":{"_acf_changed":false},"product-supplier":[2685],"product_brand":[],"product_cat":[2741],"product_tag":[],"lce-checkout-addons":[],"class_list":{"0":"post-187282","1":"product","2":"type-product","3":"status-publish","4":"has-post-thumbnail","6":"product_cat-illuminazione-e-clima","7":"product_shipping_class-equipment-shipping","9":"first","10":"instock","11":"sale","12":"taxable","13":"shipping-taxable","14":"purchasable","15":"product-type-variable"},"acf":[],"yoast_head":"<!-- This site is optimized with the Yoast SEO plugin v27.3 - https:\/\/yoast.com\/product\/yoast-seo-wordpress\/ -->\n<title>Lampada compatta Arcadia D3 Desert 12% UV-B - Insektenliebe<\/title>\n<meta name=\"description\" content=\"12 % UV-B per animali del deserto: lampada compatta Arcadia da 13 W o 23 W. Ideale fino a un&#039;altezza di 60 cm. Favorisce la vitamina D3, l&#039;attivit\u00e0 e il metabolismo del calcio.\" \/>\n<meta name=\"robots\" content=\"index, follow, max-snippet:-1, max-image-preview:large, max-video-preview:-1\" \/>\n<link rel=\"canonical\" href=\"https:\/\/insektenliebe.com\/it\/shop\/prodotto\/lampada-compatta-arcadia-d3-desert-12-uv-b\/\" \/>\n<meta property=\"og:locale\" content=\"it_IT\" \/>\n<meta property=\"og:type\" content=\"article\" \/>\n<meta property=\"og:title\" content=\"Lampada compatta Arcadia D3 Desert 12% UV-B - Insektenliebe\" \/>\n<meta property=\"og:description\" content=\"12 % UV-B per animali del deserto: lampada compatta Arcadia da 13 W o 23 W. Ideale fino a un&#039;altezza di 60 cm. Favorisce la vitamina D3, l&#039;attivit\u00e0 e il metabolismo del calcio.\" \/>\n<meta property=\"og:url\" content=\"https:\/\/insektenliebe.com\/it\/shop\/prodotto\/lampada-compatta-arcadia-d3-desert-12-uv-b\/\" \/>\n<meta property=\"og:site_name\" content=\"Insektenliebe\" \/>\n<meta property=\"og:image\" content=\"https:\/\/insektenliebe.com\/wp-content\/uploads\/2025\/08\/Arcadia-Kompaktlampe-D3-Wueste-12-UV-B.jpg\" \/>\n\t<meta property=\"og:image:width\" content=\"820\" \/>\n\t<meta property=\"og:image:height\" content=\"820\" \/>\n\t<meta property=\"og:image:type\" content=\"image\/jpeg\" \/>\n<meta name=\"twitter:card\" content=\"summary_large_image\" \/>\n<meta name=\"twitter:label1\" content=\"Tempo di lettura stimato\" \/>\n\t<meta name=\"twitter:data1\" content=\"2 minuto\" \/>\n<script type=\"application\/ld+json\" class=\"yoast-schema-graph\">{\"@context\":\"https:\\\/\\\/schema.org\",\"@graph\":[{\"@type\":\"WebPage\",\"@id\":\"https:\\\/\\\/insektenliebe.com\\\/it\\\/shop\\\/prodotto\\\/lampada-compatta-arcadia-d3-desert-12-uv-b\\\/\",\"url\":\"https:\\\/\\\/insektenliebe.com\\\/it\\\/shop\\\/prodotto\\\/lampada-compatta-arcadia-d3-desert-12-uv-b\\\/\",\"name\":\"Lampada compatta Arcadia D3 Desert 12% UV-B - Insektenliebe\",\"isPartOf\":{\"@id\":\"https:\\\/\\\/insektenliebe.com\\\/it\\\/#website\"},\"primaryImageOfPage\":{\"@id\":\"https:\\\/\\\/insektenliebe.com\\\/it\\\/shop\\\/prodotto\\\/lampada-compatta-arcadia-d3-desert-12-uv-b\\\/#primaryimage\"},\"image\":{\"@id\":\"https:\\\/\\\/insektenliebe.com\\\/it\\\/shop\\\/prodotto\\\/lampada-compatta-arcadia-d3-desert-12-uv-b\\\/#primaryimage\"},\"thumbnailUrl\":\"https:\\\/\\\/insektenliebe.com\\\/wp-content\\\/uploads\\\/2025\\\/08\\\/Arcadia-Kompaktlampe-D3-Wueste-12-UV-B.jpg\",\"datePublished\":\"2025-08-30T10:15:28+00:00\",\"description\":\"12 % UV-B per animali del deserto: lampada compatta Arcadia da 13 W o 23 W. Ideale fino a un'altezza di 60 cm. Favorisce la vitamina D3, l'attivit\u00e0 e il metabolismo del calcio.\",\"breadcrumb\":{\"@id\":\"https:\\\/\\\/insektenliebe.com\\\/it\\\/shop\\\/prodotto\\\/lampada-compatta-arcadia-d3-desert-12-uv-b\\\/#breadcrumb\"},\"inLanguage\":\"it-IT\",\"potentialAction\":[{\"@type\":\"ReadAction\",\"target\":[\"https:\\\/\\\/insektenliebe.com\\\/it\\\/shop\\\/prodotto\\\/lampada-compatta-arcadia-d3-desert-12-uv-b\\\/\"]}]},{\"@type\":\"ImageObject\",\"inLanguage\":\"it-IT\",\"@id\":\"https:\\\/\\\/insektenliebe.com\\\/it\\\/shop\\\/prodotto\\\/lampada-compatta-arcadia-d3-desert-12-uv-b\\\/#primaryimage\",\"url\":\"https:\\\/\\\/insektenliebe.com\\\/wp-content\\\/uploads\\\/2025\\\/08\\\/Arcadia-Kompaktlampe-D3-Wueste-12-UV-B.jpg\",\"contentUrl\":\"https:\\\/\\\/insektenliebe.com\\\/wp-content\\\/uploads\\\/2025\\\/08\\\/Arcadia-Kompaktlampe-D3-Wueste-12-UV-B.jpg\",\"width\":820,\"height\":820,\"caption\":\"Lampada compatta Arcadia D3 Desert 12% UV-B\"},{\"@type\":\"BreadcrumbList\",\"@id\":\"https:\\\/\\\/insektenliebe.com\\\/it\\\/shop\\\/prodotto\\\/lampada-compatta-arcadia-d3-desert-12-uv-b\\\/#breadcrumb\",\"itemListElement\":[{\"@type\":\"ListItem\",\"position\":1,\"name\":\"Startseite\",\"item\":\"https:\\\/\\\/insektenliebe.com\\\/it\\\/\"},{\"@type\":\"ListItem\",\"position\":2,\"name\":\"Negozio\",\"item\":\"https:\\\/\\\/insektenliebe.com\\\/it\\\/negozio\\\/\"},{\"@type\":\"ListItem\",\"position\":3,\"name\":\"Lampada compatta Arcadia D3 Desert 12% UV-B\"}]},{\"@type\":\"WebSite\",\"@id\":\"https:\\\/\\\/insektenliebe.com\\\/it\\\/#website\",\"url\":\"https:\\\/\\\/insektenliebe.com\\\/it\\\/\",\"name\":\"Insektenliebe\",\"description\":\"Dein Zuhause f\u00fcr die kleinen Lebewesen\",\"publisher\":{\"@id\":\"https:\\\/\\\/insektenliebe.com\\\/it\\\/#organization\"},\"potentialAction\":[{\"@type\":\"SearchAction\",\"target\":{\"@type\":\"EntryPoint\",\"urlTemplate\":\"https:\\\/\\\/insektenliebe.com\\\/it\\\/?s={search_term_string}\"},\"query-input\":{\"@type\":\"PropertyValueSpecification\",\"valueRequired\":true,\"valueName\":\"search_term_string\"}}],\"inLanguage\":\"it-IT\"},{\"@type\":\"Organization\",\"@id\":\"https:\\\/\\\/insektenliebe.com\\\/it\\\/#organization\",\"name\":\"Insektenliebe\",\"url\":\"https:\\\/\\\/insektenliebe.com\\\/it\\\/\",\"logo\":{\"@type\":\"ImageObject\",\"inLanguage\":\"it-IT\",\"@id\":\"https:\\\/\\\/insektenliebe.com\\\/it\\\/#\\\/schema\\\/logo\\\/image\\\/\",\"url\":\"https:\\\/\\\/insektenliebe.com\\\/wp-content\\\/uploads\\\/2025\\\/03\\\/logo-white.png\",\"contentUrl\":\"https:\\\/\\\/insektenliebe.com\\\/wp-content\\\/uploads\\\/2025\\\/03\\\/logo-white.png\",\"width\":288,\"height\":188,\"caption\":\"Insektenliebe\"},\"image\":{\"@id\":\"https:\\\/\\\/insektenliebe.com\\\/it\\\/#\\\/schema\\\/logo\\\/image\\\/\"}}]}<\/script>\n<!-- \/ Yoast SEO plugin. -->","yoast_head_json":{"title":"Lampada compatta Arcadia D3 Desert 12% UV-B - Insektenliebe","description":"12 % UV-B per animali del deserto: lampada compatta Arcadia da 13 W o 23 W. Ideale fino a un'altezza di 60 cm. Favorisce la vitamina D3, l'attivit\u00e0 e il metabolismo del calcio.","robots":{"index":"index","follow":"follow","max-snippet":"max-snippet:-1","max-image-preview":"max-image-preview:large","max-video-preview":"max-video-preview:-1"},"canonical":"https:\/\/insektenliebe.com\/it\/shop\/prodotto\/lampada-compatta-arcadia-d3-desert-12-uv-b\/","og_locale":"it_IT","og_type":"article","og_title":"Lampada compatta Arcadia D3 Desert 12% UV-B - Insektenliebe","og_description":"12 % UV-B per animali del deserto: lampada compatta Arcadia da 13 W o 23 W. Ideale fino a un'altezza di 60 cm. Favorisce la vitamina D3, l'attivit\u00e0 e il metabolismo del calcio.","og_url":"https:\/\/insektenliebe.com\/it\/shop\/prodotto\/lampada-compatta-arcadia-d3-desert-12-uv-b\/","og_site_name":"Insektenliebe","og_image":[{"width":820,"height":820,"url":"https:\/\/insektenliebe.com\/wp-content\/uploads\/2025\/08\/Arcadia-Kompaktlampe-D3-Wueste-12-UV-B.jpg","type":"image\/jpeg"}],"twitter_card":"summary_large_image","twitter_misc":{"Tempo di lettura stimato":"2 minuto"},"schema":{"@context":"https:\/\/schema.org","@graph":[{"@type":"WebPage","@id":"https:\/\/insektenliebe.com\/it\/shop\/prodotto\/lampada-compatta-arcadia-d3-desert-12-uv-b\/","url":"https:\/\/insektenliebe.com\/it\/shop\/prodotto\/lampada-compatta-arcadia-d3-desert-12-uv-b\/","name":"Lampada compatta Arcadia D3 Desert 12% UV-B - Insektenliebe","isPartOf":{"@id":"https:\/\/insektenliebe.com\/it\/#website"},"primaryImageOfPage":{"@id":"https:\/\/insektenliebe.com\/it\/shop\/prodotto\/lampada-compatta-arcadia-d3-desert-12-uv-b\/#primaryimage"},"image":{"@id":"https:\/\/insektenliebe.com\/it\/shop\/prodotto\/lampada-compatta-arcadia-d3-desert-12-uv-b\/#primaryimage"},"thumbnailUrl":"https:\/\/insektenliebe.com\/wp-content\/uploads\/2025\/08\/Arcadia-Kompaktlampe-D3-Wueste-12-UV-B.jpg","datePublished":"2025-08-30T10:15:28+00:00","description":"12 % UV-B per animali del deserto: lampada compatta Arcadia da 13 W o 23 W. Ideale fino a un'altezza di 60 cm. Favorisce la vitamina D3, l'attivit\u00e0 e il metabolismo del calcio.","breadcrumb":{"@id":"https:\/\/insektenliebe.com\/it\/shop\/prodotto\/lampada-compatta-arcadia-d3-desert-12-uv-b\/#breadcrumb"},"inLanguage":"it-IT","potentialAction":[{"@type":"ReadAction","target":["https:\/\/insektenliebe.com\/it\/shop\/prodotto\/lampada-compatta-arcadia-d3-desert-12-uv-b\/"]}]},{"@type":"ImageObject","inLanguage":"it-IT","@id":"https:\/\/insektenliebe.com\/it\/shop\/prodotto\/lampada-compatta-arcadia-d3-desert-12-uv-b\/#primaryimage","url":"https:\/\/insektenliebe.com\/wp-content\/uploads\/2025\/08\/Arcadia-Kompaktlampe-D3-Wueste-12-UV-B.jpg","contentUrl":"https:\/\/insektenliebe.com\/wp-content\/uploads\/2025\/08\/Arcadia-Kompaktlampe-D3-Wueste-12-UV-B.jpg","width":820,"height":820,"caption":"Lampada compatta Arcadia D3 Desert 12% UV-B"},{"@type":"BreadcrumbList","@id":"https:\/\/insektenliebe.com\/it\/shop\/prodotto\/lampada-compatta-arcadia-d3-desert-12-uv-b\/#breadcrumb","itemListElement":[{"@type":"ListItem","position":1,"name":"Startseite","item":"https:\/\/insektenliebe.com\/it\/"},{"@type":"ListItem","position":2,"name":"Negozio","item":"https:\/\/insektenliebe.com\/it\/negozio\/"},{"@type":"ListItem","position":3,"name":"Lampada compatta Arcadia D3 Desert 12% UV-B"}]},{"@type":"WebSite","@id":"https:\/\/insektenliebe.com\/it\/#website","url":"https:\/\/insektenliebe.com\/it\/","name":"Insektenliebe","description":"Dein Zuhause f\u00fcr die kleinen Lebewesen","publisher":{"@id":"https:\/\/insektenliebe.com\/it\/#organization"},"potentialAction":[{"@type":"SearchAction","target":{"@type":"EntryPoint","urlTemplate":"https:\/\/insektenliebe.com\/it\/?s={search_term_string}"},"query-input":{"@type":"PropertyValueSpecification","valueRequired":true,"valueName":"search_term_string"}}],"inLanguage":"it-IT"},{"@type":"Organization","@id":"https:\/\/insektenliebe.com\/it\/#organization","name":"Insektenliebe","url":"https:\/\/insektenliebe.com\/it\/","logo":{"@type":"ImageObject","inLanguage":"it-IT","@id":"https:\/\/insektenliebe.com\/it\/#\/schema\/logo\/image\/","url":"https:\/\/insektenliebe.com\/wp-content\/uploads\/2025\/03\/logo-white.png","contentUrl":"https:\/\/insektenliebe.com\/wp-content\/uploads\/2025\/03\/logo-white.png","width":288,"height":188,"caption":"Insektenliebe"},"image":{"@id":"https:\/\/insektenliebe.com\/it\/#\/schema\/logo\/image\/"}}]}},"_links":{"self":[{"href":"https:\/\/insektenliebe.com\/it\/wp-json\/wp\/v2\/product\/187282","targetHints":{"allow":["GET"]}}],"collection":[{"href":"https:\/\/insektenliebe.com\/it\/wp-json\/wp\/v2\/product"}],"about":[{"href":"https:\/\/insektenliebe.com\/it\/wp-json\/wp\/v2\/types\/product"}],"wp:featuredmedia":[{"embeddable":true,"href":"https:\/\/insektenliebe.com\/it\/wp-json\/wp\/v2\/media\/187284"}],"wp:attachment":[{"href":"https:\/\/insektenliebe.com\/it\/wp-json\/wp\/v2\/media?parent=187282"}],"wp:term":[{"taxonomy":"product-supplier","embeddable":true,"href":"https:\/\/insektenliebe.com\/it\/wp-json\/wp\/v2\/product-supplier?post=187282"},{"taxonomy":"product_brand","embeddable":true,"href":"https:\/\/insektenliebe.com\/it\/wp-json\/wp\/v2\/product_brand?post=187282"},{"taxonomy":"product_cat","embeddable":true,"href":"https:\/\/insektenliebe.com\/it\/wp-json\/wp\/v2\/product_cat?post=187282"},{"taxonomy":"product_tag","embeddable":true,"href":"https:\/\/insektenliebe.com\/it\/wp-json\/wp\/v2\/product_tag?post=187282"},{"taxonomy":"lce-checkout-addons","embeddable":true,"href":"https:\/\/insektenliebe.com\/it\/wp-json\/wp\/v2\/lce-checkout-addons?post=187282"}],"curies":[{"name":"wp","href":"https:\/\/api.w.org\/{rel}","templated":true}]}}