{"id":187281,"date":"2025-09-05T16:27:00","date_gmt":"2025-09-05T14:27:00","guid":{"rendered":"https:\/\/insektenliebe.com\/shop\/produkt\/philodendron-scandens-pictus\/"},"modified":"2025-09-05T16:27:00","modified_gmt":"2025-09-05T14:27:00","slug":"philodendron-scandens-pictus","status":"publish","type":"product","link":"https:\/\/insektenliebe.com\/it\/shop\/prodotto\/philodendron-scandens-pictus\/","title":{"rendered":"Philodendron scandens pictus"},"content":{"rendered":"<h3 class=\"p1\"><span style=\"color: #99cc33\"><strong><span class=\"s1\">Il rampicante a macchie d&#8217;argento: Philodendron scandens pictus in dettaglio<\/span><\/strong><\/span><\/h3>\n<p class=\"p1\"><span class=\"s1\">Il <\/span><strong><span class=\"s2\">Philodendron scandens pictus<\/span><\/strong><span class=\"s1\">conosciuto anche come \"filodendro di velluto\" o \"Scindapsus pictus\", \u00e8 una delle piante rampicanti pi\u00f9 popolari per terrari e spazi abitativi. Le sue foglie a forma di cuore, di colore verde vellutato, sono ricoperte da macchie argentee e scintillanti che le conferiscono un aspetto particolarmente elegante e tropicale. La sua crescita rampicante e allo stesso tempo ricadente la rende adatta a rinverdire le pareti posteriori dei terrari e a decorare i cesti sospesi.  <\/span><\/p>\n<p class=\"p1\"><span class=\"s1\">In natura, il <strong><span class=\"s2\">Philodendron scandens pictus<\/span><\/strong> \u00e8 originario delle foreste pluviali tropicali dell&#8217;America Centrale. Qui cresce solitamente come pianta appollaiata sugli alberi, sempre alla ricerca di luce e umidit\u00e0. Questa origine si riflette anche nelle condizioni di mantenimento: la pianta predilige un&#8217;elevata umidit\u00e0, un apporto idrico uniforme e condizioni di luce luminosa ma indiretta. La luce diretta del sole deve essere evitata perch\u00e9 pu\u00f2 bruciare le foglie sensibili.   <\/span><\/p>\n<p class=\"p1\"><span class=\"s1\">\u00c8 ideale da tenere in un terrario, in quanto sopporta bene le condizioni calde e umide tipiche del luogo. Le temperature ideali sono comprese tra i 20 e i 28 \u00b0C, cos\u00ec come l&#8217;umidit\u00e0 del 70-90%. Il filodendro vellutato cresce moderatamente e pu\u00f2 essere tagliato regolarmente per mantenerlo pi\u00f9 cespuglioso o per controllare la direzione di crescita. Con il suo portamento rampicante e le sue foglie attraenti, crea un ambiente vivace e tropicale che non solo \u00e8 piacevole alla vista ma arricchisce anche gli animali che lo abitano.   <\/span><\/p>\n<p class=\"p1\"><span class=\"s1\">Affinch\u00e9 il filodendro cresca in modo ottimale, necessita di un&#8217;intensit\u00e0 luminosa di circa <\/span><span class=\"s2\">800-1.200 lumen<\/span><span class=\"s1\">. In questo modo i disegni argentei rimangono intensi e la pianta cresce compatta e sana.<\/span><\/p>\n","protected":false},"excerpt":{"rendered":"<p>Il rampicante a macchie d&#8217;argento: Philodendron scandens pictus in dettaglio Il Philodendron scandens pictusconosciuto anche come \"filodendro di velluto\" o \"Scindapsus pictus\", \u00e8 una delle piante rampicanti pi\u00f9 popolari per terrari e spazi abitativi. Le sue foglie a forma di cuore, di colore verde vellutato, sono ricoperte da macchie argentee e scintillanti che le conferiscono [&hellip;]<\/p>\n","protected":false},"featured_media":187283,"template":"","meta":{"_acf_changed":false},"product-supplier":[2685],"product_brand":[],"product_cat":[3181],"product_tag":[],"lce-checkout-addons":[2746],"class_list":{"0":"post-187281","1":"product","2":"type-product","3":"status-publish","4":"has-post-thumbnail","6":"product_cat-piante-da-terrario","7":"product_shipping_class-equipment-shipping","8":"pa_herkunft-florida","9":"lce-checkout-addons-imballaggio-invernale","11":"first","12":"instock","13":"sale","14":"taxable","15":"shipping-taxable","16":"purchasable","17":"product-type-simple"},"acf":[],"yoast_head":"<!-- This site is optimized with the Yoast SEO plugin v27.3 - https:\/\/yoast.com\/product\/yoast-seo-wordpress\/ -->\n<title>Philodendron scandens pictus - Insektenliebe<\/title>\n<meta name=\"description\" content=\"Philodendron scandens pictus con foglie verde-argento - pianta rampicante perfetta per i terrari, ama l&#039;umidit\u00e0 elevata e la luce indiretta.\" \/>\n<meta name=\"robots\" content=\"index, follow, max-snippet:-1, max-image-preview:large, max-video-preview:-1\" \/>\n<link rel=\"canonical\" href=\"https:\/\/insektenliebe.com\/it\/shop\/prodotto\/philodendron-scandens-pictus\/\" \/>\n<meta property=\"og:locale\" content=\"it_IT\" \/>\n<meta property=\"og:type\" content=\"article\" \/>\n<meta property=\"og:title\" content=\"Philodendron scandens pictus - Insektenliebe\" \/>\n<meta property=\"og:description\" content=\"Philodendron scandens pictus con foglie verde-argento - pianta rampicante perfetta per i terrari, ama l&#039;umidit\u00e0 elevata e la luce indiretta.\" \/>\n<meta property=\"og:url\" content=\"https:\/\/insektenliebe.com\/it\/shop\/prodotto\/philodendron-scandens-pictus\/\" \/>\n<meta property=\"og:site_name\" content=\"Insektenliebe\" \/>\n<meta property=\"og:image\" content=\"https:\/\/insektenliebe.com\/wp-content\/uploads\/2025\/09\/Philodendron-scandens-pictus.jpg\" \/>\n\t<meta property=\"og:image:width\" content=\"820\" \/>\n\t<meta property=\"og:image:height\" content=\"820\" \/>\n\t<meta property=\"og:image:type\" content=\"image\/jpeg\" \/>\n<meta name=\"twitter:card\" content=\"summary_large_image\" \/>\n<meta name=\"twitter:label1\" content=\"Tempo di lettura stimato\" \/>\n\t<meta name=\"twitter:data1\" content=\"1 minuto\" \/>\n<script type=\"application\/ld+json\" class=\"yoast-schema-graph\">{\"@context\":\"https:\\\/\\\/schema.org\",\"@graph\":[{\"@type\":\"WebPage\",\"@id\":\"https:\\\/\\\/insektenliebe.com\\\/it\\\/shop\\\/prodotto\\\/philodendron-scandens-pictus\\\/\",\"url\":\"https:\\\/\\\/insektenliebe.com\\\/it\\\/shop\\\/prodotto\\\/philodendron-scandens-pictus\\\/\",\"name\":\"Philodendron scandens pictus - Insektenliebe\",\"isPartOf\":{\"@id\":\"https:\\\/\\\/insektenliebe.com\\\/it\\\/#website\"},\"primaryImageOfPage\":{\"@id\":\"https:\\\/\\\/insektenliebe.com\\\/it\\\/shop\\\/prodotto\\\/philodendron-scandens-pictus\\\/#primaryimage\"},\"image\":{\"@id\":\"https:\\\/\\\/insektenliebe.com\\\/it\\\/shop\\\/prodotto\\\/philodendron-scandens-pictus\\\/#primaryimage\"},\"thumbnailUrl\":\"https:\\\/\\\/insektenliebe.com\\\/wp-content\\\/uploads\\\/2025\\\/09\\\/Philodendron-scandens-pictus.jpg\",\"datePublished\":\"2025-09-05T14:27:00+00:00\",\"description\":\"Philodendron scandens pictus con foglie verde-argento - pianta rampicante perfetta per i terrari, ama l'umidit\u00e0 elevata e la luce indiretta.\",\"breadcrumb\":{\"@id\":\"https:\\\/\\\/insektenliebe.com\\\/it\\\/shop\\\/prodotto\\\/philodendron-scandens-pictus\\\/#breadcrumb\"},\"inLanguage\":\"it-IT\",\"potentialAction\":[{\"@type\":\"ReadAction\",\"target\":[\"https:\\\/\\\/insektenliebe.com\\\/it\\\/shop\\\/prodotto\\\/philodendron-scandens-pictus\\\/\"]}]},{\"@type\":\"ImageObject\",\"inLanguage\":\"it-IT\",\"@id\":\"https:\\\/\\\/insektenliebe.com\\\/it\\\/shop\\\/prodotto\\\/philodendron-scandens-pictus\\\/#primaryimage\",\"url\":\"https:\\\/\\\/insektenliebe.com\\\/wp-content\\\/uploads\\\/2025\\\/09\\\/Philodendron-scandens-pictus.jpg\",\"contentUrl\":\"https:\\\/\\\/insektenliebe.com\\\/wp-content\\\/uploads\\\/2025\\\/09\\\/Philodendron-scandens-pictus.jpg\",\"width\":820,\"height\":820,\"caption\":\"Philodendron scandens pictus\"},{\"@type\":\"BreadcrumbList\",\"@id\":\"https:\\\/\\\/insektenliebe.com\\\/it\\\/shop\\\/prodotto\\\/philodendron-scandens-pictus\\\/#breadcrumb\",\"itemListElement\":[{\"@type\":\"ListItem\",\"position\":1,\"name\":\"Startseite\",\"item\":\"https:\\\/\\\/insektenliebe.com\\\/it\\\/\"},{\"@type\":\"ListItem\",\"position\":2,\"name\":\"Negozio\",\"item\":\"https:\\\/\\\/insektenliebe.com\\\/it\\\/negozio\\\/\"},{\"@type\":\"ListItem\",\"position\":3,\"name\":\"Philodendron scandens pictus\"}]},{\"@type\":\"WebSite\",\"@id\":\"https:\\\/\\\/insektenliebe.com\\\/it\\\/#website\",\"url\":\"https:\\\/\\\/insektenliebe.com\\\/it\\\/\",\"name\":\"Insektenliebe\",\"description\":\"Dein Zuhause f\u00fcr die kleinen Lebewesen\",\"publisher\":{\"@id\":\"https:\\\/\\\/insektenliebe.com\\\/it\\\/#organization\"},\"potentialAction\":[{\"@type\":\"SearchAction\",\"target\":{\"@type\":\"EntryPoint\",\"urlTemplate\":\"https:\\\/\\\/insektenliebe.com\\\/it\\\/?s={search_term_string}\"},\"query-input\":{\"@type\":\"PropertyValueSpecification\",\"valueRequired\":true,\"valueName\":\"search_term_string\"}}],\"inLanguage\":\"it-IT\"},{\"@type\":\"Organization\",\"@id\":\"https:\\\/\\\/insektenliebe.com\\\/it\\\/#organization\",\"name\":\"Insektenliebe\",\"url\":\"https:\\\/\\\/insektenliebe.com\\\/it\\\/\",\"logo\":{\"@type\":\"ImageObject\",\"inLanguage\":\"it-IT\",\"@id\":\"https:\\\/\\\/insektenliebe.com\\\/it\\\/#\\\/schema\\\/logo\\\/image\\\/\",\"url\":\"https:\\\/\\\/insektenliebe.com\\\/wp-content\\\/uploads\\\/2025\\\/03\\\/logo-white.png\",\"contentUrl\":\"https:\\\/\\\/insektenliebe.com\\\/wp-content\\\/uploads\\\/2025\\\/03\\\/logo-white.png\",\"width\":288,\"height\":188,\"caption\":\"Insektenliebe\"},\"image\":{\"@id\":\"https:\\\/\\\/insektenliebe.com\\\/it\\\/#\\\/schema\\\/logo\\\/image\\\/\"}}]}<\/script>\n<!-- \/ Yoast SEO plugin. -->","yoast_head_json":{"title":"Philodendron scandens pictus - Insektenliebe","description":"Philodendron scandens pictus con foglie verde-argento - pianta rampicante perfetta per i terrari, ama l'umidit\u00e0 elevata e la luce indiretta.","robots":{"index":"index","follow":"follow","max-snippet":"max-snippet:-1","max-image-preview":"max-image-preview:large","max-video-preview":"max-video-preview:-1"},"canonical":"https:\/\/insektenliebe.com\/it\/shop\/prodotto\/philodendron-scandens-pictus\/","og_locale":"it_IT","og_type":"article","og_title":"Philodendron scandens pictus - Insektenliebe","og_description":"Philodendron scandens pictus con foglie verde-argento - pianta rampicante perfetta per i terrari, ama l'umidit\u00e0 elevata e la luce indiretta.","og_url":"https:\/\/insektenliebe.com\/it\/shop\/prodotto\/philodendron-scandens-pictus\/","og_site_name":"Insektenliebe","og_image":[{"width":820,"height":820,"url":"https:\/\/insektenliebe.com\/wp-content\/uploads\/2025\/09\/Philodendron-scandens-pictus.jpg","type":"image\/jpeg"}],"twitter_card":"summary_large_image","twitter_misc":{"Tempo di lettura stimato":"1 minuto"},"schema":{"@context":"https:\/\/schema.org","@graph":[{"@type":"WebPage","@id":"https:\/\/insektenliebe.com\/it\/shop\/prodotto\/philodendron-scandens-pictus\/","url":"https:\/\/insektenliebe.com\/it\/shop\/prodotto\/philodendron-scandens-pictus\/","name":"Philodendron scandens pictus - Insektenliebe","isPartOf":{"@id":"https:\/\/insektenliebe.com\/it\/#website"},"primaryImageOfPage":{"@id":"https:\/\/insektenliebe.com\/it\/shop\/prodotto\/philodendron-scandens-pictus\/#primaryimage"},"image":{"@id":"https:\/\/insektenliebe.com\/it\/shop\/prodotto\/philodendron-scandens-pictus\/#primaryimage"},"thumbnailUrl":"https:\/\/insektenliebe.com\/wp-content\/uploads\/2025\/09\/Philodendron-scandens-pictus.jpg","datePublished":"2025-09-05T14:27:00+00:00","description":"Philodendron scandens pictus con foglie verde-argento - pianta rampicante perfetta per i terrari, ama l'umidit\u00e0 elevata e la luce indiretta.","breadcrumb":{"@id":"https:\/\/insektenliebe.com\/it\/shop\/prodotto\/philodendron-scandens-pictus\/#breadcrumb"},"inLanguage":"it-IT","potentialAction":[{"@type":"ReadAction","target":["https:\/\/insektenliebe.com\/it\/shop\/prodotto\/philodendron-scandens-pictus\/"]}]},{"@type":"ImageObject","inLanguage":"it-IT","@id":"https:\/\/insektenliebe.com\/it\/shop\/prodotto\/philodendron-scandens-pictus\/#primaryimage","url":"https:\/\/insektenliebe.com\/wp-content\/uploads\/2025\/09\/Philodendron-scandens-pictus.jpg","contentUrl":"https:\/\/insektenliebe.com\/wp-content\/uploads\/2025\/09\/Philodendron-scandens-pictus.jpg","width":820,"height":820,"caption":"Philodendron scandens pictus"},{"@type":"BreadcrumbList","@id":"https:\/\/insektenliebe.com\/it\/shop\/prodotto\/philodendron-scandens-pictus\/#breadcrumb","itemListElement":[{"@type":"ListItem","position":1,"name":"Startseite","item":"https:\/\/insektenliebe.com\/it\/"},{"@type":"ListItem","position":2,"name":"Negozio","item":"https:\/\/insektenliebe.com\/it\/negozio\/"},{"@type":"ListItem","position":3,"name":"Philodendron scandens pictus"}]},{"@type":"WebSite","@id":"https:\/\/insektenliebe.com\/it\/#website","url":"https:\/\/insektenliebe.com\/it\/","name":"Insektenliebe","description":"Dein Zuhause f\u00fcr die kleinen Lebewesen","publisher":{"@id":"https:\/\/insektenliebe.com\/it\/#organization"},"potentialAction":[{"@type":"SearchAction","target":{"@type":"EntryPoint","urlTemplate":"https:\/\/insektenliebe.com\/it\/?s={search_term_string}"},"query-input":{"@type":"PropertyValueSpecification","valueRequired":true,"valueName":"search_term_string"}}],"inLanguage":"it-IT"},{"@type":"Organization","@id":"https:\/\/insektenliebe.com\/it\/#organization","name":"Insektenliebe","url":"https:\/\/insektenliebe.com\/it\/","logo":{"@type":"ImageObject","inLanguage":"it-IT","@id":"https:\/\/insektenliebe.com\/it\/#\/schema\/logo\/image\/","url":"https:\/\/insektenliebe.com\/wp-content\/uploads\/2025\/03\/logo-white.png","contentUrl":"https:\/\/insektenliebe.com\/wp-content\/uploads\/2025\/03\/logo-white.png","width":288,"height":188,"caption":"Insektenliebe"},"image":{"@id":"https:\/\/insektenliebe.com\/it\/#\/schema\/logo\/image\/"}}]}},"_links":{"self":[{"href":"https:\/\/insektenliebe.com\/it\/wp-json\/wp\/v2\/product\/187281","targetHints":{"allow":["GET"]}}],"collection":[{"href":"https:\/\/insektenliebe.com\/it\/wp-json\/wp\/v2\/product"}],"about":[{"href":"https:\/\/insektenliebe.com\/it\/wp-json\/wp\/v2\/types\/product"}],"wp:featuredmedia":[{"embeddable":true,"href":"https:\/\/insektenliebe.com\/it\/wp-json\/wp\/v2\/media\/187283"}],"wp:attachment":[{"href":"https:\/\/insektenliebe.com\/it\/wp-json\/wp\/v2\/media?parent=187281"}],"wp:term":[{"taxonomy":"product-supplier","embeddable":true,"href":"https:\/\/insektenliebe.com\/it\/wp-json\/wp\/v2\/product-supplier?post=187281"},{"taxonomy":"product_brand","embeddable":true,"href":"https:\/\/insektenliebe.com\/it\/wp-json\/wp\/v2\/product_brand?post=187281"},{"taxonomy":"product_cat","embeddable":true,"href":"https:\/\/insektenliebe.com\/it\/wp-json\/wp\/v2\/product_cat?post=187281"},{"taxonomy":"product_tag","embeddable":true,"href":"https:\/\/insektenliebe.com\/it\/wp-json\/wp\/v2\/product_tag?post=187281"},{"taxonomy":"lce-checkout-addons","embeddable":true,"href":"https:\/\/insektenliebe.com\/it\/wp-json\/wp\/v2\/lce-checkout-addons?post=187281"}],"curies":[{"name":"wp","href":"https:\/\/api.w.org\/{rel}","templated":true}]}}