{"id":187262,"date":"2025-10-23T18:35:00","date_gmt":"2025-10-23T16:35:00","guid":{"rendered":"https:\/\/insektenliebe.com\/shop\/produkt\/radice-di-ragno-nero\/"},"modified":"2026-03-28T11:29:55","modified_gmt":"2026-03-28T10:29:55","slug":"radice-di-ragno-nero","status":"publish","type":"product","link":"https:\/\/insektenliebe.com\/it\/shop\/prodotto\/radice-di-ragno-nero\/","title":{"rendered":"Radice di ragno nero"},"content":{"rendered":"<h3 class=\"p1\"><span style=\"color: #99cc33\"><strong><span class=\"s1\">Struttura radicale nera per allestimenti con muschio e vasche bioattive<\/span><\/strong><\/span><\/h3>\n<p class=\"p1\"><span class=\"s1\">Sei alla ricerca di qualcosa di scuro e selvaggio per il tuo terrario che possa fare pi\u00f9 di un semplice effetto estetico? Poi il  <\/span><strong><span class=\"s2\">Radice di ragno nero<\/span><\/strong><span class=\"s1\">  proprio la cosa giusta. I loro rami lunghi e sottili ricordano le zampe di un ragno: bizzarri, affascinanti e semplicemente perfetti per terrari di carattere. Ogni radice \u00e8 davvero unica, con una forma tutta sua: non esistono due pezzi uguali. <\/span><\/p>\n<p class=\"p1\"><span class=\"s1\">Ci\u00f2 che la rende cos\u00ec speciale \u00e8 che non si tratta di una semplice decorazione, ma di un vero e proprio parco giochi per i tuoi animali.  <\/span><span class=\"s2\">Ragni saltatori, tarantole, gechi, mantidi religiose, scorpioni e cocciniglie<\/span><span class=\"s1\">  - A tutti loro piace utilizzare la radice per arrampicarsi, nascondersi o semplicemente come piattaforma di osservazione elevata. Se vuoi dare un po&#8217; di vita in pi\u00f9 al tuo impianto, questa radice \u00e8 la scelta giusta.<\/span><\/p>\n<p class=\"p1\"><span class=\"s1\">Anche gli amanti delle piante avranno pane per i loro denti: la radice di Ragno Nero pu\u00f2 essere abbinata a muschi o piccole epifite. <\/span><span class=\"s2\">muschi o piccole piante perenni<\/span><span class=\"s1\">  come le tillandsie o le bromelie. Negli ambienti tropicali, cresce insieme alla pianta: dopo qualche settimana, crescono biofilm, muschi o licheni che rendono la radice ancora pi\u00f9 naturale.<\/span><\/p>\n<p class=\"p1\"><span class=\"s1\">Puoi installarlo in orizzontale, in verticale o ad angolo nel layout: la sua forma lo rende adatto a vasche alte o poco profonde, in allestimenti densi o come unico richiamo visivo in vasche da esposizione minimaliste. Tra l&#8217;altro, ha un aspetto particolarmente bello con piante verdi e forti sullo sfondo. <\/span><\/p>\n<p class=\"p1\"><span class=\"s1\">Che si tratti di un centro decorativo o di un punto di arrampicata naturale, il <\/span><strong><span class=\"s2\">Radice di ragno nero<\/span><\/strong><span class=\"s1\">  \u00e8 un vero e proprio creatore di umori. D\u00e0 profondit\u00e0, struttura e contrasto al tuo terrario e lo rende un po&#8217; pi\u00f9 vivace.<\/span><\/p>\n<p class=\"p1\"><span class=\"s1\">Scura, angolata, naturale: la Radice di Ragno Nera non \u00e8 solo un&#8217;attrazione per gli occhi, ma anche un&#8217;esperienza per gli animali e per chi li custodisce. Esattamente ci\u00f2 che fa di un terrario un buon terrario. <\/span><\/p>\n","protected":false},"excerpt":{"rendered":"<p>Struttura radicale nera per allestimenti con muschio e vasche bioattive Sei alla ricerca di qualcosa di scuro e selvaggio per il tuo terrario che possa fare pi\u00f9 di un semplice effetto estetico? Poi il Radice di ragno nero proprio la cosa giusta. I loro rami lunghi e sottili ricordano le zampe di un ragno: bizzarri, [&hellip;]<\/p>\n","protected":false},"featured_media":187264,"template":"","meta":{"_acf_changed":false},"product-supplier":[2685],"product_brand":[],"product_cat":[2740],"product_tag":[],"lce-checkout-addons":[],"class_list":{"0":"post-187262","1":"product","2":"type-product","3":"status-publish","4":"has-post-thumbnail","6":"product_cat-arredamento-e-decorazione","7":"product_shipping_class-equipment-shipping","9":"first","10":"instock","11":"taxable","12":"shipping-taxable","13":"purchasable","14":"product-type-variable"},"acf":[],"yoast_head":"<!-- This site is optimized with the Yoast SEO plugin v27.3 - https:\/\/yoast.com\/product\/yoast-seo-wordpress\/ -->\n<title>Radice di ragno nero - Insektenliebe<\/title>\n<meta name=\"description\" content=\"Acquista online la Radice di Ragno Nero - una radice naturale bizzarra e bellissima per ragni saltatori, isopodi &amp; co. Ideale come arrampicata e decorazione nel terrario.\" \/>\n<meta name=\"robots\" content=\"index, follow, max-snippet:-1, max-image-preview:large, max-video-preview:-1\" \/>\n<link rel=\"canonical\" href=\"https:\/\/insektenliebe.com\/it\/shop\/prodotto\/radice-di-ragno-nero\/\" \/>\n<meta property=\"og:locale\" content=\"it_IT\" \/>\n<meta property=\"og:type\" content=\"article\" \/>\n<meta property=\"og:title\" content=\"Radice di ragno nero - Insektenliebe\" \/>\n<meta property=\"og:description\" content=\"Acquista online la Radice di Ragno Nero - una radice naturale bizzarra e bellissima per ragni saltatori, isopodi &amp; co. Ideale come arrampicata e decorazione nel terrario.\" \/>\n<meta property=\"og:url\" content=\"https:\/\/insektenliebe.com\/it\/shop\/prodotto\/radice-di-ragno-nero\/\" \/>\n<meta property=\"og:site_name\" content=\"Insektenliebe\" \/>\n<meta property=\"article:modified_time\" content=\"2026-03-28T10:29:55+00:00\" \/>\n<meta property=\"og:image\" content=\"https:\/\/insektenliebe.com\/wp-content\/uploads\/2025\/10\/Black-Spider-Wurzel.jpg\" \/>\n\t<meta property=\"og:image:width\" content=\"820\" \/>\n\t<meta property=\"og:image:height\" content=\"820\" \/>\n\t<meta property=\"og:image:type\" content=\"image\/jpeg\" \/>\n<meta name=\"twitter:card\" content=\"summary_large_image\" \/>\n<meta name=\"twitter:label1\" content=\"Tempo di lettura stimato\" \/>\n\t<meta name=\"twitter:data1\" content=\"2 minuto\" \/>\n<script type=\"application\/ld+json\" class=\"yoast-schema-graph\">{\"@context\":\"https:\\\/\\\/schema.org\",\"@graph\":[{\"@type\":\"WebPage\",\"@id\":\"https:\\\/\\\/insektenliebe.com\\\/it\\\/shop\\\/prodotto\\\/radice-di-ragno-nero\\\/\",\"url\":\"https:\\\/\\\/insektenliebe.com\\\/it\\\/shop\\\/prodotto\\\/radice-di-ragno-nero\\\/\",\"name\":\"Radice di ragno nero - Insektenliebe\",\"isPartOf\":{\"@id\":\"https:\\\/\\\/insektenliebe.com\\\/it\\\/#website\"},\"primaryImageOfPage\":{\"@id\":\"https:\\\/\\\/insektenliebe.com\\\/it\\\/shop\\\/prodotto\\\/radice-di-ragno-nero\\\/#primaryimage\"},\"image\":{\"@id\":\"https:\\\/\\\/insektenliebe.com\\\/it\\\/shop\\\/prodotto\\\/radice-di-ragno-nero\\\/#primaryimage\"},\"thumbnailUrl\":\"https:\\\/\\\/insektenliebe.com\\\/wp-content\\\/uploads\\\/2025\\\/10\\\/Black-Spider-Wurzel.jpg\",\"datePublished\":\"2025-10-23T16:35:00+00:00\",\"dateModified\":\"2026-03-28T10:29:55+00:00\",\"description\":\"Acquista online la Radice di Ragno Nero - una radice naturale bizzarra e bellissima per ragni saltatori, isopodi & co. Ideale come arrampicata e decorazione nel terrario.\",\"breadcrumb\":{\"@id\":\"https:\\\/\\\/insektenliebe.com\\\/it\\\/shop\\\/prodotto\\\/radice-di-ragno-nero\\\/#breadcrumb\"},\"inLanguage\":\"it-IT\",\"potentialAction\":[{\"@type\":\"ReadAction\",\"target\":[\"https:\\\/\\\/insektenliebe.com\\\/it\\\/shop\\\/prodotto\\\/radice-di-ragno-nero\\\/\"]}]},{\"@type\":\"ImageObject\",\"inLanguage\":\"it-IT\",\"@id\":\"https:\\\/\\\/insektenliebe.com\\\/it\\\/shop\\\/prodotto\\\/radice-di-ragno-nero\\\/#primaryimage\",\"url\":\"https:\\\/\\\/insektenliebe.com\\\/wp-content\\\/uploads\\\/2025\\\/10\\\/Black-Spider-Wurzel.jpg\",\"contentUrl\":\"https:\\\/\\\/insektenliebe.com\\\/wp-content\\\/uploads\\\/2025\\\/10\\\/Black-Spider-Wurzel.jpg\",\"width\":820,\"height\":820,\"caption\":\"Radice di ragno nero\"},{\"@type\":\"BreadcrumbList\",\"@id\":\"https:\\\/\\\/insektenliebe.com\\\/it\\\/shop\\\/prodotto\\\/radice-di-ragno-nero\\\/#breadcrumb\",\"itemListElement\":[{\"@type\":\"ListItem\",\"position\":1,\"name\":\"Startseite\",\"item\":\"https:\\\/\\\/insektenliebe.com\\\/it\\\/\"},{\"@type\":\"ListItem\",\"position\":2,\"name\":\"Negozio\",\"item\":\"https:\\\/\\\/insektenliebe.com\\\/it\\\/negozio\\\/\"},{\"@type\":\"ListItem\",\"position\":3,\"name\":\"Radice di ragno nero\"}]},{\"@type\":\"WebSite\",\"@id\":\"https:\\\/\\\/insektenliebe.com\\\/it\\\/#website\",\"url\":\"https:\\\/\\\/insektenliebe.com\\\/it\\\/\",\"name\":\"Insektenliebe\",\"description\":\"Dein Zuhause f\u00fcr die kleinen Lebewesen\",\"publisher\":{\"@id\":\"https:\\\/\\\/insektenliebe.com\\\/it\\\/#organization\"},\"potentialAction\":[{\"@type\":\"SearchAction\",\"target\":{\"@type\":\"EntryPoint\",\"urlTemplate\":\"https:\\\/\\\/insektenliebe.com\\\/it\\\/?s={search_term_string}\"},\"query-input\":{\"@type\":\"PropertyValueSpecification\",\"valueRequired\":true,\"valueName\":\"search_term_string\"}}],\"inLanguage\":\"it-IT\"},{\"@type\":\"Organization\",\"@id\":\"https:\\\/\\\/insektenliebe.com\\\/it\\\/#organization\",\"name\":\"Insektenliebe\",\"url\":\"https:\\\/\\\/insektenliebe.com\\\/it\\\/\",\"logo\":{\"@type\":\"ImageObject\",\"inLanguage\":\"it-IT\",\"@id\":\"https:\\\/\\\/insektenliebe.com\\\/it\\\/#\\\/schema\\\/logo\\\/image\\\/\",\"url\":\"https:\\\/\\\/insektenliebe.com\\\/wp-content\\\/uploads\\\/2025\\\/03\\\/logo-white.png\",\"contentUrl\":\"https:\\\/\\\/insektenliebe.com\\\/wp-content\\\/uploads\\\/2025\\\/03\\\/logo-white.png\",\"width\":288,\"height\":188,\"caption\":\"Insektenliebe\"},\"image\":{\"@id\":\"https:\\\/\\\/insektenliebe.com\\\/it\\\/#\\\/schema\\\/logo\\\/image\\\/\"}}]}<\/script>\n<!-- \/ Yoast SEO plugin. -->","yoast_head_json":{"title":"Radice di ragno nero - Insektenliebe","description":"Acquista online la Radice di Ragno Nero - una radice naturale bizzarra e bellissima per ragni saltatori, isopodi & co. Ideale come arrampicata e decorazione nel terrario.","robots":{"index":"index","follow":"follow","max-snippet":"max-snippet:-1","max-image-preview":"max-image-preview:large","max-video-preview":"max-video-preview:-1"},"canonical":"https:\/\/insektenliebe.com\/it\/shop\/prodotto\/radice-di-ragno-nero\/","og_locale":"it_IT","og_type":"article","og_title":"Radice di ragno nero - Insektenliebe","og_description":"Acquista online la Radice di Ragno Nero - una radice naturale bizzarra e bellissima per ragni saltatori, isopodi & co. Ideale come arrampicata e decorazione nel terrario.","og_url":"https:\/\/insektenliebe.com\/it\/shop\/prodotto\/radice-di-ragno-nero\/","og_site_name":"Insektenliebe","article_modified_time":"2026-03-28T10:29:55+00:00","og_image":[{"width":820,"height":820,"url":"https:\/\/insektenliebe.com\/wp-content\/uploads\/2025\/10\/Black-Spider-Wurzel.jpg","type":"image\/jpeg"}],"twitter_card":"summary_large_image","twitter_misc":{"Tempo di lettura stimato":"2 minuto"},"schema":{"@context":"https:\/\/schema.org","@graph":[{"@type":"WebPage","@id":"https:\/\/insektenliebe.com\/it\/shop\/prodotto\/radice-di-ragno-nero\/","url":"https:\/\/insektenliebe.com\/it\/shop\/prodotto\/radice-di-ragno-nero\/","name":"Radice di ragno nero - Insektenliebe","isPartOf":{"@id":"https:\/\/insektenliebe.com\/it\/#website"},"primaryImageOfPage":{"@id":"https:\/\/insektenliebe.com\/it\/shop\/prodotto\/radice-di-ragno-nero\/#primaryimage"},"image":{"@id":"https:\/\/insektenliebe.com\/it\/shop\/prodotto\/radice-di-ragno-nero\/#primaryimage"},"thumbnailUrl":"https:\/\/insektenliebe.com\/wp-content\/uploads\/2025\/10\/Black-Spider-Wurzel.jpg","datePublished":"2025-10-23T16:35:00+00:00","dateModified":"2026-03-28T10:29:55+00:00","description":"Acquista online la Radice di Ragno Nero - una radice naturale bizzarra e bellissima per ragni saltatori, isopodi & co. Ideale come arrampicata e decorazione nel terrario.","breadcrumb":{"@id":"https:\/\/insektenliebe.com\/it\/shop\/prodotto\/radice-di-ragno-nero\/#breadcrumb"},"inLanguage":"it-IT","potentialAction":[{"@type":"ReadAction","target":["https:\/\/insektenliebe.com\/it\/shop\/prodotto\/radice-di-ragno-nero\/"]}]},{"@type":"ImageObject","inLanguage":"it-IT","@id":"https:\/\/insektenliebe.com\/it\/shop\/prodotto\/radice-di-ragno-nero\/#primaryimage","url":"https:\/\/insektenliebe.com\/wp-content\/uploads\/2025\/10\/Black-Spider-Wurzel.jpg","contentUrl":"https:\/\/insektenliebe.com\/wp-content\/uploads\/2025\/10\/Black-Spider-Wurzel.jpg","width":820,"height":820,"caption":"Radice di ragno nero"},{"@type":"BreadcrumbList","@id":"https:\/\/insektenliebe.com\/it\/shop\/prodotto\/radice-di-ragno-nero\/#breadcrumb","itemListElement":[{"@type":"ListItem","position":1,"name":"Startseite","item":"https:\/\/insektenliebe.com\/it\/"},{"@type":"ListItem","position":2,"name":"Negozio","item":"https:\/\/insektenliebe.com\/it\/negozio\/"},{"@type":"ListItem","position":3,"name":"Radice di ragno nero"}]},{"@type":"WebSite","@id":"https:\/\/insektenliebe.com\/it\/#website","url":"https:\/\/insektenliebe.com\/it\/","name":"Insektenliebe","description":"Dein Zuhause f\u00fcr die kleinen Lebewesen","publisher":{"@id":"https:\/\/insektenliebe.com\/it\/#organization"},"potentialAction":[{"@type":"SearchAction","target":{"@type":"EntryPoint","urlTemplate":"https:\/\/insektenliebe.com\/it\/?s={search_term_string}"},"query-input":{"@type":"PropertyValueSpecification","valueRequired":true,"valueName":"search_term_string"}}],"inLanguage":"it-IT"},{"@type":"Organization","@id":"https:\/\/insektenliebe.com\/it\/#organization","name":"Insektenliebe","url":"https:\/\/insektenliebe.com\/it\/","logo":{"@type":"ImageObject","inLanguage":"it-IT","@id":"https:\/\/insektenliebe.com\/it\/#\/schema\/logo\/image\/","url":"https:\/\/insektenliebe.com\/wp-content\/uploads\/2025\/03\/logo-white.png","contentUrl":"https:\/\/insektenliebe.com\/wp-content\/uploads\/2025\/03\/logo-white.png","width":288,"height":188,"caption":"Insektenliebe"},"image":{"@id":"https:\/\/insektenliebe.com\/it\/#\/schema\/logo\/image\/"}}]}},"_links":{"self":[{"href":"https:\/\/insektenliebe.com\/it\/wp-json\/wp\/v2\/product\/187262","targetHints":{"allow":["GET"]}}],"collection":[{"href":"https:\/\/insektenliebe.com\/it\/wp-json\/wp\/v2\/product"}],"about":[{"href":"https:\/\/insektenliebe.com\/it\/wp-json\/wp\/v2\/types\/product"}],"wp:featuredmedia":[{"embeddable":true,"href":"https:\/\/insektenliebe.com\/it\/wp-json\/wp\/v2\/media\/187264"}],"wp:attachment":[{"href":"https:\/\/insektenliebe.com\/it\/wp-json\/wp\/v2\/media?parent=187262"}],"wp:term":[{"taxonomy":"product-supplier","embeddable":true,"href":"https:\/\/insektenliebe.com\/it\/wp-json\/wp\/v2\/product-supplier?post=187262"},{"taxonomy":"product_brand","embeddable":true,"href":"https:\/\/insektenliebe.com\/it\/wp-json\/wp\/v2\/product_brand?post=187262"},{"taxonomy":"product_cat","embeddable":true,"href":"https:\/\/insektenliebe.com\/it\/wp-json\/wp\/v2\/product_cat?post=187262"},{"taxonomy":"product_tag","embeddable":true,"href":"https:\/\/insektenliebe.com\/it\/wp-json\/wp\/v2\/product_tag?post=187262"},{"taxonomy":"lce-checkout-addons","embeddable":true,"href":"https:\/\/insektenliebe.com\/it\/wp-json\/wp\/v2\/lce-checkout-addons?post=187262"}],"curies":[{"name":"wp","href":"https:\/\/api.w.org\/{rel}","templated":true}]}}