{"id":187253,"date":"2025-11-01T13:02:00","date_gmt":"2025-11-01T12:02:00","guid":{"rendered":"https:\/\/insektenliebe.com\/shop\/produkt\/troglodillo-spec-sunset-queen\/"},"modified":"2025-11-01T13:02:00","modified_gmt":"2025-11-01T12:02:00","slug":"troglodillo-spec-sunset-queen","status":"publish","type":"product","link":"https:\/\/insektenliebe.com\/it\/shop\/prodotto\/troglodillo-spec-sunset-queen\/","title":{"rendered":"Troglodillo spec. \"Sunset Queen\""},"content":{"rendered":"<p class=\"p1\"><span class=\"s1\">L&#8217;incantevole  <strong>Troglodillo spec. \"Sunset Queen\" <\/strong><\/span><span class=\"s1\">  \u00e8 uno straordinario esemplare di isopode tenero che cattura immediatamente l&#8217;attenzione con la sua calda tavolozza di colori che vanno dall&#8217;arancione intenso al tenue marrone ruggine. Originariamente conosciuto come \"Sunset\" o \"Sunset Queen\", oggi \u00e8 considerato un morph allevato stabilmente in Thailandia ed \u00e8 molto ricercato dai collezionisti per la sua eleganza e variet\u00e0 di colori. <span class=\"Apple-converted-space\">  <\/span><\/span><\/p>\n<p class=\"p1\"><span class=\"s1\">Nonostante l&#8217;aspetto esotico, questa specie convince grazie a <\/span><span class=\"s4\">le sue facili esigenze di cura<\/span><span class=\"s1\">  ed \u00e8 adatto sia ai principianti che agli allevatori esperti. \u00c8 calma, attiva vicino al terreno e agisce con sicurezza sia in gruppo che da sola. La regina del tramonto si sente particolarmente a suo agio in un terrario ben strutturato con un substrato ricco di humus, lettiera di foglie e una zona umida e appartata.  <\/span><\/p>\n<p class=\"p1\"><span class=\"s1\">La colorazione varia a seconda delle condizioni di luce e dei cicli di muta: i toni caldi dell&#8217;arancione sono particolarmente efficaci sui terreni scuri. Per quanto riguarda l&#8217;alimentazione, non ci sono complicazioni: lettiera di foglie morte, legno bianco marcio, muschio e pezzi occasionali di frutta e verdura sono del tutto sufficienti, integrati da una fonte di calcio come l&#8217;osso di seppia. Secondo i rapporti di allevamento, \u00e8 possibile una riproduzione affidabile se il microclima rimane costante e se sono disponibili sufficienti nascondigli.  <span class=\"Apple-converted-space\">  <\/span><\/span><\/p>\n<p class=\"p1\"><span class=\"s1\">Se vuoi arricchire il substrato del tuo terrario con un elemento colorato, il  <strong>Troglodillo spec. \"Sunset Queen\" <\/strong>  una scelta eccellente. Elegante, robusta e allo stesso tempo straordinaria: questa Assel dona calore, estetica e biodinamica a qualsiasi allestimento. <\/span><\/p>\n","protected":false},"excerpt":{"rendered":"<p>L&#8217;incantevole Troglodillo spec. \"Sunset Queen\" \u00e8 uno straordinario esemplare di isopode tenero che cattura immediatamente l&#8217;attenzione con la sua calda tavolozza di colori che vanno dall&#8217;arancione intenso al tenue marrone ruggine. Originariamente conosciuto come \"Sunset\" o \"Sunset Queen\", oggi \u00e8 considerato un morph allevato stabilmente in Thailandia ed \u00e8 molto ricercato dai collezionisti per la [&hellip;]<\/p>\n","protected":false},"featured_media":187255,"template":"","meta":{"_acf_changed":false},"product-supplier":[],"product_brand":[],"product_cat":[2850],"product_tag":[],"lce-checkout-addons":[2746],"class_list":{"0":"post-187253","1":"product","2":"type-product","3":"status-publish","4":"has-post-thumbnail","6":"product_cat-altri-isopodi-merulanella-ecc","7":"product_shipping_class-spedizione-di-animali","8":"pa_herkunft-thailandia","9":"pa_kontinent-asia","10":"lce-checkout-addons-imballaggio-invernale","12":"first","13":"instock","14":"taxable","15":"shipping-taxable","16":"purchasable","17":"product-type-simple"},"acf":[],"yoast_head":"<!-- This site is optimized with the Yoast SEO plugin v27.3 - https:\/\/yoast.com\/product\/yoast-seo-wordpress\/ -->\n<title>Troglodillo spec. &quot;Sunset Queen&quot; - Insektenliebe<\/title>\n<meta name=\"description\" content=\"Acquista online Troglodillo spec. &quot;Sunset Queen&quot; - isopode morph di colore arancione\/ruggine, facile da curare e ideale per i terrari. Ora nel negozio Insektenliebe!\" \/>\n<meta name=\"robots\" content=\"index, follow, max-snippet:-1, max-image-preview:large, max-video-preview:-1\" \/>\n<link rel=\"canonical\" href=\"https:\/\/insektenliebe.com\/it\/shop\/prodotto\/troglodillo-spec-sunset-queen\/\" \/>\n<meta property=\"og:locale\" content=\"it_IT\" \/>\n<meta property=\"og:type\" content=\"article\" \/>\n<meta property=\"og:title\" content=\"Troglodillo spec. &quot;Sunset Queen&quot; - Insektenliebe\" \/>\n<meta property=\"og:description\" content=\"Acquista online Troglodillo spec. &quot;Sunset Queen&quot; - isopode morph di colore arancione\/ruggine, facile da curare e ideale per i terrari. Ora nel negozio Insektenliebe!\" \/>\n<meta property=\"og:url\" content=\"https:\/\/insektenliebe.com\/it\/shop\/prodotto\/troglodillo-spec-sunset-queen\/\" \/>\n<meta property=\"og:site_name\" content=\"Insektenliebe\" \/>\n<meta property=\"og:image\" content=\"https:\/\/insektenliebe.com\/wp-content\/uploads\/2025\/11\/Troglodillo-spec.-22Sunset-Queen22.jpg\" \/>\n\t<meta property=\"og:image:width\" content=\"820\" \/>\n\t<meta property=\"og:image:height\" content=\"820\" \/>\n\t<meta property=\"og:image:type\" content=\"image\/jpeg\" \/>\n<meta name=\"twitter:card\" content=\"summary_large_image\" \/>\n<meta name=\"twitter:label1\" content=\"Tempo di lettura stimato\" \/>\n\t<meta name=\"twitter:data1\" content=\"1 minuto\" \/>\n<script type=\"application\/ld+json\" class=\"yoast-schema-graph\">{\"@context\":\"https:\\\/\\\/schema.org\",\"@graph\":[{\"@type\":\"WebPage\",\"@id\":\"https:\\\/\\\/insektenliebe.com\\\/it\\\/shop\\\/prodotto\\\/troglodillo-spec-sunset-queen\\\/\",\"url\":\"https:\\\/\\\/insektenliebe.com\\\/it\\\/shop\\\/prodotto\\\/troglodillo-spec-sunset-queen\\\/\",\"name\":\"Troglodillo spec. \\\"Sunset Queen\\\" - Insektenliebe\",\"isPartOf\":{\"@id\":\"https:\\\/\\\/insektenliebe.com\\\/it\\\/#website\"},\"primaryImageOfPage\":{\"@id\":\"https:\\\/\\\/insektenliebe.com\\\/it\\\/shop\\\/prodotto\\\/troglodillo-spec-sunset-queen\\\/#primaryimage\"},\"image\":{\"@id\":\"https:\\\/\\\/insektenliebe.com\\\/it\\\/shop\\\/prodotto\\\/troglodillo-spec-sunset-queen\\\/#primaryimage\"},\"thumbnailUrl\":\"https:\\\/\\\/insektenliebe.com\\\/wp-content\\\/uploads\\\/2025\\\/11\\\/Troglodillo-spec.-22Sunset-Queen22.jpg\",\"datePublished\":\"2025-11-01T12:02:00+00:00\",\"description\":\"Acquista online Troglodillo spec. \\\"Sunset Queen\\\" - isopode morph di colore arancione\\\/ruggine, facile da curare e ideale per i terrari. Ora nel negozio Insektenliebe!\",\"breadcrumb\":{\"@id\":\"https:\\\/\\\/insektenliebe.com\\\/it\\\/shop\\\/prodotto\\\/troglodillo-spec-sunset-queen\\\/#breadcrumb\"},\"inLanguage\":\"it-IT\",\"potentialAction\":[{\"@type\":\"ReadAction\",\"target\":[\"https:\\\/\\\/insektenliebe.com\\\/it\\\/shop\\\/prodotto\\\/troglodillo-spec-sunset-queen\\\/\"]}]},{\"@type\":\"ImageObject\",\"inLanguage\":\"it-IT\",\"@id\":\"https:\\\/\\\/insektenliebe.com\\\/it\\\/shop\\\/prodotto\\\/troglodillo-spec-sunset-queen\\\/#primaryimage\",\"url\":\"https:\\\/\\\/insektenliebe.com\\\/wp-content\\\/uploads\\\/2025\\\/11\\\/Troglodillo-spec.-22Sunset-Queen22.jpg\",\"contentUrl\":\"https:\\\/\\\/insektenliebe.com\\\/wp-content\\\/uploads\\\/2025\\\/11\\\/Troglodillo-spec.-22Sunset-Queen22.jpg\",\"width\":820,\"height\":820,\"caption\":\"Troglodillo spec. \\\"Sunset Queen\\\"\"},{\"@type\":\"BreadcrumbList\",\"@id\":\"https:\\\/\\\/insektenliebe.com\\\/it\\\/shop\\\/prodotto\\\/troglodillo-spec-sunset-queen\\\/#breadcrumb\",\"itemListElement\":[{\"@type\":\"ListItem\",\"position\":1,\"name\":\"Startseite\",\"item\":\"https:\\\/\\\/insektenliebe.com\\\/it\\\/\"},{\"@type\":\"ListItem\",\"position\":2,\"name\":\"Negozio\",\"item\":\"https:\\\/\\\/insektenliebe.com\\\/it\\\/negozio\\\/\"},{\"@type\":\"ListItem\",\"position\":3,\"name\":\"Troglodillo spec. &#8220;Sunset Queen&#8221;\"}]},{\"@type\":\"WebSite\",\"@id\":\"https:\\\/\\\/insektenliebe.com\\\/it\\\/#website\",\"url\":\"https:\\\/\\\/insektenliebe.com\\\/it\\\/\",\"name\":\"Insektenliebe\",\"description\":\"Dein Zuhause f\u00fcr die kleinen Lebewesen\",\"publisher\":{\"@id\":\"https:\\\/\\\/insektenliebe.com\\\/it\\\/#organization\"},\"potentialAction\":[{\"@type\":\"SearchAction\",\"target\":{\"@type\":\"EntryPoint\",\"urlTemplate\":\"https:\\\/\\\/insektenliebe.com\\\/it\\\/?s={search_term_string}\"},\"query-input\":{\"@type\":\"PropertyValueSpecification\",\"valueRequired\":true,\"valueName\":\"search_term_string\"}}],\"inLanguage\":\"it-IT\"},{\"@type\":\"Organization\",\"@id\":\"https:\\\/\\\/insektenliebe.com\\\/it\\\/#organization\",\"name\":\"Insektenliebe\",\"url\":\"https:\\\/\\\/insektenliebe.com\\\/it\\\/\",\"logo\":{\"@type\":\"ImageObject\",\"inLanguage\":\"it-IT\",\"@id\":\"https:\\\/\\\/insektenliebe.com\\\/it\\\/#\\\/schema\\\/logo\\\/image\\\/\",\"url\":\"https:\\\/\\\/insektenliebe.com\\\/wp-content\\\/uploads\\\/2025\\\/03\\\/logo-white.png\",\"contentUrl\":\"https:\\\/\\\/insektenliebe.com\\\/wp-content\\\/uploads\\\/2025\\\/03\\\/logo-white.png\",\"width\":288,\"height\":188,\"caption\":\"Insektenliebe\"},\"image\":{\"@id\":\"https:\\\/\\\/insektenliebe.com\\\/it\\\/#\\\/schema\\\/logo\\\/image\\\/\"}}]}<\/script>\n<!-- \/ Yoast SEO plugin. -->","yoast_head_json":{"title":"Troglodillo spec. \"Sunset Queen\" - Insektenliebe","description":"Acquista online Troglodillo spec. \"Sunset Queen\" - isopode morph di colore arancione\/ruggine, facile da curare e ideale per i terrari. Ora nel negozio Insektenliebe!","robots":{"index":"index","follow":"follow","max-snippet":"max-snippet:-1","max-image-preview":"max-image-preview:large","max-video-preview":"max-video-preview:-1"},"canonical":"https:\/\/insektenliebe.com\/it\/shop\/prodotto\/troglodillo-spec-sunset-queen\/","og_locale":"it_IT","og_type":"article","og_title":"Troglodillo spec. \"Sunset Queen\" - Insektenliebe","og_description":"Acquista online Troglodillo spec. \"Sunset Queen\" - isopode morph di colore arancione\/ruggine, facile da curare e ideale per i terrari. Ora nel negozio Insektenliebe!","og_url":"https:\/\/insektenliebe.com\/it\/shop\/prodotto\/troglodillo-spec-sunset-queen\/","og_site_name":"Insektenliebe","og_image":[{"width":820,"height":820,"url":"https:\/\/insektenliebe.com\/wp-content\/uploads\/2025\/11\/Troglodillo-spec.-22Sunset-Queen22.jpg","type":"image\/jpeg"}],"twitter_card":"summary_large_image","twitter_misc":{"Tempo di lettura stimato":"1 minuto"},"schema":{"@context":"https:\/\/schema.org","@graph":[{"@type":"WebPage","@id":"https:\/\/insektenliebe.com\/it\/shop\/prodotto\/troglodillo-spec-sunset-queen\/","url":"https:\/\/insektenliebe.com\/it\/shop\/prodotto\/troglodillo-spec-sunset-queen\/","name":"Troglodillo spec. \"Sunset Queen\" - Insektenliebe","isPartOf":{"@id":"https:\/\/insektenliebe.com\/it\/#website"},"primaryImageOfPage":{"@id":"https:\/\/insektenliebe.com\/it\/shop\/prodotto\/troglodillo-spec-sunset-queen\/#primaryimage"},"image":{"@id":"https:\/\/insektenliebe.com\/it\/shop\/prodotto\/troglodillo-spec-sunset-queen\/#primaryimage"},"thumbnailUrl":"https:\/\/insektenliebe.com\/wp-content\/uploads\/2025\/11\/Troglodillo-spec.-22Sunset-Queen22.jpg","datePublished":"2025-11-01T12:02:00+00:00","description":"Acquista online Troglodillo spec. \"Sunset Queen\" - isopode morph di colore arancione\/ruggine, facile da curare e ideale per i terrari. Ora nel negozio Insektenliebe!","breadcrumb":{"@id":"https:\/\/insektenliebe.com\/it\/shop\/prodotto\/troglodillo-spec-sunset-queen\/#breadcrumb"},"inLanguage":"it-IT","potentialAction":[{"@type":"ReadAction","target":["https:\/\/insektenliebe.com\/it\/shop\/prodotto\/troglodillo-spec-sunset-queen\/"]}]},{"@type":"ImageObject","inLanguage":"it-IT","@id":"https:\/\/insektenliebe.com\/it\/shop\/prodotto\/troglodillo-spec-sunset-queen\/#primaryimage","url":"https:\/\/insektenliebe.com\/wp-content\/uploads\/2025\/11\/Troglodillo-spec.-22Sunset-Queen22.jpg","contentUrl":"https:\/\/insektenliebe.com\/wp-content\/uploads\/2025\/11\/Troglodillo-spec.-22Sunset-Queen22.jpg","width":820,"height":820,"caption":"Troglodillo spec. \"Sunset Queen\""},{"@type":"BreadcrumbList","@id":"https:\/\/insektenliebe.com\/it\/shop\/prodotto\/troglodillo-spec-sunset-queen\/#breadcrumb","itemListElement":[{"@type":"ListItem","position":1,"name":"Startseite","item":"https:\/\/insektenliebe.com\/it\/"},{"@type":"ListItem","position":2,"name":"Negozio","item":"https:\/\/insektenliebe.com\/it\/negozio\/"},{"@type":"ListItem","position":3,"name":"Troglodillo spec. &#8220;Sunset Queen&#8221;"}]},{"@type":"WebSite","@id":"https:\/\/insektenliebe.com\/it\/#website","url":"https:\/\/insektenliebe.com\/it\/","name":"Insektenliebe","description":"Dein Zuhause f\u00fcr die kleinen Lebewesen","publisher":{"@id":"https:\/\/insektenliebe.com\/it\/#organization"},"potentialAction":[{"@type":"SearchAction","target":{"@type":"EntryPoint","urlTemplate":"https:\/\/insektenliebe.com\/it\/?s={search_term_string}"},"query-input":{"@type":"PropertyValueSpecification","valueRequired":true,"valueName":"search_term_string"}}],"inLanguage":"it-IT"},{"@type":"Organization","@id":"https:\/\/insektenliebe.com\/it\/#organization","name":"Insektenliebe","url":"https:\/\/insektenliebe.com\/it\/","logo":{"@type":"ImageObject","inLanguage":"it-IT","@id":"https:\/\/insektenliebe.com\/it\/#\/schema\/logo\/image\/","url":"https:\/\/insektenliebe.com\/wp-content\/uploads\/2025\/03\/logo-white.png","contentUrl":"https:\/\/insektenliebe.com\/wp-content\/uploads\/2025\/03\/logo-white.png","width":288,"height":188,"caption":"Insektenliebe"},"image":{"@id":"https:\/\/insektenliebe.com\/it\/#\/schema\/logo\/image\/"}}]}},"_links":{"self":[{"href":"https:\/\/insektenliebe.com\/it\/wp-json\/wp\/v2\/product\/187253","targetHints":{"allow":["GET"]}}],"collection":[{"href":"https:\/\/insektenliebe.com\/it\/wp-json\/wp\/v2\/product"}],"about":[{"href":"https:\/\/insektenliebe.com\/it\/wp-json\/wp\/v2\/types\/product"}],"wp:featuredmedia":[{"embeddable":true,"href":"https:\/\/insektenliebe.com\/it\/wp-json\/wp\/v2\/media\/187255"}],"wp:attachment":[{"href":"https:\/\/insektenliebe.com\/it\/wp-json\/wp\/v2\/media?parent=187253"}],"wp:term":[{"taxonomy":"product-supplier","embeddable":true,"href":"https:\/\/insektenliebe.com\/it\/wp-json\/wp\/v2\/product-supplier?post=187253"},{"taxonomy":"product_brand","embeddable":true,"href":"https:\/\/insektenliebe.com\/it\/wp-json\/wp\/v2\/product_brand?post=187253"},{"taxonomy":"product_cat","embeddable":true,"href":"https:\/\/insektenliebe.com\/it\/wp-json\/wp\/v2\/product_cat?post=187253"},{"taxonomy":"product_tag","embeddable":true,"href":"https:\/\/insektenliebe.com\/it\/wp-json\/wp\/v2\/product_tag?post=187253"},{"taxonomy":"lce-checkout-addons","embeddable":true,"href":"https:\/\/insektenliebe.com\/it\/wp-json\/wp\/v2\/lce-checkout-addons?post=187253"}],"curies":[{"name":"wp","href":"https:\/\/api.w.org\/{rel}","templated":true}]}}