{"id":187240,"date":"2025-11-04T18:22:25","date_gmt":"2025-11-04T17:22:25","guid":{"rendered":"https:\/\/insektenliebe.com\/shop\/produkt\/psalmopoeus-irminia\/"},"modified":"2026-03-06T18:28:38","modified_gmt":"2026-03-06T17:28:38","slug":"psalmopoeus-irminia","status":"publish","type":"product","link":"https:\/\/insektenliebe.com\/it\/shop\/prodotto\/psalmopoeus-irminia\/","title":{"rendered":"Psalmopoeus irminia"},"content":{"rendered":"<h3 class=\"p1\"><span style=\"color: #99cc33;\"><strong><span class=\"s1\">Attivo, veloce, bello - <\/span><\/strong><\/span><span class=\"s1\" style=\"color: #99cc33;\">La Psalmopoeus irminia affascina<\/span><\/h3>\n<p class=\"p1\"><span class=\"s1\">Il <strong>Psalmopoeus irminia<\/strong>, noto anche come \"Tigre del sole venezuelana\", \u00e8 una delle tarantole dai colori pi\u00f9 appariscenti del Nuovo Mondo. Con il suo colore di base nero intenso e i disegni a fiamma arancione brillante sulle zampe, attira l&#8217;attenzione di tutti. Questa specie arboricola \u00e8 originaria delle foreste tropicali del Venezuela e predilige habitat verticali e ben strutturati. L&#8217;ideale \u00e8 un terrario di 30 \u00d7 30 \u00d7 40 cm, dotato di un tubo di sughero, rami e una pianta.   <\/span><\/p>\n<p class=\"p1\"><span class=\"s1\">Questa specie \u00e8 veloce, agile e sensibile. Non ha peli urticanti, ma si affida alla velocit\u00e0 per difendersi o, se minacciata, al morso. Nonostante queste caratteristiche, \u00e8 stabile e facile da osservare se tenuta in una posizione rispettosa. \u00c8 particolarmente attivo al crepuscolo e di notte, ma con un po&#8217; di fortuna \u00e8 possibile vederlo anche di giorno, soprattutto in una vasca ben organizzata.   <\/span><\/p>\n<p class=\"p1\"><span class=\"s1\">Gli animali costruiscono ragnatele in grotte o tubi e spesso vi rimangono ben nascosti. Le temperature ideali sono circa 25 \u00b0C durante il giorno e un&#8217;umidit\u00e0 compresa tra il 70 e l&#8217;80%. \u00c8 importante una buona ventilazione e un substrato leggermente umido, non troppo bagnato ma nemmeno completamente asciutto.  <\/span><\/p>\n<p class=\"p1\"><span class=\"s1\">Il <strong>Psalmopoeus irminia<\/strong> \u00e8 anche facile da allevare. I piccoli crescono rapidamente e mostrano presto la loro tipica colorazione. Il comportamento naturale di questa specie pu\u00f2 essere facilmente osservato con il giusto allestimento, il riposo e l&#8217;alimentazione regolare. Chiunque sia alla ricerca di una tarantola arboricola accattivante, veloce e attiva si divertir\u00e0 molto con la <strong>Psalmopoeus irminia<\/strong>.   <\/span><\/p>\n","protected":false},"excerpt":{"rendered":"<p>Attivo, veloce, bello - La Psalmopoeus irminia affascina Il Psalmopoeus irminia, noto anche come \"Tigre del sole venezuelana\", \u00e8 una delle tarantole dai colori pi\u00f9 appariscenti del Nuovo Mondo. Con il suo colore di base nero intenso e i disegni a fiamma arancione brillante sulle zampe, attira l&#8217;attenzione di tutti. Questa specie arboricola \u00e8 originaria [&hellip;]<\/p>\n","protected":false},"featured_media":187251,"template":"","meta":{"_acf_changed":false},"product-supplier":[],"product_brand":[],"product_cat":[3004],"product_tag":[],"lce-checkout-addons":[2746],"class_list":{"0":"post-187240","1":"product","2":"type-product","3":"status-publish","4":"has-post-thumbnail","6":"product_cat-tarantole","7":"product_shipping_class-spedizione-di-animali","8":"pa_geschlecht-indeterminato","9":"pa_herkunft-venezuela","10":"pa_kontinent-sud-america","11":"lce-checkout-addons-imballaggio-invernale","13":"first","14":"instock","15":"taxable","16":"shipping-taxable","17":"purchasable","18":"product-type-variable"},"acf":[],"yoast_head":"<!-- This site is optimized with the Yoast SEO plugin v27.3 - https:\/\/yoast.com\/product\/yoast-seo-wordpress\/ -->\n<title>Psalmopoeus irminia - Insektenliebe<\/title>\n<meta name=\"description\" content=\"Psalmopoeus irminia - tarantola nera con disegni a fiamma arancione. Attiva, veloce e colorata. Scoprila ora su Insektenliebe!\" \/>\n<meta name=\"robots\" content=\"index, follow, max-snippet:-1, max-image-preview:large, max-video-preview:-1\" \/>\n<link rel=\"canonical\" href=\"https:\/\/insektenliebe.com\/it\/shop\/prodotto\/psalmopoeus-irminia\/\" \/>\n<meta property=\"og:locale\" content=\"it_IT\" \/>\n<meta property=\"og:type\" content=\"article\" \/>\n<meta property=\"og:title\" content=\"Psalmopoeus irminia - Insektenliebe\" \/>\n<meta property=\"og:description\" content=\"Psalmopoeus irminia - tarantola nera con disegni a fiamma arancione. Attiva, veloce e colorata. Scoprila ora su Insektenliebe!\" \/>\n<meta property=\"og:url\" content=\"https:\/\/insektenliebe.com\/it\/shop\/prodotto\/psalmopoeus-irminia\/\" \/>\n<meta property=\"og:site_name\" content=\"Insektenliebe\" \/>\n<meta property=\"article:modified_time\" content=\"2026-03-06T17:28:38+00:00\" \/>\n<meta property=\"og:image\" content=\"https:\/\/insektenliebe.com\/wp-content\/uploads\/2025\/11\/Psalmopoeus-irminia.jpg\" \/>\n\t<meta property=\"og:image:width\" content=\"820\" \/>\n\t<meta property=\"og:image:height\" content=\"820\" \/>\n\t<meta property=\"og:image:type\" content=\"image\/jpeg\" \/>\n<meta name=\"twitter:card\" content=\"summary_large_image\" \/>\n<meta name=\"twitter:label1\" content=\"Tempo di lettura stimato\" \/>\n\t<meta name=\"twitter:data1\" content=\"1 minuto\" \/>\n<script type=\"application\/ld+json\" class=\"yoast-schema-graph\">{\"@context\":\"https:\\\/\\\/schema.org\",\"@graph\":[{\"@type\":\"WebPage\",\"@id\":\"https:\\\/\\\/insektenliebe.com\\\/it\\\/shop\\\/prodotto\\\/psalmopoeus-irminia\\\/\",\"url\":\"https:\\\/\\\/insektenliebe.com\\\/it\\\/shop\\\/prodotto\\\/psalmopoeus-irminia\\\/\",\"name\":\"Psalmopoeus irminia - Insektenliebe\",\"isPartOf\":{\"@id\":\"https:\\\/\\\/insektenliebe.com\\\/it\\\/#website\"},\"primaryImageOfPage\":{\"@id\":\"https:\\\/\\\/insektenliebe.com\\\/it\\\/shop\\\/prodotto\\\/psalmopoeus-irminia\\\/#primaryimage\"},\"image\":{\"@id\":\"https:\\\/\\\/insektenliebe.com\\\/it\\\/shop\\\/prodotto\\\/psalmopoeus-irminia\\\/#primaryimage\"},\"thumbnailUrl\":\"https:\\\/\\\/insektenliebe.com\\\/wp-content\\\/uploads\\\/2025\\\/11\\\/Psalmopoeus-irminia.jpg\",\"datePublished\":\"2025-11-04T17:22:25+00:00\",\"dateModified\":\"2026-03-06T17:28:38+00:00\",\"description\":\"Psalmopoeus irminia - tarantola nera con disegni a fiamma arancione. Attiva, veloce e colorata. Scoprila ora su Insektenliebe!\",\"breadcrumb\":{\"@id\":\"https:\\\/\\\/insektenliebe.com\\\/it\\\/shop\\\/prodotto\\\/psalmopoeus-irminia\\\/#breadcrumb\"},\"inLanguage\":\"it-IT\",\"potentialAction\":[{\"@type\":\"ReadAction\",\"target\":[\"https:\\\/\\\/insektenliebe.com\\\/it\\\/shop\\\/prodotto\\\/psalmopoeus-irminia\\\/\"]}]},{\"@type\":\"ImageObject\",\"inLanguage\":\"it-IT\",\"@id\":\"https:\\\/\\\/insektenliebe.com\\\/it\\\/shop\\\/prodotto\\\/psalmopoeus-irminia\\\/#primaryimage\",\"url\":\"https:\\\/\\\/insektenliebe.com\\\/wp-content\\\/uploads\\\/2025\\\/11\\\/Psalmopoeus-irminia.jpg\",\"contentUrl\":\"https:\\\/\\\/insektenliebe.com\\\/wp-content\\\/uploads\\\/2025\\\/11\\\/Psalmopoeus-irminia.jpg\",\"width\":820,\"height\":820,\"caption\":\"Psalmopoeus irminia\"},{\"@type\":\"BreadcrumbList\",\"@id\":\"https:\\\/\\\/insektenliebe.com\\\/it\\\/shop\\\/prodotto\\\/psalmopoeus-irminia\\\/#breadcrumb\",\"itemListElement\":[{\"@type\":\"ListItem\",\"position\":1,\"name\":\"Startseite\",\"item\":\"https:\\\/\\\/insektenliebe.com\\\/it\\\/\"},{\"@type\":\"ListItem\",\"position\":2,\"name\":\"Negozio\",\"item\":\"https:\\\/\\\/insektenliebe.com\\\/it\\\/negozio\\\/\"},{\"@type\":\"ListItem\",\"position\":3,\"name\":\"Psalmopoeus irminia\"}]},{\"@type\":\"WebSite\",\"@id\":\"https:\\\/\\\/insektenliebe.com\\\/it\\\/#website\",\"url\":\"https:\\\/\\\/insektenliebe.com\\\/it\\\/\",\"name\":\"Insektenliebe\",\"description\":\"Dein Zuhause f\u00fcr die kleinen Lebewesen\",\"publisher\":{\"@id\":\"https:\\\/\\\/insektenliebe.com\\\/it\\\/#organization\"},\"potentialAction\":[{\"@type\":\"SearchAction\",\"target\":{\"@type\":\"EntryPoint\",\"urlTemplate\":\"https:\\\/\\\/insektenliebe.com\\\/it\\\/?s={search_term_string}\"},\"query-input\":{\"@type\":\"PropertyValueSpecification\",\"valueRequired\":true,\"valueName\":\"search_term_string\"}}],\"inLanguage\":\"it-IT\"},{\"@type\":\"Organization\",\"@id\":\"https:\\\/\\\/insektenliebe.com\\\/it\\\/#organization\",\"name\":\"Insektenliebe\",\"url\":\"https:\\\/\\\/insektenliebe.com\\\/it\\\/\",\"logo\":{\"@type\":\"ImageObject\",\"inLanguage\":\"it-IT\",\"@id\":\"https:\\\/\\\/insektenliebe.com\\\/it\\\/#\\\/schema\\\/logo\\\/image\\\/\",\"url\":\"https:\\\/\\\/insektenliebe.com\\\/wp-content\\\/uploads\\\/2025\\\/03\\\/logo-white.png\",\"contentUrl\":\"https:\\\/\\\/insektenliebe.com\\\/wp-content\\\/uploads\\\/2025\\\/03\\\/logo-white.png\",\"width\":288,\"height\":188,\"caption\":\"Insektenliebe\"},\"image\":{\"@id\":\"https:\\\/\\\/insektenliebe.com\\\/it\\\/#\\\/schema\\\/logo\\\/image\\\/\"}}]}<\/script>\n<!-- \/ Yoast SEO plugin. -->","yoast_head_json":{"title":"Psalmopoeus irminia - Insektenliebe","description":"Psalmopoeus irminia - tarantola nera con disegni a fiamma arancione. Attiva, veloce e colorata. Scoprila ora su Insektenliebe!","robots":{"index":"index","follow":"follow","max-snippet":"max-snippet:-1","max-image-preview":"max-image-preview:large","max-video-preview":"max-video-preview:-1"},"canonical":"https:\/\/insektenliebe.com\/it\/shop\/prodotto\/psalmopoeus-irminia\/","og_locale":"it_IT","og_type":"article","og_title":"Psalmopoeus irminia - Insektenliebe","og_description":"Psalmopoeus irminia - tarantola nera con disegni a fiamma arancione. Attiva, veloce e colorata. Scoprila ora su Insektenliebe!","og_url":"https:\/\/insektenliebe.com\/it\/shop\/prodotto\/psalmopoeus-irminia\/","og_site_name":"Insektenliebe","article_modified_time":"2026-03-06T17:28:38+00:00","og_image":[{"width":820,"height":820,"url":"https:\/\/insektenliebe.com\/wp-content\/uploads\/2025\/11\/Psalmopoeus-irminia.jpg","type":"image\/jpeg"}],"twitter_card":"summary_large_image","twitter_misc":{"Tempo di lettura stimato":"1 minuto"},"schema":{"@context":"https:\/\/schema.org","@graph":[{"@type":"WebPage","@id":"https:\/\/insektenliebe.com\/it\/shop\/prodotto\/psalmopoeus-irminia\/","url":"https:\/\/insektenliebe.com\/it\/shop\/prodotto\/psalmopoeus-irminia\/","name":"Psalmopoeus irminia - Insektenliebe","isPartOf":{"@id":"https:\/\/insektenliebe.com\/it\/#website"},"primaryImageOfPage":{"@id":"https:\/\/insektenliebe.com\/it\/shop\/prodotto\/psalmopoeus-irminia\/#primaryimage"},"image":{"@id":"https:\/\/insektenliebe.com\/it\/shop\/prodotto\/psalmopoeus-irminia\/#primaryimage"},"thumbnailUrl":"https:\/\/insektenliebe.com\/wp-content\/uploads\/2025\/11\/Psalmopoeus-irminia.jpg","datePublished":"2025-11-04T17:22:25+00:00","dateModified":"2026-03-06T17:28:38+00:00","description":"Psalmopoeus irminia - tarantola nera con disegni a fiamma arancione. Attiva, veloce e colorata. Scoprila ora su Insektenliebe!","breadcrumb":{"@id":"https:\/\/insektenliebe.com\/it\/shop\/prodotto\/psalmopoeus-irminia\/#breadcrumb"},"inLanguage":"it-IT","potentialAction":[{"@type":"ReadAction","target":["https:\/\/insektenliebe.com\/it\/shop\/prodotto\/psalmopoeus-irminia\/"]}]},{"@type":"ImageObject","inLanguage":"it-IT","@id":"https:\/\/insektenliebe.com\/it\/shop\/prodotto\/psalmopoeus-irminia\/#primaryimage","url":"https:\/\/insektenliebe.com\/wp-content\/uploads\/2025\/11\/Psalmopoeus-irminia.jpg","contentUrl":"https:\/\/insektenliebe.com\/wp-content\/uploads\/2025\/11\/Psalmopoeus-irminia.jpg","width":820,"height":820,"caption":"Psalmopoeus irminia"},{"@type":"BreadcrumbList","@id":"https:\/\/insektenliebe.com\/it\/shop\/prodotto\/psalmopoeus-irminia\/#breadcrumb","itemListElement":[{"@type":"ListItem","position":1,"name":"Startseite","item":"https:\/\/insektenliebe.com\/it\/"},{"@type":"ListItem","position":2,"name":"Negozio","item":"https:\/\/insektenliebe.com\/it\/negozio\/"},{"@type":"ListItem","position":3,"name":"Psalmopoeus irminia"}]},{"@type":"WebSite","@id":"https:\/\/insektenliebe.com\/it\/#website","url":"https:\/\/insektenliebe.com\/it\/","name":"Insektenliebe","description":"Dein Zuhause f\u00fcr die kleinen Lebewesen","publisher":{"@id":"https:\/\/insektenliebe.com\/it\/#organization"},"potentialAction":[{"@type":"SearchAction","target":{"@type":"EntryPoint","urlTemplate":"https:\/\/insektenliebe.com\/it\/?s={search_term_string}"},"query-input":{"@type":"PropertyValueSpecification","valueRequired":true,"valueName":"search_term_string"}}],"inLanguage":"it-IT"},{"@type":"Organization","@id":"https:\/\/insektenliebe.com\/it\/#organization","name":"Insektenliebe","url":"https:\/\/insektenliebe.com\/it\/","logo":{"@type":"ImageObject","inLanguage":"it-IT","@id":"https:\/\/insektenliebe.com\/it\/#\/schema\/logo\/image\/","url":"https:\/\/insektenliebe.com\/wp-content\/uploads\/2025\/03\/logo-white.png","contentUrl":"https:\/\/insektenliebe.com\/wp-content\/uploads\/2025\/03\/logo-white.png","width":288,"height":188,"caption":"Insektenliebe"},"image":{"@id":"https:\/\/insektenliebe.com\/it\/#\/schema\/logo\/image\/"}}]}},"_links":{"self":[{"href":"https:\/\/insektenliebe.com\/it\/wp-json\/wp\/v2\/product\/187240","targetHints":{"allow":["GET"]}}],"collection":[{"href":"https:\/\/insektenliebe.com\/it\/wp-json\/wp\/v2\/product"}],"about":[{"href":"https:\/\/insektenliebe.com\/it\/wp-json\/wp\/v2\/types\/product"}],"wp:featuredmedia":[{"embeddable":true,"href":"https:\/\/insektenliebe.com\/it\/wp-json\/wp\/v2\/media\/187251"}],"wp:attachment":[{"href":"https:\/\/insektenliebe.com\/it\/wp-json\/wp\/v2\/media?parent=187240"}],"wp:term":[{"taxonomy":"product-supplier","embeddable":true,"href":"https:\/\/insektenliebe.com\/it\/wp-json\/wp\/v2\/product-supplier?post=187240"},{"taxonomy":"product_brand","embeddable":true,"href":"https:\/\/insektenliebe.com\/it\/wp-json\/wp\/v2\/product_brand?post=187240"},{"taxonomy":"product_cat","embeddable":true,"href":"https:\/\/insektenliebe.com\/it\/wp-json\/wp\/v2\/product_cat?post=187240"},{"taxonomy":"product_tag","embeddable":true,"href":"https:\/\/insektenliebe.com\/it\/wp-json\/wp\/v2\/product_tag?post=187240"},{"taxonomy":"lce-checkout-addons","embeddable":true,"href":"https:\/\/insektenliebe.com\/it\/wp-json\/wp\/v2\/lce-checkout-addons?post=187240"}],"curies":[{"name":"wp","href":"https:\/\/api.w.org\/{rel}","templated":true}]}}