{"id":187239,"date":"2025-10-02T10:47:27","date_gmt":"2025-10-02T08:47:27","guid":{"rendered":"https:\/\/insektenliebe.com\/shop\/produkt\/parete-posteriore-in-sughero-insektenliebe\/"},"modified":"2026-03-14T14:04:11","modified_gmt":"2026-03-14T13:04:11","slug":"parete-posteriore-in-sughero-insektenliebe","status":"publish","type":"product","link":"https:\/\/insektenliebe.com\/it\/shop\/prodotto\/parete-posteriore-in-sughero-insektenliebe\/","title":{"rendered":"Parete posteriore in sughero Insektenliebe"},"content":{"rendered":"<h3 class=\"p1\"><span style=\"color: #99cc33\"><strong><span class=\"s1\">Parete posteriore in sughero Insektenliebe <\/span><span class=\"s1\">- <\/span><span class=\"s1\">Naturale, robusto e bello<\/span><\/strong><\/span><\/h3>\n<p class=\"p1\"><span class=\"s1\">Il <\/span><strong><span class=\"s2\">Parete posteriore in sughero Insektenbe<\/span><\/strong><span class=\"s1\">  \u00e8 molto pi\u00f9 di un semplice sfondo: trasforma il tuo terrario in un habitat naturale e strutturato con un reale valore aggiunto per i tuoi animali. Realizzato in vero sughero naturale e personalizzato in base alle dimensioni del terrario.   <\/span><strong><span class=\"s2\">Terrari per Insektenliebe<\/span><\/strong><span class=\"s1\"> tagliati a misura, i circa 10<\/span><span class=\"s2\">mm di spessore<\/span><span class=\"s1\"> si adatta perfettamente al tuo allestimento e offre possibilit\u00e0 di arrampicata, struttura e rifugio allo stesso tempo.<\/span><\/p>\n<p class=\"p1\"><span class=\"s1\">Il retro \u00e8 volutamente irregolare e naturale, conferendo un aspetto particolarmente organico. Tuttavia, il pannello pu\u00f2 essere   <\/span><span class=\"s2\">Facile da fissare con il silicone per terrari<\/span><span class=\"s1\">perch\u00e9 la superficie di contatto \u00e8 sufficiente per un montaggio sicuro. La struttura stabile e robusta del sughero \u00e8 ideale per molti invertebrati e rettili - isopodi, gechi, fasmidi, ragni o piccoli scorpioni: qui trovano sostegno, protezione e variet\u00e0. <\/span><\/p>\n<p class=\"p1\"><span class=\"s1\">Le venature naturali e la superficie ruvida favoriscono il comportamento dei tuoi animali, che possono arrampicarsi, nascondersi o cacciare lungo la struttura. Allo stesso tempo, la parete posteriore ha un effetto decorativo e porta un tocco di natura nel tuo terrario con i suoi caldi colori marrone e beige. <\/span><\/p>\n<p class=\"p1\"><span class=\"s1\">Essendo un prodotto <\/span><span class=\"s2\">prodotto naturale<\/span><span class=\"s1\">  Ogni alzatina in sughero \u00e8 unica. Le leggere differenze di colore e forma sono intenzionali e sottolineano il carattere naturale del materiale. <\/span><\/p>\n<p class=\"p1\"><span class=\"s1\">Come sfondo per un allestimento tropicale, come schermo per la privacy o semplicemente come parete di fondo arrampicabile: con la parete di fondo in sughero di <strong><span class=\"s2\">Parete posteriore in sughero Insektenliebe<\/span><\/strong> scegli una soluzione visivamente accattivante e rispettosa degli animali.<\/span><\/p>\n<p><strong>Terrario Insektenliebe 20 x 20 x 20 cm<\/strong> = parete posteriore in sughero Insektenliebe 17,0 x 19,0 cm<br \/>\n<strong>Terrario Insektenliebe 20 x 20 x 30 cm=<\/strong> Parete posteriore in sughero Insektenliebe 19,0 x 26,5 cm<br \/>\n<strong>Terrario Insektenliebe 30 x 30 x 30 cm<\/strong> = parete posteriore in sughero Insektenliebe 26,5 x 28,5 cm<\/p>\n","protected":false},"excerpt":{"rendered":"<p>Parete posteriore in sughero Insektenliebe - Naturale, robusto e bello Il Parete posteriore in sughero Insektenbe \u00e8 molto pi\u00f9 di un semplice sfondo: trasforma il tuo terrario in un habitat naturale e strutturato con un reale valore aggiunto per i tuoi animali. Realizzato in vero sughero naturale e personalizzato in base alle dimensioni del terrario. [&hellip;]<\/p>\n","protected":false},"featured_media":186798,"template":"","meta":{"_acf_changed":false},"product-supplier":[2685],"product_brand":[2853],"product_cat":[2740],"product_tag":[],"lce-checkout-addons":[],"class_list":{"0":"post-187239","1":"product","2":"type-product","3":"status-publish","4":"has-post-thumbnail","6":"product_brand-insektenliebe","7":"product_cat-arredamento-e-decorazione","9":"first","10":"instock","11":"taxable","12":"shipping-taxable","13":"purchasable","14":"product-type-variable"},"acf":[],"yoast_head":"<!-- This site is optimized with the Yoast SEO plugin v27.3 - https:\/\/yoast.com\/product\/yoast-seo-wordpress\/ -->\n<title>Parete posteriore in sughero Insektenliebe - Insektenliebe<\/title>\n<meta name=\"description\" content=\"Parete posteriore in sughero per terrari Insektenliebe - spessa circa 10 mm, arrampicabile, adatta ai terrari Insektenliebe, incollabile al silicone e ideale per il tuo animale domestico!\" \/>\n<meta name=\"robots\" content=\"index, follow, max-snippet:-1, max-image-preview:large, max-video-preview:-1\" \/>\n<link rel=\"canonical\" href=\"https:\/\/insektenliebe.com\/it\/shop\/prodotto\/parete-posteriore-in-sughero-insektenliebe\/\" \/>\n<meta property=\"og:locale\" content=\"it_IT\" \/>\n<meta property=\"og:type\" content=\"article\" \/>\n<meta property=\"og:title\" content=\"Parete posteriore in sughero Insektenliebe - Insektenliebe\" \/>\n<meta property=\"og:description\" content=\"Parete posteriore in sughero per terrari Insektenliebe - spessa circa 10 mm, arrampicabile, adatta ai terrari Insektenliebe, incollabile al silicone e ideale per il tuo animale domestico!\" \/>\n<meta property=\"og:url\" content=\"https:\/\/insektenliebe.com\/it\/shop\/prodotto\/parete-posteriore-in-sughero-insektenliebe\/\" \/>\n<meta property=\"og:site_name\" content=\"Insektenliebe\" \/>\n<meta property=\"article:modified_time\" content=\"2026-03-14T13:04:11+00:00\" \/>\n<meta property=\"og:image\" content=\"https:\/\/insektenliebe.com\/wp-content\/uploads\/2025\/10\/Insektenliebe-Korkrueckwand.jpg\" \/>\n\t<meta property=\"og:image:width\" content=\"820\" \/>\n\t<meta property=\"og:image:height\" content=\"820\" \/>\n\t<meta property=\"og:image:type\" content=\"image\/jpeg\" \/>\n<meta name=\"twitter:card\" content=\"summary_large_image\" \/>\n<meta name=\"twitter:label1\" content=\"Tempo di lettura stimato\" \/>\n\t<meta name=\"twitter:data1\" content=\"1 minuto\" \/>\n<script type=\"application\/ld+json\" class=\"yoast-schema-graph\">{\"@context\":\"https:\\\/\\\/schema.org\",\"@graph\":[{\"@type\":\"WebPage\",\"@id\":\"https:\\\/\\\/insektenliebe.com\\\/it\\\/shop\\\/prodotto\\\/parete-posteriore-in-sughero-insektenliebe\\\/\",\"url\":\"https:\\\/\\\/insektenliebe.com\\\/it\\\/shop\\\/prodotto\\\/parete-posteriore-in-sughero-insektenliebe\\\/\",\"name\":\"Parete posteriore in sughero Insektenliebe - Insektenliebe\",\"isPartOf\":{\"@id\":\"https:\\\/\\\/insektenliebe.com\\\/it\\\/#website\"},\"primaryImageOfPage\":{\"@id\":\"https:\\\/\\\/insektenliebe.com\\\/it\\\/shop\\\/prodotto\\\/parete-posteriore-in-sughero-insektenliebe\\\/#primaryimage\"},\"image\":{\"@id\":\"https:\\\/\\\/insektenliebe.com\\\/it\\\/shop\\\/prodotto\\\/parete-posteriore-in-sughero-insektenliebe\\\/#primaryimage\"},\"thumbnailUrl\":\"https:\\\/\\\/insektenliebe.com\\\/wp-content\\\/uploads\\\/2025\\\/10\\\/Insektenliebe-Korkrueckwand.jpg\",\"datePublished\":\"2025-10-02T08:47:27+00:00\",\"dateModified\":\"2026-03-14T13:04:11+00:00\",\"description\":\"Parete posteriore in sughero per terrari Insektenliebe - spessa circa 10 mm, arrampicabile, adatta ai terrari Insektenliebe, incollabile al silicone e ideale per il tuo animale domestico!\",\"breadcrumb\":{\"@id\":\"https:\\\/\\\/insektenliebe.com\\\/it\\\/shop\\\/prodotto\\\/parete-posteriore-in-sughero-insektenliebe\\\/#breadcrumb\"},\"inLanguage\":\"it-IT\",\"potentialAction\":[{\"@type\":\"ReadAction\",\"target\":[\"https:\\\/\\\/insektenliebe.com\\\/it\\\/shop\\\/prodotto\\\/parete-posteriore-in-sughero-insektenliebe\\\/\"]}]},{\"@type\":\"ImageObject\",\"inLanguage\":\"it-IT\",\"@id\":\"https:\\\/\\\/insektenliebe.com\\\/it\\\/shop\\\/prodotto\\\/parete-posteriore-in-sughero-insektenliebe\\\/#primaryimage\",\"url\":\"https:\\\/\\\/insektenliebe.com\\\/wp-content\\\/uploads\\\/2025\\\/10\\\/Insektenliebe-Korkrueckwand.jpg\",\"contentUrl\":\"https:\\\/\\\/insektenliebe.com\\\/wp-content\\\/uploads\\\/2025\\\/10\\\/Insektenliebe-Korkrueckwand.jpg\",\"width\":820,\"height\":820,\"caption\":\"Parete posteriore in sughero Insektenliebe\"},{\"@type\":\"BreadcrumbList\",\"@id\":\"https:\\\/\\\/insektenliebe.com\\\/it\\\/shop\\\/prodotto\\\/parete-posteriore-in-sughero-insektenliebe\\\/#breadcrumb\",\"itemListElement\":[{\"@type\":\"ListItem\",\"position\":1,\"name\":\"Startseite\",\"item\":\"https:\\\/\\\/insektenliebe.com\\\/it\\\/\"},{\"@type\":\"ListItem\",\"position\":2,\"name\":\"Negozio\",\"item\":\"https:\\\/\\\/insektenliebe.com\\\/it\\\/negozio\\\/\"},{\"@type\":\"ListItem\",\"position\":3,\"name\":\"Parete posteriore in sughero Insektenliebe\"}]},{\"@type\":\"WebSite\",\"@id\":\"https:\\\/\\\/insektenliebe.com\\\/it\\\/#website\",\"url\":\"https:\\\/\\\/insektenliebe.com\\\/it\\\/\",\"name\":\"Insektenliebe\",\"description\":\"Dein Zuhause f\u00fcr die kleinen Lebewesen\",\"publisher\":{\"@id\":\"https:\\\/\\\/insektenliebe.com\\\/it\\\/#organization\"},\"potentialAction\":[{\"@type\":\"SearchAction\",\"target\":{\"@type\":\"EntryPoint\",\"urlTemplate\":\"https:\\\/\\\/insektenliebe.com\\\/it\\\/?s={search_term_string}\"},\"query-input\":{\"@type\":\"PropertyValueSpecification\",\"valueRequired\":true,\"valueName\":\"search_term_string\"}}],\"inLanguage\":\"it-IT\"},{\"@type\":\"Organization\",\"@id\":\"https:\\\/\\\/insektenliebe.com\\\/it\\\/#organization\",\"name\":\"Insektenliebe\",\"url\":\"https:\\\/\\\/insektenliebe.com\\\/it\\\/\",\"logo\":{\"@type\":\"ImageObject\",\"inLanguage\":\"it-IT\",\"@id\":\"https:\\\/\\\/insektenliebe.com\\\/it\\\/#\\\/schema\\\/logo\\\/image\\\/\",\"url\":\"https:\\\/\\\/insektenliebe.com\\\/wp-content\\\/uploads\\\/2025\\\/03\\\/logo-white.png\",\"contentUrl\":\"https:\\\/\\\/insektenliebe.com\\\/wp-content\\\/uploads\\\/2025\\\/03\\\/logo-white.png\",\"width\":288,\"height\":188,\"caption\":\"Insektenliebe\"},\"image\":{\"@id\":\"https:\\\/\\\/insektenliebe.com\\\/it\\\/#\\\/schema\\\/logo\\\/image\\\/\"}}]}<\/script>\n<!-- \/ Yoast SEO plugin. -->","yoast_head_json":{"title":"Parete posteriore in sughero Insektenliebe - Insektenliebe","description":"Parete posteriore in sughero per terrari Insektenliebe - spessa circa 10 mm, arrampicabile, adatta ai terrari Insektenliebe, incollabile al silicone e ideale per il tuo animale domestico!","robots":{"index":"index","follow":"follow","max-snippet":"max-snippet:-1","max-image-preview":"max-image-preview:large","max-video-preview":"max-video-preview:-1"},"canonical":"https:\/\/insektenliebe.com\/it\/shop\/prodotto\/parete-posteriore-in-sughero-insektenliebe\/","og_locale":"it_IT","og_type":"article","og_title":"Parete posteriore in sughero Insektenliebe - Insektenliebe","og_description":"Parete posteriore in sughero per terrari Insektenliebe - spessa circa 10 mm, arrampicabile, adatta ai terrari Insektenliebe, incollabile al silicone e ideale per il tuo animale domestico!","og_url":"https:\/\/insektenliebe.com\/it\/shop\/prodotto\/parete-posteriore-in-sughero-insektenliebe\/","og_site_name":"Insektenliebe","article_modified_time":"2026-03-14T13:04:11+00:00","og_image":[{"width":820,"height":820,"url":"https:\/\/insektenliebe.com\/wp-content\/uploads\/2025\/10\/Insektenliebe-Korkrueckwand.jpg","type":"image\/jpeg"}],"twitter_card":"summary_large_image","twitter_misc":{"Tempo di lettura stimato":"1 minuto"},"schema":{"@context":"https:\/\/schema.org","@graph":[{"@type":"WebPage","@id":"https:\/\/insektenliebe.com\/it\/shop\/prodotto\/parete-posteriore-in-sughero-insektenliebe\/","url":"https:\/\/insektenliebe.com\/it\/shop\/prodotto\/parete-posteriore-in-sughero-insektenliebe\/","name":"Parete posteriore in sughero Insektenliebe - Insektenliebe","isPartOf":{"@id":"https:\/\/insektenliebe.com\/it\/#website"},"primaryImageOfPage":{"@id":"https:\/\/insektenliebe.com\/it\/shop\/prodotto\/parete-posteriore-in-sughero-insektenliebe\/#primaryimage"},"image":{"@id":"https:\/\/insektenliebe.com\/it\/shop\/prodotto\/parete-posteriore-in-sughero-insektenliebe\/#primaryimage"},"thumbnailUrl":"https:\/\/insektenliebe.com\/wp-content\/uploads\/2025\/10\/Insektenliebe-Korkrueckwand.jpg","datePublished":"2025-10-02T08:47:27+00:00","dateModified":"2026-03-14T13:04:11+00:00","description":"Parete posteriore in sughero per terrari Insektenliebe - spessa circa 10 mm, arrampicabile, adatta ai terrari Insektenliebe, incollabile al silicone e ideale per il tuo animale domestico!","breadcrumb":{"@id":"https:\/\/insektenliebe.com\/it\/shop\/prodotto\/parete-posteriore-in-sughero-insektenliebe\/#breadcrumb"},"inLanguage":"it-IT","potentialAction":[{"@type":"ReadAction","target":["https:\/\/insektenliebe.com\/it\/shop\/prodotto\/parete-posteriore-in-sughero-insektenliebe\/"]}]},{"@type":"ImageObject","inLanguage":"it-IT","@id":"https:\/\/insektenliebe.com\/it\/shop\/prodotto\/parete-posteriore-in-sughero-insektenliebe\/#primaryimage","url":"https:\/\/insektenliebe.com\/wp-content\/uploads\/2025\/10\/Insektenliebe-Korkrueckwand.jpg","contentUrl":"https:\/\/insektenliebe.com\/wp-content\/uploads\/2025\/10\/Insektenliebe-Korkrueckwand.jpg","width":820,"height":820,"caption":"Parete posteriore in sughero Insektenliebe"},{"@type":"BreadcrumbList","@id":"https:\/\/insektenliebe.com\/it\/shop\/prodotto\/parete-posteriore-in-sughero-insektenliebe\/#breadcrumb","itemListElement":[{"@type":"ListItem","position":1,"name":"Startseite","item":"https:\/\/insektenliebe.com\/it\/"},{"@type":"ListItem","position":2,"name":"Negozio","item":"https:\/\/insektenliebe.com\/it\/negozio\/"},{"@type":"ListItem","position":3,"name":"Parete posteriore in sughero Insektenliebe"}]},{"@type":"WebSite","@id":"https:\/\/insektenliebe.com\/it\/#website","url":"https:\/\/insektenliebe.com\/it\/","name":"Insektenliebe","description":"Dein Zuhause f\u00fcr die kleinen Lebewesen","publisher":{"@id":"https:\/\/insektenliebe.com\/it\/#organization"},"potentialAction":[{"@type":"SearchAction","target":{"@type":"EntryPoint","urlTemplate":"https:\/\/insektenliebe.com\/it\/?s={search_term_string}"},"query-input":{"@type":"PropertyValueSpecification","valueRequired":true,"valueName":"search_term_string"}}],"inLanguage":"it-IT"},{"@type":"Organization","@id":"https:\/\/insektenliebe.com\/it\/#organization","name":"Insektenliebe","url":"https:\/\/insektenliebe.com\/it\/","logo":{"@type":"ImageObject","inLanguage":"it-IT","@id":"https:\/\/insektenliebe.com\/it\/#\/schema\/logo\/image\/","url":"https:\/\/insektenliebe.com\/wp-content\/uploads\/2025\/03\/logo-white.png","contentUrl":"https:\/\/insektenliebe.com\/wp-content\/uploads\/2025\/03\/logo-white.png","width":288,"height":188,"caption":"Insektenliebe"},"image":{"@id":"https:\/\/insektenliebe.com\/it\/#\/schema\/logo\/image\/"}}]}},"_links":{"self":[{"href":"https:\/\/insektenliebe.com\/it\/wp-json\/wp\/v2\/product\/187239","targetHints":{"allow":["GET"]}}],"collection":[{"href":"https:\/\/insektenliebe.com\/it\/wp-json\/wp\/v2\/product"}],"about":[{"href":"https:\/\/insektenliebe.com\/it\/wp-json\/wp\/v2\/types\/product"}],"wp:featuredmedia":[{"embeddable":true,"href":"https:\/\/insektenliebe.com\/it\/wp-json\/wp\/v2\/media\/186798"}],"wp:attachment":[{"href":"https:\/\/insektenliebe.com\/it\/wp-json\/wp\/v2\/media?parent=187239"}],"wp:term":[{"taxonomy":"product-supplier","embeddable":true,"href":"https:\/\/insektenliebe.com\/it\/wp-json\/wp\/v2\/product-supplier?post=187239"},{"taxonomy":"product_brand","embeddable":true,"href":"https:\/\/insektenliebe.com\/it\/wp-json\/wp\/v2\/product_brand?post=187239"},{"taxonomy":"product_cat","embeddable":true,"href":"https:\/\/insektenliebe.com\/it\/wp-json\/wp\/v2\/product_cat?post=187239"},{"taxonomy":"product_tag","embeddable":true,"href":"https:\/\/insektenliebe.com\/it\/wp-json\/wp\/v2\/product_tag?post=187239"},{"taxonomy":"lce-checkout-addons","embeddable":true,"href":"https:\/\/insektenliebe.com\/it\/wp-json\/wp\/v2\/lce-checkout-addons?post=187239"}],"curies":[{"name":"wp","href":"https:\/\/api.w.org\/{rel}","templated":true}]}}