{"id":187221,"date":"2025-10-05T14:58:36","date_gmt":"2025-10-05T12:58:36","guid":{"rendered":"https:\/\/insektenliebe.com\/shop\/produkt\/phyllium-giganteum\/"},"modified":"2025-10-05T14:58:36","modified_gmt":"2025-10-05T12:58:36","slug":"phyllium-giganteum","status":"publish","type":"product","link":"https:\/\/insektenliebe.com\/it\/shop\/prodotto\/phyllium-giganteum\/","title":{"rendered":"Phyllium giganteum"},"content":{"rendered":"<h3 class=\"p1\"><span style=\"color: #99cc33;\"><strong><span class=\"s1\">Phyllium giganteum - la foglia che cammina per grandi e piccini<\/span><\/strong><\/span><\/h3>\n<p class=\"p1\"><strong><span class=\"s1\">Phyllium giganteum<\/span><\/strong><span class=\"s2\">conosciuta anche come \"Grande foglia cangiante\", \u00e8 una vera festa per gli occhi nel terrario e affascina non solo gli amanti degli insetti esperti, ma anche i principianti e i bambini. La loro perfetta mimetizzazione come foglia secca o viva provoca stupore ogni volta che si guarda nel terrario, perch\u00e9 spesso li si vede solo al secondo sguardo. Questi pacifici erbivori non sono solo belli ma anche facili da tenere, il che li rende ideali per i principianti del mondo della terraristica.  <\/span><\/p>\n<p class=\"p1\"><span class=\"s2\">Chiunque ami una vasca da esposizione arredata in modo naturale amer\u00e0 il <\/span><span class=\"s1\"><strong>Phyllium giganteum<\/strong><\/span><span class=\"s2\">  apprezzare. Gli animali sono attivi al crepuscolo e si muovono lentamente e delicatamente, perfetti per essere osservati. La cosa pi\u00f9 bella \u00e8 che anche i bambini possono aiutare a prendersene cura: gli animali non mordono, non sono velenosi e possono essere presi in braccio con un po&#8217; di pazienza.  <\/span><\/p>\n<p class=\"p1\"><span class=\"s2\">Per una conservazione adeguata alla specie, si consiglia un terrario con dimensioni minime di <\/span><span class=\"s3\">30 x 30 x 30 cm<\/span><span class=\"s2\">  per un gruppo di 5 animali. Ovviamente \u00e8 meglio che sia pi\u00f9 grande, soprattutto se vuoi allevare gli animali. Un&#8217;elevata umidit\u00e0 (60-80%) e una temperatura compresa tra    <\/span><span class=\"s3\">20-28 \u00b0C<\/span><span class=\"s2\">l&#8217;ideale \u00e8 una luce diurna o una piccola luce a LED per terrari. Un coperchio di garza o una buona ventilazione assicurano un clima equilibrato e prevengono le muffe. <\/span><\/p>\n<p class=\"p1\"><span class=\"s2\">Non hanno complicazioni quando si tratta di cibo: Mangiano <\/span><span class=\"s3\">foglie di mora<\/span><span class=\"s2\">, <\/span><span class=\"s3\">foglie di lampone<\/span><span class=\"s2\"> o anche <\/span><span class=\"s3\">foglie di quercia e faggio<\/span><span class=\"s2\">. Le foglie di mora fresche sono particolarmente apprezzate, preferibilmente in una bottiglia d&#8217;acqua con una guarnizione di cotone per mantenerle fresche pi\u00f9 a lungo. In inverno, puoi utilizzare le foglie di mora sempreverdi in qualsiasi momento. \u00c8 importante non utilizzare piante spruzzate!  <\/span><\/p>\n<p class=\"p1\"><span class=\"s2\">La coltivazione di <strong><span class=\"s1\">Phyllium giganteum<\/span><\/strong><\/span><span class=\"s2\">  \u00e8 possibile con un po&#8217; di pazienza: le femmine depongono regolarmente le uova, dalle quali si schiudono i primi piccoli dopo qualche mese - se si trovano le condizioni di calore e umidit\u00e0 adatte. Inizialmente hanno bisogno di foglie di quercia e di una buona umidit\u00e0 per poter fare la muta. Con cibo sufficiente e pazienza, una nuova generazione di questi affascinanti fasmidi si svilupper\u00e0 gradualmente.  <\/span><\/p>\n<p class=\"p1\"><span class=\"s2\"><strong><span class=\"s1\">Phyllium giganteum<\/span><\/strong> non \u00e8 solo un arricchimento per qualsiasi terrario, ma offre anche ai bambini un&#8217;emozionante visione della natura, dalla foglia all&#8217;insetto vivente. Chi apprezza gli animali tranquilli, belli e facili da curare fa bene a scegliere questa specie. <\/span><\/p>\n","protected":false},"excerpt":{"rendered":"<p>Phyllium giganteum - la foglia che cammina per grandi e piccini Phyllium giganteumconosciuta anche come \"Grande foglia cangiante\", \u00e8 una vera festa per gli occhi nel terrario e affascina non solo gli amanti degli insetti esperti, ma anche i principianti e i bambini. La loro perfetta mimetizzazione come foglia secca o viva provoca stupore ogni [&hellip;]<\/p>\n","protected":false},"featured_media":187225,"template":"","meta":{"_acf_changed":false},"product-supplier":[2689],"product_brand":[],"product_cat":[2829],"product_tag":[],"lce-checkout-addons":[2746],"class_list":{"0":"post-187221","1":"product","2":"type-product","3":"status-publish","4":"has-post-thumbnail","6":"product_cat-altri-invertebrati","7":"product_shipping_class-spedizione-di-animali","8":"pa_herkunft-malesia","9":"pa_kontinent-asia","10":"lce-checkout-addons-imballaggio-invernale","12":"first","13":"outofstock","14":"taxable","15":"shipping-taxable","16":"purchasable","17":"product-type-variable"},"acf":[],"yoast_head":"<!-- This site is optimized with the Yoast SEO plugin v27.3 - https:\/\/yoast.com\/product\/yoast-seo-wordpress\/ -->\n<title>Phyllium giganteum - Insektenliebe<\/title>\n<meta name=\"description\" content=\"Il Phyllium giganteum, noto anche come &quot;grande foglia cangiante&quot;, \u00e8 una vera festa per gli occhi nel terrario e affascina non solo gli esperti amanti degli insetti.\" \/>\n<meta name=\"robots\" content=\"index, follow, max-snippet:-1, max-image-preview:large, max-video-preview:-1\" \/>\n<link rel=\"canonical\" href=\"https:\/\/insektenliebe.com\/it\/shop\/prodotto\/phyllium-giganteum\/\" \/>\n<meta property=\"og:locale\" content=\"it_IT\" \/>\n<meta property=\"og:type\" content=\"article\" \/>\n<meta property=\"og:title\" content=\"Phyllium giganteum - Insektenliebe\" \/>\n<meta property=\"og:description\" content=\"Il Phyllium giganteum, noto anche come &quot;grande foglia cangiante&quot;, \u00e8 una vera festa per gli occhi nel terrario e affascina non solo gli esperti amanti degli insetti.\" \/>\n<meta property=\"og:url\" content=\"https:\/\/insektenliebe.com\/it\/shop\/prodotto\/phyllium-giganteum\/\" \/>\n<meta property=\"og:site_name\" content=\"Insektenliebe\" \/>\n<meta property=\"og:image\" content=\"https:\/\/insektenliebe.com\/wp-content\/uploads\/2025\/10\/Phyllium-giganteum-2.jpg\" \/>\n\t<meta property=\"og:image:width\" content=\"820\" \/>\n\t<meta property=\"og:image:height\" content=\"820\" \/>\n\t<meta property=\"og:image:type\" content=\"image\/jpeg\" \/>\n<meta name=\"twitter:card\" content=\"summary_large_image\" \/>\n<meta name=\"twitter:label1\" content=\"Tempo di lettura stimato\" \/>\n\t<meta name=\"twitter:data1\" content=\"2 minuto\" \/>\n<script type=\"application\/ld+json\" class=\"yoast-schema-graph\">{\"@context\":\"https:\\\/\\\/schema.org\",\"@graph\":[{\"@type\":\"WebPage\",\"@id\":\"https:\\\/\\\/insektenliebe.com\\\/it\\\/shop\\\/prodotto\\\/phyllium-giganteum\\\/\",\"url\":\"https:\\\/\\\/insektenliebe.com\\\/it\\\/shop\\\/prodotto\\\/phyllium-giganteum\\\/\",\"name\":\"Phyllium giganteum - Insektenliebe\",\"isPartOf\":{\"@id\":\"https:\\\/\\\/insektenliebe.com\\\/it\\\/#website\"},\"primaryImageOfPage\":{\"@id\":\"https:\\\/\\\/insektenliebe.com\\\/it\\\/shop\\\/prodotto\\\/phyllium-giganteum\\\/#primaryimage\"},\"image\":{\"@id\":\"https:\\\/\\\/insektenliebe.com\\\/it\\\/shop\\\/prodotto\\\/phyllium-giganteum\\\/#primaryimage\"},\"thumbnailUrl\":\"https:\\\/\\\/insektenliebe.com\\\/wp-content\\\/uploads\\\/2025\\\/10\\\/Phyllium-giganteum-2.jpg\",\"datePublished\":\"2025-10-05T12:58:36+00:00\",\"description\":\"Il Phyllium giganteum, noto anche come \\\"grande foglia cangiante\\\", \u00e8 una vera festa per gli occhi nel terrario e affascina non solo gli esperti amanti degli insetti.\",\"breadcrumb\":{\"@id\":\"https:\\\/\\\/insektenliebe.com\\\/it\\\/shop\\\/prodotto\\\/phyllium-giganteum\\\/#breadcrumb\"},\"inLanguage\":\"it-IT\",\"potentialAction\":[{\"@type\":\"ReadAction\",\"target\":[\"https:\\\/\\\/insektenliebe.com\\\/it\\\/shop\\\/prodotto\\\/phyllium-giganteum\\\/\"]}]},{\"@type\":\"ImageObject\",\"inLanguage\":\"it-IT\",\"@id\":\"https:\\\/\\\/insektenliebe.com\\\/it\\\/shop\\\/prodotto\\\/phyllium-giganteum\\\/#primaryimage\",\"url\":\"https:\\\/\\\/insektenliebe.com\\\/wp-content\\\/uploads\\\/2025\\\/10\\\/Phyllium-giganteum-2.jpg\",\"contentUrl\":\"https:\\\/\\\/insektenliebe.com\\\/wp-content\\\/uploads\\\/2025\\\/10\\\/Phyllium-giganteum-2.jpg\",\"width\":820,\"height\":820,\"caption\":\"Phyllium giganteum\"},{\"@type\":\"BreadcrumbList\",\"@id\":\"https:\\\/\\\/insektenliebe.com\\\/it\\\/shop\\\/prodotto\\\/phyllium-giganteum\\\/#breadcrumb\",\"itemListElement\":[{\"@type\":\"ListItem\",\"position\":1,\"name\":\"Startseite\",\"item\":\"https:\\\/\\\/insektenliebe.com\\\/it\\\/\"},{\"@type\":\"ListItem\",\"position\":2,\"name\":\"Negozio\",\"item\":\"https:\\\/\\\/insektenliebe.com\\\/it\\\/negozio\\\/\"},{\"@type\":\"ListItem\",\"position\":3,\"name\":\"Phyllium giganteum\"}]},{\"@type\":\"WebSite\",\"@id\":\"https:\\\/\\\/insektenliebe.com\\\/it\\\/#website\",\"url\":\"https:\\\/\\\/insektenliebe.com\\\/it\\\/\",\"name\":\"Insektenliebe\",\"description\":\"Dein Zuhause f\u00fcr die kleinen Lebewesen\",\"publisher\":{\"@id\":\"https:\\\/\\\/insektenliebe.com\\\/it\\\/#organization\"},\"potentialAction\":[{\"@type\":\"SearchAction\",\"target\":{\"@type\":\"EntryPoint\",\"urlTemplate\":\"https:\\\/\\\/insektenliebe.com\\\/it\\\/?s={search_term_string}\"},\"query-input\":{\"@type\":\"PropertyValueSpecification\",\"valueRequired\":true,\"valueName\":\"search_term_string\"}}],\"inLanguage\":\"it-IT\"},{\"@type\":\"Organization\",\"@id\":\"https:\\\/\\\/insektenliebe.com\\\/it\\\/#organization\",\"name\":\"Insektenliebe\",\"url\":\"https:\\\/\\\/insektenliebe.com\\\/it\\\/\",\"logo\":{\"@type\":\"ImageObject\",\"inLanguage\":\"it-IT\",\"@id\":\"https:\\\/\\\/insektenliebe.com\\\/it\\\/#\\\/schema\\\/logo\\\/image\\\/\",\"url\":\"https:\\\/\\\/insektenliebe.com\\\/wp-content\\\/uploads\\\/2025\\\/03\\\/logo-white.png\",\"contentUrl\":\"https:\\\/\\\/insektenliebe.com\\\/wp-content\\\/uploads\\\/2025\\\/03\\\/logo-white.png\",\"width\":288,\"height\":188,\"caption\":\"Insektenliebe\"},\"image\":{\"@id\":\"https:\\\/\\\/insektenliebe.com\\\/it\\\/#\\\/schema\\\/logo\\\/image\\\/\"}}]}<\/script>\n<!-- \/ Yoast SEO plugin. -->","yoast_head_json":{"title":"Phyllium giganteum - Insektenliebe","description":"Il Phyllium giganteum, noto anche come \"grande foglia cangiante\", \u00e8 una vera festa per gli occhi nel terrario e affascina non solo gli esperti amanti degli insetti.","robots":{"index":"index","follow":"follow","max-snippet":"max-snippet:-1","max-image-preview":"max-image-preview:large","max-video-preview":"max-video-preview:-1"},"canonical":"https:\/\/insektenliebe.com\/it\/shop\/prodotto\/phyllium-giganteum\/","og_locale":"it_IT","og_type":"article","og_title":"Phyllium giganteum - Insektenliebe","og_description":"Il Phyllium giganteum, noto anche come \"grande foglia cangiante\", \u00e8 una vera festa per gli occhi nel terrario e affascina non solo gli esperti amanti degli insetti.","og_url":"https:\/\/insektenliebe.com\/it\/shop\/prodotto\/phyllium-giganteum\/","og_site_name":"Insektenliebe","og_image":[{"width":820,"height":820,"url":"https:\/\/insektenliebe.com\/wp-content\/uploads\/2025\/10\/Phyllium-giganteum-2.jpg","type":"image\/jpeg"}],"twitter_card":"summary_large_image","twitter_misc":{"Tempo di lettura stimato":"2 minuto"},"schema":{"@context":"https:\/\/schema.org","@graph":[{"@type":"WebPage","@id":"https:\/\/insektenliebe.com\/it\/shop\/prodotto\/phyllium-giganteum\/","url":"https:\/\/insektenliebe.com\/it\/shop\/prodotto\/phyllium-giganteum\/","name":"Phyllium giganteum - Insektenliebe","isPartOf":{"@id":"https:\/\/insektenliebe.com\/it\/#website"},"primaryImageOfPage":{"@id":"https:\/\/insektenliebe.com\/it\/shop\/prodotto\/phyllium-giganteum\/#primaryimage"},"image":{"@id":"https:\/\/insektenliebe.com\/it\/shop\/prodotto\/phyllium-giganteum\/#primaryimage"},"thumbnailUrl":"https:\/\/insektenliebe.com\/wp-content\/uploads\/2025\/10\/Phyllium-giganteum-2.jpg","datePublished":"2025-10-05T12:58:36+00:00","description":"Il Phyllium giganteum, noto anche come \"grande foglia cangiante\", \u00e8 una vera festa per gli occhi nel terrario e affascina non solo gli esperti amanti degli insetti.","breadcrumb":{"@id":"https:\/\/insektenliebe.com\/it\/shop\/prodotto\/phyllium-giganteum\/#breadcrumb"},"inLanguage":"it-IT","potentialAction":[{"@type":"ReadAction","target":["https:\/\/insektenliebe.com\/it\/shop\/prodotto\/phyllium-giganteum\/"]}]},{"@type":"ImageObject","inLanguage":"it-IT","@id":"https:\/\/insektenliebe.com\/it\/shop\/prodotto\/phyllium-giganteum\/#primaryimage","url":"https:\/\/insektenliebe.com\/wp-content\/uploads\/2025\/10\/Phyllium-giganteum-2.jpg","contentUrl":"https:\/\/insektenliebe.com\/wp-content\/uploads\/2025\/10\/Phyllium-giganteum-2.jpg","width":820,"height":820,"caption":"Phyllium giganteum"},{"@type":"BreadcrumbList","@id":"https:\/\/insektenliebe.com\/it\/shop\/prodotto\/phyllium-giganteum\/#breadcrumb","itemListElement":[{"@type":"ListItem","position":1,"name":"Startseite","item":"https:\/\/insektenliebe.com\/it\/"},{"@type":"ListItem","position":2,"name":"Negozio","item":"https:\/\/insektenliebe.com\/it\/negozio\/"},{"@type":"ListItem","position":3,"name":"Phyllium giganteum"}]},{"@type":"WebSite","@id":"https:\/\/insektenliebe.com\/it\/#website","url":"https:\/\/insektenliebe.com\/it\/","name":"Insektenliebe","description":"Dein Zuhause f\u00fcr die kleinen Lebewesen","publisher":{"@id":"https:\/\/insektenliebe.com\/it\/#organization"},"potentialAction":[{"@type":"SearchAction","target":{"@type":"EntryPoint","urlTemplate":"https:\/\/insektenliebe.com\/it\/?s={search_term_string}"},"query-input":{"@type":"PropertyValueSpecification","valueRequired":true,"valueName":"search_term_string"}}],"inLanguage":"it-IT"},{"@type":"Organization","@id":"https:\/\/insektenliebe.com\/it\/#organization","name":"Insektenliebe","url":"https:\/\/insektenliebe.com\/it\/","logo":{"@type":"ImageObject","inLanguage":"it-IT","@id":"https:\/\/insektenliebe.com\/it\/#\/schema\/logo\/image\/","url":"https:\/\/insektenliebe.com\/wp-content\/uploads\/2025\/03\/logo-white.png","contentUrl":"https:\/\/insektenliebe.com\/wp-content\/uploads\/2025\/03\/logo-white.png","width":288,"height":188,"caption":"Insektenliebe"},"image":{"@id":"https:\/\/insektenliebe.com\/it\/#\/schema\/logo\/image\/"}}]}},"_links":{"self":[{"href":"https:\/\/insektenliebe.com\/it\/wp-json\/wp\/v2\/product\/187221","targetHints":{"allow":["GET"]}}],"collection":[{"href":"https:\/\/insektenliebe.com\/it\/wp-json\/wp\/v2\/product"}],"about":[{"href":"https:\/\/insektenliebe.com\/it\/wp-json\/wp\/v2\/types\/product"}],"wp:featuredmedia":[{"embeddable":true,"href":"https:\/\/insektenliebe.com\/it\/wp-json\/wp\/v2\/media\/187225"}],"wp:attachment":[{"href":"https:\/\/insektenliebe.com\/it\/wp-json\/wp\/v2\/media?parent=187221"}],"wp:term":[{"taxonomy":"product-supplier","embeddable":true,"href":"https:\/\/insektenliebe.com\/it\/wp-json\/wp\/v2\/product-supplier?post=187221"},{"taxonomy":"product_brand","embeddable":true,"href":"https:\/\/insektenliebe.com\/it\/wp-json\/wp\/v2\/product_brand?post=187221"},{"taxonomy":"product_cat","embeddable":true,"href":"https:\/\/insektenliebe.com\/it\/wp-json\/wp\/v2\/product_cat?post=187221"},{"taxonomy":"product_tag","embeddable":true,"href":"https:\/\/insektenliebe.com\/it\/wp-json\/wp\/v2\/product_tag?post=187221"},{"taxonomy":"lce-checkout-addons","embeddable":true,"href":"https:\/\/insektenliebe.com\/it\/wp-json\/wp\/v2\/lce-checkout-addons?post=187221"}],"curies":[{"name":"wp","href":"https:\/\/api.w.org\/{rel}","templated":true}]}}