{"id":187210,"date":"2025-10-12T15:58:50","date_gmt":"2025-10-12T13:58:50","guid":{"rendered":"https:\/\/insektenliebe.com\/shop\/produkt\/armadillo-officinalis-white-pina\/"},"modified":"2025-10-12T15:58:50","modified_gmt":"2025-10-12T13:58:50","slug":"armadillo-officinalis-white-pina","status":"publish","type":"product","link":"https:\/\/insektenliebe.com\/it\/shop\/prodotto\/armadillo-officinalis-white-pina\/","title":{"rendered":"Armadillo officinalis \"White pina"},"content":{"rendered":"<h3><span style=\"color: #99cc33\"><span class=\"s1\">Armadillo officinalis \"White Pina <\/span><span style=\"font-size: 16px\">- elegante pesce palla della regione mediterranea<\/span><\/span><\/h3>\n<p class=\"p3\"><strong><span class=\"s3\">Armadillo officinalis \"Pina bianca\"<\/span><\/strong><span class=\"s2\"> \u00e8 una forma coltivata nobile, di colore quasi avorio, della cocciniglia europea <\/span><span class=\"s3\">Armadillo officinale<\/span><span class=\"s2\">. La forma liscia e ricurva del corpo e la capacit\u00e0 di raggomitolarsi completamente li rendono non solo visivamente attraenti, ma anche molto interessanti dal punto di vista biologico. Il loro carapace brillante, quasi perlaceo, \u00e8 particolarmente appariscente e li distingue chiaramente dalle variet\u00e0 selvatiche colorate. <\/span><\/p>\n<p class=\"p3\"><span class=\"s2\">Questa specie \u00e8 originaria della <\/span><span class=\"s4\">regione mediterranea<\/span><span class=\"s2\"> - comprese le regioni del sud della Francia, dell&#8217;Italia, della Croazia e della Grecia. Qui preferisce vivere in habitat asciutti e sassosi, con strati di terreno sciolti e molti nascondigli sotto cortecce, pietre o fogliame. E proprio queste esigenze si riflettono anche nel terrario.<\/span><\/p>\n<p class=\"p3\"><span class=\"s2\">A differenza delle specie di isopodi tropicali <\/span><span class=\"s3\">A. officinalis<\/span><span class=\"s2\"> \u00e8 <\/span><span class=\"s4\">non \u00e8 permanentemente umida<\/span><span class=\"s2\">. Preferisce invece un  <\/span><span class=\"s4\">Ambiente ben ventilato con clima di base asciutto<\/span><span class=\"s2\">. Una piccola zona umida (ad esempio con del muschio o sotto un pezzo di corteccia) \u00e8 sufficiente per far s\u00ec che gli animali si ritirino in caso di necessit\u00e0. Condizioni permanentemente umide, invece, portano rapidamente a problemi: questa specie \u00e8 adattata a terreni asciutti e deve essere tenuta come tale. <\/span><\/p>\n<p class=\"p3\"><span class=\"s2\">Un substrato adatto \u00e8 una miscela sciolta di humus forestale <\/span><span class=\"s4\">Humus forestale, foglie, legno bianco marcio e un po&#8217; di calcare<\/span><span class=\"s2\">. Additivi come il guscio di seppia o i gusci d&#8217;uovo schiacciati forniscono il calcio importante per la formazione del carapace. Anche i pezzi di corteccia e i piccoli sassi sono nascondigli popolari. Gli animali sono attivi al crepuscolo e di notte e di solito si possono trovare sotto i mobili durante il giorno.  <\/span><\/p>\n<p class=\"p3\"><span class=\"s2\">La postura mostra <\/span><span class=\"s3\">Pina bianca<\/span><span class=\"s2\">  abbastanza robusti e pacifici. Se ben nutriti con verdure, foglie, polline o cibo speciale per isopodi, si riproducono regolarmente. Le femmine trasportano i piccoli in una camera di cova sul ventre fino a quando non sono indipendenti: un&#8217;interessante visione della riproduzione negli isopodi.  <\/span><\/p>\n<p class=\"p3\"><span class=\"s2\"><strong><span class=\"s3\">Armadillo officinalis \"White Pina\"<\/span><\/strong> \u00e8 la scelta perfetta per gli amanti delle specie mediterranee che non vogliono ricreare condizioni di umidit\u00e0 tropicale. La sua natura tranquilla, la colorazione speciale e la facilit\u00e0 di mantenimento lo rendono ideale per gli appassionati di isopodi che cercano quel qualcosa di funzionale e decorativo allo stesso tempo. <\/span><\/p>\n","protected":false},"excerpt":{"rendered":"<p>Armadillo officinalis \"White Pina - elegante pesce palla della regione mediterranea Armadillo officinalis \"Pina bianca\" \u00e8 una forma coltivata nobile, di colore quasi avorio, della cocciniglia europea Armadillo officinale. La forma liscia e ricurva del corpo e la capacit\u00e0 di raggomitolarsi completamente li rendono non solo visivamente attraenti, ma anche molto interessanti dal punto di [&hellip;]<\/p>\n","protected":false},"featured_media":187216,"template":"","meta":{"_acf_changed":false},"product-supplier":[],"product_brand":[],"product_cat":[2850],"product_tag":[],"lce-checkout-addons":[2746],"class_list":{"0":"post-187210","1":"product","2":"type-product","3":"status-publish","4":"has-post-thumbnail","6":"product_cat-altri-isopodi-merulanella-ecc","7":"product_shipping_class-spedizione-di-animali","8":"pa_herkunft-grecia","9":"pa_kontinent-europa","10":"lce-checkout-addons-imballaggio-invernale","12":"first","13":"instock","14":"taxable","15":"shipping-taxable","16":"purchasable","17":"product-type-simple"},"acf":[],"yoast_head":"<!-- This site is optimized with the Yoast SEO plugin v27.3 - https:\/\/yoast.com\/product\/yoast-seo-wordpress\/ -->\n<title>Armadillo officinalis &quot;White pina - Insektenliebe<\/title>\n<meta name=\"description\" content=\"Acquista online l&#039;Armadillo officinalis &quot;White Pina&quot; - elegante pesce palla di colore chiaro proveniente dalla regione mediterranea. Robusto, decorativo e ideale per il terrario.\" \/>\n<meta name=\"robots\" content=\"index, follow, max-snippet:-1, max-image-preview:large, max-video-preview:-1\" \/>\n<link rel=\"canonical\" href=\"https:\/\/insektenliebe.com\/it\/shop\/prodotto\/armadillo-officinalis-white-pina\/\" \/>\n<meta property=\"og:locale\" content=\"it_IT\" \/>\n<meta property=\"og:type\" content=\"article\" \/>\n<meta property=\"og:title\" content=\"Armadillo officinalis &quot;White pina - Insektenliebe\" \/>\n<meta property=\"og:description\" content=\"Acquista online l&#039;Armadillo officinalis &quot;White Pina&quot; - elegante pesce palla di colore chiaro proveniente dalla regione mediterranea. Robusto, decorativo e ideale per il terrario.\" \/>\n<meta property=\"og:url\" content=\"https:\/\/insektenliebe.com\/it\/shop\/prodotto\/armadillo-officinalis-white-pina\/\" \/>\n<meta property=\"og:site_name\" content=\"Insektenliebe\" \/>\n<meta property=\"og:image\" content=\"https:\/\/insektenliebe.com\/wp-content\/uploads\/2025\/10\/Armadillo-officinalis-22White-pina22.jpg\" \/>\n\t<meta property=\"og:image:width\" content=\"820\" \/>\n\t<meta property=\"og:image:height\" content=\"820\" \/>\n\t<meta property=\"og:image:type\" content=\"image\/jpeg\" \/>\n<meta name=\"twitter:card\" content=\"summary_large_image\" \/>\n<meta name=\"twitter:label1\" content=\"Tempo di lettura stimato\" \/>\n\t<meta name=\"twitter:data1\" content=\"2 minuto\" \/>\n<script type=\"application\/ld+json\" class=\"yoast-schema-graph\">{\"@context\":\"https:\\\/\\\/schema.org\",\"@graph\":[{\"@type\":\"WebPage\",\"@id\":\"https:\\\/\\\/insektenliebe.com\\\/it\\\/shop\\\/prodotto\\\/armadillo-officinalis-white-pina\\\/\",\"url\":\"https:\\\/\\\/insektenliebe.com\\\/it\\\/shop\\\/prodotto\\\/armadillo-officinalis-white-pina\\\/\",\"name\":\"Armadillo officinalis \\\"White pina - Insektenliebe\",\"isPartOf\":{\"@id\":\"https:\\\/\\\/insektenliebe.com\\\/it\\\/#website\"},\"primaryImageOfPage\":{\"@id\":\"https:\\\/\\\/insektenliebe.com\\\/it\\\/shop\\\/prodotto\\\/armadillo-officinalis-white-pina\\\/#primaryimage\"},\"image\":{\"@id\":\"https:\\\/\\\/insektenliebe.com\\\/it\\\/shop\\\/prodotto\\\/armadillo-officinalis-white-pina\\\/#primaryimage\"},\"thumbnailUrl\":\"https:\\\/\\\/insektenliebe.com\\\/wp-content\\\/uploads\\\/2025\\\/10\\\/Armadillo-officinalis-22White-pina22.jpg\",\"datePublished\":\"2025-10-12T13:58:50+00:00\",\"description\":\"Acquista online l'Armadillo officinalis \\\"White Pina\\\" - elegante pesce palla di colore chiaro proveniente dalla regione mediterranea. Robusto, decorativo e ideale per il terrario.\",\"breadcrumb\":{\"@id\":\"https:\\\/\\\/insektenliebe.com\\\/it\\\/shop\\\/prodotto\\\/armadillo-officinalis-white-pina\\\/#breadcrumb\"},\"inLanguage\":\"it-IT\",\"potentialAction\":[{\"@type\":\"ReadAction\",\"target\":[\"https:\\\/\\\/insektenliebe.com\\\/it\\\/shop\\\/prodotto\\\/armadillo-officinalis-white-pina\\\/\"]}]},{\"@type\":\"ImageObject\",\"inLanguage\":\"it-IT\",\"@id\":\"https:\\\/\\\/insektenliebe.com\\\/it\\\/shop\\\/prodotto\\\/armadillo-officinalis-white-pina\\\/#primaryimage\",\"url\":\"https:\\\/\\\/insektenliebe.com\\\/wp-content\\\/uploads\\\/2025\\\/10\\\/Armadillo-officinalis-22White-pina22.jpg\",\"contentUrl\":\"https:\\\/\\\/insektenliebe.com\\\/wp-content\\\/uploads\\\/2025\\\/10\\\/Armadillo-officinalis-22White-pina22.jpg\",\"width\":820,\"height\":820,\"caption\":\"Armadillo officinalis \\\"White pina\"},{\"@type\":\"BreadcrumbList\",\"@id\":\"https:\\\/\\\/insektenliebe.com\\\/it\\\/shop\\\/prodotto\\\/armadillo-officinalis-white-pina\\\/#breadcrumb\",\"itemListElement\":[{\"@type\":\"ListItem\",\"position\":1,\"name\":\"Startseite\",\"item\":\"https:\\\/\\\/insektenliebe.com\\\/it\\\/\"},{\"@type\":\"ListItem\",\"position\":2,\"name\":\"Negozio\",\"item\":\"https:\\\/\\\/insektenliebe.com\\\/it\\\/negozio\\\/\"},{\"@type\":\"ListItem\",\"position\":3,\"name\":\"Armadillo officinalis &#8220;White pina\"}]},{\"@type\":\"WebSite\",\"@id\":\"https:\\\/\\\/insektenliebe.com\\\/it\\\/#website\",\"url\":\"https:\\\/\\\/insektenliebe.com\\\/it\\\/\",\"name\":\"Insektenliebe\",\"description\":\"Dein Zuhause f\u00fcr die kleinen Lebewesen\",\"publisher\":{\"@id\":\"https:\\\/\\\/insektenliebe.com\\\/it\\\/#organization\"},\"potentialAction\":[{\"@type\":\"SearchAction\",\"target\":{\"@type\":\"EntryPoint\",\"urlTemplate\":\"https:\\\/\\\/insektenliebe.com\\\/it\\\/?s={search_term_string}\"},\"query-input\":{\"@type\":\"PropertyValueSpecification\",\"valueRequired\":true,\"valueName\":\"search_term_string\"}}],\"inLanguage\":\"it-IT\"},{\"@type\":\"Organization\",\"@id\":\"https:\\\/\\\/insektenliebe.com\\\/it\\\/#organization\",\"name\":\"Insektenliebe\",\"url\":\"https:\\\/\\\/insektenliebe.com\\\/it\\\/\",\"logo\":{\"@type\":\"ImageObject\",\"inLanguage\":\"it-IT\",\"@id\":\"https:\\\/\\\/insektenliebe.com\\\/it\\\/#\\\/schema\\\/logo\\\/image\\\/\",\"url\":\"https:\\\/\\\/insektenliebe.com\\\/wp-content\\\/uploads\\\/2025\\\/03\\\/logo-white.png\",\"contentUrl\":\"https:\\\/\\\/insektenliebe.com\\\/wp-content\\\/uploads\\\/2025\\\/03\\\/logo-white.png\",\"width\":288,\"height\":188,\"caption\":\"Insektenliebe\"},\"image\":{\"@id\":\"https:\\\/\\\/insektenliebe.com\\\/it\\\/#\\\/schema\\\/logo\\\/image\\\/\"}}]}<\/script>\n<!-- \/ Yoast SEO plugin. -->","yoast_head_json":{"title":"Armadillo officinalis \"White pina - Insektenliebe","description":"Acquista online l'Armadillo officinalis \"White Pina\" - elegante pesce palla di colore chiaro proveniente dalla regione mediterranea. Robusto, decorativo e ideale per il terrario.","robots":{"index":"index","follow":"follow","max-snippet":"max-snippet:-1","max-image-preview":"max-image-preview:large","max-video-preview":"max-video-preview:-1"},"canonical":"https:\/\/insektenliebe.com\/it\/shop\/prodotto\/armadillo-officinalis-white-pina\/","og_locale":"it_IT","og_type":"article","og_title":"Armadillo officinalis \"White pina - Insektenliebe","og_description":"Acquista online l'Armadillo officinalis \"White Pina\" - elegante pesce palla di colore chiaro proveniente dalla regione mediterranea. Robusto, decorativo e ideale per il terrario.","og_url":"https:\/\/insektenliebe.com\/it\/shop\/prodotto\/armadillo-officinalis-white-pina\/","og_site_name":"Insektenliebe","og_image":[{"width":820,"height":820,"url":"https:\/\/insektenliebe.com\/wp-content\/uploads\/2025\/10\/Armadillo-officinalis-22White-pina22.jpg","type":"image\/jpeg"}],"twitter_card":"summary_large_image","twitter_misc":{"Tempo di lettura stimato":"2 minuto"},"schema":{"@context":"https:\/\/schema.org","@graph":[{"@type":"WebPage","@id":"https:\/\/insektenliebe.com\/it\/shop\/prodotto\/armadillo-officinalis-white-pina\/","url":"https:\/\/insektenliebe.com\/it\/shop\/prodotto\/armadillo-officinalis-white-pina\/","name":"Armadillo officinalis \"White pina - Insektenliebe","isPartOf":{"@id":"https:\/\/insektenliebe.com\/it\/#website"},"primaryImageOfPage":{"@id":"https:\/\/insektenliebe.com\/it\/shop\/prodotto\/armadillo-officinalis-white-pina\/#primaryimage"},"image":{"@id":"https:\/\/insektenliebe.com\/it\/shop\/prodotto\/armadillo-officinalis-white-pina\/#primaryimage"},"thumbnailUrl":"https:\/\/insektenliebe.com\/wp-content\/uploads\/2025\/10\/Armadillo-officinalis-22White-pina22.jpg","datePublished":"2025-10-12T13:58:50+00:00","description":"Acquista online l'Armadillo officinalis \"White Pina\" - elegante pesce palla di colore chiaro proveniente dalla regione mediterranea. Robusto, decorativo e ideale per il terrario.","breadcrumb":{"@id":"https:\/\/insektenliebe.com\/it\/shop\/prodotto\/armadillo-officinalis-white-pina\/#breadcrumb"},"inLanguage":"it-IT","potentialAction":[{"@type":"ReadAction","target":["https:\/\/insektenliebe.com\/it\/shop\/prodotto\/armadillo-officinalis-white-pina\/"]}]},{"@type":"ImageObject","inLanguage":"it-IT","@id":"https:\/\/insektenliebe.com\/it\/shop\/prodotto\/armadillo-officinalis-white-pina\/#primaryimage","url":"https:\/\/insektenliebe.com\/wp-content\/uploads\/2025\/10\/Armadillo-officinalis-22White-pina22.jpg","contentUrl":"https:\/\/insektenliebe.com\/wp-content\/uploads\/2025\/10\/Armadillo-officinalis-22White-pina22.jpg","width":820,"height":820,"caption":"Armadillo officinalis \"White pina"},{"@type":"BreadcrumbList","@id":"https:\/\/insektenliebe.com\/it\/shop\/prodotto\/armadillo-officinalis-white-pina\/#breadcrumb","itemListElement":[{"@type":"ListItem","position":1,"name":"Startseite","item":"https:\/\/insektenliebe.com\/it\/"},{"@type":"ListItem","position":2,"name":"Negozio","item":"https:\/\/insektenliebe.com\/it\/negozio\/"},{"@type":"ListItem","position":3,"name":"Armadillo officinalis &#8220;White pina"}]},{"@type":"WebSite","@id":"https:\/\/insektenliebe.com\/it\/#website","url":"https:\/\/insektenliebe.com\/it\/","name":"Insektenliebe","description":"Dein Zuhause f\u00fcr die kleinen Lebewesen","publisher":{"@id":"https:\/\/insektenliebe.com\/it\/#organization"},"potentialAction":[{"@type":"SearchAction","target":{"@type":"EntryPoint","urlTemplate":"https:\/\/insektenliebe.com\/it\/?s={search_term_string}"},"query-input":{"@type":"PropertyValueSpecification","valueRequired":true,"valueName":"search_term_string"}}],"inLanguage":"it-IT"},{"@type":"Organization","@id":"https:\/\/insektenliebe.com\/it\/#organization","name":"Insektenliebe","url":"https:\/\/insektenliebe.com\/it\/","logo":{"@type":"ImageObject","inLanguage":"it-IT","@id":"https:\/\/insektenliebe.com\/it\/#\/schema\/logo\/image\/","url":"https:\/\/insektenliebe.com\/wp-content\/uploads\/2025\/03\/logo-white.png","contentUrl":"https:\/\/insektenliebe.com\/wp-content\/uploads\/2025\/03\/logo-white.png","width":288,"height":188,"caption":"Insektenliebe"},"image":{"@id":"https:\/\/insektenliebe.com\/it\/#\/schema\/logo\/image\/"}}]}},"_links":{"self":[{"href":"https:\/\/insektenliebe.com\/it\/wp-json\/wp\/v2\/product\/187210","targetHints":{"allow":["GET"]}}],"collection":[{"href":"https:\/\/insektenliebe.com\/it\/wp-json\/wp\/v2\/product"}],"about":[{"href":"https:\/\/insektenliebe.com\/it\/wp-json\/wp\/v2\/types\/product"}],"wp:featuredmedia":[{"embeddable":true,"href":"https:\/\/insektenliebe.com\/it\/wp-json\/wp\/v2\/media\/187216"}],"wp:attachment":[{"href":"https:\/\/insektenliebe.com\/it\/wp-json\/wp\/v2\/media?parent=187210"}],"wp:term":[{"taxonomy":"product-supplier","embeddable":true,"href":"https:\/\/insektenliebe.com\/it\/wp-json\/wp\/v2\/product-supplier?post=187210"},{"taxonomy":"product_brand","embeddable":true,"href":"https:\/\/insektenliebe.com\/it\/wp-json\/wp\/v2\/product_brand?post=187210"},{"taxonomy":"product_cat","embeddable":true,"href":"https:\/\/insektenliebe.com\/it\/wp-json\/wp\/v2\/product_cat?post=187210"},{"taxonomy":"product_tag","embeddable":true,"href":"https:\/\/insektenliebe.com\/it\/wp-json\/wp\/v2\/product_tag?post=187210"},{"taxonomy":"lce-checkout-addons","embeddable":true,"href":"https:\/\/insektenliebe.com\/it\/wp-json\/wp\/v2\/lce-checkout-addons?post=187210"}],"curies":[{"name":"wp","href":"https:\/\/api.w.org\/{rel}","templated":true}]}}