{"id":187209,"date":"2025-11-12T17:00:07","date_gmt":"2025-11-12T16:00:07","guid":{"rendered":"https:\/\/insektenliebe.com\/shop\/produkt\/tliltocatl-kahlenbergi\/"},"modified":"2026-03-06T18:27:51","modified_gmt":"2026-03-06T17:27:51","slug":"tliltocatl-kahlenbergi","status":"publish","type":"product","link":"https:\/\/insektenliebe.com\/it\/shop\/prodotto\/tliltocatl-kahlenbergi\/","title":{"rendered":"Tliltocatl kahlenbergi"},"content":{"rendered":"<h3 class=\"p1\"><span style=\"color: #99cc33;\"><strong><span class=\"s1\">Robusto e pacifico: un ritratto di Tliltocatl kahlenbergi<\/span><\/strong><\/span><\/h3>\n<p class=\"p1\"><span class=\"s1\">La tarantola <\/span><strong><span class=\"s2\">Tliltocatl kahlenbergi<\/span><\/strong><span class=\"s1\">  \u00e8 una delle specie pi\u00f9 rare del genere, \u00e8 originaria del Messico e colpisce per la sua struttura corporea robusta, la colorazione di base nero intenso e un caldo riflesso bruno-rossastro sull&#8217;addome. La fitta pubescenza \u00e8 particolarmente evidente e conferisce a questa specie un aspetto vellutato. Il suo comportamento la rende un&#8217;apprezzata abitante del terrario: riservata, calma e non incline allo stress - perfetta per l&#8217;osservazione.  <\/span><\/p>\n<p class=\"p1\"><span class=\"s1\">Questa specie \u00e8 molto adatta a essere tenuta individualmente in un terrario di 30 x 30 x 30 cm. Il substrato deve essere sufficientemente profondo, dato che <strong><span class=\"s2\">Tliltocatl kahlenbergi<\/span><\/strong> <\/span><span class=\"s1\">  ama scavare e ritirarsi sotto pezzi di sughero o corteccia. Il terreno scavabile, ad esempio una miscela di humus forestale e un po&#8217; di sabbia o argilla, costituisce la base perfetta. I tubi di sughero o i pezzi di corteccia semi-incastrati forniscono ulteriore protezione e possibilit\u00e0 di ritirarsi.  <\/span><\/p>\n<p class=\"p1\"><span class=\"s1\">Questa specie proviene da un habitat piuttosto secco. L&#8217;umidit\u00e0 deve quindi essere mantenuta moderata, idealmente intorno al 60%. Un piccolo angolo umido nel substrato \u00e8 spesso sufficiente per creare un microclima stabile. La temperatura nel terrario pu\u00f2 essere compresa tra i 25 e i 27 \u00b0C durante il giorno e pu\u00f2 scendere a 20 \u00b0C durante la notte. Anche una ciotola per l&#8217;acqua fa parte dell&#8217;equipaggiamento di base per fornire acqua fresca da bere in ogni momento.    <\/span><\/p>\n<p class=\"p1\"><span class=\"s1\"><strong><span class=\"s2\">Tliltocatl kahlenbergi<\/span><\/strong> \u00e8 un onnivoro tra i ragni: grilli, scarafaggi, cavallette e altri animali da cibo comuni sono accettati senza problemi. In genere gli animali non sono molto nervosi, rimangono calmi e mostrano un comportamento piuttosto passivo. I comportamenti difensivi, come il lancio di peli urticanti, sono possibili ma rari: un altro punto a favore, soprattutto per i proprietari che apprezzano una convivenza senza stress.  <\/span><\/p>\n<p class=\"p1\"><span class=\"s1\">Con un po&#8217; di pazienza, gli animali cresceranno, perch\u00e9 come per la maggior parte delle specie di Tliltocatl, lo sviluppo \u00e8 piuttosto lento. D&#8217;altra parte, una femmina pu\u00f2 vivere per molti anni e offrire un divertimento a lungo termine con il suo comportamento calmo. I maschi vivono spesso per uno o due anni dopo l&#8217;ultima muta, mentre le femmine sono molto pi\u00f9 longeve.  <\/span><\/p>\n<p class=\"p1\"><span class=\"s1\">Se sei alla ricerca di una tarantola semplice e graziosa, adatta anche ai principianti, la <strong><span class=\"s2\">Tliltocatl kahlenbergi<\/span><\/strong><\/span><span class=\"s1\">  si diverte molto. Combina un comportamento sobrio con un aspetto sorprendente ed \u00e8 meraviglioso da osservare in un terrario ben strutturato. <\/span><\/p>\n<p class=\"p1\"><strong>Nota sull&#8217;obbligo di rendicontazione:<\/strong><b><\/b><\/p>\n<p class=\"p1\">Questa specie di tarantola \u00e8 soggetta a registrazione obbligatoria. La legge richiede una prova di origine per questo animale. Se ordini da noi una specie soggetta a registrazione, riceverai automaticamente un link per scaricare il relativo certificato con la conferma dell&#8217;ordine. In questo modo avrai subito a portata di mano tutti i documenti necessari e potrai conservarli in formato digitale o stampato.   <\/p>\n","protected":false},"excerpt":{"rendered":"<p>Robusto e pacifico: un ritratto di Tliltocatl kahlenbergi La tarantola Tliltocatl kahlenbergi \u00e8 una delle specie pi\u00f9 rare del genere, \u00e8 originaria del Messico e colpisce per la sua struttura corporea robusta, la colorazione di base nero intenso e un caldo riflesso bruno-rossastro sull&#8217;addome. La fitta pubescenza \u00e8 particolarmente evidente e conferisce a questa specie [&hellip;]<\/p>\n","protected":false},"featured_media":187212,"template":"","meta":{"_acf_changed":false},"product-supplier":[],"product_brand":[],"product_cat":[3004],"product_tag":[],"lce-checkout-addons":[2746],"class_list":{"0":"post-187209","1":"product","2":"type-product","3":"status-publish","4":"has-post-thumbnail","6":"product_cat-tarantole","7":"product_shipping_class-spedizione-di-animali","8":"pa_geschlecht-donna","9":"pa_geschlecht-indeterminato","10":"pa_geschlecht-uomo","11":"pa_herkunft-messico","12":"pa_kontinent-nord-america","13":"lce-checkout-addons-imballaggio-invernale","15":"first","16":"instock","17":"taxable","18":"shipping-taxable","19":"purchasable","20":"product-type-variable"},"acf":[],"yoast_head":"<!-- This site is optimized with the Yoast SEO plugin v27.3 - https:\/\/yoast.com\/product\/yoast-seo-wordpress\/ -->\n<title>Tliltocatl kahlenbergi - Insektenliebe<\/title>\n<meta name=\"description\" content=\"La Tliltocatl kahlenbergi \u00e8 una tarantola calma e robusta proveniente dal Messico, ideale per i principianti e facile da tenere e curare. Scoprila subito!\" \/>\n<meta name=\"robots\" content=\"index, follow, max-snippet:-1, max-image-preview:large, max-video-preview:-1\" \/>\n<link rel=\"canonical\" href=\"https:\/\/insektenliebe.com\/it\/shop\/prodotto\/tliltocatl-kahlenbergi\/\" \/>\n<meta property=\"og:locale\" content=\"it_IT\" \/>\n<meta property=\"og:type\" content=\"article\" \/>\n<meta property=\"og:title\" content=\"Tliltocatl kahlenbergi - Insektenliebe\" \/>\n<meta property=\"og:description\" content=\"La Tliltocatl kahlenbergi \u00e8 una tarantola calma e robusta proveniente dal Messico, ideale per i principianti e facile da tenere e curare. Scoprila subito!\" \/>\n<meta property=\"og:url\" content=\"https:\/\/insektenliebe.com\/it\/shop\/prodotto\/tliltocatl-kahlenbergi\/\" \/>\n<meta property=\"og:site_name\" content=\"Insektenliebe\" \/>\n<meta property=\"article:modified_time\" content=\"2026-03-06T17:27:51+00:00\" \/>\n<meta property=\"og:image\" content=\"https:\/\/insektenliebe.com\/wp-content\/uploads\/2025\/11\/Tliltocatl-kahlenbergi.jpg\" \/>\n\t<meta property=\"og:image:width\" content=\"820\" \/>\n\t<meta property=\"og:image:height\" content=\"820\" \/>\n\t<meta property=\"og:image:type\" content=\"image\/jpeg\" \/>\n<meta name=\"twitter:card\" content=\"summary_large_image\" \/>\n<meta name=\"twitter:label1\" content=\"Tempo di lettura stimato\" \/>\n\t<meta name=\"twitter:data1\" content=\"2 minuto\" \/>\n<script type=\"application\/ld+json\" class=\"yoast-schema-graph\">{\"@context\":\"https:\\\/\\\/schema.org\",\"@graph\":[{\"@type\":\"WebPage\",\"@id\":\"https:\\\/\\\/insektenliebe.com\\\/it\\\/shop\\\/prodotto\\\/tliltocatl-kahlenbergi\\\/\",\"url\":\"https:\\\/\\\/insektenliebe.com\\\/it\\\/shop\\\/prodotto\\\/tliltocatl-kahlenbergi\\\/\",\"name\":\"Tliltocatl kahlenbergi - Insektenliebe\",\"isPartOf\":{\"@id\":\"https:\\\/\\\/insektenliebe.com\\\/it\\\/#website\"},\"primaryImageOfPage\":{\"@id\":\"https:\\\/\\\/insektenliebe.com\\\/it\\\/shop\\\/prodotto\\\/tliltocatl-kahlenbergi\\\/#primaryimage\"},\"image\":{\"@id\":\"https:\\\/\\\/insektenliebe.com\\\/it\\\/shop\\\/prodotto\\\/tliltocatl-kahlenbergi\\\/#primaryimage\"},\"thumbnailUrl\":\"https:\\\/\\\/insektenliebe.com\\\/wp-content\\\/uploads\\\/2025\\\/11\\\/Tliltocatl-kahlenbergi.jpg\",\"datePublished\":\"2025-11-12T16:00:07+00:00\",\"dateModified\":\"2026-03-06T17:27:51+00:00\",\"description\":\"La Tliltocatl kahlenbergi \u00e8 una tarantola calma e robusta proveniente dal Messico, ideale per i principianti e facile da tenere e curare. Scoprila subito!\",\"breadcrumb\":{\"@id\":\"https:\\\/\\\/insektenliebe.com\\\/it\\\/shop\\\/prodotto\\\/tliltocatl-kahlenbergi\\\/#breadcrumb\"},\"inLanguage\":\"it-IT\",\"potentialAction\":[{\"@type\":\"ReadAction\",\"target\":[\"https:\\\/\\\/insektenliebe.com\\\/it\\\/shop\\\/prodotto\\\/tliltocatl-kahlenbergi\\\/\"]}]},{\"@type\":\"ImageObject\",\"inLanguage\":\"it-IT\",\"@id\":\"https:\\\/\\\/insektenliebe.com\\\/it\\\/shop\\\/prodotto\\\/tliltocatl-kahlenbergi\\\/#primaryimage\",\"url\":\"https:\\\/\\\/insektenliebe.com\\\/wp-content\\\/uploads\\\/2025\\\/11\\\/Tliltocatl-kahlenbergi.jpg\",\"contentUrl\":\"https:\\\/\\\/insektenliebe.com\\\/wp-content\\\/uploads\\\/2025\\\/11\\\/Tliltocatl-kahlenbergi.jpg\",\"width\":820,\"height\":820,\"caption\":\"Tliltocatl kahlenbergi\"},{\"@type\":\"BreadcrumbList\",\"@id\":\"https:\\\/\\\/insektenliebe.com\\\/it\\\/shop\\\/prodotto\\\/tliltocatl-kahlenbergi\\\/#breadcrumb\",\"itemListElement\":[{\"@type\":\"ListItem\",\"position\":1,\"name\":\"Startseite\",\"item\":\"https:\\\/\\\/insektenliebe.com\\\/it\\\/\"},{\"@type\":\"ListItem\",\"position\":2,\"name\":\"Negozio\",\"item\":\"https:\\\/\\\/insektenliebe.com\\\/it\\\/negozio\\\/\"},{\"@type\":\"ListItem\",\"position\":3,\"name\":\"Tliltocatl kahlenbergi\"}]},{\"@type\":\"WebSite\",\"@id\":\"https:\\\/\\\/insektenliebe.com\\\/it\\\/#website\",\"url\":\"https:\\\/\\\/insektenliebe.com\\\/it\\\/\",\"name\":\"Insektenliebe\",\"description\":\"Dein Zuhause f\u00fcr die kleinen Lebewesen\",\"publisher\":{\"@id\":\"https:\\\/\\\/insektenliebe.com\\\/it\\\/#organization\"},\"potentialAction\":[{\"@type\":\"SearchAction\",\"target\":{\"@type\":\"EntryPoint\",\"urlTemplate\":\"https:\\\/\\\/insektenliebe.com\\\/it\\\/?s={search_term_string}\"},\"query-input\":{\"@type\":\"PropertyValueSpecification\",\"valueRequired\":true,\"valueName\":\"search_term_string\"}}],\"inLanguage\":\"it-IT\"},{\"@type\":\"Organization\",\"@id\":\"https:\\\/\\\/insektenliebe.com\\\/it\\\/#organization\",\"name\":\"Insektenliebe\",\"url\":\"https:\\\/\\\/insektenliebe.com\\\/it\\\/\",\"logo\":{\"@type\":\"ImageObject\",\"inLanguage\":\"it-IT\",\"@id\":\"https:\\\/\\\/insektenliebe.com\\\/it\\\/#\\\/schema\\\/logo\\\/image\\\/\",\"url\":\"https:\\\/\\\/insektenliebe.com\\\/wp-content\\\/uploads\\\/2025\\\/03\\\/logo-white.png\",\"contentUrl\":\"https:\\\/\\\/insektenliebe.com\\\/wp-content\\\/uploads\\\/2025\\\/03\\\/logo-white.png\",\"width\":288,\"height\":188,\"caption\":\"Insektenliebe\"},\"image\":{\"@id\":\"https:\\\/\\\/insektenliebe.com\\\/it\\\/#\\\/schema\\\/logo\\\/image\\\/\"}}]}<\/script>\n<!-- \/ Yoast SEO plugin. -->","yoast_head_json":{"title":"Tliltocatl kahlenbergi - Insektenliebe","description":"La Tliltocatl kahlenbergi \u00e8 una tarantola calma e robusta proveniente dal Messico, ideale per i principianti e facile da tenere e curare. Scoprila subito!","robots":{"index":"index","follow":"follow","max-snippet":"max-snippet:-1","max-image-preview":"max-image-preview:large","max-video-preview":"max-video-preview:-1"},"canonical":"https:\/\/insektenliebe.com\/it\/shop\/prodotto\/tliltocatl-kahlenbergi\/","og_locale":"it_IT","og_type":"article","og_title":"Tliltocatl kahlenbergi - Insektenliebe","og_description":"La Tliltocatl kahlenbergi \u00e8 una tarantola calma e robusta proveniente dal Messico, ideale per i principianti e facile da tenere e curare. Scoprila subito!","og_url":"https:\/\/insektenliebe.com\/it\/shop\/prodotto\/tliltocatl-kahlenbergi\/","og_site_name":"Insektenliebe","article_modified_time":"2026-03-06T17:27:51+00:00","og_image":[{"width":820,"height":820,"url":"https:\/\/insektenliebe.com\/wp-content\/uploads\/2025\/11\/Tliltocatl-kahlenbergi.jpg","type":"image\/jpeg"}],"twitter_card":"summary_large_image","twitter_misc":{"Tempo di lettura stimato":"2 minuto"},"schema":{"@context":"https:\/\/schema.org","@graph":[{"@type":"WebPage","@id":"https:\/\/insektenliebe.com\/it\/shop\/prodotto\/tliltocatl-kahlenbergi\/","url":"https:\/\/insektenliebe.com\/it\/shop\/prodotto\/tliltocatl-kahlenbergi\/","name":"Tliltocatl kahlenbergi - Insektenliebe","isPartOf":{"@id":"https:\/\/insektenliebe.com\/it\/#website"},"primaryImageOfPage":{"@id":"https:\/\/insektenliebe.com\/it\/shop\/prodotto\/tliltocatl-kahlenbergi\/#primaryimage"},"image":{"@id":"https:\/\/insektenliebe.com\/it\/shop\/prodotto\/tliltocatl-kahlenbergi\/#primaryimage"},"thumbnailUrl":"https:\/\/insektenliebe.com\/wp-content\/uploads\/2025\/11\/Tliltocatl-kahlenbergi.jpg","datePublished":"2025-11-12T16:00:07+00:00","dateModified":"2026-03-06T17:27:51+00:00","description":"La Tliltocatl kahlenbergi \u00e8 una tarantola calma e robusta proveniente dal Messico, ideale per i principianti e facile da tenere e curare. Scoprila subito!","breadcrumb":{"@id":"https:\/\/insektenliebe.com\/it\/shop\/prodotto\/tliltocatl-kahlenbergi\/#breadcrumb"},"inLanguage":"it-IT","potentialAction":[{"@type":"ReadAction","target":["https:\/\/insektenliebe.com\/it\/shop\/prodotto\/tliltocatl-kahlenbergi\/"]}]},{"@type":"ImageObject","inLanguage":"it-IT","@id":"https:\/\/insektenliebe.com\/it\/shop\/prodotto\/tliltocatl-kahlenbergi\/#primaryimage","url":"https:\/\/insektenliebe.com\/wp-content\/uploads\/2025\/11\/Tliltocatl-kahlenbergi.jpg","contentUrl":"https:\/\/insektenliebe.com\/wp-content\/uploads\/2025\/11\/Tliltocatl-kahlenbergi.jpg","width":820,"height":820,"caption":"Tliltocatl kahlenbergi"},{"@type":"BreadcrumbList","@id":"https:\/\/insektenliebe.com\/it\/shop\/prodotto\/tliltocatl-kahlenbergi\/#breadcrumb","itemListElement":[{"@type":"ListItem","position":1,"name":"Startseite","item":"https:\/\/insektenliebe.com\/it\/"},{"@type":"ListItem","position":2,"name":"Negozio","item":"https:\/\/insektenliebe.com\/it\/negozio\/"},{"@type":"ListItem","position":3,"name":"Tliltocatl kahlenbergi"}]},{"@type":"WebSite","@id":"https:\/\/insektenliebe.com\/it\/#website","url":"https:\/\/insektenliebe.com\/it\/","name":"Insektenliebe","description":"Dein Zuhause f\u00fcr die kleinen Lebewesen","publisher":{"@id":"https:\/\/insektenliebe.com\/it\/#organization"},"potentialAction":[{"@type":"SearchAction","target":{"@type":"EntryPoint","urlTemplate":"https:\/\/insektenliebe.com\/it\/?s={search_term_string}"},"query-input":{"@type":"PropertyValueSpecification","valueRequired":true,"valueName":"search_term_string"}}],"inLanguage":"it-IT"},{"@type":"Organization","@id":"https:\/\/insektenliebe.com\/it\/#organization","name":"Insektenliebe","url":"https:\/\/insektenliebe.com\/it\/","logo":{"@type":"ImageObject","inLanguage":"it-IT","@id":"https:\/\/insektenliebe.com\/it\/#\/schema\/logo\/image\/","url":"https:\/\/insektenliebe.com\/wp-content\/uploads\/2025\/03\/logo-white.png","contentUrl":"https:\/\/insektenliebe.com\/wp-content\/uploads\/2025\/03\/logo-white.png","width":288,"height":188,"caption":"Insektenliebe"},"image":{"@id":"https:\/\/insektenliebe.com\/it\/#\/schema\/logo\/image\/"}}]}},"_links":{"self":[{"href":"https:\/\/insektenliebe.com\/it\/wp-json\/wp\/v2\/product\/187209","targetHints":{"allow":["GET"]}}],"collection":[{"href":"https:\/\/insektenliebe.com\/it\/wp-json\/wp\/v2\/product"}],"about":[{"href":"https:\/\/insektenliebe.com\/it\/wp-json\/wp\/v2\/types\/product"}],"wp:featuredmedia":[{"embeddable":true,"href":"https:\/\/insektenliebe.com\/it\/wp-json\/wp\/v2\/media\/187212"}],"wp:attachment":[{"href":"https:\/\/insektenliebe.com\/it\/wp-json\/wp\/v2\/media?parent=187209"}],"wp:term":[{"taxonomy":"product-supplier","embeddable":true,"href":"https:\/\/insektenliebe.com\/it\/wp-json\/wp\/v2\/product-supplier?post=187209"},{"taxonomy":"product_brand","embeddable":true,"href":"https:\/\/insektenliebe.com\/it\/wp-json\/wp\/v2\/product_brand?post=187209"},{"taxonomy":"product_cat","embeddable":true,"href":"https:\/\/insektenliebe.com\/it\/wp-json\/wp\/v2\/product_cat?post=187209"},{"taxonomy":"product_tag","embeddable":true,"href":"https:\/\/insektenliebe.com\/it\/wp-json\/wp\/v2\/product_tag?post=187209"},{"taxonomy":"lce-checkout-addons","embeddable":true,"href":"https:\/\/insektenliebe.com\/it\/wp-json\/wp\/v2\/lce-checkout-addons?post=187209"}],"curies":[{"name":"wp","href":"https:\/\/api.w.org\/{rel}","templated":true}]}}