{"id":187200,"date":"2025-11-15T19:04:19","date_gmt":"2025-11-15T18:04:19","guid":{"rendered":"https:\/\/insektenliebe.com\/shop\/produkt\/proiettore-solare-arcadia\/"},"modified":"2025-11-15T19:04:19","modified_gmt":"2025-11-15T18:04:19","slug":"proiettore-solare-arcadia","status":"publish","type":"product","link":"https:\/\/insektenliebe.com\/it\/shop\/prodotto\/proiettore-solare-arcadia\/","title":{"rendered":"Proiettore solare Arcadia"},"content":{"rendered":"<h3 class=\"p1\"><span style=\"color: #99cc33\"><strong><span class=\"s1\">Arcadia Solar Basking Floodlight - Luce potente, ampia area d&#8217;azione<\/span><\/strong><\/span><\/h3>\n<p class=\"p1\"><span class=\"s1\">Il <\/span><strong><span class=\"s2\">Proiettore solare Arcadia<\/span><\/strong><span class=\"s1\">  porta nel terrario una vera e propria sensazione di crogiolarsi - con quattro livelli di potenza: 50 W, 75 W, 100 W e 150 W. Grazie al calore mirato, \u00e8 ideale per rettili, anfibi e insetti che amano riscaldarsi. La lampada emette raggi infrarossi A che penetrano direttamente nell&#8217;animale e nel substrato. In questo modo si crea una zona di calore uniforme e naturale, quasi come se si fosse all&#8217;aperto.   <\/span><\/p>\n<p class=\"p1\"><span class=\"s1\">La luce del proiettore \u00e8 di colore bianco caldo (circa 3200 K) e contiene anche componenti UVA. Questo stimola l&#8217;attivit\u00e0, migliora la percezione dei colori e garantisce un comportamento sano. Gli animali assorbono attivamente il calore, regolando la loro temperatura corporea e migliorando la digestione. Allo stesso tempo, il sistema immunitario si rafforza: un vero valore aggiunto per ogni animale da terrario.   <\/span><\/p>\n<p class=\"p1\"><span class=\"s1\">Un altro vantaggio: il proiettore non produce una luce visibile eccessiva. Questo lo rende ideale per le aree di crogiolamento senza disturbare il ritmo naturale degli animali. In particolare, le specie notturne ne traggono vantaggio. L&#8217;ampio angolo del fascio luminoso assicura che non solo un punto, ma un&#8217;intera area sia ben riscaldata. L&#8217;animale pu\u00f2 quindi muoversi liberamente e cercare il calore in modo mirato.    <\/span><\/p>\n<p class=\"p1\"><span class=\"s1\">Grazie alla base E27, la lampada pu\u00f2 essere facilmente avvitata in qualsiasi presa standard. \u00c8 realizzata in robusto vetro e alluminio, per garantire una lunga durata. \u00c8 ideale per essere utilizzata con un termostato o un timer per regolare perfettamente la temperatura e le fasi della luce.  <\/span><\/p>\n<p class=\"p1\"><span class=\"s1\">Che si tratti di un drago barbuto, di un&#8217;anola, di uno scorpione o di una cavalletta. <strong><span class=\"s2\">Arcadia Solar Basking Floodlight<\/span><\/strong><\/span><span class=\"s1\"> \u00e8 una fonte di calore affidabile che valorizza qualsiasi allestimento.<\/span><\/p>\n","protected":false},"excerpt":{"rendered":"<p>Arcadia Solar Basking Floodlight - Luce potente, ampia area d&#8217;azione Il Proiettore solare Arcadia porta nel terrario una vera e propria sensazione di crogiolarsi - con quattro livelli di potenza: 50 W, 75 W, 100 W e 150 W. Grazie al calore mirato, \u00e8 ideale per rettili, anfibi e insetti che amano riscaldarsi. La lampada [&hellip;]<\/p>\n","protected":false},"featured_media":187203,"template":"","meta":{"_acf_changed":false},"product-supplier":[2685],"product_brand":[],"product_cat":[2741],"product_tag":[],"lce-checkout-addons":[],"class_list":{"0":"post-187200","1":"product","2":"type-product","3":"status-publish","4":"has-post-thumbnail","6":"product_cat-illuminazione-e-clima","7":"product_shipping_class-equipment-shipping","9":"first","10":"instock","11":"taxable","12":"shipping-taxable","13":"purchasable","14":"product-type-variable"},"acf":[],"yoast_head":"<!-- This site is optimized with the Yoast SEO plugin v27.3 - https:\/\/yoast.com\/product\/yoast-seo-wordpress\/ -->\n<title>Proiettore solare Arcadia - Insektenliebe<\/title>\n<meta name=\"description\" content=\"Arcadia Solar Basking Floodlight - riscaldatore radiante a luce naturale per rettili. Ampio cono di luce, forte emissione di calore e spettro cromatico naturale.\" \/>\n<meta name=\"robots\" content=\"index, follow, max-snippet:-1, max-image-preview:large, max-video-preview:-1\" \/>\n<link rel=\"canonical\" href=\"https:\/\/insektenliebe.com\/it\/shop\/prodotto\/proiettore-solare-arcadia\/\" \/>\n<meta property=\"og:locale\" content=\"it_IT\" \/>\n<meta property=\"og:type\" content=\"article\" \/>\n<meta property=\"og:title\" content=\"Proiettore solare Arcadia - Insektenliebe\" \/>\n<meta property=\"og:description\" content=\"Arcadia Solar Basking Floodlight - riscaldatore radiante a luce naturale per rettili. Ampio cono di luce, forte emissione di calore e spettro cromatico naturale.\" \/>\n<meta property=\"og:url\" content=\"https:\/\/insektenliebe.com\/it\/shop\/prodotto\/proiettore-solare-arcadia\/\" \/>\n<meta property=\"og:site_name\" content=\"Insektenliebe\" \/>\n<meta property=\"og:image\" content=\"https:\/\/insektenliebe.com\/wp-content\/uploads\/2025\/11\/Arcadia-Solar-Basking-Floodlight-50W.jpg\" \/>\n\t<meta property=\"og:image:width\" content=\"820\" \/>\n\t<meta property=\"og:image:height\" content=\"820\" \/>\n\t<meta property=\"og:image:type\" content=\"image\/jpeg\" \/>\n<meta name=\"twitter:card\" content=\"summary_large_image\" \/>\n<meta name=\"twitter:label1\" content=\"Tempo di lettura stimato\" \/>\n\t<meta name=\"twitter:data1\" content=\"1 minuto\" \/>\n<script type=\"application\/ld+json\" class=\"yoast-schema-graph\">{\"@context\":\"https:\\\/\\\/schema.org\",\"@graph\":[{\"@type\":\"WebPage\",\"@id\":\"https:\\\/\\\/insektenliebe.com\\\/it\\\/shop\\\/prodotto\\\/proiettore-solare-arcadia\\\/\",\"url\":\"https:\\\/\\\/insektenliebe.com\\\/it\\\/shop\\\/prodotto\\\/proiettore-solare-arcadia\\\/\",\"name\":\"Proiettore solare Arcadia - Insektenliebe\",\"isPartOf\":{\"@id\":\"https:\\\/\\\/insektenliebe.com\\\/it\\\/#website\"},\"primaryImageOfPage\":{\"@id\":\"https:\\\/\\\/insektenliebe.com\\\/it\\\/shop\\\/prodotto\\\/proiettore-solare-arcadia\\\/#primaryimage\"},\"image\":{\"@id\":\"https:\\\/\\\/insektenliebe.com\\\/it\\\/shop\\\/prodotto\\\/proiettore-solare-arcadia\\\/#primaryimage\"},\"thumbnailUrl\":\"https:\\\/\\\/insektenliebe.com\\\/wp-content\\\/uploads\\\/2025\\\/11\\\/Arcadia-Solar-Basking-Floodlight-50W.jpg\",\"datePublished\":\"2025-11-15T18:04:19+00:00\",\"description\":\"Arcadia Solar Basking Floodlight - riscaldatore radiante a luce naturale per rettili. Ampio cono di luce, forte emissione di calore e spettro cromatico naturale.\",\"breadcrumb\":{\"@id\":\"https:\\\/\\\/insektenliebe.com\\\/it\\\/shop\\\/prodotto\\\/proiettore-solare-arcadia\\\/#breadcrumb\"},\"inLanguage\":\"it-IT\",\"potentialAction\":[{\"@type\":\"ReadAction\",\"target\":[\"https:\\\/\\\/insektenliebe.com\\\/it\\\/shop\\\/prodotto\\\/proiettore-solare-arcadia\\\/\"]}]},{\"@type\":\"ImageObject\",\"inLanguage\":\"it-IT\",\"@id\":\"https:\\\/\\\/insektenliebe.com\\\/it\\\/shop\\\/prodotto\\\/proiettore-solare-arcadia\\\/#primaryimage\",\"url\":\"https:\\\/\\\/insektenliebe.com\\\/wp-content\\\/uploads\\\/2025\\\/11\\\/Arcadia-Solar-Basking-Floodlight-50W.jpg\",\"contentUrl\":\"https:\\\/\\\/insektenliebe.com\\\/wp-content\\\/uploads\\\/2025\\\/11\\\/Arcadia-Solar-Basking-Floodlight-50W.jpg\",\"width\":820,\"height\":820,\"caption\":\"Arcadia Solar Basking Floodlight 50W\"},{\"@type\":\"BreadcrumbList\",\"@id\":\"https:\\\/\\\/insektenliebe.com\\\/it\\\/shop\\\/prodotto\\\/proiettore-solare-arcadia\\\/#breadcrumb\",\"itemListElement\":[{\"@type\":\"ListItem\",\"position\":1,\"name\":\"Startseite\",\"item\":\"https:\\\/\\\/insektenliebe.com\\\/it\\\/\"},{\"@type\":\"ListItem\",\"position\":2,\"name\":\"Negozio\",\"item\":\"https:\\\/\\\/insektenliebe.com\\\/it\\\/negozio\\\/\"},{\"@type\":\"ListItem\",\"position\":3,\"name\":\"Proiettore solare Arcadia\"}]},{\"@type\":\"WebSite\",\"@id\":\"https:\\\/\\\/insektenliebe.com\\\/it\\\/#website\",\"url\":\"https:\\\/\\\/insektenliebe.com\\\/it\\\/\",\"name\":\"Insektenliebe\",\"description\":\"Dein Zuhause f\u00fcr die kleinen Lebewesen\",\"publisher\":{\"@id\":\"https:\\\/\\\/insektenliebe.com\\\/it\\\/#organization\"},\"potentialAction\":[{\"@type\":\"SearchAction\",\"target\":{\"@type\":\"EntryPoint\",\"urlTemplate\":\"https:\\\/\\\/insektenliebe.com\\\/it\\\/?s={search_term_string}\"},\"query-input\":{\"@type\":\"PropertyValueSpecification\",\"valueRequired\":true,\"valueName\":\"search_term_string\"}}],\"inLanguage\":\"it-IT\"},{\"@type\":\"Organization\",\"@id\":\"https:\\\/\\\/insektenliebe.com\\\/it\\\/#organization\",\"name\":\"Insektenliebe\",\"url\":\"https:\\\/\\\/insektenliebe.com\\\/it\\\/\",\"logo\":{\"@type\":\"ImageObject\",\"inLanguage\":\"it-IT\",\"@id\":\"https:\\\/\\\/insektenliebe.com\\\/it\\\/#\\\/schema\\\/logo\\\/image\\\/\",\"url\":\"https:\\\/\\\/insektenliebe.com\\\/wp-content\\\/uploads\\\/2025\\\/03\\\/logo-white.png\",\"contentUrl\":\"https:\\\/\\\/insektenliebe.com\\\/wp-content\\\/uploads\\\/2025\\\/03\\\/logo-white.png\",\"width\":288,\"height\":188,\"caption\":\"Insektenliebe\"},\"image\":{\"@id\":\"https:\\\/\\\/insektenliebe.com\\\/it\\\/#\\\/schema\\\/logo\\\/image\\\/\"}}]}<\/script>\n<!-- \/ Yoast SEO plugin. -->","yoast_head_json":{"title":"Proiettore solare Arcadia - Insektenliebe","description":"Arcadia Solar Basking Floodlight - riscaldatore radiante a luce naturale per rettili. Ampio cono di luce, forte emissione di calore e spettro cromatico naturale.","robots":{"index":"index","follow":"follow","max-snippet":"max-snippet:-1","max-image-preview":"max-image-preview:large","max-video-preview":"max-video-preview:-1"},"canonical":"https:\/\/insektenliebe.com\/it\/shop\/prodotto\/proiettore-solare-arcadia\/","og_locale":"it_IT","og_type":"article","og_title":"Proiettore solare Arcadia - Insektenliebe","og_description":"Arcadia Solar Basking Floodlight - riscaldatore radiante a luce naturale per rettili. Ampio cono di luce, forte emissione di calore e spettro cromatico naturale.","og_url":"https:\/\/insektenliebe.com\/it\/shop\/prodotto\/proiettore-solare-arcadia\/","og_site_name":"Insektenliebe","og_image":[{"width":820,"height":820,"url":"https:\/\/insektenliebe.com\/wp-content\/uploads\/2025\/11\/Arcadia-Solar-Basking-Floodlight-50W.jpg","type":"image\/jpeg"}],"twitter_card":"summary_large_image","twitter_misc":{"Tempo di lettura stimato":"1 minuto"},"schema":{"@context":"https:\/\/schema.org","@graph":[{"@type":"WebPage","@id":"https:\/\/insektenliebe.com\/it\/shop\/prodotto\/proiettore-solare-arcadia\/","url":"https:\/\/insektenliebe.com\/it\/shop\/prodotto\/proiettore-solare-arcadia\/","name":"Proiettore solare Arcadia - Insektenliebe","isPartOf":{"@id":"https:\/\/insektenliebe.com\/it\/#website"},"primaryImageOfPage":{"@id":"https:\/\/insektenliebe.com\/it\/shop\/prodotto\/proiettore-solare-arcadia\/#primaryimage"},"image":{"@id":"https:\/\/insektenliebe.com\/it\/shop\/prodotto\/proiettore-solare-arcadia\/#primaryimage"},"thumbnailUrl":"https:\/\/insektenliebe.com\/wp-content\/uploads\/2025\/11\/Arcadia-Solar-Basking-Floodlight-50W.jpg","datePublished":"2025-11-15T18:04:19+00:00","description":"Arcadia Solar Basking Floodlight - riscaldatore radiante a luce naturale per rettili. Ampio cono di luce, forte emissione di calore e spettro cromatico naturale.","breadcrumb":{"@id":"https:\/\/insektenliebe.com\/it\/shop\/prodotto\/proiettore-solare-arcadia\/#breadcrumb"},"inLanguage":"it-IT","potentialAction":[{"@type":"ReadAction","target":["https:\/\/insektenliebe.com\/it\/shop\/prodotto\/proiettore-solare-arcadia\/"]}]},{"@type":"ImageObject","inLanguage":"it-IT","@id":"https:\/\/insektenliebe.com\/it\/shop\/prodotto\/proiettore-solare-arcadia\/#primaryimage","url":"https:\/\/insektenliebe.com\/wp-content\/uploads\/2025\/11\/Arcadia-Solar-Basking-Floodlight-50W.jpg","contentUrl":"https:\/\/insektenliebe.com\/wp-content\/uploads\/2025\/11\/Arcadia-Solar-Basking-Floodlight-50W.jpg","width":820,"height":820,"caption":"Arcadia Solar Basking Floodlight 50W"},{"@type":"BreadcrumbList","@id":"https:\/\/insektenliebe.com\/it\/shop\/prodotto\/proiettore-solare-arcadia\/#breadcrumb","itemListElement":[{"@type":"ListItem","position":1,"name":"Startseite","item":"https:\/\/insektenliebe.com\/it\/"},{"@type":"ListItem","position":2,"name":"Negozio","item":"https:\/\/insektenliebe.com\/it\/negozio\/"},{"@type":"ListItem","position":3,"name":"Proiettore solare Arcadia"}]},{"@type":"WebSite","@id":"https:\/\/insektenliebe.com\/it\/#website","url":"https:\/\/insektenliebe.com\/it\/","name":"Insektenliebe","description":"Dein Zuhause f\u00fcr die kleinen Lebewesen","publisher":{"@id":"https:\/\/insektenliebe.com\/it\/#organization"},"potentialAction":[{"@type":"SearchAction","target":{"@type":"EntryPoint","urlTemplate":"https:\/\/insektenliebe.com\/it\/?s={search_term_string}"},"query-input":{"@type":"PropertyValueSpecification","valueRequired":true,"valueName":"search_term_string"}}],"inLanguage":"it-IT"},{"@type":"Organization","@id":"https:\/\/insektenliebe.com\/it\/#organization","name":"Insektenliebe","url":"https:\/\/insektenliebe.com\/it\/","logo":{"@type":"ImageObject","inLanguage":"it-IT","@id":"https:\/\/insektenliebe.com\/it\/#\/schema\/logo\/image\/","url":"https:\/\/insektenliebe.com\/wp-content\/uploads\/2025\/03\/logo-white.png","contentUrl":"https:\/\/insektenliebe.com\/wp-content\/uploads\/2025\/03\/logo-white.png","width":288,"height":188,"caption":"Insektenliebe"},"image":{"@id":"https:\/\/insektenliebe.com\/it\/#\/schema\/logo\/image\/"}}]}},"_links":{"self":[{"href":"https:\/\/insektenliebe.com\/it\/wp-json\/wp\/v2\/product\/187200","targetHints":{"allow":["GET"]}}],"collection":[{"href":"https:\/\/insektenliebe.com\/it\/wp-json\/wp\/v2\/product"}],"about":[{"href":"https:\/\/insektenliebe.com\/it\/wp-json\/wp\/v2\/types\/product"}],"wp:featuredmedia":[{"embeddable":true,"href":"https:\/\/insektenliebe.com\/it\/wp-json\/wp\/v2\/media\/187203"}],"wp:attachment":[{"href":"https:\/\/insektenliebe.com\/it\/wp-json\/wp\/v2\/media?parent=187200"}],"wp:term":[{"taxonomy":"product-supplier","embeddable":true,"href":"https:\/\/insektenliebe.com\/it\/wp-json\/wp\/v2\/product-supplier?post=187200"},{"taxonomy":"product_brand","embeddable":true,"href":"https:\/\/insektenliebe.com\/it\/wp-json\/wp\/v2\/product_brand?post=187200"},{"taxonomy":"product_cat","embeddable":true,"href":"https:\/\/insektenliebe.com\/it\/wp-json\/wp\/v2\/product_cat?post=187200"},{"taxonomy":"product_tag","embeddable":true,"href":"https:\/\/insektenliebe.com\/it\/wp-json\/wp\/v2\/product_tag?post=187200"},{"taxonomy":"lce-checkout-addons","embeddable":true,"href":"https:\/\/insektenliebe.com\/it\/wp-json\/wp\/v2\/lce-checkout-addons?post=187200"}],"curies":[{"name":"wp","href":"https:\/\/api.w.org\/{rel}","templated":true}]}}