{"id":187168,"date":"2025-12-26T13:50:13","date_gmt":"2025-12-26T12:50:13","guid":{"rendered":"https:\/\/insektenliebe.com\/shop\/produkt\/ciotola-rotonda-insektenbe\/"},"modified":"2025-12-26T13:50:13","modified_gmt":"2025-12-26T12:50:13","slug":"ciotola-rotonda-insektenbe","status":"publish","type":"product","link":"https:\/\/insektenliebe.com\/it\/shop\/prodotto\/ciotola-rotonda-insektenbe\/","title":{"rendered":"Ciotola rotonda Insektenbe"},"content":{"rendered":"<h3 class=\"p1\"><span style=\"color: #99cc33\"><strong><span class=\"s1\">Delicatamente arrotondata, sicura da usare: la ciotola rotonda Insektenliebe<\/span><\/strong><\/span><\/h3>\n<p class=\"p1\"><span class=\"s1\">La <strong>ciotola rotonda Insektenliebe<\/strong> \u00e8 l&#8217;aggiunta perfetta a qualsiasi terrario, in quanto combina un design ben studiato, una dimensione comoda e una reale idoneit\u00e0 all&#8217;uso quotidiano. Con i <strong>tre diametri di 30, 45 e 60 mm<\/strong>, troverai sempre la variante giusta per isopodi, millepiedi, ragni o piccoli rettili. La forma rotonda ha un effetto armonioso e rende la ciotola un piccolo punto di forza in ogni ambiente. Inoltre, il suo design compatto ti permette di risparmiare spazio anche in terrari molto piccoli e di utilizzare una vera e propria ciotola per l&#8217;acqua o il cibo.   <\/span><\/p>\n<p class=\"p1\"><span class=\"s1\">Una caratteristica speciale \u00e8 la struttura a scalini integrata all&#8217;interno. In questo modo anche i piccoli isopodi, gli animali appena scuoiati o i giovani ragni delicati possono uscire dalla vaschetta in tutta sicurezza. Questa sicurezza riveste un ruolo fondamentale, poich\u00e9 molti allevatori vogliono evitare che gli animali rimangano incastrati nelle vaschette lisce. La vaschetta rotonda risolve in modo affidabile questo problema. Allo stesso tempo, la fine gradazione assicura che il cibo per isopodi, le gelatine o l&#8217;acqua rimangano stabili e puliti. Puoi quindi utilizzare la vaschetta rotonda in modo flessibile e non devi regolare nulla.     <\/span><\/p>\n<p class=\"p1\"><span class=\"s1\">La <strong>ciotola rotonda Insektenliebe<\/strong> \u00e8 realizzata in una plastica resistente e leggera, ma allo stesso tempo abbastanza robusta da durare per molti anni nel terrario. Il materiale non assorbe gli odori e pu\u00f2 essere pulito in pochi secondi. La ciotola mantiene la sua forma anche se esposta a un&#8217;elevata umidit\u00e0 e al frequente contatto con l&#8217;acqua. Questa robustezza ti permette di non dover sostituire continuamente gli accessori e di offrire ai tuoi animali un ambiente stabile. Grazie ai bordi esterni arrotondati, la ciotola rotonda pu\u00f2 essere facilmente inserita nel substrato o nel muschio, conferendole un aspetto quasi naturale.    <\/span><\/p>\n<p class=\"p1\"><span class=\"s1\">Molti allevatori utilizzano volutamente la ciotola rotonda per le tarantole, poich\u00e9 questi animali traggono particolare beneficio da una fonte d&#8217;acqua sicura. Tuttavia, \u00e8 ideale anche per piccoli gechi o millepiedi. Dato che le vaschette occupano poco spazio, puoi utilizzarle anche come contenitori per la riproduzione. Gli animali accettano rapidamente la ciotola e la visitano regolarmente. Questo rende la ciotola rotonda un accessorio pratico ma anche emotivamente prezioso che supporta sia l&#8217;animale che il proprietario.    <\/span><\/p>\n<p class=\"p1\"><span class=\"s1\">Il <strong>vassoio rotondo Insektenliebe<\/strong> unisce la funzionalit\u00e0 alla praticit\u00e0 quotidiana, creando un senso di sicurezza in ogni terrario. Puoi posizionarlo in pochi secondi, ogni animale pu\u00f2 raggiungerlo senza fatica e i gradini fanno s\u00ec che nessun abitante venga lasciato indietro. \u00c8 proprio questo che lo rende una scelta piccola ma importante per i terrari responsabili.  <\/span><\/p>\n","protected":false},"excerpt":{"rendered":"<p>Delicatamente arrotondata, sicura da usare: la ciotola rotonda Insektenliebe La ciotola rotonda Insektenliebe \u00e8 l&#8217;aggiunta perfetta a qualsiasi terrario, in quanto combina un design ben studiato, una dimensione comoda e una reale idoneit\u00e0 all&#8217;uso quotidiano. Con i tre diametri di 30, 45 e 60 mm, troverai sempre la variante giusta per isopodi, millepiedi, ragni o [&hellip;]<\/p>\n","protected":false},"featured_media":187176,"template":"","meta":{"_acf_changed":false},"product-supplier":[2691],"product_brand":[2853],"product_cat":[2740],"product_tag":[],"lce-checkout-addons":[],"class_list":{"0":"post-187168","1":"product","2":"type-product","3":"status-publish","4":"has-post-thumbnail","6":"product_brand-insektenliebe","7":"product_cat-arredamento-e-decorazione","8":"product_shipping_class-equipment-shipping","10":"first","11":"instock","12":"taxable","13":"shipping-taxable","14":"purchasable","15":"product-type-variable"},"acf":[],"yoast_head":"<!-- This site is optimized with the Yoast SEO plugin v27.3 - https:\/\/yoast.com\/product\/yoast-seo-wordpress\/ -->\n<title>Ciotola rotonda Insektenbe - Insektenliebe<\/title>\n<meta name=\"description\" content=\"Vassoio rotondo Insektenliebe - robusto vassoio rotondo per terrari con struttura a gradini. Disponibile in 30, 45 e 60 mm. Perfetto per acqua, gelatina e cibo per isopodi.\" \/>\n<meta name=\"robots\" content=\"index, follow, max-snippet:-1, max-image-preview:large, max-video-preview:-1\" \/>\n<link rel=\"canonical\" href=\"https:\/\/insektenliebe.com\/it\/shop\/prodotto\/ciotola-rotonda-insektenbe\/\" \/>\n<meta property=\"og:locale\" content=\"it_IT\" \/>\n<meta property=\"og:type\" content=\"article\" \/>\n<meta property=\"og:title\" content=\"Ciotola rotonda Insektenbe - Insektenliebe\" \/>\n<meta property=\"og:description\" content=\"Vassoio rotondo Insektenliebe - robusto vassoio rotondo per terrari con struttura a gradini. Disponibile in 30, 45 e 60 mm. Perfetto per acqua, gelatina e cibo per isopodi.\" \/>\n<meta property=\"og:url\" content=\"https:\/\/insektenliebe.com\/it\/shop\/prodotto\/ciotola-rotonda-insektenbe\/\" \/>\n<meta property=\"og:site_name\" content=\"Insektenliebe\" \/>\n<meta property=\"og:image\" content=\"https:\/\/insektenliebe.com\/wp-content\/uploads\/2025\/12\/Insektenliebe-Rundschale.jpg\" \/>\n\t<meta property=\"og:image:width\" content=\"820\" \/>\n\t<meta property=\"og:image:height\" content=\"820\" \/>\n\t<meta property=\"og:image:type\" content=\"image\/jpeg\" \/>\n<meta name=\"twitter:card\" content=\"summary_large_image\" \/>\n<meta name=\"twitter:label1\" content=\"Tempo di lettura stimato\" \/>\n\t<meta name=\"twitter:data1\" content=\"2 minuto\" \/>\n<script type=\"application\/ld+json\" class=\"yoast-schema-graph\">{\"@context\":\"https:\\\/\\\/schema.org\",\"@graph\":[{\"@type\":\"WebPage\",\"@id\":\"https:\\\/\\\/insektenliebe.com\\\/it\\\/shop\\\/prodotto\\\/ciotola-rotonda-insektenbe\\\/\",\"url\":\"https:\\\/\\\/insektenliebe.com\\\/it\\\/shop\\\/prodotto\\\/ciotola-rotonda-insektenbe\\\/\",\"name\":\"Ciotola rotonda Insektenbe - Insektenliebe\",\"isPartOf\":{\"@id\":\"https:\\\/\\\/insektenliebe.com\\\/it\\\/#website\"},\"primaryImageOfPage\":{\"@id\":\"https:\\\/\\\/insektenliebe.com\\\/it\\\/shop\\\/prodotto\\\/ciotola-rotonda-insektenbe\\\/#primaryimage\"},\"image\":{\"@id\":\"https:\\\/\\\/insektenliebe.com\\\/it\\\/shop\\\/prodotto\\\/ciotola-rotonda-insektenbe\\\/#primaryimage\"},\"thumbnailUrl\":\"https:\\\/\\\/insektenliebe.com\\\/wp-content\\\/uploads\\\/2025\\\/12\\\/Insektenliebe-Rundschale.jpg\",\"datePublished\":\"2025-12-26T12:50:13+00:00\",\"description\":\"Vassoio rotondo Insektenliebe - robusto vassoio rotondo per terrari con struttura a gradini. Disponibile in 30, 45 e 60 mm. Perfetto per acqua, gelatina e cibo per isopodi.\",\"breadcrumb\":{\"@id\":\"https:\\\/\\\/insektenliebe.com\\\/it\\\/shop\\\/prodotto\\\/ciotola-rotonda-insektenbe\\\/#breadcrumb\"},\"inLanguage\":\"it-IT\",\"potentialAction\":[{\"@type\":\"ReadAction\",\"target\":[\"https:\\\/\\\/insektenliebe.com\\\/it\\\/shop\\\/prodotto\\\/ciotola-rotonda-insektenbe\\\/\"]}]},{\"@type\":\"ImageObject\",\"inLanguage\":\"it-IT\",\"@id\":\"https:\\\/\\\/insektenliebe.com\\\/it\\\/shop\\\/prodotto\\\/ciotola-rotonda-insektenbe\\\/#primaryimage\",\"url\":\"https:\\\/\\\/insektenliebe.com\\\/wp-content\\\/uploads\\\/2025\\\/12\\\/Insektenliebe-Rundschale.jpg\",\"contentUrl\":\"https:\\\/\\\/insektenliebe.com\\\/wp-content\\\/uploads\\\/2025\\\/12\\\/Insektenliebe-Rundschale.jpg\",\"width\":820,\"height\":820,\"caption\":\"Ciotola rotonda Insektenbe\"},{\"@type\":\"BreadcrumbList\",\"@id\":\"https:\\\/\\\/insektenliebe.com\\\/it\\\/shop\\\/prodotto\\\/ciotola-rotonda-insektenbe\\\/#breadcrumb\",\"itemListElement\":[{\"@type\":\"ListItem\",\"position\":1,\"name\":\"Startseite\",\"item\":\"https:\\\/\\\/insektenliebe.com\\\/it\\\/\"},{\"@type\":\"ListItem\",\"position\":2,\"name\":\"Negozio\",\"item\":\"https:\\\/\\\/insektenliebe.com\\\/it\\\/negozio\\\/\"},{\"@type\":\"ListItem\",\"position\":3,\"name\":\"Ciotola rotonda Insektenbe\"}]},{\"@type\":\"WebSite\",\"@id\":\"https:\\\/\\\/insektenliebe.com\\\/it\\\/#website\",\"url\":\"https:\\\/\\\/insektenliebe.com\\\/it\\\/\",\"name\":\"Insektenliebe\",\"description\":\"Dein Zuhause f\u00fcr die kleinen Lebewesen\",\"publisher\":{\"@id\":\"https:\\\/\\\/insektenliebe.com\\\/it\\\/#organization\"},\"potentialAction\":[{\"@type\":\"SearchAction\",\"target\":{\"@type\":\"EntryPoint\",\"urlTemplate\":\"https:\\\/\\\/insektenliebe.com\\\/it\\\/?s={search_term_string}\"},\"query-input\":{\"@type\":\"PropertyValueSpecification\",\"valueRequired\":true,\"valueName\":\"search_term_string\"}}],\"inLanguage\":\"it-IT\"},{\"@type\":\"Organization\",\"@id\":\"https:\\\/\\\/insektenliebe.com\\\/it\\\/#organization\",\"name\":\"Insektenliebe\",\"url\":\"https:\\\/\\\/insektenliebe.com\\\/it\\\/\",\"logo\":{\"@type\":\"ImageObject\",\"inLanguage\":\"it-IT\",\"@id\":\"https:\\\/\\\/insektenliebe.com\\\/it\\\/#\\\/schema\\\/logo\\\/image\\\/\",\"url\":\"https:\\\/\\\/insektenliebe.com\\\/wp-content\\\/uploads\\\/2025\\\/03\\\/logo-white.png\",\"contentUrl\":\"https:\\\/\\\/insektenliebe.com\\\/wp-content\\\/uploads\\\/2025\\\/03\\\/logo-white.png\",\"width\":288,\"height\":188,\"caption\":\"Insektenliebe\"},\"image\":{\"@id\":\"https:\\\/\\\/insektenliebe.com\\\/it\\\/#\\\/schema\\\/logo\\\/image\\\/\"}}]}<\/script>\n<!-- \/ Yoast SEO plugin. -->","yoast_head_json":{"title":"Ciotola rotonda Insektenbe - Insektenliebe","description":"Vassoio rotondo Insektenliebe - robusto vassoio rotondo per terrari con struttura a gradini. Disponibile in 30, 45 e 60 mm. Perfetto per acqua, gelatina e cibo per isopodi.","robots":{"index":"index","follow":"follow","max-snippet":"max-snippet:-1","max-image-preview":"max-image-preview:large","max-video-preview":"max-video-preview:-1"},"canonical":"https:\/\/insektenliebe.com\/it\/shop\/prodotto\/ciotola-rotonda-insektenbe\/","og_locale":"it_IT","og_type":"article","og_title":"Ciotola rotonda Insektenbe - Insektenliebe","og_description":"Vassoio rotondo Insektenliebe - robusto vassoio rotondo per terrari con struttura a gradini. Disponibile in 30, 45 e 60 mm. Perfetto per acqua, gelatina e cibo per isopodi.","og_url":"https:\/\/insektenliebe.com\/it\/shop\/prodotto\/ciotola-rotonda-insektenbe\/","og_site_name":"Insektenliebe","og_image":[{"width":820,"height":820,"url":"https:\/\/insektenliebe.com\/wp-content\/uploads\/2025\/12\/Insektenliebe-Rundschale.jpg","type":"image\/jpeg"}],"twitter_card":"summary_large_image","twitter_misc":{"Tempo di lettura stimato":"2 minuto"},"schema":{"@context":"https:\/\/schema.org","@graph":[{"@type":"WebPage","@id":"https:\/\/insektenliebe.com\/it\/shop\/prodotto\/ciotola-rotonda-insektenbe\/","url":"https:\/\/insektenliebe.com\/it\/shop\/prodotto\/ciotola-rotonda-insektenbe\/","name":"Ciotola rotonda Insektenbe - Insektenliebe","isPartOf":{"@id":"https:\/\/insektenliebe.com\/it\/#website"},"primaryImageOfPage":{"@id":"https:\/\/insektenliebe.com\/it\/shop\/prodotto\/ciotola-rotonda-insektenbe\/#primaryimage"},"image":{"@id":"https:\/\/insektenliebe.com\/it\/shop\/prodotto\/ciotola-rotonda-insektenbe\/#primaryimage"},"thumbnailUrl":"https:\/\/insektenliebe.com\/wp-content\/uploads\/2025\/12\/Insektenliebe-Rundschale.jpg","datePublished":"2025-12-26T12:50:13+00:00","description":"Vassoio rotondo Insektenliebe - robusto vassoio rotondo per terrari con struttura a gradini. Disponibile in 30, 45 e 60 mm. Perfetto per acqua, gelatina e cibo per isopodi.","breadcrumb":{"@id":"https:\/\/insektenliebe.com\/it\/shop\/prodotto\/ciotola-rotonda-insektenbe\/#breadcrumb"},"inLanguage":"it-IT","potentialAction":[{"@type":"ReadAction","target":["https:\/\/insektenliebe.com\/it\/shop\/prodotto\/ciotola-rotonda-insektenbe\/"]}]},{"@type":"ImageObject","inLanguage":"it-IT","@id":"https:\/\/insektenliebe.com\/it\/shop\/prodotto\/ciotola-rotonda-insektenbe\/#primaryimage","url":"https:\/\/insektenliebe.com\/wp-content\/uploads\/2025\/12\/Insektenliebe-Rundschale.jpg","contentUrl":"https:\/\/insektenliebe.com\/wp-content\/uploads\/2025\/12\/Insektenliebe-Rundschale.jpg","width":820,"height":820,"caption":"Ciotola rotonda Insektenbe"},{"@type":"BreadcrumbList","@id":"https:\/\/insektenliebe.com\/it\/shop\/prodotto\/ciotola-rotonda-insektenbe\/#breadcrumb","itemListElement":[{"@type":"ListItem","position":1,"name":"Startseite","item":"https:\/\/insektenliebe.com\/it\/"},{"@type":"ListItem","position":2,"name":"Negozio","item":"https:\/\/insektenliebe.com\/it\/negozio\/"},{"@type":"ListItem","position":3,"name":"Ciotola rotonda Insektenbe"}]},{"@type":"WebSite","@id":"https:\/\/insektenliebe.com\/it\/#website","url":"https:\/\/insektenliebe.com\/it\/","name":"Insektenliebe","description":"Dein Zuhause f\u00fcr die kleinen Lebewesen","publisher":{"@id":"https:\/\/insektenliebe.com\/it\/#organization"},"potentialAction":[{"@type":"SearchAction","target":{"@type":"EntryPoint","urlTemplate":"https:\/\/insektenliebe.com\/it\/?s={search_term_string}"},"query-input":{"@type":"PropertyValueSpecification","valueRequired":true,"valueName":"search_term_string"}}],"inLanguage":"it-IT"},{"@type":"Organization","@id":"https:\/\/insektenliebe.com\/it\/#organization","name":"Insektenliebe","url":"https:\/\/insektenliebe.com\/it\/","logo":{"@type":"ImageObject","inLanguage":"it-IT","@id":"https:\/\/insektenliebe.com\/it\/#\/schema\/logo\/image\/","url":"https:\/\/insektenliebe.com\/wp-content\/uploads\/2025\/03\/logo-white.png","contentUrl":"https:\/\/insektenliebe.com\/wp-content\/uploads\/2025\/03\/logo-white.png","width":288,"height":188,"caption":"Insektenliebe"},"image":{"@id":"https:\/\/insektenliebe.com\/it\/#\/schema\/logo\/image\/"}}]}},"_links":{"self":[{"href":"https:\/\/insektenliebe.com\/it\/wp-json\/wp\/v2\/product\/187168","targetHints":{"allow":["GET"]}}],"collection":[{"href":"https:\/\/insektenliebe.com\/it\/wp-json\/wp\/v2\/product"}],"about":[{"href":"https:\/\/insektenliebe.com\/it\/wp-json\/wp\/v2\/types\/product"}],"wp:featuredmedia":[{"embeddable":true,"href":"https:\/\/insektenliebe.com\/it\/wp-json\/wp\/v2\/media\/187176"}],"wp:attachment":[{"href":"https:\/\/insektenliebe.com\/it\/wp-json\/wp\/v2\/media?parent=187168"}],"wp:term":[{"taxonomy":"product-supplier","embeddable":true,"href":"https:\/\/insektenliebe.com\/it\/wp-json\/wp\/v2\/product-supplier?post=187168"},{"taxonomy":"product_brand","embeddable":true,"href":"https:\/\/insektenliebe.com\/it\/wp-json\/wp\/v2\/product_brand?post=187168"},{"taxonomy":"product_cat","embeddable":true,"href":"https:\/\/insektenliebe.com\/it\/wp-json\/wp\/v2\/product_cat?post=187168"},{"taxonomy":"product_tag","embeddable":true,"href":"https:\/\/insektenliebe.com\/it\/wp-json\/wp\/v2\/product_tag?post=187168"},{"taxonomy":"lce-checkout-addons","embeddable":true,"href":"https:\/\/insektenliebe.com\/it\/wp-json\/wp\/v2\/lce-checkout-addons?post=187168"}],"curies":[{"name":"wp","href":"https:\/\/api.w.org\/{rel}","templated":true}]}}