{"id":187167,"date":"2026-02-14T11:34:34","date_gmt":"2026-02-14T10:34:34","guid":{"rendered":"https:\/\/insektenliebe.com\/shop\/produkt\/stelo-di-banana\/"},"modified":"2026-03-29T21:49:10","modified_gmt":"2026-03-29T19:49:10","slug":"stelo-di-banana","status":"publish","type":"product","link":"https:\/\/insektenliebe.com\/it\/shop\/prodotto\/stelo-di-banana\/","title":{"rendered":"Stelo di banana"},"content":{"rendered":"<h3><span class=\"s1\" style=\"color: #99cc33\">Stelo di banana - La scala naturale per arrampicarsi<\/span><\/h3>\n<p class=\"p1\"><span class=\"s1\">Il <\/span><strong><span class=\"s2\">stelo di banana<\/span><\/strong><span class=\"s1\">  \u00e8 un prodotto naturale eccezionale per i terrari e aggiunge immediatamente un tocco tropicale a qualsiasi allestimento. La sua sorprendente struttura nodosa gli conferisce un aspetto selvaggio, originale e allo stesso tempo molto decorativo. Ogni superficie racconta la sua storia, perch\u00e9 nessun <strong><span class=\"s2\">stelo di banano<\/span><\/strong> \u00e8 uguale a un altro. \u00c8 proprio questo che lo rende cos\u00ec interessante per i terrari quasi naturali.   <\/span><\/p>\n<p class=\"p1\"><span class=\"s1\">Grazie alle sue numerose sporgenze, agli ispessimenti e ai piccoli bordi, il gambo di banana <strong><span class=\"s2\">stelo di banana<\/span><\/strong> eccellente presa. Gli animali possono arrampicarsi, sedersi o usarlo come passerella. Ne beneficiano in particolare i ragni saltatori, le mantidi, gli insetti stecco e altri invertebrati. Anche i rettili pi\u00f9 piccoli utilizzano il <strong><span class=\"s2\">stelo di banana<\/span><\/strong> perch\u00e9 pu\u00f2 essere posizionato sia in verticale che in obliquo.   <\/span><\/p>\n<p class=\"p1\"><span class=\"s1\">Il <strong><span class=\"s2\">stelo di banana<\/span><\/strong> \u00e8 piacevolmente leggero e pieghevole. Questo lo rende facile da posizionare nel terrario senza esercitare pressione sul vetro o sul substrato. Allo stesso tempo, puoi combinarlo facilmente con pietre, radici o substrato. In questo modo si creano transizioni naturali e strutture stimolanti che incoraggiano il comportamento dei tuoi animali.   <\/span><\/p>\n<p class=\"p1\"><span class=\"s1\">Un altro vantaggio \u00e8 la superficie a pori aperti. Assorbe bene l&#8217;umidit\u00e0 e la rilascia lentamente. Questo crea un microclima pi\u00f9 equilibrato, soprattutto negli ambienti pi\u00f9 umidi o tropicali. I muschi, i microrganismi e le code di primavera amano insediarsi su di essa, il che ne esalta ulteriormente il carattere naturale.   <\/span><\/p>\n<p class=\"p1\"><span class=\"s1\">Ogni <strong><span class=\"s2\">stelo di banana<\/span><\/strong> viene fornito nel suo stato naturale. Le piccole differenze di forma, colore e curvatura non sono un difetto, ma un segno di qualit\u00e0. Garantiscono che il tuo terrario non abbia mai un aspetto artificiale. Al contrario, si crea un habitat vivace e genuino.   <\/span><\/p>\n<p class=\"p1\"><span class=\"s1\">Che si tratti di un elemento di arrampicata, di un nascondiglio, di una struttura in legno o di un puro elemento decorativo, il fusto del banano <strong><span class=\"s2\">stelo di banano<\/span><\/strong> pu\u00f2 essere utilizzato in molti modi. Unisce funzionalit\u00e0 ed estetica in modo naturale ed \u00e8 perfetto per chi non vuole solo arredare il proprio terrario, ma anche progettarlo. <\/span><\/p>\n<p class=\"p1\"><span class=\"s1\">Un vero pezzo di natura. Direttamente per il tuo terrario! <\/span><\/p>\n","protected":false},"excerpt":{"rendered":"<p>Stelo di banana - La scala naturale per arrampicarsi Il stelo di banana \u00e8 un prodotto naturale eccezionale per i terrari e aggiunge immediatamente un tocco tropicale a qualsiasi allestimento. La sua sorprendente struttura nodosa gli conferisce un aspetto selvaggio, originale e allo stesso tempo molto decorativo. Ogni superficie racconta la sua storia, perch\u00e9 nessun [&hellip;]<\/p>\n","protected":false},"featured_media":187169,"template":"","meta":{"_acf_changed":false},"product-supplier":[2684],"product_brand":[],"product_cat":[2740],"product_tag":[],"lce-checkout-addons":[],"class_list":{"0":"post-187167","1":"product","2":"type-product","3":"status-publish","4":"has-post-thumbnail","6":"product_cat-arredamento-e-decorazione","7":"product_shipping_class-equipment-shipping","9":"first","10":"instock","11":"taxable","12":"shipping-taxable","13":"purchasable","14":"product-type-simple"},"acf":[],"yoast_head":"<!-- This site is optimized with the Yoast SEO plugin v27.3 - https:\/\/yoast.com\/product\/yoast-seo-wordpress\/ -->\n<title>Stelo di banana - Insektenliebe<\/title>\n<meta name=\"description\" content=\"Stelo di banano naturale per terrari: ricco di struttura, leggero, ideale per arrampicarsi, nascondersi e decorare - ogni pezzo \u00e8 unico.\" \/>\n<meta name=\"robots\" content=\"index, follow, max-snippet:-1, max-image-preview:large, max-video-preview:-1\" \/>\n<link rel=\"canonical\" href=\"https:\/\/insektenliebe.com\/it\/shop\/prodotto\/stelo-di-banana\/\" \/>\n<meta property=\"og:locale\" content=\"it_IT\" \/>\n<meta property=\"og:type\" content=\"article\" \/>\n<meta property=\"og:title\" content=\"Stelo di banana - Insektenliebe\" \/>\n<meta property=\"og:description\" content=\"Stelo di banano naturale per terrari: ricco di struttura, leggero, ideale per arrampicarsi, nascondersi e decorare - ogni pezzo \u00e8 unico.\" \/>\n<meta property=\"og:url\" content=\"https:\/\/insektenliebe.com\/it\/shop\/prodotto\/stelo-di-banana\/\" \/>\n<meta property=\"og:site_name\" content=\"Insektenliebe\" \/>\n<meta property=\"article:modified_time\" content=\"2026-03-29T19:49:10+00:00\" \/>\n<meta property=\"og:image\" content=\"https:\/\/insektenliebe.com\/wp-content\/uploads\/2026\/02\/Bananenstiel.jpg\" \/>\n\t<meta property=\"og:image:width\" content=\"820\" \/>\n\t<meta property=\"og:image:height\" content=\"820\" \/>\n\t<meta property=\"og:image:type\" content=\"image\/jpeg\" \/>\n<meta name=\"twitter:card\" content=\"summary_large_image\" \/>\n<meta name=\"twitter:label1\" content=\"Tempo di lettura stimato\" \/>\n\t<meta name=\"twitter:data1\" content=\"2 minuto\" \/>\n<script type=\"application\/ld+json\" class=\"yoast-schema-graph\">{\"@context\":\"https:\\\/\\\/schema.org\",\"@graph\":[{\"@type\":\"WebPage\",\"@id\":\"https:\\\/\\\/insektenliebe.com\\\/it\\\/shop\\\/prodotto\\\/stelo-di-banana\\\/\",\"url\":\"https:\\\/\\\/insektenliebe.com\\\/it\\\/shop\\\/prodotto\\\/stelo-di-banana\\\/\",\"name\":\"Stelo di banana - Insektenliebe\",\"isPartOf\":{\"@id\":\"https:\\\/\\\/insektenliebe.com\\\/it\\\/#website\"},\"primaryImageOfPage\":{\"@id\":\"https:\\\/\\\/insektenliebe.com\\\/it\\\/shop\\\/prodotto\\\/stelo-di-banana\\\/#primaryimage\"},\"image\":{\"@id\":\"https:\\\/\\\/insektenliebe.com\\\/it\\\/shop\\\/prodotto\\\/stelo-di-banana\\\/#primaryimage\"},\"thumbnailUrl\":\"https:\\\/\\\/insektenliebe.com\\\/wp-content\\\/uploads\\\/2026\\\/02\\\/Bananenstiel.jpg\",\"datePublished\":\"2026-02-14T10:34:34+00:00\",\"dateModified\":\"2026-03-29T19:49:10+00:00\",\"description\":\"Stelo di banano naturale per terrari: ricco di struttura, leggero, ideale per arrampicarsi, nascondersi e decorare - ogni pezzo \u00e8 unico.\",\"breadcrumb\":{\"@id\":\"https:\\\/\\\/insektenliebe.com\\\/it\\\/shop\\\/prodotto\\\/stelo-di-banana\\\/#breadcrumb\"},\"inLanguage\":\"it-IT\",\"potentialAction\":[{\"@type\":\"ReadAction\",\"target\":[\"https:\\\/\\\/insektenliebe.com\\\/it\\\/shop\\\/prodotto\\\/stelo-di-banana\\\/\"]}]},{\"@type\":\"ImageObject\",\"inLanguage\":\"it-IT\",\"@id\":\"https:\\\/\\\/insektenliebe.com\\\/it\\\/shop\\\/prodotto\\\/stelo-di-banana\\\/#primaryimage\",\"url\":\"https:\\\/\\\/insektenliebe.com\\\/wp-content\\\/uploads\\\/2026\\\/02\\\/Bananenstiel.jpg\",\"contentUrl\":\"https:\\\/\\\/insektenliebe.com\\\/wp-content\\\/uploads\\\/2026\\\/02\\\/Bananenstiel.jpg\",\"width\":820,\"height\":820,\"caption\":\"Stelo di banana\"},{\"@type\":\"BreadcrumbList\",\"@id\":\"https:\\\/\\\/insektenliebe.com\\\/it\\\/shop\\\/prodotto\\\/stelo-di-banana\\\/#breadcrumb\",\"itemListElement\":[{\"@type\":\"ListItem\",\"position\":1,\"name\":\"Startseite\",\"item\":\"https:\\\/\\\/insektenliebe.com\\\/it\\\/\"},{\"@type\":\"ListItem\",\"position\":2,\"name\":\"Negozio\",\"item\":\"https:\\\/\\\/insektenliebe.com\\\/it\\\/negozio\\\/\"},{\"@type\":\"ListItem\",\"position\":3,\"name\":\"Stelo di banana\"}]},{\"@type\":\"WebSite\",\"@id\":\"https:\\\/\\\/insektenliebe.com\\\/it\\\/#website\",\"url\":\"https:\\\/\\\/insektenliebe.com\\\/it\\\/\",\"name\":\"Insektenliebe\",\"description\":\"Dein Zuhause f\u00fcr die kleinen Lebewesen\",\"publisher\":{\"@id\":\"https:\\\/\\\/insektenliebe.com\\\/it\\\/#organization\"},\"potentialAction\":[{\"@type\":\"SearchAction\",\"target\":{\"@type\":\"EntryPoint\",\"urlTemplate\":\"https:\\\/\\\/insektenliebe.com\\\/it\\\/?s={search_term_string}\"},\"query-input\":{\"@type\":\"PropertyValueSpecification\",\"valueRequired\":true,\"valueName\":\"search_term_string\"}}],\"inLanguage\":\"it-IT\"},{\"@type\":\"Organization\",\"@id\":\"https:\\\/\\\/insektenliebe.com\\\/it\\\/#organization\",\"name\":\"Insektenliebe\",\"url\":\"https:\\\/\\\/insektenliebe.com\\\/it\\\/\",\"logo\":{\"@type\":\"ImageObject\",\"inLanguage\":\"it-IT\",\"@id\":\"https:\\\/\\\/insektenliebe.com\\\/it\\\/#\\\/schema\\\/logo\\\/image\\\/\",\"url\":\"https:\\\/\\\/insektenliebe.com\\\/wp-content\\\/uploads\\\/2025\\\/03\\\/logo-white.png\",\"contentUrl\":\"https:\\\/\\\/insektenliebe.com\\\/wp-content\\\/uploads\\\/2025\\\/03\\\/logo-white.png\",\"width\":288,\"height\":188,\"caption\":\"Insektenliebe\"},\"image\":{\"@id\":\"https:\\\/\\\/insektenliebe.com\\\/it\\\/#\\\/schema\\\/logo\\\/image\\\/\"}}]}<\/script>\n<!-- \/ Yoast SEO plugin. -->","yoast_head_json":{"title":"Stelo di banana - Insektenliebe","description":"Stelo di banano naturale per terrari: ricco di struttura, leggero, ideale per arrampicarsi, nascondersi e decorare - ogni pezzo \u00e8 unico.","robots":{"index":"index","follow":"follow","max-snippet":"max-snippet:-1","max-image-preview":"max-image-preview:large","max-video-preview":"max-video-preview:-1"},"canonical":"https:\/\/insektenliebe.com\/it\/shop\/prodotto\/stelo-di-banana\/","og_locale":"it_IT","og_type":"article","og_title":"Stelo di banana - Insektenliebe","og_description":"Stelo di banano naturale per terrari: ricco di struttura, leggero, ideale per arrampicarsi, nascondersi e decorare - ogni pezzo \u00e8 unico.","og_url":"https:\/\/insektenliebe.com\/it\/shop\/prodotto\/stelo-di-banana\/","og_site_name":"Insektenliebe","article_modified_time":"2026-03-29T19:49:10+00:00","og_image":[{"width":820,"height":820,"url":"https:\/\/insektenliebe.com\/wp-content\/uploads\/2026\/02\/Bananenstiel.jpg","type":"image\/jpeg"}],"twitter_card":"summary_large_image","twitter_misc":{"Tempo di lettura stimato":"2 minuto"},"schema":{"@context":"https:\/\/schema.org","@graph":[{"@type":"WebPage","@id":"https:\/\/insektenliebe.com\/it\/shop\/prodotto\/stelo-di-banana\/","url":"https:\/\/insektenliebe.com\/it\/shop\/prodotto\/stelo-di-banana\/","name":"Stelo di banana - Insektenliebe","isPartOf":{"@id":"https:\/\/insektenliebe.com\/it\/#website"},"primaryImageOfPage":{"@id":"https:\/\/insektenliebe.com\/it\/shop\/prodotto\/stelo-di-banana\/#primaryimage"},"image":{"@id":"https:\/\/insektenliebe.com\/it\/shop\/prodotto\/stelo-di-banana\/#primaryimage"},"thumbnailUrl":"https:\/\/insektenliebe.com\/wp-content\/uploads\/2026\/02\/Bananenstiel.jpg","datePublished":"2026-02-14T10:34:34+00:00","dateModified":"2026-03-29T19:49:10+00:00","description":"Stelo di banano naturale per terrari: ricco di struttura, leggero, ideale per arrampicarsi, nascondersi e decorare - ogni pezzo \u00e8 unico.","breadcrumb":{"@id":"https:\/\/insektenliebe.com\/it\/shop\/prodotto\/stelo-di-banana\/#breadcrumb"},"inLanguage":"it-IT","potentialAction":[{"@type":"ReadAction","target":["https:\/\/insektenliebe.com\/it\/shop\/prodotto\/stelo-di-banana\/"]}]},{"@type":"ImageObject","inLanguage":"it-IT","@id":"https:\/\/insektenliebe.com\/it\/shop\/prodotto\/stelo-di-banana\/#primaryimage","url":"https:\/\/insektenliebe.com\/wp-content\/uploads\/2026\/02\/Bananenstiel.jpg","contentUrl":"https:\/\/insektenliebe.com\/wp-content\/uploads\/2026\/02\/Bananenstiel.jpg","width":820,"height":820,"caption":"Stelo di banana"},{"@type":"BreadcrumbList","@id":"https:\/\/insektenliebe.com\/it\/shop\/prodotto\/stelo-di-banana\/#breadcrumb","itemListElement":[{"@type":"ListItem","position":1,"name":"Startseite","item":"https:\/\/insektenliebe.com\/it\/"},{"@type":"ListItem","position":2,"name":"Negozio","item":"https:\/\/insektenliebe.com\/it\/negozio\/"},{"@type":"ListItem","position":3,"name":"Stelo di banana"}]},{"@type":"WebSite","@id":"https:\/\/insektenliebe.com\/it\/#website","url":"https:\/\/insektenliebe.com\/it\/","name":"Insektenliebe","description":"Dein Zuhause f\u00fcr die kleinen Lebewesen","publisher":{"@id":"https:\/\/insektenliebe.com\/it\/#organization"},"potentialAction":[{"@type":"SearchAction","target":{"@type":"EntryPoint","urlTemplate":"https:\/\/insektenliebe.com\/it\/?s={search_term_string}"},"query-input":{"@type":"PropertyValueSpecification","valueRequired":true,"valueName":"search_term_string"}}],"inLanguage":"it-IT"},{"@type":"Organization","@id":"https:\/\/insektenliebe.com\/it\/#organization","name":"Insektenliebe","url":"https:\/\/insektenliebe.com\/it\/","logo":{"@type":"ImageObject","inLanguage":"it-IT","@id":"https:\/\/insektenliebe.com\/it\/#\/schema\/logo\/image\/","url":"https:\/\/insektenliebe.com\/wp-content\/uploads\/2025\/03\/logo-white.png","contentUrl":"https:\/\/insektenliebe.com\/wp-content\/uploads\/2025\/03\/logo-white.png","width":288,"height":188,"caption":"Insektenliebe"},"image":{"@id":"https:\/\/insektenliebe.com\/it\/#\/schema\/logo\/image\/"}}]}},"_links":{"self":[{"href":"https:\/\/insektenliebe.com\/it\/wp-json\/wp\/v2\/product\/187167","targetHints":{"allow":["GET"]}}],"collection":[{"href":"https:\/\/insektenliebe.com\/it\/wp-json\/wp\/v2\/product"}],"about":[{"href":"https:\/\/insektenliebe.com\/it\/wp-json\/wp\/v2\/types\/product"}],"wp:featuredmedia":[{"embeddable":true,"href":"https:\/\/insektenliebe.com\/it\/wp-json\/wp\/v2\/media\/187169"}],"wp:attachment":[{"href":"https:\/\/insektenliebe.com\/it\/wp-json\/wp\/v2\/media?parent=187167"}],"wp:term":[{"taxonomy":"product-supplier","embeddable":true,"href":"https:\/\/insektenliebe.com\/it\/wp-json\/wp\/v2\/product-supplier?post=187167"},{"taxonomy":"product_brand","embeddable":true,"href":"https:\/\/insektenliebe.com\/it\/wp-json\/wp\/v2\/product_brand?post=187167"},{"taxonomy":"product_cat","embeddable":true,"href":"https:\/\/insektenliebe.com\/it\/wp-json\/wp\/v2\/product_cat?post=187167"},{"taxonomy":"product_tag","embeddable":true,"href":"https:\/\/insektenliebe.com\/it\/wp-json\/wp\/v2\/product_tag?post=187167"},{"taxonomy":"lce-checkout-addons","embeddable":true,"href":"https:\/\/insektenliebe.com\/it\/wp-json\/wp\/v2\/lce-checkout-addons?post=187167"}],"curies":[{"name":"wp","href":"https:\/\/api.w.org\/{rel}","templated":true}]}}