{"id":187158,"date":"2026-02-14T12:36:46","date_gmt":"2026-02-14T11:36:46","guid":{"rendered":"https:\/\/insektenliebe.com\/shop\/produkt\/artiglio-di-ragno\/"},"modified":"2026-03-28T09:29:36","modified_gmt":"2026-03-28T08:29:36","slug":"artiglio-di-ragno","status":"publish","type":"product","link":"https:\/\/insektenliebe.com\/it\/shop\/prodotto\/artiglio-di-ragno\/","title":{"rendered":"Artiglio di ragno"},"content":{"rendered":"<h3><span class=\"s1\" style=\"color: #99cc33\">Artiglio di ragno - pi\u00f9 profondit\u00e0, pi\u00f9 struttura, pi\u00f9 vita<\/span><\/h3>\n<p class=\"p1\"><span class=\"s1\">Il <\/span><strong><span class=\"s2\">Artiglio di ragno<\/span><\/strong><span class=\"s1\">  \u00e8 un legno naturale straordinario, all&#8217;altezza del suo nome. Con le sue estensioni ramificate e simili ad artigli, sembra quasi un&#8217;opera d&#8217;arte organica. \u00c8 proprio questa forma selvaggia e indomita che lo rende un vero e proprio pezzo forte in qualsiasi terrario. Attira l&#8217;attenzione e aggiunge immediatamente profondit\u00e0 ed espressione all&#8217;intero allestimento.   <\/span><\/p>\n<p class=\"p1\"><span class=\"s1\">La struttura ramificata crea numerosi percorsi di arrampicata, aree di seduta e rifugi. Gli animali possono utilizzare il <strong><span class=\"s2\">artiglio di ragno<\/span><\/strong> attivamente, ma possono anche semplicemente scomparire al suo interno. I ragni saltatori, le tarantole, le mantidi e altri invertebrati ne traggono particolare beneficio, poich\u00e9 amano le strutture complesse. Ma anche i rettili pi\u00f9 piccoli amano utilizzare l&#8217;artiglio come punto di osservazione o di riposo.   <\/span><\/p>\n<p class=\"p1\"><span class=\"s1\">Il legno \u00e8 stabile, ma non troppo pesante. Questo fa s\u00ec che il <strong><span class=\"s2\">Artiglio di ragno <\/span><\/strong>pu\u00f2 essere posizionato in modo sicuro e ben combinato con il substrato, le pietre o altre radici. Che sia installato in verticale, in orizzontale o ad angolo, ha un aspetto diverso in ogni posizione e apre sempre nuove opzioni di design. In questo modo potrai personalizzare il tuo terrario e creare un aspetto naturale.   <\/span><\/p>\n<p class=\"p1\"><span class=\"s1\">La superficie \u00e8 ruvida e cresciuta naturalmente. Offre una buona aderenza e assorbe l&#8217;umidit\u00e0. Allo stesso tempo, la rilascia lentamente, con un effetto positivo sul microclima. I muschi o i microrganismi possono colonizzare gli ambienti pi\u00f9 umidi, mentre i terrari secchi beneficiano della struttura come fonte di ombra.   <\/span><\/p>\n<p class=\"p1\"><span class=\"s1\">Ogni <strong><span class=\"s2\">Artiglio di ragno<\/span><\/strong> \u00e8 un pezzo unico. La forma, la dimensione e l&#8217;andamento dei nodi variano volutamente, perch\u00e9 \u00e8 proprio questo che rende questo legno naturale cos\u00ec attraente. Non esistono due terrari uguali. Al contrario, viene creato un habitat autentico che si distingue chiaramente dalle decorazioni artificiali.   <\/span><\/p>\n<p class=\"p1\"><span class=\"s1\">Il <strong><span class=\"s2\">Artiglio di ragno<\/span><\/strong> \u00e8 pi\u00f9 di una semplice decorazione. \u00c8 una struttura, un rifugio e un elemento di design in uno. Per tutti coloro che vogliono arredare il proprio terrario in modo vivace, naturale e di carattere.    <\/span><\/p>\n","protected":false},"excerpt":{"rendered":"<p>Artiglio di ragno - pi\u00f9 profondit\u00e0, pi\u00f9 struttura, pi\u00f9 vita Il Artiglio di ragno \u00e8 un legno naturale straordinario, all&#8217;altezza del suo nome. Con le sue estensioni ramificate e simili ad artigli, sembra quasi un&#8217;opera d&#8217;arte organica. \u00c8 proprio questa forma selvaggia e indomita che lo rende un vero e proprio pezzo forte in qualsiasi [&hellip;]<\/p>\n","protected":false},"featured_media":187163,"template":"","meta":{"_acf_changed":false},"product-supplier":[2684],"product_brand":[],"product_cat":[2740],"product_tag":[],"lce-checkout-addons":[],"class_list":{"0":"post-187158","1":"product","2":"type-product","3":"status-publish","4":"has-post-thumbnail","6":"product_cat-arredamento-e-decorazione","7":"product_shipping_class-equipment-shipping","9":"first","10":"instock","11":"taxable","12":"shipping-taxable","13":"purchasable","14":"product-type-simple"},"acf":[],"yoast_head":"<!-- This site is optimized with the Yoast SEO plugin v27.3 - https:\/\/yoast.com\/product\/yoast-seo-wordpress\/ -->\n<title>Artiglio di ragno - Insektenliebe<\/title>\n<meta name=\"description\" content=\"Artiglio di ragno - sorprendente legno naturale per terrari. Perfetto per arrampicarsi, nascondersi e strutturarsi. Ogni pezzo \u00e8 unico.\" \/>\n<meta name=\"robots\" content=\"index, follow, max-snippet:-1, max-image-preview:large, max-video-preview:-1\" \/>\n<link rel=\"canonical\" href=\"https:\/\/insektenliebe.com\/it\/shop\/prodotto\/artiglio-di-ragno\/\" \/>\n<meta property=\"og:locale\" content=\"it_IT\" \/>\n<meta property=\"og:type\" content=\"article\" \/>\n<meta property=\"og:title\" content=\"Artiglio di ragno - Insektenliebe\" \/>\n<meta property=\"og:description\" content=\"Artiglio di ragno - sorprendente legno naturale per terrari. Perfetto per arrampicarsi, nascondersi e strutturarsi. Ogni pezzo \u00e8 unico.\" \/>\n<meta property=\"og:url\" content=\"https:\/\/insektenliebe.com\/it\/shop\/prodotto\/artiglio-di-ragno\/\" \/>\n<meta property=\"og:site_name\" content=\"Insektenliebe\" \/>\n<meta property=\"article:modified_time\" content=\"2026-03-28T08:29:36+00:00\" \/>\n<meta property=\"og:image\" content=\"https:\/\/insektenliebe.com\/wp-content\/uploads\/2026\/02\/Spidergum-Klaue-1.jpg\" \/>\n\t<meta property=\"og:image:width\" content=\"820\" \/>\n\t<meta property=\"og:image:height\" content=\"820\" \/>\n\t<meta property=\"og:image:type\" content=\"image\/jpeg\" \/>\n<meta name=\"twitter:card\" content=\"summary_large_image\" \/>\n<meta name=\"twitter:label1\" content=\"Tempo di lettura stimato\" \/>\n\t<meta name=\"twitter:data1\" content=\"2 minuto\" \/>\n<script type=\"application\/ld+json\" class=\"yoast-schema-graph\">{\"@context\":\"https:\\\/\\\/schema.org\",\"@graph\":[{\"@type\":\"WebPage\",\"@id\":\"https:\\\/\\\/insektenliebe.com\\\/it\\\/shop\\\/prodotto\\\/artiglio-di-ragno\\\/\",\"url\":\"https:\\\/\\\/insektenliebe.com\\\/it\\\/shop\\\/prodotto\\\/artiglio-di-ragno\\\/\",\"name\":\"Artiglio di ragno - Insektenliebe\",\"isPartOf\":{\"@id\":\"https:\\\/\\\/insektenliebe.com\\\/it\\\/#website\"},\"primaryImageOfPage\":{\"@id\":\"https:\\\/\\\/insektenliebe.com\\\/it\\\/shop\\\/prodotto\\\/artiglio-di-ragno\\\/#primaryimage\"},\"image\":{\"@id\":\"https:\\\/\\\/insektenliebe.com\\\/it\\\/shop\\\/prodotto\\\/artiglio-di-ragno\\\/#primaryimage\"},\"thumbnailUrl\":\"https:\\\/\\\/insektenliebe.com\\\/wp-content\\\/uploads\\\/2026\\\/02\\\/Spidergum-Klaue-1.jpg\",\"datePublished\":\"2026-02-14T11:36:46+00:00\",\"dateModified\":\"2026-03-28T08:29:36+00:00\",\"description\":\"Artiglio di ragno - sorprendente legno naturale per terrari. Perfetto per arrampicarsi, nascondersi e strutturarsi. Ogni pezzo \u00e8 unico.\",\"breadcrumb\":{\"@id\":\"https:\\\/\\\/insektenliebe.com\\\/it\\\/shop\\\/prodotto\\\/artiglio-di-ragno\\\/#breadcrumb\"},\"inLanguage\":\"it-IT\",\"potentialAction\":[{\"@type\":\"ReadAction\",\"target\":[\"https:\\\/\\\/insektenliebe.com\\\/it\\\/shop\\\/prodotto\\\/artiglio-di-ragno\\\/\"]}]},{\"@type\":\"ImageObject\",\"inLanguage\":\"it-IT\",\"@id\":\"https:\\\/\\\/insektenliebe.com\\\/it\\\/shop\\\/prodotto\\\/artiglio-di-ragno\\\/#primaryimage\",\"url\":\"https:\\\/\\\/insektenliebe.com\\\/wp-content\\\/uploads\\\/2026\\\/02\\\/Spidergum-Klaue-1.jpg\",\"contentUrl\":\"https:\\\/\\\/insektenliebe.com\\\/wp-content\\\/uploads\\\/2026\\\/02\\\/Spidergum-Klaue-1.jpg\",\"width\":820,\"height\":820,\"caption\":\"Artiglio di ragno\"},{\"@type\":\"BreadcrumbList\",\"@id\":\"https:\\\/\\\/insektenliebe.com\\\/it\\\/shop\\\/prodotto\\\/artiglio-di-ragno\\\/#breadcrumb\",\"itemListElement\":[{\"@type\":\"ListItem\",\"position\":1,\"name\":\"Startseite\",\"item\":\"https:\\\/\\\/insektenliebe.com\\\/it\\\/\"},{\"@type\":\"ListItem\",\"position\":2,\"name\":\"Negozio\",\"item\":\"https:\\\/\\\/insektenliebe.com\\\/it\\\/negozio\\\/\"},{\"@type\":\"ListItem\",\"position\":3,\"name\":\"Artiglio di ragno\"}]},{\"@type\":\"WebSite\",\"@id\":\"https:\\\/\\\/insektenliebe.com\\\/it\\\/#website\",\"url\":\"https:\\\/\\\/insektenliebe.com\\\/it\\\/\",\"name\":\"Insektenliebe\",\"description\":\"Dein Zuhause f\u00fcr die kleinen Lebewesen\",\"publisher\":{\"@id\":\"https:\\\/\\\/insektenliebe.com\\\/it\\\/#organization\"},\"potentialAction\":[{\"@type\":\"SearchAction\",\"target\":{\"@type\":\"EntryPoint\",\"urlTemplate\":\"https:\\\/\\\/insektenliebe.com\\\/it\\\/?s={search_term_string}\"},\"query-input\":{\"@type\":\"PropertyValueSpecification\",\"valueRequired\":true,\"valueName\":\"search_term_string\"}}],\"inLanguage\":\"it-IT\"},{\"@type\":\"Organization\",\"@id\":\"https:\\\/\\\/insektenliebe.com\\\/it\\\/#organization\",\"name\":\"Insektenliebe\",\"url\":\"https:\\\/\\\/insektenliebe.com\\\/it\\\/\",\"logo\":{\"@type\":\"ImageObject\",\"inLanguage\":\"it-IT\",\"@id\":\"https:\\\/\\\/insektenliebe.com\\\/it\\\/#\\\/schema\\\/logo\\\/image\\\/\",\"url\":\"https:\\\/\\\/insektenliebe.com\\\/wp-content\\\/uploads\\\/2025\\\/03\\\/logo-white.png\",\"contentUrl\":\"https:\\\/\\\/insektenliebe.com\\\/wp-content\\\/uploads\\\/2025\\\/03\\\/logo-white.png\",\"width\":288,\"height\":188,\"caption\":\"Insektenliebe\"},\"image\":{\"@id\":\"https:\\\/\\\/insektenliebe.com\\\/it\\\/#\\\/schema\\\/logo\\\/image\\\/\"}}]}<\/script>\n<!-- \/ Yoast SEO plugin. -->","yoast_head_json":{"title":"Artiglio di ragno - Insektenliebe","description":"Artiglio di ragno - sorprendente legno naturale per terrari. Perfetto per arrampicarsi, nascondersi e strutturarsi. Ogni pezzo \u00e8 unico.","robots":{"index":"index","follow":"follow","max-snippet":"max-snippet:-1","max-image-preview":"max-image-preview:large","max-video-preview":"max-video-preview:-1"},"canonical":"https:\/\/insektenliebe.com\/it\/shop\/prodotto\/artiglio-di-ragno\/","og_locale":"it_IT","og_type":"article","og_title":"Artiglio di ragno - Insektenliebe","og_description":"Artiglio di ragno - sorprendente legno naturale per terrari. Perfetto per arrampicarsi, nascondersi e strutturarsi. Ogni pezzo \u00e8 unico.","og_url":"https:\/\/insektenliebe.com\/it\/shop\/prodotto\/artiglio-di-ragno\/","og_site_name":"Insektenliebe","article_modified_time":"2026-03-28T08:29:36+00:00","og_image":[{"width":820,"height":820,"url":"https:\/\/insektenliebe.com\/wp-content\/uploads\/2026\/02\/Spidergum-Klaue-1.jpg","type":"image\/jpeg"}],"twitter_card":"summary_large_image","twitter_misc":{"Tempo di lettura stimato":"2 minuto"},"schema":{"@context":"https:\/\/schema.org","@graph":[{"@type":"WebPage","@id":"https:\/\/insektenliebe.com\/it\/shop\/prodotto\/artiglio-di-ragno\/","url":"https:\/\/insektenliebe.com\/it\/shop\/prodotto\/artiglio-di-ragno\/","name":"Artiglio di ragno - Insektenliebe","isPartOf":{"@id":"https:\/\/insektenliebe.com\/it\/#website"},"primaryImageOfPage":{"@id":"https:\/\/insektenliebe.com\/it\/shop\/prodotto\/artiglio-di-ragno\/#primaryimage"},"image":{"@id":"https:\/\/insektenliebe.com\/it\/shop\/prodotto\/artiglio-di-ragno\/#primaryimage"},"thumbnailUrl":"https:\/\/insektenliebe.com\/wp-content\/uploads\/2026\/02\/Spidergum-Klaue-1.jpg","datePublished":"2026-02-14T11:36:46+00:00","dateModified":"2026-03-28T08:29:36+00:00","description":"Artiglio di ragno - sorprendente legno naturale per terrari. Perfetto per arrampicarsi, nascondersi e strutturarsi. Ogni pezzo \u00e8 unico.","breadcrumb":{"@id":"https:\/\/insektenliebe.com\/it\/shop\/prodotto\/artiglio-di-ragno\/#breadcrumb"},"inLanguage":"it-IT","potentialAction":[{"@type":"ReadAction","target":["https:\/\/insektenliebe.com\/it\/shop\/prodotto\/artiglio-di-ragno\/"]}]},{"@type":"ImageObject","inLanguage":"it-IT","@id":"https:\/\/insektenliebe.com\/it\/shop\/prodotto\/artiglio-di-ragno\/#primaryimage","url":"https:\/\/insektenliebe.com\/wp-content\/uploads\/2026\/02\/Spidergum-Klaue-1.jpg","contentUrl":"https:\/\/insektenliebe.com\/wp-content\/uploads\/2026\/02\/Spidergum-Klaue-1.jpg","width":820,"height":820,"caption":"Artiglio di ragno"},{"@type":"BreadcrumbList","@id":"https:\/\/insektenliebe.com\/it\/shop\/prodotto\/artiglio-di-ragno\/#breadcrumb","itemListElement":[{"@type":"ListItem","position":1,"name":"Startseite","item":"https:\/\/insektenliebe.com\/it\/"},{"@type":"ListItem","position":2,"name":"Negozio","item":"https:\/\/insektenliebe.com\/it\/negozio\/"},{"@type":"ListItem","position":3,"name":"Artiglio di ragno"}]},{"@type":"WebSite","@id":"https:\/\/insektenliebe.com\/it\/#website","url":"https:\/\/insektenliebe.com\/it\/","name":"Insektenliebe","description":"Dein Zuhause f\u00fcr die kleinen Lebewesen","publisher":{"@id":"https:\/\/insektenliebe.com\/it\/#organization"},"potentialAction":[{"@type":"SearchAction","target":{"@type":"EntryPoint","urlTemplate":"https:\/\/insektenliebe.com\/it\/?s={search_term_string}"},"query-input":{"@type":"PropertyValueSpecification","valueRequired":true,"valueName":"search_term_string"}}],"inLanguage":"it-IT"},{"@type":"Organization","@id":"https:\/\/insektenliebe.com\/it\/#organization","name":"Insektenliebe","url":"https:\/\/insektenliebe.com\/it\/","logo":{"@type":"ImageObject","inLanguage":"it-IT","@id":"https:\/\/insektenliebe.com\/it\/#\/schema\/logo\/image\/","url":"https:\/\/insektenliebe.com\/wp-content\/uploads\/2025\/03\/logo-white.png","contentUrl":"https:\/\/insektenliebe.com\/wp-content\/uploads\/2025\/03\/logo-white.png","width":288,"height":188,"caption":"Insektenliebe"},"image":{"@id":"https:\/\/insektenliebe.com\/it\/#\/schema\/logo\/image\/"}}]}},"_links":{"self":[{"href":"https:\/\/insektenliebe.com\/it\/wp-json\/wp\/v2\/product\/187158","targetHints":{"allow":["GET"]}}],"collection":[{"href":"https:\/\/insektenliebe.com\/it\/wp-json\/wp\/v2\/product"}],"about":[{"href":"https:\/\/insektenliebe.com\/it\/wp-json\/wp\/v2\/types\/product"}],"wp:featuredmedia":[{"embeddable":true,"href":"https:\/\/insektenliebe.com\/it\/wp-json\/wp\/v2\/media\/187163"}],"wp:attachment":[{"href":"https:\/\/insektenliebe.com\/it\/wp-json\/wp\/v2\/media?parent=187158"}],"wp:term":[{"taxonomy":"product-supplier","embeddable":true,"href":"https:\/\/insektenliebe.com\/it\/wp-json\/wp\/v2\/product-supplier?post=187158"},{"taxonomy":"product_brand","embeddable":true,"href":"https:\/\/insektenliebe.com\/it\/wp-json\/wp\/v2\/product_brand?post=187158"},{"taxonomy":"product_cat","embeddable":true,"href":"https:\/\/insektenliebe.com\/it\/wp-json\/wp\/v2\/product_cat?post=187158"},{"taxonomy":"product_tag","embeddable":true,"href":"https:\/\/insektenliebe.com\/it\/wp-json\/wp\/v2\/product_tag?post=187158"},{"taxonomy":"lce-checkout-addons","embeddable":true,"href":"https:\/\/insektenliebe.com\/it\/wp-json\/wp\/v2\/lce-checkout-addons?post=187158"}],"curies":[{"name":"wp","href":"https:\/\/api.w.org\/{rel}","templated":true}]}}