{"id":187157,"date":"2025-01-26T18:53:50","date_gmt":"2025-01-26T17:53:50","guid":{"rendered":"https:\/\/insektenliebe.com\/shop\/produkt\/pterinochilus-murinus-usambara\/"},"modified":"2026-03-06T18:33:52","modified_gmt":"2026-03-06T17:33:52","slug":"pterinochilus-murinus-usambara","status":"publish","type":"product","link":"https:\/\/insektenliebe.com\/it\/shop\/prodotto\/pterinochilus-murinus-usambara\/","title":{"rendered":"Pterinochilus murinus \"Usambara"},"content":{"rendered":"<h3 class=\"p1\"><span style=\"color: #99cc33;\"><strong><span class=\"s1\">Lo Pterinochilus murinus \"Usambara\" e il suo impressionante temperamento<\/span><\/strong><\/span><\/h3>\n<p class=\"p1\"><strong><span class=\"s1\">Pterinochilus murinus \"Usambara<\/span><\/strong><span class=\"s2\">spesso chiamata affettuosamente \"OBT\" (\"Orange Baboon Tarantula\"), \u00e8 una delle tarantole pi\u00f9 note e impressionanti dell&#8217;Africa. Il suo colore arancione intenso, che ricorda il suolo delle montagne Usambara in Tanzania, la rende un&#8217;icona cromatica assoluta nell&#8217;hobby. Questa specie ha un aspetto potente, vivace e immediatamente presente: un ragno che attira subito l&#8217;attenzione di tutti nel terrario.  <\/span><\/p>\n<p class=\"p1\"><span class=\"s2\">Tuttavia, il loro comportamento non \u00e8 affatto inferiore al loro aspetto.  <strong><span class=\"s1\">Pterinochilus murinus \"Usambara<\/span><\/strong><\/span><span class=\"s2\">  ama costruire ragnatele complesse e trasformare il terrario in un affascinante paesaggio di tubi, tunnel e tappeti di seta. Questo significa che il suo comportamento pu\u00f2 essere osservato molto bene, poich\u00e9 si muove regolarmente avanti e indietro tra le sue costruzioni. \u00c8 una delle tarantole pi\u00f9 attive in circolazione e mostra chiaramente come utilizza abilmente il suo territorio.  <\/span><\/p>\n<p class=\"p1\"><span class=\"s2\">Questa specie preferisce un habitat piuttosto secco. Un terrario di 30 \u00d7 30 \u00d7 30 cm offre spazio sufficiente per le loro ragnatele creative. Il substrato pu\u00f2 essere prevalentemente asciutto, ma un angolo leggermente umido crea un microclima stabile. Le temperature tra i 24 e i 28 \u00b0C sono adatte all&#8217;origine della specie, che proviene da regioni calde e simili alla savana. Una buona ventilazione \u00e8 importante perch\u00e9 apprezza condizioni molto secche e ben areate.    <\/span><\/p>\n<p class=\"p1\"><span class=\"s2\"><strong><span class=\"s1\">Pterinochilus murinus \"Usambara\"<\/span><\/strong> mangia in modo affidabile e mostra una caccia veloce e mirata. Accetta senza problemi scarafaggi, grilli e ciccioli. La sua velocit\u00e0 di reazione crea un&#8217;eccitante dinamica nel terrario, poich\u00e9 caccia con una precisione energica che raramente si vede in altre specie.  <\/span><\/p>\n<p class=\"p1\"><span class=\"s2\">Tuttavia, questa specie non \u00e8 adatta ai principianti. Reagisce rapidamente, sfrutta la sua velocit\u00e0 e mostra un chiaro comportamento difensivo. Tuttavia, rimane una specie incredibilmente eccitante per gli allevatori che hanno esperienza con ragni agili e che amano animali attivi e ben visibili. Il suo intenso colore arancione, il suo carisma e la sua natura sicura di s\u00e9 rendono lo <strong><span class=\"s1\">Pterinochilus murinus \"Usambara<\/span><\/strong>   <\/span><span class=\"s2\">  una delle tarantole con il carattere pi\u00f9 forte di tutte.<\/span><\/p>\n<p class=\"p1\"><span class=\"s2\">Con il giusto allestimento, condizioni asciutte e una struttura sufficiente nel terrario, si sviluppa in modo affidabile e rimane un abitante affascinante per molto tempo, ispirando sia a livello visivo che comportamentale.<\/span><\/p>\n","protected":false},"excerpt":{"rendered":"<p>Lo Pterinochilus murinus \"Usambara\" e il suo impressionante temperamento Pterinochilus murinus \"Usambaraspesso chiamata affettuosamente \"OBT\" (\"Orange Baboon Tarantula\"), \u00e8 una delle tarantole pi\u00f9 note e impressionanti dell&#8217;Africa. Il suo colore arancione intenso, che ricorda il suolo delle montagne Usambara in Tanzania, la rende un&#8217;icona cromatica assoluta nell&#8217;hobby. Questa specie ha un aspetto potente, vivace e [&hellip;]<\/p>\n","protected":false},"featured_media":0,"template":"","meta":{"_acf_changed":false},"product-supplier":[],"product_brand":[],"product_cat":[3004],"product_tag":[],"lce-checkout-addons":[2746],"class_list":{"0":"post-187157","1":"product","2":"type-product","3":"status-publish","5":"product_cat-tarantole","6":"product_shipping_class-spedizione-di-animali","7":"pa_herkunft-tanzania","8":"pa_kontinent-africa","9":"lce-checkout-addons-imballaggio-invernale","11":"first","12":"instock","13":"sale","14":"taxable","15":"shipping-taxable","16":"purchasable","17":"product-type-variable"},"acf":[],"yoast_head":"<!-- This site is optimized with the Yoast SEO plugin v27.3 - https:\/\/yoast.com\/product\/yoast-seo-wordpress\/ -->\n<title>Pterinochilus murinus &quot;Usambara - Insektenliebe<\/title>\n<meta name=\"description\" content=\"Pterinochilus murinus &quot;Usambara&quot; - la famosa tarantola attiva di colore arancione. Esigente, visibile e piena di carattere. Ideale per chi ha esperienza.\" \/>\n<meta name=\"robots\" content=\"index, follow, max-snippet:-1, max-image-preview:large, max-video-preview:-1\" \/>\n<link rel=\"canonical\" href=\"https:\/\/insektenliebe.com\/it\/shop\/prodotto\/pterinochilus-murinus-usambara\/\" \/>\n<meta property=\"og:locale\" content=\"it_IT\" \/>\n<meta property=\"og:type\" content=\"article\" \/>\n<meta property=\"og:title\" content=\"Pterinochilus murinus &quot;Usambara - Insektenliebe\" \/>\n<meta property=\"og:description\" content=\"Pterinochilus murinus &quot;Usambara&quot; - la famosa tarantola attiva di colore arancione. Esigente, visibile e piena di carattere. Ideale per chi ha esperienza.\" \/>\n<meta property=\"og:url\" content=\"https:\/\/insektenliebe.com\/it\/shop\/prodotto\/pterinochilus-murinus-usambara\/\" \/>\n<meta property=\"og:site_name\" content=\"Insektenliebe\" \/>\n<meta property=\"article:modified_time\" content=\"2026-03-06T17:33:52+00:00\" \/>\n<meta name=\"twitter:card\" content=\"summary_large_image\" \/>\n<meta name=\"twitter:label1\" content=\"Tempo di lettura stimato\" \/>\n\t<meta name=\"twitter:data1\" content=\"2 minuto\" \/>\n<script type=\"application\/ld+json\" class=\"yoast-schema-graph\">{\"@context\":\"https:\\\/\\\/schema.org\",\"@graph\":[{\"@type\":\"WebPage\",\"@id\":\"https:\\\/\\\/insektenliebe.com\\\/it\\\/shop\\\/prodotto\\\/pterinochilus-murinus-usambara\\\/\",\"url\":\"https:\\\/\\\/insektenliebe.com\\\/it\\\/shop\\\/prodotto\\\/pterinochilus-murinus-usambara\\\/\",\"name\":\"Pterinochilus murinus \\\"Usambara - Insektenliebe\",\"isPartOf\":{\"@id\":\"https:\\\/\\\/insektenliebe.com\\\/it\\\/#website\"},\"datePublished\":\"2025-01-26T17:53:50+00:00\",\"dateModified\":\"2026-03-06T17:33:52+00:00\",\"description\":\"Pterinochilus murinus \\\"Usambara\\\" - la famosa tarantola attiva di colore arancione. Esigente, visibile e piena di carattere. Ideale per chi ha esperienza.\",\"breadcrumb\":{\"@id\":\"https:\\\/\\\/insektenliebe.com\\\/it\\\/shop\\\/prodotto\\\/pterinochilus-murinus-usambara\\\/#breadcrumb\"},\"inLanguage\":\"it-IT\",\"potentialAction\":[{\"@type\":\"ReadAction\",\"target\":[\"https:\\\/\\\/insektenliebe.com\\\/it\\\/shop\\\/prodotto\\\/pterinochilus-murinus-usambara\\\/\"]}]},{\"@type\":\"BreadcrumbList\",\"@id\":\"https:\\\/\\\/insektenliebe.com\\\/it\\\/shop\\\/prodotto\\\/pterinochilus-murinus-usambara\\\/#breadcrumb\",\"itemListElement\":[{\"@type\":\"ListItem\",\"position\":1,\"name\":\"Startseite\",\"item\":\"https:\\\/\\\/insektenliebe.com\\\/it\\\/\"},{\"@type\":\"ListItem\",\"position\":2,\"name\":\"Negozio\",\"item\":\"https:\\\/\\\/insektenliebe.com\\\/it\\\/negozio\\\/\"},{\"@type\":\"ListItem\",\"position\":3,\"name\":\"Pterinochilus murinus \\\"Usambara\"}]},{\"@type\":\"WebSite\",\"@id\":\"https:\\\/\\\/insektenliebe.com\\\/it\\\/#website\",\"url\":\"https:\\\/\\\/insektenliebe.com\\\/it\\\/\",\"name\":\"Insektenliebe\",\"description\":\"Dein Zuhause f\u00fcr die kleinen Lebewesen\",\"publisher\":{\"@id\":\"https:\\\/\\\/insektenliebe.com\\\/it\\\/#organization\"},\"potentialAction\":[{\"@type\":\"SearchAction\",\"target\":{\"@type\":\"EntryPoint\",\"urlTemplate\":\"https:\\\/\\\/insektenliebe.com\\\/it\\\/?s={search_term_string}\"},\"query-input\":{\"@type\":\"PropertyValueSpecification\",\"valueRequired\":true,\"valueName\":\"search_term_string\"}}],\"inLanguage\":\"it-IT\"},{\"@type\":\"Organization\",\"@id\":\"https:\\\/\\\/insektenliebe.com\\\/it\\\/#organization\",\"name\":\"Insektenliebe\",\"url\":\"https:\\\/\\\/insektenliebe.com\\\/it\\\/\",\"logo\":{\"@type\":\"ImageObject\",\"inLanguage\":\"it-IT\",\"@id\":\"https:\\\/\\\/insektenliebe.com\\\/it\\\/#\\\/schema\\\/logo\\\/image\\\/\",\"url\":\"https:\\\/\\\/insektenliebe.com\\\/wp-content\\\/uploads\\\/2025\\\/03\\\/logo-white.png\",\"contentUrl\":\"https:\\\/\\\/insektenliebe.com\\\/wp-content\\\/uploads\\\/2025\\\/03\\\/logo-white.png\",\"width\":288,\"height\":188,\"caption\":\"Insektenliebe\"},\"image\":{\"@id\":\"https:\\\/\\\/insektenliebe.com\\\/it\\\/#\\\/schema\\\/logo\\\/image\\\/\"}}]}<\/script>\n<!-- \/ Yoast SEO plugin. -->","yoast_head_json":{"title":"Pterinochilus murinus \"Usambara - Insektenliebe","description":"Pterinochilus murinus \"Usambara\" - la famosa tarantola attiva di colore arancione. Esigente, visibile e piena di carattere. Ideale per chi ha esperienza.","robots":{"index":"index","follow":"follow","max-snippet":"max-snippet:-1","max-image-preview":"max-image-preview:large","max-video-preview":"max-video-preview:-1"},"canonical":"https:\/\/insektenliebe.com\/it\/shop\/prodotto\/pterinochilus-murinus-usambara\/","og_locale":"it_IT","og_type":"article","og_title":"Pterinochilus murinus \"Usambara - Insektenliebe","og_description":"Pterinochilus murinus \"Usambara\" - la famosa tarantola attiva di colore arancione. Esigente, visibile e piena di carattere. Ideale per chi ha esperienza.","og_url":"https:\/\/insektenliebe.com\/it\/shop\/prodotto\/pterinochilus-murinus-usambara\/","og_site_name":"Insektenliebe","article_modified_time":"2026-03-06T17:33:52+00:00","twitter_card":"summary_large_image","twitter_misc":{"Tempo di lettura stimato":"2 minuto"},"schema":{"@context":"https:\/\/schema.org","@graph":[{"@type":"WebPage","@id":"https:\/\/insektenliebe.com\/it\/shop\/prodotto\/pterinochilus-murinus-usambara\/","url":"https:\/\/insektenliebe.com\/it\/shop\/prodotto\/pterinochilus-murinus-usambara\/","name":"Pterinochilus murinus \"Usambara - Insektenliebe","isPartOf":{"@id":"https:\/\/insektenliebe.com\/it\/#website"},"datePublished":"2025-01-26T17:53:50+00:00","dateModified":"2026-03-06T17:33:52+00:00","description":"Pterinochilus murinus \"Usambara\" - la famosa tarantola attiva di colore arancione. Esigente, visibile e piena di carattere. Ideale per chi ha esperienza.","breadcrumb":{"@id":"https:\/\/insektenliebe.com\/it\/shop\/prodotto\/pterinochilus-murinus-usambara\/#breadcrumb"},"inLanguage":"it-IT","potentialAction":[{"@type":"ReadAction","target":["https:\/\/insektenliebe.com\/it\/shop\/prodotto\/pterinochilus-murinus-usambara\/"]}]},{"@type":"BreadcrumbList","@id":"https:\/\/insektenliebe.com\/it\/shop\/prodotto\/pterinochilus-murinus-usambara\/#breadcrumb","itemListElement":[{"@type":"ListItem","position":1,"name":"Startseite","item":"https:\/\/insektenliebe.com\/it\/"},{"@type":"ListItem","position":2,"name":"Negozio","item":"https:\/\/insektenliebe.com\/it\/negozio\/"},{"@type":"ListItem","position":3,"name":"Pterinochilus murinus \"Usambara"}]},{"@type":"WebSite","@id":"https:\/\/insektenliebe.com\/it\/#website","url":"https:\/\/insektenliebe.com\/it\/","name":"Insektenliebe","description":"Dein Zuhause f\u00fcr die kleinen Lebewesen","publisher":{"@id":"https:\/\/insektenliebe.com\/it\/#organization"},"potentialAction":[{"@type":"SearchAction","target":{"@type":"EntryPoint","urlTemplate":"https:\/\/insektenliebe.com\/it\/?s={search_term_string}"},"query-input":{"@type":"PropertyValueSpecification","valueRequired":true,"valueName":"search_term_string"}}],"inLanguage":"it-IT"},{"@type":"Organization","@id":"https:\/\/insektenliebe.com\/it\/#organization","name":"Insektenliebe","url":"https:\/\/insektenliebe.com\/it\/","logo":{"@type":"ImageObject","inLanguage":"it-IT","@id":"https:\/\/insektenliebe.com\/it\/#\/schema\/logo\/image\/","url":"https:\/\/insektenliebe.com\/wp-content\/uploads\/2025\/03\/logo-white.png","contentUrl":"https:\/\/insektenliebe.com\/wp-content\/uploads\/2025\/03\/logo-white.png","width":288,"height":188,"caption":"Insektenliebe"},"image":{"@id":"https:\/\/insektenliebe.com\/it\/#\/schema\/logo\/image\/"}}]}},"_links":{"self":[{"href":"https:\/\/insektenliebe.com\/it\/wp-json\/wp\/v2\/product\/187157","targetHints":{"allow":["GET"]}}],"collection":[{"href":"https:\/\/insektenliebe.com\/it\/wp-json\/wp\/v2\/product"}],"about":[{"href":"https:\/\/insektenliebe.com\/it\/wp-json\/wp\/v2\/types\/product"}],"wp:attachment":[{"href":"https:\/\/insektenliebe.com\/it\/wp-json\/wp\/v2\/media?parent=187157"}],"wp:term":[{"taxonomy":"product-supplier","embeddable":true,"href":"https:\/\/insektenliebe.com\/it\/wp-json\/wp\/v2\/product-supplier?post=187157"},{"taxonomy":"product_brand","embeddable":true,"href":"https:\/\/insektenliebe.com\/it\/wp-json\/wp\/v2\/product_brand?post=187157"},{"taxonomy":"product_cat","embeddable":true,"href":"https:\/\/insektenliebe.com\/it\/wp-json\/wp\/v2\/product_cat?post=187157"},{"taxonomy":"product_tag","embeddable":true,"href":"https:\/\/insektenliebe.com\/it\/wp-json\/wp\/v2\/product_tag?post=187157"},{"taxonomy":"lce-checkout-addons","embeddable":true,"href":"https:\/\/insektenliebe.com\/it\/wp-json\/wp\/v2\/lce-checkout-addons?post=187157"}],"curies":[{"name":"wp","href":"https:\/\/api.w.org\/{rel}","templated":true}]}}