{"id":187151,"date":"2026-01-20T12:38:38","date_gmt":"2026-01-20T11:38:38","guid":{"rendered":"https:\/\/insektenliebe.com\/shop\/produkt\/perisphaerus-glomeriformis\/"},"modified":"2026-01-20T12:38:38","modified_gmt":"2026-01-20T11:38:38","slug":"perisphaerus-glomeriformis","status":"publish","type":"product","link":"https:\/\/insektenliebe.com\/it\/shop\/prodotto\/perisphaerus-glomeriformis\/","title":{"rendered":"Perisphaerus glomeriformis"},"content":{"rendered":"<h3><span style=\"color: #99cc33\"><strong><span class=\"s1\">Perisphaerus glomeriformis - <\/span><\/strong><\/span><span class=\"s1\" style=\"color: #99cc33\">Osserva il singolare amore materno<\/span><\/h3>\n<p class=\"p1\"><strong><span class=\"s1\">Perisphaerus glomeriformis<\/span><\/strong><span class=\"s2\">  \u00e8 una delle specie di scarafaggio pi\u00f9 insolite dell&#8217;hobby. A prima vista, assomiglia a una piccola cocciniglia corazzata, poich\u00e9 pu\u00f2 raggomitolarsi in una palla quando \u00e8 in pericolo. Questo comportamento la rende particolarmente interessante e le conferisce un aspetto affascinante, quasi primordiale. Inoltre, \u00e8 silenziosa e pacifica, il che la rende perfetta per i proprietari che cercano una specie poco appariscente ma stimolante.   <\/span><\/p>\n<p class=\"p1\"><span class=\"s2\">La specie \u00e8 principalmente <\/span><span class=\"s3\">notturna<\/span><span class=\"s2\">  e si muove molto lungo i dischi. Pertanto, una scatola con un buon   <\/span><span class=\"s3\">Vista della pagina<\/span><span class=\"s2\">  perfetto per l&#8217;osservazione. Come <strong><span class=\"s1\">Perisphaerus glomeriformis<\/span><\/strong> <\/span> <span class=\"s2\"> \u00e8 un vero artista della fuga, l&#8217;involucro deve essere assolutamente <\/span><span class=\"s3\">strettamente sigillato<\/span><span class=\"s2\">  essere. La ventilazione fine \u00e8 importante, ma non devono essere presenti grandi fessure. <\/span><\/p>\n<p class=\"p1\"><span class=\"s2\">Mantenerli \u00e8 piacevolmente semplice. Gli animali preferiscono   <\/span><span class=\"s3\">Aree moderatamente umide<\/span><span class=\"s2\">  tra i 22 e i 27 \u00b0C. La base \u00e8 costituita da un substrato di terreno forestale, legno bianco marcio e foglie di foraggio. Il muschio fornisce ulteriore umidit\u00e0. Puoi anche utilizzare una pianta robusta come     <\/span><span class=\"s3\">Filodendro<\/span><span class=\"s2\">  utilizzo. Stabilizza il microclima e offre agli animali luoghi riparati. Poich\u00e9 gli scarafaggi amano frequentare le zone d&#8217;ombra, \u00e8 consigliabile una buona struttura con corteccia e foglie.  <\/span><\/p>\n<p class=\"p1\"><span class=\"s2\">La dieta mostra <strong><span class=\"s1\">Perisphaerus glomeriformis<\/span><\/strong><\/span><span class=\"s2\">  sorprendentemente versatile. Accetta principalmente alimenti di origine animale. Particolarmente adatti sono    <\/span><span class=\"s3\">Fonti proteiche<\/span><span class=\"s2\"> come il cibo per scarafaggi, i fiocchi di bilanciamento per isopodi e il polline dei fiori.<\/span><span class=\"s2\">. Anche la gelatina di scarabeo viene accettata volentieri. La combinazione di diversi tipi di cibo rafforza gli animali e garantisce una riproduzione stabile e sana. <\/span><\/p>\n<p class=\"p1\"><span class=\"s2\">Ci\u00f2 che \u00e8 davvero speciale, tuttavia, \u00e8 la loro <\/span><span class=\"s3\">la cura della nidiata<\/span><span class=\"s2\">. <strong><span class=\"s1\">Perisphaerus glomeriformis<\/span><\/strong><\/span><span class=\"s2\">  porta la prole sulla pancia. I piccoli rimangono vicini alla madre, che fornisce loro un liquido nutriente simile al \"latte\". Le larve ne traggono un enorme beneficio, poich\u00e9 vi rimangono fino alla prima muta. Questo comportamento \u00e8 raro nel mondo degli scarafaggi e rende questa specie una vera attrazione per gli amanti della biologia speciale.   <\/span><\/p>\n<p class=\"p1\"><span class=\"s2\">In generale <\/span><span class=\"s1\"><strong>Perisphaerus glomeriformis<\/strong><\/span><span class=\"s2\">  Una specie calma e sociale che non smette mai di sorprendere. Ha un comportamento entusiasmante, richiede poco spazio ed \u00e8 un&#8217;attrazione straordinaria per chi cerca qualcosa di speciale. <\/span><\/p>\n<p class=\"p1\"><span class=\"s1\">Infine, vorremmo sottolineare che l&#8217;allevamento di <\/span><span class=\"s2\">l&#8217;allevamento di <strong>Perisphaerus glomeriformis<\/strong> \u00e8 piuttosto impegnativo nonostante le cure relativamente semplici<\/span><span class=\"s1\">. Gli animali si sviluppano molto lentamente e la maturit\u00e0 sessuale, in particolare, \u00e8 spesso una vera sfida per gli allevatori. Se da un lato i maschi raggiungono la maturit\u00e0 sessuale molto pi\u00f9 velocemente, dall&#8217;altro vivono una vita molto pi\u00f9 breve rispetto alle femmine. Di conseguenza, capita spesso che i maschi abbiano gi\u00e0 raggiunto la fine della loro vita naturale prima ancora che le femmine raggiungano l&#8217;et\u00e0 adulta, e la riproduzione non pu\u00f2 nemmeno avere luogo.    <\/span><\/p>\n<p class=\"p1\"><span class=\"s1\">Chi vuole allevare con successo questa specie speciale ha quindi bisogno non solo di pazienza ed esperienza, ma anche di un pizzico di fortuna per far s\u00ec che i cicli di sviluppo di maschi e femmine si armonizzino. \u00c8 proprio questa imprevedibilit\u00e0 a rendere   <\/span><strong><span class=\"s3\">Perisphaerus glomeriformis<\/span><\/strong><span class=\"s1\"> ma anche cos\u00ec affascinante e unico da conservare.<\/span><\/p>\n","protected":false},"excerpt":{"rendered":"<p>Perisphaerus glomeriformis - Osserva il singolare amore materno Perisphaerus glomeriformis \u00e8 una delle specie di scarafaggio pi\u00f9 insolite dell&#8217;hobby. A prima vista, assomiglia a una piccola cocciniglia corazzata, poich\u00e9 pu\u00f2 raggomitolarsi in una palla quando \u00e8 in pericolo. Questo comportamento la rende particolarmente interessante e le conferisce un aspetto affascinante, quasi primordiale. Inoltre, \u00e8 silenziosa [&hellip;]<\/p>\n","protected":false},"featured_media":187154,"template":"","meta":{"_acf_changed":false},"product-supplier":[],"product_brand":[],"product_cat":[2785],"product_tag":[],"lce-checkout-addons":[2746],"class_list":{"0":"post-187151","1":"product","2":"type-product","3":"status-publish","4":"has-post-thumbnail","6":"product_cat-scarafaggi","7":"product_shipping_class-spedizione-di-animali","8":"pa_geschlecht-donna","9":"pa_geschlecht-indeterminato","10":"pa_geschlecht-uomo","11":"pa_herkunft-malesia","12":"pa_kontinent-asia","13":"lce-checkout-addons-imballaggio-invernale","15":"first","16":"instock","17":"taxable","18":"shipping-taxable","19":"purchasable","20":"product-type-variable"},"acf":[],"yoast_head":"<!-- This site is optimized with the Yoast SEO plugin v27.3 - https:\/\/yoast.com\/product\/yoast-seo-wordpress\/ -->\n<title>Perisphaerus glomeriformis - Insektenliebe<\/title>\n<meta name=\"description\" content=\"Perisphaerus glomeriformis - scarafaggio a palla notturno, facile da tenere, moderatamente umido, orientato alla famiglia e ideale per le scatole fitte.\" \/>\n<meta name=\"robots\" content=\"index, follow, max-snippet:-1, max-image-preview:large, max-video-preview:-1\" \/>\n<link rel=\"canonical\" href=\"https:\/\/insektenliebe.com\/it\/shop\/prodotto\/perisphaerus-glomeriformis\/\" \/>\n<meta property=\"og:locale\" content=\"it_IT\" \/>\n<meta property=\"og:type\" content=\"article\" \/>\n<meta property=\"og:title\" content=\"Perisphaerus glomeriformis - Insektenliebe\" \/>\n<meta property=\"og:description\" content=\"Perisphaerus glomeriformis - scarafaggio a palla notturno, facile da tenere, moderatamente umido, orientato alla famiglia e ideale per le scatole fitte.\" \/>\n<meta property=\"og:url\" content=\"https:\/\/insektenliebe.com\/it\/shop\/prodotto\/perisphaerus-glomeriformis\/\" \/>\n<meta property=\"og:site_name\" content=\"Insektenliebe\" \/>\n<meta property=\"og:image\" content=\"https:\/\/insektenliebe.com\/wp-content\/uploads\/2026\/01\/Perisphaerus-glomeriformis-Sozialverbund.jpg\" \/>\n\t<meta property=\"og:image:width\" content=\"820\" \/>\n\t<meta property=\"og:image:height\" content=\"820\" \/>\n\t<meta property=\"og:image:type\" content=\"image\/jpeg\" \/>\n<meta name=\"twitter:card\" content=\"summary_large_image\" \/>\n<meta name=\"twitter:label1\" content=\"Tempo di lettura stimato\" \/>\n\t<meta name=\"twitter:data1\" content=\"2 minuto\" \/>\n<script type=\"application\/ld+json\" class=\"yoast-schema-graph\">{\"@context\":\"https:\\\/\\\/schema.org\",\"@graph\":[{\"@type\":\"WebPage\",\"@id\":\"https:\\\/\\\/insektenliebe.com\\\/it\\\/shop\\\/prodotto\\\/perisphaerus-glomeriformis\\\/\",\"url\":\"https:\\\/\\\/insektenliebe.com\\\/it\\\/shop\\\/prodotto\\\/perisphaerus-glomeriformis\\\/\",\"name\":\"Perisphaerus glomeriformis - Insektenliebe\",\"isPartOf\":{\"@id\":\"https:\\\/\\\/insektenliebe.com\\\/it\\\/#website\"},\"primaryImageOfPage\":{\"@id\":\"https:\\\/\\\/insektenliebe.com\\\/it\\\/shop\\\/prodotto\\\/perisphaerus-glomeriformis\\\/#primaryimage\"},\"image\":{\"@id\":\"https:\\\/\\\/insektenliebe.com\\\/it\\\/shop\\\/prodotto\\\/perisphaerus-glomeriformis\\\/#primaryimage\"},\"thumbnailUrl\":\"https:\\\/\\\/insektenliebe.com\\\/wp-content\\\/uploads\\\/2026\\\/01\\\/Perisphaerus-glomeriformis-Sozialverbund.jpg\",\"datePublished\":\"2026-01-20T11:38:38+00:00\",\"description\":\"Perisphaerus glomeriformis - scarafaggio a palla notturno, facile da tenere, moderatamente umido, orientato alla famiglia e ideale per le scatole fitte.\",\"breadcrumb\":{\"@id\":\"https:\\\/\\\/insektenliebe.com\\\/it\\\/shop\\\/prodotto\\\/perisphaerus-glomeriformis\\\/#breadcrumb\"},\"inLanguage\":\"it-IT\",\"potentialAction\":[{\"@type\":\"ReadAction\",\"target\":[\"https:\\\/\\\/insektenliebe.com\\\/it\\\/shop\\\/prodotto\\\/perisphaerus-glomeriformis\\\/\"]}]},{\"@type\":\"ImageObject\",\"inLanguage\":\"it-IT\",\"@id\":\"https:\\\/\\\/insektenliebe.com\\\/it\\\/shop\\\/prodotto\\\/perisphaerus-glomeriformis\\\/#primaryimage\",\"url\":\"https:\\\/\\\/insektenliebe.com\\\/wp-content\\\/uploads\\\/2026\\\/01\\\/Perisphaerus-glomeriformis-Sozialverbund.jpg\",\"contentUrl\":\"https:\\\/\\\/insektenliebe.com\\\/wp-content\\\/uploads\\\/2026\\\/01\\\/Perisphaerus-glomeriformis-Sozialverbund.jpg\",\"width\":820,\"height\":820,\"caption\":\"Perisphaerus glomeriformis- social network\"},{\"@type\":\"BreadcrumbList\",\"@id\":\"https:\\\/\\\/insektenliebe.com\\\/it\\\/shop\\\/prodotto\\\/perisphaerus-glomeriformis\\\/#breadcrumb\",\"itemListElement\":[{\"@type\":\"ListItem\",\"position\":1,\"name\":\"Startseite\",\"item\":\"https:\\\/\\\/insektenliebe.com\\\/it\\\/\"},{\"@type\":\"ListItem\",\"position\":2,\"name\":\"Negozio\",\"item\":\"https:\\\/\\\/insektenliebe.com\\\/it\\\/negozio\\\/\"},{\"@type\":\"ListItem\",\"position\":3,\"name\":\"Perisphaerus glomeriformis\"}]},{\"@type\":\"WebSite\",\"@id\":\"https:\\\/\\\/insektenliebe.com\\\/it\\\/#website\",\"url\":\"https:\\\/\\\/insektenliebe.com\\\/it\\\/\",\"name\":\"Insektenliebe\",\"description\":\"Dein Zuhause f\u00fcr die kleinen Lebewesen\",\"publisher\":{\"@id\":\"https:\\\/\\\/insektenliebe.com\\\/it\\\/#organization\"},\"potentialAction\":[{\"@type\":\"SearchAction\",\"target\":{\"@type\":\"EntryPoint\",\"urlTemplate\":\"https:\\\/\\\/insektenliebe.com\\\/it\\\/?s={search_term_string}\"},\"query-input\":{\"@type\":\"PropertyValueSpecification\",\"valueRequired\":true,\"valueName\":\"search_term_string\"}}],\"inLanguage\":\"it-IT\"},{\"@type\":\"Organization\",\"@id\":\"https:\\\/\\\/insektenliebe.com\\\/it\\\/#organization\",\"name\":\"Insektenliebe\",\"url\":\"https:\\\/\\\/insektenliebe.com\\\/it\\\/\",\"logo\":{\"@type\":\"ImageObject\",\"inLanguage\":\"it-IT\",\"@id\":\"https:\\\/\\\/insektenliebe.com\\\/it\\\/#\\\/schema\\\/logo\\\/image\\\/\",\"url\":\"https:\\\/\\\/insektenliebe.com\\\/wp-content\\\/uploads\\\/2025\\\/03\\\/logo-white.png\",\"contentUrl\":\"https:\\\/\\\/insektenliebe.com\\\/wp-content\\\/uploads\\\/2025\\\/03\\\/logo-white.png\",\"width\":288,\"height\":188,\"caption\":\"Insektenliebe\"},\"image\":{\"@id\":\"https:\\\/\\\/insektenliebe.com\\\/it\\\/#\\\/schema\\\/logo\\\/image\\\/\"}}]}<\/script>\n<!-- \/ Yoast SEO plugin. -->","yoast_head_json":{"title":"Perisphaerus glomeriformis - Insektenliebe","description":"Perisphaerus glomeriformis - scarafaggio a palla notturno, facile da tenere, moderatamente umido, orientato alla famiglia e ideale per le scatole fitte.","robots":{"index":"index","follow":"follow","max-snippet":"max-snippet:-1","max-image-preview":"max-image-preview:large","max-video-preview":"max-video-preview:-1"},"canonical":"https:\/\/insektenliebe.com\/it\/shop\/prodotto\/perisphaerus-glomeriformis\/","og_locale":"it_IT","og_type":"article","og_title":"Perisphaerus glomeriformis - Insektenliebe","og_description":"Perisphaerus glomeriformis - scarafaggio a palla notturno, facile da tenere, moderatamente umido, orientato alla famiglia e ideale per le scatole fitte.","og_url":"https:\/\/insektenliebe.com\/it\/shop\/prodotto\/perisphaerus-glomeriformis\/","og_site_name":"Insektenliebe","og_image":[{"width":820,"height":820,"url":"https:\/\/insektenliebe.com\/wp-content\/uploads\/2026\/01\/Perisphaerus-glomeriformis-Sozialverbund.jpg","type":"image\/jpeg"}],"twitter_card":"summary_large_image","twitter_misc":{"Tempo di lettura stimato":"2 minuto"},"schema":{"@context":"https:\/\/schema.org","@graph":[{"@type":"WebPage","@id":"https:\/\/insektenliebe.com\/it\/shop\/prodotto\/perisphaerus-glomeriformis\/","url":"https:\/\/insektenliebe.com\/it\/shop\/prodotto\/perisphaerus-glomeriformis\/","name":"Perisphaerus glomeriformis - Insektenliebe","isPartOf":{"@id":"https:\/\/insektenliebe.com\/it\/#website"},"primaryImageOfPage":{"@id":"https:\/\/insektenliebe.com\/it\/shop\/prodotto\/perisphaerus-glomeriformis\/#primaryimage"},"image":{"@id":"https:\/\/insektenliebe.com\/it\/shop\/prodotto\/perisphaerus-glomeriformis\/#primaryimage"},"thumbnailUrl":"https:\/\/insektenliebe.com\/wp-content\/uploads\/2026\/01\/Perisphaerus-glomeriformis-Sozialverbund.jpg","datePublished":"2026-01-20T11:38:38+00:00","description":"Perisphaerus glomeriformis - scarafaggio a palla notturno, facile da tenere, moderatamente umido, orientato alla famiglia e ideale per le scatole fitte.","breadcrumb":{"@id":"https:\/\/insektenliebe.com\/it\/shop\/prodotto\/perisphaerus-glomeriformis\/#breadcrumb"},"inLanguage":"it-IT","potentialAction":[{"@type":"ReadAction","target":["https:\/\/insektenliebe.com\/it\/shop\/prodotto\/perisphaerus-glomeriformis\/"]}]},{"@type":"ImageObject","inLanguage":"it-IT","@id":"https:\/\/insektenliebe.com\/it\/shop\/prodotto\/perisphaerus-glomeriformis\/#primaryimage","url":"https:\/\/insektenliebe.com\/wp-content\/uploads\/2026\/01\/Perisphaerus-glomeriformis-Sozialverbund.jpg","contentUrl":"https:\/\/insektenliebe.com\/wp-content\/uploads\/2026\/01\/Perisphaerus-glomeriformis-Sozialverbund.jpg","width":820,"height":820,"caption":"Perisphaerus glomeriformis- social network"},{"@type":"BreadcrumbList","@id":"https:\/\/insektenliebe.com\/it\/shop\/prodotto\/perisphaerus-glomeriformis\/#breadcrumb","itemListElement":[{"@type":"ListItem","position":1,"name":"Startseite","item":"https:\/\/insektenliebe.com\/it\/"},{"@type":"ListItem","position":2,"name":"Negozio","item":"https:\/\/insektenliebe.com\/it\/negozio\/"},{"@type":"ListItem","position":3,"name":"Perisphaerus glomeriformis"}]},{"@type":"WebSite","@id":"https:\/\/insektenliebe.com\/it\/#website","url":"https:\/\/insektenliebe.com\/it\/","name":"Insektenliebe","description":"Dein Zuhause f\u00fcr die kleinen Lebewesen","publisher":{"@id":"https:\/\/insektenliebe.com\/it\/#organization"},"potentialAction":[{"@type":"SearchAction","target":{"@type":"EntryPoint","urlTemplate":"https:\/\/insektenliebe.com\/it\/?s={search_term_string}"},"query-input":{"@type":"PropertyValueSpecification","valueRequired":true,"valueName":"search_term_string"}}],"inLanguage":"it-IT"},{"@type":"Organization","@id":"https:\/\/insektenliebe.com\/it\/#organization","name":"Insektenliebe","url":"https:\/\/insektenliebe.com\/it\/","logo":{"@type":"ImageObject","inLanguage":"it-IT","@id":"https:\/\/insektenliebe.com\/it\/#\/schema\/logo\/image\/","url":"https:\/\/insektenliebe.com\/wp-content\/uploads\/2025\/03\/logo-white.png","contentUrl":"https:\/\/insektenliebe.com\/wp-content\/uploads\/2025\/03\/logo-white.png","width":288,"height":188,"caption":"Insektenliebe"},"image":{"@id":"https:\/\/insektenliebe.com\/it\/#\/schema\/logo\/image\/"}}]}},"_links":{"self":[{"href":"https:\/\/insektenliebe.com\/it\/wp-json\/wp\/v2\/product\/187151","targetHints":{"allow":["GET"]}}],"collection":[{"href":"https:\/\/insektenliebe.com\/it\/wp-json\/wp\/v2\/product"}],"about":[{"href":"https:\/\/insektenliebe.com\/it\/wp-json\/wp\/v2\/types\/product"}],"wp:featuredmedia":[{"embeddable":true,"href":"https:\/\/insektenliebe.com\/it\/wp-json\/wp\/v2\/media\/187154"}],"wp:attachment":[{"href":"https:\/\/insektenliebe.com\/it\/wp-json\/wp\/v2\/media?parent=187151"}],"wp:term":[{"taxonomy":"product-supplier","embeddable":true,"href":"https:\/\/insektenliebe.com\/it\/wp-json\/wp\/v2\/product-supplier?post=187151"},{"taxonomy":"product_brand","embeddable":true,"href":"https:\/\/insektenliebe.com\/it\/wp-json\/wp\/v2\/product_brand?post=187151"},{"taxonomy":"product_cat","embeddable":true,"href":"https:\/\/insektenliebe.com\/it\/wp-json\/wp\/v2\/product_cat?post=187151"},{"taxonomy":"product_tag","embeddable":true,"href":"https:\/\/insektenliebe.com\/it\/wp-json\/wp\/v2\/product_tag?post=187151"},{"taxonomy":"lce-checkout-addons","embeddable":true,"href":"https:\/\/insektenliebe.com\/it\/wp-json\/wp\/v2\/lce-checkout-addons?post=187151"}],"curies":[{"name":"wp","href":"https:\/\/api.w.org\/{rel}","templated":true}]}}