{"id":187148,"date":"2022-12-07T17:50:08","date_gmt":"2022-12-07T15:50:08","guid":{"rendered":"https:\/\/insektenliebe.com\/shop\/produkt\/set-completo-insektenliebe-scarafaggio\/"},"modified":"2026-04-01T14:06:21","modified_gmt":"2026-04-01T12:06:21","slug":"set-completo-insektenliebe-scarafaggio","status":"publish","type":"product","link":"https:\/\/insektenliebe.com\/it\/shop\/prodotto\/set-completo-insektenliebe-scarafaggio\/","title":{"rendered":"Set completo Insektenliebe Scarafaggio"},"content":{"rendered":"<h3><span class=\"s1\" style=\"color: #99cc33;\">Set completo di scarafaggi Insektenliebe - habitat pronto per le specie tropicali<\/span><\/h3>\n<p class=\"p1\"><span class=\"s1\">Il <\/span><strong><span class=\"s2\">Il set completo per scarafaggi Insektenliebe<\/span><\/strong><span class=\"s1\"> ti offre una soluzione completamente studiata per l&#8217;allevamento di <\/span><span class=\"s2\">scarafaggi subtropicali e tropicali<\/span><span class=\"s1\">. Puoi iniziare subito perch\u00e9 tutti i componenti pi\u00f9 importanti sono gi\u00e0 inclusi.<\/span><\/p>\n<p class=\"p1\"><span class=\"s1\">Il robusto box in plastica garantisce stabilit\u00e0 e sicurezza. Allo stesso tempo, offre spazio sufficiente per i tuoi animali. Grazie al    <\/span><span class=\"s2\">Doppia ventilazione<\/span><span class=\"s1\"> crea una circolazione d&#8217;aria costante, che si traduce in un clima stabile e salutare.<\/span><\/p>\n<p class=\"p1\"><span class=\"s1\">Il substrato contenuto \u00e8 la base per un allevamento di successo. La combinazione di piante sterilizzate <\/span><span class=\"s2\">  Humus forestale, legno marcio bianco e foglie di foraggio<\/span><span class=\"s1\">  crea un habitat naturale. In questo modo gli scarafaggi trovano le condizioni ottimali e si sentono a casa fin dal primo momento. <\/span><\/p>\n<p class=\"p1\"><span class=\"s1\">Inoltre, il contenuto di <\/span><span class=\"s2\">corteccia di sughero<\/span><span class=\"s1\">  per la struttura del contenitore. Serve come nascondiglio, area di arrampicata e rifugio allo stesso tempo. Il muschio che contiene supporta anche il microclima e aiuta a regolare l&#8217;umidit\u00e0.  <\/span><\/p>\n<p class=\"p1\"><span class=\"s1\">La composizione ben studiata crea un <\/span><span class=\"s2\">funzionale e allo stesso tempo dall&#8217;aspetto naturale.<\/span><span class=\"s1\">. I tuoi animali mostreranno un comportamento pi\u00f9 attivo e naturale.<\/span><\/p>\n<p class=\"p1\"><span class=\"s1\">Un altro vantaggio \u00e8 la <\/span><span class=\"s2\">la costruzione impilabile<\/span><span class=\"s1\">. Puoi facilmente impilare diverse cassette una sull&#8217;altra per conservare specie diverse in modo da risparmiare spazio. Allo stesso tempo, avrai sempre una visione d&#8217;insieme dei tuoi allevamenti. <\/span><\/p>\n<p class=\"p1\"><span class=\"s1\">Opzionalmente puoi aggiungere un <\/span><span class=\"s2\">termometro e igrometro<\/span><span class=\"s1\">  per tenere sotto controllo i valori. A seconda della temperatura ambiente, un ulteriore   <\/span><span class=\"s2\">Tappeto riscaldante<\/span><span class=\"s1\">per creare condizioni costanti. L&#8217;uso di un tappetino riscaldante regolabile \u00e8 particolarmente pratico, in quanto puoi impostare la temperatura in modo preciso. <\/span><\/p>\n<p class=\"p1\"><span class=\"s1\">Il set \u00e8 facile da usare e ti fa risparmiare molto tempo durante la configurazione. Si tratta di una soluzione immediatamente utilizzabile che rende la vita pi\u00f9 facile sia ai principianti che ai custodi pi\u00f9 esperti. <\/span><\/p>\n<p><strong>Contenuto della fornitura:<\/strong><br \/>\n1x contenitore 39 x 28 x 28 cm \/ 22L<br \/>\n2x griglia di ventilazione in plastica \u00d8 5 cm<br \/>\n4x clip di chiusura<br \/>\n1x 6 litri di humus forestale sterilizzato<br \/>\n1x 1 litro di legno marcio bianco<br \/>\n1x 1 litro di foglie di cibo<br \/>\n1x 250 ml di muschio<br \/>\n1x corteccia di sughero L<br \/>\n1x adesivo \"nome della specie\"<\/p>\n","protected":false},"excerpt":{"rendered":"<p>Set completo di scarafaggi Insektenliebe - habitat pronto per le specie tropicali Il Il set completo per scarafaggi Insektenliebe ti offre una soluzione completamente studiata per l&#8217;allevamento di scarafaggi subtropicali e tropicali. Puoi iniziare subito perch\u00e9 tutti i componenti pi\u00f9 importanti sono gi\u00e0 inclusi. Il robusto box in plastica garantisce stabilit\u00e0 e sicurezza. Allo stesso [&hellip;]<\/p>\n","protected":false},"featured_media":197120,"template":"","meta":{"_acf_changed":false},"product-supplier":[],"product_brand":[2853],"product_cat":[2854],"product_tag":[],"lce-checkout-addons":[],"class_list":{"0":"post-187148","1":"product","2":"type-product","3":"status-publish","4":"has-post-thumbnail","6":"product_brand-insektenliebe","7":"product_cat-set-completo","8":"product_shipping_class-equipment-shipping","10":"first","11":"instock","12":"taxable","13":"shipping-taxable","14":"purchasable","15":"product-type-simple"},"acf":[],"yoast_head":"<!-- This site is optimized with the Yoast SEO plugin v27.3 - https:\/\/yoast.com\/product\/yoast-seo-wordpress\/ -->\n<title>Set completo Insektenliebe Scarafaggio - Insektenliebe<\/title>\n<meta name=\"description\" content=\"Set completo per scarafaggi Insektenliebe - terrario pronto con substrato, sughero e accessori per scarafaggi tropicali e subtropicali.\" \/>\n<meta name=\"robots\" content=\"index, follow, max-snippet:-1, max-image-preview:large, max-video-preview:-1\" \/>\n<link rel=\"canonical\" href=\"https:\/\/insektenliebe.com\/it\/shop\/prodotto\/set-completo-insektenliebe-scarafaggio\/\" \/>\n<meta property=\"og:locale\" content=\"it_IT\" \/>\n<meta property=\"og:type\" content=\"article\" \/>\n<meta property=\"og:title\" content=\"Set completo Insektenliebe Scarafaggio - Insektenliebe\" \/>\n<meta property=\"og:description\" content=\"Set completo per scarafaggi Insektenliebe - terrario pronto con substrato, sughero e accessori per scarafaggi tropicali e subtropicali.\" \/>\n<meta property=\"og:url\" content=\"https:\/\/insektenliebe.com\/it\/shop\/prodotto\/set-completo-insektenliebe-scarafaggio\/\" \/>\n<meta property=\"og:site_name\" content=\"Insektenliebe\" \/>\n<meta property=\"article:modified_time\" content=\"2026-04-01T12:06:21+00:00\" \/>\n<meta property=\"og:image\" content=\"https:\/\/insektenliebe.com\/wp-content\/uploads\/2022\/12\/Insektenliebe-Schaben-Komplettset-4.jpg\" \/>\n\t<meta property=\"og:image:width\" content=\"820\" \/>\n\t<meta property=\"og:image:height\" content=\"820\" \/>\n\t<meta property=\"og:image:type\" content=\"image\/jpeg\" \/>\n<meta name=\"twitter:card\" content=\"summary_large_image\" \/>\n<meta name=\"twitter:label1\" content=\"Tempo di lettura stimato\" \/>\n\t<meta name=\"twitter:data1\" content=\"2 minuto\" \/>\n<script type=\"application\/ld+json\" class=\"yoast-schema-graph\">{\"@context\":\"https:\\\/\\\/schema.org\",\"@graph\":[{\"@type\":\"WebPage\",\"@id\":\"https:\\\/\\\/insektenliebe.com\\\/it\\\/shop\\\/prodotto\\\/set-completo-insektenliebe-scarafaggio\\\/\",\"url\":\"https:\\\/\\\/insektenliebe.com\\\/it\\\/shop\\\/prodotto\\\/set-completo-insektenliebe-scarafaggio\\\/\",\"name\":\"Set completo Insektenliebe Scarafaggio - Insektenliebe\",\"isPartOf\":{\"@id\":\"https:\\\/\\\/insektenliebe.com\\\/it\\\/#website\"},\"primaryImageOfPage\":{\"@id\":\"https:\\\/\\\/insektenliebe.com\\\/it\\\/shop\\\/prodotto\\\/set-completo-insektenliebe-scarafaggio\\\/#primaryimage\"},\"image\":{\"@id\":\"https:\\\/\\\/insektenliebe.com\\\/it\\\/shop\\\/prodotto\\\/set-completo-insektenliebe-scarafaggio\\\/#primaryimage\"},\"thumbnailUrl\":\"https:\\\/\\\/insektenliebe.com\\\/wp-content\\\/uploads\\\/2022\\\/12\\\/Insektenliebe-Schaben-Komplettset-5.jpg\",\"datePublished\":\"2022-12-07T15:50:08+00:00\",\"dateModified\":\"2026-04-01T12:06:21+00:00\",\"description\":\"Set completo per scarafaggi Insektenliebe - terrario pronto con substrato, sughero e accessori per scarafaggi tropicali e subtropicali.\",\"breadcrumb\":{\"@id\":\"https:\\\/\\\/insektenliebe.com\\\/it\\\/shop\\\/prodotto\\\/set-completo-insektenliebe-scarafaggio\\\/#breadcrumb\"},\"inLanguage\":\"it-IT\",\"potentialAction\":[{\"@type\":\"ReadAction\",\"target\":[\"https:\\\/\\\/insektenliebe.com\\\/it\\\/shop\\\/prodotto\\\/set-completo-insektenliebe-scarafaggio\\\/\"]}]},{\"@type\":\"ImageObject\",\"inLanguage\":\"it-IT\",\"@id\":\"https:\\\/\\\/insektenliebe.com\\\/it\\\/shop\\\/prodotto\\\/set-completo-insektenliebe-scarafaggio\\\/#primaryimage\",\"url\":\"https:\\\/\\\/insektenliebe.com\\\/wp-content\\\/uploads\\\/2022\\\/12\\\/Insektenliebe-Schaben-Komplettset-5.jpg\",\"contentUrl\":\"https:\\\/\\\/insektenliebe.com\\\/wp-content\\\/uploads\\\/2022\\\/12\\\/Insektenliebe-Schaben-Komplettset-5.jpg\",\"width\":820,\"height\":820,\"caption\":\"Insektenliebe Schaben-Komplettset\"},{\"@type\":\"BreadcrumbList\",\"@id\":\"https:\\\/\\\/insektenliebe.com\\\/it\\\/shop\\\/prodotto\\\/set-completo-insektenliebe-scarafaggio\\\/#breadcrumb\",\"itemListElement\":[{\"@type\":\"ListItem\",\"position\":1,\"name\":\"Startseite\",\"item\":\"https:\\\/\\\/insektenliebe.com\\\/it\\\/\"},{\"@type\":\"ListItem\",\"position\":2,\"name\":\"Negozio\",\"item\":\"https:\\\/\\\/insektenliebe.com\\\/it\\\/negozio\\\/\"},{\"@type\":\"ListItem\",\"position\":3,\"name\":\"Set completo Insektenliebe Scarafaggio\"}]},{\"@type\":\"WebSite\",\"@id\":\"https:\\\/\\\/insektenliebe.com\\\/it\\\/#website\",\"url\":\"https:\\\/\\\/insektenliebe.com\\\/it\\\/\",\"name\":\"Insektenliebe\",\"description\":\"Dein Zuhause f\u00fcr die kleinen Lebewesen\",\"publisher\":{\"@id\":\"https:\\\/\\\/insektenliebe.com\\\/it\\\/#organization\"},\"potentialAction\":[{\"@type\":\"SearchAction\",\"target\":{\"@type\":\"EntryPoint\",\"urlTemplate\":\"https:\\\/\\\/insektenliebe.com\\\/it\\\/?s={search_term_string}\"},\"query-input\":{\"@type\":\"PropertyValueSpecification\",\"valueRequired\":true,\"valueName\":\"search_term_string\"}}],\"inLanguage\":\"it-IT\"},{\"@type\":\"Organization\",\"@id\":\"https:\\\/\\\/insektenliebe.com\\\/it\\\/#organization\",\"name\":\"Insektenliebe\",\"url\":\"https:\\\/\\\/insektenliebe.com\\\/it\\\/\",\"logo\":{\"@type\":\"ImageObject\",\"inLanguage\":\"it-IT\",\"@id\":\"https:\\\/\\\/insektenliebe.com\\\/it\\\/#\\\/schema\\\/logo\\\/image\\\/\",\"url\":\"https:\\\/\\\/insektenliebe.com\\\/wp-content\\\/uploads\\\/2025\\\/03\\\/logo-white.png\",\"contentUrl\":\"https:\\\/\\\/insektenliebe.com\\\/wp-content\\\/uploads\\\/2025\\\/03\\\/logo-white.png\",\"width\":288,\"height\":188,\"caption\":\"Insektenliebe\"},\"image\":{\"@id\":\"https:\\\/\\\/insektenliebe.com\\\/it\\\/#\\\/schema\\\/logo\\\/image\\\/\"}}]}<\/script>\n<!-- \/ Yoast SEO plugin. -->","yoast_head_json":{"title":"Set completo Insektenliebe Scarafaggio - Insektenliebe","description":"Set completo per scarafaggi Insektenliebe - terrario pronto con substrato, sughero e accessori per scarafaggi tropicali e subtropicali.","robots":{"index":"index","follow":"follow","max-snippet":"max-snippet:-1","max-image-preview":"max-image-preview:large","max-video-preview":"max-video-preview:-1"},"canonical":"https:\/\/insektenliebe.com\/it\/shop\/prodotto\/set-completo-insektenliebe-scarafaggio\/","og_locale":"it_IT","og_type":"article","og_title":"Set completo Insektenliebe Scarafaggio - Insektenliebe","og_description":"Set completo per scarafaggi Insektenliebe - terrario pronto con substrato, sughero e accessori per scarafaggi tropicali e subtropicali.","og_url":"https:\/\/insektenliebe.com\/it\/shop\/prodotto\/set-completo-insektenliebe-scarafaggio\/","og_site_name":"Insektenliebe","article_modified_time":"2026-04-01T12:06:21+00:00","og_image":[{"width":820,"height":820,"url":"https:\/\/insektenliebe.com\/wp-content\/uploads\/2022\/12\/Insektenliebe-Schaben-Komplettset-4.jpg","type":"image\/jpeg"}],"twitter_card":"summary_large_image","twitter_misc":{"Tempo di lettura stimato":"2 minuto"},"schema":{"@context":"https:\/\/schema.org","@graph":[{"@type":"WebPage","@id":"https:\/\/insektenliebe.com\/it\/shop\/prodotto\/set-completo-insektenliebe-scarafaggio\/","url":"https:\/\/insektenliebe.com\/it\/shop\/prodotto\/set-completo-insektenliebe-scarafaggio\/","name":"Set completo Insektenliebe Scarafaggio - Insektenliebe","isPartOf":{"@id":"https:\/\/insektenliebe.com\/it\/#website"},"primaryImageOfPage":{"@id":"https:\/\/insektenliebe.com\/it\/shop\/prodotto\/set-completo-insektenliebe-scarafaggio\/#primaryimage"},"image":{"@id":"https:\/\/insektenliebe.com\/it\/shop\/prodotto\/set-completo-insektenliebe-scarafaggio\/#primaryimage"},"thumbnailUrl":"https:\/\/insektenliebe.com\/wp-content\/uploads\/2022\/12\/Insektenliebe-Schaben-Komplettset-5.jpg","datePublished":"2022-12-07T15:50:08+00:00","dateModified":"2026-04-01T12:06:21+00:00","description":"Set completo per scarafaggi Insektenliebe - terrario pronto con substrato, sughero e accessori per scarafaggi tropicali e subtropicali.","breadcrumb":{"@id":"https:\/\/insektenliebe.com\/it\/shop\/prodotto\/set-completo-insektenliebe-scarafaggio\/#breadcrumb"},"inLanguage":"it-IT","potentialAction":[{"@type":"ReadAction","target":["https:\/\/insektenliebe.com\/it\/shop\/prodotto\/set-completo-insektenliebe-scarafaggio\/"]}]},{"@type":"ImageObject","inLanguage":"it-IT","@id":"https:\/\/insektenliebe.com\/it\/shop\/prodotto\/set-completo-insektenliebe-scarafaggio\/#primaryimage","url":"https:\/\/insektenliebe.com\/wp-content\/uploads\/2022\/12\/Insektenliebe-Schaben-Komplettset-5.jpg","contentUrl":"https:\/\/insektenliebe.com\/wp-content\/uploads\/2022\/12\/Insektenliebe-Schaben-Komplettset-5.jpg","width":820,"height":820,"caption":"Insektenliebe Schaben-Komplettset"},{"@type":"BreadcrumbList","@id":"https:\/\/insektenliebe.com\/it\/shop\/prodotto\/set-completo-insektenliebe-scarafaggio\/#breadcrumb","itemListElement":[{"@type":"ListItem","position":1,"name":"Startseite","item":"https:\/\/insektenliebe.com\/it\/"},{"@type":"ListItem","position":2,"name":"Negozio","item":"https:\/\/insektenliebe.com\/it\/negozio\/"},{"@type":"ListItem","position":3,"name":"Set completo Insektenliebe Scarafaggio"}]},{"@type":"WebSite","@id":"https:\/\/insektenliebe.com\/it\/#website","url":"https:\/\/insektenliebe.com\/it\/","name":"Insektenliebe","description":"Dein Zuhause f\u00fcr die kleinen Lebewesen","publisher":{"@id":"https:\/\/insektenliebe.com\/it\/#organization"},"potentialAction":[{"@type":"SearchAction","target":{"@type":"EntryPoint","urlTemplate":"https:\/\/insektenliebe.com\/it\/?s={search_term_string}"},"query-input":{"@type":"PropertyValueSpecification","valueRequired":true,"valueName":"search_term_string"}}],"inLanguage":"it-IT"},{"@type":"Organization","@id":"https:\/\/insektenliebe.com\/it\/#organization","name":"Insektenliebe","url":"https:\/\/insektenliebe.com\/it\/","logo":{"@type":"ImageObject","inLanguage":"it-IT","@id":"https:\/\/insektenliebe.com\/it\/#\/schema\/logo\/image\/","url":"https:\/\/insektenliebe.com\/wp-content\/uploads\/2025\/03\/logo-white.png","contentUrl":"https:\/\/insektenliebe.com\/wp-content\/uploads\/2025\/03\/logo-white.png","width":288,"height":188,"caption":"Insektenliebe"},"image":{"@id":"https:\/\/insektenliebe.com\/it\/#\/schema\/logo\/image\/"}}]}},"_links":{"self":[{"href":"https:\/\/insektenliebe.com\/it\/wp-json\/wp\/v2\/product\/187148","targetHints":{"allow":["GET"]}}],"collection":[{"href":"https:\/\/insektenliebe.com\/it\/wp-json\/wp\/v2\/product"}],"about":[{"href":"https:\/\/insektenliebe.com\/it\/wp-json\/wp\/v2\/types\/product"}],"wp:featuredmedia":[{"embeddable":true,"href":"https:\/\/insektenliebe.com\/it\/wp-json\/wp\/v2\/media\/197120"}],"wp:attachment":[{"href":"https:\/\/insektenliebe.com\/it\/wp-json\/wp\/v2\/media?parent=187148"}],"wp:term":[{"taxonomy":"product-supplier","embeddable":true,"href":"https:\/\/insektenliebe.com\/it\/wp-json\/wp\/v2\/product-supplier?post=187148"},{"taxonomy":"product_brand","embeddable":true,"href":"https:\/\/insektenliebe.com\/it\/wp-json\/wp\/v2\/product_brand?post=187148"},{"taxonomy":"product_cat","embeddable":true,"href":"https:\/\/insektenliebe.com\/it\/wp-json\/wp\/v2\/product_cat?post=187148"},{"taxonomy":"product_tag","embeddable":true,"href":"https:\/\/insektenliebe.com\/it\/wp-json\/wp\/v2\/product_tag?post=187148"},{"taxonomy":"lce-checkout-addons","embeddable":true,"href":"https:\/\/insektenliebe.com\/it\/wp-json\/wp\/v2\/lce-checkout-addons?post=187148"}],"curies":[{"name":"wp","href":"https:\/\/api.w.org\/{rel}","templated":true}]}}