{"id":187132,"date":"2023-01-26T13:04:54","date_gmt":"2023-01-26T11:04:54","guid":{"rendered":"https:\/\/insektenliebe.com\/shop\/produkt\/foglie-di-bambu\/"},"modified":"2026-03-07T17:07:21","modified_gmt":"2026-03-07T16:07:21","slug":"foglie-di-bambu","status":"publish","type":"product","link":"https:\/\/insektenliebe.com\/it\/shop\/prodotto\/foglie-di-bambu\/","title":{"rendered":"Foglie di bamb\u00f9"},"content":{"rendered":"<h3><span class=\"s1\" style=\"color: #99cc33;\">Foglie di bamb\u00f9 - Fogliame naturale per il tuo terrario<\/span><\/h3>\n<p class=\"p1\"><strong><span class=\"s1\">Foglie di bamb\u00f9<\/span><\/strong><span class=\"s2\">  sono un&#8217;aggiunta naturale e decorativa a molti terrari. Come   <\/span><span class=\"s1\">strato superiore sul substrato<\/span><span class=\"s2\"> creano un aspetto particolarmente naturale e conferiscono al tuo terrario un autentico carattere asiatico.<\/span><\/p>\n<p class=\"p1\"><span class=\"s2\">Le foglie non hanno solo uno scopo decorativo. Allo stesso tempo, creano   <\/span><span class=\"s1\">Ulteriori nascondigli<\/span><span class=\"s2\">  per molti abitanti del terrario. Gli animali pi\u00f9 piccoli, in particolare, amano usare il fogliame come rifugio o protezione dalla luce e dai disturbi. <\/span><\/p>\n<p class=\"p1\"><span class=\"s2\">Un altro vantaggio \u00e8 la <\/span><span class=\"s1\">influenza positiva sul clima del terrario<\/span><span class=\"s2\">. Le <strong>foglie di bamb\u00f9<\/strong> coprono parte del terreno, evitando che il substrato si asciughi troppo rapidamente. Allo stesso tempo, sotto lo strato di foglie si crea un microclima stabile con un&#8217;umidit\u00e0 leggermente superiore. <\/span><\/p>\n<p class=\"p1\"><span class=\"s2\">In particolare <\/span><span class=\"s1\">Primo decompositore<\/span><span class=\"s2\">  beneficiano di questa struttura naturale. Animali come   <\/span><span class=\"s1\">Piroditori, code di primavera o millepiedi<\/span><span class=\"s2\">  utilizzano le foglie di bamb\u00f9 non solo come nascondiglio, ma anche come ulteriore fonte di cibo. Con il tempo, il fogliame si decompone e contribuisce all&#8217;apporto naturale di nutrienti nel substrato del terreno. <\/span><\/p>\n<p class=\"p1\"><span class=\"s2\">Il fogliame del bamb\u00f9 supporta cos\u00ec un <\/span><span class=\"s1\">un ecosistema terrario funzionante<\/span><span class=\"s2\">. Allo stesso tempo, il fogliame ha un aspetto molto naturale e si sposa particolarmente bene con i paesaggi dei terrari asiatici.<\/span><\/p>\n<p class=\"p1\"><span class=\"s2\">Essendo un prodotto <\/span><span class=\"s1\">prodotto naturale<\/span><span class=\"s2\">  le foglie differiscono per dimensioni, forma e colore. Tuttavia, sono proprio queste differenze a conferire loro un carattere naturale e a far s\u00ec che ogni terrario abbia un aspetto individuale. <\/span><\/p>\n<p class=\"p1\"><span class=\"s2\">Con <\/span><strong><span class=\"s1\">foglie di bamb\u00f9<\/span><\/strong><span class=\"s2\"> crea uno strato superiore naturale che \u00e8 sia decorativo che funzionale per il tuo terrario.<\/span><\/p>\n","protected":false},"excerpt":{"rendered":"<p>Foglie di bamb\u00f9 - Fogliame naturale per il tuo terrario Foglie di bamb\u00f9 sono un&#8217;aggiunta naturale e decorativa a molti terrari. Come strato superiore sul substrato creano un aspetto particolarmente naturale e conferiscono al tuo terrario un autentico carattere asiatico. Le foglie non hanno solo uno scopo decorativo. Allo stesso tempo, creano Ulteriori nascondigli per [&hellip;]<\/p>\n","protected":false},"featured_media":185959,"template":"","meta":{"_acf_changed":false},"product-supplier":[],"product_brand":[],"product_cat":[2740,2815],"product_tag":[],"lce-checkout-addons":[],"class_list":{"0":"post-187132","1":"product","2":"type-product","3":"status-publish","4":"has-post-thumbnail","6":"product_cat-arredamento-e-decorazione","7":"product_cat-cibo-e-calcio","8":"product_shipping_class-equipment-shipping","10":"first","11":"instock","12":"taxable","13":"shipping-taxable","14":"purchasable","15":"product-type-variable"},"acf":[],"yoast_head":"<!-- This site is optimized with the Yoast SEO plugin v27.3 - https:\/\/yoast.com\/product\/yoast-seo-wordpress\/ -->\n<title>Foglie di bamb\u00f9 - Insektenliebe<\/title>\n<meta name=\"description\" content=\"Foglie di bamb\u00f9 per terrari - strato di fogliame naturale per terrari asiatici. Nascondiglio, cibo e riserva di umidit\u00e0 per gli abitanti del fondo.\" \/>\n<meta name=\"robots\" content=\"index, follow, max-snippet:-1, max-image-preview:large, max-video-preview:-1\" \/>\n<link rel=\"canonical\" href=\"https:\/\/insektenliebe.com\/it\/shop\/prodotto\/foglie-di-bambu\/\" \/>\n<meta property=\"og:locale\" content=\"it_IT\" \/>\n<meta property=\"og:type\" content=\"article\" \/>\n<meta property=\"og:title\" content=\"Foglie di bamb\u00f9 - Insektenliebe\" \/>\n<meta property=\"og:description\" content=\"Foglie di bamb\u00f9 per terrari - strato di fogliame naturale per terrari asiatici. Nascondiglio, cibo e riserva di umidit\u00e0 per gli abitanti del fondo.\" \/>\n<meta property=\"og:url\" content=\"https:\/\/insektenliebe.com\/it\/shop\/prodotto\/foglie-di-bambu\/\" \/>\n<meta property=\"og:site_name\" content=\"Insektenliebe\" \/>\n<meta property=\"article:modified_time\" content=\"2026-03-07T16:07:21+00:00\" \/>\n<meta property=\"og:image\" content=\"https:\/\/insektenliebe.com\/wp-content\/uploads\/2025\/05\/Bambusblaetter-2.jpg\" \/>\n\t<meta property=\"og:image:width\" content=\"820\" \/>\n\t<meta property=\"og:image:height\" content=\"820\" \/>\n\t<meta property=\"og:image:type\" content=\"image\/jpeg\" \/>\n<meta name=\"twitter:card\" content=\"summary_large_image\" \/>\n<meta name=\"twitter:label1\" content=\"Tempo di lettura stimato\" \/>\n\t<meta name=\"twitter:data1\" content=\"1 minuto\" \/>\n<script type=\"application\/ld+json\" class=\"yoast-schema-graph\">{\"@context\":\"https:\\\/\\\/schema.org\",\"@graph\":[{\"@type\":\"WebPage\",\"@id\":\"https:\\\/\\\/insektenliebe.com\\\/it\\\/shop\\\/prodotto\\\/foglie-di-bambu\\\/\",\"url\":\"https:\\\/\\\/insektenliebe.com\\\/it\\\/shop\\\/prodotto\\\/foglie-di-bambu\\\/\",\"name\":\"Foglie di bamb\u00f9 - Insektenliebe\",\"isPartOf\":{\"@id\":\"https:\\\/\\\/insektenliebe.com\\\/it\\\/#website\"},\"primaryImageOfPage\":{\"@id\":\"https:\\\/\\\/insektenliebe.com\\\/it\\\/shop\\\/prodotto\\\/foglie-di-bambu\\\/#primaryimage\"},\"image\":{\"@id\":\"https:\\\/\\\/insektenliebe.com\\\/it\\\/shop\\\/prodotto\\\/foglie-di-bambu\\\/#primaryimage\"},\"thumbnailUrl\":\"https:\\\/\\\/insektenliebe.com\\\/wp-content\\\/uploads\\\/2025\\\/05\\\/Bambusblaetter-2.jpg\",\"datePublished\":\"2023-01-26T11:04:54+00:00\",\"dateModified\":\"2026-03-07T16:07:21+00:00\",\"description\":\"Foglie di bamb\u00f9 per terrari - strato di fogliame naturale per terrari asiatici. Nascondiglio, cibo e riserva di umidit\u00e0 per gli abitanti del fondo.\",\"breadcrumb\":{\"@id\":\"https:\\\/\\\/insektenliebe.com\\\/it\\\/shop\\\/prodotto\\\/foglie-di-bambu\\\/#breadcrumb\"},\"inLanguage\":\"it-IT\",\"potentialAction\":[{\"@type\":\"ReadAction\",\"target\":[\"https:\\\/\\\/insektenliebe.com\\\/it\\\/shop\\\/prodotto\\\/foglie-di-bambu\\\/\"]}]},{\"@type\":\"ImageObject\",\"inLanguage\":\"it-IT\",\"@id\":\"https:\\\/\\\/insektenliebe.com\\\/it\\\/shop\\\/prodotto\\\/foglie-di-bambu\\\/#primaryimage\",\"url\":\"https:\\\/\\\/insektenliebe.com\\\/wp-content\\\/uploads\\\/2025\\\/05\\\/Bambusblaetter-2.jpg\",\"contentUrl\":\"https:\\\/\\\/insektenliebe.com\\\/wp-content\\\/uploads\\\/2025\\\/05\\\/Bambusblaetter-2.jpg\",\"width\":820,\"height\":820,\"caption\":\"Foglie di bamb\u00f9-2.jpg\"},{\"@type\":\"BreadcrumbList\",\"@id\":\"https:\\\/\\\/insektenliebe.com\\\/it\\\/shop\\\/prodotto\\\/foglie-di-bambu\\\/#breadcrumb\",\"itemListElement\":[{\"@type\":\"ListItem\",\"position\":1,\"name\":\"Startseite\",\"item\":\"https:\\\/\\\/insektenliebe.com\\\/it\\\/\"},{\"@type\":\"ListItem\",\"position\":2,\"name\":\"Negozio\",\"item\":\"https:\\\/\\\/insektenliebe.com\\\/it\\\/negozio\\\/\"},{\"@type\":\"ListItem\",\"position\":3,\"name\":\"Foglie di bamb\u00f9\"}]},{\"@type\":\"WebSite\",\"@id\":\"https:\\\/\\\/insektenliebe.com\\\/it\\\/#website\",\"url\":\"https:\\\/\\\/insektenliebe.com\\\/it\\\/\",\"name\":\"Insektenliebe\",\"description\":\"Dein Zuhause f\u00fcr die kleinen Lebewesen\",\"publisher\":{\"@id\":\"https:\\\/\\\/insektenliebe.com\\\/it\\\/#organization\"},\"potentialAction\":[{\"@type\":\"SearchAction\",\"target\":{\"@type\":\"EntryPoint\",\"urlTemplate\":\"https:\\\/\\\/insektenliebe.com\\\/it\\\/?s={search_term_string}\"},\"query-input\":{\"@type\":\"PropertyValueSpecification\",\"valueRequired\":true,\"valueName\":\"search_term_string\"}}],\"inLanguage\":\"it-IT\"},{\"@type\":\"Organization\",\"@id\":\"https:\\\/\\\/insektenliebe.com\\\/it\\\/#organization\",\"name\":\"Insektenliebe\",\"url\":\"https:\\\/\\\/insektenliebe.com\\\/it\\\/\",\"logo\":{\"@type\":\"ImageObject\",\"inLanguage\":\"it-IT\",\"@id\":\"https:\\\/\\\/insektenliebe.com\\\/it\\\/#\\\/schema\\\/logo\\\/image\\\/\",\"url\":\"https:\\\/\\\/insektenliebe.com\\\/wp-content\\\/uploads\\\/2025\\\/03\\\/logo-white.png\",\"contentUrl\":\"https:\\\/\\\/insektenliebe.com\\\/wp-content\\\/uploads\\\/2025\\\/03\\\/logo-white.png\",\"width\":288,\"height\":188,\"caption\":\"Insektenliebe\"},\"image\":{\"@id\":\"https:\\\/\\\/insektenliebe.com\\\/it\\\/#\\\/schema\\\/logo\\\/image\\\/\"}}]}<\/script>\n<!-- \/ Yoast SEO plugin. -->","yoast_head_json":{"title":"Foglie di bamb\u00f9 - Insektenliebe","description":"Foglie di bamb\u00f9 per terrari - strato di fogliame naturale per terrari asiatici. Nascondiglio, cibo e riserva di umidit\u00e0 per gli abitanti del fondo.","robots":{"index":"index","follow":"follow","max-snippet":"max-snippet:-1","max-image-preview":"max-image-preview:large","max-video-preview":"max-video-preview:-1"},"canonical":"https:\/\/insektenliebe.com\/it\/shop\/prodotto\/foglie-di-bambu\/","og_locale":"it_IT","og_type":"article","og_title":"Foglie di bamb\u00f9 - Insektenliebe","og_description":"Foglie di bamb\u00f9 per terrari - strato di fogliame naturale per terrari asiatici. Nascondiglio, cibo e riserva di umidit\u00e0 per gli abitanti del fondo.","og_url":"https:\/\/insektenliebe.com\/it\/shop\/prodotto\/foglie-di-bambu\/","og_site_name":"Insektenliebe","article_modified_time":"2026-03-07T16:07:21+00:00","og_image":[{"width":820,"height":820,"url":"https:\/\/insektenliebe.com\/wp-content\/uploads\/2025\/05\/Bambusblaetter-2.jpg","type":"image\/jpeg"}],"twitter_card":"summary_large_image","twitter_misc":{"Tempo di lettura stimato":"1 minuto"},"schema":{"@context":"https:\/\/schema.org","@graph":[{"@type":"WebPage","@id":"https:\/\/insektenliebe.com\/it\/shop\/prodotto\/foglie-di-bambu\/","url":"https:\/\/insektenliebe.com\/it\/shop\/prodotto\/foglie-di-bambu\/","name":"Foglie di bamb\u00f9 - Insektenliebe","isPartOf":{"@id":"https:\/\/insektenliebe.com\/it\/#website"},"primaryImageOfPage":{"@id":"https:\/\/insektenliebe.com\/it\/shop\/prodotto\/foglie-di-bambu\/#primaryimage"},"image":{"@id":"https:\/\/insektenliebe.com\/it\/shop\/prodotto\/foglie-di-bambu\/#primaryimage"},"thumbnailUrl":"https:\/\/insektenliebe.com\/wp-content\/uploads\/2025\/05\/Bambusblaetter-2.jpg","datePublished":"2023-01-26T11:04:54+00:00","dateModified":"2026-03-07T16:07:21+00:00","description":"Foglie di bamb\u00f9 per terrari - strato di fogliame naturale per terrari asiatici. Nascondiglio, cibo e riserva di umidit\u00e0 per gli abitanti del fondo.","breadcrumb":{"@id":"https:\/\/insektenliebe.com\/it\/shop\/prodotto\/foglie-di-bambu\/#breadcrumb"},"inLanguage":"it-IT","potentialAction":[{"@type":"ReadAction","target":["https:\/\/insektenliebe.com\/it\/shop\/prodotto\/foglie-di-bambu\/"]}]},{"@type":"ImageObject","inLanguage":"it-IT","@id":"https:\/\/insektenliebe.com\/it\/shop\/prodotto\/foglie-di-bambu\/#primaryimage","url":"https:\/\/insektenliebe.com\/wp-content\/uploads\/2025\/05\/Bambusblaetter-2.jpg","contentUrl":"https:\/\/insektenliebe.com\/wp-content\/uploads\/2025\/05\/Bambusblaetter-2.jpg","width":820,"height":820,"caption":"Foglie di bamb\u00f9-2.jpg"},{"@type":"BreadcrumbList","@id":"https:\/\/insektenliebe.com\/it\/shop\/prodotto\/foglie-di-bambu\/#breadcrumb","itemListElement":[{"@type":"ListItem","position":1,"name":"Startseite","item":"https:\/\/insektenliebe.com\/it\/"},{"@type":"ListItem","position":2,"name":"Negozio","item":"https:\/\/insektenliebe.com\/it\/negozio\/"},{"@type":"ListItem","position":3,"name":"Foglie di bamb\u00f9"}]},{"@type":"WebSite","@id":"https:\/\/insektenliebe.com\/it\/#website","url":"https:\/\/insektenliebe.com\/it\/","name":"Insektenliebe","description":"Dein Zuhause f\u00fcr die kleinen Lebewesen","publisher":{"@id":"https:\/\/insektenliebe.com\/it\/#organization"},"potentialAction":[{"@type":"SearchAction","target":{"@type":"EntryPoint","urlTemplate":"https:\/\/insektenliebe.com\/it\/?s={search_term_string}"},"query-input":{"@type":"PropertyValueSpecification","valueRequired":true,"valueName":"search_term_string"}}],"inLanguage":"it-IT"},{"@type":"Organization","@id":"https:\/\/insektenliebe.com\/it\/#organization","name":"Insektenliebe","url":"https:\/\/insektenliebe.com\/it\/","logo":{"@type":"ImageObject","inLanguage":"it-IT","@id":"https:\/\/insektenliebe.com\/it\/#\/schema\/logo\/image\/","url":"https:\/\/insektenliebe.com\/wp-content\/uploads\/2025\/03\/logo-white.png","contentUrl":"https:\/\/insektenliebe.com\/wp-content\/uploads\/2025\/03\/logo-white.png","width":288,"height":188,"caption":"Insektenliebe"},"image":{"@id":"https:\/\/insektenliebe.com\/it\/#\/schema\/logo\/image\/"}}]}},"_links":{"self":[{"href":"https:\/\/insektenliebe.com\/it\/wp-json\/wp\/v2\/product\/187132","targetHints":{"allow":["GET"]}}],"collection":[{"href":"https:\/\/insektenliebe.com\/it\/wp-json\/wp\/v2\/product"}],"about":[{"href":"https:\/\/insektenliebe.com\/it\/wp-json\/wp\/v2\/types\/product"}],"wp:featuredmedia":[{"embeddable":true,"href":"https:\/\/insektenliebe.com\/it\/wp-json\/wp\/v2\/media\/185959"}],"wp:attachment":[{"href":"https:\/\/insektenliebe.com\/it\/wp-json\/wp\/v2\/media?parent=187132"}],"wp:term":[{"taxonomy":"product-supplier","embeddable":true,"href":"https:\/\/insektenliebe.com\/it\/wp-json\/wp\/v2\/product-supplier?post=187132"},{"taxonomy":"product_brand","embeddable":true,"href":"https:\/\/insektenliebe.com\/it\/wp-json\/wp\/v2\/product_brand?post=187132"},{"taxonomy":"product_cat","embeddable":true,"href":"https:\/\/insektenliebe.com\/it\/wp-json\/wp\/v2\/product_cat?post=187132"},{"taxonomy":"product_tag","embeddable":true,"href":"https:\/\/insektenliebe.com\/it\/wp-json\/wp\/v2\/product_tag?post=187132"},{"taxonomy":"lce-checkout-addons","embeddable":true,"href":"https:\/\/insektenliebe.com\/it\/wp-json\/wp\/v2\/lce-checkout-addons?post=187132"}],"curies":[{"name":"wp","href":"https:\/\/api.w.org\/{rel}","templated":true}]}}