{"id":187112,"date":"2023-01-29T11:03:11","date_gmt":"2023-01-29T09:03:11","guid":{"rendered":"https:\/\/insektenliebe.com\/shop\/produkt\/radice-di-mangrovia\/"},"modified":"2026-03-05T11:02:59","modified_gmt":"2026-03-05T10:02:59","slug":"radice-di-mangrovia","status":"publish","type":"product","link":"https:\/\/insektenliebe.com\/it\/shop\/prodotto\/radice-di-mangrovia\/","title":{"rendered":"Radice di mangrovia"},"content":{"rendered":"<h3 class=\"p1\"><span style=\"color: #99cc33\"><strong><span class=\"s1\">Ideale per i terrari umidi: Legno di mangrovia come decorazione<\/span><\/strong><\/span><\/h3>\n<p class=\"p1\"><span class=\"s1\">La <strong>radice di mangrovia<\/strong> \u00e8 un esemplare naturale davvero unico ed \u00e8 uno dei legni pi\u00f9 popolari nei terrari - e a ragione. Con la sua struttura nodosa e spesso dalla forma bizzarra, non solo aggiunge un tocco visivo al tuo terrario, ma crea anche un habitat prezioso per i tuoi animali. Che si tratti di isopodi, millepiedi, rane velenose o gechi, la superficie li invita a esplorare, arrampicarsi e nascondersi. La <strong>radice di mangrovia<\/strong> si rivela particolarmente adatta agli ambienti tropicali e subtropicali.   <\/span><\/p>\n<p class=\"p1\"><span class=\"s1\">Il suo elevato peso morto fa s\u00ec che rimanga in piedi in modo sicuro, anche in un substrato umido. Mantiene la sua forma, marcisce lentamente e pu\u00f2 essere utilizzato nel terrario senza esitazioni. La sua struttura densa e la sua superficie ruvida la rendono ideale come base per la crescita di muschi o epifite, che possono letteralmente aggrapparsi ai rami. La <strong>radice di mangrovia<\/strong> pu\u00f2 anche essere meravigliosamente integrata in un layout quasi naturale in combinazione con humus, roccia lavica o legno di ragno.   <\/span><\/p>\n<p class=\"p1\"><span class=\"s1\">A differenza di molti altri legni, la <strong>radice di mangrovia<\/strong> \u00e8 estremamente resistente: una vera e propria affermazione per un arredamento sostenibile. La sua colorazione scura, solitamente marrone-rossastra, aggiunge profondit\u00e0 e contrasto a qualsiasi allestimento. La superficie irregolare crea un aspetto particolarmente naturale che enfatizza visivamente gli animali e completa l&#8217;immagine complessiva.  <\/span><\/p>\n<p class=\"p1\"><span class=\"s1\">Puoi utilizzare la radice sia in verticale come elemento rampicante che in orizzontale come centrotavola decorativo. \u00c8 adatta a terrari piccoli e grandi ed \u00e8 disponibile in varie dimensioni. Prima dell&#8217;uso, basta spazzolarla brevemente o sciacquarla con acqua calda.  <\/span><\/p>\n<p class=\"p1\"><span class=\"s1\">Sia come pezzo singolo che in combinazione con altri materiali naturali: con la <strong>radice di mangrovia<\/strong> puoi portare un pezzo di natura selvaggia direttamente nel tuo terrario.<\/span><\/p>\n","protected":false},"excerpt":{"rendered":"<p>Ideale per i terrari umidi: Legno di mangrovia come decorazione La radice di mangrovia \u00e8 un esemplare naturale davvero unico ed \u00e8 uno dei legni pi\u00f9 popolari nei terrari - e a ragione. Con la sua struttura nodosa e spesso dalla forma bizzarra, non solo aggiunge un tocco visivo al tuo terrario, ma crea anche [&hellip;]<\/p>\n","protected":false},"featured_media":187114,"template":"","meta":{"_acf_changed":false},"product-supplier":[],"product_brand":[],"product_cat":[2740],"product_tag":[],"lce-checkout-addons":[],"class_list":{"0":"post-187112","1":"product","2":"type-product","3":"status-publish","4":"has-post-thumbnail","6":"product_cat-arredamento-e-decorazione","7":"product_shipping_class-equipment-shipping","9":"first","10":"instock","11":"taxable","12":"shipping-taxable","13":"purchasable","14":"product-type-variable"},"acf":[],"yoast_head":"<!-- This site is optimized with the Yoast SEO plugin v27.3 - https:\/\/yoast.com\/product\/yoast-seo-wordpress\/ -->\n<title>Radice di mangrovia - Insektenliebe<\/title>\n<meta name=\"description\" content=\"Radice di mangrovia per terrari - decorativa, robusta e ideale per biotopi umidi. Acquistala direttamente online su Insektenliebe ora!\" \/>\n<meta name=\"robots\" content=\"index, follow, max-snippet:-1, max-image-preview:large, max-video-preview:-1\" \/>\n<link rel=\"canonical\" href=\"https:\/\/insektenliebe.com\/it\/shop\/prodotto\/radice-di-mangrovia\/\" \/>\n<meta property=\"og:locale\" content=\"it_IT\" \/>\n<meta property=\"og:type\" content=\"article\" \/>\n<meta property=\"og:title\" content=\"Radice di mangrovia - Insektenliebe\" \/>\n<meta property=\"og:description\" content=\"Radice di mangrovia per terrari - decorativa, robusta e ideale per biotopi umidi. Acquistala direttamente online su Insektenliebe ora!\" \/>\n<meta property=\"og:url\" content=\"https:\/\/insektenliebe.com\/it\/shop\/prodotto\/radice-di-mangrovia\/\" \/>\n<meta property=\"og:site_name\" content=\"Insektenliebe\" \/>\n<meta property=\"article:modified_time\" content=\"2026-03-05T10:02:59+00:00\" \/>\n<meta property=\"og:image\" content=\"https:\/\/insektenliebe.com\/wp-content\/uploads\/2025\/05\/Mangrovenwurzel-2.jpg\" \/>\n\t<meta property=\"og:image:width\" content=\"820\" \/>\n\t<meta property=\"og:image:height\" content=\"820\" \/>\n\t<meta property=\"og:image:type\" content=\"image\/jpeg\" \/>\n<meta name=\"twitter:card\" content=\"summary_large_image\" \/>\n<meta name=\"twitter:label1\" content=\"Tempo di lettura stimato\" \/>\n\t<meta name=\"twitter:data1\" content=\"1 minuto\" \/>\n<script type=\"application\/ld+json\" class=\"yoast-schema-graph\">{\"@context\":\"https:\\\/\\\/schema.org\",\"@graph\":[{\"@type\":\"WebPage\",\"@id\":\"https:\\\/\\\/insektenliebe.com\\\/it\\\/shop\\\/prodotto\\\/radice-di-mangrovia\\\/\",\"url\":\"https:\\\/\\\/insektenliebe.com\\\/it\\\/shop\\\/prodotto\\\/radice-di-mangrovia\\\/\",\"name\":\"Radice di mangrovia - Insektenliebe\",\"isPartOf\":{\"@id\":\"https:\\\/\\\/insektenliebe.com\\\/it\\\/#website\"},\"primaryImageOfPage\":{\"@id\":\"https:\\\/\\\/insektenliebe.com\\\/it\\\/shop\\\/prodotto\\\/radice-di-mangrovia\\\/#primaryimage\"},\"image\":{\"@id\":\"https:\\\/\\\/insektenliebe.com\\\/it\\\/shop\\\/prodotto\\\/radice-di-mangrovia\\\/#primaryimage\"},\"thumbnailUrl\":\"https:\\\/\\\/insektenliebe.com\\\/wp-content\\\/uploads\\\/2025\\\/05\\\/Mangrovenwurzel-2.jpg\",\"datePublished\":\"2023-01-29T09:03:11+00:00\",\"dateModified\":\"2026-03-05T10:02:59+00:00\",\"description\":\"Radice di mangrovia per terrari - decorativa, robusta e ideale per biotopi umidi. Acquistala direttamente online su Insektenliebe ora!\",\"breadcrumb\":{\"@id\":\"https:\\\/\\\/insektenliebe.com\\\/it\\\/shop\\\/prodotto\\\/radice-di-mangrovia\\\/#breadcrumb\"},\"inLanguage\":\"it-IT\",\"potentialAction\":[{\"@type\":\"ReadAction\",\"target\":[\"https:\\\/\\\/insektenliebe.com\\\/it\\\/shop\\\/prodotto\\\/radice-di-mangrovia\\\/\"]}]},{\"@type\":\"ImageObject\",\"inLanguage\":\"it-IT\",\"@id\":\"https:\\\/\\\/insektenliebe.com\\\/it\\\/shop\\\/prodotto\\\/radice-di-mangrovia\\\/#primaryimage\",\"url\":\"https:\\\/\\\/insektenliebe.com\\\/wp-content\\\/uploads\\\/2025\\\/05\\\/Mangrovenwurzel-2.jpg\",\"contentUrl\":\"https:\\\/\\\/insektenliebe.com\\\/wp-content\\\/uploads\\\/2025\\\/05\\\/Mangrovenwurzel-2.jpg\",\"width\":820,\"height\":820,\"caption\":\"Radice di mangrovia-2.jpg\"},{\"@type\":\"BreadcrumbList\",\"@id\":\"https:\\\/\\\/insektenliebe.com\\\/it\\\/shop\\\/prodotto\\\/radice-di-mangrovia\\\/#breadcrumb\",\"itemListElement\":[{\"@type\":\"ListItem\",\"position\":1,\"name\":\"Startseite\",\"item\":\"https:\\\/\\\/insektenliebe.com\\\/it\\\/\"},{\"@type\":\"ListItem\",\"position\":2,\"name\":\"Negozio\",\"item\":\"https:\\\/\\\/insektenliebe.com\\\/it\\\/negozio\\\/\"},{\"@type\":\"ListItem\",\"position\":3,\"name\":\"Radice di mangrovia\"}]},{\"@type\":\"WebSite\",\"@id\":\"https:\\\/\\\/insektenliebe.com\\\/it\\\/#website\",\"url\":\"https:\\\/\\\/insektenliebe.com\\\/it\\\/\",\"name\":\"Insektenliebe\",\"description\":\"Dein Zuhause f\u00fcr die kleinen Lebewesen\",\"publisher\":{\"@id\":\"https:\\\/\\\/insektenliebe.com\\\/it\\\/#organization\"},\"potentialAction\":[{\"@type\":\"SearchAction\",\"target\":{\"@type\":\"EntryPoint\",\"urlTemplate\":\"https:\\\/\\\/insektenliebe.com\\\/it\\\/?s={search_term_string}\"},\"query-input\":{\"@type\":\"PropertyValueSpecification\",\"valueRequired\":true,\"valueName\":\"search_term_string\"}}],\"inLanguage\":\"it-IT\"},{\"@type\":\"Organization\",\"@id\":\"https:\\\/\\\/insektenliebe.com\\\/it\\\/#organization\",\"name\":\"Insektenliebe\",\"url\":\"https:\\\/\\\/insektenliebe.com\\\/it\\\/\",\"logo\":{\"@type\":\"ImageObject\",\"inLanguage\":\"it-IT\",\"@id\":\"https:\\\/\\\/insektenliebe.com\\\/it\\\/#\\\/schema\\\/logo\\\/image\\\/\",\"url\":\"https:\\\/\\\/insektenliebe.com\\\/wp-content\\\/uploads\\\/2025\\\/03\\\/logo-white.png\",\"contentUrl\":\"https:\\\/\\\/insektenliebe.com\\\/wp-content\\\/uploads\\\/2025\\\/03\\\/logo-white.png\",\"width\":288,\"height\":188,\"caption\":\"Insektenliebe\"},\"image\":{\"@id\":\"https:\\\/\\\/insektenliebe.com\\\/it\\\/#\\\/schema\\\/logo\\\/image\\\/\"}}]}<\/script>\n<!-- \/ Yoast SEO plugin. -->","yoast_head_json":{"title":"Radice di mangrovia - Insektenliebe","description":"Radice di mangrovia per terrari - decorativa, robusta e ideale per biotopi umidi. Acquistala direttamente online su Insektenliebe ora!","robots":{"index":"index","follow":"follow","max-snippet":"max-snippet:-1","max-image-preview":"max-image-preview:large","max-video-preview":"max-video-preview:-1"},"canonical":"https:\/\/insektenliebe.com\/it\/shop\/prodotto\/radice-di-mangrovia\/","og_locale":"it_IT","og_type":"article","og_title":"Radice di mangrovia - Insektenliebe","og_description":"Radice di mangrovia per terrari - decorativa, robusta e ideale per biotopi umidi. Acquistala direttamente online su Insektenliebe ora!","og_url":"https:\/\/insektenliebe.com\/it\/shop\/prodotto\/radice-di-mangrovia\/","og_site_name":"Insektenliebe","article_modified_time":"2026-03-05T10:02:59+00:00","og_image":[{"width":820,"height":820,"url":"https:\/\/insektenliebe.com\/wp-content\/uploads\/2025\/05\/Mangrovenwurzel-2.jpg","type":"image\/jpeg"}],"twitter_card":"summary_large_image","twitter_misc":{"Tempo di lettura stimato":"1 minuto"},"schema":{"@context":"https:\/\/schema.org","@graph":[{"@type":"WebPage","@id":"https:\/\/insektenliebe.com\/it\/shop\/prodotto\/radice-di-mangrovia\/","url":"https:\/\/insektenliebe.com\/it\/shop\/prodotto\/radice-di-mangrovia\/","name":"Radice di mangrovia - Insektenliebe","isPartOf":{"@id":"https:\/\/insektenliebe.com\/it\/#website"},"primaryImageOfPage":{"@id":"https:\/\/insektenliebe.com\/it\/shop\/prodotto\/radice-di-mangrovia\/#primaryimage"},"image":{"@id":"https:\/\/insektenliebe.com\/it\/shop\/prodotto\/radice-di-mangrovia\/#primaryimage"},"thumbnailUrl":"https:\/\/insektenliebe.com\/wp-content\/uploads\/2025\/05\/Mangrovenwurzel-2.jpg","datePublished":"2023-01-29T09:03:11+00:00","dateModified":"2026-03-05T10:02:59+00:00","description":"Radice di mangrovia per terrari - decorativa, robusta e ideale per biotopi umidi. Acquistala direttamente online su Insektenliebe ora!","breadcrumb":{"@id":"https:\/\/insektenliebe.com\/it\/shop\/prodotto\/radice-di-mangrovia\/#breadcrumb"},"inLanguage":"it-IT","potentialAction":[{"@type":"ReadAction","target":["https:\/\/insektenliebe.com\/it\/shop\/prodotto\/radice-di-mangrovia\/"]}]},{"@type":"ImageObject","inLanguage":"it-IT","@id":"https:\/\/insektenliebe.com\/it\/shop\/prodotto\/radice-di-mangrovia\/#primaryimage","url":"https:\/\/insektenliebe.com\/wp-content\/uploads\/2025\/05\/Mangrovenwurzel-2.jpg","contentUrl":"https:\/\/insektenliebe.com\/wp-content\/uploads\/2025\/05\/Mangrovenwurzel-2.jpg","width":820,"height":820,"caption":"Radice di mangrovia-2.jpg"},{"@type":"BreadcrumbList","@id":"https:\/\/insektenliebe.com\/it\/shop\/prodotto\/radice-di-mangrovia\/#breadcrumb","itemListElement":[{"@type":"ListItem","position":1,"name":"Startseite","item":"https:\/\/insektenliebe.com\/it\/"},{"@type":"ListItem","position":2,"name":"Negozio","item":"https:\/\/insektenliebe.com\/it\/negozio\/"},{"@type":"ListItem","position":3,"name":"Radice di mangrovia"}]},{"@type":"WebSite","@id":"https:\/\/insektenliebe.com\/it\/#website","url":"https:\/\/insektenliebe.com\/it\/","name":"Insektenliebe","description":"Dein Zuhause f\u00fcr die kleinen Lebewesen","publisher":{"@id":"https:\/\/insektenliebe.com\/it\/#organization"},"potentialAction":[{"@type":"SearchAction","target":{"@type":"EntryPoint","urlTemplate":"https:\/\/insektenliebe.com\/it\/?s={search_term_string}"},"query-input":{"@type":"PropertyValueSpecification","valueRequired":true,"valueName":"search_term_string"}}],"inLanguage":"it-IT"},{"@type":"Organization","@id":"https:\/\/insektenliebe.com\/it\/#organization","name":"Insektenliebe","url":"https:\/\/insektenliebe.com\/it\/","logo":{"@type":"ImageObject","inLanguage":"it-IT","@id":"https:\/\/insektenliebe.com\/it\/#\/schema\/logo\/image\/","url":"https:\/\/insektenliebe.com\/wp-content\/uploads\/2025\/03\/logo-white.png","contentUrl":"https:\/\/insektenliebe.com\/wp-content\/uploads\/2025\/03\/logo-white.png","width":288,"height":188,"caption":"Insektenliebe"},"image":{"@id":"https:\/\/insektenliebe.com\/it\/#\/schema\/logo\/image\/"}}]}},"_links":{"self":[{"href":"https:\/\/insektenliebe.com\/it\/wp-json\/wp\/v2\/product\/187112","targetHints":{"allow":["GET"]}}],"collection":[{"href":"https:\/\/insektenliebe.com\/it\/wp-json\/wp\/v2\/product"}],"about":[{"href":"https:\/\/insektenliebe.com\/it\/wp-json\/wp\/v2\/types\/product"}],"wp:featuredmedia":[{"embeddable":true,"href":"https:\/\/insektenliebe.com\/it\/wp-json\/wp\/v2\/media\/187114"}],"wp:attachment":[{"href":"https:\/\/insektenliebe.com\/it\/wp-json\/wp\/v2\/media?parent=187112"}],"wp:term":[{"taxonomy":"product-supplier","embeddable":true,"href":"https:\/\/insektenliebe.com\/it\/wp-json\/wp\/v2\/product-supplier?post=187112"},{"taxonomy":"product_brand","embeddable":true,"href":"https:\/\/insektenliebe.com\/it\/wp-json\/wp\/v2\/product_brand?post=187112"},{"taxonomy":"product_cat","embeddable":true,"href":"https:\/\/insektenliebe.com\/it\/wp-json\/wp\/v2\/product_cat?post=187112"},{"taxonomy":"product_tag","embeddable":true,"href":"https:\/\/insektenliebe.com\/it\/wp-json\/wp\/v2\/product_tag?post=187112"},{"taxonomy":"lce-checkout-addons","embeddable":true,"href":"https:\/\/insektenliebe.com\/it\/wp-json\/wp\/v2\/lce-checkout-addons?post=187112"}],"curies":[{"name":"wp","href":"https:\/\/api.w.org\/{rel}","templated":true}]}}