{"id":187107,"date":"2022-12-07T14:35:11","date_gmt":"2022-12-07T12:35:11","guid":{"rendered":"https:\/\/insektenliebe.com\/shop\/produkt\/foglie-di-anacardio\/"},"modified":"2026-03-07T17:14:38","modified_gmt":"2026-03-07T16:14:38","slug":"foglie-di-anacardio","status":"publish","type":"product","link":"https:\/\/insektenliebe.com\/it\/shop\/prodotto\/foglie-di-anacardio\/","title":{"rendered":"Foglie di anacardio"},"content":{"rendered":"<h3><span class=\"s1\" style=\"color: #99cc33;\">Foglie di anacardo per un terrario dal design naturale<\/span><\/h3>\n<p class=\"p1\"><strong><span class=\"s1\">Foglie di anacardio<\/span><\/strong><span class=\"s2\">  sono un prodotto naturale versatile e un&#8217;aggiunta ideale a terrari e acquari. L&#8217;albero di anacardi \u00e8 originario di   <\/span><span class=\"s1\">Brasile<\/span><span class=\"s2\">ma era gi\u00e0 stata portata in Mozambico e in India dai marinai portoghesi nel XVI secolo. <\/span><span class=\"s1\">Mozambico e India<\/span><span class=\"s2\">  portato sulla costa. L\u00ec veniva utilizzato, tra le altre cose, per prevenire l&#8217;erosione costiera. <\/span><\/p>\n<p class=\"p1\"><span class=\"s2\">Le nostre <\/span><span class=\"s1\"><strong>foglie di anacardio<\/strong> provengono da coltivazioni controllate in Sri Lanka<\/span><span class=\"s2\"> e sono ideali per essere utilizzate nei terrari.<\/span><\/p>\n<p class=\"p1\"><span class=\"s2\">Nel terrario, le <strong>foglie di anacardio<\/strong> vengono spesso utilizzate come <\/span><span class=\"s1\">strato di copertura naturale sul substrato di fondo<\/span><span class=\"s2\">  viene utilizzato. In questo modo si crea una lettiera di foglie realistica, come quella che si trova in molti habitat naturali. Allo stesso tempo, questo strato offre numerosi vantaggi per il clima del terrario.  <\/span><\/p>\n<p class=\"p1\"><span class=\"s2\">Le foglie contengono <\/span><span class=\"s1\">tannini naturali<\/span><span class=\"s2\">che possono avere un leggero effetto antibatterico. Pertanto, aiutano,   <\/span><span class=\"s1\">Riduce la formazione di muffa e la crescita batterica<\/span><span class=\"s2\">. Allo stesso tempo, favoriscono un microclima stabile nel substrato del terreno.<\/span><\/p>\n<p class=\"p1\"><span class=\"s2\">Anche per la <\/span><span class=\"s1\">polizia di terra nel terrario<\/span><span class=\"s2\">  Le <strong>foglie di anacardo<\/strong>sono molto preziose. Animali come   <\/span><span class=\"s1\">Piroditori, code di primavera o millepiedi<\/span><span class=\"s2\">  utilizzano le foglie come nascondiglio e allo stesso tempo come ulteriore fonte di cibo. Durante il processo di decomposizione, vengono rilasciati importanti nutrienti che favoriscono l&#8217;equilibrio ecologico del substrato. <\/span><\/p>\n<p class=\"p1\"><span class=\"s2\">Oltre a queste propriet\u00e0 pratiche, le <strong>foglie di anacardo<\/strong> offrono anche un aspetto naturale <\/span><span class=\"s1\">aspetto naturale e tropicale<\/span><span class=\"s2\">  nel terrario. Hanno un aspetto particolarmente autentico nei terrari della foresta pluviale o tropicale e possono essere combinati bene con muschio, legno o piante. <\/span><\/p>\n<p class=\"p1\"><span class=\"s2\">Essendo un prodotto <\/span><span class=\"s1\">prodotto naturale<\/span><span class=\"s2\">  le foglie differiscono per dimensioni, forma e colore. Queste differenze naturali rendono ogni terrario unico e gli conferiscono un aspetto particolarmente naturale. <\/span><\/p>\n<p class=\"p1\"><span class=\"s2\">Con <\/span><strong><span class=\"s1\">foglie di anacardo<\/span><\/strong><span class=\"s2\"> crea uno strato di fogliame decorativo e funzionale che migliora l&#8217;aspetto del tuo terrario e favorisce allo stesso tempo l&#8217;equilibrio ecologico.<\/span><\/p>\n","protected":false},"excerpt":{"rendered":"<p>Foglie di anacardo per un terrario dal design naturale Foglie di anacardio sono un prodotto naturale versatile e un&#8217;aggiunta ideale a terrari e acquari. L&#8217;albero di anacardi \u00e8 originario di Brasilema era gi\u00e0 stata portata in Mozambico e in India dai marinai portoghesi nel XVI secolo. Mozambico e India portato sulla costa. L\u00ec veniva utilizzato, [&hellip;]<\/p>\n","protected":false},"featured_media":187109,"template":"","meta":{"_acf_changed":false},"product-supplier":[2688],"product_brand":[],"product_cat":[2740,2815],"product_tag":[],"lce-checkout-addons":[],"class_list":{"0":"post-187107","1":"product","2":"type-product","3":"status-publish","4":"has-post-thumbnail","6":"product_cat-arredamento-e-decorazione","7":"product_cat-cibo-e-calcio","8":"product_shipping_class-equipment-shipping","10":"first","11":"instock","12":"taxable","13":"shipping-taxable","14":"purchasable","15":"product-type-variable"},"acf":[],"yoast_head":"<!-- This site is optimized with the Yoast SEO plugin v27.3 - https:\/\/yoast.com\/product\/yoast-seo-wordpress\/ -->\n<title>Foglie di anacardio - Insektenliebe<\/title>\n<meta name=\"description\" content=\"Foglie di anacardo per terrari e acquari - fogliame naturale proveniente dallo Sri Lanka. Favorisce un clima stabile e ha un effetto antibatterico.\" \/>\n<meta name=\"robots\" content=\"index, follow, max-snippet:-1, max-image-preview:large, max-video-preview:-1\" \/>\n<link rel=\"canonical\" href=\"https:\/\/insektenliebe.com\/it\/shop\/prodotto\/foglie-di-anacardio\/\" \/>\n<meta property=\"og:locale\" content=\"it_IT\" \/>\n<meta property=\"og:type\" content=\"article\" \/>\n<meta property=\"og:title\" content=\"Foglie di anacardio - Insektenliebe\" \/>\n<meta property=\"og:description\" content=\"Foglie di anacardo per terrari e acquari - fogliame naturale proveniente dallo Sri Lanka. Favorisce un clima stabile e ha un effetto antibatterico.\" \/>\n<meta property=\"og:url\" content=\"https:\/\/insektenliebe.com\/it\/shop\/prodotto\/foglie-di-anacardio\/\" \/>\n<meta property=\"og:site_name\" content=\"Insektenliebe\" \/>\n<meta property=\"article:modified_time\" content=\"2026-03-07T16:14:38+00:00\" \/>\n<meta property=\"og:image\" content=\"https:\/\/insektenliebe.com\/wp-content\/uploads\/2025\/05\/Cashewblaetter-2.jpg\" \/>\n\t<meta property=\"og:image:width\" content=\"820\" \/>\n\t<meta property=\"og:image:height\" content=\"820\" \/>\n\t<meta property=\"og:image:type\" content=\"image\/jpeg\" \/>\n<meta name=\"twitter:card\" content=\"summary_large_image\" \/>\n<meta name=\"twitter:label1\" content=\"Tempo di lettura stimato\" \/>\n\t<meta name=\"twitter:data1\" content=\"2 minuto\" \/>\n<script type=\"application\/ld+json\" class=\"yoast-schema-graph\">{\"@context\":\"https:\\\/\\\/schema.org\",\"@graph\":[{\"@type\":\"WebPage\",\"@id\":\"https:\\\/\\\/insektenliebe.com\\\/it\\\/shop\\\/prodotto\\\/foglie-di-anacardio\\\/\",\"url\":\"https:\\\/\\\/insektenliebe.com\\\/it\\\/shop\\\/prodotto\\\/foglie-di-anacardio\\\/\",\"name\":\"Foglie di anacardio - Insektenliebe\",\"isPartOf\":{\"@id\":\"https:\\\/\\\/insektenliebe.com\\\/it\\\/#website\"},\"primaryImageOfPage\":{\"@id\":\"https:\\\/\\\/insektenliebe.com\\\/it\\\/shop\\\/prodotto\\\/foglie-di-anacardio\\\/#primaryimage\"},\"image\":{\"@id\":\"https:\\\/\\\/insektenliebe.com\\\/it\\\/shop\\\/prodotto\\\/foglie-di-anacardio\\\/#primaryimage\"},\"thumbnailUrl\":\"https:\\\/\\\/insektenliebe.com\\\/wp-content\\\/uploads\\\/2025\\\/05\\\/Cashewblaetter-2.jpg\",\"datePublished\":\"2022-12-07T12:35:11+00:00\",\"dateModified\":\"2026-03-07T16:14:38+00:00\",\"description\":\"Foglie di anacardo per terrari e acquari - fogliame naturale proveniente dallo Sri Lanka. Favorisce un clima stabile e ha un effetto antibatterico.\",\"breadcrumb\":{\"@id\":\"https:\\\/\\\/insektenliebe.com\\\/it\\\/shop\\\/prodotto\\\/foglie-di-anacardio\\\/#breadcrumb\"},\"inLanguage\":\"it-IT\",\"potentialAction\":[{\"@type\":\"ReadAction\",\"target\":[\"https:\\\/\\\/insektenliebe.com\\\/it\\\/shop\\\/prodotto\\\/foglie-di-anacardio\\\/\"]}]},{\"@type\":\"ImageObject\",\"inLanguage\":\"it-IT\",\"@id\":\"https:\\\/\\\/insektenliebe.com\\\/it\\\/shop\\\/prodotto\\\/foglie-di-anacardio\\\/#primaryimage\",\"url\":\"https:\\\/\\\/insektenliebe.com\\\/wp-content\\\/uploads\\\/2025\\\/05\\\/Cashewblaetter-2.jpg\",\"contentUrl\":\"https:\\\/\\\/insektenliebe.com\\\/wp-content\\\/uploads\\\/2025\\\/05\\\/Cashewblaetter-2.jpg\",\"width\":820,\"height\":820,\"caption\":\"Cashewblaetter-2.jpg\"},{\"@type\":\"BreadcrumbList\",\"@id\":\"https:\\\/\\\/insektenliebe.com\\\/it\\\/shop\\\/prodotto\\\/foglie-di-anacardio\\\/#breadcrumb\",\"itemListElement\":[{\"@type\":\"ListItem\",\"position\":1,\"name\":\"Startseite\",\"item\":\"https:\\\/\\\/insektenliebe.com\\\/it\\\/\"},{\"@type\":\"ListItem\",\"position\":2,\"name\":\"Negozio\",\"item\":\"https:\\\/\\\/insektenliebe.com\\\/it\\\/negozio\\\/\"},{\"@type\":\"ListItem\",\"position\":3,\"name\":\"Foglie di anacardio\"}]},{\"@type\":\"WebSite\",\"@id\":\"https:\\\/\\\/insektenliebe.com\\\/it\\\/#website\",\"url\":\"https:\\\/\\\/insektenliebe.com\\\/it\\\/\",\"name\":\"Insektenliebe\",\"description\":\"Dein Zuhause f\u00fcr die kleinen Lebewesen\",\"publisher\":{\"@id\":\"https:\\\/\\\/insektenliebe.com\\\/it\\\/#organization\"},\"potentialAction\":[{\"@type\":\"SearchAction\",\"target\":{\"@type\":\"EntryPoint\",\"urlTemplate\":\"https:\\\/\\\/insektenliebe.com\\\/it\\\/?s={search_term_string}\"},\"query-input\":{\"@type\":\"PropertyValueSpecification\",\"valueRequired\":true,\"valueName\":\"search_term_string\"}}],\"inLanguage\":\"it-IT\"},{\"@type\":\"Organization\",\"@id\":\"https:\\\/\\\/insektenliebe.com\\\/it\\\/#organization\",\"name\":\"Insektenliebe\",\"url\":\"https:\\\/\\\/insektenliebe.com\\\/it\\\/\",\"logo\":{\"@type\":\"ImageObject\",\"inLanguage\":\"it-IT\",\"@id\":\"https:\\\/\\\/insektenliebe.com\\\/it\\\/#\\\/schema\\\/logo\\\/image\\\/\",\"url\":\"https:\\\/\\\/insektenliebe.com\\\/wp-content\\\/uploads\\\/2025\\\/03\\\/logo-white.png\",\"contentUrl\":\"https:\\\/\\\/insektenliebe.com\\\/wp-content\\\/uploads\\\/2025\\\/03\\\/logo-white.png\",\"width\":288,\"height\":188,\"caption\":\"Insektenliebe\"},\"image\":{\"@id\":\"https:\\\/\\\/insektenliebe.com\\\/it\\\/#\\\/schema\\\/logo\\\/image\\\/\"}}]}<\/script>\n<!-- \/ Yoast SEO plugin. -->","yoast_head_json":{"title":"Foglie di anacardio - Insektenliebe","description":"Foglie di anacardo per terrari e acquari - fogliame naturale proveniente dallo Sri Lanka. Favorisce un clima stabile e ha un effetto antibatterico.","robots":{"index":"index","follow":"follow","max-snippet":"max-snippet:-1","max-image-preview":"max-image-preview:large","max-video-preview":"max-video-preview:-1"},"canonical":"https:\/\/insektenliebe.com\/it\/shop\/prodotto\/foglie-di-anacardio\/","og_locale":"it_IT","og_type":"article","og_title":"Foglie di anacardio - Insektenliebe","og_description":"Foglie di anacardo per terrari e acquari - fogliame naturale proveniente dallo Sri Lanka. Favorisce un clima stabile e ha un effetto antibatterico.","og_url":"https:\/\/insektenliebe.com\/it\/shop\/prodotto\/foglie-di-anacardio\/","og_site_name":"Insektenliebe","article_modified_time":"2026-03-07T16:14:38+00:00","og_image":[{"width":820,"height":820,"url":"https:\/\/insektenliebe.com\/wp-content\/uploads\/2025\/05\/Cashewblaetter-2.jpg","type":"image\/jpeg"}],"twitter_card":"summary_large_image","twitter_misc":{"Tempo di lettura stimato":"2 minuto"},"schema":{"@context":"https:\/\/schema.org","@graph":[{"@type":"WebPage","@id":"https:\/\/insektenliebe.com\/it\/shop\/prodotto\/foglie-di-anacardio\/","url":"https:\/\/insektenliebe.com\/it\/shop\/prodotto\/foglie-di-anacardio\/","name":"Foglie di anacardio - Insektenliebe","isPartOf":{"@id":"https:\/\/insektenliebe.com\/it\/#website"},"primaryImageOfPage":{"@id":"https:\/\/insektenliebe.com\/it\/shop\/prodotto\/foglie-di-anacardio\/#primaryimage"},"image":{"@id":"https:\/\/insektenliebe.com\/it\/shop\/prodotto\/foglie-di-anacardio\/#primaryimage"},"thumbnailUrl":"https:\/\/insektenliebe.com\/wp-content\/uploads\/2025\/05\/Cashewblaetter-2.jpg","datePublished":"2022-12-07T12:35:11+00:00","dateModified":"2026-03-07T16:14:38+00:00","description":"Foglie di anacardo per terrari e acquari - fogliame naturale proveniente dallo Sri Lanka. Favorisce un clima stabile e ha un effetto antibatterico.","breadcrumb":{"@id":"https:\/\/insektenliebe.com\/it\/shop\/prodotto\/foglie-di-anacardio\/#breadcrumb"},"inLanguage":"it-IT","potentialAction":[{"@type":"ReadAction","target":["https:\/\/insektenliebe.com\/it\/shop\/prodotto\/foglie-di-anacardio\/"]}]},{"@type":"ImageObject","inLanguage":"it-IT","@id":"https:\/\/insektenliebe.com\/it\/shop\/prodotto\/foglie-di-anacardio\/#primaryimage","url":"https:\/\/insektenliebe.com\/wp-content\/uploads\/2025\/05\/Cashewblaetter-2.jpg","contentUrl":"https:\/\/insektenliebe.com\/wp-content\/uploads\/2025\/05\/Cashewblaetter-2.jpg","width":820,"height":820,"caption":"Cashewblaetter-2.jpg"},{"@type":"BreadcrumbList","@id":"https:\/\/insektenliebe.com\/it\/shop\/prodotto\/foglie-di-anacardio\/#breadcrumb","itemListElement":[{"@type":"ListItem","position":1,"name":"Startseite","item":"https:\/\/insektenliebe.com\/it\/"},{"@type":"ListItem","position":2,"name":"Negozio","item":"https:\/\/insektenliebe.com\/it\/negozio\/"},{"@type":"ListItem","position":3,"name":"Foglie di anacardio"}]},{"@type":"WebSite","@id":"https:\/\/insektenliebe.com\/it\/#website","url":"https:\/\/insektenliebe.com\/it\/","name":"Insektenliebe","description":"Dein Zuhause f\u00fcr die kleinen Lebewesen","publisher":{"@id":"https:\/\/insektenliebe.com\/it\/#organization"},"potentialAction":[{"@type":"SearchAction","target":{"@type":"EntryPoint","urlTemplate":"https:\/\/insektenliebe.com\/it\/?s={search_term_string}"},"query-input":{"@type":"PropertyValueSpecification","valueRequired":true,"valueName":"search_term_string"}}],"inLanguage":"it-IT"},{"@type":"Organization","@id":"https:\/\/insektenliebe.com\/it\/#organization","name":"Insektenliebe","url":"https:\/\/insektenliebe.com\/it\/","logo":{"@type":"ImageObject","inLanguage":"it-IT","@id":"https:\/\/insektenliebe.com\/it\/#\/schema\/logo\/image\/","url":"https:\/\/insektenliebe.com\/wp-content\/uploads\/2025\/03\/logo-white.png","contentUrl":"https:\/\/insektenliebe.com\/wp-content\/uploads\/2025\/03\/logo-white.png","width":288,"height":188,"caption":"Insektenliebe"},"image":{"@id":"https:\/\/insektenliebe.com\/it\/#\/schema\/logo\/image\/"}}]}},"_links":{"self":[{"href":"https:\/\/insektenliebe.com\/it\/wp-json\/wp\/v2\/product\/187107","targetHints":{"allow":["GET"]}}],"collection":[{"href":"https:\/\/insektenliebe.com\/it\/wp-json\/wp\/v2\/product"}],"about":[{"href":"https:\/\/insektenliebe.com\/it\/wp-json\/wp\/v2\/types\/product"}],"wp:featuredmedia":[{"embeddable":true,"href":"https:\/\/insektenliebe.com\/it\/wp-json\/wp\/v2\/media\/187109"}],"wp:attachment":[{"href":"https:\/\/insektenliebe.com\/it\/wp-json\/wp\/v2\/media?parent=187107"}],"wp:term":[{"taxonomy":"product-supplier","embeddable":true,"href":"https:\/\/insektenliebe.com\/it\/wp-json\/wp\/v2\/product-supplier?post=187107"},{"taxonomy":"product_brand","embeddable":true,"href":"https:\/\/insektenliebe.com\/it\/wp-json\/wp\/v2\/product_brand?post=187107"},{"taxonomy":"product_cat","embeddable":true,"href":"https:\/\/insektenliebe.com\/it\/wp-json\/wp\/v2\/product_cat?post=187107"},{"taxonomy":"product_tag","embeddable":true,"href":"https:\/\/insektenliebe.com\/it\/wp-json\/wp\/v2\/product_tag?post=187107"},{"taxonomy":"lce-checkout-addons","embeddable":true,"href":"https:\/\/insektenliebe.com\/it\/wp-json\/wp\/v2\/lce-checkout-addons?post=187107"}],"curies":[{"name":"wp","href":"https:\/\/api.w.org\/{rel}","templated":true}]}}