{"id":187106,"date":"2023-02-28T08:15:00","date_gmt":"2023-02-28T07:15:00","guid":{"rendered":"https:\/\/insektenliebe.com\/shop\/produkt\/set-di-filtri-posteriori-biorb-earth\/"},"modified":"2023-02-28T08:15:00","modified_gmt":"2023-02-28T07:15:00","slug":"set-di-filtri-posteriori-biorb-earth","status":"publish","type":"product","link":"https:\/\/insektenliebe.com\/it\/shop\/prodotto\/set-di-filtri-posteriori-biorb-earth\/","title":{"rendered":"Set di filtri posteriori biOrb EARTH"},"content":{"rendered":"<p>Il terrario biOrb EARTH 125 \u00e8 un sistema chiuso in cui \u00e8 particolarmente importante che l&#8217;aria che entra nel sistema sia il pi\u00f9 possibile fresca e che vengano filtrate tutte le impurit\u00e0 e gli aerosol. Per questo motivo, dovresti sostituire il set di filtri posteriori di biOrb EARTH ogni 3 mesi per garantire che l&#8217;aria nel tuo biOrb EARTH 125 sia sempre della massima qualit\u00e0. <\/p>\n<p>Una buona qualit\u00e0 dell&#8217;aria non \u00e8 importante solo per il benessere dei tuoi animali, ma anche per la salute delle tue piante. Grazie a questo filtro di alta qualit\u00e0, puoi assicurarti che l&#8217;aria che entra nella tua biOrb EARTH 125 sia priva di inquinanti e di altri agenti contaminanti. <\/p>\n<p>Utilizzando dei filtri, puoi assicurarti che i tuoi animali e le tue piante ricevano sempre ossigeno a sufficienza e abbiano un ambiente ottimale per la loro crescita e il loro sviluppo. Uno scarso ricambio d&#8217;aria pu\u00f2 causare problemi come la mancanza di ossigeno, una cattiva qualit\u00e0 dell&#8217;aria e persino gravi problemi. <\/p>\n<p>Pertanto, devi assicurarti di sostituire il set di filtri posteriori biOrb EARTH nel tuo terrario biOrb EARTH 125 ogni 3 mesi per garantire un&#8217;elevata qualit\u00e0 dell&#8217;aria e un ambiente sano per i tuoi animali e le tue piante. Investi in un filtro di alta qualit\u00e0 e vedrai i benefici per i tuoi animali e le tue piante che cresceranno in un ambiente sano e pulito. <\/p>\n","protected":false},"excerpt":{"rendered":"<p>Il terrario biOrb EARTH 125 \u00e8 un sistema chiuso in cui \u00e8 particolarmente importante che l&#8217;aria che entra nel sistema sia il pi\u00f9 possibile fresca e che vengano filtrate tutte le impurit\u00e0 e gli aerosol. Per questo motivo, dovresti sostituire il set di filtri posteriori di biOrb EARTH ogni 3 mesi per garantire che l&#8217;aria [&hellip;]<\/p>\n","protected":false},"featured_media":187108,"template":"","meta":{"_acf_changed":false},"product-supplier":[],"product_brand":[3207],"product_cat":[2760],"product_tag":[],"lce-checkout-addons":[],"class_list":{"0":"post-187106","1":"product","2":"type-product","3":"status-publish","4":"has-post-thumbnail","6":"product_brand-biorb","7":"product_cat-terrari-e-contenitori","8":"product_shipping_class-equipment-shipping","10":"first","11":"outofstock","12":"taxable","13":"shipping-taxable","14":"purchasable","15":"product-type-simple"},"acf":[],"yoast_head":"<!-- This site is optimized with the Yoast SEO plugin v27.3 - https:\/\/yoast.com\/product\/yoast-seo-wordpress\/ -->\n<title>Set di filtri posteriori biOrb EARTH - Insektenliebe<\/title>\n<meta name=\"description\" content=\"Gli animali della tua biOrb EARTH 125, cos\u00ec come le piante, devono ricevere aria fresca. Questi filtri filtrano l&#039;aria prima che raggiunga la TERRA.\" \/>\n<meta name=\"robots\" content=\"index, follow, max-snippet:-1, max-image-preview:large, max-video-preview:-1\" \/>\n<link rel=\"canonical\" href=\"https:\/\/insektenliebe.com\/it\/shop\/prodotto\/set-di-filtri-posteriori-biorb-earth\/\" \/>\n<meta property=\"og:locale\" content=\"it_IT\" \/>\n<meta property=\"og:type\" content=\"article\" \/>\n<meta property=\"og:title\" content=\"Set di filtri posteriori biOrb EARTH - Insektenliebe\" \/>\n<meta property=\"og:description\" content=\"Gli animali della tua biOrb EARTH 125, cos\u00ec come le piante, devono ricevere aria fresca. Questi filtri filtrano l&#039;aria prima che raggiunga la TERRA.\" \/>\n<meta property=\"og:url\" content=\"https:\/\/insektenliebe.com\/it\/shop\/prodotto\/set-di-filtri-posteriori-biorb-earth\/\" \/>\n<meta property=\"og:site_name\" content=\"Insektenliebe\" \/>\n<meta property=\"og:image\" content=\"https:\/\/insektenliebe.com\/wp-content\/uploads\/2025\/05\/biOrb-EARTH-Ruecken-Filterset-2.jpg\" \/>\n\t<meta property=\"og:image:width\" content=\"820\" \/>\n\t<meta property=\"og:image:height\" content=\"820\" \/>\n\t<meta property=\"og:image:type\" content=\"image\/jpeg\" \/>\n<meta name=\"twitter:card\" content=\"summary_large_image\" \/>\n<meta name=\"twitter:label1\" content=\"Tempo di lettura stimato\" \/>\n\t<meta name=\"twitter:data1\" content=\"1 minuto\" \/>\n<script type=\"application\/ld+json\" class=\"yoast-schema-graph\">{\"@context\":\"https:\\\/\\\/schema.org\",\"@graph\":[{\"@type\":\"WebPage\",\"@id\":\"https:\\\/\\\/insektenliebe.com\\\/it\\\/shop\\\/prodotto\\\/set-di-filtri-posteriori-biorb-earth\\\/\",\"url\":\"https:\\\/\\\/insektenliebe.com\\\/it\\\/shop\\\/prodotto\\\/set-di-filtri-posteriori-biorb-earth\\\/\",\"name\":\"Set di filtri posteriori biOrb EARTH - Insektenliebe\",\"isPartOf\":{\"@id\":\"https:\\\/\\\/insektenliebe.com\\\/it\\\/#website\"},\"primaryImageOfPage\":{\"@id\":\"https:\\\/\\\/insektenliebe.com\\\/it\\\/shop\\\/prodotto\\\/set-di-filtri-posteriori-biorb-earth\\\/#primaryimage\"},\"image\":{\"@id\":\"https:\\\/\\\/insektenliebe.com\\\/it\\\/shop\\\/prodotto\\\/set-di-filtri-posteriori-biorb-earth\\\/#primaryimage\"},\"thumbnailUrl\":\"https:\\\/\\\/insektenliebe.com\\\/wp-content\\\/uploads\\\/2025\\\/05\\\/biOrb-EARTH-Ruecken-Filterset-2.jpg\",\"datePublished\":\"2023-02-28T07:15:00+00:00\",\"description\":\"Gli animali della tua biOrb EARTH 125, cos\u00ec come le piante, devono ricevere aria fresca. Questi filtri filtrano l'aria prima che raggiunga la TERRA.\",\"breadcrumb\":{\"@id\":\"https:\\\/\\\/insektenliebe.com\\\/it\\\/shop\\\/prodotto\\\/set-di-filtri-posteriori-biorb-earth\\\/#breadcrumb\"},\"inLanguage\":\"it-IT\",\"potentialAction\":[{\"@type\":\"ReadAction\",\"target\":[\"https:\\\/\\\/insektenliebe.com\\\/it\\\/shop\\\/prodotto\\\/set-di-filtri-posteriori-biorb-earth\\\/\"]}]},{\"@type\":\"ImageObject\",\"inLanguage\":\"it-IT\",\"@id\":\"https:\\\/\\\/insektenliebe.com\\\/it\\\/shop\\\/prodotto\\\/set-di-filtri-posteriori-biorb-earth\\\/#primaryimage\",\"url\":\"https:\\\/\\\/insektenliebe.com\\\/wp-content\\\/uploads\\\/2025\\\/05\\\/biOrb-EARTH-Ruecken-Filterset-2.jpg\",\"contentUrl\":\"https:\\\/\\\/insektenliebe.com\\\/wp-content\\\/uploads\\\/2025\\\/05\\\/biOrb-EARTH-Ruecken-Filterset-2.jpg\",\"width\":820,\"height\":820,\"caption\":\"biOrb-EARTH-Back-Filter-Set-2.jpg\"},{\"@type\":\"BreadcrumbList\",\"@id\":\"https:\\\/\\\/insektenliebe.com\\\/it\\\/shop\\\/prodotto\\\/set-di-filtri-posteriori-biorb-earth\\\/#breadcrumb\",\"itemListElement\":[{\"@type\":\"ListItem\",\"position\":1,\"name\":\"Startseite\",\"item\":\"https:\\\/\\\/insektenliebe.com\\\/it\\\/\"},{\"@type\":\"ListItem\",\"position\":2,\"name\":\"Negozio\",\"item\":\"https:\\\/\\\/insektenliebe.com\\\/it\\\/negozio\\\/\"},{\"@type\":\"ListItem\",\"position\":3,\"name\":\"Set di filtri posteriori biOrb EARTH\"}]},{\"@type\":\"WebSite\",\"@id\":\"https:\\\/\\\/insektenliebe.com\\\/it\\\/#website\",\"url\":\"https:\\\/\\\/insektenliebe.com\\\/it\\\/\",\"name\":\"Insektenliebe\",\"description\":\"Dein Zuhause f\u00fcr die kleinen Lebewesen\",\"publisher\":{\"@id\":\"https:\\\/\\\/insektenliebe.com\\\/it\\\/#organization\"},\"potentialAction\":[{\"@type\":\"SearchAction\",\"target\":{\"@type\":\"EntryPoint\",\"urlTemplate\":\"https:\\\/\\\/insektenliebe.com\\\/it\\\/?s={search_term_string}\"},\"query-input\":{\"@type\":\"PropertyValueSpecification\",\"valueRequired\":true,\"valueName\":\"search_term_string\"}}],\"inLanguage\":\"it-IT\"},{\"@type\":\"Organization\",\"@id\":\"https:\\\/\\\/insektenliebe.com\\\/it\\\/#organization\",\"name\":\"Insektenliebe\",\"url\":\"https:\\\/\\\/insektenliebe.com\\\/it\\\/\",\"logo\":{\"@type\":\"ImageObject\",\"inLanguage\":\"it-IT\",\"@id\":\"https:\\\/\\\/insektenliebe.com\\\/it\\\/#\\\/schema\\\/logo\\\/image\\\/\",\"url\":\"https:\\\/\\\/insektenliebe.com\\\/wp-content\\\/uploads\\\/2025\\\/03\\\/logo-white.png\",\"contentUrl\":\"https:\\\/\\\/insektenliebe.com\\\/wp-content\\\/uploads\\\/2025\\\/03\\\/logo-white.png\",\"width\":288,\"height\":188,\"caption\":\"Insektenliebe\"},\"image\":{\"@id\":\"https:\\\/\\\/insektenliebe.com\\\/it\\\/#\\\/schema\\\/logo\\\/image\\\/\"}}]}<\/script>\n<!-- \/ Yoast SEO plugin. -->","yoast_head_json":{"title":"Set di filtri posteriori biOrb EARTH - Insektenliebe","description":"Gli animali della tua biOrb EARTH 125, cos\u00ec come le piante, devono ricevere aria fresca. Questi filtri filtrano l'aria prima che raggiunga la TERRA.","robots":{"index":"index","follow":"follow","max-snippet":"max-snippet:-1","max-image-preview":"max-image-preview:large","max-video-preview":"max-video-preview:-1"},"canonical":"https:\/\/insektenliebe.com\/it\/shop\/prodotto\/set-di-filtri-posteriori-biorb-earth\/","og_locale":"it_IT","og_type":"article","og_title":"Set di filtri posteriori biOrb EARTH - Insektenliebe","og_description":"Gli animali della tua biOrb EARTH 125, cos\u00ec come le piante, devono ricevere aria fresca. Questi filtri filtrano l'aria prima che raggiunga la TERRA.","og_url":"https:\/\/insektenliebe.com\/it\/shop\/prodotto\/set-di-filtri-posteriori-biorb-earth\/","og_site_name":"Insektenliebe","og_image":[{"width":820,"height":820,"url":"https:\/\/insektenliebe.com\/wp-content\/uploads\/2025\/05\/biOrb-EARTH-Ruecken-Filterset-2.jpg","type":"image\/jpeg"}],"twitter_card":"summary_large_image","twitter_misc":{"Tempo di lettura stimato":"1 minuto"},"schema":{"@context":"https:\/\/schema.org","@graph":[{"@type":"WebPage","@id":"https:\/\/insektenliebe.com\/it\/shop\/prodotto\/set-di-filtri-posteriori-biorb-earth\/","url":"https:\/\/insektenliebe.com\/it\/shop\/prodotto\/set-di-filtri-posteriori-biorb-earth\/","name":"Set di filtri posteriori biOrb EARTH - Insektenliebe","isPartOf":{"@id":"https:\/\/insektenliebe.com\/it\/#website"},"primaryImageOfPage":{"@id":"https:\/\/insektenliebe.com\/it\/shop\/prodotto\/set-di-filtri-posteriori-biorb-earth\/#primaryimage"},"image":{"@id":"https:\/\/insektenliebe.com\/it\/shop\/prodotto\/set-di-filtri-posteriori-biorb-earth\/#primaryimage"},"thumbnailUrl":"https:\/\/insektenliebe.com\/wp-content\/uploads\/2025\/05\/biOrb-EARTH-Ruecken-Filterset-2.jpg","datePublished":"2023-02-28T07:15:00+00:00","description":"Gli animali della tua biOrb EARTH 125, cos\u00ec come le piante, devono ricevere aria fresca. Questi filtri filtrano l'aria prima che raggiunga la TERRA.","breadcrumb":{"@id":"https:\/\/insektenliebe.com\/it\/shop\/prodotto\/set-di-filtri-posteriori-biorb-earth\/#breadcrumb"},"inLanguage":"it-IT","potentialAction":[{"@type":"ReadAction","target":["https:\/\/insektenliebe.com\/it\/shop\/prodotto\/set-di-filtri-posteriori-biorb-earth\/"]}]},{"@type":"ImageObject","inLanguage":"it-IT","@id":"https:\/\/insektenliebe.com\/it\/shop\/prodotto\/set-di-filtri-posteriori-biorb-earth\/#primaryimage","url":"https:\/\/insektenliebe.com\/wp-content\/uploads\/2025\/05\/biOrb-EARTH-Ruecken-Filterset-2.jpg","contentUrl":"https:\/\/insektenliebe.com\/wp-content\/uploads\/2025\/05\/biOrb-EARTH-Ruecken-Filterset-2.jpg","width":820,"height":820,"caption":"biOrb-EARTH-Back-Filter-Set-2.jpg"},{"@type":"BreadcrumbList","@id":"https:\/\/insektenliebe.com\/it\/shop\/prodotto\/set-di-filtri-posteriori-biorb-earth\/#breadcrumb","itemListElement":[{"@type":"ListItem","position":1,"name":"Startseite","item":"https:\/\/insektenliebe.com\/it\/"},{"@type":"ListItem","position":2,"name":"Negozio","item":"https:\/\/insektenliebe.com\/it\/negozio\/"},{"@type":"ListItem","position":3,"name":"Set di filtri posteriori biOrb EARTH"}]},{"@type":"WebSite","@id":"https:\/\/insektenliebe.com\/it\/#website","url":"https:\/\/insektenliebe.com\/it\/","name":"Insektenliebe","description":"Dein Zuhause f\u00fcr die kleinen Lebewesen","publisher":{"@id":"https:\/\/insektenliebe.com\/it\/#organization"},"potentialAction":[{"@type":"SearchAction","target":{"@type":"EntryPoint","urlTemplate":"https:\/\/insektenliebe.com\/it\/?s={search_term_string}"},"query-input":{"@type":"PropertyValueSpecification","valueRequired":true,"valueName":"search_term_string"}}],"inLanguage":"it-IT"},{"@type":"Organization","@id":"https:\/\/insektenliebe.com\/it\/#organization","name":"Insektenliebe","url":"https:\/\/insektenliebe.com\/it\/","logo":{"@type":"ImageObject","inLanguage":"it-IT","@id":"https:\/\/insektenliebe.com\/it\/#\/schema\/logo\/image\/","url":"https:\/\/insektenliebe.com\/wp-content\/uploads\/2025\/03\/logo-white.png","contentUrl":"https:\/\/insektenliebe.com\/wp-content\/uploads\/2025\/03\/logo-white.png","width":288,"height":188,"caption":"Insektenliebe"},"image":{"@id":"https:\/\/insektenliebe.com\/it\/#\/schema\/logo\/image\/"}}]}},"_links":{"self":[{"href":"https:\/\/insektenliebe.com\/it\/wp-json\/wp\/v2\/product\/187106","targetHints":{"allow":["GET"]}}],"collection":[{"href":"https:\/\/insektenliebe.com\/it\/wp-json\/wp\/v2\/product"}],"about":[{"href":"https:\/\/insektenliebe.com\/it\/wp-json\/wp\/v2\/types\/product"}],"wp:featuredmedia":[{"embeddable":true,"href":"https:\/\/insektenliebe.com\/it\/wp-json\/wp\/v2\/media\/187108"}],"wp:attachment":[{"href":"https:\/\/insektenliebe.com\/it\/wp-json\/wp\/v2\/media?parent=187106"}],"wp:term":[{"taxonomy":"product-supplier","embeddable":true,"href":"https:\/\/insektenliebe.com\/it\/wp-json\/wp\/v2\/product-supplier?post=187106"},{"taxonomy":"product_brand","embeddable":true,"href":"https:\/\/insektenliebe.com\/it\/wp-json\/wp\/v2\/product_brand?post=187106"},{"taxonomy":"product_cat","embeddable":true,"href":"https:\/\/insektenliebe.com\/it\/wp-json\/wp\/v2\/product_cat?post=187106"},{"taxonomy":"product_tag","embeddable":true,"href":"https:\/\/insektenliebe.com\/it\/wp-json\/wp\/v2\/product_tag?post=187106"},{"taxonomy":"lce-checkout-addons","embeddable":true,"href":"https:\/\/insektenliebe.com\/it\/wp-json\/wp\/v2\/lce-checkout-addons?post=187106"}],"curies":[{"name":"wp","href":"https:\/\/api.w.org\/{rel}","templated":true}]}}