{"id":187059,"date":"2023-03-17T10:50:42","date_gmt":"2023-03-17T08:50:42","guid":{"rendered":"https:\/\/insektenliebe.com\/shop\/produkt\/acari-predatori-hypoaspis-miles\/"},"modified":"2023-03-17T10:50:42","modified_gmt":"2023-03-17T09:50:42","slug":"acari-predatori-hypoaspis-miles","status":"publish","type":"product","link":"https:\/\/insektenliebe.com\/it\/shop\/prodotto\/acari-predatori-hypoaspis-miles\/","title":{"rendered":"Acari predatori (Hypoaspis miles)"},"content":{"rendered":"<p><strong>Gli acari predatori non rappresentano un pericolo per millepiedi, cocciniglie o altri abitanti del terrario. Si concentrano esclusivamente sulla lotta ai parassiti indesiderati come gli acari e le mosche nere. Gli abitanti del terrario rimangono quindi al sicuro e indenni.  <\/strong><\/p>\n<div>\n<p>Gli acari predatori (Hypoaspis miles) sono una scelta eccellente per controllare gli acari nei terrari. Gli acari predatori hanno numerosi vantaggi rispetto alle altre specie e sono in grado di eliminare completamente la popolazione di parassiti. Un altro vantaggio \u00e8 la loro capacit\u00e0 di rimanere senza cibo per lunghi periodi di tempo, il che \u00e8 particolarmente vantaggioso se la specie di acaro che vuoi controllare ha un lungo periodo di incubazione. Inoltre, le Hypoaspis miles possono essere utilizzate anche contro le larve di moscerini del fungo nel terrario e sono eccellenti cacciatori in grado di combattere tutti gli stadi larvali dei moscerini del fungo.   <\/p>\n<p>Gli acari predatori (Hypoaspis miles) cercano prede in tutto il terrario e mangiano le larve di moscerino prima che si sviluppino in pupe. Tuttavia, va notato che non attaccano le pupe e non sono quindi in grado di controllare i moscerini del fungo che si sono gi\u00e0 schiusi. In questo caso, \u00e8 necessario utilizzare ulteriori pannelli gialli per catturare i moscerini adulti e ridurre la popolazione.  <\/p>\n<p>Anche gli acari predatori (Hypoaspis miles) possono cacciare le sputacchine come prede, ma sono pi\u00f9 difficili da catturare a causa della loro velocit\u00e0 e delle loro difese. Per questo motivo, non si riesce a ottenere un&#8217;eradicazione completa. Gli Hypoaspis miles non rappresentano una minaccia per le specie pi\u00f9 grandi, come le cocciniglie bianche, poich\u00e9 le giovani cocciniglie sono gi\u00e0 troppo grandi per gli acari predatori.  <\/p>\n<p>In sintesi, gli acari predatori (Hypoaspis miles) sono una scelta eccellente per controllare efficacemente gli acari e le mosche nere nel terrario. Gli Hypoaspis miles sono estremamente resistenti e possono essere utilizzati in diversi ambienti del terrario. Aiutano a garantire che il terrario rimanga libero da acari e mosche fungine, fornendo cos\u00ec un ambiente sano per gli animali che lo abitano.  <\/p>\n<p><strong>Contenuto:<\/strong><br \/>\n1.000 acari predatori in vermiculite<\/p>\n<p><strong>Applicazione:<\/strong><br \/>\nIl contenuto pu\u00f2 essere distribuito su pi\u00f9 terrari (fino a 2<sup>m2<\/sup>). Basta dividere il contenuto della scatola di cartone tra i terrari. <\/p>\n<p><strong>Durata di conservazione:<br \/>\n<\/strong>\u00c8 meglio inserire gli acari predatori direttamente nel terrario. Gli acari predatori devono essere conservati a una temperatura di 8-10\u00b0C per un massimo di una settimana. Poich\u00e9 vengono forniti senza cibo, iniziano a decimarsi l&#8217;un l&#8217;altro nella confezione.  <\/p>\n<p><strong>Condizioni di consegna:<\/strong><\/p>\n<p>Riceviamo una consegna fresca ogni settimana!<br \/>\nGli ordini di acari predatori vengono spediti solo il marted\u00ec.<\/p>\n<\/div>\n","protected":false},"excerpt":{"rendered":"<p>Gli acari predatori non rappresentano un pericolo per millepiedi, cocciniglie o altri abitanti del terrario. Si concentrano esclusivamente sulla lotta ai parassiti indesiderati come gli acari e le mosche nere. Gli abitanti del terrario rimangono quindi al sicuro e indenni. Gli acari predatori (Hypoaspis miles) sono una scelta eccellente per controllare gli acari nei terrari. [&hellip;]<\/p>\n","protected":false},"featured_media":187077,"template":"","meta":{"_acf_changed":false},"product-supplier":[],"product_brand":[],"product_cat":[2829],"product_tag":[],"lce-checkout-addons":[],"class_list":{"0":"post-187059","1":"product","2":"type-product","3":"status-publish","4":"has-post-thumbnail","6":"product_cat-altri-invertebrati","7":"product_shipping_class-equipment-shipping","8":"pa_herkunft-cosmopolitan","9":"pa_kontinent-asia","10":"pa_kontinent-europa","12":"first","13":"instock","14":"sale","15":"taxable","16":"shipping-taxable","17":"purchasable","18":"product-type-simple"},"acf":[],"yoast_head":"<!-- This site is optimized with the Yoast SEO plugin v27.3 - https:\/\/yoast.com\/product\/yoast-seo-wordpress\/ -->\n<title>Acari predatori (Hypoaspis miles) - Insektenliebe<\/title>\n<meta name=\"description\" content=\"Acquista direttamente online acari predatori (Hypoaspis miles) a basso costo. Una scelta eccellente per controllare efficacemente gli acari e le mosche nere nei terrari.\" \/>\n<meta name=\"robots\" content=\"index, follow, max-snippet:-1, max-image-preview:large, max-video-preview:-1\" \/>\n<link rel=\"canonical\" href=\"https:\/\/insektenliebe.com\/it\/shop\/prodotto\/acari-predatori-hypoaspis-miles\/\" \/>\n<meta property=\"og:locale\" content=\"it_IT\" \/>\n<meta property=\"og:type\" content=\"article\" \/>\n<meta property=\"og:title\" content=\"Acari predatori (Hypoaspis miles) - Insektenliebe\" \/>\n<meta property=\"og:description\" content=\"Acquista direttamente online acari predatori (Hypoaspis miles) a basso costo. Una scelta eccellente per controllare efficacemente gli acari e le mosche nere nei terrari.\" \/>\n<meta property=\"og:url\" content=\"https:\/\/insektenliebe.com\/it\/shop\/prodotto\/acari-predatori-hypoaspis-miles\/\" \/>\n<meta property=\"og:site_name\" content=\"Insektenliebe\" \/>\n<meta property=\"article:modified_time\" content=\"2023-03-17T09:50:42+00:00\" \/>\n<meta property=\"og:image\" content=\"https:\/\/insektenliebe.com\/wp-content\/uploads\/2025\/05\/Raubmilben-Hypoaspis-miles-1-2.jpg\" \/>\n\t<meta property=\"og:image:width\" content=\"820\" \/>\n\t<meta property=\"og:image:height\" content=\"820\" \/>\n\t<meta property=\"og:image:type\" content=\"image\/jpeg\" \/>\n<meta name=\"twitter:card\" content=\"summary_large_image\" \/>\n<meta name=\"twitter:label1\" content=\"Tempo di lettura stimato\" \/>\n\t<meta name=\"twitter:data1\" content=\"2 minuto\" \/>\n<script type=\"application\/ld+json\" class=\"yoast-schema-graph\">{\"@context\":\"https:\\\/\\\/schema.org\",\"@graph\":[{\"@type\":\"WebPage\",\"@id\":\"https:\\\/\\\/insektenliebe.com\\\/it\\\/shop\\\/prodotto\\\/acari-predatori-hypoaspis-miles\\\/\",\"url\":\"https:\\\/\\\/insektenliebe.com\\\/it\\\/shop\\\/prodotto\\\/acari-predatori-hypoaspis-miles\\\/\",\"name\":\"Acari predatori (Hypoaspis miles) - Insektenliebe\",\"isPartOf\":{\"@id\":\"https:\\\/\\\/insektenliebe.com\\\/it\\\/#website\"},\"primaryImageOfPage\":{\"@id\":\"https:\\\/\\\/insektenliebe.com\\\/it\\\/shop\\\/prodotto\\\/acari-predatori-hypoaspis-miles\\\/#primaryimage\"},\"image\":{\"@id\":\"https:\\\/\\\/insektenliebe.com\\\/it\\\/shop\\\/prodotto\\\/acari-predatori-hypoaspis-miles\\\/#primaryimage\"},\"thumbnailUrl\":\"https:\\\/\\\/insektenliebe.com\\\/wp-content\\\/uploads\\\/2025\\\/05\\\/Raubmilben-Hypoaspis-miles-1-2.jpg\",\"datePublished\":\"2023-03-17T08:50:42+00:00\",\"dateModified\":\"2023-03-17T09:50:42+00:00\",\"description\":\"Acquista direttamente online acari predatori (Hypoaspis miles) a basso costo. Una scelta eccellente per controllare efficacemente gli acari e le mosche nere nei terrari.\",\"breadcrumb\":{\"@id\":\"https:\\\/\\\/insektenliebe.com\\\/it\\\/shop\\\/prodotto\\\/acari-predatori-hypoaspis-miles\\\/#breadcrumb\"},\"inLanguage\":\"it-IT\",\"potentialAction\":[{\"@type\":\"ReadAction\",\"target\":[\"https:\\\/\\\/insektenliebe.com\\\/it\\\/shop\\\/prodotto\\\/acari-predatori-hypoaspis-miles\\\/\"]}]},{\"@type\":\"ImageObject\",\"inLanguage\":\"it-IT\",\"@id\":\"https:\\\/\\\/insektenliebe.com\\\/it\\\/shop\\\/prodotto\\\/acari-predatori-hypoaspis-miles\\\/#primaryimage\",\"url\":\"https:\\\/\\\/insektenliebe.com\\\/wp-content\\\/uploads\\\/2025\\\/05\\\/Raubmilben-Hypoaspis-miles-1-2.jpg\",\"contentUrl\":\"https:\\\/\\\/insektenliebe.com\\\/wp-content\\\/uploads\\\/2025\\\/05\\\/Raubmilben-Hypoaspis-miles-1-2.jpg\",\"width\":820,\"height\":820,\"caption\":\"Acari predatori-Hypoaspis-miles-1-2.jpg\"},{\"@type\":\"BreadcrumbList\",\"@id\":\"https:\\\/\\\/insektenliebe.com\\\/it\\\/shop\\\/prodotto\\\/acari-predatori-hypoaspis-miles\\\/#breadcrumb\",\"itemListElement\":[{\"@type\":\"ListItem\",\"position\":1,\"name\":\"Startseite\",\"item\":\"https:\\\/\\\/insektenliebe.com\\\/it\\\/\"},{\"@type\":\"ListItem\",\"position\":2,\"name\":\"Negozio\",\"item\":\"https:\\\/\\\/insektenliebe.com\\\/it\\\/negozio\\\/\"},{\"@type\":\"ListItem\",\"position\":3,\"name\":\"Acari predatori (Hypoaspis miles)\"}]},{\"@type\":\"WebSite\",\"@id\":\"https:\\\/\\\/insektenliebe.com\\\/it\\\/#website\",\"url\":\"https:\\\/\\\/insektenliebe.com\\\/it\\\/\",\"name\":\"Insektenliebe\",\"description\":\"Dein Zuhause f\u00fcr die kleinen Lebewesen\",\"publisher\":{\"@id\":\"https:\\\/\\\/insektenliebe.com\\\/it\\\/#organization\"},\"potentialAction\":[{\"@type\":\"SearchAction\",\"target\":{\"@type\":\"EntryPoint\",\"urlTemplate\":\"https:\\\/\\\/insektenliebe.com\\\/it\\\/?s={search_term_string}\"},\"query-input\":{\"@type\":\"PropertyValueSpecification\",\"valueRequired\":true,\"valueName\":\"search_term_string\"}}],\"inLanguage\":\"it-IT\"},{\"@type\":\"Organization\",\"@id\":\"https:\\\/\\\/insektenliebe.com\\\/it\\\/#organization\",\"name\":\"Insektenliebe\",\"url\":\"https:\\\/\\\/insektenliebe.com\\\/it\\\/\",\"logo\":{\"@type\":\"ImageObject\",\"inLanguage\":\"it-IT\",\"@id\":\"https:\\\/\\\/insektenliebe.com\\\/it\\\/#\\\/schema\\\/logo\\\/image\\\/\",\"url\":\"https:\\\/\\\/insektenliebe.com\\\/wp-content\\\/uploads\\\/2025\\\/03\\\/logo-white.png\",\"contentUrl\":\"https:\\\/\\\/insektenliebe.com\\\/wp-content\\\/uploads\\\/2025\\\/03\\\/logo-white.png\",\"width\":288,\"height\":188,\"caption\":\"Insektenliebe\"},\"image\":{\"@id\":\"https:\\\/\\\/insektenliebe.com\\\/it\\\/#\\\/schema\\\/logo\\\/image\\\/\"}}]}<\/script>\n<!-- \/ Yoast SEO plugin. -->","yoast_head_json":{"title":"Acari predatori (Hypoaspis miles) - Insektenliebe","description":"Acquista direttamente online acari predatori (Hypoaspis miles) a basso costo. Una scelta eccellente per controllare efficacemente gli acari e le mosche nere nei terrari.","robots":{"index":"index","follow":"follow","max-snippet":"max-snippet:-1","max-image-preview":"max-image-preview:large","max-video-preview":"max-video-preview:-1"},"canonical":"https:\/\/insektenliebe.com\/it\/shop\/prodotto\/acari-predatori-hypoaspis-miles\/","og_locale":"it_IT","og_type":"article","og_title":"Acari predatori (Hypoaspis miles) - Insektenliebe","og_description":"Acquista direttamente online acari predatori (Hypoaspis miles) a basso costo. Una scelta eccellente per controllare efficacemente gli acari e le mosche nere nei terrari.","og_url":"https:\/\/insektenliebe.com\/it\/shop\/prodotto\/acari-predatori-hypoaspis-miles\/","og_site_name":"Insektenliebe","article_modified_time":"2023-03-17T09:50:42+00:00","og_image":[{"width":820,"height":820,"url":"https:\/\/insektenliebe.com\/wp-content\/uploads\/2025\/05\/Raubmilben-Hypoaspis-miles-1-2.jpg","type":"image\/jpeg"}],"twitter_card":"summary_large_image","twitter_misc":{"Tempo di lettura stimato":"2 minuto"},"schema":{"@context":"https:\/\/schema.org","@graph":[{"@type":"WebPage","@id":"https:\/\/insektenliebe.com\/it\/shop\/prodotto\/acari-predatori-hypoaspis-miles\/","url":"https:\/\/insektenliebe.com\/it\/shop\/prodotto\/acari-predatori-hypoaspis-miles\/","name":"Acari predatori (Hypoaspis miles) - Insektenliebe","isPartOf":{"@id":"https:\/\/insektenliebe.com\/it\/#website"},"primaryImageOfPage":{"@id":"https:\/\/insektenliebe.com\/it\/shop\/prodotto\/acari-predatori-hypoaspis-miles\/#primaryimage"},"image":{"@id":"https:\/\/insektenliebe.com\/it\/shop\/prodotto\/acari-predatori-hypoaspis-miles\/#primaryimage"},"thumbnailUrl":"https:\/\/insektenliebe.com\/wp-content\/uploads\/2025\/05\/Raubmilben-Hypoaspis-miles-1-2.jpg","datePublished":"2023-03-17T08:50:42+00:00","dateModified":"2023-03-17T09:50:42+00:00","description":"Acquista direttamente online acari predatori (Hypoaspis miles) a basso costo. Una scelta eccellente per controllare efficacemente gli acari e le mosche nere nei terrari.","breadcrumb":{"@id":"https:\/\/insektenliebe.com\/it\/shop\/prodotto\/acari-predatori-hypoaspis-miles\/#breadcrumb"},"inLanguage":"it-IT","potentialAction":[{"@type":"ReadAction","target":["https:\/\/insektenliebe.com\/it\/shop\/prodotto\/acari-predatori-hypoaspis-miles\/"]}]},{"@type":"ImageObject","inLanguage":"it-IT","@id":"https:\/\/insektenliebe.com\/it\/shop\/prodotto\/acari-predatori-hypoaspis-miles\/#primaryimage","url":"https:\/\/insektenliebe.com\/wp-content\/uploads\/2025\/05\/Raubmilben-Hypoaspis-miles-1-2.jpg","contentUrl":"https:\/\/insektenliebe.com\/wp-content\/uploads\/2025\/05\/Raubmilben-Hypoaspis-miles-1-2.jpg","width":820,"height":820,"caption":"Acari predatori-Hypoaspis-miles-1-2.jpg"},{"@type":"BreadcrumbList","@id":"https:\/\/insektenliebe.com\/it\/shop\/prodotto\/acari-predatori-hypoaspis-miles\/#breadcrumb","itemListElement":[{"@type":"ListItem","position":1,"name":"Startseite","item":"https:\/\/insektenliebe.com\/it\/"},{"@type":"ListItem","position":2,"name":"Negozio","item":"https:\/\/insektenliebe.com\/it\/negozio\/"},{"@type":"ListItem","position":3,"name":"Acari predatori (Hypoaspis miles)"}]},{"@type":"WebSite","@id":"https:\/\/insektenliebe.com\/it\/#website","url":"https:\/\/insektenliebe.com\/it\/","name":"Insektenliebe","description":"Dein Zuhause f\u00fcr die kleinen Lebewesen","publisher":{"@id":"https:\/\/insektenliebe.com\/it\/#organization"},"potentialAction":[{"@type":"SearchAction","target":{"@type":"EntryPoint","urlTemplate":"https:\/\/insektenliebe.com\/it\/?s={search_term_string}"},"query-input":{"@type":"PropertyValueSpecification","valueRequired":true,"valueName":"search_term_string"}}],"inLanguage":"it-IT"},{"@type":"Organization","@id":"https:\/\/insektenliebe.com\/it\/#organization","name":"Insektenliebe","url":"https:\/\/insektenliebe.com\/it\/","logo":{"@type":"ImageObject","inLanguage":"it-IT","@id":"https:\/\/insektenliebe.com\/it\/#\/schema\/logo\/image\/","url":"https:\/\/insektenliebe.com\/wp-content\/uploads\/2025\/03\/logo-white.png","contentUrl":"https:\/\/insektenliebe.com\/wp-content\/uploads\/2025\/03\/logo-white.png","width":288,"height":188,"caption":"Insektenliebe"},"image":{"@id":"https:\/\/insektenliebe.com\/it\/#\/schema\/logo\/image\/"}}]}},"_links":{"self":[{"href":"https:\/\/insektenliebe.com\/it\/wp-json\/wp\/v2\/product\/187059","targetHints":{"allow":["GET"]}}],"collection":[{"href":"https:\/\/insektenliebe.com\/it\/wp-json\/wp\/v2\/product"}],"about":[{"href":"https:\/\/insektenliebe.com\/it\/wp-json\/wp\/v2\/types\/product"}],"wp:featuredmedia":[{"embeddable":true,"href":"https:\/\/insektenliebe.com\/it\/wp-json\/wp\/v2\/media\/187077"}],"wp:attachment":[{"href":"https:\/\/insektenliebe.com\/it\/wp-json\/wp\/v2\/media?parent=187059"}],"wp:term":[{"taxonomy":"product-supplier","embeddable":true,"href":"https:\/\/insektenliebe.com\/it\/wp-json\/wp\/v2\/product-supplier?post=187059"},{"taxonomy":"product_brand","embeddable":true,"href":"https:\/\/insektenliebe.com\/it\/wp-json\/wp\/v2\/product_brand?post=187059"},{"taxonomy":"product_cat","embeddable":true,"href":"https:\/\/insektenliebe.com\/it\/wp-json\/wp\/v2\/product_cat?post=187059"},{"taxonomy":"product_tag","embeddable":true,"href":"https:\/\/insektenliebe.com\/it\/wp-json\/wp\/v2\/product_tag?post=187059"},{"taxonomy":"lce-checkout-addons","embeddable":true,"href":"https:\/\/insektenliebe.com\/it\/wp-json\/wp\/v2\/lce-checkout-addons?post=187059"}],"curies":[{"name":"wp","href":"https:\/\/api.w.org\/{rel}","templated":true}]}}